{"id":10016,"date":"2023-04-13T16:41:27","date_gmt":"2023-04-13T21:41:27","guid":{"rendered":"https:\/\/www.myphillylawyer.com\/?page_id=10016"},"modified":"2024-04-22T18:15:51","modified_gmt":"2024-04-22T23:15:51","slug":"abogados-penalistas-2","status":"publish","type":"page","link":"https:\/\/www.myphillylawyer.com\/es\/zonas-atendidas\/doylestown\/abogados-penalistas-2\/","title":{"rendered":"Doylestown Abogados Penalistas"},"content":{"rendered":"<h1 class=\"wp-block-heading\">Doylestown Abogados Penalistas<\/h1>\n\n\n\n<p>Cuando se entera de que hay una causa penal contra usted, ya est\u00e1 corriendo para ponerse al d\u00eda. Ya sea que est\u00e9 siendo interrogado, enfrentando un arresto, o escuchando cargos criminales, la polic\u00eda y los fiscales ya lo han se\u00f1alado. Ellos ya han comenzado a construir un caso - un caso que usted no debe correr para entender y defenderse contra.<\/p>\n\n\n\n<h2 class=\"wp-block-heading\">Agresivo Philadelphia abogados de defensa criminal lucha para proteger sus derechos<\/h2>\n\n\n\n<p>No corras esta carrera solo. Un <a href=\"https:\/\/www.myphillylawyer.com\/es\/areas-de-practica\/defensa-penal\/\">abogado penalista con experiencia<\/a> es su mejor aliado contra cargos criminales. Su abogado luchar\u00e1 para proteger sus derechos legales, construir un caso fuerte en su nombre, y trabajar hacia el mejor resultado posible.<\/p>\n\n\n\n<h3 class=\"wp-block-heading\">Delitos comunes en Doylestown<\/h3>\n\n\n\n<p>Como sede del condado de Bucks, <a href=\"https:\/\/www.myphillylawyer.com\/es\/zonas-atendidas\/doylestown\/\">Doylestown<\/a> es tambi\u00e9n la sede del Centro de Justicia del condado de Bucks. Este edificio alberga los tribunales del condado, lo que significa que tambi\u00e9n conoce de muchos casos penales que se plantean en Doylestown y sus alrededores.<\/p>\n\n\n\n<p>Seg\u00fan los datos del Pennsylvania Crime Reporting System, el condado de Bucks tiene una tasa de criminalidad inferior a la de sus condados vecinos. Los datos m\u00e1s recientes muestran una tasa de 3,98 delitos por cada 1.000 residentes en el condado de Bucks, en comparaci\u00f3n con 5,79 en el condado de Montgomery, 11,89 en el condado de Berks y 29,18 en el condado de Philadelphia.<\/p>\n\n\n\n<p>Una baja tasa de criminalidad en Doylestown y los alrededores del Condado de Bucks no significa que nadie enfrente cargos - o experimente arrestos. En 2018, se reportaron 2,100 cargos criminales en el condado de Bucks. Cada uno de estos cargos representa a una persona que se encontr\u00f3 con un riesgo de consecuencias graves que podr\u00edan alterar toda su vida.<\/p>\n\n\n\n<p>Los tipos de delitos a los que se refieren los datos del CRS incluyen:<\/p>\n\n\n\n<ul class=\"wp-block-list\">\n<li><strong>Delitos contra la propiedad. <\/strong><a href=\"https:\/\/www.myphillylawyer.com\/es\/areas-de-practica\/defensa-penal\/robo\/\">Robo<\/a>, <a href=\"https:\/\/www.myphillylawyer.com\/es\/areas-de-practica\/defensa-penal\/robo-y-expoliacion\/\">robo<\/a>El robo, el vandalismo y otros delitos que causan da\u00f1os o la p\u00e9rdida de bienes entran en esta categor\u00eda.<\/li>\n\n\n\n<li><strong>Delitos relacionados con sustancias. <\/strong>Estos delitos est\u00e1n relacionados con sustancias ilegales, como las drogas y el alcohol. Los delitos de esta categor\u00eda van desde la posesi\u00f3n de una sustancia ilegal a <a href=\"https:\/\/www.myphillylawyer.com\/es\/areas-de-practica\/defensa-penal\/defensa-por-conducir-ebrio\/\">conducir ebrio<\/a> o <a href=\"https:\/\/www.myphillylawyer.com\/es\/areas-de-practica\/defensa-penal\/delitos-de-drogas\/\">tr\u00e1fico de drogas<\/a>.<\/li>\n\n\n\n<li><strong>Delitos violentos. <\/strong>Los delitos violentos incluyen incendios provocados, agresiones, <a href=\"https:\/\/www.myphillylawyer.com\/es\/areas-de-practica\/defensa-penal\/violencia-domestica\/\">violencia dom\u00e9stica<\/a>violaci\u00f3n y <a href=\"https:\/\/www.myphillylawyer.com\/es\/areas-de-practica\/defensa-penal\/robo-y-expoliacion\/\">robo<\/a>. Tambi\u00e9n han intentado cometer alguno de estos actos.<\/li>\n<\/ul>\n\n\n\n<p>Los datos del CRS tambi\u00e9n incluyen otros tipos de delitos. <a href=\"https:\/\/www.myphillylawyer.com\/es\/areas-de-practica\/defensa-penal\/delitos-juveniles\/\">Delitos cometidos por menores<\/a>aunque muchos casos de menores se tratan de forma diferente a los delitos cometidos por adultos.<\/p>\n\n\n\n<p>Todo cargo penal conlleva el riesgo de condena y penas. Las penas por un delito las establecen las leyes estatales o federales. Var\u00edan seg\u00fan la gravedad del delito, si tiene antecedentes u otros factores. Combatir cargos penales puede ser extremadamente dif\u00edcil sin la ayuda de un abogado con experiencia.<\/p>\n\n\n\n<h3 class=\"wp-block-heading\">Por qu\u00e9 debe ejercer su derecho a un abogado<\/h3>\n\n\n\n<p>Si se enfrenta a un caso penal, puede que se pregunte si necesita o no un abogado. Contratar a un abogado puede parecer innecesario, sobre todo si est\u00e1 seguro de su inocencia (o culpabilidad).<\/p>\n\n\n\n<p>En casi todos los casos penales, los costes de contratar a un abogado defensor con experiencia son muy inferiores a los de una condena penal. He aqu\u00ed por qu\u00e9 todas las personas acusadas de un delito necesitan y merecen representaci\u00f3n profesional.<\/p>\n\n\n\n<h4 class=\"wp-block-heading\">No puede estar seguro de que un tribunal le declare culpable.<\/h4>\n\n\n\n<p>Puede que sienta que su culpabilidad es un hecho. Puede estar seguro de que la polic\u00eda y los fiscales tienen un caso \"abierto y cerrado\" contra usted. Sin embargo, puede que no tenga todos los hechos o que no est\u00e9 pensando en todos los requisitos legales para demostrar su culpabilidad.<\/p>\n\n\n\n<p>Cada delito se compone de uno o m\u00e1s elementos. Para ganar una condena, un fiscal debe probar cada elemento m\u00e1s all\u00e1 de una duda razonable. La duda razonable sobre cualquier aspecto es suficiente para evitar una condena.<\/p>\n\n\n\n<p>Su abogado conoce los elementos de cada cargo que usted enfrenta. Su abogado tambi\u00e9n sabe c\u00f3mo argumentar la duda razonable en cada parte. Estos argumentos a menudo resultan en cargos reducidos, cargos retirados, o absoluciones en el juicio.<\/p>\n\n\n\n<h4 class=\"wp-block-heading\">S\u00f3lo a veces puedes ver cu\u00e1ndo se han violado tus derechos.<\/h4>\n\n\n\n<p>Las constituciones federal y estatal contienen derechos espec\u00edficos para los acusados de un delito. Para obtener una condena, la polic\u00eda y los fiscales no s\u00f3lo deben establecer cada elemento de cada cargo m\u00e1s all\u00e1 de toda duda razonable. Tambi\u00e9n deben hacerlo sin violar ninguno de sus derechos constitucionales.<\/p>\n\n\n\n<p>La Constituci\u00f3n establece los derechos de los acusados en t\u00e9rminos muy amplios. Lo hace porque necesita aplicarse a cada situaci\u00f3n que implique cargos penales. Sin embargo, aplicar esos derechos a cargos espec\u00edficos como los que usted enfrenta se convierte en un trabajo detallado y complejo.<\/p>\n\n\n\n<p>Su abogado tiene la formaci\u00f3n y la experiencia necesarias para comprender esos detalles. Su abogado puede ayudar a asegurar que sus derechos sean respetados. Si la polic\u00eda o los fiscales violan sus derechos, su abogado puede trabajar para reparar el da\u00f1o, evitar que se utilicen pruebas ilegales en su contra y responsabilizar a la polic\u00eda y a los fiscales.<\/p>\n\n\n\n<h4 class=\"wp-block-heading\">Su abogado conoce el sistema judicial.<\/h4>\n\n\n\n<p>Los acusados de delitos penales tienen derecho legal a representarse a s\u00ed mismos ante el tribunal. Sin embargo, el tribunal espera que usted siga las mismas reglas que cualquier abogado con experiencia, incluido el fiscal, cuyo trabajo es probar los cargos contra usted.<\/p>\n\n\n\n<p>Para muchas personas, una acusaci\u00f3n penal es su primer contacto con el sistema judicial. Aprender a navegar por el sistema mientras se enfrenta al estr\u00e9s de los cargos penales es una carga pesada. Su abogado reduce esta carga al tiempo que maximiza sus posibilidades de un resultado \u00f3ptimo.<\/p>\n\n\n\n<h4 class=\"wp-block-heading\">Su abogado conoce al personal del tribunal.<\/h4>\n\n\n\n<p>El personal de los tribunales y los jueces se esfuerzan por hacer su trabajo con imparcialidad. Pero no es menos cierto: Es m\u00e1s f\u00e1cil mantener conversaciones, concertar citas y hacer las cosas cuando todos los implicados ya se conocen.<\/p>\n\n\n\n<p>Cuando <a href=\"https:\/\/www.myphillylawyer.com\/es\/zonas-atendidas\/doylestown\/\">contratar a un abogado con experiencia en Doylestown<\/a>Con un abogado, usted gana un aliado ya familiarizado con los tribunales del condado de Bucks. Su abogado sabe c\u00f3mo pedir al personal de la corte y los jueces espec\u00edficos para los cambios de horario, papeleo, y otros elementos esenciales.<\/p>\n\n\n\n<h4 class=\"wp-block-heading\">Su abogado puede salvar cosas m\u00e1s valiosas que el dinero.<\/h4>\n\n\n\n<p>Puede parecer retr\u00f3grado decir que gastar m\u00e1s en un abogado le ahorrar\u00e1 dinero. Sin embargo, en muchos casos penales, esto es precisamente lo que ocurre.<\/p>\n\n\n\n<p>Los abogados penalistas con experiencia pueden luchar por el mejor resultado posible en su caso. Van m\u00e1s all\u00e1 de la pregunta de \"\u00bfculpable o inocente?\" para ver todos los posibles resultados en su caso y c\u00f3mo cada uno podr\u00eda afectar su vida.<\/p>\n\n\n\n<p>Su abogado defensor puede ayudarle a proteger partes valiosas de su vida, incluyendo:<\/p>\n\n\n\n<ul class=\"wp-block-list\">\n<li><strong>Tu carrera. <\/strong>Ciertas condenas penales impiden a la persona condenada desempe\u00f1ar algunos tipos de trabajo. Su abogado puede luchar para permitirle seguir en su carrera profesional.<\/li>\n\n\n\n<li><strong>Su licencia profesional. <\/strong>Para muchos profesionales, perder su licencia significa el final de su carrera - y todo el esfuerzo que se invirti\u00f3 en ella. Su abogado puede ayudarle a preservar ese esfuerzo.<\/li>\n\n\n\n<li><strong>Tu familia. <\/strong>Algunos cargos penales van acompa\u00f1ados de \u00f3rdenes de protecci\u00f3n. Algunas condenas pueden impedir que la persona condenada vea a sus hijos o viva en una zona determinada. Su abogado defensor puede trabajar para mantener a su familia intacta.<\/li>\n\n\n\n<li><strong>Tu libertad. <\/strong>El encarcelamiento es un castigo com\u00fan para los delitos porque priva a las personas de muchas cosas que valoran, desde el tiempo que pasan con amigos y familiares hasta la libertad de elegir lo que comen para cenar. La libertad no tiene precio.<\/li>\n<\/ul>\n\n\n\n<p>Su abogado puede trabajar para reducir sus p\u00e9rdidas incluso mientras su caso sigue adelante. Un resultado favorable en una audiencia de fianza, por ejemplo, puede permitirle ir a trabajar y cuidar de su casa en lugar de estar sentado en la c\u00e1rcel mientras espera su cita en la corte.<\/p>\n\n\n\n<h4 class=\"wp-block-heading\">Su abogado puede ayudarle a sentirse menos impotente.<\/h4>\n\n\n\n<p>Los cargos penales son intensamente estresantes. Sin embargo, el mejor resultado en su caso a menudo requiere que evite conversaciones con amigos o familiares - precisamente las personas que se preocupan por usted y le ayudan a manejar el estr\u00e9s en otras \u00e1reas de su vida.<\/p>\n\n\n\n<p>Su abogado sabe a lo que se enfrenta. Abogados con experiencia en defensa criminal han visto casos como el suyo antes. Saben el estr\u00e9s que estos cargos suponen para las personas en su situaci\u00f3n. Al trabajar con su abogado, usted puede tomar medidas constructivas para proteger sus derechos, luchar contra los cargos y asegurar su futuro. Usted puede hablar de su caso y discutir los resultados que le gustar\u00eda ver.<\/p>\n\n\n\n<p>Cuando sabe lo que tiene que hacer y cuenta con el apoyo para hacerlo, puede recuperar el control de su vida. Usted y su abogado forman un equipo. Puedes estar a merced del tribunal.<\/p>\n\n\n\n<h3 class=\"wp-block-heading\">P\u00f3ngase en contacto con MyPhillyLawyer si se enfrenta a un cargo penal<\/h3>\n\n\n\n<p>Tanto si le han interrogado, como si se enfrenta a una detenci\u00f3n o ha sido acusado, no espere: hable con un <a href=\"https:\/\/www.myphillylawyer.com\/es\/areas-de-practica\/defensa-penal\/\">abogado penalista con experiencia<\/a> inmediatamente.<\/p>\n\n\n\n<p>Evite comentar los detalles de su caso con otras personas, incluso con su familia o amigos. Mant\u00e9ngase alejado de las redes sociales: Puede caer en la tentaci\u00f3n de decir algo que luego pueda utilizarse en su contra ante un tribunal.<\/p>\n\n\n\n<p>En <a href=\"https:\/\/www.myphillylawyer.com\/es\/\">MyPhillyLawyer<\/a>Nuestros abogados luchan por los derechos de nuestros clientes. Responderemos a sus preguntas, le proporcionaremos consejos pr\u00e1cticos y no dejaremos de luchar hasta asegurar el mejor resultado posible para usted y su futuro. <a href=\"https:\/\/www.myphillylawyer.com\/es\/pongase-en-contacto-con\/\">P\u00f3ngase en contacto con nosotros hoy mismo para una consulta gratuita y confidencial.<\/a><\/p>","protected":false},"excerpt":{"rendered":"<p>Doylestown Abogados Penalistas En el momento en que usted se entera de un caso penal en su contra, ya est\u00e1 corriendo para ponerse al d\u00eda. Ya sea que est\u00e9 siendo interrogado, enfrentando un arresto, o escuchando cargos criminales, la polic\u00eda y los fiscales ya lo han se\u00f1alado. Ya han comenzado a construir un caso - un caso que no debe correr para entender y...<\/p>","protected":false},"author":9,"featured_media":10993,"parent":9874,"menu_order":0,"comment_status":"closed","ping_status":"closed","template":"","meta":{"_acf_changed":false,"jetpack_post_was_ever_published":false,"footnotes":""},"class_list":["post-10016","page","type-page","status-publish","has-post-thumbnail","hentry"],"acf":[],"jetpack_sharing_enabled":true,"_links":{"self":[{"href":"https:\/\/www.myphillylawyer.com\/es\/wp-json\/wp\/v2\/pages\/10016","targetHints":{"allow":["GET"]}}],"collection":[{"href":"https:\/\/www.myphillylawyer.com\/es\/wp-json\/wp\/v2\/pages"}],"about":[{"href":"https:\/\/www.myphillylawyer.com\/es\/wp-json\/wp\/v2\/types\/page"}],"author":[{"embeddable":true,"href":"https:\/\/www.myphillylawyer.com\/es\/wp-json\/wp\/v2\/users\/9"}],"replies":[{"embeddable":true,"href":"https:\/\/www.myphillylawyer.com\/es\/wp-json\/wp\/v2\/comments?post=10016"}],"version-history":[{"count":3,"href":"https:\/\/www.myphillylawyer.com\/es\/wp-json\/wp\/v2\/pages\/10016\/revisions"}],"predecessor-version":[{"id":10939,"href":"https:\/\/www.myphillylawyer.com\/es\/wp-json\/wp\/v2\/pages\/10016\/revisions\/10939"}],"up":[{"embeddable":true,"href":"https:\/\/www.myphillylawyer.com\/es\/wp-json\/wp\/v2\/pages\/9874"}],"wp:featuredmedia":[{"embeddable":true,"href":"https:\/\/www.myphillylawyer.com\/es\/wp-json\/wp\/v2\/media\/10993"}],"wp:attachment":[{"href":"https:\/\/www.myphillylawyer.com\/es\/wp-json\/wp\/v2\/media?parent=10016"}],"curies":[{"name":"wp","href":"https:\/\/api.w.org\/{rel}","templated":true}]}}