{"id":102,"date":"2016-11-01T16:43:45","date_gmt":"2016-11-01T21:43:45","guid":{"rendered":"http:\/\/myphillylawyer.adviadev.com\/?page_id=102"},"modified":"2024-06-12T09:04:36","modified_gmt":"2024-06-12T14:04:36","slug":"sufrimiento-fetal-monitorizacion-fetal","status":"publish","type":"page","link":"https:\/\/www.myphillylawyer.com\/es\/areas-de-practica\/lesiones-de-nacimiento\/sufrimiento-fetal-monitorizacion-fetal\/","title":{"rendered":"Sufrimiento fetal y monitorizaci\u00f3n fetal"},"content":{"rendered":"<h4 class=\"wp-block-heading\">Cuando los proveedores no realizan una monitorizaci\u00f3n adecuada del sufrimiento fetal durante el parto<\/h4>\n\n\n\n<p>Durante el embarazo y, especialmente, durante el propio proceso del parto, el personal m\u00e9dico es responsable de detectar y responder con prontitud al sufrimiento fetal. Si no se vigila al feto conforme a normas aceptables, el resultado puede ser un ni\u00f1o con discapacidad permanente.<\/p>\n\n\n\n<figure class=\"wp-block-image alignfull size-full\"><img loading=\"lazy\" decoding=\"async\" width=\"725\" height=\"233\" src=\"https:\/\/www.myphillylawyer.com\/wp-content\/uploads\/2016\/12\/random-6.jpg\" alt=\"\" class=\"wp-image-734\" title=\"\" srcset=\"https:\/\/www.myphillylawyer.com\/wp-content\/uploads\/2016\/12\/random-6.jpg 725w, https:\/\/www.myphillylawyer.com\/wp-content\/uploads\/2016\/12\/random-6-300x96.jpg 300w\" sizes=\"auto, (max-width: 725px) 100vw, 725px\" \/><\/figure>\n\n\n\n<p><strong>\u00bfPor qu\u00e9 contratar a nuestros abogados de lesiones infantiles Philadelphia?<\/strong><\/p>\n\n\n\n<p>En el bufete de abogados de negligencia m\u00e9dica de <a href=\"\/es\/acerca-de\/\">MyPhillyLawyer<\/a>, ayudamos a padres y familias a encontrar respuestas en demandas por lesiones en el parto contra profesionales m\u00e9dicos y hospitales negligentes. Con m\u00e1s de 100 a\u00f1os de experiencia combinada, nuestros abogados est\u00e1n altamente capacitados para recuperar una indemnizaci\u00f3n completa y justa en estos casos.<\/p>\n\n\n\n<p><a href=\"\/es\/pongase-en-contacto-con\/\">P\u00f3ngase en contacto con<\/a> nuestra lesi\u00f3n infantil Philadelphia para una consulta gratuita sobre sus opciones legales en un caso de negligencia m\u00e9dica. Llame gratis al (866) 352-4572.<\/p>\n\n\n\n<p><strong>La monitorizaci\u00f3n fetal ha reducido las lesiones infantiles, pero ...<\/strong><\/p>\n\n\n\n<p>La monitorizaci\u00f3n fetal se desarroll\u00f3 en la d\u00e9cada de 1970 con el objetivo de reducir la incidencia de sufrimiento prolongado y <a href=\"\/es\/areas-de-practica\/lesiones-de-nacimiento\/paralisis-cerebral\/\">par\u00e1lisis cerebral<\/a>. Por supuesto, la monitorizaci\u00f3n s\u00f3lo funciona si la unidad de monitorizaci\u00f3n est\u00e1 bien calibrada y el profesional m\u00e9dico interpreta correctamente la informaci\u00f3n facilitada. En la actualidad existen diversos tipos de monitores fetales y protocolos de monitorizaci\u00f3n, cada uno de ellos en funci\u00f3n de las circunstancias. Lo esencial sigue siendo lo mismo: La aplicaci\u00f3n y la interpretaci\u00f3n de la monitorizaci\u00f3n deben hacerse correctamente. De lo contrario, en lugar de reducir las probabilidades de lesiones en el parto, una monitorizaci\u00f3n incorrecta puede aumentarlas.<\/p>\n\n\n\n<p>Cuando un caso de lesi\u00f3n en el parto implica cuestiones de monitorizaci\u00f3n fetal, nuestro equipo examina meticulosamente todos los datos obtenidos durante el trabajo de parto y el parto para determinar si un <a href=\"https:\/\/www.myphillylawyer.com\/es\/Philadelphia-Medical-Malpractice\/Philadelphia-Birth-Injuries\/Emergency-C-Section.shtml\/\">ces\u00e1rea de urgencia<\/a> deber\u00eda haberse realizado. Investigamos todas las dem\u00e1s posibles acciones negligentes por parte del personal m\u00e9dico implicado.<\/p>\n\n\n\n<h2 class=\"wp-block-heading\">P\u00f3ngase en contacto con un bufete de abogados l\u00edder en lesiones de nacimiento Philly. Llame al (866) 352-4572 (llamada gratuita) o al 215-227-2727 (llamada local).<\/h2>\n\n\n\n<p>Nuestros abogados especializados en lesiones en el parto ofrecen una amplia experiencia en la recuperaci\u00f3n de indemnizaciones por lesiones en el parto causadas por negligencia m\u00e9dica durante el trabajo de parto y el parto. Somos bien conocidos en toda Pennsylvania y respetados como una de las principales empresas de lesiones de nacimiento en la zona.<\/p>\n\n\n\n<p>Si su beb\u00e9 sufri\u00f3 lesiones por no haberse realizado correctamente la monitorizaci\u00f3n fetal o no haberse tomado las medidas adecuadas para salvarle la vida cuando se detect\u00f3 sufrimiento fetal, podemos ayudarle. <a href=\"\/es\/pongase-en-contacto-con\/\">P\u00f3ngase en contacto con<\/a> nuestros abogados de negligencia m\u00e9dica para una consulta inicial gratuita.<\/p>\n\n\n\n<p><strong>Sin recuperaci\u00f3n... sin tasas ni costes... garantizado.<\/strong><\/p>","protected":false},"excerpt":{"rendered":"<p>Cuando los proveedores no realizan una monitorizaci\u00f3n adecuada del sufrimiento fetal Durante el embarazo y, especialmente, durante el propio proceso del parto, el personal m\u00e9dico es responsable de detectar y responder con prontitud al sufrimiento fetal. Si no se monitoriza al feto de acuerdo con las normas aceptables, el resultado puede ser un ni\u00f1o con discapacidad permanente. Por qu\u00e9 contratar a nuestro Philadelphia Infant...<\/p>","protected":false},"author":9,"featured_media":0,"parent":27,"menu_order":0,"comment_status":"closed","ping_status":"closed","template":"","meta":{"_acf_changed":false,"footnotes":""},"class_list":["post-102","page","type-page","status-publish","hentry"],"acf":[],"jetpack_sharing_enabled":true,"_links":{"self":[{"href":"https:\/\/www.myphillylawyer.com\/es\/wp-json\/wp\/v2\/pages\/102","targetHints":{"allow":["GET"]}}],"collection":[{"href":"https:\/\/www.myphillylawyer.com\/es\/wp-json\/wp\/v2\/pages"}],"about":[{"href":"https:\/\/www.myphillylawyer.com\/es\/wp-json\/wp\/v2\/types\/page"}],"author":[{"embeddable":true,"href":"https:\/\/www.myphillylawyer.com\/es\/wp-json\/wp\/v2\/users\/9"}],"replies":[{"embeddable":true,"href":"https:\/\/www.myphillylawyer.com\/es\/wp-json\/wp\/v2\/comments?post=102"}],"version-history":[{"count":5,"href":"https:\/\/www.myphillylawyer.com\/es\/wp-json\/wp\/v2\/pages\/102\/revisions"}],"predecessor-version":[{"id":12126,"href":"https:\/\/www.myphillylawyer.com\/es\/wp-json\/wp\/v2\/pages\/102\/revisions\/12126"}],"up":[{"embeddable":true,"href":"https:\/\/www.myphillylawyer.com\/es\/wp-json\/wp\/v2\/pages\/27"}],"wp:attachment":[{"href":"https:\/\/www.myphillylawyer.com\/es\/wp-json\/wp\/v2\/media?parent=102"}],"curies":[{"name":"wp","href":"https:\/\/api.w.org\/{rel}","templated":true}]}}