{"id":112,"date":"2016-11-01T16:46:31","date_gmt":"2016-11-01T21:46:31","guid":{"rendered":"http:\/\/myphillylawyer.adviadev.com\/?page_id=112"},"modified":"2024-04-30T09:39:49","modified_gmt":"2024-04-30T14:39:49","slug":"negligencia-enfermera","status":"publish","type":"page","link":"https:\/\/www.myphillylawyer.com\/es\/areas-de-practica\/negligencia-medica\/negligencia-enfermera\/","title":{"rendered":"Philadelphia Abogado de Negligencia Enfermera"},"content":{"rendered":"<h1 class=\"wp-block-heading\">Philadelphia Abogado de Negligencia Enfermera<\/h1>\n\n\n\n<h4 class=\"wp-block-heading\">\u00bfDa\u00f1os causados por errores de enfermer\u00eda? Podemos ayudarle.<\/h4>\n\n\n\n<p>Aunque los m\u00e9dicos suelen ser el blanco de las demandas por negligencia m\u00e9dica, las enfermeras diplomadas (RN) u otras personas autorizadas para ejercer la enfermer\u00eda tambi\u00e9n pueden cometer errores. La mala praxis enfermera puede abarcar desde errores en la administraci\u00f3n de medicaci\u00f3n y la anotaci\u00f3n de constantes vitales hasta errores en el seguimiento de \u00f3rdenes o la notificaci\u00f3n a un m\u00e9dico en caso de urgencia. La mala praxis enfermera puede causar lesiones graves a un paciente o, lo que es peor, provocar la muerte.<\/p>\n\n\n\n<figure class=\"wp-block-image\"><img loading=\"lazy\" decoding=\"async\" width=\"725\" height=\"233\" src=\"[uoloadurl]\/2016\/12\/random-17.jpg\" alt=\"\" class=\"wp-image-743\" title=\"\" srcset=\"https:\/\/www.myphillylawyer.com\/wp-content\/uploads\/2016\/12\/random-17.jpg 725w, https:\/\/www.myphillylawyer.com\/wp-content\/uploads\/2016\/12\/random-17-300x96.jpg 300w\" sizes=\"auto, (max-width: 725px) 100vw, 725px\" \/><\/figure>\n\n\n\n<p>Si alguien de su familia ha resultado perjudicado por un error de enfermer\u00eda, <a href=\"https:\/\/www.myphillylawyer.com\/es\/\">MyPhillyLawyer<\/a> est\u00e1 totalmente preparado para proteger su derecho a la justicia y a una compensaci\u00f3n justa. Llame al 215-227-2727 para una consulta gratuita.<\/p>\n\n\n\n<h4 class=\"wp-block-heading\">Ejemplos de \u00e1reas de enfermer\u00eda<\/h4>\n\n\n\n<p>Nuestro equipo legal maneja todo tipo de casos relacionados con errores de enfermer\u00eda, incluyendo:<\/p>\n\n\n\n<ul class=\"wp-block-list\">\n<li>Errores de medicaci\u00f3n<\/li>\n\n\n\n<li>No controlar adecuadamente las constantes vitales<\/li>\n\n\n\n<li>Maltrato o abandono de pacientes<\/li>\n\n\n\n<li>Historiales m\u00e9dicos incorrectos<\/li>\n\n\n\n<li>Violaci\u00f3n de las medidas de control de infecciones exigidas<\/li>\n\n\n\n<li>Errores en la monitorizaci\u00f3n fetal<\/li>\n\n\n\n<li>Tratamientos chapuceros ordenados por un m\u00e9dico<\/li>\n\n\n\n<li>Falta de formaci\u00f3n o supervisi\u00f3n adecuadas<\/li>\n\n\n\n<li>Incumplimiento de las \u00f3rdenes m\u00e9dicas<\/li>\n\n\n\n<li>Falta de respuesta a las peticiones de los pacientes<\/li>\n<\/ul>\n\n\n\n<h4 class=\"wp-block-heading\">Lucha por una indemnizaci\u00f3n justa en casos de errores de enfermer\u00eda<\/h4>\n\n\n\n<p>\u00bfHa omitido una enfermera prestar cuidados al paciente, lo cual es una pr\u00e1ctica habitual en su puesto? \u00bfSu enfermera o enfermera pr\u00e1ctica con licencia (LPN) alter\u00f3 intencionalmente los registros para encubrir un error? Un abogado de negligencia RN en nuestra empresa ofrece los recursos para investigar meticulosamente el incidente. Entrevistando a testigos y consultando con expertos en enfermer\u00eda y medicina, determinaremos todas las acciones o inacciones relevantes relacionadas con una demanda por negligencia de enfermer\u00eda.<\/p>\n\n\n\n<p>Las lesiones o la muerte de un paciente a manos de una enfermera, un m\u00e9dico u otro profesional de la medicina pueden dejar a las familias destrozadas durante a\u00f1os. Estamos comprometidos a ayudar a los clientes a encontrar la compensaci\u00f3n justa que merecen en una demanda por negligencia m\u00e9dica.<\/p>\n\n\n\n<h2 class=\"wp-block-heading\">P\u00f3ngase en contacto con nuestros abogados de negligencia RN Philly hoy. Llame al 215-227-2727.<\/h2>\n\n\n\n<p><a href=\"\/es\/pongase-en-contacto-con\/\" target=\"_self\" rel=\"noopener noreferrer\">Contacte con nuestras oficinas en Philadelphia<\/a> para discutir sus opciones legales en una consulta confidencial y sin costo con un abogado experimentado. Tenemos m\u00e1s de 100 a\u00f1os de experiencia combinada que pondremos a trabajar luchando por la justicia que usted merece.<\/p>\n\n\n\n<p><strong>Sin recuperaci\u00f3n... sin tasas ni costes... garantizado.<\/strong><\/p>","protected":false},"excerpt":{"rendered":"<p>Philadelphia Abogado de Negligencia de Enfermera \u00bfLastimado por Errores de Enfermer\u00eda? Podemos ayudarle. Mientras que los m\u00e9dicos son a menudo el blanco de demandas por negligencia m\u00e9dica, enfermeras registradas (RN) u otras personas con licencia para ejercer la enfermer\u00eda tambi\u00e9n pueden cometer errores. La mala praxis de las enfermeras puede abarcar desde errores en la administraci\u00f3n de medicamentos y en el registro de signos vitales hasta errores en el seguimiento de \u00f3rdenes o en la notificaci\u00f3n...<\/p>","protected":false},"author":9,"featured_media":0,"parent":7452,"menu_order":0,"comment_status":"closed","ping_status":"closed","template":"","meta":{"_acf_changed":false,"jetpack_post_was_ever_published":false,"footnotes":""},"class_list":["post-112","page","type-page","status-publish","hentry"],"acf":[],"jetpack_sharing_enabled":true,"_links":{"self":[{"href":"https:\/\/www.myphillylawyer.com\/es\/wp-json\/wp\/v2\/pages\/112","targetHints":{"allow":["GET"]}}],"collection":[{"href":"https:\/\/www.myphillylawyer.com\/es\/wp-json\/wp\/v2\/pages"}],"about":[{"href":"https:\/\/www.myphillylawyer.com\/es\/wp-json\/wp\/v2\/types\/page"}],"author":[{"embeddable":true,"href":"https:\/\/www.myphillylawyer.com\/es\/wp-json\/wp\/v2\/users\/9"}],"replies":[{"embeddable":true,"href":"https:\/\/www.myphillylawyer.com\/es\/wp-json\/wp\/v2\/comments?post=112"}],"version-history":[{"count":6,"href":"https:\/\/www.myphillylawyer.com\/es\/wp-json\/wp\/v2\/pages\/112\/revisions"}],"predecessor-version":[{"id":11582,"href":"https:\/\/www.myphillylawyer.com\/es\/wp-json\/wp\/v2\/pages\/112\/revisions\/11582"}],"up":[{"embeddable":true,"href":"https:\/\/www.myphillylawyer.com\/es\/wp-json\/wp\/v2\/pages\/7452"}],"wp:attachment":[{"href":"https:\/\/www.myphillylawyer.com\/es\/wp-json\/wp\/v2\/media?parent=112"}],"curies":[{"name":"wp","href":"https:\/\/api.w.org\/{rel}","templated":true}]}}