{"id":12253,"date":"2024-07-31T17:41:18","date_gmt":"2024-07-31T22:41:18","guid":{"rendered":"https:\/\/www.myphillylawyer.com\/?page_id=12253"},"modified":"2024-07-31T17:41:20","modified_gmt":"2024-07-31T22:41:20","slug":"abogados-de-accidentes-lyft","status":"publish","type":"page","link":"https:\/\/www.myphillylawyer.com\/es\/areas-de-practica\/accidentes-de-trafico-2\/abogados-de-accidentes-lyft\/","title":{"rendered":"Philadelphia Abogados de accidentes de Lyft"},"content":{"rendered":"<h1 class=\"wp-block-heading\">Philadelphia Abogados de accidentes de Lyft<\/h1>\n\n\n\n<h2 class=\"wp-block-heading\"><em>Abogados expertos en Philadelphia ayudan a los heridos en un accidente relacionado con Lyft<\/em><\/h2>\n\n\n\n<p>Compartir coche es popular en Philadelphia. Incluso cuando Lyft a\u00f1adi\u00f3 recargos a los viajes en la zona Philadelphia, incluidos los trayectos al aeropuerto, la demanda se dispar\u00f3 entre 2021 y la actualidad.<\/p>\n\n\n\n<p>En Philadelphia, el uso de Lyft est\u00e1 muy extendido en zonas de bajos ingresos. Un reciente art\u00edculo en The Philadelphia Inquirer se\u00f1ala que el 60% de los viajes de Lyft en Philly empiezan o terminan en los barrios de bajos ingresos de la ciudad. En la mayor\u00eda de las grandes ciudades, esa cifra se acerca al 40%.&nbsp;<\/p>\n\n\n\n<p>Los intentos de Lyft de conectar la Philadelphia con tiendas de comestibles, centros de trabajo y otros lugares de primera necesidad est\u00e1n disparando el n\u00famero de desplazamientos en la ciudad. Sin embargo, a medida que m\u00e1s veh\u00edculos de Lyft salen a la calle, tambi\u00e9n aumenta el riesgo de accidente.<\/p>\n\n\n\n<p>Si usted ha sido lesionado en un accidente de Lyft, no espere. P\u00f3ngase en contacto con un <a href=\"https:\/\/www.myphillylawyer.com\/es\/areas-de-practica\/accidentes-de-trafico-2\/\">experimentado Philadelphia Lyft accidente abogado<\/a> hoy. En <a href=\"https:\/\/www.myphillylawyer.com\/es\/\">equipo en MyPhillyLawyer<\/a> est\u00e1 aqu\u00ed para <a href=\"https:\/\/www.myphillylawyer.com\/es\/pongase-en-contacto-con\/\">consulta gratuita<\/a>.\u00a0<\/p>\n\n\n\n<h3 class=\"wp-block-heading\">Estad\u00edsticas de accidentes de Lyft<\/h3>\n\n\n\n<p>En la actualidad, Lyft es la segunda aplicaci\u00f3n de viajes compartidos m\u00e1s popular de EE.UU., por detr\u00e1s de <a href=\"https:\/\/www.myphillylawyer.com\/es\/areas-de-practica\/accidentes-de-trafico-2\/accidentes-de-coche-uber\/\">Uber<\/a>. Lyft gestiona aproximadamente un tercio de todos los viajes compartidos en Estados Unidos. Para los pasajeros que quieren una opci\u00f3n que no sea Uber, Lyft es a menudo la siguiente opci\u00f3n. Tambi\u00e9n es popular entre los pasajeros que encuentran en Lyft una forma c\u00f3moda de ir al trabajo y hacer recados en Philadelphia.<\/p>\n\n\n\n<p>Lyft realiz\u00f3 unos 80 millones de viajes en 2022, el \u00faltimo a\u00f1o del que la empresa dispone de estad\u00edsticas completas. Muchos usuarios de Lyft son habituales. Utilizan Lyft al menos una vez al mes.&nbsp;<\/p>\n\n\n\n<p>Cada mes, Lyft lleva a unos 20 millones de personas. La mayor\u00eda de estos usuarios habituales viven en grandes ciudades, entre ellas Philadelphia. Las estad\u00edsticas de Lyft indican que las personas que viven en grandes ciudades tienen m\u00e1s del doble de probabilidades de utilizar los servicios de transporte compartido que los habitantes de zonas rurales.&nbsp;<\/p>\n\n\n\n<p>Juntos, Uber y Lyft proporcionan alrededor de 36 millones de viajes en el \u00e1rea Philadelphia cada a\u00f1o. Cada uno de estos viajes supone un riesgo de colisi\u00f3n u otra lesi\u00f3n grave. Aunque la mayor\u00eda de los conductores y pasajeros viajan con seguridad, algunos sufren lesiones graves en colisiones.&nbsp;<\/p>\n\n\n\n<h3 class=\"wp-block-heading\">\u00bfHace m\u00e1s peligrosas las carreteras el uso compartido de veh\u00edculos?<\/h3>\n\n\n\n<p>Para algunos pasajeros, Lyft es m\u00e1s seguro que conducir. Cuando alguien necesita que le lleven pero no tiene carn\u00e9 de conducir, no dispone de un veh\u00edculo seguro, ha estado bebiendo o consumiendo drogas, o simplemente no se siente seguro conduciendo, confiar en un conductor de Lyft puede parecer una opci\u00f3n inteligente.&nbsp;<\/p>\n\n\n\n<p>A menudo, para estos conductores, Lyft es mejor opci\u00f3n que intentar conducir ellos mismos. Pero esto no significa que compartir coche sea m\u00e1s seguro que conducir.&nbsp;<\/p>\n\n\n\n<p>El n\u00famero de conductores de veh\u00edculos compartidos en las carreteras puede estar aumentando el n\u00famero de accidentes graves cada a\u00f1o. En un estudio, los investigadores relacionaron el aumento del uso de aplicaciones de viajes compartidos con un incremento del 3% en el n\u00famero de accidentes graves. <a href=\"https:\/\/www.myphillylawyer.com\/es\/areas-de-practica\/accidentes-de-trafico-2\/accidente-de-coche-mortal\/\">accidentes mortales de tr\u00e1fico<\/a>.<\/p>\n\n\n\n<p>\u00bfPor qu\u00e9 m\u00e1s veh\u00edculos Lyft en la carretera implican m\u00e1s accidentes? Los investigadores apuntan a varias causas:&nbsp;<\/p>\n\n\n\n<ul class=\"wp-block-list\">\n<li><strong>Los viajes en Lyft a\u00f1aden veh\u00edculos al tr\u00e1fico. <\/strong>La mayor\u00eda de la gente que coge un Lyft no conducir\u00eda. Ir\u00edan andando, en bici o en autob\u00fas. Cuando estos usuarios eligen Lyft en su lugar, un conductor de Lyft sale a la calle, a\u00f1adiendo m\u00e1s tr\u00e1fico donde antes no lo hab\u00eda y aumentando el riesgo de accidente.<\/li>\n\n\n\n<li><strong>Lyft es m\u00e1s popular cuando hace mal tiempo. <\/strong>La demanda de viajes en Lyft aumenta con tiempo lluvioso o nevado, cuando personas que de otro modo ir\u00edan a pie o en bicicleta deciden que prefieren viajar dentro de un veh\u00edculo. El riesgo de accidentes de tr\u00e1fico tambi\u00e9n aumenta con mal tiempo.&nbsp;<\/li>\n\n\n\n<li><strong>Los conductores de Lyft tienden a permanecer en la carretera incluso cuando no tienen pasajero. <\/strong>Para responder r\u00e1pidamente a una solicitud de transporte, los conductores de Lyft tienen que estar en la carretera o cerca, por ejemplo en un aparcamiento de una zona concurrida. Su presencia a\u00f1ade tr\u00e1fico, lo que puede aumentar el riesgo de accidente.&nbsp;<\/li>\n<\/ul>\n\n\n\n<p>Compartir coche puede ser la opci\u00f3n m\u00e1s segura para algunas personas. Sin embargo, a medida que m\u00e1s veh\u00edculos compartidos salen a las calles, tambi\u00e9n pueden hacer que las carreteras sean m\u00e1s peligrosas al aumentar el n\u00famero de lugares en los que puede producirse un accidente.&nbsp;<\/p>\n\n\n\n<h3 class=\"wp-block-heading\">\u00bfQu\u00e9 compensaci\u00f3n puedo obtener despu\u00e9s de un accidente de Lyft en PA?<\/h3>\n\n\n\n<p>Muchos pasajeros de Lyft, peatones y otras personas resultan heridas en accidentes de Lyft por causas ajenas a su voluntad. No hab\u00eda nada que pudieras hacer para predecir, prevenir o evitar el accidente - sin embargo, ahora tienes que lidiar con una lesi\u00f3n grave.&nbsp;<\/p>\n\n\n\n<p>La indemnizaci\u00f3n busca compensarle por las p\u00e9rdidas sufridas a causa de su lesi\u00f3n. Tipos comunes de compensaci\u00f3n en las reclamaciones de accidentes de Lyft incluyen:<\/p>\n\n\n\n<ul class=\"wp-block-list\">\n<li>Cobertura de los gastos m\u00e9dicos, incluidas las facturas de ambulancia, hospital, intervenciones quir\u00fargicas, equipos m\u00e9dicos y medicamentos, y terapia o rehabilitaci\u00f3n.&nbsp;<\/li>\n\n\n\n<li>Salarios perdidos si su lesi\u00f3n le impide trabajar. Si sus lesiones son tan graves que nunca podr\u00e1 volver a trabajar, es posible que tambi\u00e9n pueda recuperar los salarios futuros perdidos.<\/li>\n\n\n\n<li>Costes de propiedad perdida o da\u00f1ada por el accidente. Por ejemplo, si un conductor de Lyft choca con tu veh\u00edculo, es posible que puedas recuperar los costes de reparaci\u00f3n o sustituci\u00f3n.&nbsp;<\/li>\n\n\n\n<li>Indemnizaci\u00f3n por el dolor y el sufrimiento sufridos durante y despu\u00e9s del accidente.&nbsp;<\/li>\n<\/ul>\n\n\n\n<p>Pensilvania limita el tiempo de que dispone para presentar una reclamaci\u00f3n de indemnizaci\u00f3n. En Pensilvania, usted tiene <strong>dos a\u00f1os <\/strong>desde la fecha del accidente o lesi\u00f3n para presentar su reclamaci\u00f3n. Si no la presentas en el plazo de dos a\u00f1os, no podr\u00e1s llevar tu reclamaci\u00f3n a los tribunales.&nbsp;<\/p>\n\n\n\n<p><a href=\"https:\/\/www.myphillylawyer.com\/es\/pongase-en-contacto-con\/\">Hable con un abogado especializado en accidentes de transporte compartido Philadelphia<\/a> lo antes posible despu\u00e9s de un accidente. Incluso si cree que ya se le ha pasado el plazo de dos a\u00f1os, inf\u00f3rmese hoy mismo. Un abogado puede decirle exactamente c\u00f3mo deben calcularse los dos a\u00f1os y qu\u00e9 puede hacer si se le ha acabado el plazo.\u00a0<\/p>\n\n\n\n<h3 class=\"wp-block-heading\">Gestionar una reclamaci\u00f3n por colisi\u00f3n con Lyft puede ser duro<\/h3>\n\n\n\n<p>Las reclamaciones de Lyft son a menudo m\u00e1s complicadas que los accidentes de coche ordinarios. En un <a href=\"https:\/\/www.myphillylawyer.com\/es\/areas-de-practica\/accidentes-de-trafico-2\/\">accidente de coche ordinario<\/a>Las partes pueden limitarse a los respectivos conductores y sus compa\u00f1\u00edas de seguros. Si un <a href=\"https:\/\/www.myphillylawyer.com\/es\/areas-de-practica\/accidentes-de-trafico-2\/accidentes-de-bicicleta\/\">un coche atropella a un ciclista<\/a> o <a href=\"https:\/\/www.myphillylawyer.com\/es\/areas-de-practica\/accidentes-de-trafico-2\/accidentes-de-peatones\/\">peat\u00f3n<\/a>S\u00f3lo pueden intervenir el conductor, el perjudicado y una compa\u00f1\u00eda de seguros.<\/p>\n\n\n\n<p>Cuando se produce un accidente Lyft, sin embargo, las personas involucradas se suman r\u00e1pidamente:<\/p>\n\n\n\n<ul class=\"wp-block-list\">\n<li>El conductor de Lyft,<\/li>\n\n\n\n<li>Cualquier pasajero en el veh\u00edculo Lyft,<\/li>\n\n\n\n<li>Conductor y pasajeros si el Lyft colisiona con otro veh\u00edculo,<\/li>\n\n\n\n<li>Compa\u00f1\u00edas de seguros para el conductor de Lyft y su pasajero,<\/li>\n\n\n\n<li>las compa\u00f1\u00edas de seguros de cualquier otra persona implicada en el accidente y<\/li>\n\n\n\n<li>La propia Lyft.<\/li>\n<\/ul>\n\n\n\n<p>En un accidente de coche normal, el seguro de autom\u00f3vil cubre muchos tipos de gastos asociados al accidente, como las facturas m\u00e9dicas y las reparaciones del coche.&nbsp;<\/p>\n\n\n\n<p>Lyft requiere que sus conductores tengan p\u00f3lizas de seguro de auto para conducir para Lyft. Sin embargo, el seguro del conductor de Lyft puede no ser la primera l\u00ednea de cobertura en un accidente de Lyft. Lyft tambi\u00e9n ofrece cobertura de seguro para los viajes en Lyft.&nbsp;<\/p>\n\n\n\n<p>Cuando la cobertura de Lyft se aplica, sin embargo, depende de los hechos del accidente. Por ejemplo, la cobertura limitada se aplica a trav\u00e9s de Lyft cuando un conductor est\u00e1 buscando activamente un viaje, pero no ha aceptado uno todav\u00eda. M\u00e1s cobertura se aplica cuando un conductor Lyft tiene un pasajero en el veh\u00edculo.&nbsp;<\/p>\n\n\n\n<p>Tener m\u00e1s opciones de seguro puede parecer una mejor protecci\u00f3n en caso de accidente. En realidad, m\u00e1s p\u00f3lizas de seguro suelen significar m\u00e1s papeleo, retrasos y quebraderos de cabeza a la hora de obtener una indemnizaci\u00f3n. A menudo, las compa\u00f1\u00edas de seguros se pelean por pasarse los costes unas a otras, dej\u00e1ndote con un mont\u00f3n de facturas y sin nadie que las pague. Cuando esto ocurre, un <a href=\"https:\/\/www.myphillylawyer.com\/es\/areas-de-practica\/accidentes-de-trafico-2\/seguro\/\">un abogado con experiencia puede ser su mejor aliado<\/a> para obtener la indemnizaci\u00f3n que necesita.<\/p>\n\n\n\n<h3 class=\"wp-block-heading\">Qu\u00e9 hacer despu\u00e9s de un accidente de Lyft en Philly<\/h3>\n\n\n\n<p>Si usted est\u00e1 involucrado en un accidente con un Lyft:<\/p>\n\n\n\n<ul class=\"wp-block-list\">\n<li><strong>Piensa primero en la seguridad. <\/strong>Si es posible, ap\u00e1rtese usted y a los dem\u00e1s del tr\u00e1fico. Las luces del veh\u00edculo, las linternas y los objetos de colores brillantes o reflectantes pueden servir para alertar al tr\u00e1fico que se aproxima a la zona del accidente.<\/li>\n\n\n\n<li><strong>Llama al 911. <\/strong>Llama al 911 para pedir ayuda en el lugar del accidente. La llamada al 911 es especialmente importante si hay heridos.&nbsp;<\/li>\n\n\n\n<li><strong>Re\u00fane informaci\u00f3n. <\/strong>Si puedes, haz fotos y habla con los testigos en el lugar del accidente. Dibujar un diagrama o simplemente anotar lo que recuerdas de inmediato tambi\u00e9n puede ayudarte m\u00e1s adelante.&nbsp;<\/li>\n\n\n\n<li><strong>Busca atenci\u00f3n m\u00e9dica. <\/strong>Si te lesionas, busca atenci\u00f3n m\u00e9dica inmediatamente. Consulta a un m\u00e9dico lo antes posible, aunque creas que no est\u00e1s lesionado. Algunas lesiones por accidente de tr\u00e1fico no son evidentes hasta que pasa el efecto del choque, lo que puede tardar horas o incluso d\u00edas.<\/li>\n\n\n\n<li><strong>C\u00ed\u00f1ase a los hechos. <\/strong>Cuando hable con la polic\u00eda, los m\u00e9dicos y las compa\u00f1\u00edas de seguros, c\u00e9ntrese en lo que recuerda: lo que vio, oy\u00f3 y sinti\u00f3 justo antes, durante y despu\u00e9s del accidente. Facilite tambi\u00e9n datos como su nombre y direcci\u00f3n. Evite hacer juicios, como \"Yo tuve la culpa\" o \"Mi conductor de Lyft meti\u00f3 la pata\". Espere a que todos los hechos salgan a la luz primero.&nbsp;<\/li>\n<\/ul>\n\n\n\n<p>Por fin, <strong>hablar con un abogado con experiencia Lyft accidente tan pronto como sea posible. <\/strong>Muchos Philadelphia-\u00e1rea Lyft accidente abogados, incluyendo el equipo de MyPhillyLaw, ofrecen consultas gratuitas.&nbsp;<\/p>\n\n\n\n<p>\u00bfPor qu\u00e9 debe hablar inmediatamente con un abogado?<\/p>\n\n\n\n<ul class=\"wp-block-list\">\n<li><strong>Un abogado puede ayudarle a comprender lo ocurrido. <\/strong>Es dif\u00edcil ver el cuadro completo mientras usted est\u00e1 tratando de recuperarse de la conmoci\u00f3n y las lesiones de un accidente. Su abogado puede hacer el trabajo para obtener todos los hechos.&nbsp;<\/li>\n\n\n\n<li><strong>Un abogado puede proteger sus derechos. <\/strong>Muchas compa\u00f1\u00edas de seguros env\u00edan a sus abogados al lugar del accidente inmediatamente. Estos abogados buscan hechos y pruebas que demuestren que la compa\u00f1\u00eda de seguros no deber\u00eda tener que pagar por sus p\u00e9rdidas. Un abogado de tu lado puede ayudarte a reunir las pruebas que demuestren que deber\u00edas recibir esa indemnizaci\u00f3n.&nbsp;<\/li>\n\n\n\n<li><strong>Un abogado puede responder a sus preguntas. <\/strong>Muchas personas nunca han estado ante un tribunal ni han tramitado una demanda por lesiones antes de sufrir un accidente. Un abogado puede responder a sus preguntas. Incluso si usted ha estado en la corte antes, este caso es diferente a cualquier otro caso. Un abogado puede ayudarle a gestionar lo que tiene delante.&nbsp;<\/li>\n<\/ul>\n\n\n\n<p>Si has sufrido lesiones en un accidente de Lyft en Philadelphia, no esperes. Habla con el <a href=\"https:\/\/www.myphillylawyer.com\/es\/abogados\/\">equipo en MyPhillyLawyer<\/a> hoy. <a href=\"https:\/\/www.myphillylawyer.com\/es\/pongase-en-contacto-con\/\">P\u00f3ngase en contacto con nosotros<\/a> para programar una consulta gratuita y confidencial con un abogado con experiencia en accidentes de Lyft Philadelphia.<\/p>","protected":false},"excerpt":{"rendered":"<p>Philadelphia Abogados de accidentes de Lyft Abogados experimentados de Philadelphia ayudan a los lesionados en un accidente relacionado con Lyft Compartir viajes es popular en Philadelphia. Incluso cuando Lyft agreg\u00f3 recargos por viajes en el \u00e1rea de Philadelphia, incluidos los viajes al aeropuerto, la demanda se dispar\u00f3 entre 2021 y hoy. En Philadelphia, el uso de Lyft est\u00e1 muy extendido en las zonas de bajos ingresos. Un art\u00edculo reciente en The Philadelphia Inquirer se\u00f1ala...<\/p>","protected":false},"author":9,"featured_media":0,"parent":23,"menu_order":0,"comment_status":"closed","ping_status":"closed","template":"","meta":{"_acf_changed":false,"jetpack_post_was_ever_published":false,"footnotes":""},"class_list":["post-12253","page","type-page","status-publish","hentry"],"acf":[],"jetpack_sharing_enabled":true,"_links":{"self":[{"href":"https:\/\/www.myphillylawyer.com\/es\/wp-json\/wp\/v2\/pages\/12253","targetHints":{"allow":["GET"]}}],"collection":[{"href":"https:\/\/www.myphillylawyer.com\/es\/wp-json\/wp\/v2\/pages"}],"about":[{"href":"https:\/\/www.myphillylawyer.com\/es\/wp-json\/wp\/v2\/types\/page"}],"author":[{"embeddable":true,"href":"https:\/\/www.myphillylawyer.com\/es\/wp-json\/wp\/v2\/users\/9"}],"replies":[{"embeddable":true,"href":"https:\/\/www.myphillylawyer.com\/es\/wp-json\/wp\/v2\/comments?post=12253"}],"version-history":[{"count":3,"href":"https:\/\/www.myphillylawyer.com\/es\/wp-json\/wp\/v2\/pages\/12253\/revisions"}],"predecessor-version":[{"id":12256,"href":"https:\/\/www.myphillylawyer.com\/es\/wp-json\/wp\/v2\/pages\/12253\/revisions\/12256"}],"up":[{"embeddable":true,"href":"https:\/\/www.myphillylawyer.com\/es\/wp-json\/wp\/v2\/pages\/23"}],"wp:attachment":[{"href":"https:\/\/www.myphillylawyer.com\/es\/wp-json\/wp\/v2\/media?parent=12253"}],"curies":[{"name":"wp","href":"https:\/\/api.w.org\/{rel}","templated":true}]}}