{"id":12295,"date":"2024-08-28T17:23:17","date_gmt":"2024-08-28T22:23:17","guid":{"rendered":"https:\/\/www.myphillylawyer.com\/?page_id=12295"},"modified":"2024-08-28T17:23:23","modified_gmt":"2024-08-28T22:23:23","slug":"que-debo-hacer-inmediatamente-despues-de-un-accidente-de-uber-en-filadelfia-2","status":"publish","type":"page","link":"https:\/\/www.myphillylawyer.com\/es\/areas-de-practica\/accidentes-de-trafico-2\/accidentes-de-coche-uber\/preguntas-frecuentes-2\/que-debo-hacer-inmediatamente-despues-de-un-accidente-de-uber-en-filadelfia-2\/","title":{"rendered":"\u00bfQu\u00e9 debo hacer inmediatamente despu\u00e9s de un accidente de Uber en Philadelphia?"},"content":{"rendered":"<h1 class=\"wp-block-heading\">\u00bfQu\u00e9 debo hacer inmediatamente despu\u00e9s de un accidente de Uber en Philadelphia?<\/h1>\n\n\n\n<p>Despu\u00e9s de un <a href=\"https:\/\/www.myphillylawyer.com\/es\/areas-de-practica\/accidentes-de-trafico-2\/accidentes-de-coche-uber\/\">accidente de coche con un Uber en Philadelphia<\/a>En primer lugar, es esencial que garantices tu seguridad y la de los dem\u00e1s. A continuaci\u00f3n, debes llamar al 911 para informar del accidente. Tambi\u00e9n debes intercambiar informaci\u00f3n sobre seguros y contactos con el conductor de Uber y las dem\u00e1s partes implicadas. Adem\u00e1s, considera la posibilidad de tomar fotos de la escena del accidente y recopilar informaci\u00f3n de los testigos.<\/p>\n\n\n\n<p>Si ha sufrido lesiones en un accidente de Uber Philly, el <a href=\"https:\/\/www.myphillylawyer.com\/es\/\">abogados de lesiones en MyPhillyLawyer<\/a> est\u00e1n aqu\u00ed para ayudar. En <a href=\"https:\/\/www.myphillylawyer.com\/es\/abogados\/\">abogados en MyPhillyLawyer<\/a> tienen d\u00e9cadas de experiencia ayudando a las v\u00edctimas de accidentes y sus seres queridos a recuperar la compensaci\u00f3n por sus gastos relacionados con accidentes, incluyendo gastos m\u00e9dicos, salarios perdidos, y el dolor y el sufrimiento. Nos enorgullecemos de hacer que el proceso de recuperaci\u00f3n sea lo m\u00e1s sencillo posible, reduciendo el estr\u00e9s que sufren usted y su familia. Al mismo tiempo, nuestro enfoque agresivo nos ha permitido <a href=\"https:\/\/www.myphillylawyer.com\/es\/resultados\/\">recuperar m\u00e1s de $500 millones<\/a> en nombre de nuestros clientes. Ofrecemos consultas gratuitas a todas las v\u00edctimas de accidentes, durante el cual vamos a responder a sus preguntas, explicar el proceso de recuperaci\u00f3n, y le proporcionar\u00e1 una evaluaci\u00f3n honesta de su caso. Si decide contratarnos para su caso, no le facturaremos por ninguno de nuestros servicios a menos y hasta que podamos recuperar una indemnizaci\u00f3n en su nombre. Para obtener m\u00e1s informaci\u00f3n, y para programar una consulta gratuita hoy, llame MyPhillyLawyer en <a href=\"tel:1-215-227-2727\">215-227-2727<\/a>. Tambi\u00e9n puede ponerse en contacto con nosotros a trav\u00e9s de <a href=\"https:\/\/www.myphillylawyer.com\/es\/pongase-en-contacto-con\/\">formulario de contacto seguro en l\u00ednea<\/a>.<\/p>\n\n\n\n<h3>Otras preguntas frecuentes sobre accidentes con Uber:<\/h3>\n<ul class=\"list-pages-shortcode sibling-pages\"><li class=\"page_item page-item-12312\"><a href=\"https:\/\/www.myphillylawyer.com\/es\/areas-de-practica\/accidentes-de-trafico-2\/accidentes-de-coche-uber\/preguntas-frecuentes-2\/existen-normas-especificas-para-los-conductores-de-uber-en-filadelfia\/\">\u00bfExisten normas espec\u00edficas para los conductores de Uber en Philadelphia?<\/a><\/li>\n<li class=\"page_item page-item-12314\"><a href=\"https:\/\/www.myphillylawyer.com\/es\/areas-de-practica\/accidentes-de-trafico-2\/accidentes-de-coche-uber\/preguntas-frecuentes-2\/puede-un-pasajero-de-otro-estado-demandar-a-un-conductor-de-uber-de-filadelfia-por-un-accidente-ocurrido-en-pennsylvania\/\">\u00bfPuede un pasajero de otro estado demandar a un conductor de Uber Philadelphia por un accidente ocurrido en Pensilvania?<\/a><\/li>\n<li class=\"page_item page-item-12301\"><a href=\"https:\/\/www.myphillylawyer.com\/es\/areas-de-practica\/accidentes-de-trafico-2\/accidentes-de-coche-uber\/preguntas-frecuentes-2\/puedo-demandar-a-uber-como-empresa-por-un-accidente-en-filadelfia\/\">\u00bfPuedo demandar a Uber como empresa por un accidente en Philadelphia?<\/a><\/li>\n<li class=\"page_item page-item-8182\"><a href=\"https:\/\/www.myphillylawyer.com\/es\/areas-de-practica\/accidentes-de-trafico-2\/accidentes-de-coche-uber\/preguntas-frecuentes-2\/pueden-los-peatones-u-otros-conductores-demandar-a-uber-si-han-sido-atropellados-por-un-conductor-de-uber\/\">\u00bfPueden los peatones u otros conductores demandar a Uber si han sido atropellados por un conductor de Uber?<\/a><\/li>\n<li class=\"page_item page-item-12316\"><a href=\"https:\/\/www.myphillylawyer.com\/es\/areas-de-practica\/accidentes-de-trafico-2\/accidentes-de-coche-uber\/preguntas-frecuentes-2\/los-pasajeros-de-fuera-del-estado-se-enfrentan-a-algun-problema-especial-al-demandar-a-un-conductor-de-uber-de-filadelfia\/\">\u00bfLos pasajeros de fuera del estado se enfrentan a desaf\u00edos \u00fanicos cuando demandan a un conductor de Uber Philadelphia?<\/a><\/li>\n<li class=\"page_item page-item-12305\"><a href=\"https:\/\/www.myphillylawyer.com\/es\/areas-de-practica\/accidentes-de-trafico-2\/accidentes-de-coche-uber\/preguntas-frecuentes-2\/como-puedo-reclamar-una-indemnizacion-por-lesiones-en-un-accidente-de-uber-en-filadelfia\/\">\u00bfC\u00f3mo puedo reclamar una indemnizaci\u00f3n por lesiones en un accidente de Uber Philadelphia?<\/a><\/li>\n<li class=\"page_item page-item-8205\"><a href=\"https:\/\/www.myphillylawyer.com\/es\/areas-de-practica\/accidentes-de-trafico-2\/accidentes-de-coche-uber\/preguntas-frecuentes-2\/como-funciona-el-seguro-ubers-1-millon\/\">\u00bfC\u00f3mo funciona el seguro de $1 millones de Uber?<\/a><\/li>\n<li class=\"page_item page-item-12298\"><a href=\"https:\/\/www.myphillylawyer.com\/es\/areas-de-practica\/accidentes-de-trafico-2\/accidentes-de-coche-uber\/preguntas-frecuentes-2\/es-uber-responsable-de-los-accidentes-de-sus-conductores-en-filadelfia\/\">\u00bfEs Uber responsable de los accidentes de sus conductores en Philadelphia?<\/a><\/li>\n<li class=\"page_item page-item-12310\"><a href=\"https:\/\/www.myphillylawyer.com\/es\/areas-de-practica\/accidentes-de-trafico-2\/accidentes-de-coche-uber\/preguntas-frecuentes-2\/que-pasa-si-estaba-usando-la-aplicacion-uber-de-mis-amigos-en-el-momento-del-accidente\/\">\u00bfQu\u00e9 pasa si estaba usando la aplicaci\u00f3n Uber de mi amigo en el momento del accidente?\u00a0<\/a><\/li>\n<li class=\"page_item page-item-12307\"><a href=\"https:\/\/www.myphillylawyer.com\/es\/areas-de-practica\/accidentes-de-trafico-2\/accidentes-de-coche-uber\/preguntas-frecuentes-2\/y-si-el-conductor-de-uber-en-filadelfia-no-tenia-seguro-o-tenia-un-seguro-insuficiente\/\">\u00bfY si el conductor de Uber en Philadelphia no ten\u00eda seguro o ten\u00eda un seguro insuficiente?<\/a><\/li>\n<li class=\"page_item page-item-12295\"><a href=\"https:\/\/www.myphillylawyer.com\/es\/areas-de-practica\/accidentes-de-trafico-2\/accidentes-de-coche-uber\/preguntas-frecuentes-2\/que-debo-hacer-inmediatamente-despues-de-un-accidente-de-uber-en-filadelfia-2\/\">\u00bfQu\u00e9 debo hacer inmediatamente despu\u00e9s de un accidente de Uber en Philadelphia?<\/a><\/li>\n<li class=\"page_item page-item-7963\"><a href=\"https:\/\/www.myphillylawyer.com\/es\/areas-de-practica\/accidentes-de-trafico-2\/accidentes-de-coche-uber\/preguntas-frecuentes-2\/quien-es-responsable-en-un-accidente-de-uber-en-filadelfia\/\">\u00bfQui\u00e9n es responsable en un accidente de Uber Philadelphia?<\/a><\/li>\n<\/ul>","protected":false},"excerpt":{"rendered":"<p>\u00bfQu\u00e9 debo hacer inmediatamente despu\u00e9s de un accidente de Uber en Philadelphia? Despu\u00e9s de un accidente automovil\u00edstico que involucra a un Uber en Philadelphia, es esencial garantizar primero su seguridad y la seguridad de los dem\u00e1s. A continuaci\u00f3n, debe llamar al 911 para informar del accidente. Tambi\u00e9n debe intercambiar informaci\u00f3n de seguro y contacto con el conductor de Uber y otros...<\/p>","protected":false},"author":9,"featured_media":0,"parent":7960,"menu_order":0,"comment_status":"closed","ping_status":"closed","template":"","meta":{"_acf_changed":false,"jetpack_post_was_ever_published":false,"footnotes":""},"class_list":["post-12295","page","type-page","status-publish","hentry"],"acf":[],"jetpack_sharing_enabled":true,"_links":{"self":[{"href":"https:\/\/www.myphillylawyer.com\/es\/wp-json\/wp\/v2\/pages\/12295","targetHints":{"allow":["GET"]}}],"collection":[{"href":"https:\/\/www.myphillylawyer.com\/es\/wp-json\/wp\/v2\/pages"}],"about":[{"href":"https:\/\/www.myphillylawyer.com\/es\/wp-json\/wp\/v2\/types\/page"}],"author":[{"embeddable":true,"href":"https:\/\/www.myphillylawyer.com\/es\/wp-json\/wp\/v2\/users\/9"}],"replies":[{"embeddable":true,"href":"https:\/\/www.myphillylawyer.com\/es\/wp-json\/wp\/v2\/comments?post=12295"}],"version-history":[{"count":2,"href":"https:\/\/www.myphillylawyer.com\/es\/wp-json\/wp\/v2\/pages\/12295\/revisions"}],"predecessor-version":[{"id":12297,"href":"https:\/\/www.myphillylawyer.com\/es\/wp-json\/wp\/v2\/pages\/12295\/revisions\/12297"}],"up":[{"embeddable":true,"href":"https:\/\/www.myphillylawyer.com\/es\/wp-json\/wp\/v2\/pages\/7960"}],"wp:attachment":[{"href":"https:\/\/www.myphillylawyer.com\/es\/wp-json\/wp\/v2\/media?parent=12295"}],"curies":[{"name":"wp","href":"https:\/\/api.w.org\/{rel}","templated":true}]}}