{"id":12316,"date":"2024-08-28T18:10:56","date_gmt":"2024-08-28T23:10:56","guid":{"rendered":"https:\/\/www.myphillylawyer.com\/?page_id=12316"},"modified":"2024-08-28T18:10:59","modified_gmt":"2024-08-28T23:10:59","slug":"los-pasajeros-de-fuera-del-estado-se-enfrentan-a-algun-problema-especial-al-demandar-a-un-conductor-de-uber-de-filadelfia","status":"publish","type":"page","link":"https:\/\/www.myphillylawyer.com\/es\/areas-de-practica\/accidentes-de-trafico-2\/accidentes-de-coche-uber\/preguntas-frecuentes-2\/los-pasajeros-de-fuera-del-estado-se-enfrentan-a-algun-problema-especial-al-demandar-a-un-conductor-de-uber-de-filadelfia\/","title":{"rendered":"\u00bfLos pasajeros de fuera del estado se enfrentan a desaf\u00edos \u00fanicos cuando demandan a un conductor de Uber Philadelphia?"},"content":{"rendered":"<h1 class=\"wp-block-heading\">\u00bfLos pasajeros de fuera del estado se enfrentan a desaf\u00edos \u00fanicos cuando demandan a un conductor de Uber Philadelphia?<\/h1>\n\n\n\n<p>Los pasajeros de fuera del estado pueden enfrentarse a retos a la hora de demandar a un conductor de Uber Philadelphia, como coordinar los procedimientos legales desde un estado diferente. Es crucial <a href=\"https:\/\/www.myphillylawyer.com\/es\/pongase-en-contacto-con\/\">trabajar con un abogado local<\/a> que conozca las leyes de Pensilvania y pueda ayudarle con el proceso legal.<\/p>\n\n\n\n<p>Si fueras <a href=\"https:\/\/www.myphillylawyer.com\/es\/areas-de-practica\/accidentes-de-trafico-2\/accidentes-de-coche-uber\/\">herido en un accidente de Uber Philadelphia<\/a>El <a href=\"https:\/\/www.myphillylawyer.com\/es\/\">abogados de lesiones en MyPhillyLawyer<\/a> est\u00e1n aqu\u00ed para ayudar. <a href=\"https:\/\/www.myphillylawyer.com\/es\/abogados\/\">Nuestros abogados<\/a>Con d\u00e9cadas de experiencia, hemos ayudado a innumerables v\u00edctimas de accidentes y sus familias a obtener una indemnizaci\u00f3n por gastos m\u00e9dicos, salarios perdidos, dolor y sufrimiento. Hacemos que el proceso de recuperaci\u00f3n sea lo m\u00e1s sencillo posible, reduciendo el estr\u00e9s para usted y sus seres queridos. Nuestro decidido enfoque ha dado lugar a <a href=\"https:\/\/www.myphillylawyer.com\/es\/resultados\/\">m\u00e1s de $500 millones recuperados<\/a> para nuestros clientes. Ofrecemos consultas gratuitas a todas las v\u00edctimas de accidentes, donde vamos a responder a sus preguntas, explicar el proceso de recuperaci\u00f3n, y proporcionar una evaluaci\u00f3n honesta de su caso. Si usted decide trabajar con nosotros, usted no pagar\u00e1 ning\u00fan honorario a menos que recuperemos con \u00e9xito la compensaci\u00f3n en su nombre. Para obtener m\u00e1s informaci\u00f3n y para programar una consulta gratuita hoy, llame al MyPhillyLawyer en <a href=\"tel:1-215-227-2727\">215-227-2727<\/a> o p\u00f3ngase en contacto con nosotros a trav\u00e9s de <a href=\"https:\/\/www.myphillylawyer.com\/es\/pongase-en-contacto-con\/\">formulario de contacto seguro en l\u00ednea<\/a>.<\/p>","protected":false},"excerpt":{"rendered":"<p>\u00bfLos pasajeros de fuera del estado se enfrentan a desaf\u00edos \u00fanicos cuando demandan a un conductor de Uber Philadelphia? Los pasajeros de fuera del estado pueden enfrentar desaf\u00edos al demandar a un conductor de Uber Philadelphia, como coordinar los procedimientos legales desde un estado diferente. Es crucial trabajar con un abogado local que conozca las leyes de Pensilvania y pueda ayudar con el proceso legal. Si...<\/p>","protected":false},"author":9,"featured_media":0,"parent":7960,"menu_order":0,"comment_status":"closed","ping_status":"closed","template":"","meta":{"_acf_changed":false,"jetpack_post_was_ever_published":false,"footnotes":""},"class_list":["post-12316","page","type-page","status-publish","hentry"],"acf":[],"jetpack_sharing_enabled":true,"_links":{"self":[{"href":"https:\/\/www.myphillylawyer.com\/es\/wp-json\/wp\/v2\/pages\/12316","targetHints":{"allow":["GET"]}}],"collection":[{"href":"https:\/\/www.myphillylawyer.com\/es\/wp-json\/wp\/v2\/pages"}],"about":[{"href":"https:\/\/www.myphillylawyer.com\/es\/wp-json\/wp\/v2\/types\/page"}],"author":[{"embeddable":true,"href":"https:\/\/www.myphillylawyer.com\/es\/wp-json\/wp\/v2\/users\/9"}],"replies":[{"embeddable":true,"href":"https:\/\/www.myphillylawyer.com\/es\/wp-json\/wp\/v2\/comments?post=12316"}],"version-history":[{"count":1,"href":"https:\/\/www.myphillylawyer.com\/es\/wp-json\/wp\/v2\/pages\/12316\/revisions"}],"predecessor-version":[{"id":12317,"href":"https:\/\/www.myphillylawyer.com\/es\/wp-json\/wp\/v2\/pages\/12316\/revisions\/12317"}],"up":[{"embeddable":true,"href":"https:\/\/www.myphillylawyer.com\/es\/wp-json\/wp\/v2\/pages\/7960"}],"wp:attachment":[{"href":"https:\/\/www.myphillylawyer.com\/es\/wp-json\/wp\/v2\/media?parent=12316"}],"curies":[{"name":"wp","href":"https:\/\/api.w.org\/{rel}","templated":true}]}}