{"id":12341,"date":"2024-08-30T16:16:49","date_gmt":"2024-08-30T21:16:49","guid":{"rendered":"https:\/\/www.myphillylawyer.com\/?page_id=12341"},"modified":"2024-10-22T16:58:51","modified_gmt":"2024-10-22T21:58:51","slug":"abogados-de-negligencia-medica-2","status":"publish","type":"page","link":"https:\/\/www.myphillylawyer.com\/es\/zonas-atendidas\/wayne\/abogados-de-negligencia-medica-2\/","title":{"rendered":"Wayne Abogados de negligencia m\u00e9dica"},"content":{"rendered":"<h1 class=\"wp-block-heading\">Wayne Abogados de negligencia m\u00e9dica<\/h1>\n\n\n\n<h2 class=\"wp-block-heading\"><em>Abogados especializados en negligencia m\u00e9dica de Pensilvania luchan por proteger los derechos de sus clientes<\/em><\/h2>\n\n\n\n<p>Wayne, Pensilvania es el hogar de casi 35.000 personas. Varios hospitales y centros m\u00e9dicos atienden la zona, ofreciendo asistencia a las personas enfermas o lesionadas.<\/p>\n\n\n\n<p>Cuando alguien en Wayne busca tratamiento m\u00e9dico, lo hace porque est\u00e1 preocupado. Se sienten mal o est\u00e1n heridos. Saben que algo no va bien y conf\u00edan en que un m\u00e9dico o un hospital descubran qu\u00e9 es lo que va mal y lo solucionen.&nbsp;<\/p>\n\n\n\n<p>Cuando se produce una negligencia m\u00e9dica, esta confianza se rompe en un instante. En lugar de mejorar, la persona enferma o lesionada empeora. Pueden surgir nuevos problemas m\u00e9dicos o empeorar una dolencia ya existente, lo que requiere una intervenci\u00f3n a\u00fan m\u00e1s dr\u00e1stica o incluso puede poner en peligro la vida.&nbsp;<\/p>\n\n\n\n<p>Si ha sufrido lesiones por negligencia m\u00e9dica, no tiene por qu\u00e9 luchar solo. En <a href=\"https:\/\/www.myphillylawyer.com\/es\/areas-de-practica\/negligencia-medica\/\">abogados expertos en negligencias m\u00e9dicas Wayne en MyPhillyLawyer<\/a> est\u00e1n a una llamada de distancia.<\/p>\n\n\n\n<h3 class=\"wp-block-heading\">Estad\u00edsticas de negligencias y errores m\u00e9dicos<\/h3>\n\n\n\n<p>Los errores m\u00e9dicos son la #3 principal causa de muerte en Estados Unidos, despu\u00e9s de las cardiopat\u00edas y el c\u00e1ncer, seg\u00fan un estudio de Johns Hopkins.&nbsp;<\/p>\n\n\n\n<p>Los errores m\u00e9dicos constituyen la base de la mayor\u00eda de las demandas por negligencia m\u00e9dica, pero no todos los errores m\u00e9dicos conducen a un caso de negligencia. Algunos errores causan poco o ning\u00fan da\u00f1o. Sin embargo, los errores que causan enfermedades o lesiones graves pueden atribuirse a menudo a una negligencia.<\/p>\n\n\n\n<p>La mala praxis m\u00e9dica, tambi\u00e9n llamada negligencia m\u00e9dica, se produce cuando un proveedor no cumple la \"norma de atenci\u00f3n\" aplicable. La norma de atenci\u00f3n en cualquier situaci\u00f3n es el nivel de tratamiento que un proveedor razonablemente prudente habr\u00eda dado. Su especificidad depende de los hechos del caso: \u00bfQu\u00e9 pruebas deber\u00edan haberse ordenado? \u00bfQu\u00e9 tratamiento deber\u00eda haberse administrado? \u00bfC\u00f3mo deber\u00edan llevarse a cabo los pasos de estos procesos?&nbsp;<\/p>\n\n\n\n<p>Dado que la medicina es una empresa compleja, est\u00e1 plagada de posibilidades de error. Algunos ejemplos habituales de errores m\u00e9dicos son<\/p>\n\n\n\n<ul class=\"wp-block-list\">\n<li><strong>Errores de diagn\u00f3stico, <\/strong>por ejemplo, no diagnosticar correctamente una enfermedad, confundir una enfermedad con otra o retrasar el diagn\u00f3stico de tal modo que la enfermedad se propague y pueda llegar a ser intratable o requerir m\u00e9todos mucho m\u00e1s dr\u00e1sticos para tratarla.&nbsp;<\/li>\n\n\n\n<li><strong>Errores de tratamiento, <\/strong>como <a href=\"https:\/\/www.myphillylawyer.com\/es\/areas-de-practica\/negligencia-medica\/errores-de-medicacion\/\">prescribir o dispensar un medicamento equivocado<\/a>Operar una parte del cuerpo equivocada o dejar instrumentos quir\u00fargicos dentro del paciente.<\/li>\n\n\n\n<li><strong>Sistemas y errores de comunicaci\u00f3n, <\/strong>como omitir el diagn\u00f3stico previo de un paciente, alergias o medicaciones contradictorias por no haber anotado los datos correctamente, o provocar una ca\u00edda de un paciente por no haber implantado suficientes procesos de prevenci\u00f3n de ca\u00eddas. Estos errores suelen ser evitables.<\/li>\n\n\n\n<li><strong>Errores en la atenci\u00f3n preventiva, <\/strong>como no proporcionar cuidados preventivos o no hacer un seguimiento de los resultados de las pruebas. Estos errores suelen solaparse con los errores de diagn\u00f3stico.&nbsp;<\/li>\n<\/ul>\n\n\n\n<p><a href=\"https:\/\/www.myphillylawyer.com\/es\/areas-de-practica\/negligencia-medica\/tratamiento-diagnostico-inadecuado\/\">Errores de diagn\u00f3stico<\/a> son el error m\u00e1s com\u00fan mencionado en las demandas por negligencia m\u00e9dica contra proveedores de servicios ambulatorios en EE.UU., mientras que <a href=\"https:\/\/www.myphillylawyer.com\/es\/areas-de-practica\/errores-quirurgicos\/\">errores quir\u00fargicos<\/a> aparecen con mayor frecuencia en <a href=\"https:\/\/www.myphillylawyer.com\/es\/areas-de-practica\/negligencia-medica\/errores-hospitalarios\/\">reclamaciones contra hospitales<\/a>.&nbsp;<\/p>\n\n\n\n<h3 class=\"wp-block-heading\">Lesiones comunes en las demandas por negligencia m\u00e9dica Wayne<\/h3>\n\n\n\n<p>La negligencia m\u00e9dica puede afectar a cualquier parte del cuerpo o sistema corporal. Como resultado, puede surgir casi cualquier tipo de lesi\u00f3n o combinaci\u00f3n de lesiones.&nbsp;<\/p>\n\n\n\n<p>Sin embargo, algunas lesiones y errores aparecen con m\u00e1s frecuencia que otros en las demandas por negligencia m\u00e9dica. Las situaciones comunes que conducen a demandas por lesiones por negligencia m\u00e9dica incluyen<\/p>\n\n\n\n<ul class=\"wp-block-list\">\n<li><strong><a href=\"https:\/\/www.myphillylawyer.com\/es\/areas-de-practica\/lesiones-de-nacimiento\/\">Lesiones de nacimiento<\/a>, <\/strong>que pueden provocar da\u00f1os cerebrales permanentes por falta de ox\u00edgeno, par\u00e1lisis y otras lesiones nerviosas, as\u00ed como otras afecciones permanentes o duraderas,<\/li>\n\n\n\n<li><strong>Lesiones relacionadas con la cirug\u00eda, <\/strong>como la cirug\u00eda realizada en la parte del cuerpo equivocada, el uso de t\u00e9cnicas o procedimientos quir\u00fargicos incorrectos o el abandono de objetos en el interior de una zona quir\u00fargica. <a href=\"https:\/\/www.myphillylawyer.com\/es\/areas-de-practica\/negligencia-medica\/error-de-anestesia\/\">Errores de anestesia<\/a> durante la cirug\u00eda tambi\u00e9n puede provocar lesiones graves.&nbsp;<\/li>\n\n\n\n<li><strong>Errores en las pruebas que provocan lesiones, <\/strong>como la lectura incorrecta de una prueba, que puede dar lugar a un diagn\u00f3stico err\u00f3neo o tard\u00edo. Algunas pruebas tambi\u00e9n pueden causar lesiones si se realizan incorrectamente.<\/li>\n\n\n\n<li><strong><a href=\"https:\/\/www.myphillylawyer.com\/es\/areas-de-practica\/negligencia-medica\/errores-en-urgencias\/\">Errores en urgencias<\/a> <\/strong>puede dar lugar a un diagn\u00f3stico err\u00f3neo o tard\u00edo, errores de tratamiento y otros problemas.&nbsp;<\/li>\n<\/ul>\n\n\n\n<p>La negligencia m\u00e9dica tambi\u00e9n puede provocar otras lesiones y enfermedades graves. <a href=\"https:\/\/www.myphillylawyer.com\/es\/pongase-en-contacto-con\/\">Hable con un abogado experto en negligencias m\u00e9dicas Wayne<\/a> para obtener informaci\u00f3n y asesoramiento sobre su situaci\u00f3n espec\u00edfica.&nbsp;<\/p>\n\n\n\n<h3 class=\"wp-block-heading\">Lo que hay que saber sobre las demandas por negligencia m\u00e9dica en Wayne, Pennsylvania<\/h3>\n\n\n\n<figure class=\"wp-block-image size-large\"><a href=\"https:\/\/www.myphillylawyer.com\/es\/zonas-atendidas\/wayne\/abogados-de-negligencia-medica-2\/guia-rapida-infografia\/\"><img loading=\"lazy\" decoding=\"async\" width=\"1024\" height=\"817\" src=\"https:\/\/www.myphillylawyer.com\/wp-content\/uploads\/2024\/10\/Wayne-Medical-Malpractice-Quick-Guide-Infographic-Thumbnail-1024x817.jpg\" alt=\"Wayne Negligencias m\u00e9dicas: Gu\u00eda r\u00e1pida Infograf\u00eda\" class=\"wp-image-12525\" title=\"\" srcset=\"https:\/\/www.myphillylawyer.com\/wp-content\/uploads\/2024\/10\/Wayne-Medical-Malpractice-Quick-Guide-Infographic-Thumbnail-1024x817.jpg 1024w, https:\/\/www.myphillylawyer.com\/wp-content\/uploads\/2024\/10\/Wayne-Medical-Malpractice-Quick-Guide-Infographic-Thumbnail-300x239.jpg 300w, https:\/\/www.myphillylawyer.com\/wp-content\/uploads\/2024\/10\/Wayne-Medical-Malpractice-Quick-Guide-Infographic-Thumbnail-768x613.jpg 768w, https:\/\/www.myphillylawyer.com\/wp-content\/uploads\/2024\/10\/Wayne-Medical-Malpractice-Quick-Guide-Infographic-Thumbnail-15x12.jpg 15w, https:\/\/www.myphillylawyer.com\/wp-content\/uploads\/2024\/10\/Wayne-Medical-Malpractice-Quick-Guide-Infographic-Thumbnail-150x120.jpg 150w, https:\/\/www.myphillylawyer.com\/wp-content\/uploads\/2024\/10\/Wayne-Medical-Malpractice-Quick-Guide-Infographic-Thumbnail.jpg 1198w\" sizes=\"auto, (max-width: 1024px) 100vw, 1024px\" \/><\/a><\/figure>\n\n\n\n<p>La ley de negligencia m\u00e9dica es compleja. Adem\u00e1s de tratar el complejo tema de la medicina, la ley de negligencia m\u00e9dica contiene ciertas normas y requisitos que no aparecen en otros tipos de <a href=\"https:\/\/www.myphillylawyer.com\/es\/zonas-atendidas\/wayne\/\">reclamaciones por da\u00f1os personales<\/a>. Entre ellas se incluyen los plazos especiales, el requisito del certificado de m\u00e9ritos y las normas relativas a la indemnizaci\u00f3n.&nbsp;<\/p>\n\n\n\n<h4 class=\"wp-block-heading\">L\u00edmites temporales<\/h4>\n\n\n\n<p>El estatuto de limitaciones de Pennsylvania establece l\u00edmites de tiempo en muchos tipos de demandas. En Pensilvania, una persona lesionada por negligencia m\u00e9dica tiene <strong>dos a\u00f1os <\/strong>desde la fecha de la lesi\u00f3n para presentar su reclamaci\u00f3n. Si la reclamaci\u00f3n no se presenta antes de que expire ese plazo, no puede llevarse a los tribunales.<\/p>\n\n\n\n<p>Sin embargo, otras normas pueden afectar al c\u00f3mputo de los dos a\u00f1os. Por ejemplo, es posible que usted no supiera que hab\u00eda sufrido lesiones en la fecha en que se produjeron. Algunas demandas por negligencia m\u00e9dica tardan en descubrirse.&nbsp;<\/p>\n\n\n\n<p>Para casos como \u00e9ste, la ley de Pensilvania \"alarga\" el plazo de prescripci\u00f3n. El reloj de dos a\u00f1os no comienza a correr hasta el d\u00eda en que usted sabe (o razonablemente deber\u00eda haber sabido) que la negligencia m\u00e9dica caus\u00f3 sus lesiones.&nbsp;<\/p>\n\n\n\n<p>Algunos casos tienen un calendario sencillo. Otros tienen plazos m\u00e1s complejos que requieren que las partes discutan en el tribunal c\u00f3mo se aplica la ley de prescripci\u00f3n. Sea cual sea su situaci\u00f3n, hable con un abogado lo antes posible. <a href=\"https:\/\/www.myphillylawyer.com\/es\/abogados\/\">Un abogado con experiencia<\/a> puede ayudarle a comprender exactamente c\u00f3mo se aplica la ley de prescripci\u00f3n en su caso y qu\u00e9 opciones tiene.&nbsp;&nbsp;<\/p>\n\n\n\n<h3 class=\"wp-block-heading\">Requisitos especiales para las demandas por negligencia m\u00e9dica en Pensilvania<\/h3>\n\n\n\n<p>Otro requisito especial exclusivo de las demandas por negligencia m\u00e9dica en Pensilvania es el requisito del \"certificado de m\u00e9ritos\". Seg\u00fan la ley de Pensilvania, alguien que planee presentar una demanda por negligencia m\u00e9dica ante un tribunal debe presentar primero un \"certificado de m\u00e9ritos\" firmado.&nbsp;<\/p>\n\n\n\n<p>El certificado de m\u00e9ritos debe incluir informaci\u00f3n espec\u00edfica, incluida la opini\u00f3n de un \"profesional autorizado apropiado\". Debe presentarse junto con la demanda o en un plazo de 60 d\u00edas a partir de la presentaci\u00f3n de la demanda.&nbsp;<\/p>\n\n\n\n<p>Encontrar a un experto que opine sobre el certificado de m\u00e9ritos puede ser todo un reto. Si el perito no se considera \"adecuado\", es posible que tenga que luchar para que se reconozca el certificado. Mientras tanto, se le escapa un tiempo precioso para presentar su demanda e investigar la reclamaci\u00f3n.&nbsp;<\/p>\n\n\n\n<p>Los abogados con experiencia en negligencias m\u00e9dicas Wayne saben en qu\u00e9 expertos pueden confiar para revisar ciertos tipos de demandas por negligencia m\u00e9dica. Cuando usted contrata a un abogado, su abogado se encargar\u00e1 del certificado de m\u00e9ritos y de otros tr\u00e1mites esenciales en su caso. Usted puede centrarse en curarse, mientras su abogado se centra en luchar por la indemnizaci\u00f3n que merece.<\/p>\n\n\n\n<h3 class=\"wp-block-heading\">Tipos de indemnizaci\u00f3n en las demandas por negligencia m\u00e9dica Wayne<\/h3>\n\n\n\n<p>En un caso de negligencia m\u00e9dica, la indemnizaci\u00f3n se centra en compensarle por las p\u00e9rdidas que ya ha sufrido y compensarle por las p\u00e9rdidas que pueda sufrir en el futuro. La indemnizaci\u00f3n en un caso de negligencia m\u00e9dica suele ser de dos tipos: econ\u00f3mica y no econ\u00f3mica.<\/p>\n\n\n\n<p><strong>Da\u00f1os econ\u00f3micos <\/strong>centrarse en las p\u00e9rdidas econ\u00f3micas: cosas que puede demostrar con copias de facturas, recibos y otros documentos. Las p\u00e9rdidas econ\u00f3micas m\u00e1s comunes en casos de negligencia m\u00e9dica incluyen<\/p>\n\n\n\n<ul class=\"wp-block-list\">\n<li><strong>Salarios perdidos <\/strong>si sus lesiones le impidieron trabajar o le impedir\u00e1n hacerlo en el futuro,<\/li>\n\n\n\n<li><strong>Facturas m\u00e9dicas, <\/strong>incluidos los costes de futuros cuidados m\u00e9dicos. En esta categor\u00eda se incluyen art\u00edculos como medicamentos, dispositivos m\u00e9dicos y pr\u00f3tesis, y rehabilitaci\u00f3n.&nbsp;<\/li>\n\n\n\n<li><strong>Gastos de transporte <\/strong>ir y volver de las citas m\u00e9dicas y<\/li>\n\n\n\n<li><strong>Otros gastos <\/strong>razonablemente relacionadas con sus lesiones.&nbsp;<\/li>\n<\/ul>\n\n\n\n<p><strong>Da\u00f1os no econ\u00f3micos <\/strong>se centran en p\u00e9rdidas que son reales, pero que son dif\u00edciles de demostrar con documentos. Las p\u00e9rdidas no econ\u00f3micas comunes en una demanda por negligencia m\u00e9dica pueden incluir<\/p>\n\n\n\n<ul class=\"wp-block-list\">\n<li><strong>Dolor y sufrimiento <\/strong>causada por su lesi\u00f3n o enfermedad,&nbsp;<\/li>\n\n\n\n<li><strong>Desfiguraci\u00f3n y discapacidad <\/strong>si su lesi\u00f3n o enfermedad le ha provocado cicatrices, la p\u00e9rdida de alguna parte del cuerpo o problemas continuos de movilidad o uso de una parte del cuerpo, y<\/li>\n\n\n\n<li><strong>P\u00e9rdida del disfrute de la vida <\/strong>si su lesi\u00f3n o enfermedad le impide realizar actividades de las que antes disfrutaba.&nbsp;<\/li>\n<\/ul>\n\n\n\n<p>Algunos estados de EE.UU. \"cap\", o limitar, los da\u00f1os no econ\u00f3micos en los casos de negligencia m\u00e9dica. Pennsylvania, sin embargo, no limita estos da\u00f1os por negligencia m\u00e9dica. En Pennsylvania, usted puede recuperar la cantidad total de da\u00f1os no econ\u00f3micos que usted y su abogado pueden probar en la corte (o negociar para recibir en un acuerdo).&nbsp;<\/p>\n\n\n\n<p>No hay dos casos de negligencia m\u00e9dica iguales, por lo que no hay dos indemnizaciones id\u00e9nticas. Por esta raz\u00f3n, es <a href=\"https:\/\/www.myphillylawyer.com\/es\/pongase-en-contacto-con\/\">vital hablar con un abogado<\/a> sobre su caso concreto. Los amigos, familiares y compa\u00f1eros de trabajo que han tenido demandas por negligencia m\u00e9dica pueden proporcionar un apoyo emocional esencial, pero su caso no ser\u00e1 exactamente igual al tuyo.&nbsp;<\/p>\n\n\n\n<h2 class=\"wp-block-heading\">P\u00f3ngase en contacto hoy mismo con un abogado experto en negligencia m\u00e9dica Wayne<\/h2>\n\n\n\n<p>Si se ha lesionado mientras buscaba tratamiento m\u00e9dico, ya est\u00e1 lidiando con muchos problemas. Puede que le cueste enfrentarse a las futuras citas m\u00e9dicas destinadas a ayudarle a curarse. El mero hecho de pensar en m\u00e9dicos u hospitales puede ser un reto. Puede que le preocupe c\u00f3mo va a volver al trabajo, a los estudios o a cuidar de su familia. Puede que se pregunte si volver\u00e1 a encontrar aficiones significativas.<\/p>\n\n\n\n<p>Si esto le resulta familiar, hay esperanza. Hable con un <a href=\"https:\/\/www.myphillylawyer.com\/es\/areas-de-practica\/negligencia-medica\/\">abogado especializado en negligencias m\u00e9dicas Wayne<\/a> hoy. En <a href=\"https:\/\/www.myphillylawyer.com\/es\/abogados\/\">equipo en MyPhillyLawyer<\/a> puede ayudarle a entender sus opciones legales y a luchar por un futuro mejor. Para saber m\u00e1s, <a href=\"https:\/\/www.myphillylawyer.com\/es\/pongase-en-contacto-con\/\">p\u00f3ngase en contacto con nosotros<\/a> para programar una evaluaci\u00f3n gratuita y confidencial de su caso.<\/p>","protected":false},"excerpt":{"rendered":"<p>Wayne Abogados de Negligencia M\u00e9dica Dedicados Abogados de Negligencia M\u00e9dica de Pennsylvania Luchan para Proteger los Derechos de sus Clientes Wayne, Pennsylvania es el hogar de casi 35,000 personas. Varios hospitales y centros m\u00e9dicos atienden el \u00e1rea, ofreciendo asistencia a personas enfermas o lesionadas. Cuando alguien en Wayne busca tratamiento m\u00e9dico, lo hacen porque est\u00e1n preocupados. Se sienten...<\/p>","protected":false},"author":9,"featured_media":0,"parent":9603,"menu_order":0,"comment_status":"closed","ping_status":"closed","template":"","meta":{"_acf_changed":false,"footnotes":""},"class_list":["post-12341","page","type-page","status-publish","hentry"],"acf":[],"jetpack_sharing_enabled":true,"_links":{"self":[{"href":"https:\/\/www.myphillylawyer.com\/es\/wp-json\/wp\/v2\/pages\/12341","targetHints":{"allow":["GET"]}}],"collection":[{"href":"https:\/\/www.myphillylawyer.com\/es\/wp-json\/wp\/v2\/pages"}],"about":[{"href":"https:\/\/www.myphillylawyer.com\/es\/wp-json\/wp\/v2\/types\/page"}],"author":[{"embeddable":true,"href":"https:\/\/www.myphillylawyer.com\/es\/wp-json\/wp\/v2\/users\/9"}],"replies":[{"embeddable":true,"href":"https:\/\/www.myphillylawyer.com\/es\/wp-json\/wp\/v2\/comments?post=12341"}],"version-history":[{"count":5,"href":"https:\/\/www.myphillylawyer.com\/es\/wp-json\/wp\/v2\/pages\/12341\/revisions"}],"predecessor-version":[{"id":12527,"href":"https:\/\/www.myphillylawyer.com\/es\/wp-json\/wp\/v2\/pages\/12341\/revisions\/12527"}],"up":[{"embeddable":true,"href":"https:\/\/www.myphillylawyer.com\/es\/wp-json\/wp\/v2\/pages\/9603"}],"wp:attachment":[{"href":"https:\/\/www.myphillylawyer.com\/es\/wp-json\/wp\/v2\/media?parent=12341"}],"curies":[{"name":"wp","href":"https:\/\/api.w.org\/{rel}","templated":true}]}}