{"id":12347,"date":"2024-08-30T16:51:26","date_gmt":"2024-08-30T21:51:26","guid":{"rendered":"https:\/\/www.myphillylawyer.com\/?page_id=12347"},"modified":"2024-08-30T16:51:29","modified_gmt":"2024-08-30T21:51:29","slug":"abogados-de-accidentes-nauticos","status":"publish","type":"page","link":"https:\/\/www.myphillylawyer.com\/es\/areas-de-practica\/abogados-de-accidentes-nauticos\/","title":{"rendered":"Philadelphia Abogados de accidentes de navegaci\u00f3n"},"content":{"rendered":"<h1 class=\"wp-block-heading\">Philadelphia Abogados de accidentes de navegaci\u00f3n<\/h1>\n\n\n\n<h2 class=\"wp-block-heading\"><em>Abogados expertos en accidentes de barco Philly ayudan a los heridos en accidentes de barco en Philadelphia<\/em><\/h2>\n\n\n\n<p>Pensilvania alberga una gran variedad de v\u00edas navegables, desde el acceso al lago Erie en el noroeste hasta el r\u00edo Delaware en el este. En consecuencia, la navegaci\u00f3n es una actividad popular en la zona Philadelphia durante gran parte del a\u00f1o.<\/p>\n\n\n\n<p>Mientras que la navegaci\u00f3n puede proporcionar relajaci\u00f3n, diversi\u00f3n con amigos y familiares, e incluso el ejercicio, sino que tambi\u00e9n puede plantear riesgos. Cada a\u00f1o, los residentes de Pensilvania resultan heridos o pierden la vida en accidentes de navegaci\u00f3n. Si usted o alguien que usted ama est\u00e1 entre ellos, hable con un <a href=\"https:\/\/www.myphillylawyer.com\/es\/\">abogado experto en accidentes de barco Philadelphia<\/a> hoy. En <a href=\"https:\/\/www.myphillylawyer.com\/es\/abogados\/\">equipo en MyPhillyLawyer<\/a> est\u00e1 aqu\u00ed para ayudar.\u00a0<\/p>\n\n\n\n<h3 class=\"wp-block-heading\">Estad\u00edsticas de accidentes de navegaci\u00f3n en Pensilvania<\/h3>\n\n\n\n<p>El Departamento de Embarcaciones y V\u00edas Navegables de Pensilvania recopila informaci\u00f3n sobre accidentes, lesiones y accidentes de navegaci\u00f3n. <a href=\"https:\/\/www.myphillylawyer.com\/es\/areas-de-practica\/danos-personales\/lesiones-graves\/muerte-por-negligencia\/\">muertes<\/a> cada a\u00f1o. En 2022, el a\u00f1o m\u00e1s reciente del que se dispone de estad\u00edsticas completas:<\/p>\n\n\n\n<ul class=\"wp-block-list\">\n<li><strong>41 <\/strong>accidentes de navegaci\u00f3n fueron reportados en Pennsylvania.<\/li>\n\n\n\n<li><strong>9 <\/strong>personas murieron en accidentes de navegaci\u00f3n en Pensilvania.\u00a0<\/li>\n\n\n\n<li><strong>7 <\/strong>Los accidentes se produjeron al chocar una embarcaci\u00f3n con otra.<\/li>\n\n\n\n<li><strong>6 <\/strong>provoc\u00f3 el vuelco de al menos una embarcaci\u00f3n.\u00a0<\/li>\n\n\n\n<li><strong>5 <\/strong>accidentes causaron lesiones a un esquiador acu\u00e1tico, y otros cinco accidentes provocaron que alguien saliera despedido de una embarcaci\u00f3n.\u00a0<\/li>\n<\/ul>\n\n\n\n<p>Otros accidentes fueron las lesiones por golpear un objeto en el agua, caer por la borda, colisionar con una presa o pasar por encima de ella, encallar la embarcaci\u00f3n en una zona poco profunda, e incendios y explosiones.<\/p>\n\n\n\n<p>Entre los factores que pueden haber contribuido a las lesiones mortales en 2022 accidentes de barco en Pensilvania se incluyen:<\/p>\n\n\n\n<ul class=\"wp-block-list\">\n<li><strong>No llevar chaleco salvavidas. <\/strong>De las nueve muertes ocurridas en 2022, s\u00f3lo tres personas llevaban chalecos salvavidas.<\/li>\n\n\n\n<li><strong>Consumo de alcohol. <\/strong>El consumo de alcohol \"puede haber sido un factor\" en al menos tres de las muertes ocurridas en 2022.\u00a0<\/li>\n\n\n\n<li><strong>No realizar un curso de seguridad para navegantes. <\/strong>De las nueve personas que perdieron la vida, cinco no hab\u00edan realizado un curso de seguridad para la navegaci\u00f3n. En dos casos, los responsables de las v\u00edas navegables no sab\u00edan si la persona fallecida hab\u00eda realizado un curso de seguridad en la navegaci\u00f3n.\u00a0<\/li>\n<\/ul>\n\n\n\n<p>Adem\u00e1s de estas muertes, cada a\u00f1o se producen lesiones en accidentes de navegaci\u00f3n. Algunas de estas lesiones son graves y causan cicatrices permanentes, dolor y otros impedimentos.&nbsp;<\/p>\n\n\n\n<h3 class=\"wp-block-heading\">Lesiones comunes en accidentes de navegaci\u00f3n Philadelphia<\/h3>\n\n\n\n<p>Cuando se produce un accidente de navegaci\u00f3n, los implicados pueden resultar heridos. Las lesiones m\u00e1s comunes en los accidentes de navegaci\u00f3n Philadelphia incluyen:<\/p>\n\n\n\n<ul class=\"wp-block-list\">\n<li><strong><a href=\"https:\/\/www.myphillylawyer.com\/es\/areas-de-practica\/danos-personales\/lesiones-graves\/lesiones-en-la-cabeza\/\">Cabeza<\/a>cuello y <a href=\"https:\/\/www.myphillylawyer.com\/es\/areas-de-practica\/danos-personales\/lesiones-graves\/lesiones-medulares\/\">lesiones medulares<\/a>. <\/strong>Los da\u00f1os en la cabeza, el cerebro, el cuello y la m\u00e9dula espinal pueden causar problemas persistentes de movimiento, sensibilidad y otras funciones esenciales.\u00a0<\/li>\n\n\n\n<li><strong><a href=\"https:\/\/www.myphillylawyer.com\/es\/areas-de-practica\/danos-personales\/lesiones-graves\/fracturas\/\">Huesos rotos<\/a>. <\/strong>El impacto de un accidente puede provocar la rotura de huesos. Los huesos rotos pueden requerir tratamiento quir\u00fargico. Tambi\u00e9n pueden dejar problemas persistentes de dolor y movilidad.\u00a0<\/li>\n\n\n\n<li><strong><a href=\"https:\/\/www.myphillylawyer.com\/es\/areas-de-practica\/danos-personales\/lesiones-graves\/quemaduras\/\">Quemaduras<\/a>. <\/strong>Los incendios en las embarcaciones pueden causar f\u00e1cilmente quemaduras. Los incendios pueden deberse a una colisi\u00f3n o a un motor defectuoso.\u00a0<\/li>\n\n\n\n<li><strong>Lesiones por exposici\u00f3n. <\/strong>La inmersi\u00f3n en agua fr\u00eda est\u00e1 relacionada con varias muertes y lesiones en accidentes de navegaci\u00f3n Philadelphia cada a\u00f1o. La hipotermia puede causar f\u00e1cilmente lesiones o la muerte.<\/li>\n\n\n\n<li><strong><a href=\"https:\/\/www.myphillylawyer.com\/es\/areas-de-practica\/danos-personales\/responsabilidad-de-las-instalaciones\/ahogamiento-accidental\/\">Ahogamiento o casi ahogamiento<\/a>. <\/strong>Cuando el flujo de ox\u00edgeno al cerebro se ve afectado, pueden producirse lesiones graves o la muerte en cuesti\u00f3n de minutos.\u00a0<\/li>\n<\/ul>\n\n\n\n<p>Tambi\u00e9n pueden producirse otros tipos de lesiones durante un accidente de navegaci\u00f3n. Aunque la formaci\u00f3n en seguridad para navegantes y los chalecos salvavidas pueden ayudar a proteger a los navegantes, no pueden evitar todas las lesiones, ni pueden garantizar que otras personas en las v\u00edas navegables tengan el debido cuidado para evitar accidentes.&nbsp;<\/p>\n\n\n\n<h3 class=\"wp-block-heading\">Responsabilidades de los operadores de embarcaciones en Pensilvania<\/h3>\n\n\n\n<p>Seg\u00fan la Comisi\u00f3n de Pesca y Embarcaciones de Pensilvania, los operadores de embarcaciones en Pensilvania son responsables de:<\/p>\n\n\n\n<ul class=\"wp-block-list\">\n<li>Saber qu\u00e9 normas y reglamentos se aplican en los lugares donde piensan navegar.<\/li>\n\n\n\n<li>Saber qu\u00e9 esperar en las aguas en las que van a navegar.<\/li>\n\n\n\n<li>Equiparse a s\u00ed mismos y a sus embarcaciones con todo el equipo de seguridad necesario.<\/li>\n\n\n\n<li>Supervisar las acciones de todos a bordo de sus embarcaciones.\u00a0<\/li>\n<\/ul>\n\n\n\n<p>El PFBC tambi\u00e9n se\u00f1ala que la ley de Pennsylvania hace que sea ilegal:<\/p>\n\n\n\n<ul class=\"wp-block-list\">\n<li>Operar una embarcaci\u00f3n \"de forma temeraria, negligente o peligrosa\".\u00a0<\/li>\n\n\n\n<li>Operar una embarcaci\u00f3n a una velocidad superior a la de no zarpar a menos de 100 pies de la costa, muelles, ba\u00f1istas, otras embarcaciones y flotadores.\u00a0<\/li>\n\n\n\n<li>Manejar una embarcaci\u00f3n de menos de 20 pies de eslora a una velocidad superior a la de no zarpar mientras haya alguien de pie en dicha embarcaci\u00f3n o montado en la cubierta, las bordas, el espejo de popa o las cubiertas del motor.<\/li>\n\n\n\n<li>Entre el tr\u00e1fico de embarcaciones.<\/li>\n\n\n\n<li>Manejar determinadas embarcaciones o motos acu\u00e1ticas si es menor de la edad m\u00ednima exigida.\u00a0<\/li>\n<\/ul>\n\n\n\n<p>Tambi\u00e9n se aplican otras leyes a las embarcaciones en las v\u00edas navegables de Pensilvania. Si alguien resulta herido porque una persona infringe alguna de estas leyes, la persona que infringe las leyes puede ser considerada responsable de los da\u00f1os causados por sus acciones.&nbsp;<\/p>\n\n\n\n<p>Para ayudar a los navegantes de Pensilvania a comprender las normas y practicar la seguridad en la navegaci\u00f3n, el PFBC ofrece cursos sobre seguridad en la navegaci\u00f3n. Las clases se pueden tomar en l\u00ednea o en persona.\u00a0<\/p>\n\n\n\n<h3 class=\"wp-block-heading\">Qu\u00e9 esperar en un caso de accidente de barco Pennsylvania<\/h3>\n\n\n\n<p>Un caso de accidente de navegaci\u00f3n en Pennsylvania es t\u00edpicamente un tipo de <a href=\"https:\/\/www.myphillylawyer.com\/es\/areas-de-practica\/danos-personales\/\">reclamaci\u00f3n por da\u00f1os personales<\/a>. Todas las demandas por lesiones personales en el estado deben seguir las normas y procedimientos judiciales de Pensilvania. Un abogado con experiencia puede ayudarle a asegurarse de que navegar por estas complejas reglas de manera efectiva para que su caso pueda ser escuchado en la corte.\u00a0<\/p>\n\n\n\n<p>Las normas para los casos de lesiones personales en Pensilvania incluyen normas que rigen los plazos para presentar un caso y normas para la indemnizaci\u00f3n.&nbsp;<\/p>\n\n\n\n<h4 class=\"wp-block-heading\">L\u00edmites temporales<\/h4>\n\n\n\n<p>Los casos de lesiones personales en Pensilvania se encuadran en una <strong>dos a\u00f1os <\/strong>plazo de prescripci\u00f3n. Conocida como \"ley de prescripci\u00f3n\", esta norma exige que toda demanda por lesiones personales se presente ante los tribunales en un plazo de dos a\u00f1os a partir de la fecha en que se produjo la lesi\u00f3n. Si el caso no se presenta en este plazo, no puede ser o\u00eddo en el tribunal.&nbsp;<\/p>\n\n\n\n<p>Se aplican algunas excepciones al plazo de dos a\u00f1os, pero son limitadas. Es importante hablar con un abogado con experiencia en accidentes de navegaci\u00f3n tan pronto como sea posible despu\u00e9s de una lesi\u00f3n o muerte. Incluso si usted sospecha que el l\u00edmite de tiempo puede haber pasado, hable con un abogado para aprender c\u00f3mo se aplican las normas y lo que puede hacer.&nbsp;<\/p>\n\n\n\n<h4 class=\"wp-block-heading\">Compensaci\u00f3n<\/h4>\n\n\n\n<p>En un caso de accidente de navegaci\u00f3n en Pensilvania, tendr\u00e1 que demostrar no s\u00f3lo que la negligencia de otra persona o empresa caus\u00f3 sus lesiones, sino tambi\u00e9n que sufri\u00f3 p\u00e9rdidas como consecuencia de esas lesiones. Una demanda por lesiones le compensa por estas p\u00e9rdidas en forma de da\u00f1os monetarios.&nbsp;<\/p>\n\n\n\n<p>Los tribunales suelen dividir la indemnizaci\u00f3n en dos categor\u00edas. Los da\u00f1os \"econ\u00f3micos\" cubren las p\u00e9rdidas financieras, mientras que los da\u00f1os \"no econ\u00f3micos\" cubren las p\u00e9rdidas no financieras.<\/p>\n\n\n\n<h4 class=\"wp-block-heading\">Da\u00f1os econ\u00f3micos<\/h4>\n\n\n\n<p>Los da\u00f1os econ\u00f3micos incluyen muchos tipos de p\u00e9rdidas que usted puede demostrar con facturas, recibos, talones de pago y otros documentos. Poner una cifra a los da\u00f1os econ\u00f3micos suele ser sencillo: estos da\u00f1os son el dinero que ha perdido por haber sufrido lesiones.<\/p>\n\n\n\n<p>Entre los tipos habituales de da\u00f1os econ\u00f3micos se incluyen:<\/p>\n\n\n\n<ul class=\"wp-block-list\">\n<li>Facturas m\u00e9dicas, incluida la atenci\u00f3n de urgencia, cirug\u00eda, estancias hospitalarias, rehabilitaci\u00f3n y terapia, medicamentos recetados, dispositivos y equipos m\u00e9dicos.\u00a0<\/li>\n\n\n\n<li>Salarios perdidos, incluido el tiempo que ha dejado de trabajar debido a su lesi\u00f3n, y salarios futuros perdidos si sus lesiones le impiden volver a trabajar.\u00a0<\/li>\n\n\n\n<li>Gastos de reparaci\u00f3n o sustituci\u00f3n de los bienes da\u00f1ados.\u00a0<\/li>\n\n\n\n<li>Kilometraje para ir y volver de las citas m\u00e9dicas.<\/li>\n\n\n\n<li>Cualquier otra p\u00e9rdida econ\u00f3mica causada por sus lesiones.<\/li>\n<\/ul>\n\n\n\n<h4 class=\"wp-block-heading\">Da\u00f1os no econ\u00f3micos<\/h4>\n\n\n\n<p>Los da\u00f1os no econ\u00f3micos no suelen ir acompa\u00f1ados de un precio. Por ello, puede resultar m\u00e1s dif\u00edcil calcularlos. Esto no significa, sin embargo, que las p\u00e9rdidas no econ\u00f3micas no sean reales. Muchas personas que resultan heridas en accidentes de navegaci\u00f3n Philadelphia encuentran que sus p\u00e9rdidas no econ\u00f3micas pesan tanto como sus p\u00e9rdidas econ\u00f3micas.&nbsp;<\/p>\n\n\n\n<p>Entre los tipos m\u00e1s comunes de da\u00f1os no econ\u00f3micos se incluyen:<\/p>\n\n\n\n<ul class=\"wp-block-list\">\n<li>Dolor y sufrimiento,<\/li>\n\n\n\n<li>P\u00e9rdida del disfrute de la vida, si sus lesiones le impiden participar en actividades de las que antes disfrutaba, desde aficiones a realizar tareas dom\u00e9sticas o cuidar de su familia.<\/li>\n\n\n\n<li>Cicatrices y desfiguraci\u00f3n.<\/li>\n\n\n\n<li>Trauma mental y emocional asociado al accidente.\u00a0<\/li>\n<\/ul>\n\n\n\n<p>En las discusiones sobre compensaci\u00f3n, es com\u00fan que la otra parte alegue que usted fue parcial o totalmente responsable de su accidente. En Pensilvania, las normas de \"negligencia comparativa\" determinan lo que ocurre con el importe de su indemnizaci\u00f3n si se determina que usted tuvo parte de la culpa de lo ocurrido.&nbsp;<\/p>\n\n\n\n<p>Pennsylvania sigue una regla de negligencia comparativa del 51 por ciento. Bajo esta regla, usted puede recuperar los da\u00f1os por sus lesiones si usted era 50 por ciento de culpa o menos. Si usted es el 51 por ciento o m\u00e1s de culpa, sin embargo, usted puede recuperar ning\u00fan da\u00f1o.<\/p>\n\n\n\n<p>Incluso si se determina que usted tiene el 50% o menos de la culpa, ese porcentaje afecta a su indemnizaci\u00f3n. Por ejemplo, si te declaran culpable del 30% de tus lesiones, tu indemnizaci\u00f3n total se reducir\u00e1 en un 30%.&nbsp;<\/p>\n\n\n\n<p>Los c\u00e1lculos de negligencia comparativa pueden ser complejos, y los porcentajes pueden sumar r\u00e1pidamente. Por esta raz\u00f3n, es esencial para trabajar con un abogado dedicado Philadelphia lesiones de navegaci\u00f3n en su caso.&nbsp;<\/p>\n\n\n\n<h2 class=\"wp-block-heading\">Hable hoy mismo con un abogado experto en accidentes de navegaci\u00f3n Philadelphia<\/h2>\n\n\n\n<p>Los d\u00edas de navegaci\u00f3n suelen comenzar con una sensaci\u00f3n de alegre expectaci\u00f3n. Est\u00e1s deseando salir al agua, disfrutar del aire fresco y relajarte.&nbsp;<\/p>\n\n\n\n<p>Un accidente convierte esta alegr\u00eda en miedo en un instante. De repente, est\u00e1s luchando por recuperarte de lesiones graves. Te preguntas si volver\u00e1s a subirte a un barco, a trabajar, a ocuparte de las tareas dom\u00e9sticas o a disfrutar de las mismas actividades que sol\u00edas hacer con tu familia y amigos. Te preocupa c\u00f3mo pagar\u00e1s las facturas m\u00e9dicas y otros gastos. Temes que el futuro nunca vuelva a ser el mismo.&nbsp;<\/p>\n\n\n\n<p>Si esto le suena familiar, no est\u00e1 solo. Hable con los abogados con experiencia en accidentes de navegaci\u00f3n Philadelphia en MyPhillyLawyer hoy. Le ayudaremos a entender sus derechos legales y buscar las mejores opciones legales para su familia. <a href=\"https:\/\/www.myphillylawyer.com\/es\/pongase-en-contacto-con\/\">P\u00f3ngase en contacto con nosotros<\/a> para obtener m\u00e1s informaci\u00f3n y para programar una consulta gratuita y confidencial con uno de nuestros abogados dedicados.<\/p>","protected":false},"excerpt":{"rendered":"<p>Philadelphia Abogados de Accidentes de Navegaci\u00f3n Abogados experimentados en accidentes de navegaci\u00f3n Philly ayudan a los heridos en accidentes de barco en Philadelphia Pensilvania es el hogar de una amplia variedad de v\u00edas navegables, desde el acceso al lago Erie en el noroeste hasta el r\u00edo Delaware en el este. En consecuencia, la navegaci\u00f3n es una actividad popular en el \u00e1rea Philadelphia durante gran parte del a\u00f1o. Aunque la navegaci\u00f3n puede...<\/p>","protected":false},"author":9,"featured_media":12350,"parent":6,"menu_order":0,"comment_status":"closed","ping_status":"closed","template":"","meta":{"_acf_changed":false,"jetpack_post_was_ever_published":false,"footnotes":""},"class_list":["post-12347","page","type-page","status-publish","has-post-thumbnail","hentry"],"acf":[],"jetpack_sharing_enabled":true,"_links":{"self":[{"href":"https:\/\/www.myphillylawyer.com\/es\/wp-json\/wp\/v2\/pages\/12347","targetHints":{"allow":["GET"]}}],"collection":[{"href":"https:\/\/www.myphillylawyer.com\/es\/wp-json\/wp\/v2\/pages"}],"about":[{"href":"https:\/\/www.myphillylawyer.com\/es\/wp-json\/wp\/v2\/types\/page"}],"author":[{"embeddable":true,"href":"https:\/\/www.myphillylawyer.com\/es\/wp-json\/wp\/v2\/users\/9"}],"replies":[{"embeddable":true,"href":"https:\/\/www.myphillylawyer.com\/es\/wp-json\/wp\/v2\/comments?post=12347"}],"version-history":[{"count":3,"href":"https:\/\/www.myphillylawyer.com\/es\/wp-json\/wp\/v2\/pages\/12347\/revisions"}],"predecessor-version":[{"id":12351,"href":"https:\/\/www.myphillylawyer.com\/es\/wp-json\/wp\/v2\/pages\/12347\/revisions\/12351"}],"up":[{"embeddable":true,"href":"https:\/\/www.myphillylawyer.com\/es\/wp-json\/wp\/v2\/pages\/6"}],"wp:featuredmedia":[{"embeddable":true,"href":"https:\/\/www.myphillylawyer.com\/es\/wp-json\/wp\/v2\/media\/12350"}],"wp:attachment":[{"href":"https:\/\/www.myphillylawyer.com\/es\/wp-json\/wp\/v2\/media?parent=12347"}],"curies":[{"name":"wp","href":"https:\/\/api.w.org\/{rel}","templated":true}]}}