{"id":12352,"date":"2024-08-30T17:23:49","date_gmt":"2024-08-30T22:23:49","guid":{"rendered":"https:\/\/www.myphillylawyer.com\/?page_id=12352"},"modified":"2025-07-31T16:30:03","modified_gmt":"2025-07-31T21:30:03","slug":"abogados-de-negligencia-medica-2","status":"publish","type":"page","link":"https:\/\/www.myphillylawyer.com\/es\/zonas-atendidas\/bensalem\/abogados-de-negligencia-medica-2\/","title":{"rendered":"Bensalem Abogados de negligencia m\u00e9dica"},"content":{"rendered":"<h1 class=\"wp-block-heading\">Bensalem Abogados de negligencia m\u00e9dica<\/h1>\n\n\n\n<p>Bajo la ley de Pennsylvania, <a href=\"https:\/\/www.myphillylawyer.com\/es\/areas-de-practica\/negligencia-medica\/\">negligencia m\u00e9dica<\/a> se produce cuando un profesional sanitario se desv\u00eda de las normas de atenci\u00f3n aceptadas, lo que provoca da\u00f1os o lesiones a un paciente. Comprender y probar tales fallos exige una inmersi\u00f3n profunda en las pr\u00e1cticas m\u00e9dicas y los resultados en los pacientes. En <a href=\"https:\/\/www.myphillylawyer.com\/es\/\">MyPhillyLawyer<\/a>Aportamos un enfoque compasivo a estas dif\u00edciles circunstancias, reconociendo el dolor y la confusi\u00f3n que pueden acompa\u00f1ar a los errores m\u00e9dicos. <a href=\"https:\/\/www.myphillylawyer.com\/es\/abogados\/\">Nuestro equipo<\/a> est\u00e1 listo para revisar su situaci\u00f3n meticulosamente, navegar por las v\u00edas legales, y abogar en\u00e9rgicamente por la justicia y la compensaci\u00f3n que usted y sus seres queridos merecen.<\/p>\n\n\n\n<p><a href=\"https:\/\/www.myphillylawyer.com\/es\/zonas-atendidas\/bensalem\/\">Bensalem<\/a>situada en el condado de Bucks, es un centro neur\u00e1lgico del sector sanitario y de asistencia social, que da empleo a m\u00e1s de 52.000 personas. Aunque beneficiosa en muchos sentidos, esta concentraci\u00f3n de servicios m\u00e9dicos tambi\u00e9n implica un mayor potencial de incidentes de negligencia m\u00e9dica. Si usted o un miembro de su familia ha sufrido debido a un descuido m\u00e9dico en Bensalem o en cualquier lugar de la regi\u00f3n metropolitana de Philadelphia, MyPhillyLawyer est\u00e1 aqu\u00ed para ayudarle. Nuestros abogados est\u00e1n profundamente arraigados en la comunidad y familiarizados con los problemas que a menudo surgen en los casos de negligencia m\u00e9dica en Bensalem. Nos comprometemos a apoyarle en estos momentos dif\u00edciles, a garantizar la protecci\u00f3n de sus derechos y a ayudarle a conseguir la resoluci\u00f3n que necesita. <a href=\"https:\/\/www.myphillylawyer.com\/es\/pongase-en-contacto-con\/\">P\u00f3ngase en contacto con nosotros<\/a> para un apoyo jur\u00eddico atento, capaz y completo.<\/p>\n\n\n\n<h3 class=\"wp-block-heading\">Principales hospitales, cl\u00ednicas y centros de atenci\u00f3n urgente Bensalem<\/h3>\n\n\n\n<p>Bensalem y sus alrededores, en el condado de Bucks, cuentan con diversos centros m\u00e9dicos, desde hospitales hasta cl\u00ednicas de atenci\u00f3n urgente y centros de rehabilitaci\u00f3n, que atienden las necesidades sanitarias de la comunidad.<\/p>\n\n\n\n<h4 class=\"wp-block-heading\">Principales hospitales y cl\u00ednicas en Bensalem<\/h4>\n\n\n\n<p>A continuaci\u00f3n se muestran algunos de los hospitales locales en Bensalem y en sus alrededores:<\/p>\n\n\n\n<ul class=\"wp-block-list\">\n<li><em>Aria-Jefferson Health Bucks County-proporciona servicios sanitarios integrales en varias especialidades;<\/em><\/li>\n\n\n\n<li><em>Lower Bucks Hospital: ofrece servicios de urgencias, intervenciones quir\u00fargicas y hospitalizaci\u00f3n;<\/em><\/li>\n\n\n\n<li><em>Rothman Specialty Hospital: especializado en cirug\u00eda ortop\u00e9dica y servicios de rehabilitaci\u00f3n.<\/em><\/li>\n\n\n\n<li><em>Saint Mary Hospital: ofrece una amplia gama de servicios m\u00e9dicos, como urgencias, cirug\u00eda y atenci\u00f3n especializada.<\/em><\/li>\n<\/ul>\n\n\n\n<p>Estos hospitales constituyen la espina dorsal de la infraestructura sanitaria del Bensalem, garantizando a residentes y visitantes el acceso a una atenci\u00f3n m\u00e9dica de calidad.<\/p>\n\n\n\n<h4 class=\"wp-block-heading\">Cl\u00ednicas de atenci\u00f3n urgente<\/h4>\n\n\n\n<p>Una cl\u00ednica de atenci\u00f3n urgente es un centro m\u00e9dico que proporciona atenci\u00f3n inmediata, no de emergencia para las enfermedades y lesiones que requieren atenci\u00f3n inmediata, pero no lo suficientemente grave como para justificar una visita a una sala de emergencias. A continuaci\u00f3n se muestran algunas cl\u00ednicas de atenci\u00f3n urgente en el condado de Bucks:<\/p>\n\n\n\n<ul class=\"wp-block-list\">\n<li><em>Aria Jefferson Health Urgent Care-aborda los problemas m\u00e9dicos inmediatos con servicios eficientes sin cita previa;<\/em><\/li>\n\n\n\n<li><em>MedExpress Urgent Care (pr\u00f3ximamente): proporcionar\u00e1 atenci\u00f3n m\u00e9dica urgente para afecciones que no pongan en peligro la vida; y<\/em><\/li>\n\n\n\n<li><em>Premier Urgent Care Langhorne-ofrece tratamiento r\u00e1pido para diversos problemas de salud urgentes.<\/em><\/li>\n<\/ul>\n\n\n\n<p>Las cl\u00ednicas de atenci\u00f3n urgente de Bensalem ofrecen servicios sanitarios accesibles, que complementan las instalaciones m\u00e9dicas m\u00e1s amplias de la zona.<\/p>\n\n\n\n<h4 class=\"wp-block-heading\">Centros de rehabilitaci\u00f3n de drogodependientes<\/h4>\n\n\n\n<p>Un centro de rehabilitaci\u00f3n de drogas y alcohol es un centro sanitario especializado en el tratamiento y apoyo a la recuperaci\u00f3n de personas que luchan contra el abuso de sustancias y la adicci\u00f3n.<\/p>\n\n\n\n<ul class=\"wp-block-list\">\n<li><em>La Fundaci\u00f3n Livengrin es uno de los principales proveedores de servicios de tratamiento de adicciones;<\/em><\/li>\n\n\n\n<li><em>Gaudenzia-Lower Bucks-ofrece programas individualizados de rehabilitaci\u00f3n de alcoholismo y drogadicci\u00f3n; y<\/em><\/li>\n\n\n\n<li><em>Pyramid Healthcare-Langhorne-se especializa en el tratamiento integral de la adicci\u00f3n y la salud mental.<\/em><\/li>\n<\/ul>\n\n\n\n<p>Estos centros ofrecen una gama variada de tratamientos y servicios.<\/p>\n\n\n\n<h3 class=\"wp-block-heading\">Probar la responsabilidad por negligencia m\u00e9dica en Bensalem<\/h3>\n\n\n\n<p>Establecer la responsabilidad en los casos de negligencia m\u00e9dica implica demostrar que un proveedor o centro sanitario no cumpli\u00f3 la norma de atenci\u00f3n, perjudicando al paciente. En Bensalem, este proceso var\u00eda ligeramente en funci\u00f3n del tipo de centro sanitario y de los profesionales implicados.<\/p>\n\n\n\n<h4 class=\"wp-block-heading\">Hospitales<\/h4>\n\n\n\n<p>Las v\u00edctimas de negligencia m\u00e9dica en un hospital Bensalem deben demostrar lo siguiente:<\/p>\n\n\n\n<ul class=\"wp-block-list\">\n<li><em>Violaci\u00f3n de la norma de atenci\u00f3n: la v\u00edctima debe demostrar que el personal del hospital, incluidos m\u00e9dicos y enfermeras, no prestaron la atenci\u00f3n que un profesional competente prestar\u00eda en circunstancias similares;<\/em><\/li>\n\n\n\n<li><em>Causalidad: demostrar que esta negligencia caus\u00f3 directamente lesiones o da\u00f1os al paciente.<\/em><\/li>\n\n\n\n<li><em>Da\u00f1os: documente las repercusiones f\u00edsicas, emocionales y econ\u00f3micas de la negligencia en el paciente.<\/em><\/li>\n<\/ul>\n\n\n\n<p>Los hospitales son entornos complejos en los que demostrar la mala praxis requiere una clara conexi\u00f3n entre las acciones del personal y el da\u00f1o al paciente.<\/p>\n\n\n\n<h4 class=\"wp-block-heading\">Cl\u00ednicas de atenci\u00f3n urgente<\/h4>\n\n\n\n<p>Las cl\u00ednicas de atenci\u00f3n urgente son a menudo la primera parada en el diagn\u00f3stico de un problema grave; estos casos pueden ser complejos y requieren que la v\u00edctima pruebe diversos aspectos de sus reclamaciones, como los siguientes:<\/p>\n\n\n\n<ul class=\"wp-block-list\">\n<li><em>Contexto de la atenci\u00f3n inmediata: destacar las expectativas de un diagn\u00f3stico y un tratamiento r\u00e1pidos y precisos y los aspectos en los que no fueron suficientes;<\/em><\/li>\n\n\n\n<li><em>Errores de tratamiento: identificar los casos concretos en los que la asistencia se administr\u00f3 o retras\u00f3 de forma inadecuada.<\/em><\/li>\n\n\n\n<li><em>Impacto en los resultados: vincular las acciones de la atenci\u00f3n urgente directamente con los resultados adversos del paciente.<\/em><\/li>\n<\/ul>\n\n\n\n<p>En la atenci\u00f3n urgente, demostrar la responsabilidad suele referirse a fallos de respuesta r\u00e1pida o diagn\u00f3sticos err\u00f3neos.<\/p>\n\n\n\n<h4 class=\"wp-block-heading\">Centros de rehabilitaci\u00f3n<\/h4>\n\n\n\n<p>Los delitos relacionados con las drogas, el alcohol y otros centros de tratamiento requieren un conocimiento detallado del funcionamiento de estos centros. Sin embargo, por lo general, la v\u00edctima debe demostrar lo siguiente:<\/p>\n\n\n\n<ul class=\"wp-block-list\">\n<li><em>Normas de tratamiento: establecen las normas aceptadas para el tratamiento de la adicci\u00f3n y c\u00f3mo se desv\u00eda el centro de estas normas;<\/em><\/li>\n\n\n\n<li><em>Negligencia en la atenci\u00f3n: demuestre c\u00f3mo las acciones u omisiones del centro provocaron da\u00f1os o reca\u00eddas en el paciente.<\/em><\/li>\n\n\n\n<li><em>Consecuencias para el paciente: muestra los efectos tangibles de esta negligencia en el proceso de recuperaci\u00f3n del paciente.<\/em><\/li>\n<\/ul>\n\n\n\n<p>En el caso de los centros de rehabilitaci\u00f3n, las demandas por mala praxis pueden girar en torno a cuidados inadecuados o m\u00e9todos de tratamiento perjudiciales.<\/p>\n\n\n\n<h4 class=\"wp-block-heading\">Profesionales sanitarios<\/h4>\n\n\n\n<p>Las demandas por negligencia m\u00e9dica en las que est\u00e1n implicados profesionales sanitarios Bensalem difieren seg\u00fan el tipo de profesional y la naturaleza de la negligencia. En los casos relativos a m\u00e9dicos y enfermeros, la evaluaci\u00f3n se centra en si sus acciones se ajustaron a las normas aceptadas por la comunidad m\u00e9dica y hasta qu\u00e9 punto esas acciones causaron directamente la lesi\u00f3n del paciente. En los casos m\u00e9dicos que afectan a dentistas y farmac\u00e9uticos, la atenci\u00f3n se centra en la calidad de la atenci\u00f3n prestada y en si alg\u00fan error de prescripci\u00f3n o tratamiento caus\u00f3 da\u00f1os al paciente.<\/p>\n\n\n\n<p>En todas estas situaciones, la investigaci\u00f3n exhaustiva y el testimonio de expertos son a menudo cruciales para fundamentar las reclamaciones por negligencia. Nuestro bufete se compromete a examinar meticulosamente los detalles de cada caso, aprovechando nuestro conocimiento de las operaciones sanitarias y las normas legales para defender los derechos y la recuperaci\u00f3n de las v\u00edctimas de negligencia. Si sospecha que se ha producido una negligencia m\u00e9dica en Bensalem, <a href=\"https:\/\/www.myphillylawyer.com\/es\/pongase-en-contacto-con\/\">contacte con nosotros<\/a> para ver c\u00f3mo podemos ayudarle a aclarar su caso y a que se haga justicia.<\/p>\n\n\n\n<h3 class=\"wp-block-heading\">Ejemplos de negligencia m\u00e9dica<\/h3>\n\n\n\n<p>En Bensalem, el impacto de la negligencia m\u00e9dica puede observarse en diversos entornos sanitarios.<\/p>\n\n\n\n<h4 class=\"wp-block-heading\">Hospitales<\/h4>\n\n\n\n<p>En el \u00e1mbito hospitalario, la complejidad de la asistencia puede a veces dar lugar a errores importantes. Algunos ejemplos de negligencia m\u00e9dica en un entorno hospitalario son los siguientes:<\/p>\n\n\n\n<ul class=\"wp-block-list\">\n<li><strong><a href=\"https:\/\/www.myphillylawyer.com\/es\/areas-de-practica\/errores-quirurgicos\/\">Errores quir\u00fargicos<\/a>.<\/strong> Un instrumento quir\u00fargico retenido causa infecci\u00f3n y requiere nuevas intervenciones.<\/li>\n\n\n\n<li><strong><a href=\"https:\/\/www.myphillylawyer.com\/es\/areas-de-practica\/negligencia-medica\/tratamiento-diagnostico-inadecuado\/\">Diagn\u00f3stico err\u00f3neo<\/a>. <\/strong>Un diagn\u00f3stico hospitalario err\u00f3neo de un ictus como migra\u00f1a provoca da\u00f1os cerebrales permanentes.<\/li>\n\n\n\n<li><strong><a href=\"https:\/\/www.myphillylawyer.com\/es\/zonas-atendidas\/bensalem\/abogado-de-lesiones-de-nacimiento\/\">Lesiones al nacer<\/a>.<\/strong> No detectar el sufrimiento fetal provoca graves discapacidades relacionadas con el nacimiento.<\/li>\n\n\n\n<li><strong><a href=\"https:\/\/www.myphillylawyer.com\/es\/areas-de-practica\/negligencia-medica\/errores-de-medicacion\/\">Errores de medicaci\u00f3n<\/a>.<\/strong> Una sobredosis en un hospital especializado da lugar a un <a href=\"https:\/\/www.myphillylawyer.com\/es\/zonas-atendidas\/bensalem\/abogados-de-muerte-por-negligencia\/\">muerte tr\u00e1gica y evitable<\/a>.<\/li>\n<\/ul>\n\n\n\n<p>Estos ejemplos subrayan la importancia de unos procedimientos m\u00e9dicos rigurosos y la posibilidad de que se produzcan resultados graves si no se siguen.<\/p>\n\n\n\n<h4 class=\"wp-block-heading\">Cl\u00ednicas de atenci\u00f3n urgente<\/h4>\n\n\n\n<p>Las cl\u00ednicas de atenci\u00f3n urgente, aunque convenientes, no son inmunes a errores cr\u00edticos. Algunos ejemplos de negligencia m\u00e9dica en la atenci\u00f3n de urgencia podr\u00edan incluir los siguientes:<\/p>\n\n\n\n<ul class=\"wp-block-list\">\n<li><strong>Retraso en el diagn\u00f3stico.<\/strong> Los signos de apendicitis se pasan por alto en Jefferson Health Urgent Care, causando una emergencia m\u00e9dica grave.<\/li>\n\n\n\n<li><strong>Tratamiento incorrecto.<\/strong> La medicaci\u00f3n err\u00f3nea administrada en Premier Urgent Care Langhorne agrava el problema de salud del paciente.<\/li>\n\n\n\n<li><strong>Falta de remisi\u00f3n.<\/strong> Un paciente con dolor tor\u00e1cico no es derivado a un servicio de urgencias, con lo que se pierde un diagn\u00f3stico crucial de infarto en una cl\u00ednica de atenci\u00f3n urgente.<\/li>\n\n\n\n<li><strong>Errores de laboratorio.<\/strong> Unos resultados de laboratorio mal interpretados en un centro de urgencias llevan a un diagn\u00f3stico tard\u00edo de c\u00e1ncer, lo que complica el tratamiento del paciente.<\/li>\n<\/ul>\n\n\n\n<p>Estos ejemplos ponen de manifiesto la necesidad de un diagn\u00f3stico preciso y una derivaci\u00f3n adecuada en los centros de atenci\u00f3n urgente para evitar consecuencias sanitarias catastr\u00f3ficas.<\/p>\n\n\n\n<h4 class=\"wp-block-heading\">Centros de rehabilitaci\u00f3n<\/h4>\n\n\n\n<p>Los centros de rehabilitaci\u00f3n desempe\u00f1an un papel crucial en la recuperaci\u00f3n, pero a veces se quedan cortos. Por ejemplo, a continuaci\u00f3n se exponen algunos ejemplos de negligencia en un centro de rehabilitaci\u00f3n:<\/p>\n\n\n\n<ul class=\"wp-block-list\">\n<li><strong>Negligencia en la supervisi\u00f3n.<\/strong> Una vigilancia inadecuada durante la desintoxicaci\u00f3n en la Fundaci\u00f3n Livengrin, Inc. conduce a complicaciones graves.<\/li>\n\n\n\n<li><strong>Mala conducta terap\u00e9utica. <\/strong>En Gaudenzia-Lower Bucks, los m\u00e9todos terap\u00e9uticos inadecuados agravan los problemas de salud mental del paciente.<\/li>\n\n\n\n<li><strong>Errores de medicaci\u00f3n. <\/strong>Errores de dosificaci\u00f3n en Pyramid Healthcare-Langhorne desencadenan reacciones adversas en un paciente.<\/li>\n\n\n\n<li><strong>Cuidados inadecuados.<\/strong> Los planes de atenci\u00f3n mal adaptados en un centro de rehabilitaci\u00f3n dan lugar a un tratamiento ineficaz y a la reca\u00edda del paciente.<\/li>\n<\/ul>\n\n\n\n<p>Estos ejemplos de incidentes que pueden ocurrir en los centros de rehabilitaci\u00f3n subrayan la necesidad de una atenci\u00f3n vigilante y personalizada en el proceso de recuperaci\u00f3n.<\/p>\n\n\n\n<h4 class=\"wp-block-heading\">Profesionales sanitarios<\/h4>\n\n\n\n<p>A los profesionales sanitarios se les conf\u00edan vidas, pero pueden cometerse errores:<\/p>\n\n\n\n<ul class=\"wp-block-list\">\n<li><strong><a href=\"https:\/\/www.myphillylawyer.com\/es\/areas-de-practica\/negligencia-medica\/informacion-sobre-errores-medicos\/\">M\u00e9dicos<\/a>.<\/strong> Un m\u00e9dico Bensalem pasa por alto los s\u00edntomas de una enfermedad grave, lo que provoca un avance de la enfermedad y reduce las probabilidades de supervivencia.<\/li>\n\n\n\n<li><strong><a href=\"https:\/\/www.myphillylawyer.com\/es\/areas-de-practica\/negligencia-medica\/negligencia-enfermera\/\">Enfermeras<\/a>.<\/strong> Errores en la administraci\u00f3n de medicamentos por parte de una enfermera de un hospital local provocan graves reacciones al\u00e9rgicas.<\/li>\n\n\n\n<li><strong>Dentistas.<\/strong> Si un dentista no detecta precozmente el c\u00e1ncer oral, se hace necesaria una intervenci\u00f3n quir\u00fargica de gran envergadura que puede alterar la vida del paciente.<\/li>\n\n\n\n<li><strong><a href=\"https:\/\/www.myphillylawyer.com\/es\/areas-de-practica\/negligencia-medica\/negligencia-farmacologica\/\">Farmac\u00e9uticos<\/a>.<\/strong> La dispensaci\u00f3n incorrecta de medicamentos por parte de un farmac\u00e9utico inflige importantes da\u00f1os a la salud.<\/li>\n<\/ul>\n\n\n\n<p>Las acciones de cada profesional repercuten profundamente en la salud del paciente, lo que pone de relieve la necesidad de una atenci\u00f3n meticulosa y el cumplimiento de las normas m\u00e9dicas.<\/p>\n\n\n\n<p>Estos ejemplos de negligencia m\u00e9dica ilustran los efectos devastadores de la negligencia y el imperativo de la intervenci\u00f3n legal para salvaguardar el bienestar del paciente.<\/p>\n\n\n\n<h3 class=\"wp-block-heading\">\u00bfQu\u00e9 puedo recuperar en un caso MedMal?<\/h3>\n\n\n\n<p>En Pensilvania, las v\u00edctimas de negligencia m\u00e9dica tienen derecho a solicitar diversas formas de indemnizaci\u00f3n. Los estatutos legales del estado garantizan que las personas puedan recuperar da\u00f1os y perjuicios para compensar las p\u00e9rdidas y el sufrimiento causados por la negligencia m\u00e9dica. Esto es lo que usted puede recuperar potencialmente en un caso de negligencia m\u00e9dica en Pensilvania:<\/p>\n\n\n\n<ul class=\"wp-block-list\">\n<li><em><strong>Gastos m\u00e9dicos<\/strong>-incluye los costes de la atenci\u00f3n m\u00e9dica pasada y futura relacionada con la negligencia, como intervenciones quir\u00fargicas, estancias hospitalarias, medicamentos, rehabilitaci\u00f3n y cualquier tratamiento o atenci\u00f3n continuada que se requiera;<\/em><\/li>\n\n\n\n<li><em><strong>P\u00e9rdida de salario y de capacidad de ganancia<\/strong>-Si la negligencia provoca baja laboral o incapacidad para seguir trabajando en la misma capacidad, la indemnizaci\u00f3n puede cubrir los salarios perdidos y la p\u00e9rdida de potencial de ingresos futuros;<\/em><\/li>\n\n\n\n<li><em><strong>Dolor y sufrimiento<\/strong>-las v\u00edctimas pueden ser indemnizadas por el dolor f\u00edsico y la angustia emocional experimentados debido a la negligencia m\u00e9dica. Para ello se tiene en cuenta la gravedad y duraci\u00f3n del dolor y el sufrimiento causados por la negligencia;<\/em><\/li>\n\n\n\n<li><em><strong>P\u00e9rdida del disfrute de la vida<\/strong>-si la mala praxis provoca discapacidades o afecciones de larga duraci\u00f3n que impiden disfrutar de actividades anteriormente habituales, puede ser indemnizable la p\u00e9rdida del disfrute de la vida; y<\/em><\/li>\n\n\n\n<li><em><strong>Da\u00f1os punitivos<\/strong>-en los casos en que la conducta del demandado se considera atroz o intencionadamente perjudicial, pueden concederse da\u00f1os punitivos para castigar al infractor y disuadir de conductas similares en el futuro.<\/em><\/li>\n<\/ul>\n\n\n\n<p>El c\u00e1lculo de estos da\u00f1os implica una evaluaci\u00f3n exhaustiva del impacto que la negligencia ha tenido en la vida de la v\u00edctima, tanto financiera como personalmente. La documentaci\u00f3n, como historiales m\u00e9dicos, historial laboral y testimonios personales, es crucial para establecer el alcance de los da\u00f1os.<\/p>\n\n\n\n<p>Bajo la ley de Pennsylvania, mientras que no hay l\u00edmites en los da\u00f1os econ\u00f3micos (p\u00e9rdidas financieras reales), hay l\u00edmites en los da\u00f1os no econ\u00f3micos como el dolor y el sufrimiento, dependiendo de las especificidades del caso. Tambi\u00e9n es importante tener en cuenta que Pennsylvania sigue una regla de negligencia comparativa modificada, lo que significa que la indemnizaci\u00f3n puede reducirse si la v\u00edctima es parcialmente culpable de sus lesiones.<\/p>\n\n\n\n<p>Navegar por las complejidades de las reclamaciones por negligencia m\u00e9dica y comprender todo el alcance de la compensaci\u00f3n disponible requiere conocimientos jur\u00eddicos detallados y experiencia. Nuestro bufete se compromete a garantizar que las v\u00edctimas de negligencia m\u00e9dica comprendan sus derechos y los tipos de indemnizaci\u00f3n a los que tienen derecho en virtud de la legislaci\u00f3n de Pensilvania. Analizamos meticulosamente cada caso para asegurar que cada aspecto de la p\u00e9rdida se tiene en cuenta y que nuestros clientes reciben la m\u00e1xima compensaci\u00f3n por su sufrimiento y p\u00e9rdidas.<\/p>\n\n\n\n<h2 class=\"wp-block-heading\">Hable con un abogado experto en negligencias m\u00e9dicas en Philadelphia<\/h2>\n\n\n\n<p>Si usted o un ser querido ha sufrido recientemente lesiones nuevas o que han empeorado despu\u00e9s de recibir atenci\u00f3n m\u00e9dica, sus lesiones pueden haberse debido a una negligencia m\u00e9dica de un proveedor de atenci\u00f3n m\u00e9dica. En <a href=\"https:\/\/www.myphillylawyer.com\/es\/\">MyPhilyLawyer<\/a>Nuestros abogados de negligencia m\u00e9dica Bensalem tienen una amplia experiencia en el manejo de estos casos complejos y de alto riesgo. Tenemos el conocimiento, la habilidad y los recursos necesarios para llevar con eficacia los casos de negligencia m\u00e9dica contra los mayores proveedores de la zona. Para obtener m\u00e1s informaci\u00f3n y programar una consulta gratuita con uno de nuestros abogados hoy, llame al MyPhillyLawyer en <a href=\"tel:1-215-227-2727\">215-227-2727<\/a>. Tambi\u00e9n puede ponerse en contacto con nosotros rellenando nuestro <a href=\"https:\/\/www.myphillylawyer.com\/es\/pongase-en-contacto-con\/\">formulario de contacto seguro en l\u00ednea<\/a>.<\/p>","protected":false},"excerpt":{"rendered":"<p>Bensalem Abogados de negligencia m\u00e9dica Seg\u00fan la ley de Pensilvania, la negligencia m\u00e9dica se produce cuando un profesional de la salud se desv\u00eda de las normas aceptadas de atenci\u00f3n, lo que resulta en da\u00f1os o lesiones a un paciente. Comprender y probar tales fallos exige una inmersi\u00f3n profunda en las pr\u00e1cticas m\u00e9dicas y los resultados en los pacientes. En MyPhillyLawyer, aportamos un enfoque compasivo a estas dif\u00edciles circunstancias,...<\/p>","protected":false},"author":9,"featured_media":0,"parent":9671,"menu_order":0,"comment_status":"closed","ping_status":"closed","template":"","meta":{"_acf_changed":false,"jetpack_post_was_ever_published":false,"footnotes":""},"class_list":["post-12352","page","type-page","status-publish","hentry"],"acf":[],"jetpack_sharing_enabled":true,"_links":{"self":[{"href":"https:\/\/www.myphillylawyer.com\/es\/wp-json\/wp\/v2\/pages\/12352","targetHints":{"allow":["GET"]}}],"collection":[{"href":"https:\/\/www.myphillylawyer.com\/es\/wp-json\/wp\/v2\/pages"}],"about":[{"href":"https:\/\/www.myphillylawyer.com\/es\/wp-json\/wp\/v2\/types\/page"}],"author":[{"embeddable":true,"href":"https:\/\/www.myphillylawyer.com\/es\/wp-json\/wp\/v2\/users\/9"}],"replies":[{"embeddable":true,"href":"https:\/\/www.myphillylawyer.com\/es\/wp-json\/wp\/v2\/comments?post=12352"}],"version-history":[{"count":6,"href":"https:\/\/www.myphillylawyer.com\/es\/wp-json\/wp\/v2\/pages\/12352\/revisions"}],"predecessor-version":[{"id":13874,"href":"https:\/\/www.myphillylawyer.com\/es\/wp-json\/wp\/v2\/pages\/12352\/revisions\/13874"}],"up":[{"embeddable":true,"href":"https:\/\/www.myphillylawyer.com\/es\/wp-json\/wp\/v2\/pages\/9671"}],"wp:attachment":[{"href":"https:\/\/www.myphillylawyer.com\/es\/wp-json\/wp\/v2\/media?parent=12352"}],"curies":[{"name":"wp","href":"https:\/\/api.w.org\/{rel}","templated":true}]}}