{"id":12386,"date":"2024-09-09T18:07:52","date_gmt":"2024-09-09T23:07:52","guid":{"rendered":"https:\/\/www.myphillylawyer.com\/?page_id=12386"},"modified":"2024-09-09T18:07:56","modified_gmt":"2024-09-09T23:07:56","slug":"abogados-de-accidentes-de-camiones-2","status":"publish","type":"page","link":"https:\/\/www.myphillylawyer.com\/es\/zonas-atendidas\/norristown\/abogados-de-accidentes-de-camiones-2\/","title":{"rendered":"Norristown Abogados de accidentes de camiones"},"content":{"rendered":"<h1 class=\"wp-block-heading\">Norristown Abogados de accidentes de camiones<\/h1>\n\n\n\n<p>Si se ha visto implicado en un <a href=\"https:\/\/www.myphillylawyer.com\/es\/areas-de-practica\/accidentes-de-trafico-2\/accidentes-de-camion\/\">accidente de cami\u00f3n en Norristown, Pennsylvania<\/a>probablemente se le pasen por la cabeza innumerables preguntas. \u00bfQui\u00e9n pagar\u00e1 las facturas m\u00e9dicas? \u00bfCu\u00e1nto durar\u00e1 la recuperaci\u00f3n? \u00bfY los salarios perdidos? En <a href=\"https:\/\/www.myphillylawyer.com\/es\/\">MyPhillyLawyer<\/a>Entendemos lo abrumadoras que pueden ser las consecuencias de un accidente de cami\u00f3n. <a href=\"https:\/\/www.myphillylawyer.com\/es\/abogados\/\">Nuestro equipo de abogados expertos en accidentes de cami\u00f3n Norristown<\/a> est\u00e1 aqu\u00ed para ayudarle a navegar por el complejo panorama legal y asegurar la compensaci\u00f3n que se merece.<\/p>\n\n\n\n<h3 class=\"wp-block-heading\">Cu\u00e1les son las causas de los accidentes de camiones Norristown<\/h3>\n\n\n\n<p>En 2023, Pensilvania tuvo 755 accidentes en los que un cami\u00f3n pesado golpe\u00f3 a un turismo. Seg\u00fan el Departamento de Transporte de Pensilvania, los camiones pesados estuvieron implicados en 2.039 colisiones de dos veh\u00edculos ese a\u00f1o.<\/p>\n\n\n\n<p>Los accidentes de cami\u00f3n suelen ser m\u00e1s devastadores que los accidentes de coche normales, sobre todo por el enorme tama\u00f1o y el gran peso de los veh\u00edculos. <a href=\"https:\/\/www.myphillylawyer.com\/es\/areas-de-practica\/accidentes-de-trafico-2\/accidentes-de-camion\/accidentes-de-vehiculos-comerciales\/\">camiones comerciales<\/a>. Las colisiones entre un cami\u00f3n y un coche pueden provocar lesiones graves o incluso la muerte. Las causas comunes de los accidentes de camiones Norristown incluyen la fatiga del conductor, fallos mec\u00e1nicos, malas condiciones de la carretera y errores humanos. Comprender estos factores es esencial, ya que son cruciales para determinar la responsabilidad.<\/p>\n\n\n\n<p>Por ejemplo, consideremos una situaci\u00f3n en la que un camionero se queda dormido al volante y choca contra varios veh\u00edculos. Si la investigaci\u00f3n revela que el conductor hab\u00eda estado en la carretera durante un per\u00edodo prolongado, superando las horas de conducci\u00f3n legales, tanto el conductor como la empresa de transporte podr\u00edan ser considerados responsables.<\/p>\n\n\n\n<p><a href=\"https:\/\/www.myphillylawyer.com\/es\/areas-de-practica\/accidentes-de-trafico-2\/accidentes-por-exceso-de-velocidad\/\">Exceso de velocidad<\/a> ha sido un problema persistente en Norristown. A principios de 2024, las autoridades animaron a los conductores a respetar el l\u00edmite de velocidad y a permanecer alerta a su alrededor tras m\u00faltiples accidentes. Instaron a la gente a reducir la velocidad a lo largo de una intersecci\u00f3n peligrosa en DeKalb Street, conocida por frecuentes colisiones con resultado de lesiones y muertes. El tramo desde el r\u00edo Schuylkill hasta la autopista Johnson es famoso por el exceso de velocidad temerario a pesar de tener un l\u00edmite de velocidad de 25 millas por hora.<\/p>\n\n\n\n<p>En los accidentes de camiones pesados que implicaron defectos o fallos del veh\u00edculo en 2023, los factores m\u00e1s comunes identificados incluyeron remolques no asegurados o sobrecargados, problemas de frenos o problemas de neum\u00e1ticos. En 140 accidentes se detectaron problemas con los neum\u00e1ticos o las ruedas, mientras que en 79 accidentes de camiones hubo problemas relacionados con los frenos. <a href=\"https:\/\/www.myphillylawyer.com\/es\/areas-de-practica\/accidentes-de-trafico-2\/accidentes-de-camion\/accidentes-de-camiones-sobrecargados\/\">Remolques sin asegurar o sobrecargados<\/a> en 37 colisiones. Otros defectos del veh\u00edculo fueron el fallo total del sistema de direcci\u00f3n, el fallo del tren de potencia, el remolque inadecuado y el fallo del sistema de escape.<\/p>\n\n\n\n<h3 class=\"wp-block-heading\">Determinaci\u00f3n de la responsabilidad en accidentes de cami\u00f3n<\/h3>\n\n\n\n<p>Determinar la responsabilidad en los accidentes de cami\u00f3n es a menudo m\u00e1s complejo que en los accidentes de coche est\u00e1ndar debido a las m\u00faltiples partes implicadas. Las partes potencialmente responsables incluyen el conductor del cami\u00f3n, la empresa de transporte, el fabricante del cami\u00f3n o de sus piezas, e incluso la empresa de carga. El papel de cada parte en el accidente debe ser investigado.<\/p>\n\n\n\n<p>Si la carga de un cami\u00f3n excede los l\u00edmites legales de peso y hace que el cami\u00f3n se vuelva inestable, la empresa de carga podr\u00eda ser considerada responsable de un accidente de cami\u00f3n resultante de la sobrecarga de la carga. Nuestra <a href=\"https:\/\/www.myphillylawyer.com\/es\/zonas-atendidas\/norristown\/\">Norristown abogados de accidentes de cami\u00f3n<\/a> reunir meticulosamente pruebas, consultar con expertos y construir un caso s\u00f3lido para garantizar que todas las partes responsables rindan cuentas.<\/p>\n\n\n\n<p>Algunas v\u00edctimas de accidentes de camiones creen que no son autom\u00e1ticamente elegibles para recuperar la compensaci\u00f3n si fueron parcialmente culpables de la colisi\u00f3n. Sin embargo, Pennsylvania sigue una regla de negligencia comparativa, que le permite recibir da\u00f1os y perjuicios, incluso si usted comparti\u00f3 algo de culpa por el accidente.&nbsp;<\/p>\n\n\n\n<p>Supongamos un accidente entre un cami\u00f3n de reparto y un turismo en un cruce. El conductor del cami\u00f3n circulaba a 16 km por encima del l\u00edmite de velocidad y el conductor del turismo se salt\u00f3 un sem\u00e1foro en rojo. Cuando se produce la colisi\u00f3n, ambos conductores resultan heridos y ambos veh\u00edculos da\u00f1ados. En este escenario, la ley de negligencia comparativa entra en juego porque ambas partes son parcialmente culpables.<\/p>\n\n\n\n<p>Su indemnizaci\u00f3n disminuir\u00e1 en funci\u00f3n del porcentaje de culpa que se le atribuya. Por ejemplo, si se determina que usted tiene el 20% de la culpa, su indemnizaci\u00f3n se reducir\u00e1 en ese mismo porcentaje. Si usted es m\u00e1s del 50 por ciento responsable de causar el accidente de cami\u00f3n, es posible que no tenga derecho a ninguna indemnizaci\u00f3n.<\/p>\n\n\n\n<h3 class=\"wp-block-heading\">Lesiones por accidente de cami\u00f3n<\/h3>\n\n\n\n<p>Los accidentes de camiones pueden ser devastadores, a menudo con lesiones graves debido al gran tama\u00f1o y peso de los camiones comerciales en comparaci\u00f3n con los veh\u00edculos de pasajeros. Entendiendo <a href=\"https:\/\/www.myphillylawyer.com\/es\/areas-de-practica\/accidentes-de-trafico-2\/accidentes-de-camion\/lesiones-por-accidente-de-camion\/\">lesiones comunes en accidentes de cami\u00f3n<\/a> es crucial para las v\u00edctimas que buscan atenci\u00f3n m\u00e9dica y recursos legales.<\/p>\n\n\n\n<ul class=\"wp-block-list\">\n<li><strong><a href=\"https:\/\/www.myphillylawyer.com\/es\/areas-de-practica\/danos-personales\/lesiones-graves\/lesion-cerebral-por-falta-de-oxigeno\/\">Lesiones craneales y cerebrales<\/a>:<\/strong> Los traumatismos craneoencef\u00e1licos son especialmente preocupantes porque los s\u00edntomas pueden no manifestarse inmediatamente y empeorar con el tiempo. La fuerza de un accidente de cami\u00f3n puede causar lesiones cerebrales traum\u00e1ticas, desde conmociones cerebrales leves hasta da\u00f1os cerebrales graves.\u00a0<\/li>\n\n\n\n<li><strong><a href=\"https:\/\/www.myphillylawyer.com\/es\/areas-de-practica\/danos-personales\/lesiones-graves\/lesiones-medulares\/\">Lesiones medulares<\/a>:<\/strong> Las lesiones medulares pueden provocar diversos grados de par\u00e1lisis. Incluso las lesiones medulares menos graves pueden provocar dolor cr\u00f3nico, movilidad limitada y una reducci\u00f3n significativa de la calidad de vida. La recuperaci\u00f3n de las lesiones medulares suele requerir un tratamiento m\u00e9dico exhaustivo, que incluye cirug\u00eda y rehabilitaci\u00f3n.<\/li>\n\n\n\n<li><strong><a href=\"https:\/\/www.myphillylawyer.com\/es\/areas-de-practica\/danos-personales\/lesiones-graves\/latigazo-cervical-y-lesiones-de-tejidos-blandos\/\">Latigazo cervical y lesiones de tejidos blandos<\/a>: <\/strong>El latigazo cervical es frecuente en los accidentes de cami\u00f3n, especialmente en los choques por alcance. El movimiento brusco y brusco del cuello puede tensar los m\u00fasculos, ligamentos y tendones, provocando dolor cr\u00f3nico y malestar. Las lesiones de tejidos blandos pueden no ser evidentes de inmediato, pero pueden causar dolor duradero y requerir tratamiento continuo.<\/li>\n\n\n\n<li><strong><a href=\"https:\/\/www.myphillylawyer.com\/es\/areas-de-practica\/danos-personales\/lesiones-graves\/dano-a-los-organos\/\">Lesiones internas<\/a>:<\/strong> Los da\u00f1os en los \u00f3rganos y las hemorragias internas son riesgos graves en los accidentes de cami\u00f3n. Cuando los \u00f3rganos internos se rompen o sangran, la v\u00edctima debe recibir atenci\u00f3n m\u00e9dica inmediata para evitar consecuencias potencialmente mortales. Las lesiones internas suelen requerir cirug\u00eda de urgencia y cuidados intensivos.<\/li>\n\n\n\n<li><strong><a href=\"https:\/\/www.myphillylawyer.com\/es\/areas-de-practica\/danos-personales\/lesiones-graves\/fracturas\/\">Huesos rotos<\/a>:<\/strong> Las v\u00edctimas de accidentes de cami\u00f3n pueden sufrir fracturas de costillas, brazos, piernas o fracturas complejas que afectan a varios huesos. Algunas fracturas pueden requerir cirug\u00eda para corregirlas. La recuperaci\u00f3n puede ser larga, con fisioterapia y una baja laboral importante.<\/li>\n<\/ul>\n\n\n\n<h3 class=\"wp-block-heading\">Indemnizaci\u00f3n para las v\u00edctimas de accidentes de cami\u00f3n<\/h3>\n\n\n\n<p>De los 6.685 accidentes de camiones pesados en 2023 en Pensilvania, 138 choques resultaron en <a href=\"https:\/\/www.myphillylawyer.com\/es\/areas-de-practica\/accidentes-de-trafico-2\/accidentes-de-camion\/accidentes-mortales-de-camiones\/\">lesiones mortales<\/a>, una de las cifras m\u00e1s elevadas durante un periodo de cinco a\u00f1os. Incluso cuando los accidentes de cami\u00f3n no son mortales, pueden causar lesiones debilitantes que requieren un amplio tratamiento m\u00e9dico.<\/p>\n\n\n\n<p>Aquellos que resultan heridos en accidentes de cami\u00f3n a menudo se enfrentan a importantes gastos m\u00e9dicos, salarios perdidos y costes de rehabilitaci\u00f3n a largo plazo. En MyPhillyLawyer, nuestros abogados de accidentes de cami\u00f3n Norristown luchan incansablemente para asegurar la compensaci\u00f3n que necesita para cubrir estos y otros costos relacionados con el accidente. La indemnizaci\u00f3n puede incluir gastos m\u00e9dicos, p\u00e9rdida de ingresos, dolor y sufrimiento, e incluso da\u00f1os punitivos en casos de negligencia grave.<\/p>\n\n\n\n<p>En un escenario en el que una v\u00edctima de accidente de cami\u00f3n sufre una lesi\u00f3n cerebral traum\u00e1tica, las facturas m\u00e9dicas pueden ser astron\u00f3micas, dado el tratamiento y la rehabilitaci\u00f3n necesarios. En MyPhillyLawyer, nuestros abogados trabajan con expertos m\u00e9dicos para calcular el alcance total de sus necesidades m\u00e9dicas futuras y luchar para asegurar que estos costos est\u00e1n cubiertos en su acuerdo o adjudicaci\u00f3n judicial.<\/p>\n\n\n\n<h3 class=\"wp-block-heading\">Plazo para presentar una reclamaci\u00f3n por accidente de cami\u00f3n Norristown<\/h3>\n\n\n\n<p>La ley de prescripci\u00f3n de Pennsylvania para presentar una demanda por lesiones personales es generalmente de dos a\u00f1os a partir de la fecha del accidente. Sin embargo, algunas excepciones podr\u00edan afectar a este plazo, por lo que <a href=\"https:\/\/www.myphillylawyer.com\/es\/pongase-en-contacto-con\/\">consulte con un abogado experto en accidentes de cami\u00f3n Norristown<\/a> lo antes posible para que no se le pase ning\u00fan plazo importante.<\/p>\n\n\n\n<h3 class=\"wp-block-heading\">Pasos esenciales a seguir inmediatamente despu\u00e9s de un accidente de cami\u00f3n<\/h3>\n\n\n\n<ul class=\"wp-block-list\">\n<li>Despu\u00e9s de un accidente de cami\u00f3n Norristown, debe buscar atenci\u00f3n m\u00e9dica para cualquier lesi\u00f3n. Incluso si usted se siente bien, algunas lesiones pueden no ser evidentes de inmediato.<\/li>\n\n\n\n<li>A continuaci\u00f3n, ponte en contacto con la polic\u00eda para informar del accidente de cami\u00f3n. Una copia del informe policial ser\u00e1 una prueba vital si decides presentar una demanda por accidente de cami\u00f3n en el futuro.<\/li>\n\n\n\n<li>Recopila toda la informaci\u00f3n posible, incluidos los datos del conductor del cami\u00f3n, los contactos de los testigos y fotos del lugar del accidente.<\/li>\n\n\n\n<li>Por \u00faltimo, p\u00f3ngase en contacto con un abogado especializado en accidentes de cami\u00f3n Norristown para discutir sus opciones legales. Usted puede tener motivos para recuperar una indemnizaci\u00f3n por sus lesiones.<\/li>\n<\/ul>\n\n\n\n<h3 class=\"wp-block-heading\">C\u00f3mo un abogado de accidente de cami\u00f3n Norristown puede ayudarle<\/h3>\n\n\n\n<p>Navegar por las complejidades legales despu\u00e9s de un accidente de cami\u00f3n Norristown requiere habilidad y determinaci\u00f3n para obtener los mejores resultados posibles para un cliente. En MyPhillyLawyer, traemos una riqueza de experiencia a la mesa. Nuestros abogados de accidentes de camiones Norristown est\u00e1n bien versados en el estado de Pennsylvania y las regulaciones federales que rigen la industria del transporte por carretera, que es esencial para <a href=\"https:\/\/www.myphillylawyer.com\/es\/areas-de-practica\/accidentes-de-trafico-2\/accidentes-de-camion\/violacion-de-la-normativa-sobre-transporte-por-carretera\/\">identificaci\u00f3n de infracciones<\/a> que podr\u00eda fortalecer su caso.<\/p>\n\n\n\n<p>Por ejemplo, si una empresa de transporte por carretera no realiza las revisiones de mantenimiento peri\u00f3dicas, el resultado es un accidente. <a href=\"https:\/\/www.myphillylawyer.com\/es\/areas-de-practica\/accidentes-de-trafico-2\/accidentes-de-camion\/accidentes-de-camiones-causados-por-fallos-en-los-frenos\/\">fallo de los frenos<\/a> y un accidente posterior. Nuestro equipo legal investigar\u00eda los registros de mantenimiento, los registros del conductor y otros registros para establecer la negligencia. Tener un equipo legal experimentado de su lado asegura que cada aspecto de su caso sea examinado a fondo, aumentando sus posibilidades de recibir una compensaci\u00f3n justa.<\/p>\n\n\n\n<h2 class=\"wp-block-heading\">P\u00f3ngase en contacto con los abogados de accidentes de camiones Norristown en MyPhillyLawyer<\/h2>\n\n\n\n<p>Elegir la representaci\u00f3n legal adecuada puede marcar la diferencia en el resultado de su caso. MyPhillyLawyer tiene un <a href=\"https:\/\/www.myphillylawyer.com\/es\/resultados\/\">historial demostrado<\/a> de representar con \u00e9xito a las v\u00edctimas de accidentes de camiones en Norristown y las \u00e1reas circundantes. Nuestro equipo se dedica a proporcionar representaci\u00f3n legal personalizada, compasiva y agresiva para asegurar que usted reciba la justicia y la compensaci\u00f3n que se merece.<\/p>\n\n\n\n<p>Nuestra <a href=\"https:\/\/www.myphillylawyer.com\/es\/resenas\/\">enfoque centrado en el cliente<\/a> significa que nos tomamos el tiempo para entender su situaci\u00f3n \u00fanica y adaptar nuestras estrategias legales para satisfacer sus necesidades espec\u00edficas. Ya sea negociando con las compa\u00f1\u00edas de seguros o represent\u00e1ndolo en la corte, nuestros abogados de accidentes de camiones Norristown est\u00e1n comprometidos a lograr el mejor resultado posible para usted.<\/p>\n\n\n\n<p><a href=\"https:\/\/www.myphillylawyer.com\/es\/pongase-en-contacto-con\/\">P\u00f3ngase en contacto con nosotros<\/a> para programar su consulta gratuita. No cuesta nada conocer sus opciones legales.<\/p>","protected":false},"excerpt":{"rendered":"<p>Norristown Abogados de Accidente de Cami\u00f3n Si usted ha estado involucrado en un accidente de cami\u00f3n en Norristown, Pennsylvania, es probable que tenga innumerables preguntas corriendo por su mente. \u00bfQui\u00e9n pagar\u00e1 las facturas m\u00e9dicas? \u00bfCu\u00e1nto tiempo llevar\u00e1 la recuperaci\u00f3n? \u00bfQu\u00e9 pasa con los salarios perdidos? En MyPhillyLawyer, entendemos lo abrumadoras que pueden ser las secuelas de un accidente de cami\u00f3n ....<\/p>","protected":false},"author":9,"featured_media":0,"parent":9593,"menu_order":0,"comment_status":"closed","ping_status":"closed","template":"","meta":{"_acf_changed":false,"footnotes":""},"class_list":["post-12386","page","type-page","status-publish","hentry"],"acf":[],"jetpack_sharing_enabled":true,"_links":{"self":[{"href":"https:\/\/www.myphillylawyer.com\/es\/wp-json\/wp\/v2\/pages\/12386","targetHints":{"allow":["GET"]}}],"collection":[{"href":"https:\/\/www.myphillylawyer.com\/es\/wp-json\/wp\/v2\/pages"}],"about":[{"href":"https:\/\/www.myphillylawyer.com\/es\/wp-json\/wp\/v2\/types\/page"}],"author":[{"embeddable":true,"href":"https:\/\/www.myphillylawyer.com\/es\/wp-json\/wp\/v2\/users\/9"}],"replies":[{"embeddable":true,"href":"https:\/\/www.myphillylawyer.com\/es\/wp-json\/wp\/v2\/comments?post=12386"}],"version-history":[{"count":5,"href":"https:\/\/www.myphillylawyer.com\/es\/wp-json\/wp\/v2\/pages\/12386\/revisions"}],"predecessor-version":[{"id":12391,"href":"https:\/\/www.myphillylawyer.com\/es\/wp-json\/wp\/v2\/pages\/12386\/revisions\/12391"}],"up":[{"embeddable":true,"href":"https:\/\/www.myphillylawyer.com\/es\/wp-json\/wp\/v2\/pages\/9593"}],"wp:attachment":[{"href":"https:\/\/www.myphillylawyer.com\/es\/wp-json\/wp\/v2\/media?parent=12386"}],"curies":[{"name":"wp","href":"https:\/\/api.w.org\/{rel}","templated":true}]}}