{"id":124,"date":"2016-11-01T16:48:40","date_gmt":"2016-11-01T21:48:40","guid":{"rendered":"http:\/\/myphillylawyer.adviadev.com\/?page_id=124"},"modified":"2024-04-30T12:10:40","modified_gmt":"2024-04-30T17:10:40","slug":"negligencia-farmacologica","status":"publish","type":"page","link":"https:\/\/www.myphillylawyer.com\/es\/areas-de-practica\/negligencia-medica\/negligencia-farmacologica\/","title":{"rendered":"Philadelphia Abogado Negligencia Farmacol\u00f3gica"},"content":{"rendered":"<h1 class=\"wp-block-heading\">Philadelphia Abogado Negligencia Farmacol\u00f3gica<\/h1>\n\n\n\n<h4 class=\"wp-block-heading\">\u00bfPuedo demandar a un farmac\u00e9utico?<\/h4>\n\n\n\n<p>\u00bfCree que ha sufrido lesiones o que ha perdido a un ser querido debido a un error farmac\u00e9utico? Errores como una receta mal le\u00edda o rellenada, unas instrucciones de dosificaci\u00f3n mal impresas o el hecho de que un farmac\u00e9utico no explique todas las contraindicaciones pertinentes y las posibles reacciones adversas pueden tener graves consecuencias.<\/p>\n\n\n\n<p>Hay dos cosas que puede hacer inmediatamente si cree que un error farmac\u00e9utico le ha causado una enfermedad o lesi\u00f3n:<\/p>\n\n\n\n<p>En primer lugar, guarde todos los medicamentos restantes, recetas, recibos y cualquier otra documentaci\u00f3n que pueda tener y que le ayude a demostrar la existencia de un error de farmacia y a establecer la cronolog\u00eda.<\/p>\n\n\n\n<h4 class=\"wp-block-heading\">Medidas que debe tomar tras un presunto error farmac\u00e9utico<\/h4>\n\n\n\n<p>En segundo lugar, discuta su caso con un abogado con experiencia en casos de errores farmac\u00e9uticos.<\/p>\n\n\n\n<p>Contacte con abogados con recursos y conocimientos para ayudarle<\/p>\n\n\n\n<p>En <a href=\"https:\/\/www.myphillylawyer.com\/es\/\">MyPhillyLawyer<\/a>, nuestros abogados de demandas por negligencia farmac\u00e9utica tienen m\u00e1s de 100 a\u00f1os de experiencia combinada y un historial de \u00e9xito en el manejo de casos complejos de negligencia. Ofrecemos atenci\u00f3n personalizada y representaci\u00f3n de alta calidad a clientes de toda Pensilvania que han sufrido una lesi\u00f3n o p\u00e9rdida debido a un error farmac\u00e9utico. Ll\u00e1menos hoy al 215-227-2727 o al n\u00famero gratuito (866) 352-4572 para programar una consulta gratuita.<\/p>\n\n\n\n<p><strong>Responsabilidad del farmac\u00e9utico en la prescripci\u00f3n de medicamentos<\/strong><\/p>\n\n\n\n<p>Una situaci\u00f3n en la que un error farmac\u00e9utico puede causar lesiones graves o la muerte se produce en relaci\u00f3n con los pacientes que se vuelven adictos a los medicamentos recetados. Los farmac\u00e9uticos tienen la responsabilidad de controlar la frecuencia con la que dispensan medicamentos adictivos a un paciente concreto. Si no lo hacen, pueden ser considerados responsables de los da\u00f1os causados a ese paciente en una demanda por lesiones personales o muerte por negligencia.<\/p>\n\n\n\n<p><strong>C\u00f3mo ayuda nuestro equipo legal a las v\u00edctimas de errores farmac\u00e9uticos<\/strong><\/p>\n\n\n\n<p>Tenemos acceso a amplios recursos, incluidos investigadores independientes y respetados expertos m\u00e9dicos, para establecer los hechos en su caso. Trabajamos con estos especialistas para demostrar qu\u00e9 medicaci\u00f3n y qu\u00e9 cantidad deber\u00eda haberse recetado y dispensado, en contraposici\u00f3n a lo que usted o su ser querido recibieron realmente en la farmacia.<\/p>\n\n\n\n<h2 class=\"wp-block-heading\">Philly Abogados de errores de farmacia. Llame al 215-227-2727.<\/h2>\n\n\n\n<p>Concierte una consulta inicial gratuita con un <a href=\"https:\/\/www.myphillylawyer.com\/es\/areas-de-practica\/negligencia-medica\/errores-de-medicacion\/\">Philadelphia abogado de errores de farmacia<\/a> hoy mismo. Ll\u00e1menos gratis al (866) 352-4572 o <a href=\"https:\/\/www.myphillylawyer.com\/es\/pongase-en-contacto-con\/\">contacte con nuestros abogados especialistas en negligencias farmacol\u00f3gicas<\/a> en l\u00ednea.<\/p>","protected":false},"excerpt":{"rendered":"<p>Philadelphia Abogado Negligencia Farmacol\u00f3gica \u00bfPuedo presentar una demanda contra un farmac\u00e9utico? \u00bfCree que ha sufrido lesiones o ha perdido a un ser querido debido a un error de la farmacia? Errores como una receta mal le\u00edda o rellenada, instrucciones de dosificaci\u00f3n mal impresas, o el hecho de que un farmac\u00e9utico no explique todas las contraindicaciones y posibles...<\/p>","protected":false},"author":9,"featured_media":10807,"parent":7452,"menu_order":0,"comment_status":"closed","ping_status":"closed","template":"","meta":{"_acf_changed":false,"jetpack_post_was_ever_published":false,"footnotes":""},"class_list":["post-124","page","type-page","status-publish","has-post-thumbnail","hentry"],"acf":[],"jetpack_sharing_enabled":true,"_links":{"self":[{"href":"https:\/\/www.myphillylawyer.com\/es\/wp-json\/wp\/v2\/pages\/124","targetHints":{"allow":["GET"]}}],"collection":[{"href":"https:\/\/www.myphillylawyer.com\/es\/wp-json\/wp\/v2\/pages"}],"about":[{"href":"https:\/\/www.myphillylawyer.com\/es\/wp-json\/wp\/v2\/types\/page"}],"author":[{"embeddable":true,"href":"https:\/\/www.myphillylawyer.com\/es\/wp-json\/wp\/v2\/users\/9"}],"replies":[{"embeddable":true,"href":"https:\/\/www.myphillylawyer.com\/es\/wp-json\/wp\/v2\/comments?post=124"}],"version-history":[{"count":5,"href":"https:\/\/www.myphillylawyer.com\/es\/wp-json\/wp\/v2\/pages\/124\/revisions"}],"predecessor-version":[{"id":11585,"href":"https:\/\/www.myphillylawyer.com\/es\/wp-json\/wp\/v2\/pages\/124\/revisions\/11585"}],"up":[{"embeddable":true,"href":"https:\/\/www.myphillylawyer.com\/es\/wp-json\/wp\/v2\/pages\/7452"}],"wp:featuredmedia":[{"embeddable":true,"href":"https:\/\/www.myphillylawyer.com\/es\/wp-json\/wp\/v2\/media\/10807"}],"wp:attachment":[{"href":"https:\/\/www.myphillylawyer.com\/es\/wp-json\/wp\/v2\/media?parent=124"}],"curies":[{"name":"wp","href":"https:\/\/api.w.org\/{rel}","templated":true}]}}