{"id":130,"date":"2016-11-01T16:49:50","date_gmt":"2016-11-01T21:49:50","guid":{"rendered":"http:\/\/myphillylawyer.adviadev.com\/?page_id=130"},"modified":"2024-04-30T09:30:07","modified_gmt":"2024-04-30T14:30:07","slug":"falta-de-diagnostico-diagnostico-tardio","status":"publish","type":"page","link":"https:\/\/www.myphillylawyer.com\/es\/areas-de-practica\/negligencia-medica\/tratamiento-diagnostico-inadecuado\/falta-de-diagnostico-diagnostico-tardio\/","title":{"rendered":"Fallo en el diagn\u00f3stico"},"content":{"rendered":"<h1 class=\"wp-block-heading\">Fallo en el diagn\u00f3stico<\/h1>\n\n\n\n<h4 class=\"wp-block-heading\">\u00bfPuedo presentar una demanda si un proveedor no me ha diagnosticado la enfermedad?<\/h4>\n\n\n\n<p>La falta de diagn\u00f3stico o el diagn\u00f3stico tard\u00edo de una enfermedad grave, como c\u00e1ncer, cardiopat\u00eda, infecci\u00f3n por estafilococos o meningitis, puede hacer que la enfermedad pase de ser f\u00e1cilmente tratable a ser mortal.<\/p>\n\n\n\n<p>Si sufri\u00f3 graves consecuencias por no diagnosticar una amenaza grave para la salud en Pensilvania, puede emprender acciones legales mediante la presentaci\u00f3n de una demanda por negligencia m\u00e9dica. Los abogados especializados en negligencia m\u00e9dica de Philadelphia pueden ayudarle. Aportamos m\u00e1s de 100 a\u00f1os de experiencia combinada, ayud\u00e1ndole a recuperar una compensaci\u00f3n completa y justa por su sufrimiento.<\/p>\n\n\n\n<p>P\u00f3ngase en contacto con un abogado con experiencia en MyPhillyLawyer hoy para discutir su caso en una consulta inicial gratuita. Llame al 215-227-2727.<\/p>\n\n\n\n<p><strong>Tipos de casos que llevamos<\/strong><\/p>\n\n\n\n<p>Tramitamos demandas por negligencia m\u00e9dica y homicidio culposo derivadas de la falta de diagn\u00f3stico o el diagn\u00f3stico tard\u00edo de:<\/p>\n\n\n\n<ul class=\"wp-block-list\">\n<li>C\u00e1ncer de mama y otros tipos de c\u00e1ncer<\/li>\n\n\n\n<li>Cardiopat\u00edas<\/li>\n\n\n\n<li>Infecciones estafiloc\u00f3cicas<\/li>\n\n\n\n<li>Meningitis<\/li>\n\n\n\n<li>Otras enfermedades e infecciones graves<\/li>\n<\/ul>\n\n\n\n<h4 class=\"wp-block-heading\">Causas del fracaso del diagn\u00f3stico<\/h4>\n\n\n\n<p>En muchos casos, la falta de diagn\u00f3stico puede producirse cuando los profesionales sanitarios simplemente no escuchan a los pacientes. Al no tomar en serio los s\u00edntomas, los m\u00e9dicos pasan por alto informaci\u00f3n importante y a menudo no realizan las pruebas y estudios diagn\u00f3sticos necesarios. En otros casos, los m\u00e9dicos interpretan mal las exploraciones radiol\u00f3gicas, lo que les hace pasar por alto signos de c\u00e1ncer u otras enfermedades.<\/p>\n\n\n\n<h4 class=\"wp-block-heading\">Resultados del diagn\u00f3stico fallido<\/h4>\n\n\n\n<p>Un diagn\u00f3stico err\u00f3neo puede conducir a la muerte en demasiados casos. No diagnosticar una cardiopat\u00eda o una irregularidad vascular puede provocar un infarto o un ictus mortal. Adem\u00e1s, infecciones graves como el SARM (una forma de infecci\u00f3n por estafilococo a menudo denominada \"mersa\" o \"la superbacteria\") no s\u00f3lo pueden provocar un desastre personal, sino que pueden propagarse a un brote m\u00e1s amplio si no se diagnostican y tratan.<\/p>\n\n\n\n<p>En cualquier caso en que la negligencia en el diagn\u00f3stico de una enfermedad potencialmente grave o potencialmente mortal haya causado da\u00f1os graves, el equipo de abogados y expertos independientes de MyPhillyLawyer puede ayudarle. Estamos aqu\u00ed para proporcionar un asesoramiento jur\u00eddico s\u00f3lido y una representaci\u00f3n dedicada. No nos intimidan las grandes compa\u00f1\u00edas de seguros y no dudaremos en llevar su caso a juicio para obtener una indemnizaci\u00f3n justa.<\/p>\n\n\n\n<p><strong>Llame al 215-227-2727 para una consulta gratuita si su condici\u00f3n fue mal diagnosticado<\/strong><\/p>\n\n\n\n<p><a href=\"\/es\/pongase-en-contacto-con\/\">P\u00f3ngase en contacto con<\/a> nuestras oficinas legales hoy para programar una consulta inicial gratuita con un abogado experimentado y eficiente.<\/p>","protected":false},"excerpt":{"rendered":"<p>Falta de diagn\u00f3stico \u00bfPuedo presentar una demanda si un proveedor no me diagnostic\u00f3 la enfermedad? La falta de diagn\u00f3stico o el diagn\u00f3stico tard\u00edo de una enfermedad grave, como el c\u00e1ncer, enfermedades del coraz\u00f3n, infecci\u00f3n por estafilococos o meningitis, puede permitir que la enfermedad pase de ser f\u00e1cilmente tratable a poner en peligro la vida. Si ha sufrido graves consecuencias por una falta de diagn\u00f3stico...<\/p>","protected":false},"author":9,"featured_media":11006,"parent":126,"menu_order":0,"comment_status":"closed","ping_status":"closed","template":"","meta":{"_acf_changed":false,"jetpack_post_was_ever_published":false,"footnotes":""},"class_list":["post-130","page","type-page","status-publish","has-post-thumbnail","hentry"],"acf":[],"jetpack_sharing_enabled":true,"_links":{"self":[{"href":"https:\/\/www.myphillylawyer.com\/es\/wp-json\/wp\/v2\/pages\/130","targetHints":{"allow":["GET"]}}],"collection":[{"href":"https:\/\/www.myphillylawyer.com\/es\/wp-json\/wp\/v2\/pages"}],"about":[{"href":"https:\/\/www.myphillylawyer.com\/es\/wp-json\/wp\/v2\/types\/page"}],"author":[{"embeddable":true,"href":"https:\/\/www.myphillylawyer.com\/es\/wp-json\/wp\/v2\/users\/9"}],"replies":[{"embeddable":true,"href":"https:\/\/www.myphillylawyer.com\/es\/wp-json\/wp\/v2\/comments?post=130"}],"version-history":[{"count":7,"href":"https:\/\/www.myphillylawyer.com\/es\/wp-json\/wp\/v2\/pages\/130\/revisions"}],"predecessor-version":[{"id":11568,"href":"https:\/\/www.myphillylawyer.com\/es\/wp-json\/wp\/v2\/pages\/130\/revisions\/11568"}],"up":[{"embeddable":true,"href":"https:\/\/www.myphillylawyer.com\/es\/wp-json\/wp\/v2\/pages\/126"}],"wp:featuredmedia":[{"embeddable":true,"href":"https:\/\/www.myphillylawyer.com\/es\/wp-json\/wp\/v2\/media\/11006"}],"wp:attachment":[{"href":"https:\/\/www.myphillylawyer.com\/es\/wp-json\/wp\/v2\/media?parent=130"}],"curies":[{"name":"wp","href":"https:\/\/api.w.org\/{rel}","templated":true}]}}