{"id":136,"date":"2016-11-01T16:52:11","date_gmt":"2016-11-01T21:52:11","guid":{"rendered":"http:\/\/myphillylawyer.adviadev.com\/?page_id=136"},"modified":"2024-05-22T12:42:01","modified_gmt":"2024-05-22T17:42:01","slug":"error-radiologico","status":"publish","type":"page","link":"https:\/\/www.myphillylawyer.com\/es\/areas-de-practica\/negligencia-medica\/error-radiologico\/","title":{"rendered":"Philadelphia Abogado de errores radiol\u00f3gicos"},"content":{"rendered":"<h4 class=\"wp-block-heading\">No interpretar correctamente los informes radiol\u00f3gicos<\/h4>\n\n\n\n<p>Los estudios radiol\u00f3gicos son una herramienta diagn\u00f3stica fundamental en muchas ramas de la medicina, desde la obstetricia y la ginecolog\u00eda hasta la atenci\u00f3n de urgencias y la oncolog\u00eda. Tanto m\u00e9dicos como pacientes conf\u00edan en que las radiograf\u00edas, resonancias magn\u00e9ticas, mamograf\u00edas y tomograf\u00edas computarizadas sean seguras y precisas. Aun as\u00ed, se producen errores graves. Errores radiol\u00f3gicos como no leer con precisi\u00f3n una prueba o realizar pruebas innecesarias o peligrosas pueden provocar lesiones graves e incluso contribuir a la muerte por negligencia.<\/p>\n\n\n\n<figure class=\"wp-block-image\"><img decoding=\"async\" src=\"[uploadurl]\/2016\/12\/random-15.jpg\" alt=\"\" class=\"wp-image-741\" title=\"\"><\/figure>\n\n\n\n<p>En MyPhillyLawyer somos expertos en la tramitaci\u00f3n de complejas demandas por negligencia m\u00e9dica. Nuestros abogados tienen m\u00e1s de 100 a\u00f1os de experiencia combinada que pondr\u00e1n a trabajar para ayudarle a recuperar la compensaci\u00f3n total por su sufrimiento.<\/p>\n\n\n\n<p>Ll\u00e1menos gratis al (866) 352-4572 para concertar una consulta inicial gratuita con nuestros abogados especializados en negligencia m\u00e9dica Philadelphia.<\/p>\n\n\n\n<h4 class=\"wp-block-heading\">Consecuencias de los errores radiol\u00f3gicos<\/h4>\n\n\n\n<p>Las confusiones hospitalarias pueden hacer que no se vea la fractura en una radiograf\u00eda. Aunque al principio no parezca grave, este error puede llevar a una reparaci\u00f3n defectuosa del hueso y, potencialmente, a la p\u00e9rdida de uso de la extremidad afectada. No leer correctamente una mamograf\u00eda u otra prueba puede conducir a un diagn\u00f3stico err\u00f3neo, permitiendo la met\u00e1stasis de tumores cancerosos. Lo que antes era una afecci\u00f3n tratable ahora puede ser mortal, y todo por un error radiol\u00f3gico.<\/p>\n\n\n\n<p>A veces, la mera realizaci\u00f3n de las pruebas puede causar da\u00f1os. Realizar una radiograf\u00eda u otro estudio radiol\u00f3gico a una mujer sin hacer antes una prueba de embarazo puede provocar intoxicaci\u00f3n fetal por radiaci\u00f3n, malformaciones cong\u00e9nitas y abortos espont\u00e1neos.<\/p>\n\n\n\n<p>\u00bfCree que puede presentar una demanda por negligencia profesional debido a la negligencia de un m\u00e9dico o radi\u00f3logo? \u00bfLe han dicho que un m\u00e9dico no realiz\u00f3 adecuadamente o ley\u00f3 con precisi\u00f3n una radiograf\u00eda, un TAC u otro estudio radiol\u00f3gico? En <a href=\"https:\/\/www.myphillylawyer.com\/es\/\">MyPhillyLawyer<\/a>Analizaremos cuidadosamente su reclamaci\u00f3n. Le daremos una opini\u00f3n honesta acerca de si usted tiene un caso de error de radiolog\u00eda y sus opciones legales para obtener una indemnizaci\u00f3n.<\/p>\n\n\n\n<p><strong>Diagn\u00f3stico err\u00f3neo de c\u00e1ncer en una radiograf\u00eda rutinaria... \u00bfExiste responsabilidad?<\/strong><\/p>\n\n\n\n<p>Imaginemos un caso en el que un paciente ingresa en un hospital o consulta m\u00e9dica con gripe o cualquier otra enfermedad grave pero no necesariamente potencialmente mortal. El m\u00e9dico que le trata solicita una placa de t\u00f3rax rutinaria para descartar una neumon\u00eda. Cuando llega la prueba del laboratorio, el m\u00e9dico ignora o no reconoce que la radiograf\u00eda del paciente muestra claros indicios de c\u00e1ncer de pulm\u00f3n y se limita a recetar un antibi\u00f3tico. Al cabo de un tiempo, el paciente recibe por fin un diagn\u00f3stico preciso, pero el c\u00e1ncer ya es terminal. Una familia ha perdido a un ser querido por un error negligente y f\u00e1cilmente evitable.<\/p>\n\n\n\n<h2 class=\"wp-block-heading\">Llame al 215-227-2727 para una consulta gratuita con un abogado de error radiol\u00f3gico Philly<\/h2>\n\n\n\n<p>En un caso como \u00e9ste, el respetado <a href=\"https:\/\/www.myphillylawyer.com\/es\/areas-de-practica\/negligencia-medica\/\">abogados de negligencia m\u00e9dica<\/a> en MyPhillyLawyer puede ayudar a identificar a las partes responsables y construir un caso de gran alcance para la responsabilidad por negligencia m\u00e9dica. Para obtener m\u00e1s informaci\u00f3n sobre c\u00f3mo podemos ayudarle a presentar una demanda por lesiones personales o muerte por negligencia, <a href=\"\/es\/pongase-en-contacto-con\/\">p\u00f3ngase en contacto con<\/a> nuestro bufete Philadelphia hoy mismo.<\/p>","protected":false},"excerpt":{"rendered":"<p>No interpretar correctamente los informes radiol\u00f3gicos Los estudios radiol\u00f3gicos son una herramienta diagn\u00f3stica fundamental en muchas ramas de la medicina, desde la obstetricia y la ginecolog\u00eda hasta la atenci\u00f3n de urgencias y la oncolog\u00eda. Tanto los m\u00e9dicos como los pacientes conf\u00edan en que las radiograf\u00edas, resonancias magn\u00e9ticas, mamograf\u00edas y tomograf\u00edas computarizadas sean seguras y precisas. Aun as\u00ed, se producen errores graves. Errores radiol\u00f3gicos como el fallo...<\/p>","protected":false},"author":9,"featured_media":0,"parent":7452,"menu_order":0,"comment_status":"closed","ping_status":"closed","template":"","meta":{"_acf_changed":false,"jetpack_post_was_ever_published":false,"footnotes":""},"class_list":["post-136","page","type-page","status-publish","hentry"],"acf":[],"jetpack_sharing_enabled":true,"_links":{"self":[{"href":"https:\/\/www.myphillylawyer.com\/es\/wp-json\/wp\/v2\/pages\/136","targetHints":{"allow":["GET"]}}],"collection":[{"href":"https:\/\/www.myphillylawyer.com\/es\/wp-json\/wp\/v2\/pages"}],"about":[{"href":"https:\/\/www.myphillylawyer.com\/es\/wp-json\/wp\/v2\/types\/page"}],"author":[{"embeddable":true,"href":"https:\/\/www.myphillylawyer.com\/es\/wp-json\/wp\/v2\/users\/9"}],"replies":[{"embeddable":true,"href":"https:\/\/www.myphillylawyer.com\/es\/wp-json\/wp\/v2\/comments?post=136"}],"version-history":[{"count":5,"href":"https:\/\/www.myphillylawyer.com\/es\/wp-json\/wp\/v2\/pages\/136\/revisions"}],"predecessor-version":[{"id":12088,"href":"https:\/\/www.myphillylawyer.com\/es\/wp-json\/wp\/v2\/pages\/136\/revisions\/12088"}],"up":[{"embeddable":true,"href":"https:\/\/www.myphillylawyer.com\/es\/wp-json\/wp\/v2\/pages\/7452"}],"wp:attachment":[{"href":"https:\/\/www.myphillylawyer.com\/es\/wp-json\/wp\/v2\/media?parent=136"}],"curies":[{"name":"wp","href":"https:\/\/api.w.org\/{rel}","templated":true}]}}