{"id":13632,"date":"2025-06-17T17:34:05","date_gmt":"2025-06-17T22:34:05","guid":{"rendered":"https:\/\/www.myphillylawyer.com\/?page_id=13632"},"modified":"2026-03-26T17:11:58","modified_gmt":"2026-03-26T22:11:58","slug":"abogado-de-accidente-de-coche","status":"publish","type":"page","link":"https:\/\/www.myphillylawyer.com\/es\/zonas-atendidas\/bensalem\/abogado-de-accidente-de-coche\/","title":{"rendered":"Bensalem Abogado de accidente de coche"},"content":{"rendered":"<h1 class=\"wp-block-heading\" id=\"car-accident-lawyer-in-bensalem-your-guide-to-justice-and-recovery\">Abogado de accidente de coche en Bensalem: Su gu\u00eda para la justicia y la recuperaci\u00f3n<\/h1>\n\n\n\n<p>Si fueras <a href=\"https:\/\/www.myphillylawyer.com\/es\/zonas-atendidas\/bensalem\/\">herido en un accidente de coche en Bensalem<\/a>es probable que se enfrente a algo m\u00e1s que dolor f\u00edsico. Los gastos m\u00e9dicos, las n\u00f3minas perdidas y las constantes llamadas de los peritos de seguros pueden apoderarse r\u00e1pidamente de su vida cotidiana. No deber\u00eda tener que lidiar con todo eso usted solo. <a href=\"https:\/\/www.myphillylawyer.com\/es\/\">MyPhillyLawyer<\/a> trabaja directamente con las v\u00edctimas de accidentes para responsabilizar a los conductores negligentes, proteger sus derechos y ayudarle a seguir adelante con el apoyo financiero que necesita.<\/p>\n\n\n\n<div class=\"wp-block-rank-math-toc-block\" id=\"rank-math-toc\"><h2>\u00cdndice<\/h2><nav><ul><li><a href=\"#why-you-need-a-car-accident-lawyer-after-a-crash-in-bensalem\">Por qu\u00e9 necesita un abogado de accidente de coche despu\u00e9s de un accidente en Bensalem<\/a><\/li><li><a href=\"#understanding-pennsylvania-car-accident-laws-what-makes-bensalem-unique\">Entender las leyes de Pennsylvania accidente de coche: \u00bfQu\u00e9 hace Bensalem \u00fanico?<\/a><\/li><li><a href=\"#what-to-do-after-a-car-accident-in-bensalem\">Qu\u00e9 hacer tras un accidente de tr\u00e1fico en Bensalem<\/a><\/li><li><a href=\"#types-of-compensation-available-after-a-bensalem-car-accident\">Tipos de indemnizaci\u00f3n disponibles despu\u00e9s de un accidente de coche Bensalem<\/a><\/li><li><a href=\"#how-a-my-philly-lawyer-car-accident-attorney-supports-your-claim\">C\u00f3mo un abogado de accidentes de coche MyPhillyLawyer apoya su reclamaci\u00f3n<\/a><\/li><li><a href=\"#fa-qs-about-car-accident-claims-in-bensalem\">Preguntas frecuentes sobre reclamaciones por accidentes de tr\u00e1fico en Bensalem<\/a><\/li><li><a href=\"#how-to-know-if-youre-hiring-the-best-car-accident-lawyer-in-bensalem-pennsylvania\">C\u00f3mo saber si est\u00e1 contratando al mejor abogado de accidentes de coche en Bensalem, Pennsylvania<\/a><\/li><\/ul><\/nav><\/div>\n\n\n\n<h2 class=\"wp-block-heading\" id=\"why-you-need-a-car-accident-lawyer-after-a-crash-in-bensalem\">Por qu\u00e9 necesita un abogado de accidente de coche despu\u00e9s de un accidente en Bensalem<\/h2>\n\n\n\n<p>Despu\u00e9s de un accidente de coche en Bensalem, es f\u00e1cil sentir que todo est\u00e1 trabajando en su contra. Usted puede estar enfrentando la presi\u00f3n de los ajustadores de seguros, el aumento de las facturas m\u00e9dicas, y el tiempo fuera del trabajo, todo mientras trata de sanar. Pennsylvania \"elecci\u00f3n sin culpa\" las leyes de seguros a\u00f1adir otra capa de estr\u00e9s, por lo que es m\u00e1s dif\u00edcil saber sus derechos o lo que tiene derecho a recibir. Sin el apoyo legal adecuado, muchas personas se conforman con mucho menos de lo que merecen.<\/p>\n\n\n\n<p>Los conductores del Bensalem se enfrentan a peligros todos los d\u00edas. Giros cerrados, medianas confusas y tr\u00e1fico denso cerca de zonas comerciales como Franklin Mills crean condiciones de riesgo, especialmente en hora punta. A <a href=\"https:\/\/www.myphillylawyer.com\/es\/areas-de-practica\/accidentes-de-trafico-2\/\">abogado local de accidentes de coche<\/a> sabe c\u00f3mo contribuyen estas carreteras a los accidentes y entiende c\u00f3mo construir un caso que refleje lo que realmente ocurri\u00f3.<\/p>\n\n\n\n<p>Cuando una compa\u00f1\u00eda de seguros llama con una oferta de liquidaci\u00f3n r\u00e1pida, puede parecer la opci\u00f3n m\u00e1s f\u00e1cil. Sin embargo, aceptar demasiado pronto puede dejarle sin lo suficiente para cubrir la atenci\u00f3n m\u00e9dica a largo plazo o la p\u00e9rdida de ingresos. A <a href=\"https:\/\/www.myphillylawyer.com\/es\/abogados\/\">abogado de MyPhillyLawyer<\/a> revisar\u00e1 su caso, identificar\u00e1 lo que realmente se le debe y se encargar\u00e1 del proceso para que usted pueda centrarse en su recuperaci\u00f3n. Ese tipo de apoyo puede marcar una verdadera diferencia.<\/p>\n\n\n\n<h2 class=\"wp-block-heading\" id=\"understanding-pennsylvania-car-accident-laws-what-makes-bensalem-unique\">Entender las leyes de Pennsylvania accidente de coche: \u00bfQu\u00e9 hace Bensalem \u00fanico?<\/h2>\n\n\n\n<p>\u00bfSab\u00eda usted que Pennsylvania es uno de s\u00f3lo un pu\u00f1ado de estados con \"elecci\u00f3n sin culpa\" de seguros? Si usted nunca ha estado en un accidente antes, t\u00e9rminos como \"agravio limitado\" y \"agravio completo\" puede sonar confuso. Esto es lo que necesita saber: despu\u00e9s de un <a href=\"https:\/\/www.myphillylawyer.com\/es\/zonas-atendidas\/upper-darby\/abogados-de-accidentes-de-coche-2\/\">accidente de tr\u00e1fico<\/a>su p\u00f3liza de seguro suele pagar sus gastos m\u00e9dicos, independientemente de la culpa. Pero cuando tus lesiones son graves o se superan los l\u00edmites de tu p\u00f3liza, puedes tener derecho a una indemnizaci\u00f3n del seguro del conductor culpable.<\/p>\n\n\n\n<p>En el caso Bensalem y en todo el estado de Pensilvania, la posibilidad de demandar por da\u00f1os morales depende de <a href=\"https:\/\/www.myphillylawyer.com\/es\/areas-de-practica\/accidentes-de-trafico-2\/seguro\/guia-sobre-el-seguro-de-automovil-en-pensilvania\/\">tipo de seguro<\/a> que usted haya seleccionado. La opci\u00f3n \u201cresponsabilidad civil limitada\u201d restringe su derecho a demandar, mientras que \u201c<a href=\"https:\/\/www.myphillylawyer.com\/es\/areas-de-practica\/accidentes-de-trafico-2\/seguro\/agravio-completo\/\">agravio completo<\/a>\"le otorga derechos m\u00e1s amplios, incluso por da\u00f1os no econ\u00f3micos como el dolor y la angustia emocional. Sin embargo, hay excepciones a estas normas, sobre todo si has sufrido una \"lesi\u00f3n grave\".<\/p>\n\n\n\n<p>Las leyes locales tambi\u00e9n <a href=\"https:\/\/www.myphillylawyer.com\/es\/areas-de-practica\/accidentes-de-trafico-2\/preguntas-frecuentes-2\/hay-un-limite-de-tiempo-en-mi-demanda-de-accidente-de-coche-en-pennsylvania\/\">fijar plazos estrictos (prescripci\u00f3n)<\/a> para presentar una reclamaci\u00f3n, normalmente dos a\u00f1os a partir de la fecha del accidente. Pasar por alto esta ventana puede significar perder su derecho a una indemnizaci\u00f3n por completo. Trabajar con un abogado de accidentes de coche Bensalem asegura que usted entienda sus derechos, cumplir con los plazos, y construir el caso m\u00e1s fuerte posible.<\/p>\n\n\n\n<h2 class=\"wp-block-heading\" id=\"what-to-do-after-a-car-accident-in-bensalem\">Qu\u00e9 hacer tras un accidente de tr\u00e1fico en Bensalem<\/h2>\n\n\n\n<p>Lo que se hace en el acta <a href=\"https:\/\/www.myphillylawyer.com\/es\/areas-de-practica\/accidentes-de-trafico-2\/preguntas-frecuentes-2\/que-debo-hacer-tras-un-accidente\/\">despu\u00e9s de un accidente en Bensalem<\/a> puede dar forma a todo lo que sigue. Si el accidente ocurri\u00f3 cerca de Street Road, en Knights Road, o al tratar de hacer una de las curvas cerradas jughandle cerca de la Ruta 1, sus pr\u00f3ximos pasos son importantes. Empieza por comprobar si t\u00fa y tus acompa\u00f1antes est\u00e1is heridos. Llama inmediatamente al 911, aunque los da\u00f1os parezcan menores. Obtener un informe policial no es s\u00f3lo rutina. Es una prueba clave si m\u00e1s adelante tienes que presentar una reclamaci\u00f3n.<\/p>\n\n\n\n<p>Mientras esperas a que llegue la ayuda, documenta todo lo que puedas. Utiliza tu tel\u00e9fono para hacer fotos de los veh\u00edculos, del tr\u00e1fico circundante y de cualquier herida visible. Aseg\u00farate de <a href=\"https:\/\/www.myphillylawyer.com\/es\/areas-de-practica\/accidentes-de-trafico-2\/las-intersecciones-y-carreteras-mas-peligrosas-de-filadelfia\/\">capturar im\u00e1genes de la intersecci\u00f3n<\/a> o carril de giro si ha contribuido al accidente. Intercambia datos de contacto y del seguro con el otro conductor. Si alguien vio lo ocurrido, p\u00eddele su nombre y n\u00famero de tel\u00e9fono. Estos datos pueden ser cruciales m\u00e1s adelante.<\/p>\n\n\n\n<p>Evita hablar de qui\u00e9n caus\u00f3 el accidente. No publique nada al respecto en Internet. Un comentario r\u00e1pido o una disculpa, aunque sean inocentes, podr\u00edan perjudicar su caso. Una vez en casa, ponte en contacto con tu compa\u00f1\u00eda de seguros para informar del accidente. <a href=\"https:\/\/www.myphillylawyer.com\/es\/areas-de-practica\/accidentes-de-trafico-2\/seguro\/\">Tenga cuidado con lo que dice<\/a>. Los liquidadores de siniestros est\u00e1n entrenados para proteger su cuenta de resultados, no tu recuperaci\u00f3n.<\/p>\n\n\n\n<p>Antes de que las cosas se compliquen m\u00e1s, <a href=\"https:\/\/www.myphillylawyer.com\/es\/pongase-en-contacto-con\/\">p\u00f3ngase en contacto con un abogado de accidentes de coche Bensalem en MyPhillyLawyer<\/a>. Sabemos c\u00f3mo ocurren estos accidentes, entendemos las carreteras locales, y estamos dispuestos a proteger sus intereses mientras usted se centra en la curaci\u00f3n.<\/p>\n\n\n\n<h2 class=\"wp-block-heading\" id=\"types-of-compensation-available-after-a-bensalem-car-accident\">Tipos de indemnizaci\u00f3n disponibles despu\u00e9s de un accidente de coche Bensalem<\/h2>\n\n\n\n<p>Despu\u00e9s de un accidente, muchas personas se preguntan: \"\u00bfA qu\u00e9 tengo derecho?\". La compensaci\u00f3n, o \"da\u00f1os\", en los casos de accidentes de coche en Pensilvania puede ser extensa, e ir mucho m\u00e1s all\u00e1 de sus facturas m\u00e9dicas inmediatas.<\/p>\n\n\n\n<p>Los da\u00f1os econ\u00f3micos incluyen todos los costes tangibles en los que incurre, como:<\/p>\n\n\n\n<ul class=\"wp-block-list\">\n<li>Gastos m\u00e9dicos (hospitalizaciones, intervenciones quir\u00fargicas, visitas al m\u00e9dico, medicamentos)<\/li>\n\n\n\n<li>Salarios perdidos (si sus lesiones le impiden trabajar)<\/li>\n\n\n\n<li>Da\u00f1os materiales (la reparaci\u00f3n o sustituci\u00f3n de su veh\u00edculo)<\/li>\n\n\n\n<li>Futuros cuidados m\u00e9dicos o rehabilitaci\u00f3n<\/li>\n<\/ul>\n\n\n\n<p>Pero \u00bfsab\u00eda que tambi\u00e9n puede tener derecho a da\u00f1os no econ\u00f3micos? Estos tienen en cuenta las formas intangibles en que su vida ha cambiado, tales como:<\/p>\n\n\n\n<ul class=\"wp-block-list\">\n<li>Dolor y sufrimiento<\/li>\n\n\n\n<li>Angustia emocional o trauma<\/li>\n\n\n\n<li>P\u00e9rdida del disfrute de la vida<\/li>\n\n\n\n<li>P\u00e9rdida de compa\u00f1\u00eda (en <a href=\"https:\/\/www.myphillylawyer.com\/es\/zonas-atendidas\/bensalem\/abogados-de-muerte-por-negligencia\/\">casos de muerte por negligencia<\/a>)<\/li>\n<\/ul>\n\n\n\n<p>Cada caso es \u00fanico, y los da\u00f1os espec\u00edficos disponibles dependen de los hechos de su accidente, sus lesiones y la cobertura de su seguro. En MyPhillyLawyer, trabajamos sin descanso para asegurar que cada aspecto de su p\u00e9rdida se tiene en cuenta para que reciba la compensaci\u00f3n total que se merece.<\/p>\n\n\n\n<h2 class=\"wp-block-heading\" id=\"how-a-my-philly-lawyer-car-accident-attorney-supports-your-claim\">C\u00f3mo un abogado de accidentes de coche MyPhillyLawyer apoya su reclamaci\u00f3n<\/h2>\n\n\n\n<p>\u00bfSe pregunta qu\u00e9 hace realmente por usted un abogado especializado? En MyPhillyLawyer, <a href=\"https:\/\/www.myphillylawyer.com\/es\/abogados\/\">nuestro equipo<\/a> tiene un enfoque integral para representar a las v\u00edctimas de accidentes Bensalem. Nos encargamos de todos los aspectos de su reclamaci\u00f3n para que pueda concentrarse en curarse.<\/p>\n\n\n\n<p>En primer lugar, ofrecemos una consulta gratuita y sin compromiso para revisar su caso, responder a sus preguntas y explicar sus opciones legales. A continuaci\u00f3n, llevamos a cabo una investigaci\u00f3n exhaustiva, la recopilaci\u00f3n de pruebas, entrevistando a testigos, y trabajar con expertos en reconstrucci\u00f3n de accidentes cuando sea necesario.<\/p>\n\n\n\n<p>Trabajamos estrechamente con las compa\u00f1\u00edas de seguros, negociando agresivamente para conseguir un acuerdo justo. Si las negociaciones se rompen o la aseguradora se niega a ser razonable, estamos totalmente preparados para llevar su caso a los tribunales. Durante todo el proceso, le mantenemos informado, capacitado e involucrado en cada decisi\u00f3n importante.<\/p>\n\n\n\n<p>Nuestro objetivo no es s\u00f3lo ganar su caso, sino asegurarnos de que se sienta apoyado y respetado en cada paso del camino. Creemos que la justicia no se trata s\u00f3lo de una cantidad de dinero, se trata de restaurar su paz mental y ayudarle a seguir adelante despu\u00e9s de un evento traum\u00e1tico.<\/p>\n\n\n\n<h2 class=\"wp-block-heading\" id=\"fa-qs-about-car-accident-claims-in-bensalem\">Preguntas frecuentes sobre reclamaciones por accidentes de tr\u00e1fico en Bensalem<\/h2>\n\n\n\n<h3 class=\"wp-block-heading\" id=\"do-i-have-to-pay-for-an-initial-consultation-with-my-philly-lawyer\">\u00bfTengo que pagar por una consulta inicial con MyPhillyLawyer?<\/h3>\n\n\n\n<p>No. Su primera consulta con <a href=\"https:\/\/www.myphillylawyer.com\/es\/zonas-atendidas\/bensalem\/abogado-de-accidente-de-coche\/\">nuestros abogados de accidentes de coche<\/a> es completamente gratuito. Revisaremos su caso y discutiremos sus opciones, y s\u00f3lo nos pagar\u00e1 si recuperamos una indemnizaci\u00f3n para usted.<\/p>\n\n\n\n<h3 class=\"wp-block-heading\" id=\"how-long-will-my-car-accident-claim-take-to-resolve\">\u00bfCu\u00e1nto tardar\u00e1 en resolverse mi reclamaci\u00f3n por accidente de tr\u00e1fico?<\/h3>\n\n\n\n<p>El plazo var\u00eda en funci\u00f3n de la complejidad de su caso, la gravedad de sus lesiones y si la compa\u00f1\u00eda de seguros est\u00e1 dispuesta a negociar equitativamente. Algunas reclamaciones se resuelven en pocos meses, mientras que otras pueden tardar un a\u00f1o o m\u00e1s si es necesario un juicio. Nos esforzamos por avanzar en su reclamo de manera eficiente al tiempo que garantiza que reciba el mejor resultado posible.<\/p>\n\n\n\n<h3 class=\"wp-block-heading\" id=\"what-if-the-other-driver-didnt-have-insurance\">\u00bfY si el otro conductor no ten\u00eda seguro?<\/h3>\n\n\n\n<p>Si el conductor culpable no ten\u00eda seguro o ten\u00eda un seguro insuficiente, a\u00fan puede tener opciones. Su propio <a href=\"https:\/\/www.myphillylawyer.com\/es\/areas-de-practica\/accidentes-de-trafico-2\/seguro\/seguro-de-motorista-sin-seguro\/\">cobertura de motorista sin seguro o con seguro insuficiente<\/a> puede ayudarle a cubrir sus p\u00e9rdidas. Nuestros abogados pueden evaluar su p\u00f3liza e identificar todas las posibles fuentes de indemnizaci\u00f3n.<\/p>\n\n\n\n<h3 class=\"wp-block-heading\" id=\"can-i-still-recover-damages-if-i-am-partially-at-fault-for-the-accident\">\u00bfPuedo reclamar da\u00f1os y perjuicios si soy parcialmente culpable del accidente?<\/h3>\n\n\n\n<p>S\u00ed. Pennsylvania sigue una regla de negligencia comparativa modificada. Siempre y cuando usted era menos de 51% culpa, usted todav\u00eda puede recuperar los da\u00f1os, aunque su compensaci\u00f3n se reducir\u00e1 en proporci\u00f3n a su parte de culpa.<\/p>\n\n\n\n<p>Si usted o un ser querido ha sufrido lesiones en un accidente de coche en Bensalem, no espere. P\u00f3ngase en contacto con MyPhillyLawyer hoy mismo para programar su consulta gratuita y poner a nuestro dedicado equipo a trabajar para usted. Perm\u00edtanos ayudarle a obtener la justicia, la indemnizaci\u00f3n y la tranquilidad que se merece.<\/p>\n\n\n\n<h2 class=\"wp-block-heading\" id=\"how-to-know-if-youre-hiring-the-best-car-accident-lawyer-in-bensalem-pennsylvania\">C\u00f3mo saber si est\u00e1 contratando al mejor abogado de accidentes de coche en Bensalem, Pennsylvania<\/h2>\n\n\n\n<p>Si has estado <a href=\"https:\/\/www.myphillylawyer.com\/es\/zonas-atendidas\/norristown\/abogados-de-accidentes-de-coche-2\/\">herido en accidente de tr\u00e1fico<\/a>En caso de accidente, usted puede tener derecho a una indemnizaci\u00f3n por gastos m\u00e9dicos, p\u00e9rdida de ingresos, dolor y sufrimiento, y otros da\u00f1os relacionados. Las compa\u00f1\u00edas de seguros a menudo tratan de limitar lo que pagan, por lo que es crucial contar con un abogado de primera categor\u00eda que defienda sus derechos.&nbsp;<\/p>\n\n\n\n<p>Antes de contratar a un abogado de accidentes de coche en Bensalem, Pennsylvania, <a href=\"https:\/\/www.myphillylawyer.com\/es\/como-contratar-a-un-abogado-de-accidente-de-coche-de-filadelfia\/\">saber qu\u00e9 buscar<\/a> puede marcar la diferencia en el resultado de su caso. Si usted todav\u00eda no ha programado una consulta gratuita con MyPhillyLawyer y todav\u00eda est\u00e1 sopesando sus opciones, aqu\u00ed hay algunos factores clave a considerar al elegir el abogado adecuado para manejar su <a href=\"https:\/\/www.myphillylawyer.com\/es\/zonas-atendidas\/wayne\/abogados-de-accidentes-de-coche-2\/\">caso de accidente de coche<\/a>.<\/p>\n\n\n\n<h3 class=\"wp-block-heading\" id=\"the-best-car-accident-lawyers-in-bensalem-only-get-paid-if-you-do\">Los mejores abogados de Accidentes de tr\u00e1fico en Bensalem s\u00f3lo cobran si t\u00fa lo haces<\/h3>\n\n\n\n<p>Los abogados de accidentes de tr\u00e1fico de renombre en Bensalem suelen tramitar los casos sobre la base de honorarios condicionales. \u00bfQu\u00e9 significa esto para usted? Usted no tendr\u00e1 que pagar honorarios a menos que el abogado llegue a un acuerdo o gane el juicio en su nombre. Todos los gastos necesarios, como la contrataci\u00f3n de testigos expertos, la recopilaci\u00f3n de pruebas o la realizaci\u00f3n de investigaciones, suelen correr a cargo del bufete de abogados y s\u00f3lo se reembolsan si usted recibe una indemnizaci\u00f3n. Esta estructura de honorarios garantiza que usted pueda acceder a una representaci\u00f3n legal de calidad sin tener que desembolsar grandes cantidades por adelantado. Si un abogado le pide grandes pagos antes de empezar su caso, es una se\u00f1al de alarma.<\/p>\n\n\n\n<h3 class=\"wp-block-heading\" id=\"the-best-car-accident-attorneys-prioritize-communication\">Los mejores abogados de accidentes de tr\u00e1fico dan prioridad a la comunicaci\u00f3n<\/h3>\n\n\n\n<p>La comunicaci\u00f3n clara y honesta es la base de una s\u00f3lida relaci\u00f3n abogado-cliente. Los mejores abogados de accidentes de coche en Bensalem tienen como prioridad mantenerle informado en todo momento. Le explicar\u00e1n sus derechos legales, describir\u00e1n sus opciones en un lenguaje sencillo y le ayudar\u00e1n a tomar decisiones informadas, ya sea aceptar un acuerdo o ir a juicio. Si un abogado es dif\u00edcil de localizar o no se toma el tiempo necesario para responder a sus preguntas, puede ser se\u00f1al de frustraci\u00f3n futura. Busque un abogado receptivo, transparente y centrado en sus necesidades.<\/p>\n\n\n\n<h3 class=\"wp-block-heading\" id=\"the-best-car-accident-lawyer-in-bensalem-has-real-experience-with-cases-like-yours\">El mejor abogado de accidentes de tr\u00e1fico en Bensalem tiene experiencia real en casos como el suyo<\/h3>\n\n\n\n<p><a href=\"https:\/\/www.myphillylawyer.com\/es\/zonas-atendidas\/doylestown\/abogados-de-accidentes-de-coche-2\/\">Accidentes de tr\u00e1fico <\/a>no son todos iguales. Desde colisiones de varios veh\u00edculos y <a href=\"https:\/\/www.myphillylawyer.com\/es\/areas-de-practica\/accidentes-de-trafico-2\/accidentes-con-fuga\/\">de atropellos a accidentes<\/a> que implican camiones comerciales o conductores sin seguro, las circunstancias pueden variar mucho. No todos los abogados tienen experiencia pr\u00e1ctica con todo tipo de <a href=\"https:\/\/www.myphillylawyer.com\/es\/zonas-atendidas\/arboleda-de-sauces\/abogado-de-accidente-de-coche\/\">reclamaci\u00f3n por accidente de tr\u00e1fico<\/a>. Los mejores abogados tendr\u00e1n una s\u00f3lida trayectoria en casos similares al suyo, comprender\u00e1n los retos a los que se enfrenta y sabr\u00e1n c\u00f3mo presentar la demanda m\u00e1s s\u00f3lida posible. Pregunte a los posibles abogados por sus resultados anteriores, su experiencia en los tribunales y sus estrategias espec\u00edficas para casos de accidentes de tr\u00e1fico en Bensalem.<\/p>\n\n\n\n<h3 class=\"wp-block-heading\" id=\"trust-my-philly-lawyer-to-fight-for-you\">Conf\u00ede en MyPhillyLawyer para luchar por usted<\/h3>\n\n\n\n<p>La elecci\u00f3n del abogado de accidente de coche adecuado en Bensalem es una decisi\u00f3n cr\u00edtica que puede afectar directamente a su recuperaci\u00f3n financiera y f\u00edsica. T\u00f3mese el tiempo para investigar, hacer preguntas precisas y confiar en sus instintos. Si usted est\u00e1 listo para aprender m\u00e1s acerca de sus opciones, <a href=\"tel:1-215-227-2727\">llamar al MyPhillyLawyer<\/a> para una consulta sin compromiso y perm\u00edtanos ayudarle a avanzar con confianza.<\/p>","protected":false},"excerpt":{"rendered":"<p>Abogado de accidente de coche en Bensalem: Su gu\u00eda para la justicia y la recuperaci\u00f3n Si usted fue herido en un accidente de coche en Bensalem, es probable que se enfrentan a algo m\u00e1s que el dolor f\u00edsico. Los gastos m\u00e9dicos, los cheques de pago perdidos y las llamadas constantes de los ajustadores de seguros pueden apoderarse r\u00e1pidamente de su vida cotidiana. No deber\u00eda tener que lidiar con todo eso...<\/p>","protected":false},"author":9,"featured_media":0,"parent":9671,"menu_order":0,"comment_status":"closed","ping_status":"closed","template":"","meta":{"_acf_changed":false,"footnotes":""},"class_list":["post-13632","page","type-page","status-publish","hentry"],"acf":[],"jetpack_sharing_enabled":true,"_links":{"self":[{"href":"https:\/\/www.myphillylawyer.com\/es\/wp-json\/wp\/v2\/pages\/13632","targetHints":{"allow":["GET"]}}],"collection":[{"href":"https:\/\/www.myphillylawyer.com\/es\/wp-json\/wp\/v2\/pages"}],"about":[{"href":"https:\/\/www.myphillylawyer.com\/es\/wp-json\/wp\/v2\/types\/page"}],"author":[{"embeddable":true,"href":"https:\/\/www.myphillylawyer.com\/es\/wp-json\/wp\/v2\/users\/9"}],"replies":[{"embeddable":true,"href":"https:\/\/www.myphillylawyer.com\/es\/wp-json\/wp\/v2\/comments?post=13632"}],"version-history":[{"count":12,"href":"https:\/\/www.myphillylawyer.com\/es\/wp-json\/wp\/v2\/pages\/13632\/revisions"}],"predecessor-version":[{"id":15599,"href":"https:\/\/www.myphillylawyer.com\/es\/wp-json\/wp\/v2\/pages\/13632\/revisions\/15599"}],"up":[{"embeddable":true,"href":"https:\/\/www.myphillylawyer.com\/es\/wp-json\/wp\/v2\/pages\/9671"}],"wp:attachment":[{"href":"https:\/\/www.myphillylawyer.com\/es\/wp-json\/wp\/v2\/media?parent=13632"}],"curies":[{"name":"wp","href":"https:\/\/api.w.org\/{rel}","templated":true}]}}