{"id":13646,"date":"2025-06-17T18:19:13","date_gmt":"2025-06-17T23:19:13","guid":{"rendered":"https:\/\/www.myphillylawyer.com\/?page_id=13646"},"modified":"2025-06-17T22:14:02","modified_gmt":"2025-06-18T03:14:02","slug":"abogado-de-indemnizacion-laboral","status":"publish","type":"page","link":"https:\/\/www.myphillylawyer.com\/es\/zonas-atendidas\/bensalem\/abogado-de-indemnizacion-laboral\/","title":{"rendered":"Bensalem Abogado laboralista"},"content":{"rendered":"<h1 class=\"wp-block-heading\" id=\"workers-compensation-attorney-in-bensalem-your-advocate-after-a-workplace-injury\">Abogado de Compensaci\u00f3n de Trabajadores en Bensalem: Su Defensor Despu\u00e9s de una Lesi\u00f3n Laboral<\/h1>\n\n\n\n<p>Si fueras <a href=\"https:\/\/www.myphillylawyer.com\/es\/areas-de-practica\/lesiones-laborales\/\">herido mientras trabajaba en Bensalem<\/a>Puede que no est\u00e9 seguro de cu\u00e1l es el siguiente paso. Si la lesi\u00f3n se produjo de repente o se desarroll\u00f3 lentamente con el tiempo, la ley de Pennsylvania le da el derecho a buscar <a href=\"https:\/\/www.myphillylawyer.com\/es\/areas-de-practica\/lesiones-laborales\/indemnizacion-por-accidente-laboral\/\">prestaciones de compensaci\u00f3n a los trabajadores<\/a>. Estas prestaciones pueden ayudar a pagar el tratamiento m\u00e9dico, cubrir parte de los salarios perdidos e indemnizar si la lesi\u00f3n provoca da\u00f1os a largo plazo.<\/p>\n\n\n\n<p>Los accidentes ocurren en todo tipo de trabajos en Bensalem. Quiz\u00e1 te resbalaste en la cocina de un restaurante cerca del r\u00edo. Tal vez te diste un tir\u00f3n muscular mientras levantabas paquetes en el almac\u00e9n de Amazon en State Road. O podr\u00eda ser un profesor o un miembro del personal del Distrito Escolar Bensalem que ha desarrollado dolor en las articulaciones debido a a\u00f1os de movimientos repetitivos. Independientemente de d\u00f3nde trabajes, el sistema debe ayudarte a recuperarte y seguir adelante.<\/p>\n\n\n\n<p>En <a href=\"https:\/\/www.myphillylawyer.com\/es\/\">MyPhillyLawyer<\/a>Le guiamos paso a paso y se lo explicamos todo con claridad. No tendr\u00e1 que adivinar qu\u00e9 hacer ni en qui\u00e9n confiar. Desde su <a href=\"tel:1-215-227-2727\">primera llamada telef\u00f3nica<\/a> hasta la resoluci\u00f3n final, trabajamos para proteger sus derechos y garantizar las prestaciones que necesita para recuperarse con menos estr\u00e9s y m\u00e1s apoyo.<\/p>\n\n\n\n<div class=\"wp-block-rank-math-toc-block\" id=\"rank-math-toc\"><h2>\u00cdndice<\/h2><nav><ul><li><a href=\"#common-workplace-accidents-and-how-legal-help-makes-a-difference\">Accidentes laborales comunes y c\u00f3mo la ayuda legal marca la diferencia<\/a><\/li><li><a href=\"#navigating-the-workers-compensation-claims-process\">Navegar por el proceso de reclamaci\u00f3n de indemnizaci\u00f3n por accidente laboral<\/a><\/li><li><a href=\"#overcoming-common-challenges-in-workers-compensation-cases\">Superar los retos habituales en los casos de indemnizaci\u00f3n por accidente laboral<\/a><\/li><li><a href=\"#why-choose-my-philly-lawyer-as-your-bensalem-workers-compensation-attorney\">\u00bfPor qu\u00e9 elegir MyPhillyLawyer como su abogado de Compensaci\u00f3n de Trabajadores Bensalem?<\/a><\/li><li><a href=\"#frequently-asked-questions\">Preguntas frecuentes<\/a><\/li><li><a href=\"#how-to-know-if-youre-hiring-the-best-workers-compensation-lawyer-in-bensalem-pennsylvania\">C\u00f3mo saber si est\u00e1 contratando al mejor abogado de indemnizaci\u00f3n laboral en Bensalem, Pensilvania<\/a><\/li><\/ul><\/nav><\/div>\n\n\n\n<h2 class=\"wp-block-heading\" id=\"common-workplace-accidents-and-how-legal-help-makes-a-difference\">Accidentes laborales comunes y c\u00f3mo la ayuda legal marca la diferencia<\/h2>\n\n\n\n<p>Nadie va a trabajar esperando lesionarse, pero los accidentes pueden ocurrir en cualquier lugar de trabajo. En el Bensalem, las lesiones laborales m\u00e1s habituales son las de espalda y cuello por levantar objetos, <a href=\"https:\/\/www.myphillylawyer.com\/es\/areas-de-practica\/danos-personales\/lesiones-graves\/fracturas\/\">fracturas por ca\u00eddas<\/a>, <a href=\"https:\/\/www.myphillylawyer.com\/es\/areas-de-practica\/lesiones-laborales\/lesiones-repetitivas\/\">lesiones por movimientos repetitivos, como el t\u00fanel carpiano<\/a>y <a href=\"https:\/\/www.myphillylawyer.com\/es\/areas-de-practica\/lesiones-laborales\/equipo-inseguro\/\">lesiones relacionadas con maquinaria o equipos<\/a>. Por ejemplo, un empleado del comercio minorista podr\u00eda <a href=\"https:\/\/www.myphillylawyer.com\/es\/zonas-atendidas\/bensalem\/resbalon-y-caida-abogado\/\">resbalar en un suelo mojado<\/a>o un conductor de cami\u00f3n podr\u00eda resultar herido en un accidente de tr\u00e1fico mientras hace entregas.<\/p>\n\n\n\n<p>Las secuelas de una lesi\u00f3n suelen ser abrumadoras. Las facturas m\u00e9dicas empiezan a acumularse, el sueldo deja de llegar y es posible que la empresa o la compa\u00f1\u00eda de seguros te presionen para que vuelvas al trabajo antes de que est\u00e9s realmente preparado. A algunos trabajadores incluso se les acusa de exagerar sus lesiones o se les dice que su reclamaci\u00f3n no re\u00fane los requisitos para recibir una indemnizaci\u00f3n por accidente laboral.<\/p>\n\n\n\n<p>Entonces, \u00bfqu\u00e9 puede hacer? Aqu\u00ed es donde la defensa legal resulta crucial. Contar con un <a href=\"https:\/\/www.myphillylawyer.com\/es\/abogados\/\">abogado experto en accidentes de trabajo Bensalem<\/a> de su lado significa que no tiene que enfrentarse solo a las compa\u00f1\u00edas de seguros. Le ayudamos a reunir todas las pruebas m\u00e9dicas necesarias, le protegemos de la intimidaci\u00f3n y nos aseguramos de que cada detalle de su caso se presente con precisi\u00f3n. Tanto si su lesi\u00f3n es sencilla como si su reclamaci\u00f3n est\u00e1 siendo impugnada, MyPhillyLawyer cuenta con los recursos y la determinaci\u00f3n necesarios para garantizarle las prestaciones que se merece.<\/p>\n\n\n\n<h2 class=\"wp-block-heading\" id=\"navigating-the-workers-compensation-claims-process\">Navegar por el proceso de reclamaci\u00f3n de indemnizaci\u00f3n por accidente laboral<\/h2>\n\n\n\n<p>La presentaci\u00f3n de una reclamaci\u00f3n de compensaci\u00f3n de trabajadores en Pennsylvania puede parecer sencillo, pero incluso un error menor o plazo perdido puede poner en peligro sus beneficios. He aqu\u00ed un r\u00e1pido vistazo a lo que puede esperar durante el proceso de reclamaciones en Bensalem:<\/p>\n\n\n\n<ol class=\"wp-block-list\">\n<li><strong>Informe r\u00e1pidamente de su lesi\u00f3n:<\/strong> Siempre informe a su empleador acerca de su lesi\u00f3n tan pronto como sea posible. La ley de Pensilvania le concede hasta 120 d\u00edas, pero siempre es mejor actuar antes. Docum\u00e9ntalo todo y guarda una copia del parte de lesiones.<\/li>\n\n\n\n<li><strong>Busque atenci\u00f3n m\u00e9dica:<\/strong> Su salud es lo primero. Es posible que durante los primeros 90 d\u00edas tenga que acudir a un m\u00e9dico de la lista aprobada por la empresa. Siga todas las instrucciones m\u00e9dicas y lleve un registro exhaustivo de su tratamiento.<\/li>\n\n\n\n<li><strong>Presentar su reclamaci\u00f3n:<\/strong> Tu empresa debe presentar tu reclamaci\u00f3n a su seguro de accidentes de trabajo, pero no des por sentado que la tramitar\u00e1 correctamente. Invol\u00facrate y haz un seguimiento de toda la documentaci\u00f3n.<\/li>\n\n\n\n<li><strong>Esperar revisi\u00f3n del seguro:<\/strong> La compa\u00f1\u00eda de seguros tiene 21 d\u00edas para aceptar, denegar o pagar temporalmente su reclamaci\u00f3n a la espera de una investigaci\u00f3n m\u00e1s a fondo. Prep\u00e1rate para solicitar m\u00e1s informaci\u00f3n o un examen m\u00e9dico independiente.<\/li>\n\n\n\n<li><strong>Desembolso de prestaciones:<\/strong> Si se lo aprueban, deber\u00eda empezar a recibir r\u00e1pidamente las prestaciones m\u00e9dicas y de sustituci\u00f3n del salario. Si se le deniega, tiene derecho a recurrir.<\/li>\n<\/ol>\n\n\n\n<p>Usted no tiene que manejar estos pasos por su cuenta. Un abogado de compensaci\u00f3n de trabajadores Bensalem en MyPhillyLawyer se asegura de que cada casilla est\u00e1 marcada, cada plazo se cumple, y sus derechos est\u00e1n protegidos en cada paso del camino.<\/p>\n\n\n\n<h2 class=\"wp-block-heading\" id=\"overcoming-common-challenges-in-workers-compensation-cases\">Superar los retos habituales en los casos de indemnizaci\u00f3n por accidente laboral<\/h2>\n\n\n\n<p>El camino para conseguir una indemnizaci\u00f3n por accidente laboral suele estar lleno de obst\u00e1culos inesperados. Las compa\u00f1\u00edas de seguros pueden poner en duda el alcance de su lesi\u00f3n, cuestionar si est\u00e1 relacionada con el trabajo o argumentar que su dolencia exist\u00eda antes de su trabajo actual. Tambi\u00e9n puede enfrentarse a:<\/p>\n\n\n\n<ul class=\"wp-block-list\">\n<li><strong>Retrasos en el tratamiento o el pago:<\/strong> Incluso las reclamaciones que finalmente se aprueban pueden retrasarse debido a errores de papeleo o a la lentitud de las respuestas de las aseguradoras.<\/li>\n\n\n\n<li><strong>Intimidaci\u00f3n o represalias:<\/strong> A algunos trabajadores les preocupa perder su empleo, ser degradados o enfrentarse a otras consecuencias negativas por presentar una demanda.<\/li>\n\n\n\n<li><strong>Evaluaciones m\u00e9dicas inadecuadas:<\/strong> A veces, los m\u00e9dicos de empresa minimizan sus s\u00edntomas o le presionan para que vuelva al trabajo antes de tiempo.<\/li>\n\n\n\n<li><strong>Proceso de apelaci\u00f3n confuso:<\/strong> Si le deniegan la solicitud, el proceso de apelaci\u00f3n puede resultar abrumador sin ayuda jur\u00eddica.<\/li>\n<\/ul>\n\n\n\n<p>\u00bfTe has encontrado con alguno de estos problemas? Si es as\u00ed, no est\u00e1 solo. En MyPhillyLawyer, hemos ayudado a innumerables clientes en Bensalem y en toda Pennsylvania superar estos obst\u00e1culos. Estamos listos para ir a batear para usted - desafiando denegaciones injustas, presionando para los pagos a tiempo, y asegur\u00e1ndose de que su atenci\u00f3n m\u00e9dica es prioritaria. Nuestro objetivo es eliminar el estr\u00e9s de sus hombros, lo que le permite centrarse en su curaci\u00f3n.<\/p>\n\n\n\n<h2 class=\"wp-block-heading\" id=\"why-choose-my-philly-lawyer-as-your-bensalem-workers-compensation-attorney\">\u00bfPor qu\u00e9 elegir MyPhillyLawyer como su abogado de Compensaci\u00f3n de Trabajadores Bensalem?<\/h2>\n\n\n\n<p>Cuando usted se enfrenta a una lesi\u00f3n de trabajo, el abogado que usted elija importa. En MyPhillyLawyer, nos enorgullecemos de ser los abogados a los que los trabajadores de Bensalem acuden cuando m\u00e1s ayuda necesitan. Esto es lo que nos diferencia:<\/p>\n\n\n\n<ul class=\"wp-block-list\">\n<li><strong>Atenci\u00f3n personalizada:<\/strong> La historia de cada cliente nos importa. Usted trabajar\u00e1 directamente con un abogado que escuchar\u00e1 sus preocupaciones y construir\u00e1 una estrategia adaptada a su situaci\u00f3n \u00fanica.<\/li>\n\n\n\n<li><strong>Comunicaci\u00f3n abierta:<\/strong> Le mantenemos informado en todo momento, respondemos a sus preguntas y nos aseguramos de que nunca se quede a oscuras.<\/li>\n\n\n\n<li><strong>Representaci\u00f3n agresiva:<\/strong> Tanto si negociamos con la compa\u00f1\u00eda de seguros como si le representamos en una vista, luchamos con todas nuestras fuerzas para conseguir las prestaciones a las que tiene derecho.<\/li>\n\n\n\n<li><strong>Sin comisiones iniciales:<\/strong> Usted no paga a menos que ganemos su caso, por lo que no corre ning\u00fan riesgo al reclamar la indemnizaci\u00f3n que merece.<\/li>\n<\/ul>\n\n\n\n<p>Nuestra <a href=\"https:\/\/www.myphillylawyer.com\/es\/resenas\/\">experiencia, compromiso y compasi\u00f3n<\/a> han ayudado a los trabajadores lesionados en todo Bensalem y el \u00e1rea metropolitana Philadelphia recuperar sus vidas despu\u00e9s de accidentes de trabajo. Usted no tiene que navegar por este complejo proceso por su cuenta-permita MyPhillyLawyer ser su defensor en cada paso del camino.<\/p>\n\n\n\n<h2 class=\"wp-block-heading\" id=\"frequently-asked-questions\">Preguntas frecuentes<\/h2>\n\n\n\n<h3 class=\"wp-block-heading\" id=\"what-injuries-are-covered-by-workers-compensation-in-pennsylvania\">\u00bfQu\u00e9 lesiones cubre la indemnizaci\u00f3n por accidente de trabajo en Pensilvania?<\/h3>\n\n\n\n<p>La indemnizaci\u00f3n por accidente de trabajo en Pensilvania cubre la mayor\u00eda de las lesiones o enfermedades que se producen como consecuencia de sus funciones laborales. Esto incluye incidentes repentinos (como <a href=\"https:\/\/www.myphillylawyer.com\/es\/areas-de-practica\/lesiones-laborales\/caidas-de-altura\/\">cataratas<\/a>lesiones por aplastamiento, o <a href=\"https:\/\/www.myphillylawyer.com\/es\/areas-de-practica\/danos-personales\/lesiones-graves\/quemaduras\/\">quemaduras)<\/a>, <a href=\"https:\/\/www.myphillylawyer.com\/es\/areas-de-practica\/lesiones-laborales\/lesiones-repetitivas\/\">lesiones por estr\u00e9s repetitivo<\/a> (como tendinitis o s\u00edndrome del t\u00fanel carpiano), enfermedades profesionales (como enfermedades relacionadas con la exposici\u00f3n) e incluso algunas afecciones psicol\u00f3gicas causadas por acontecimientos laborales. Si no est\u00e1 seguro de si su lesi\u00f3n re\u00fane los requisitos, un abogado especializado en indemnizaci\u00f3n por accidente laboral puede revisar su caso.<\/p>\n\n\n\n<h3 class=\"wp-block-heading\" id=\"how-quickly-should-i-notify-my-employer-about-a-workplace-injury\">\u00bfCon qu\u00e9 rapidez debo notificar a mi empresa un accidente laboral?<\/h3>\n\n\n\n<p>Usted debe notificar a su empleador tan pronto como sea posible. Aunque la ley de Pensilvania permite hasta 120 d\u00edas para informar de una lesi\u00f3n en el lugar de trabajo, la pronta notificaci\u00f3n acelera el proceso de reclamaci\u00f3n y protege sus derechos legales. Esperar demasiado puede hacer que sea m\u00e1s dif\u00edcil probar su caso o incluso puede resultar en la p\u00e9rdida de beneficios.<\/p>\n\n\n\n<h3 class=\"wp-block-heading\" id=\"what-if-my-workers-compensation-claim-is-denied-or-disputed\">\u00bfQu\u00e9 ocurre si rechazan o impugnan mi solicitud de indemnizaci\u00f3n por accidente de trabajo?<\/h3>\n\n\n\n<p>Si su reclamo es negado o usted no est\u00e1 de acuerdo con los beneficios que le ofrecen, usted tiene el derecho de presentar una petici\u00f3n de reclamo y presentar su caso ante un Juez de Compensaci\u00f3n al Trabajador. Este proceso puede ser complejo, pero un abogado puede ayudarle a reunir pruebas fundamentales, preparar su testimonio y luchar por un resultado justo.<\/p>\n\n\n\n<h3 class=\"wp-block-heading\" id=\"can-i-see-my-doctor-for-a-work-injury-in-pennsylvania\">\u00bfPuedo acudir al m\u00e9dico por un accidente de trabajo en Pensilvania?<\/h3>\n\n\n\n<p>Durante los primeros 90 d\u00edas tras la lesi\u00f3n, es posible que tenga que acudir a un m\u00e9dico de la lista de proveedores autorizados de su empresa, si dispone de ella. Transcurridos 90 d\u00edas, puede elegir libremente a su m\u00e9dico. Si su empresa no le ha facilitado una lista, puede acudir inmediatamente al m\u00e9dico que elija. Lleve siempre un registro de sus visitas y siga su plan de tratamiento.<\/p>\n\n\n\n<h2 class=\"wp-block-heading\" id=\"how-to-know-if-youre-hiring-the-best-workers-compensation-lawyer-in-bensalem-pennsylvania\">C\u00f3mo saber si est\u00e1 contratando al mejor abogado de indemnizaci\u00f3n laboral en Bensalem, Pensilvania<\/h2>\n\n\n\n<p>Si usted ha sido lesionado, usted puede tener derecho a una indemnizaci\u00f3n por gastos m\u00e9dicos, p\u00e9rdida de ingresos, dolor y sufrimiento, y otros da\u00f1os relacionados. Las compa\u00f1\u00edas de seguros a menudo tratan de limitar lo que pagan, por lo que es importante contar con un abogado de primera categor\u00eda que defienda sus derechos. Antes de contratar a un <a href=\"https:\/\/www.myphillylawyer.com\/es\/areas-de-practica\/danos-personales\/\">abogado de lesiones personales en Pensilvania<\/a>Aseg\u00farese de saber qu\u00e9 buscar. Si a\u00fan no ha programado una consulta gratuita con nuestra firma y todav\u00eda est\u00e1 sopesando sus opciones, aqu\u00ed hay algunos factores clave a considerar al elegir el abogado adecuado para manejar su caso de compensaci\u00f3n de trabajadores.<\/p>\n\n\n\n<h3 class=\"wp-block-heading\" id=\"the-best-workers-compensation-attorneys-in-bensalem-only-get-paid-if-you-do\">Los mejores abogados de indemnizaci\u00f3n por accidente laboral en Bensalem s\u00f3lo cobran si usted lo hace<\/h3>\n\n\n\n<p>Los mejores abogados de indemnizaci\u00f3n por accidente laboral en Bensalem suelen llevar los casos con honorarios condicionales. Esto significa que no tendr\u00e1 que pagar honorarios a menos que consigan un acuerdo o ganen el juicio en su nombre. Todos los costes necesarios, como la contrataci\u00f3n de testigos expertos o la realizaci\u00f3n de investigaciones, corren a cargo del bufete de abogados y s\u00f3lo se reembolsan si su caso da lugar a una indemnizaci\u00f3n. Esta estructura de honorarios le garantiza una representaci\u00f3n legal experimentada sin tener que desembolsar gastos desde el principio.<\/p>\n\n\n\n<h3 class=\"wp-block-heading\" id=\"the-best-workers-compensation-lawyer-prioritizes-communication\">El mejor abogado laboralista prioriza la comunicaci\u00f3n<\/h3>\n\n\n\n<p>Una fuerte relaci\u00f3n abogado-cliente se basa en una comunicaci\u00f3n clara y coherente. Los mejores abogados de indemnizaci\u00f3n laboral tienen como prioridad mantenerle informado durante todo el proceso. Ellos se asegurar\u00e1n de que usted entienda sus derechos legales, explicar sus opciones en t\u00e9rminos sencillos, y ayudarle a tomar decisiones informadas, tales como si se debe proceder a juicio o aceptar un acuerdo. Si su abogado no responde o no se toma el tiempo necesario para responder a sus preguntas, puede ser una se\u00f1al de alarma.<\/p>\n\n\n\n<h3 class=\"wp-block-heading\" id=\"the-best-workers-compensation-attorney-in-bensalem-knows-how-to-handle-cases-like-yours\">El mejor abogado laboralista en Bensalem sabe llevar casos como el suyo<\/h3>\n\n\n\n<p><a href=\"https:\/\/www.myphillylawyer.com\/es\/areas-de-practica\/\">Derecho de da\u00f1os<\/a> abarca una amplia gama de tipos de casos, y no todos los abogados est\u00e1n preparados para tratarlos todos. Para obtener la indemnizaci\u00f3n que merece, es importante trabajar con un abogado que tenga experiencia directa en casos similares al suyo.<\/p>","protected":false},"excerpt":{"rendered":"<p>Abogado de Compensaci\u00f3n al Trabajador en Bensalem: Su Defensor Despu\u00e9s de una Lesi\u00f3n Laboral Si usted se lesion\u00f3 mientras trabajaba en Bensalem, es posible que no est\u00e9 seguro de lo que viene despu\u00e9s. Si la lesi\u00f3n ocurri\u00f3 de repente o se desarroll\u00f3 lentamente con el tiempo, la ley de Pensilvania le da el derecho a solicitar beneficios de compensaci\u00f3n para trabajadores. Estas prestaciones pueden ayudarle a pagar los gastos m\u00e9dicos...<\/p>","protected":false},"author":9,"featured_media":0,"parent":9671,"menu_order":0,"comment_status":"closed","ping_status":"closed","template":"","meta":{"_acf_changed":false,"footnotes":""},"class_list":["post-13646","page","type-page","status-publish","hentry"],"acf":[],"jetpack_sharing_enabled":true,"_links":{"self":[{"href":"https:\/\/www.myphillylawyer.com\/es\/wp-json\/wp\/v2\/pages\/13646","targetHints":{"allow":["GET"]}}],"collection":[{"href":"https:\/\/www.myphillylawyer.com\/es\/wp-json\/wp\/v2\/pages"}],"about":[{"href":"https:\/\/www.myphillylawyer.com\/es\/wp-json\/wp\/v2\/types\/page"}],"author":[{"embeddable":true,"href":"https:\/\/www.myphillylawyer.com\/es\/wp-json\/wp\/v2\/users\/9"}],"replies":[{"embeddable":true,"href":"https:\/\/www.myphillylawyer.com\/es\/wp-json\/wp\/v2\/comments?post=13646"}],"version-history":[{"count":4,"href":"https:\/\/www.myphillylawyer.com\/es\/wp-json\/wp\/v2\/pages\/13646\/revisions"}],"predecessor-version":[{"id":13683,"href":"https:\/\/www.myphillylawyer.com\/es\/wp-json\/wp\/v2\/pages\/13646\/revisions\/13683"}],"up":[{"embeddable":true,"href":"https:\/\/www.myphillylawyer.com\/es\/wp-json\/wp\/v2\/pages\/9671"}],"wp:attachment":[{"href":"https:\/\/www.myphillylawyer.com\/es\/wp-json\/wp\/v2\/media?parent=13646"}],"curies":[{"name":"wp","href":"https:\/\/api.w.org\/{rel}","templated":true}]}}