{"id":13661,"date":"2025-06-17T21:54:47","date_gmt":"2025-06-18T02:54:47","guid":{"rendered":"https:\/\/www.myphillylawyer.com\/?page_id=13661"},"modified":"2025-07-31T16:35:11","modified_gmt":"2025-07-31T21:35:11","slug":"abogado-de-indemnizacion-laboral","status":"publish","type":"page","link":"https:\/\/www.myphillylawyer.com\/es\/zonas-atendidas\/conshohocken\/abogado-de-indemnizacion-laboral\/","title":{"rendered":"Conshohocken Abogado laboralista"},"content":{"rendered":"<h1 class=\"wp-block-heading\" id=\"workers-compensation-attorney-in-conshohocken-protecting-injured-workers-rights\">Abogado de Compensaci\u00f3n de Trabajadores en Conshohocken: Protegiendo los Derechos de los Trabajadores Lesionados<\/h1>\n\n\n\n<p>En <a href=\"https:\/\/www.myphillylawyer.com\/es\/zonas-atendidas\/conshohocken\/abogados-de-accidentes-laborales-3\/\">herido en el trabajo en Conshohocken<\/a> puede dejarle abrumado y sin saber a qui\u00e9n acudir. Tanto si trabajas en una concurrida cocina de la calle Fayette como si te encargas del mantenimiento de una escuela local o das clases en un colegio privado como Miquon, una lesi\u00f3n laboral puede poner patas arriba tu rutina. Las visitas al m\u00e9dico, los turnos perdidos y el estr\u00e9s de tener que lidiar con el papeleo del seguro a menudo se acumulan antes de que hayas tenido la oportunidad de recuperar el aliento.<\/p>\n\n\n\n<p>No deber\u00edas tener que enfrentarte a todo eso t\u00fa solo. En <a href=\"https:\/\/www.myphillylawyer.com\/es\/\">MyPhillyLawyer<\/a>Creemos que cada trabajador lesionado merece el apoyo real de un equipo legal que sabe c\u00f3mo <a href=\"https:\/\/www.myphillylawyer.com\/es\/areas-de-practica\/lesiones-laborales\/indemnizacion-por-accidente-laboral\/\">Sistema de indemnizaci\u00f3n de los trabajadores de Pensilvania<\/a> funciona. Si la compa\u00f1\u00eda de seguros le da largas o cuestiona su reclamaci\u00f3n, estamos aqu\u00ed para intervenir, hacernos cargo del proceso y luchar para proteger sus derechos.<\/p>\n\n\n\n<p><a href=\"https:\/\/www.myphillylawyer.com\/es\/pongase-en-contacto-con\/\">Contratar a un abogado de accidentes de trabajo Conshohocken<\/a> es m\u00e1s que una decisi\u00f3n legal, es una forma de recuperar el control en un momento estresante. Cuando tienes a alguien centrado en tu caso, puedes centrarte en mejorar.<\/p>\n\n\n\n<div class=\"wp-block-rank-math-toc-block\" id=\"rank-math-toc\"><h2>\u00cdndice<\/h2><nav><ul><li><a href=\"#why-hiring-a-conshohocken-workers-compensation-lawyer-is-important\">Por qu\u00e9 es importante contratar a un abogado especialista en accidentes de trabajo Conshohocken<\/a><\/li><li><a href=\"#common-challenges-workers-face-after-a-conshohocken-work-injury\">Desaf\u00edos comunes a los que se enfrentan los trabajadores tras una lesi\u00f3n laboral Conshohocken<\/a><\/li><li><a href=\"#what-to-do-immediately-after-a-workplace-injury-in-conshohocken\">Qu\u00e9 hacer inmediatamente despu\u00e9s de un accidente laboral en Conshohocken<\/a><\/li><li><a href=\"#your-rights-under-pennsylvania-workers-compensation-law\">Sus derechos en virtud de la Ley de Indemnizaci\u00f3n por Accidentes de Trabajo de Pensilvania<\/a><\/li><li><a href=\"#why-injured-workers-in-conshohocken-choose-my-philly-lawyer\">Por qu\u00e9 los trabajadores lesionados en Conshohocken eligen MyPhillyLawyer<\/a><\/li><li><a href=\"#frequently-asked-questions-workers-compensation-in-conshohocken-pa\">Preguntas m\u00e1s frecuentes: Indemnizaci\u00f3n por accidente laboral en Conshohocken, PA<\/a><\/li><li><a href=\"#how-to-know-if-youre-hiring-the-best-workers-compensation-lawyer-in-conshohocken-pennsylvania\">C\u00f3mo saber si est\u00e1 contratando al mejor abogado de indemnizaci\u00f3n laboral en Conshohocken, Pensilvania<\/a><\/li><\/ul><\/nav><\/div>\n\n\n\n<h2 class=\"wp-block-heading\" id=\"why-hiring-a-conshohocken-workers-compensation-lawyer-is-important\">Por qu\u00e9 es importante contratar a un abogado especialista en accidentes de trabajo Conshohocken<\/h2>\n\n\n\n<p>Tratar de manejar el sistema de compensaci\u00f3n de los trabajadores de Pennsylvania por su cuenta puede sentirse como entrar en un territorio desconocido sin un camino claro hacia adelante. El proceso puede prometer reemplazo salarial y cobertura m\u00e9dica, pero para muchos trabajadores lesionados, r\u00e1pidamente se vuelve complicado y frustrante.<\/p>\n\n\n\n<p>Puede que su empresa se retrase en informar de la lesi\u00f3n. La compa\u00f1\u00eda de seguros puede cuestionar su necesidad de tratamiento o posponer la aprobaci\u00f3n de los cuidados necesarios. En algunos casos, la cuesti\u00f3n es si su lesi\u00f3n da derecho a prestaciones. No se trata de peque\u00f1os contratiempos. El incumplimiento de un plazo o un error de papeleo pueden provocar la p\u00e9rdida de la cobertura o la denegaci\u00f3n de la prestaci\u00f3n.<\/p>\n\n\n\n<p>Es por eso que tener un abogado de compensaci\u00f3n de trabajadores puede hacer tanta diferencia. En MyPhillyLawyer, entendemos los desaf\u00edos \u00fanicos que enfrentan los empleados en Conshohocken. Si usted trabaja en un restaurante de ritmo r\u00e1pido, una oficina profesional cerca de la estaci\u00f3n de tren, o un <a href=\"https:\/\/www.myphillylawyer.com\/es\/areas-de-practica\/lesiones-laborales\/accidentes-en-la-construccion\/\">obra<\/a> a lo largo de la ribera, merece el apoyo de alguien que conozca la ley y respete su tiempo.<\/p>\n\n\n\n<p>Gestionamos los detalles legales para que usted no tenga que hacerlo. Desde la presentaci\u00f3n de documentos precisos hasta la respuesta a los retrasos del seguro, intervenimos para que su reclamaci\u00f3n siga adelante. Con el equipo legal adecuado como gu\u00eda, puede dejar de preocuparse por el proceso y centrarse en mejorar.<\/p>\n\n\n\n<h2 class=\"wp-block-heading\" id=\"common-challenges-workers-face-after-a-conshohocken-work-injury\">Desaf\u00edos comunes a los que se enfrentan los trabajadores tras una lesi\u00f3n laboral Conshohocken<\/h2>\n\n\n\n<p>Lesionarse en el trabajo ya es bastante estresante. Por desgracia, muchos trabajadores del Conshohocken se enfrentan a menudo a obst\u00e1culos adicionales despu\u00e9s de un accidente. \u00bfLe suena algo de esto?<\/p>\n\n\n\n<p>Comunicas tu lesi\u00f3n, pero tu empresa tarda en presentar la documentaci\u00f3n, o la compa\u00f1\u00eda de seguros deniega tu solicitud alegando que la lesi\u00f3n no estaba relacionada con el trabajo. Puede que te presionen para que vuelvas al trabajo antes de que te hayas curado, o que te retrasen o denieguen el tratamiento m\u00e9dico. En algunos casos, los trabajadores se enfrentan incluso a represalias por presentar una reclamaci\u00f3n, como que no se les asignen turnos o que se les sancione injustamente.<\/p>\n\n\n\n<p>Estos desaf\u00edos no s\u00f3lo son frustrantes, sino tambi\u00e9n injustos. Por eso es fundamental contar con un equipo legal que sepa c\u00f3mo defenderse. En MyPhillyLawyer reunimos pruebas, hablamos con testigos, impugnamos denegaciones injustas y le representamos en las vistas si es necesario. Trabajamos duro para asegurarnos de que usted no sea un n\u00famero m\u00e1s en el sistema y de que su voz sea escuchada.<\/p>\n\n\n\n<h2 class=\"wp-block-heading\" id=\"what-to-do-immediately-after-a-workplace-injury-in-conshohocken\">Qu\u00e9 hacer inmediatamente despu\u00e9s de un accidente laboral en Conshohocken<\/h2>\n\n\n\n<p>Si se lesiona en el trabajo, lo que haga a continuaci\u00f3n puede ser decisivo en su caso. Aqu\u00ed te explicamos c\u00f3mo proteger tus derechos desde el primer momento:<\/p>\n\n\n\n<ol class=\"wp-block-list\">\n<li><strong>Notifique la lesi\u00f3n con prontitud:<\/strong> No esperes. Informa a tu superior de la lesi\u00f3n lo antes posible e intenta redactar un informe escrito. Incluso las lesiones aparentemente menores pueden convertirse en problemas importantes m\u00e1s adelante.<\/li>\n\n\n\n<li><strong>Busque atenci\u00f3n m\u00e9dica:<\/strong> Acude a un m\u00e9dico autorizado por tu empresa si est\u00e1s dentro de los primeros 90 d\u00edas de tu lesi\u00f3n. S\u00e9 sincero y detallado sobre c\u00f3mo se produjo tu lesi\u00f3n.<\/li>\n\n\n\n<li><strong>Docum\u00e9ntalo todo:<\/strong> Lleva un registro de tus visitas m\u00e9dicas, d\u00edas perdidos de trabajo y conversaciones con tu empresa o la compa\u00f1\u00eda de seguros. Si alguien presenci\u00f3 el accidente, recaba sus nombres y declaraciones.<\/li>\n\n\n\n<li><strong>Consulte a un abogado especializado en indemnizaci\u00f3n por accidente laboral:<\/strong> Incluso si usted piensa que su caso es sencillo, una consulta puede ayudarle a entender sus derechos y evitar errores costosos. Las compa\u00f1\u00edas de seguros se centran en ahorrar dinero, no en lo que es mejor para usted.<\/li>\n<\/ol>\n\n\n\n<p>En MyPhillyLawyer, nuestro equipo le guiar\u00e1 en cada paso, se encargar\u00e1 de todas las comunicaciones con las compa\u00f1\u00edas de seguros y le mantendr\u00e1 informado sobre su caso. De esa manera, usted es libre para centrarse en su recuperaci\u00f3n.<\/p>\n\n\n\n<h2 class=\"wp-block-heading\" id=\"your-rights-under-pennsylvania-workers-compensation-law\">Sus derechos en virtud de la Ley de Indemnizaci\u00f3n por Accidentes de Trabajo de Pensilvania<\/h2>\n\n\n\n<p>Entender sus derechos es el primer paso para asegurarse de que est\u00e1 protegido. En Pensilvania, las leyes de compensaci\u00f3n de los trabajadores est\u00e1n dise\u00f1adas para cubrir a casi todos los empleados, desde el personal a tiempo completo hasta los trabajadores temporeros. Si se lesiona o enferma a causa de su trabajo, es probable que tenga derecho a prestaciones.<\/p>\n\n\n\n<p>Sin embargo, \u00bfsab\u00eda que existen normas estrictas en materia de notificaci\u00f3n de lesiones? Debe notificarlo a su empresa en un plazo de 21 d\u00edas para las prestaciones retroactivas, y siempre en un plazo de 120 d\u00edas, o puede perder el derecho a reclamar. El sistema no s\u00f3lo cubre las lesiones accidentales, sino tambi\u00e9n los esfuerzos repetitivos, las enfermedades profesionales y las lesiones espec\u00edficas que se desarrollan con el tiempo.<\/p>\n\n\n\n<p>La compensaci\u00f3n de los trabajadores proporciona cobertura para tratamiento m\u00e9dico, p\u00e9rdida de salario, prestaciones espec\u00edficas por p\u00e9rdida (por desfiguraci\u00f3n permanente o p\u00e9rdida de uso), y <a href=\"https:\/\/www.myphillylawyer.com\/es\/areas-de-practica\/lesiones-laborales\/muerte-por-negligencia-en-el-lugar-de-trabajo\/\">prestaciones por fallecimiento<\/a> para los supervivientes a su cargo. Sin embargo, hay matices, como qu\u00e9 m\u00e9dicos debe visitar en los 90 d\u00edas iniciales o c\u00f3mo se calculan las prestaciones por p\u00e9rdida de salario. Sin un socio legal bien informado, es f\u00e1cil que te den gato por liebre o que pierdas prestaciones clave.<\/p>\n\n\n\n<p><a href=\"https:\/\/www.myphillylawyer.com\/es\/abogados\/\">Nuestros abogados en MyPhillyLawyer<\/a> se toman el tiempo necesario para explicarle el sistema de compensaci\u00f3n de los trabajadores de Pensilvania en un lenguaje sencillo. Le ayudamos a navegar por el proceso, evitar errores comunes, y maximizar sus beneficios para que pueda centrarse en conseguir su vida de nuevo en marcha.<\/p>\n\n\n\n<h2 class=\"wp-block-heading\" id=\"why-injured-workers-in-conshohocken-choose-my-philly-lawyer\">Por qu\u00e9 los trabajadores lesionados en Conshohocken eligen MyPhillyLawyer<\/h2>\n\n\n\n<p>Cuando usted ha sido lesionado en el trabajo, la elecci\u00f3n del bufete de abogados adecuado no es s\u00f3lo una decisi\u00f3n legal - es personal. Usted necesita un equipo legal que lo trate como algo m\u00e1s que un n\u00famero de caso, escuche sus preocupaciones y lo gu\u00ede a trav\u00e9s de un proceso confuso con habilidad y compasi\u00f3n. En MyPhillyLawyer, eso es exactamente lo que hacemos.<\/p>\n\n\n\n<p>Nuestras ra\u00edces son profundas a lo largo de Philadelphia y Conshohocken, y entendemos los desaf\u00edos \u00fanicos que los trabajadores de esta regi\u00f3n se enfrentan cada d\u00eda - si usted est\u00e1 lesionado en un almac\u00e9n ocupado, una escuela local, o una peque\u00f1a empresa a lo largo de la calle Fayette. Estamos orgullosos de servir a nuestros vecinos, y trabajamos duro para asegurarnos de que se sienta apoyado en cada paso del camino.<\/p>\n\n\n\n<p>Esto es lo que nos diferencia:<\/p>\n\n\n\n<ul class=\"wp-block-list\">\n<li><strong>Atenci\u00f3n personalizada:<\/strong> Cada lesi\u00f3n es diferente. Nos tomamos el tiempo para entender realmente su situaci\u00f3n, sus necesidades y sus objetivos - a continuaci\u00f3n, construir una estrategia legal adaptada a su caso.<\/li>\n\n\n\n<li><strong>Comunicaci\u00f3n clara y honesta:<\/strong> Nunca se quedar\u00e1 sin saber qu\u00e9 ocurre con su caso. Nuestro equipo le mantendr\u00e1 informado en todo momento y le explicar\u00e1 sus opciones en un lenguaje sencillo y directo.<\/li>\n\n\n\n<li><strong>Defensa agresiva: <\/strong>Las compa\u00f1\u00edas de seguros suelen intentar minimizar los pagos. Nosotros no se lo permitimos. Ya sea que estemos negociando un acuerdo justo o representarlo ante un juez de compensaci\u00f3n de trabajadores, luchamos por los beneficios completos que se merece.<\/li>\n\n\n\n<li><strong>Sin honorarios a menos que ganemos: <\/strong>No debe nada por adelantado. S\u00f3lo cobramos cuando conseguimos una indemnizaci\u00f3n para usted, para que pueda centrarse en curarse, no en las facturas legales.<\/li>\n<\/ul>\n\n\n\n<blockquote class=\"wp-block-quote is-layout-flow wp-block-quote-is-layout-flow\">\n<h4 class=\"wp-block-heading\" id=\"just-listen-to-what-one-of-our-past-clients-john-e-clark-iv-had-to-say-in-his-google-review\">Basta con escuchar lo que uno de nuestros antiguos clientes, John E. Clark IV, dijo en su rese\u00f1a de Google:<\/h4>\n\n\n\n<p>\"Vivo aqu\u00ed en Philadelphia pero trabajo en NJ. De camino al trabajo me lesion\u00e9. Mandee en la oficina del noreste Philly cuid\u00f3 bien de m\u00ed. Ella lo arregl\u00f3 para la terapia f\u00edsica despu\u00e9s de mi lesi\u00f3n. Me explic\u00f3 las leyes de NJ y PA y c\u00f3mo las cl\u00e1usulas de mi p\u00f3liza de seguro de auto beneficiar\u00eda mejor mi caso. Manej\u00f3 todo mi papeleo a fondo y siempre respondi\u00f3 a cualquier pregunta que ten\u00eda en detalle. Gran trabajo y yo recomendar\u00eda Mi Abogado Philly a cualquiera!\"<\/p>\n<\/blockquote>\n\n\n\n<p>En MyPhillyLawyer, nos enorgullecemos de ofrecer el mismo nivel de <a href=\"https:\/\/www.myphillylawyer.com\/es\/resenas\/\">atenci\u00f3n personalizada a cada cliente<\/a> que cruza nuestras puertas. Usted ha trabajado duro. Cuando se lesiona en el trabajo, se merece un equipo legal que trabaja igual de duro para usted.<\/p>\n\n\n\n<h2 class=\"wp-block-heading\" id=\"frequently-asked-questions-workers-compensation-in-conshohocken-pa\">Preguntas m\u00e1s frecuentes: Indemnizaci\u00f3n por accidente laboral en Conshohocken, PA<\/h2>\n\n\n\n<h3 class=\"wp-block-heading\" id=\"how-long-do-i-have-to-report-a-work-injury-in-pennsylvania\">\u00bfCu\u00e1nto tiempo tengo para informar de un accidente de trabajo en Pensilvania?<\/h3>\n\n\n\n<p>Debe notific\u00e1rselo a su empresa en un plazo de 21 d\u00edas para recibir las prestaciones retroactivas completas, pero el plazo final es de 120 d\u00edas despu\u00e9s de la lesi\u00f3n. Si no cumple este plazo, puede perder el derecho a las prestaciones.<\/p>\n\n\n\n<h3 class=\"wp-block-heading\" id=\"can-i-choose-my-own-doctor-for-workers-compensation-in-pa\">\u00bfPuedo elegir mi propio m\u00e9dico para la indemnizaci\u00f3n por accidente de trabajo en Pensilvania?<\/h3>\n\n\n\n<p>Durante los 90 d\u00edas siguientes a la lesi\u00f3n, es posible que tenga que acudir a un m\u00e9dico de la lista aprobada por su empresa. Transcurridos 90 d\u00edas, puedes elegir a tu proveedor, pero aseg\u00farate de notificar el cambio a tu empresa.<\/p>\n\n\n\n<h3 class=\"wp-block-heading\" id=\"what-should-i-do-if-my-workers-compensation-claim-is-denied\">\u00bfQu\u00e9 debo hacer si me deniegan la indemnizaci\u00f3n por accidente laboral?<\/h3>\n\n\n\n<p>Si le deniegan la solicitud, no se rinda. Tiene derecho a apelar. P\u00f3ngase en contacto con un abogado de inmediato para revisar su caso, reunir pruebas y presentar su apelaci\u00f3n ante el Juez de Compensaci\u00f3n de Trabajadores.<\/p>\n\n\n\n<h3 class=\"wp-block-heading\" id=\"what-benefits-can-i-receive-through-workers-compensation\"><strong>\u00bfQu\u00e9 prestaciones puedo recibir a trav\u00e9s de la indemnizaci\u00f3n por accidente de trabajo?<\/strong><\/h3>\n\n\n\n<p>La indemnizaci\u00f3n por accidente de trabajo en Pensilvania cubre los gastos m\u00e9dicos, la p\u00e9rdida salarial, las prestaciones espec\u00edficas por p\u00e9rdida (en caso de incapacidad permanente) y las prestaciones por fallecimiento de las personas a su cargo en caso de accidente laboral mortal.<\/p>\n\n\n\n<h2 class=\"wp-block-heading\" id=\"how-to-know-if-youre-hiring-the-best-workers-compensation-lawyer-in-conshohocken-pennsylvania\">C\u00f3mo saber si est\u00e1 contratando al mejor abogado de indemnizaci\u00f3n laboral en Conshohocken, Pensilvania<\/h2>\n\n\n\n<p>Si usted ha sido lesionado, usted puede tener derecho a una indemnizaci\u00f3n por gastos m\u00e9dicos, p\u00e9rdida de ingresos, dolor y sufrimiento, y otros da\u00f1os relacionados. Las compa\u00f1\u00edas de seguros a menudo tratan de limitar lo que pagan, por lo que es importante contar con un abogado de primer nivel que defienda sus derechos.&nbsp;<\/p>\n\n\n\n<p>Antes de <a href=\"https:\/\/www.myphillylawyer.com\/es\/areas-de-practica\/danos-personales\/\">contratar a un abogado de lesiones personales en Pensilvania<\/a>Aseg\u00farese de saber qu\u00e9 buscar. Si a\u00fan no ha programado una consulta gratuita con nuestra firma y todav\u00eda est\u00e1 sopesando sus opciones, aqu\u00ed hay algunos factores clave a considerar al elegir el abogado adecuado para manejar su caso de compensaci\u00f3n de trabajadores.<\/p>\n\n\n\n<h3 class=\"wp-block-heading\">Los mejores abogados de indemnizaci\u00f3n por accidente laboral en Conshohocken s\u00f3lo cobran si usted lo hace<\/h3>\n\n\n\n<p>Los mejores abogados de indemnizaci\u00f3n por accidente laboral en Conshohocken suelen llevar los casos con honorarios condicionales. Esto significa que no tendr\u00e1 que pagar honorarios a menos que consigan un acuerdo o ganen el juicio en su nombre. Todos los gastos necesarios, como la contrataci\u00f3n de peritos o la realizaci\u00f3n de investigaciones, corren a cargo del bufete de abogados y s\u00f3lo se reembolsan si su caso da lugar a una indemnizaci\u00f3n. Esta estructura de honorarios le garantiza una representaci\u00f3n legal experimentada sin tener que desembolsar gastos desde el principio.<\/p>\n\n\n\n<h3 class=\"wp-block-heading\">Los mejores abogados de indemnizaci\u00f3n por accidente laboral dan prioridad a la comunicaci\u00f3n<\/h3>\n\n\n\n<p>Una fuerte relaci\u00f3n abogado-cliente se basa en una comunicaci\u00f3n clara y coherente. Los mejores abogados de indemnizaci\u00f3n laboral tienen como prioridad mantenerle informado durante todo el proceso. Ellos se asegurar\u00e1n de que usted entienda sus derechos legales, explicar sus opciones en t\u00e9rminos sencillos, y ayudarle a tomar decisiones informadas, tales como si se debe proceder a juicio o aceptar un acuerdo. Si su abogado no responde o no se toma el tiempo necesario para responder a sus preguntas, puede ser una se\u00f1al de alarma.<\/p>\n\n\n\n<h3 class=\"wp-block-heading\">Los mejores abogados de indemnizaci\u00f3n por accidente laboral en Conshohocken saben llevar casos como el suyo<\/h3>\n\n\n\n<p><a href=\"https:\/\/www.myphillylawyer.com\/es\/areas-de-practica\/\">Derecho de da\u00f1os<\/a> abarca una amplia gama de tipos de casos, y no todos los abogados est\u00e1n preparados para tratarlos todos. Para obtener la indemnizaci\u00f3n que se merece, es importante <a href=\"https:\/\/www.myphillylawyer.com\/es\/pongase-en-contacto-con\/\">trabajar con un abogado<\/a> que tenga experiencia directa en reclamaciones de indemnizaci\u00f3n por accidente laboral similares a la suya.<\/p>","protected":false},"excerpt":{"rendered":"<p>Abogado de Compensaci\u00f3n de Trabajadores en Conshohocken: Protegiendo los Derechos de los Trabajadores Lesionados Lesionarse en el trabajo en Conshohocken puede dejarlo abrumado y sin saber a d\u00f3nde acudir. Si usted trabaja en una cocina ocupada a lo largo de la calle Fayette, manejar el mantenimiento en una escuela local, o ense\u00f1ar en una escuela privada como Miquon, una lesi\u00f3n...<\/p>","protected":false},"author":9,"featured_media":0,"parent":9900,"menu_order":0,"comment_status":"closed","ping_status":"closed","template":"","meta":{"_acf_changed":false,"jetpack_post_was_ever_published":false,"footnotes":""},"class_list":["post-13661","page","type-page","status-publish","hentry"],"acf":[],"jetpack_sharing_enabled":true,"_links":{"self":[{"href":"https:\/\/www.myphillylawyer.com\/es\/wp-json\/wp\/v2\/pages\/13661","targetHints":{"allow":["GET"]}}],"collection":[{"href":"https:\/\/www.myphillylawyer.com\/es\/wp-json\/wp\/v2\/pages"}],"about":[{"href":"https:\/\/www.myphillylawyer.com\/es\/wp-json\/wp\/v2\/types\/page"}],"author":[{"embeddable":true,"href":"https:\/\/www.myphillylawyer.com\/es\/wp-json\/wp\/v2\/users\/9"}],"replies":[{"embeddable":true,"href":"https:\/\/www.myphillylawyer.com\/es\/wp-json\/wp\/v2\/comments?post=13661"}],"version-history":[{"count":7,"href":"https:\/\/www.myphillylawyer.com\/es\/wp-json\/wp\/v2\/pages\/13661\/revisions"}],"predecessor-version":[{"id":13880,"href":"https:\/\/www.myphillylawyer.com\/es\/wp-json\/wp\/v2\/pages\/13661\/revisions\/13880"}],"up":[{"embeddable":true,"href":"https:\/\/www.myphillylawyer.com\/es\/wp-json\/wp\/v2\/pages\/9900"}],"wp:attachment":[{"href":"https:\/\/www.myphillylawyer.com\/es\/wp-json\/wp\/v2\/media?parent=13661"}],"curies":[{"name":"wp","href":"https:\/\/api.w.org\/{rel}","templated":true}]}}