{"id":13708,"date":"2025-06-17T23:17:26","date_gmt":"2025-06-18T04:17:26","guid":{"rendered":"https:\/\/www.myphillylawyer.com\/?page_id=13708"},"modified":"2025-06-17T23:17:30","modified_gmt":"2025-06-18T04:17:30","slug":"resbalon-y-caida-abogado","status":"publish","type":"page","link":"https:\/\/www.myphillylawyer.com\/es\/zonas-atendidas\/jenkintown\/resbalon-y-caida-abogado\/","title":{"rendered":"Jenkintown Abogado de resbalones y ca\u00eddas"},"content":{"rendered":"<h1 class=\"wp-block-heading\" id=\"jenkintown-slip-and-fall-lawyer-protecting-your-rights-after-a-fall\">Jenkintown Abogado de resbalones y ca\u00eddas: Protegiendo sus derechos despu\u00e9s de una ca\u00edda<\/h1>\n\n\n\n<p><a href=\"https:\/\/www.myphillylawyer.com\/es\/areas-de-practica\/danos-personales\/responsabilidad-de-las-instalaciones\/resbalones-y-caidas\/\">Accidentes por resbalones y ca\u00eddas<\/a> son demasiado comunes en zonas concurridas como Jenkintown, especialmente en los lugares donde la gente menos se lo espera. Puedes estar paseando por el abarrotado aparcamiento de Trader Joe's, entrando en uno de los restaurantes de Old York Road o visitando a un vecino despu\u00e9s de una nevada. Cuando se produce una ca\u00edda, las lesiones pueden ser graves, y el estr\u00e9s posterior suele ser igual de dif\u00edcil. De repente, tienes que hacer frente a facturas m\u00e9dicas, faltas al trabajo y la incertidumbre de averiguar qui\u00e9n es legalmente responsable.<\/p>\n\n\n\n<p>Si ha resultado herido en una ca\u00edda en Jenkintown, no tiene por qu\u00e9 resolverlo todo usted solo. Un abogado especializado en resbalones y ca\u00eddas puede ayudarle a determinar qu\u00e9 caus\u00f3 su accidente, qui\u00e9n puede ser el culpable y qu\u00e9 indemnizaci\u00f3n puede tener derecho a recibir. Estos casos a menudo dependen de peque\u00f1os detalles, y el apoyo legal adecuado puede marcar una gran diferencia.<\/p>\n\n\n\n<p>En <a href=\"https:\/\/www.myphillylawyer.com\/es\/\">MyPhillyLawyer<\/a>Sabemos lo perjudiciales que pueden ser estas lesiones. Desde su primera llamada hasta la resoluci\u00f3n final, nuestro equipo se centra en su recuperaci\u00f3n. Le explicaremos sus derechos, reuniremos las pruebas necesarias para su reclamaci\u00f3n y nos encargaremos de los tr\u00e1mites legales para que usted pueda centrarse en curarse.<\/p>\n\n\n\n<div class=\"wp-block-rank-math-toc-block\" id=\"rank-math-toc\"><h2>\u00cdndice<\/h2><nav><ul><li><a href=\"#why-slip-and-fall-accidents-happen-in-jenkintown\">Por qu\u00e9 se producen accidentes por resbalones y ca\u00eddas en Jenkintown<\/a><\/li><li><a href=\"#your-legal-rights-after-a-slip-and-fall-injury-in-pennsylvania\">Sus derechos legales despu\u00e9s de una lesi\u00f3n por resbal\u00f3n y ca\u00edda en Pensilvania<\/a><\/li><li><a href=\"#how-a-jenkintown-slip-and-fall-lawyer-can-help\">C\u00f3mo puede ayudar un abogado de resbalones y ca\u00eddas Jenkintown<\/a><\/li><li><a href=\"#common-slip-and-fall-injuries\">Lesiones comunes por resbalones y ca\u00eddas<\/a><\/li><li><a href=\"#what-compensation-can-you-recover-after-a-slip-and-fall-in-jenkintown\">\u00bfQu\u00e9 indemnizaci\u00f3n puede recibir tras un resbal\u00f3n y ca\u00edda en Jenkintown?<\/a><\/li><li><a href=\"#frequently-asked-questions-about-slip-and-fall-cases-in-jenkintown\">Preguntas frecuentes sobre casos de resbalones y ca\u00eddas en Jenkintown<\/a><\/li><li><a href=\"#why-choose-my-philly-lawyer-for-your-jenkintown-slip-and-fall-case\">\u00bfPor qu\u00e9 elegir MyPhillyLawyer para su caso de resbal\u00f3n y ca\u00edda Jenkintown?<\/a><\/li><\/ul><\/nav><\/div>\n\n\n\n<h2 class=\"wp-block-heading\" id=\"why-slip-and-fall-accidents-happen-in-jenkintown\">Por qu\u00e9 se producen accidentes por resbalones y ca\u00eddas en Jenkintown<\/h2>\n\n\n\n<p>Los accidentes por resbalones y ca\u00eddas se encuentran entre las causas m\u00e1s comunes de lesiones evitables en Pensilvania. En Jenkintown, las aceras bulliciosas, las tiendas populares y los espacios p\u00fablicos muy frecuentados ofrecen, por desgracia, muchas oportunidades para que surjan peligros. Suelos mojados o reci\u00e9n fregados, pasillos helados, pavimento irregular, iluminaci\u00f3n deficiente y desorden desatendido son s\u00f3lo algunos de los peligros a los que pueden enfrentarse residentes y visitantes desprevenidos.<\/p>\n\n\n\n<p>Imagina que pasas por tu cafeter\u00eda favorita un d\u00eda de lluvia. Si el due\u00f1o del negocio no pone se\u00f1ales de advertencia o no limpia el agua ca\u00edda, es f\u00e1cil pasar por alto un lugar resbaladizo y encontrarse de repente en el suelo con un tobillo torcido o algo peor.&nbsp;<\/p>\n\n\n\n<p>Seg\u00fan <a href=\"https:\/\/www.myphillylawyer.com\/es\/areas-de-practica\/danos-personales\/responsabilidad-de-las-instalaciones\/\">Ley de responsabilidad de locales de Pensilvania<\/a>Los propietarios y administradores de inmuebles est\u00e1n obligados a mantener sus propiedades en condiciones razonablemente seguras. Cuando descuidan este deber, usted tiene derecho a presentar una reclamaci\u00f3n legal por sus lesiones. <a href=\"https:\/\/www.myphillylawyer.com\/es\/abogados\/\">Nuestro equipo en MyPhillyLawyer<\/a> ayuda a los clientes a identificar lo que sali\u00f3 mal, reunir pruebas fundamentales y responsabilizar a los propietarios negligentes por su descuido.<\/p>\n\n\n\n<h2 class=\"wp-block-heading\" id=\"your-legal-rights-after-a-slip-and-fall-injury-in-pennsylvania\">Sus derechos legales despu\u00e9s de una lesi\u00f3n por resbal\u00f3n y ca\u00edda en Pensilvania<\/h2>\n\n\n\n<p>Despu\u00e9s de un resbal\u00f3n y una ca\u00edda, saber qu\u00e9 hacer a continuaci\u00f3n puede resultar abrumador. Su salud debe ser siempre lo primero, as\u00ed que busque atenci\u00f3n m\u00e9dica lo antes posible, aunque crea que sus lesiones son leves. Un tratamiento r\u00e1pido le proporcionar\u00e1 un historial m\u00e9dico claro, que ser\u00e1 fundamental si decide presentar una reclamaci\u00f3n legal.<\/p>\n\n\n\n<p>Una vez que hayas atendido tus necesidades m\u00e9dicas, es esencial documentar el accidente. Haz fotos del lugar, del peligro que provoc\u00f3 la ca\u00edda y de tus lesiones. Recoge los nombres y datos de contacto de los testigos e informa del incidente al propietario o administrador. Estos pasos le ayudar\u00e1n a conservar pruebas vitales en caso de que necesite demostrar su caso m\u00e1s adelante.<\/p>\n\n\n\n<p>La ley de prescripci\u00f3n de Pennsylvania para resbalones y ca\u00eddas y otras reclamaciones de responsabilidad de locales es generalmente de dos a\u00f1os a partir de la fecha del accidente. Si espera demasiado, corre el riesgo de perder su derecho a solicitar una indemnizaci\u00f3n por sus lesiones. Por eso <a href=\"https:\/\/www.myphillylawyer.com\/es\/pongase-en-contacto-con\/\">consultar con un abogado de resbalones y ca\u00eddas Jenkintown<\/a> desde el principio es muy importante. El abogado adecuado se asegurar\u00e1 de que no se le pasen plazos importantes y luchar\u00e1 para proteger su derecho a una indemnizaci\u00f3n completa y justa.<\/p>\n\n\n\n<h2 class=\"wp-block-heading\" id=\"how-a-jenkintown-slip-and-fall-lawyer-can-help\">C\u00f3mo puede ayudar un abogado de resbalones y ca\u00eddas Jenkintown<\/h2>\n\n\n\n<p>Intentar tramitar por su cuenta una reclamaci\u00f3n por resbal\u00f3n y ca\u00edda puede resultar dif\u00edcil, sobre todo cuando intervienen compa\u00f1\u00edas de seguros. Las aseguradoras a menudo tratan de restar importancia a sus lesiones o argumentan que usted tuvo la culpa de su ca\u00edda. Contar con un abogado experto en resbalones y ca\u00eddas en Jenkintown significa que no tiene que enfrentarse a estos retos solo.<\/p>\n\n\n\n<p>Nuestros abogados en MyPhillyLawyer investigar\u00e1n a fondo su accidente. Vamos a revisar los informes de accidentes, hablar con los testigos, recopilar im\u00e1genes de v\u00eddeo si est\u00e1 disponible, y consultar con profesionales de la medicina para entender completamente sus lesiones. Somos h\u00e1biles negociadores que no se echar\u00e1 atr\u00e1s cuando se trata de compa\u00f1\u00edas de seguros. Si un acuerdo justo no es posible, estamos dispuestos a llevar su caso a los tribunales.<\/p>\n\n\n\n<p>Cada cliente es \u00fanico, por lo que adaptamos nuestra estrategia a sus necesidades y circunstancias espec\u00edficas. Desde la reuni\u00f3n inicial hasta la resoluci\u00f3n final, le mantenemos informado y capacitado, permiti\u00e9ndole tomar las mejores decisiones para su recuperaci\u00f3n.<\/p>\n\n\n\n<h2 class=\"wp-block-heading\" id=\"common-slip-and-fall-injuries\">Lesiones comunes por resbalones y ca\u00eddas<\/h2>\n\n\n\n<p>Un resbal\u00f3n y una ca\u00edda en el Jenkintown pueden dejar algo m\u00e1s que un morat\u00f3n en su orgullo. Estos accidentes suelen provocar lesiones graves que afectan a su capacidad para trabajar, moverse c\u00f3modamente o vivir de forma independiente. Muchos de nuestros clientes experimentan <a href=\"https:\/\/www.myphillylawyer.com\/es\/areas-de-practica\/danos-personales\/lesiones-graves\/fracturas\/\">huesos rotos<\/a>, <a href=\"https:\/\/www.myphillylawyer.com\/es\/areas-de-practica\/danos-personales\/lesiones-graves\/lesion-cerebral-traumatica\/\">conmociones cerebrales<\/a>, <a href=\"https:\/\/www.myphillylawyer.com\/es\/areas-de-practica\/danos-personales\/lesiones-graves\/lesiones-de-espalda-y-cuello\/\">lesiones de espalda<\/a>esguinces y contusiones profundas. Para los adultos mayores, una ca\u00edda puede provocar una fractura de cadera o cambios permanentes en la movilidad que alteran la vida cotidiana.<\/p>\n\n\n\n<p>La recuperaci\u00f3n no suele ser r\u00e1pida. Puede necesitar cirug\u00eda, fisioterapia o meses de seguimiento. Los gastos m\u00e9dicos se acumulan mientras se est\u00e1 en casa o se intenta volver al trabajo demasiado pronto. Las secuelas emocionales tambi\u00e9n se acumulan: las personas suelen declarar un aumento de la ansiedad, trastornos del sue\u00f1o y falta de confianza para realizar tareas sencillas como salir a la calle o subir escaleras.<\/p>\n\n\n\n<h2 class=\"wp-block-heading\" id=\"what-compensation-can-you-recover-after-a-slip-and-fall-in-jenkintown\">\u00bfQu\u00e9 indemnizaci\u00f3n puede recibir tras un resbal\u00f3n y ca\u00edda en Jenkintown?<\/h2>\n\n\n\n<p>La elecci\u00f3n de un abogado de resbalones y ca\u00eddas en Jenkintown es algo m\u00e1s que la experiencia legal - se trata de la confianza, la compasi\u00f3n y el apoyo durante un momento dif\u00edcil. En MyPhillyLawyer, <a href=\"https:\/\/www.myphillylawyer.com\/es\/resenas\/\">tratamos a cada cliente con respeto<\/a> y dar respuestas claras y sinceras desde el primer d\u00eda.<\/p>\n\n\n\n<p>Ofrecemos consultas gratuitas, lo que le permite discutir su caso sin ning\u00fan tipo de presi\u00f3n financiera. Nos encargamos de todas las comunicaciones con los ajustadores de seguros y abogados de la oposici\u00f3n, lo que le permite centrarse en su recuperaci\u00f3n. Debido a que trabajamos en base a honorarios de contingencia, usted no pagar\u00e1 ning\u00fan honorario legal a menos que ganemos su caso. Esto permite a cualquier persona, independientemente de su situaci\u00f3n financiera, para acceder a una representaci\u00f3n legal de calidad.<\/p>\n\n\n\n<p>Nuestro equipo se compromete a mantenerle informado en todo momento. Usted nunca se quedar\u00e1 en la oscuridad sobre el estado de su caso o sus opciones para seguir adelante. Cuando usted elige MyPhillyLawyer, puede estar seguro de que sus mejores intereses ser\u00e1n siempre lo primero.<\/p>\n\n\n\n<h2 class=\"wp-block-heading\" id=\"frequently-asked-questions-about-slip-and-fall-cases-in-jenkintown\">Preguntas frecuentes sobre casos de resbalones y ca\u00eddas en Jenkintown<\/h2>\n\n\n\n<h3 class=\"wp-block-heading\" id=\"how-do-i-know-if-i-have-a-valid-slip-and-fall-case-in-jenkintown\">\u00bfC\u00f3mo s\u00e9 si tengo un caso v\u00e1lido de resbal\u00f3n y ca\u00edda en Jenkintown?<\/h3>\n\n\n\n<p>Si su lesi\u00f3n ocurri\u00f3 en la propiedad de otra persona y fue causada por una condici\u00f3n peligrosa que el due\u00f1o de la propiedad conoc\u00eda o deber\u00eda haber conocido, usted puede tener una reclamaci\u00f3n v\u00e1lida. Consultar con un abogado especializado en resbalones y ca\u00eddas puede ayudarle a evaluar su situaci\u00f3n espec\u00edfica y a identificar sus opciones legales.<\/p>\n\n\n\n<h3 class=\"wp-block-heading\" id=\"what-compensation-can-i-recover-after-a-slip-and-fall-accident\">\u00bfQu\u00e9 indemnizaci\u00f3n puedo recibir tras un accidente por resbal\u00f3n y ca\u00edda?<\/h3>\n\n\n\n<p>Las v\u00edctimas de accidentes por resbalones y ca\u00eddas pueden obtener una indemnizaci\u00f3n por gastos m\u00e9dicos, salarios perdidos, costes de rehabilitaci\u00f3n, dolor y sufrimiento, y otros da\u00f1os. Cada caso es \u00fanico, por lo que los tipos y la cantidad de compensaci\u00f3n disponible depender\u00e1 de sus lesiones y las circunstancias de su caso.<\/p>\n\n\n\n<h3 class=\"wp-block-heading\" id=\"what-if-you-were-partially-at-fault\">\u00bfY si la culpa es parcial?<\/h3>\n\n\n\n<p>La ley de Pennsylvania utiliza un sistema de negligencia comparativa, lo que significa que todav\u00eda puede recuperar la compensaci\u00f3n si usted era menos de 51% culpa del accidente. Su compensaci\u00f3n total se reducir\u00e1 por su porcentaje de culpa, seg\u00fan lo determinado por un juez o un jurado.<\/p>\n\n\n\n<h3 class=\"wp-block-heading\" id=\"how-long-does-a-slip-and-fall-case-usually-take-to-resolve\">\u00bfCu\u00e1nto tiempo suele tardar en resolverse un caso de resbal\u00f3n y ca\u00edda?<\/h3>\n\n\n\n<p>El plazo depende de muchos factores, como la complejidad de su caso, la voluntad de la compa\u00f1\u00eda de seguros de llegar a un acuerdo y si el caso va a juicio. Algunos casos se resuelven en pocos meses, mientras que otros pueden tardar un a\u00f1o o m\u00e1s. Su abogado le mantendr\u00e1 informado durante todo el proceso.<\/p>\n\n\n\n<h2 class=\"wp-block-heading\" id=\"why-choose-my-philly-lawyer-for-your-jenkintown-slip-and-fall-case\">\u00bfPor qu\u00e9 elegir MyPhillyLawyer para su caso de resbal\u00f3n y ca\u00edda Jenkintown?<\/h2>\n\n\n\n<p>Si usted ha sido lesionado, usted puede tener derecho a una indemnizaci\u00f3n por gastos m\u00e9dicos, p\u00e9rdida de ingresos, dolor y sufrimiento, y otros da\u00f1os relacionados. Las compa\u00f1\u00edas de seguros a menudo tratan de limitar lo que pagan, por lo que es importante contar con un abogado de primera categor\u00eda que defienda sus derechos. Antes de contratar a un <a href=\"https:\/\/www.myphillylawyer.com\/es\/areas-de-practica\/danos-personales\/\">abogado de lesiones personales en Pensilvania<\/a>Aseg\u00farese de saber qu\u00e9 buscar. Si a\u00fan no ha programado una consulta gratuita con nuestra firma y todav\u00eda est\u00e1 sopesando sus opciones, aqu\u00ed hay algunos factores clave a considerar al elegir el abogado adecuado para manejar su caso de resbal\u00f3n y ca\u00edda.<\/p>\n\n\n\n<h3 class=\"wp-block-heading\" id=\"the-best-slip-and-fall-lawyers-in-jenkintown-only-get-paid-if-you-do\">Los mejores abogados de resbalones y ca\u00eddas en Jenkintown s\u00f3lo cobran si usted lo hace<\/h3>\n\n\n\n<p>Los mejores abogados de resbalones y ca\u00eddas en Jenkintown suelen llevar casos con honorarios condicionales. Esto significa que no tendr\u00e1 que pagar honorarios a menos que consigan un acuerdo o ganen el juicio en su nombre. Todos los gastos necesarios, como la contrataci\u00f3n de testigos expertos o la realizaci\u00f3n de investigaciones, corren a cargo del bufete de abogados y s\u00f3lo se reembolsan si su caso da lugar a una indemnizaci\u00f3n. Esta estructura de honorarios le garantiza una representaci\u00f3n legal experimentada sin tener que desembolsar gastos desde el principio.<\/p>\n\n\n\n<h3 class=\"wp-block-heading\" id=\"the-best-slip-and-fall-lawyers-prioritize-communication\">Los mejores abogados de resbalones y ca\u00eddas dan prioridad a la comunicaci\u00f3n<\/h3>\n\n\n\n<p>Una relaci\u00f3n s\u00f3lida entre abogado y cliente se basa en una comunicaci\u00f3n clara y coherente. Los mejores abogados de resbalones y ca\u00eddas tienen como prioridad mantenerle informado a lo largo de su caso. Se asegurar\u00e1n de que entienda sus derechos legales, le explicar\u00e1n sus opciones en t\u00e9rminos sencillos y le ayudar\u00e1n a tomar decisiones informadas, como si debe ir a juicio o aceptar un acuerdo. Si su abogado no responde o no se toma el tiempo necesario para responder a sus preguntas, puede ser una se\u00f1al de alarma.<\/p>\n\n\n\n<h3 class=\"wp-block-heading\" id=\"the-best-slip-and-fall-attorneys-in-jenkintown-know-how-to-handle-cases-like-yours\">Los mejores abogados de resbalones y ca\u00eddas en Jenkintown saben llevar casos como el suyo<\/h3>\n\n\n\n<p><a href=\"https:\/\/www.myphillylawyer.com\/es\/areas-de-practica\/\">Derecho de da\u00f1os<\/a> abarca una amplia gama de tipos de casos, y no todos los abogados est\u00e1n preparados para tratarlos todos. Para obtener la indemnizaci\u00f3n que merece, es importante trabajar con un abogado que tenga experiencia directa en casos similares al suyo.<\/p>","protected":false},"excerpt":{"rendered":"<p>Abogado especializado en resbalones y ca\u00eddas en Jenkintown: protegiendo sus derechos despu\u00e9s de una ca\u00edda Los accidentes por resbalones y ca\u00eddas son muy comunes en zonas concurridas como Jenkintown, especialmente en lugares donde la gente menos los espera. Podr\u00eda estar caminando por el concurrido estacionamiento de Trader Joe's, entrando en uno de los restaurantes de Old York Road o visitando...<\/p>","protected":false},"author":9,"featured_media":0,"parent":9890,"menu_order":0,"comment_status":"closed","ping_status":"closed","template":"","meta":{"_acf_changed":false,"footnotes":""},"class_list":["post-13708","page","type-page","status-publish","hentry"],"acf":[],"jetpack_sharing_enabled":true,"_links":{"self":[{"href":"https:\/\/www.myphillylawyer.com\/es\/wp-json\/wp\/v2\/pages\/13708","targetHints":{"allow":["GET"]}}],"collection":[{"href":"https:\/\/www.myphillylawyer.com\/es\/wp-json\/wp\/v2\/pages"}],"about":[{"href":"https:\/\/www.myphillylawyer.com\/es\/wp-json\/wp\/v2\/types\/page"}],"author":[{"embeddable":true,"href":"https:\/\/www.myphillylawyer.com\/es\/wp-json\/wp\/v2\/users\/9"}],"replies":[{"embeddable":true,"href":"https:\/\/www.myphillylawyer.com\/es\/wp-json\/wp\/v2\/comments?post=13708"}],"version-history":[{"count":3,"href":"https:\/\/www.myphillylawyer.com\/es\/wp-json\/wp\/v2\/pages\/13708\/revisions"}],"predecessor-version":[{"id":13884,"href":"https:\/\/www.myphillylawyer.com\/es\/wp-json\/wp\/v2\/pages\/13708\/revisions\/13884"}],"up":[{"embeddable":true,"href":"https:\/\/www.myphillylawyer.com\/es\/wp-json\/wp\/v2\/pages\/9890"}],"wp:attachment":[{"href":"https:\/\/www.myphillylawyer.com\/es\/wp-json\/wp\/v2\/media?parent=13708"}],"curies":[{"name":"wp","href":"https:\/\/api.w.org\/{rel}","templated":true}]}}