{"id":13711,"date":"2025-06-17T23:31:30","date_gmt":"2025-06-18T04:31:30","guid":{"rendered":"https:\/\/www.myphillylawyer.com\/?page_id=13711"},"modified":"2025-06-17T23:31:33","modified_gmt":"2025-06-18T04:31:33","slug":"abogado-laboralista","status":"publish","type":"page","link":"https:\/\/www.myphillylawyer.com\/es\/zonas-atendidas\/jenkintown\/abogado-laboralista\/","title":{"rendered":"Jenkintown Abogado de accidentes laborales"},"content":{"rendered":"<h1 class=\"wp-block-heading\" id=\"jenkintown-workers-compensation-lawyer-protecting-injured-workers-in-pennsylvania\">Jenkintown Compensaci\u00f3n a los Trabajadores Abogado: La protecci\u00f3n de los trabajadores lesionados en Pennsylvania<\/h1>\n\n\n\n<h2 class=\"wp-block-heading\" id=\"trusted-legal-help-for-work-injuries-in-jenkintown-pa\"><em>Ayuda legal de confianza para lesiones laborales en Jenkintown, PA<\/em><\/h2>\n\n\n\n<p>Un accidente laboral en Jenkintown puede cambiar tu vida en un instante. En un momento est\u00e1s trabajando tu turno en un negocio local o en una escuela, y al siguiente est\u00e1s dolorido, sin saber cu\u00e1nto tiempo estar\u00e1s de baja o c\u00f3mo cubrir\u00e1s tus facturas m\u00e9dicas. Tanto si trabaja en un peque\u00f1o bufete de abogados de Old York Road, en una cl\u00ednica m\u00e9dica cerca de Rydal o en una de las tiendas del ajetreado distrito comercial del municipio, las leyes de indemnizaci\u00f3n por accidente de trabajo de Pensilvania est\u00e1n dise\u00f1adas para protegerle.<\/p>\n\n\n\n<p><a href=\"https:\/\/www.myphillylawyer.com\/es\/areas-de-practica\/lesiones-laborales\/indemnizacion-por-accidente-laboral\/\">Indemnizaci\u00f3n de los trabajadores<\/a> es un sistema sin culpa que proporciona prestaciones a los empleados lesionados en el trabajo. Eso significa que no necesita demostrar que su empresa cometi\u00f3 un error. Si su lesi\u00f3n o enfermedad est\u00e1 relacionada con el trabajo, puede optar a tratamiento m\u00e9dico, sustituci\u00f3n parcial del salario e indemnizaci\u00f3n por da\u00f1os a largo plazo, como cicatrices permanentes o p\u00e9rdida de funciones.<\/p>\n\n\n\n<p>Algunos empresarios retrasan la presentaci\u00f3n de los informes. Las compa\u00f1\u00edas de seguros pueden cuestionar si su lesi\u00f3n se produjo en el trabajo o afirmar que se encuentra lo suficientemente bien como para volver antes de que realmente lo est\u00e9. Estos contratiempos pueden afectar tanto a tu recuperaci\u00f3n f\u00edsica como a tu estabilidad econ\u00f3mica.<\/p>\n\n\n\n<p>Ah\u00ed es donde la ayuda jur\u00eddica resulta esencial. Un abogado especializado en indemnizaci\u00f3n por accidente de trabajo que conozca a la comunidad Jenkintown puede intervenir para tramitar su reclamaci\u00f3n, cumplir plazos importantes y oponerse cuando le denieguen o reduzcan injustamente las prestaciones. Mientras usted se concentra en curarse, su abogado puede ocuparse del resto. <a href=\"tel:1-866-352-4572\">Ll\u00e1menos hoy mismo<\/a> o rellene nuestro <a href=\"https:\/\/www.myphillylawyer.com\/es\/pongase-en-contacto-con\/#:~:text=the%20following%20form%3A-,Contact%20Us,-Contact%20our%20law\">formulario de contacto<\/a> para empezar.<\/p>\n\n\n\n<div class=\"wp-block-rank-math-toc-block\" id=\"rank-math-toc\"><h2>\u00cdndice<\/h2><nav><ul><li><a href=\"#trusted-legal-help-for-work-injuries-in-jenkintown-pa\">Ayuda legal de confianza para lesiones laborales en Jenkintown, PA<\/a><\/li><li><a href=\"#how-pennsylvania-workers-compensation-works\">C\u00f3mo funciona la indemnizaci\u00f3n por accidente de trabajo en Pensilvania<\/a><\/li><li><a href=\"#common-jenkintown-workplace-injuries-we-handle\">Lesiones laborales comunes Jenkintown que manejamos<\/a><\/li><li><a href=\"#the-workers-compensation-process-in-pennsylvania\">El proceso de indemnizaci\u00f3n de los trabajadores en Pensilvania<\/a><\/li><li><a href=\"#what-my-philly-lawyer-offers-jenkintown-injured-workers\">Qu\u00e9 ofrece MyPhillyLawyer a los trabajadores lesionados Jenkintown<\/a><\/li><li><a href=\"#fa-qs-about-workers-compensation-in-jenkintown\">Preguntas frecuentes sobre la indemnizaci\u00f3n por accidente de trabajo en Jenkintown<\/a><\/li><li><a href=\"#how-to-know-if-youre-hiring-the-best-workers-compensation-lawyer-in-jenkintown-pennsylvania\">C\u00f3mo saber si est\u00e1 contratando al mejor abogado de compensaci\u00f3n laboral en Jenkintown, Pennsylvania<\/a><\/li><\/ul><\/nav><\/div>\n\n\n\n<h2 class=\"wp-block-heading\" id=\"how-pennsylvania-workers-compensation-works\">C\u00f3mo funciona la indemnizaci\u00f3n por accidente de trabajo en Pensilvania<\/h2>\n\n\n\n<p>Quiz\u00e1 se pregunte: \"\u00bfNecesito un abogado para mi reclamaci\u00f3n de indemnizaci\u00f3n por accidente laboral?\". La verdad es que, aunque algunas reclamaciones son sencillas, muchas no lo son. Si su empleador o su compa\u00f1\u00eda de seguros desaf\u00eda su reclamo, este proceso puede llegar a ser desalentador. Aqu\u00ed es donde un abogado con experiencia en compensaci\u00f3n de trabajadores en Jenkintown interviene para proteger sus mejores intereses.<\/p>\n\n\n\n<p>En <a href=\"https:\/\/www.myphillylawyer.com\/es\/abogados\/\">Equipo MyPhillyLawyer<\/a> puede ayudarle a entender sus derechos, reunir las pruebas necesarias y presentar un caso convincente para su beneficio. Por ejemplo, supongamos que su reclamaci\u00f3n es denegada porque la compa\u00f1\u00eda de seguros dice que su lesi\u00f3n es una afecci\u00f3n preexistente. Su abogado puede ayudarle a demostrar c\u00f3mo su trabajo agrav\u00f3 esa dolencia o c\u00f3mo sus s\u00edntomas actuales est\u00e1n directamente relacionados con sus obligaciones laborales.<\/p>\n\n\n\n<p>Un abogado tambi\u00e9n se asegura de que cumpla todos los plazos cr\u00edticos. En Pennsylvania, hay plazos estrictos para notificar a su empleador acerca de una lesi\u00f3n y para la presentaci\u00f3n de una petici\u00f3n de reclamaci\u00f3n si los beneficios son negados. El incumplimiento de estos plazos podr\u00eda significar la p\u00e9rdida de su derecho a una indemnizaci\u00f3n.<\/p>\n\n\n\n<p>En \u00faltima instancia, un abogado de indemnizaci\u00f3n de los trabajadores Jenkintown est\u00e1 bien versado en los empleadores locales, los proveedores de atenci\u00f3n m\u00e9dica, y los tribunales. Saben qu\u00e9 pruebas son las m\u00e1s convincentes y pueden contrarrestar las t\u00e1cticas de defensa m\u00e1s comunes utilizadas por las aseguradoras. Con un abogado de su parte, es mucho m\u00e1s probable que reciba todas las prestaciones que se merece.<\/p>\n\n\n\n<h2 class=\"wp-block-heading\" id=\"common-jenkintown-workplace-injuries-we-handle\">Lesiones laborales comunes Jenkintown que manejamos<\/h2>\n\n\n\n<p>No hay dos lesiones en el lugar de trabajo exactamente iguales, pero ciertos tipos son m\u00e1s comunes que otros en Jenkintown y en toda Pennsylvania. En MyPhillyLawyer, hemos visto de primera mano la gran variedad de accidentes y enfermedades profesionales que afectan a los trabajadores de sectores que van desde la sanidad y la educaci\u00f3n hasta la construcci\u00f3n y la fabricaci\u00f3n.<\/p>\n\n\n\n<p>Las lesiones laborales t\u00edpicas que pueden sufrir los empleados durante un turno de trabajo son las siguientes:<\/p>\n\n\n\n<ul class=\"wp-block-list\">\n<li><strong><a href=\"https:\/\/www.myphillylawyer.com\/es\/zonas-atendidas\/jenkintown\/resbalon-y-caida-abogado\/\">Accidentes por resbalones y ca\u00eddas<\/a><\/strong>: Los suelos mojados, las superficies irregulares o las pasarelas heladas pueden provocar ca\u00eddas graves, que a su vez pueden provocar fracturas \u00f3seas, lesiones de espalda o traumatismos craneoencef\u00e1licos.<\/li>\n\n\n\n<li><strong><a href=\"https:\/\/www.myphillylawyer.com\/es\/areas-de-practica\/lesiones-laborales\/lesiones-repetitivas\/\">Lesiones por estr\u00e9s repetitivo<\/a><\/strong>: Los movimientos repetidos, como teclear, empujar, tirar y levantar objetos, pueden provocar afecciones como la tendinitis.<\/li>\n\n\n\n<li><strong><a href=\"https:\/\/www.myphillylawyer.com\/es\/zonas-atendidas\/jenkintown\/abogados-de-accidentes-de-coche-2\/\">Accidentes de tr\u00e1fico en el trabajo<\/a><\/strong>: Los conductores de reparto, los trabajadores de almac\u00e9n y otras personas que manejan veh\u00edculos pueden correr el riesgo de sufrir colisiones que provoquen lesiones graves.<\/li>\n\n\n\n<li><strong><a href=\"https:\/\/www.myphillylawyer.com\/es\/areas-de-practica\/lesiones-laborales\/lesion-por-fabricacion\/\">Accidentes de maquinaria<\/a><\/strong>: El mal funcionamiento de los equipos, la formaci\u00f3n inadecuada del personal en materia de seguridad o la ausencia de cascos protectores u otros equipos diversos pueden provocar cortes, amputaciones, quemaduras o lesiones graves por aplastamiento.<\/li>\n\n\n\n<li><strong><a href=\"https:\/\/www.myphillylawyer.com\/es\/areas-de-practica\/lesiones-laborales\/exposicion-quimica\/\">Exposici\u00f3n a sustancias nocivas<\/a><\/strong>: Ciertos entornos de trabajo pueden exponer a los trabajadores Jenkintown a sustancias qu\u00edmicas y materiales peligrosos, que pueden provocar enfermedades respiratorias o problemas de salud a largo plazo.<\/li>\n<\/ul>\n\n\n\n<p>Si su trabajo Jenkintown le caus\u00f3 una lesi\u00f3n o enfermedad, puede tener derecho a una indemnizaci\u00f3n por accidente de trabajo, aunque el suceso laboral le pareciera leve en un principio. Recuerde que los s\u00edntomas pueden no aparecer al principio y empeorar con el tiempo, por lo que es esencial buscar orientaci\u00f3n legal lo antes posible. Si est\u00e1 estresado y busca ayuda con su reclamaci\u00f3n de indemnizaci\u00f3n laboral, ll\u00e1menos hoy mismo para hablar con un miembro de nuestro equipo.\u00a0<\/p>\n\n\n\n<h2 class=\"wp-block-heading\" id=\"the-workers-compensation-process-in-pennsylvania\">El proceso de indemnizaci\u00f3n de los trabajadores en Pensilvania<\/h2>\n\n\n\n<p>La presentaci\u00f3n de una reclamaci\u00f3n de compensaci\u00f3n de trabajadores en Pennsylvania implica varios pasos clave, y la comprensi\u00f3n del proceso puede ayudarle a evitar dificultades en el camino. He aqu\u00ed c\u00f3mo se desarrolla normalmente - y c\u00f3mo su abogado hace que cada etapa sea m\u00e1s f\u00e1cil.<\/p>\n\n\n\n<ul class=\"wp-block-list\">\n<li><strong>Informe r\u00e1pidamente de su lesi\u00f3n:<\/strong> Informe a su supervisor o empresario. La ley de Pensilvania exige que informe de una lesi\u00f3n laboral en un plazo de 120 d\u00edas. Este paso desencadena el proceso de compensaci\u00f3n de los trabajadores y ayuda a preservar sus derechos legales.<\/li>\n\n\n\n<li><strong>Busque atenci\u00f3n m\u00e9dica:<\/strong> Tu salud y tu seguridad son lo primero. Algunas empresas tienen una lista de m\u00e9dicos autorizados que debes visitar durante los primeros 90 d\u00edas. Lleve un registro detallado de su tratamiento, ya que estos documentos son fundamentales para su reclamaci\u00f3n. Si su empresa no ha publicado o explicado correctamente el panel, puede tener otros derechos. Lo mejor es consultarlo con un abogado especialista en accidentes de trabajo Jenkintown.<\/li>\n\n\n\n<li><strong>Presentar una reclamaci\u00f3n:<\/strong> Despu\u00e9s de notific\u00e1rselo a tu empresa, \u00e9sta debe comunicar tu lesi\u00f3n a su aseguradora de accidentes de trabajo. La aseguradora tiene 21 d\u00edas para aceptar o denegar su reclamaci\u00f3n. Si le deniegan la reclamaci\u00f3n, puede presentar una petici\u00f3n de indemnizaci\u00f3n ante la Oficina de Indemnizaci\u00f3n por Accidentes de Trabajo de Pensilvania (Pennsylvania Bureau of Workers' Compensation).<\/li>\n\n\n\n<li><strong>Prestaciones abonadas o denegadas y recursos:<\/strong> Si le aprueban, empezar\u00e1 a recibir prestaciones m\u00e9dicas y salariales. Si se las deniegan, o si no est\u00e1 de acuerdo con la cantidad concedida, tiene derecho a apelar. Aqu\u00ed es donde brillan las habilidades de su abogado: puede representarle en las vistas, reunir pruebas m\u00e9dicas y repreguntar a los testigos para apoyar su reclamaci\u00f3n.<\/li>\n<\/ul>\n\n\n\n<p>A lo largo de este proceso, las compa\u00f1\u00edas de seguros pueden intentar minimizar su exposici\u00f3n financiera ofreciendo acuerdos r\u00e1pidos o solicitando que se someta a ex\u00e1menes m\u00e9dicos independientes. Su abogado de compensaci\u00f3n de trabajadores Jenkintown le ayudar\u00e1 a navegar por estos desaf\u00edos, asegur\u00e1ndose de que no se conforme con menos de lo que se merece.<\/p>\n\n\n\n<h2 class=\"wp-block-heading\" id=\"what-my-philly-lawyer-offers-jenkintown-injured-workers\">Qu\u00e9 ofrece MyPhillyLawyer a los trabajadores lesionados Jenkintown<\/h2>\n\n\n\n<p>La elecci\u00f3n del abogado de compensaci\u00f3n de trabajadores derecho puede ser una decisi\u00f3n que cambia la vida. En MyPhillyLawyer, nos enorgullecemos de nuestra <a href=\"https:\/\/www.myphillylawyer.com\/es\/resenas\/\">enfoque centrado en el cliente<\/a>, garantizando que cada cliente de Jenkintown reciba una atenci\u00f3n personalizada y una comunicaci\u00f3n clara desde el principio.<\/p>\n\n\n\n<p><a href=\"tel:1-866-352-4572\">Ll\u00e1menos hoy mismo para iniciar una consulta gratuita y confidencial<\/a>. Revisaremos los detalles de su lesi\u00f3n, evaluaremos la solidez de su reclamaci\u00f3n y le explicaremos sus opciones legales. Si decide seguir adelante, nos encargaremos del papeleo, nos comunicaremos con la compa\u00f1\u00eda de seguros y le mantendremos informado en todo momento.<\/p>\n\n\n\n<p>Operamos sobre una base de honorarios de contingencia, lo que significa que usted no paga nada a menos que ganemos beneficios para usted. Nuestro objetivo es aliviar su estr\u00e9s, no aumentarlo, para que pueda centrarse en su recuperaci\u00f3n. Entendemos la carga emocional y financiera de una lesi\u00f3n en el lugar de trabajo puede tener en usted y su familia, y estamos comprometidos a luchar por la compensaci\u00f3n que se merece.<\/p>\n\n\n\n<p>Nuestro equipo ha <a href=\"https:\/\/maps.app.goo.gl\/aLSjGFk12dGcKLNA7\" target=\"_blank\" rel=\"noreferrer noopener\">profundas ra\u00edces en la zona Philadelphia<\/a>incluyendo <a href=\"https:\/\/www.myphillylawyer.com\/es\/zonas-atendidas\/jenkintown\/\">Jenkintown<\/a>y estamos familiarizados con las necesidades espec\u00edficas de los trabajadores locales. Si usted est\u00e1 enfrentando una reclamaci\u00f3n denegada, una oferta de liquidaci\u00f3n, o simplemente tiene preguntas acerca de sus derechos, usted encontrar\u00e1 un aliado compasivo en MyPhillyLawyer.<\/p>\n\n\n\n<h2 class=\"wp-block-heading\" id=\"fa-qs-about-workers-compensation-in-jenkintown\">Preguntas frecuentes sobre la indemnizaci\u00f3n por accidente de trabajo en Jenkintown<\/h2>\n\n\n\n<h3 class=\"wp-block-heading\" id=\"what-if-my-workers-compensation-claim-is-denied\">\u00bfQu\u00e9 ocurre si deniegan mi solicitud de indemnizaci\u00f3n por accidente laboral?<\/h3>\n\n\n\n<p>Si le deniegan la solicitud, no se asuste. Tiene derecho a recurrir la decisi\u00f3n. P\u00f3ngase en contacto inmediatamente con un abogado especializado en indemnizaci\u00f3n por accidente de trabajo Jenkintown para hablar de su caso. Su abogado puede revisar la carta de denegaci\u00f3n, ayudarle a reunir m\u00e1s pruebas y presentar una petici\u00f3n de reclamaci\u00f3n en su nombre.<\/p>\n\n\n\n<h3 class=\"wp-block-heading\" id=\"can-i-choose-my-doctor-for-a-work-injury\">\u00bfPuedo elegir a mi m\u00e9dico para un accidente de trabajo?<\/h3>\n\n\n\n<p>En Pensilvania, tu empresa puede exigirte que acudas a un m\u00e9dico de su lista aprobada durante los primeros 90 d\u00edas tras la lesi\u00f3n. Despu\u00e9s de eso, por lo general puede elegir su proveedor de atenci\u00f3n m\u00e9dica. Sin embargo, hay excepciones, por lo que es aconsejable consultar a su abogado para obtener orientaci\u00f3n. P\u00f3ngase en contacto con nuestro bufete hoy mismo en <a href=\"tel:1-866-352-4572\">(866) 352-4572<\/a>.<\/p>\n\n\n\n<h3 class=\"wp-block-heading\" id=\"how-long-do-i-have-to-file-a-workers-compensation-claim-in-pennsylvania\">\u00bfDe cu\u00e1nto tiempo dispongo para presentar una reclamaci\u00f3n de indemnizaci\u00f3n por accidente laboral en Pensilvania?<\/h3>\n\n\n\n<p>Debe notificar su lesi\u00f3n a la empresa en un plazo de 120 d\u00edas. Si le deniegan las prestaciones, dispone de tres a\u00f1os a partir de la fecha de la lesi\u00f3n para presentar una petici\u00f3n de indemnizaci\u00f3n. Actuar con rapidez es crucial, ya que el incumplimiento de estos plazos puede poner en peligro sus derechos.<\/p>\n\n\n\n<h3 class=\"wp-block-heading\" id=\"what-benefits-are-available-through-workers-compensation\">\u00bfQu\u00e9 prestaciones ofrece la indemnizaci\u00f3n por accidente de trabajo?<\/h3>\n\n\n\n<p>Las indemnizaciones por accidentes de trabajo pueden incluir cobertura de gastos m\u00e9dicos, sustituci\u00f3n parcial del salario, prestaciones espec\u00edficas por p\u00e9rdida de lesiones permanentes, y <a href=\"https:\/\/www.myphillylawyer.com\/es\/areas-de-practica\/lesiones-laborales\/muerte-por-negligencia-en-el-lugar-de-trabajo\/\">prestaciones por fallecimiento<\/a> para los supervivientes a su cargo. Su abogado puede ayudarle a conseguir las m\u00e1ximas prestaciones disponibles para su situaci\u00f3n.<\/p>\n\n\n\n<h2 class=\"wp-block-heading\" id=\"how-to-know-if-youre-hiring-the-best-workers-compensation-lawyer-in-jenkintown-pennsylvania\">C\u00f3mo saber si est\u00e1 contratando al mejor abogado de compensaci\u00f3n laboral en Jenkintown, Pennsylvania<\/h2>\n\n\n\n<p>Si usted ha sufrido una lesi\u00f3n en el lugar de trabajo, usted puede tener derecho a una indemnizaci\u00f3n por gastos m\u00e9dicos, p\u00e9rdida de ingresos, dolor y sufrimiento, y otros da\u00f1os relacionados. Las compa\u00f1\u00edas de seguros a menudo tratan de limitar lo que pagan, por eso es tan importante contar con un abogado de primera categor\u00eda que defienda sus derechos.&nbsp;<\/p>\n\n\n\n<p>Antes de contratar a un abogado de indemnizaci\u00f3n por accidente laboral en Pensilvania, aseg\u00farese de saber qu\u00e9 buscar. Si a\u00fan no lo ha hecho <a href=\"https:\/\/www.myphillylawyer.com\/es\/pongase-en-contacto-con\/\">programe una consulta gratuita con nuestro bufete<\/a> y a\u00fan est\u00e1 sopesando sus opciones, he aqu\u00ed algunos factores clave a tener en cuenta a la hora de elegir el abogado adecuado para llevar su caso de indemnizaci\u00f3n por accidente laboral:<\/p>\n\n\n\n<h3 class=\"wp-block-heading\" id=\"the-best-workers-compensation-lawyers-in-jenkintown-only-get-paid-if-you-do\">Los mejores abogados de Indemnizaci\u00f3n por accidente laboral en Jenkintown s\u00f3lo cobran si usted lo hace<\/h3>\n\n\n\n<p>Los mejores abogados de indemnizaci\u00f3n por accidente laboral en Jenkintown suelen llevar los casos con honorarios condicionales. Esto significa que no tendr\u00e1 que pagar honorarios a menos que consigan un acuerdo o ganen el juicio en su nombre. Los costes t\u00edpicos incluyen la contrataci\u00f3n de peritos m\u00e9dicos, la presentaci\u00f3n de escritos ante los tribunales, la realizaci\u00f3n de investigaciones, etc., que corren a cargo del bufete de abogados y s\u00f3lo se reembolsan si su caso da lugar a una indemnizaci\u00f3n. Esta estructura de honorarios le garantiza una representaci\u00f3n legal de calidad sin tener que pagar de su bolsillo.&nbsp;<\/p>\n\n\n\n<h3 class=\"wp-block-heading\" id=\"the-best-workers-compensation-lawyers-prioritize-communication\">Los mejores abogados de indemnizaci\u00f3n por accidente laboral dan prioridad a la comunicaci\u00f3n<\/h3>\n\n\n\n<p>Los mejores abogados de indemnizaci\u00f3n por accidente laboral tienen como prioridad mantenerle informado durante todo el proceso. Se asegurar\u00e1n de que entienda sus derechos legales, le explicar\u00e1n sus opciones en t\u00e9rminos sencillos y le ayudar\u00e1n a tomar decisiones informadas, como por ejemplo si debe ir a juicio o aceptar un acuerdo. Si cree que tiene entre manos un posible caso de indemnizaci\u00f3n laboral, <a href=\"tel:1-866-352-4572\">ll\u00e1menos hoy mismo<\/a> para debatir los pr\u00f3ximos pasos.\u00a0<\/p>\n\n\n\n<h3 class=\"wp-block-heading\" id=\"the-best-workers-compensation-attorneys-in-jenkintown-know-how-to-handle-cases-like-yours\">Los mejores abogados de indemnizaci\u00f3n laboral en Jenkintown saben llevar casos como el suyo<\/h3>\n\n\n\n<p><a href=\"https:\/\/www.myphillylawyer.com\/es\/areas-de-practica\/lesiones-laborales\/indemnizacion-por-accidente-laboral\/\">Ley de compensaci\u00f3n de los trabajadores<\/a> abarca una amplia gama de tipos y circunstancias de lesiones, y no todos los abogados est\u00e1n preparados para tratarlos todos. Para obtener la indemnizaci\u00f3n que se merece, es importante trabajar con un abogado que tenga experiencia directa en casos similares al suyo. Busque un abogado con <a href=\"https:\/\/www.myphillylawyer.com\/es\/resultados\/\">historial demostrado<\/a> en la tramitaci\u00f3n de reclamaciones de indemnizaci\u00f3n de los trabajadores, especialmente las relacionadas con su tipo espec\u00edfico de lesi\u00f3n o lugar de trabajo.<\/p>\n\n\n\n<p>Al mantener estas cualidades en mente, usted puede sentirse seguro de que usted est\u00e1 eligiendo el abogado adecuado para proteger sus intereses y luchar por los beneficios que se merece despu\u00e9s de una lesi\u00f3n en el lugar de trabajo en Jenkintown. Si usted est\u00e1 listo para aprender m\u00e1s, <a href=\"https:\/\/www.myphillylawyer.com\/es\/pongase-en-contacto-con\/\">programar una consulta gratuita<\/a> \u00a1con un abogado MyPhillyLawyer hoy mismo!<\/p>","protected":false},"excerpt":{"rendered":"<p>Jenkintown Abogado de Compensaci\u00f3n de Trabajadores: Protegiendo a los trabajadores lesionados en Pensilvania Ayuda legal de confianza para lesiones de trabajo en Jenkintown, PA Una lesi\u00f3n en el lugar de trabajo en Jenkintown puede cambiar su vida en un instante. En un momento usted est\u00e1 trabajando su turno en un negocio local o en la escuela, y al siguiente usted est\u00e1 en el dolor, sin saber cu\u00e1nto tiempo va a estar fuera de...<\/p>","protected":false},"author":9,"featured_media":0,"parent":9890,"menu_order":0,"comment_status":"closed","ping_status":"closed","template":"","meta":{"_acf_changed":false,"footnotes":""},"class_list":["post-13711","page","type-page","status-publish","hentry"],"acf":[],"jetpack_sharing_enabled":true,"_links":{"self":[{"href":"https:\/\/www.myphillylawyer.com\/es\/wp-json\/wp\/v2\/pages\/13711","targetHints":{"allow":["GET"]}}],"collection":[{"href":"https:\/\/www.myphillylawyer.com\/es\/wp-json\/wp\/v2\/pages"}],"about":[{"href":"https:\/\/www.myphillylawyer.com\/es\/wp-json\/wp\/v2\/types\/page"}],"author":[{"embeddable":true,"href":"https:\/\/www.myphillylawyer.com\/es\/wp-json\/wp\/v2\/users\/9"}],"replies":[{"embeddable":true,"href":"https:\/\/www.myphillylawyer.com\/es\/wp-json\/wp\/v2\/comments?post=13711"}],"version-history":[{"count":5,"href":"https:\/\/www.myphillylawyer.com\/es\/wp-json\/wp\/v2\/pages\/13711\/revisions"}],"predecessor-version":[{"id":13887,"href":"https:\/\/www.myphillylawyer.com\/es\/wp-json\/wp\/v2\/pages\/13711\/revisions\/13887"}],"up":[{"embeddable":true,"href":"https:\/\/www.myphillylawyer.com\/es\/wp-json\/wp\/v2\/pages\/9890"}],"wp:attachment":[{"href":"https:\/\/www.myphillylawyer.com\/es\/wp-json\/wp\/v2\/media?parent=13711"}],"curies":[{"name":"wp","href":"https:\/\/api.w.org\/{rel}","templated":true}]}}