{"id":14043,"date":"2025-10-17T12:37:42","date_gmt":"2025-10-17T17:37:42","guid":{"rendered":"https:\/\/www.myphillylawyer.com\/?page_id=14043"},"modified":"2025-10-17T12:55:31","modified_gmt":"2025-10-17T17:55:31","slug":"papel-de-los-expertos-en-reconstruccion-de-accidentes-en-filadelfia","status":"publish","type":"page","link":"https:\/\/www.myphillylawyer.com\/es\/areas-de-practica\/accidentes-de-trafico-2\/accidentes-de-camion\/papel-de-los-expertos-en-reconstruccion-de-accidentes-en-filadelfia\/","title":{"rendered":"Papel de los expertos en reconstrucci\u00f3n de accidentes en Philadelphia"},"content":{"rendered":"<h1 class=\"wp-block-heading\" id=\"role-of-accident-reconstruction-experts-in-philadelphia\">Papel de los expertos en reconstrucci\u00f3n de accidentes en Philadelphia<\/h1>\n\n\n\n<p>Cuando se produce un accidente de cami\u00f3n en el Philadelphia, las secuelas pueden ser abrumadoras. A menudo, las v\u00edctimas sufren lesiones graves, tienen que hacer frente a enormes facturas m\u00e9dicas y se preguntan por qu\u00e9 ocurri\u00f3 el accidente. Aqu\u00ed es donde entran en juego los expertos en reconstrucci\u00f3n de accidentes. Su trabajo es fundamental para cualquier persona que busque justicia y una indemnizaci\u00f3n justa, especialmente si est\u00e1 trabajando con un&nbsp;<a href=\"https:\/\/www.myphillylawyer.com\/es\/areas-de-practica\/accidentes-de-trafico-2\/accidentes-de-camion\/\" target=\"_blank\" rel=\"noreferrer noopener\">Philadelphia abogado accidente cami\u00f3n<\/a>&nbsp;para construir su caso. Veamos c\u00f3mo ayudan estos profesionales, qu\u00e9 m\u00e9todos utilizan y por qu\u00e9 su aportaci\u00f3n es importante en las demandas por accidentes de cami\u00f3n.<\/p>\n\n\n\n<div class=\"wp-block-rank-math-toc-block\" id=\"rank-math-toc\"><h2>\u00cdndice<\/h2><nav><ul><li><a href=\"#role-of-accident-reconstruction-experts-in-philadelphia\">Papel de los expertos en reconstrucci\u00f3n de accidentes en Philadelphia<\/a><ul><li><a href=\"#what-is-an-accident-reconstruction-expert\">\u00bfQu\u00e9 es un perito en reconstrucci\u00f3n de accidentes?<\/a><\/li><li><a href=\"#how-do-accident-reconstruction-experts-help-truck-accident-lawyers\">\u00bfC\u00f3mo ayudan los expertos en reconstrucci\u00f3n de accidentes a los abogados de accidentes de cami\u00f3n?<\/a><\/li><li><a href=\"#tools-and-techniques-used-in-accident-reconstruction\">Herramientas y t\u00e9cnicas utilizadas en la reconstrucci\u00f3n de accidentes<\/a><\/li><li><a href=\"#why-accident-reconstruction-matters-in-philadelphia-truck-accident-claims\">Por qu\u00e9 es importante la reconstrucci\u00f3n del accidente en las demandas por accidente de cami\u00f3n Philadelphia<\/a><\/li><li><a href=\"#choosing-the-right-philadelphia-truck-accident-lawyer-who-works-with-reconstruction-experts\">C\u00f3mo elegir al abogado especializado en accidentes de cami\u00f3n Philadelphia que trabaje con expertos en reconstrucci\u00f3n<\/a><\/li><li><a href=\"#frequently-asked-questions-about-accident-reconstruction-in-truck-accident-cases\">Preguntas frecuentes sobre la reconstrucci\u00f3n de accidentes de cami\u00f3n<\/a><\/li><li><a href=\"#other-resources-about-the-legal-process-evidence-in-truck-accident-claims\">Otros recursos sobre el proceso legal y las pruebas en las reclamaciones por accidentes de cami\u00f3n<\/a><\/li><\/ul><\/li><\/ul><\/nav><\/div>\n\n\n\n<h2 class=\"wp-block-heading\" id=\"what-is-an-accident-reconstruction-expert\">\u00bfQu\u00e9 es un perito en reconstrucci\u00f3n de accidentes?<\/h2>\n\n\n\n<p>Los expertos en reconstrucci\u00f3n de accidentes son profesionales formados que utilizan la ciencia y la ingenier\u00eda para averiguar c\u00f3mo se producen los accidentes. Cuando ves un cami\u00f3n de gran tonelaje enredado con otros veh\u00edculos en la I-95 o en la autopista Schuylkill, puede que te preguntes c\u00f3mo ocurri\u00f3 todo. \u00bfExceso de velocidad del cami\u00f3n? \u00bfFallaron los frenos? \u00bfFue culpa de otro conductor? Los expertos en reconstrucci\u00f3n de accidentes lo explican todo paso a paso.<\/p>\n\n\n\n<p>Visitan el lugar del accidente, examinan las pruebas f\u00edsicas y revisan aspectos como las marcas de derrape, los patrones de da\u00f1os y las posiciones finales de descanso de los veh\u00edculos. Tambi\u00e9n recopilan datos de las cajas negras de los camiones, las c\u00e1maras de tr\u00e1fico e incluso las grabaciones de los tel\u00e9fonos m\u00f3viles. Al reunir todos los detalles, estos expertos crean una imagen clara de los momentos previos al accidente.<\/p>\n\n\n\n<p>Para las v\u00edctimas, tener un&nbsp;<a href=\"https:\/\/www.myphillylawyer.com\/es\/areas-de-practica\/accidentes-de-trafico-2\/accidentes-de-camion\/\" target=\"_blank\" rel=\"noreferrer noopener\">abogado de accidentes de cami\u00f3n en Philadelphia<\/a>&nbsp;que sabe c\u00f3mo utilizar a los expertos en reconstrucci\u00f3n de accidentes puede suponer una gran diferencia. Su an\u00e1lisis ayuda a demostrar exactamente lo que ocurri\u00f3, lo que puede ser fundamental para demostrar la culpa y obtener una indemnizaci\u00f3n.<\/p>\n\n\n\n<h2 class=\"wp-block-heading\" id=\"how-do-accident-reconstruction-experts-help-truck-accident-lawyers\">\u00bfC\u00f3mo ayudan los expertos en reconstrucci\u00f3n de accidentes a los abogados de accidentes de cami\u00f3n?<\/h2>\n\n\n\n<p>Los accidentes de cami\u00f3n rara vez son sencillos. Puede haber preguntas acerca de si el conductor del cami\u00f3n iba a exceso de velocidad, si la compa\u00f1\u00eda de camiones no mantuvo los frenos, o si un tercer veh\u00edculo cort\u00f3 el cami\u00f3n. Cada detalle es importante a la hora de presentar una reclamaci\u00f3n o de acudir a los tribunales.<\/p>\n\n\n\n<p>A&nbsp;<a href=\"https:\/\/www.myphillylawyer.com\/es\/zonas-atendidas\/conshohocken\/abogados-de-accidentes-de-camiones\/\" target=\"_blank\" rel=\"noreferrer noopener\">abogado de accidentes de cami\u00f3n<\/a>&nbsp;conf\u00eda en los expertos en reconstrucci\u00f3n de accidentes para que ofrezcan un testimonio imparcial y cient\u00edfico sobre el accidente. Sus conclusiones pueden respaldar tu versi\u00f3n de los hechos, rebatir los argumentos de la defensa y aclarar qui\u00e9n es el verdadero responsable.<\/p>\n\n\n\n<p>Por ejemplo, si te atropell\u00f3 un cami\u00f3n con remolque en el Philadelphia, el seguro de la empresa de camiones podr\u00eda intentar culparte a ti. Un perito puede examinar las pruebas y demostrar que el cami\u00f3n iba demasiado deprisa o que los frenos eran defectuosos. Su testimonio puede ser decisivo en las negociaciones o en el juicio.<\/p>\n\n\n\n<p>Contar con un experto de su lado tambi\u00e9n suele dar lugar a indemnizaciones m\u00e1s elevadas. Las compa\u00f1\u00edas de seguros saben que las pruebas cient\u00edficas s\u00f3lidas son dif\u00edciles de rebatir, por lo que pueden estar m\u00e1s dispuestas a ofrecer un pago justo.<\/p>\n\n\n\n<h2 class=\"wp-block-heading\" id=\"tools-and-techniques-used-in-accident-reconstruction\">Herramientas y t\u00e9cnicas utilizadas en la reconstrucci\u00f3n de accidentes<\/h2>\n\n\n\n<p>Estos expertos utilizan una amplia gama de herramientas de alta tecnolog\u00eda para analizar los accidentes de cami\u00f3n. Algunos de sus m\u00e9todos m\u00e1s importantes incluyen:<\/p>\n\n\n\n<ul class=\"wp-block-list\">\n<li><strong>Inspecciones en el lugar del accidente:<\/strong>\u00a0Los expertos utilizan la cartograf\u00eda l\u00e1ser y el escaneado 3D para medir distancias, marcas de derrape y posiciones de los veh\u00edculos. As\u00ed se crea un modelo digital del accidente.<\/li>\n\n\n\n<li><strong>Datos de la caja negra:<\/strong>\u00a0La mayor\u00eda de los camiones tienen m\u00f3dulos de control electr\u00f3nico (ECM) que registran la velocidad, el uso de los frenos y otros datos. Los peritos pueden extraer esta informaci\u00f3n para saber exactamente qu\u00e9 estaba haciendo el cami\u00f3n antes del accidente.<\/li>\n\n\n\n<li><strong>C\u00e1lculos f\u00edsicos:<\/strong>\u00a0Analizando la energ\u00eda, la fuerza y el impulso, los expertos pueden estimar la velocidad a la que iban los veh\u00edculos y la fuerza con la que chocaron.<\/li>\n\n\n\n<li><strong>Inspecciones de veh\u00edculos:<\/strong>\u00a0Observar los patrones de da\u00f1os y los sistemas mec\u00e1nicos, como los frenos o los neum\u00e1ticos, puede mostrar si un defecto ha desempe\u00f1ado alg\u00fan papel.<\/li>\n\n\n\n<li><strong>Simulaciones por ordenador:<\/strong>\u00a0Permiten a los expertos recrear el accidente en una pantalla, lo que ayuda a los miembros del jurado y a los peritos de seguros a visualizar lo ocurrido.<\/li>\n<\/ul>\n\n\n\n<p>Este enfoque cient\u00edfico proporciona a su&nbsp;<a href=\"https:\/\/www.myphillylawyer.com\/es\/zonas-atendidas\/norristown\/abogados-de-accidentes-de-camiones-2\/\" target=\"_blank\" rel=\"noreferrer noopener\">abogados de lesiones de camiones<\/a>&nbsp;una base s\u00f3lida para su reclamaci\u00f3n.<\/p>\n\n\n\n<h2 class=\"wp-block-heading\" id=\"why-accident-reconstruction-matters-in-philadelphia-truck-accident-claims\">Por qu\u00e9 es importante la reconstrucci\u00f3n del accidente en las demandas por accidente de cami\u00f3n Philadelphia<\/h2>\n\n\n\n<p>Philadelphia Las carreteras tienen mucho tr\u00e1fico, y los accidentes de cami\u00f3n pueden ser complejos. A menudo hay muchas partes implicadas, incluidos conductores de camiones, empresas de transporte, contratistas de mantenimiento e incluso organismos gubernamentales responsables del dise\u00f1o de las carreteras. Los expertos en reconstrucci\u00f3n de accidentes desempe\u00f1an un papel crucial a la hora de esclarecer los hechos.<\/p>\n\n\n\n<p>Sin su trabajo, los casos pueden convertirse f\u00e1cilmente en un juego de \"\u00e9l dijo, ella dijo\". Las compa\u00f1\u00edas de seguros pueden intentar minimizar sus lesiones o echar la culpa a otros. Pero con pruebas claras y cient\u00edficas de su lado, su&nbsp;<a href=\"https:\/\/www.myphillylawyer.com\/es\/zonas-atendidas\/upper-darby\/abogados-de-accidentes-de-camiones-2\/\" target=\"_blank\" rel=\"noreferrer noopener\">abogado de accidente de cami\u00f3n<\/a>&nbsp;puede contraatacar.<\/p>\n\n\n\n<p>Sus informes son a menudo la espina dorsal de las negociaciones. Si su caso va a juicio, su testimonio puede ayudar al jurado a entender exactamente lo que ocurri\u00f3. Esto puede ser especialmente importante si tienes lesiones graves y necesitas demostrar el alcance total de tus da\u00f1os.<\/p>\n\n\n\n<p>Para cualquier persona herida en un accidente de cami\u00f3n, tener un equipo que incluye tanto un experto&nbsp;<a href=\"https:\/\/www.myphillylawyer.com\/es\/\" target=\"_blank\" rel=\"noreferrer noopener\">Philadelphia abogado de lesiones personales<\/a>&nbsp;y expertos cualificados en reconstrucci\u00f3n de accidentes aumenta sus posibilidades de obtener la justicia que merece.<\/p>\n\n\n\n<h2 class=\"wp-block-heading\" id=\"choosing-the-right-philadelphia-truck-accident-lawyer-who-works-with-reconstruction-experts\">C\u00f3mo elegir al abogado especializado en accidentes de cami\u00f3n Philadelphia que trabaje con expertos en reconstrucci\u00f3n<\/h2>\n\n\n\n<p>No todos los bufetes de abogados saben c\u00f3mo utilizar la reconstrucci\u00f3n de accidentes de la manera correcta. En MyPhillyLawyer, sabemos que estos expertos pueden hacer o deshacer un caso de accidente de cami\u00f3n. Trabajamos con profesionales de confianza que tienen a\u00f1os de experiencia investigando accidentes en Philadelphia y en toda Pennsylvania.<\/p>\n\n\n\n<p>Cuando nos llame, nos pondremos a trabajar r\u00e1pidamente. Eso puede significar el env\u00edo de un experto a la escena del accidente en cuesti\u00f3n de horas, antes de que las pruebas se pierdan o se cubran. Tambi\u00e9n nos aseguraremos de que todos los datos del cami\u00f3n se conservan y analizan, y vamos a utilizar todos los recursos para construir un caso fuerte en su nombre.<\/p>\n\n\n\n<p>Trabajar con los&nbsp;<a href=\"https:\/\/www.myphillylawyer.com\/es\/zonas-atendidas\/bensalem\/abogados-de-accidentes-de-camiones-2\/\" target=\"_blank\" rel=\"noreferrer noopener\">abogado de lesiones de camiones<\/a>&nbsp;significa que dispondr\u00e1 de un equipo que sabe qu\u00e9 pruebas reunir, c\u00f3mo interpretarlas y c\u00f3mo luchar por usted ante los tribunales o en la mesa de negociaci\u00f3n.<\/p>\n\n\n\n<h2 class=\"wp-block-heading\" id=\"frequently-asked-questions-about-accident-reconstruction-in-truck-accident-cases\">Preguntas frecuentes sobre la reconstrucci\u00f3n de accidentes de cami\u00f3n<\/h2>\n\n\n\n<p><strong>\u00bfQu\u00e9 hace un experto en reconstrucci\u00f3n de accidentes tras un accidente de cami\u00f3n en Philadelphia?<\/strong><br>Un experto en reconstrucci\u00f3n de accidentes investiga la escena del accidente, examina los da\u00f1os del veh\u00edculo, revisa los informes y analiza los datos de elementos como las cajas negras de los camiones. Su trabajo consiste en averiguar exactamente c\u00f3mo y por qu\u00e9 ocurri\u00f3 el accidente, aportando pruebas clave para tu reclamaci\u00f3n.<\/p>\n\n\n\n<p><strong>\u00bfPor qu\u00e9 son importantes los expertos en reconstrucci\u00f3n de accidentes para mi reclamaci\u00f3n por accidente de cami\u00f3n?<\/strong><br>Su an\u00e1lisis ayuda a demostrar qu\u00e9 caus\u00f3 el accidente, qui\u00e9n tuvo la culpa y el alcance de los da\u00f1os. Esto es importante para convencer a las compa\u00f1\u00edas de seguros de que ofrezcan una indemnizaci\u00f3n justa o para ganar su caso en los tribunales con la ayuda de un&nbsp;<a href=\"https:\/\/www.myphillylawyer.com\/es\/areas-de-practica\/accidentes-de-trafico-2\/accidentes-de-camion\/\" target=\"_blank\" rel=\"noreferrer noopener\">abogado de accidentes de cami\u00f3n en Philadelphia<\/a>.<\/p>\n\n\n\n<p><strong>\u00bfPueden ayudar los expertos en reconstrucci\u00f3n de accidentes si mi caso de accidente de cami\u00f3n va a juicio?<\/strong><br>S\u00ed, a menudo declaran como testigos. Utilizan la ciencia y explicaciones claras para ayudar a los jurados a entender lo ocurrido. Su testimonio puede reforzar mucho tu caso ante un juez o un jurado.<\/p>\n\n\n\n<p><strong>\u00bfC\u00f3mo puede ayudarme un abogado especializado en accidentes de cami\u00f3n Philadelphia tras un accidente grave?<\/strong><br>Un experto&nbsp;<a href=\"https:\/\/www.myphillylawyer.com\/es\/areas-de-practica\/accidentes-de-trafico-2\/accidentes-de-camion\/\" target=\"_blank\" rel=\"noreferrer noopener\">Philadelphia abogado accidente cami\u00f3n<\/a>&nbsp;puede guiarle a trav\u00e9s del proceso legal, traer expertos en reconstrucci\u00f3n de accidentes, y luchar por la compensaci\u00f3n que se merece. Ellos saben c\u00f3mo proteger sus derechos y construir el mejor caso posible.<\/p>\n\n\n\n<h2 class=\"wp-block-heading\" id=\"other-resources-about-the-legal-process-evidence-in-truck-accident-claims\">Otros recursos sobre el proceso legal y las pruebas en las reclamaciones por accidentes de cami\u00f3n<\/h2>\n\n\n\n<ul class=\"wp-block-list\">\n<li><a href=\"https:\/\/www.myphillylawyer.com\/es\/areas-de-practica\/accidentes-de-trafico-2\/accidentes-de-camion\/paso-a-paso-como-funciona-una-reclamacion-por-accidente-de-camion-en-filadelfia\/\">Paso a paso: c\u00f3mo funciona una reclamaci\u00f3n por accidente de cami\u00f3n en Philadelphia<\/a><\/li>\n\n\n\n<li><a href=\"https:\/\/www.myphillylawyer.com\/es\/areas-de-practica\/accidentes-de-trafico-2\/accidentes-de-camion\/calendario-de-litigios-por-accidentes-de-camiones-en-filadelfia\/\">Calendario de litigios por accidentes de camiones Philadelphia<\/a><\/li>\n\n\n\n<li><a href=\"https:\/\/www.myphillylawyer.com\/es\/areas-de-practica\/accidentes-de-trafico-2\/accidentes-de-camion\/como-tratar-con-los-peritos-de-seguros-tras-un-accidente-de-camion-en-filadelfia\/\">C\u00f3mo tratar con los peritos de seguros despu\u00e9s de un accidente de cami\u00f3n en Philadelphia<\/a><\/li>\n\n\n\n<li><a href=\"https:\/\/www.myphillylawyer.com\/es\/areas-de-practica\/accidentes-de-trafico-2\/accidentes-de-camion\/defensas-comunes-que-las-companias-de-camiones-usan-en-casos-de-accidentes-de-camiones-en-filadelfia\/\">Defensas comunes que las empresas de transporte utilizan en casos de accidentes de camiones Philadelphia<\/a><\/li>\n\n\n\n<li><strong>Papel de los expertos en reconstrucci\u00f3n de accidentes en Philadelphia<\/strong><\/li>\n\n\n\n<li><a href=\"https:\/\/www.myphillylawyer.com\/es\/areas-de-practica\/accidentes-de-trafico-2\/accidentes-de-camion\/como-afectan-los-informes-policiales-a-los-casos-de-accidentes-de-camion\/\">C\u00f3mo influyen los informes policiales en los casos de accidente de cami\u00f3n Philadelphia<\/a><\/li>\n\n\n\n<li><a href=\"https:\/\/www.myphillylawyer.com\/es\/areas-de-practica\/accidentes-de-trafico-2\/accidentes-de-camion\/citacion-de-registros-de-conductores-y-registros-de-mantenimiento\/\">Citaci\u00f3n de registros de conductores y registros de mantenimiento despu\u00e9s de un accidente de cami\u00f3n Philadelphia<\/a><\/li>\n\n\n\n<li><a href=\"https:\/\/www.myphillylawyer.com\/es\/areas-de-practica\/accidentes-de-trafico-2\/accidentes-de-camion\/como-obtener-los-registros-de-la-compania-de-camiones-despues-de-un-accidente-en-filadelfia\/\">C\u00f3mo obtener los registros de la compa\u00f1\u00eda de camiones despu\u00e9s de un accidente Philadelphia<\/a><\/li>\n\n\n\n<li><a href=\"https:\/\/www.myphillylawyer.com\/es\/areas-de-practica\/accidentes-de-trafico-2\/accidentes-de-camion\/importancia-del-registrador-de-datos-de-eventos-de-la-caja-negra-de-los-camiones\/\">Importancia de la caja negra del cami\u00f3n en Philadelphia<\/a><\/li>\n\n\n\n<li><a href=\"https:\/\/www.myphillylawyer.com\/es\/areas-de-practica\/accidentes-de-trafico-2\/accidentes-de-camion\/que-pruebas-son-cruciales-tras-un-accidente-de-camion\/\">\u00bfQu\u00e9 pruebas son cruciales despu\u00e9s de un accidente de cami\u00f3n Philadelphia?<\/a><\/li>\n<\/ul>","protected":false},"excerpt":{"rendered":"<p>Papel de los expertos en reconstrucci\u00f3n de accidentes en Philadelphia Cuando ocurre un accidente de cami\u00f3n en Philadelphia, las secuelas pueden ser abrumadoras. Las v\u00edctimas a menudo se quedan con lesiones graves, enormes facturas m\u00e9dicas y preguntas sobre por qu\u00e9 ocurri\u00f3 el accidente. Aqu\u00ed es donde entran en juego los expertos en reconstrucci\u00f3n de accidentes. Su trabajo es fundamental para cualquier persona que...<\/p>","protected":false},"author":14,"featured_media":0,"parent":247,"menu_order":0,"comment_status":"closed","ping_status":"closed","template":"","meta":{"_acf_changed":false,"jetpack_post_was_ever_published":false,"footnotes":""},"class_list":["post-14043","page","type-page","status-publish","hentry"],"acf":[],"jetpack_sharing_enabled":true,"_links":{"self":[{"href":"https:\/\/www.myphillylawyer.com\/es\/wp-json\/wp\/v2\/pages\/14043","targetHints":{"allow":["GET"]}}],"collection":[{"href":"https:\/\/www.myphillylawyer.com\/es\/wp-json\/wp\/v2\/pages"}],"about":[{"href":"https:\/\/www.myphillylawyer.com\/es\/wp-json\/wp\/v2\/types\/page"}],"author":[{"embeddable":true,"href":"https:\/\/www.myphillylawyer.com\/es\/wp-json\/wp\/v2\/users\/14"}],"replies":[{"embeddable":true,"href":"https:\/\/www.myphillylawyer.com\/es\/wp-json\/wp\/v2\/comments?post=14043"}],"version-history":[{"count":3,"href":"https:\/\/www.myphillylawyer.com\/es\/wp-json\/wp\/v2\/pages\/14043\/revisions"}],"predecessor-version":[{"id":14143,"href":"https:\/\/www.myphillylawyer.com\/es\/wp-json\/wp\/v2\/pages\/14043\/revisions\/14143"}],"up":[{"embeddable":true,"href":"https:\/\/www.myphillylawyer.com\/es\/wp-json\/wp\/v2\/pages\/247"}],"wp:attachment":[{"href":"https:\/\/www.myphillylawyer.com\/es\/wp-json\/wp\/v2\/media?parent=14043"}],"curies":[{"name":"wp","href":"https:\/\/api.w.org\/{rel}","templated":true}]}}