{"id":14046,"date":"2025-10-17T12:50:10","date_gmt":"2025-10-17T17:50:10","guid":{"rendered":"https:\/\/www.myphillylawyer.com\/?page_id=14046"},"modified":"2025-10-17T12:56:13","modified_gmt":"2025-10-17T17:56:13","slug":"calendario-de-litigios-por-accidentes-de-camiones-en-filadelfia","status":"publish","type":"page","link":"https:\/\/www.myphillylawyer.com\/es\/areas-de-practica\/accidentes-de-trafico-2\/accidentes-de-camion\/calendario-de-litigios-por-accidentes-de-camiones-en-filadelfia\/","title":{"rendered":"Calendario de litigios por accidentes de camiones Philadelphia"},"content":{"rendered":"<h1 class=\"wp-block-heading\" id=\"litigation-timeline-for-philadelphia-truck-accidents\">Calendario de litigios por accidentes de camiones Philadelphia<\/h1>\n\n\n\n<p>Si usted o alguien que le importa ha resultado herido en un accidente de cami\u00f3n en Philadelphia, puede que se est\u00e9 preguntando cu\u00e1nto tarda todo en presentar una demanda. El viaje legal despu\u00e9s de un accidente de cami\u00f3n puede parecer abrumador, pero la comprensi\u00f3n de cada paso le ayudar\u00e1. Aqu\u00ed tiene un desglose sencillo de lo que puede esperar, c\u00f3mo se presenta una demanda y c\u00f3mo se resuelve.&nbsp;<a href=\"https:\/\/www.myphillylawyer.com\/es\/areas-de-practica\/accidentes-de-trafico-2\/accidentes-de-camion\/\" target=\"_blank\" rel=\"noreferrer noopener\">Philadelphia abogado accidente cami\u00f3n<\/a>&nbsp;puede guiarte, y qu\u00e9 pasos se dan a lo largo del camino.<\/p>\n\n\n\n<div class=\"wp-block-rank-math-toc-block\" id=\"rank-math-toc\"><h2>\u00cdndice<\/h2><nav><ul><li><a href=\"#litigation-timeline-for-philadelphia-truck-accidents\">Calendario de litigios por accidentes de camiones Philadelphia<\/a><ul><li><a href=\"#immediate-steps-after-a-truck-accident\">Medidas inmediatas tras un accidente de cami\u00f3n<\/a><\/li><li><a href=\"#the-investigation-and-insurance-process\">El proceso de investigaci\u00f3n y seguro<\/a><\/li><li><a href=\"#filing-a-lawsuit-and-discovery\">Presentaci\u00f3n de una demanda y descubrimiento de pruebas<\/a><\/li><li><a href=\"#settlement-negotiations-and-mediation\">Negociaciones y mediaci\u00f3n<\/a><\/li><li><a href=\"#going-to-trial-and-what-to-expect\">Ir a juicio y qu\u00e9 esperar<\/a><\/li><li><a href=\"#frequently-asked-questions-about-litigation-timeline-for-philadelphia-truck-accidents\">Preguntas frecuentes sobre el calendario de litigios por accidentes de camiones Philadelphia<\/a><\/li><li><a href=\"#other-resources-about-the-legal-process-evidence-in-truck-accident-claims\">Otros recursos sobre el proceso legal y las pruebas en las reclamaciones por accidentes de cami\u00f3n<\/a><\/li><\/ul><\/li><\/ul><\/nav><\/div>\n\n\n\n<h2 class=\"wp-block-heading\" id=\"immediate-steps-after-a-truck-accident\">Medidas inmediatas tras un accidente de cami\u00f3n<\/h2>\n\n\n\n<p>Inmediatamente despu\u00e9s de un accidente de cami\u00f3n, su primer objetivo debe ser la salud y la seguridad. Llame al 911 y obtenga atenci\u00f3n m\u00e9dica, incluso para lesiones que parecen peque\u00f1as. Los accidentes de cami\u00f3n suelen causar da\u00f1os graves que no siempre son evidentes al principio. La polic\u00eda en la escena crear\u00e1 un informe, que ser\u00e1 vital para su caso m\u00e1s adelante. Una vez que todo el mundo est\u00e9 a salvo, empieza a reunir pruebas lo antes posible. Haz fotos o v\u00eddeos de los veh\u00edculos, de tus lesiones, de la carretera y de todo lo que parezca importante. Recoge informaci\u00f3n de contacto de los testigos y de todos los conductores implicados.<\/p>\n\n\n\n<p>Tras la conmoci\u00f3n inicial, p\u00f3ngase en contacto con un&nbsp;<a href=\"https:\/\/www.myphillylawyer.com\/es\/areas-de-practica\/accidentes-de-trafico-2\/accidentes-de-camion\/\" target=\"_blank\" rel=\"noreferrer noopener\">abogado de accidentes de cami\u00f3n en Philadelphia<\/a>. El asesoramiento jur\u00eddico desde el principio le ayuda a proteger sus derechos y a evitar errores con las compa\u00f1\u00edas de seguros. Las empresas de transporte y sus aseguradoras act\u00faan con rapidez para limitar su responsabilidad. Cuanto antes tenga un&nbsp;<a href=\"https:\/\/www.myphillylawyer.com\/es\/\" target=\"_blank\" rel=\"noreferrer noopener\">Philadelphia abogado de lesiones personales<\/a>&nbsp;de su lado, mayores ser\u00e1n sus posibilidades de recopilar y conservar pruebas importantes como los registros del conductor, los registros de mantenimiento y los datos de los sistemas electr\u00f3nicos del cami\u00f3n.<\/p>\n\n\n\n<h2 class=\"wp-block-heading\" id=\"the-investigation-and-insurance-process\">El proceso de investigaci\u00f3n y seguro<\/h2>\n\n\n\n<p>Despu\u00e9s de contratar a un abogado, empieza el verdadero trabajo. Su abogado investigar\u00e1 el accidente. Esto incluye revisar el informe policial, examinar el lugar del accidente, obtener los registros de mantenimiento e inspecci\u00f3n del cami\u00f3n y entrevistar a los testigos. Los accidentes de cami\u00f3n suelen implicar a varias partes, como el conductor, su empleador, la empresa que carg\u00f3 el cami\u00f3n o incluso un fabricante si fall\u00f3 una pieza. Su abogado averiguar\u00e1 qui\u00e9n es el responsable.<\/p>\n\n\n\n<p>Durante esta fase, su&nbsp;<a href=\"https:\/\/www.myphillylawyer.com\/es\/zonas-atendidas\/upper-darby\/abogados-de-accidentes-de-camiones-2\/\" target=\"_blank\" rel=\"noreferrer noopener\">abogado de accidentes de cami\u00f3n<\/a>&nbsp;(o abogado de lesiones de camiones) tambi\u00e9n hablar\u00e1 con sus m\u00e9dicos y recopilar\u00e1 registros m\u00e9dicos para comprender el alcance total de sus lesiones y c\u00f3mo afectan a su vida. Calcular\u00e1n los da\u00f1os por gastos m\u00e9dicos, salarios perdidos, dolor y sufrimiento, y mucho m\u00e1s.<\/p>\n\n\n\n<p>Es posible que las compa\u00f1\u00edas de seguros se pongan en contacto pronto para ofrecer un acuerdo r\u00e1pido. Estas primeras ofertas suelen ser bajas. Su abogado de accidente de cami\u00f3n se encargar\u00e1 de todas las comunicaciones con las aseguradoras, protegi\u00e9ndole de presiones o preguntas capciosas que podr\u00edan perjudicar su reclamaci\u00f3n. A veces, se puede llegar a un acuerdo justo en esta etapa. Si las conversaciones se estancan o la oferta es demasiado baja, su caso avanzar\u00e1 hacia una demanda.<\/p>\n\n\n\n<h2 class=\"wp-block-heading\" id=\"filing-a-lawsuit-and-discovery\">Presentaci\u00f3n de una demanda y descubrimiento de pruebas<\/h2>\n\n\n\n<p>Si fracasan las conversaciones para llegar a un acuerdo, su abogado presentar\u00e1 una demanda formal. En Pennsylvania, el plazo de prescripci\u00f3n de las demandas por lesiones personales suele ser de dos a\u00f1os a partir de la fecha del accidente. El incumplimiento de este plazo suele suponer la renuncia al derecho a demandar, as\u00ed que no se demore.<\/p>\n\n\n\n<p>Una vez presentada la demanda, la siguiente fase se denomina proposici\u00f3n de prueba. Ambas partes comparten pruebas y construyen sus casos. Este paso puede durar meses, o incluso m\u00e1s, especialmente en casos complejos de accidentes de cami\u00f3n. Su&nbsp;<a href=\"https:\/\/www.myphillylawyer.com\/es\/zonas-atendidas\/jenkintown\/abogados-de-accidentes-de-camiones-2\/\" target=\"_blank\" rel=\"noreferrer noopener\">abogado de accidente de cami\u00f3n<\/a>&nbsp;enviar\u00e1 preguntas escritas (interrogatorios), solicitar\u00e1 documentos y tomar\u00e1 declaraciones. Las declaraciones son entrevistas bajo juramento en las que los abogados hacen preguntas y se graban las respuestas.<\/p>\n\n\n\n<p>Esta es una fase cr\u00edtica. Pruebas como los registros del conductor, los registros de mantenimiento y los datos electr\u00f3nicos del cami\u00f3n pueden demostrar si se infringieron las leyes o se ignoraron las normas de seguridad. La defensa puede argumentar que usted tuvo la culpa o que sus lesiones no son tan graves como usted afirma, por lo que su abogado trabajar\u00e1 duro para demostrar lo que realmente sucedi\u00f3.<\/p>\n\n\n\n<h2 class=\"wp-block-heading\" id=\"settlement-negotiations-and-mediation\">Negociaciones y mediaci\u00f3n<\/h2>\n\n\n\n<p>Durante o despu\u00e9s de la presentaci\u00f3n de la prueba, ambas partes pueden intentar de nuevo llegar a un acuerdo. Las conversaciones para llegar a un acuerdo pueden tener lugar en cualquier momento, incluso hasta el d\u00eda del juicio. A veces, el tribunal ordena una mediaci\u00f3n, en la que un tercero neutral ayuda a ambas partes a intentar llegar a un acuerdo. La mediaci\u00f3n es menos formal que el juicio, y muchos casos se resuelven aqu\u00ed. Su&nbsp;<a href=\"https:\/\/www.myphillylawyer.com\/es\/zonas-atendidas\/bensalem\/abogados-de-accidentes-de-camiones-2\/\" target=\"_blank\" rel=\"noreferrer noopener\">abogado de accidente de cami\u00f3n<\/a>&nbsp;luchar\u00e1 por un acuerdo justo que cubra sus p\u00e9rdidas.<\/p>\n\n\n\n<p>Estas conversaciones pueden llevar tiempo. Las compa\u00f1\u00edas de seguros pueden poner a prueba tu paciencia, esperando que aceptes menos para olvidarte de todo. El trabajo de tu abogado es seguir presionando para conseguir lo que te mereces. Si no se llega a un acuerdo, su caso pasa a juicio.<\/p>\n\n\n\n<h2 class=\"wp-block-heading\" id=\"going-to-trial-and-what-to-expect\">Ir a juicio y qu\u00e9 esperar<\/h2>\n\n\n\n<p>Pocos casos de accidentes de cami\u00f3n llegan a juicio, pero a veces es necesario. Si no se llega a un acuerdo, su abogado se preparar\u00e1 para ir a juicio. En el juicio, ambas partes presentan sus pruebas y testigos. El juez o el jurado decide qui\u00e9n tiene la culpa y cu\u00e1nto debe recibir por da\u00f1os y perjuicios.<\/p>\n\n\n\n<p>Los juicios pueden durar de unos d\u00edas a varias semanas, dependiendo de lo complicados que sean los hechos. Cuando termine el juicio, le dar\u00e1n un veredicto. Si ganas, puede que el demandado tenga que pagar inmediatamente o que intente recurrir.<\/p>\n\n\n\n<p>Tenga en cuenta que los juicios son p\u00fablicos y pueden ser estresantes. Pero con un experto&nbsp;<a href=\"https:\/\/www.myphillylawyer.com\/es\/zonas-atendidas\/wayne\/abogados-de-accidentes-de-camiones-2\/\" target=\"_blank\" rel=\"noreferrer noopener\">abogado de lesiones de camiones<\/a>&nbsp;de tu lado, tendr\u00e1s a alguien que te guiar\u00e1 en cada paso y luchar\u00e1 por tu futuro.<\/p>\n\n\n\n<h2 class=\"wp-block-heading\" id=\"frequently-asked-questions-about-litigation-timeline-for-philadelphia-truck-accidents\">Preguntas frecuentes sobre el calendario de litigios por accidentes de camiones Philadelphia<\/h2>\n\n\n\n<p><strong>\u00bfCu\u00e1nto suele durar un juicio por accidente de cami\u00f3n Philadelphia?<\/strong><br>La mayor\u00eda de los juicios por accidentes de cami\u00f3n duran entre varios meses y varios a\u00f1os. El plazo depende de la complejidad del caso, del n\u00famero de partes implicadas, de la gravedad de las lesiones y de si el caso se resuelve antes del juicio o se llega a un veredicto.<\/p>\n\n\n\n<p><strong>\u00bfTengo que ir a juicio por mi caso de accidente de cami\u00f3n Philadelphia?<\/strong><br>No siempre. Muchos casos se resuelven durante las negociaciones o la mediaci\u00f3n, y usted nunca tiene que acudir a un tribunal. Si la compa\u00f1\u00eda de seguros ofrece demasiado poco o deniega su reclamaci\u00f3n, su&nbsp;<a href=\"https:\/\/www.myphillylawyer.com\/es\/zonas-atendidas\/conshohocken\/abogados-de-accidentes-de-camiones\/\" target=\"_blank\" rel=\"noreferrer noopener\">abogado de accidentes de cami\u00f3n<\/a>&nbsp;puede recomendar llevar el caso a juicio para obtener el mejor resultado posible.<\/p>\n\n\n\n<p><strong>\u00bfQu\u00e9 debo llevar a mi primera reuni\u00f3n con un abogado de accidentes de cami\u00f3n?<\/strong><br>Lleve todos los informes policiales, historiales m\u00e9dicos, fotos del lugar del accidente y de sus lesiones, informaci\u00f3n sobre el seguro y una lista de testigos, si los tiene. Estos documentos le ayudar\u00e1n a&nbsp;<a href=\"https:\/\/www.myphillylawyer.com\/es\/areas-de-practica\/accidentes-de-trafico-2\/accidentes-de-camion\/\" target=\"_blank\" rel=\"noreferrer noopener\">abogado de accidentes de cami\u00f3n en Philadelphia<\/a>&nbsp;evaluar su caso.<\/p>\n\n\n\n<p><strong>\u00bfExiste un plazo para presentar una demanda por accidente de cami\u00f3n en Philadelphia?<\/strong><br>S\u00ed, la ley de Pennsylvania generalmente le da dos a\u00f1os a partir de la fecha del accidente para presentar una demanda por lesiones personales. Hay raras excepciones, pero la presentaci\u00f3n tard\u00eda por lo general significa que usted pierde su oportunidad de recuperar los da\u00f1os. Consulte siempre a un&nbsp;<a href=\"https:\/\/www.myphillylawyer.com\/es\/\" target=\"_blank\" rel=\"noreferrer noopener\">Philadelphia abogado de lesiones personales<\/a>&nbsp;lo antes posible para proteger sus derechos.<\/p>\n\n\n\n<h2 class=\"wp-block-heading\" id=\"other-resources-about-the-legal-process-evidence-in-truck-accident-claims\">Otros recursos sobre el proceso legal y las pruebas en las reclamaciones por accidentes de cami\u00f3n<\/h2>\n\n\n\n<ul class=\"wp-block-list\">\n<li><a href=\"https:\/\/www.myphillylawyer.com\/es\/areas-de-practica\/accidentes-de-trafico-2\/accidentes-de-camion\/paso-a-paso-como-funciona-una-reclamacion-por-accidente-de-camion-en-filadelfia\/\">Paso a paso: c\u00f3mo funciona una reclamaci\u00f3n por accidente de cami\u00f3n en Philadelphia<\/a><\/li>\n\n\n\n<li><strong>Calendario de litigios por accidentes de camiones Philadelphia<\/strong><\/li>\n\n\n\n<li><a href=\"https:\/\/www.myphillylawyer.com\/es\/areas-de-practica\/accidentes-de-trafico-2\/accidentes-de-camion\/como-tratar-con-los-peritos-de-seguros-tras-un-accidente-de-camion-en-filadelfia\/\">C\u00f3mo tratar con los peritos de seguros despu\u00e9s de un accidente de cami\u00f3n en Philadelphia<\/a><\/li>\n\n\n\n<li><a href=\"https:\/\/www.myphillylawyer.com\/es\/areas-de-practica\/accidentes-de-trafico-2\/accidentes-de-camion\/defensas-comunes-que-las-companias-de-camiones-usan-en-casos-de-accidentes-de-camiones-en-filadelfia\/\">Defensas comunes que las empresas de transporte utilizan en casos de accidentes de camiones Philadelphia<\/a><\/li>\n\n\n\n<li><a href=\"https:\/\/www.myphillylawyer.com\/es\/areas-de-practica\/accidentes-de-trafico-2\/accidentes-de-camion\/papel-de-los-expertos-en-reconstruccion-de-accidentes-en-filadelfia\/\">Papel de los expertos en reconstrucci\u00f3n de accidentes en Philadelphia<\/a><\/li>\n\n\n\n<li><a href=\"https:\/\/www.myphillylawyer.com\/es\/areas-de-practica\/accidentes-de-trafico-2\/accidentes-de-camion\/como-afectan-los-informes-policiales-a-los-casos-de-accidentes-de-camion\/\">C\u00f3mo influyen los informes policiales en los casos de accidente de cami\u00f3n Philadelphia<\/a><\/li>\n\n\n\n<li><a href=\"https:\/\/www.myphillylawyer.com\/es\/areas-de-practica\/accidentes-de-trafico-2\/accidentes-de-camion\/citacion-de-registros-de-conductores-y-registros-de-mantenimiento\/\">Citaci\u00f3n de registros de conductores y registros de mantenimiento despu\u00e9s de un accidente de cami\u00f3n Philadelphia<\/a><\/li>\n\n\n\n<li><a href=\"https:\/\/www.myphillylawyer.com\/es\/areas-de-practica\/accidentes-de-trafico-2\/accidentes-de-camion\/como-obtener-los-registros-de-la-compania-de-camiones-despues-de-un-accidente-en-filadelfia\/\">C\u00f3mo obtener los registros de la compa\u00f1\u00eda de camiones despu\u00e9s de un accidente Philadelphia<\/a><\/li>\n\n\n\n<li><a href=\"https:\/\/www.myphillylawyer.com\/es\/areas-de-practica\/accidentes-de-trafico-2\/accidentes-de-camion\/importancia-del-registrador-de-datos-de-eventos-de-la-caja-negra-de-los-camiones\/\">Importancia de la caja negra del cami\u00f3n en Philadelphia<\/a><\/li>\n\n\n\n<li><a href=\"https:\/\/www.myphillylawyer.com\/es\/areas-de-practica\/accidentes-de-trafico-2\/accidentes-de-camion\/que-pruebas-son-cruciales-tras-un-accidente-de-camion\/\">\u00bfQu\u00e9 pruebas son cruciales despu\u00e9s de un accidente de cami\u00f3n Philadelphia?<\/a><\/li>\n<\/ul>","protected":false},"excerpt":{"rendered":"<p>Cronolog\u00eda del litigio por accidentes de camiones en Philadelphia Si usted o un ser querido ha resultado herido en un accidente de cami\u00f3n en Philadelphia, es posible que se pregunte cu\u00e1nto tiempo llevar\u00e1 todo el proceso cuando presente una demanda. El proceso legal tras un accidente de cami\u00f3n puede parecer abrumador, pero comprender cada paso le ayudar\u00e1. A continuaci\u00f3n, le ofrecemos un resumen sencillo de...<\/p>","protected":false},"author":14,"featured_media":0,"parent":247,"menu_order":0,"comment_status":"closed","ping_status":"closed","template":"","meta":{"_acf_changed":false,"footnotes":""},"class_list":["post-14046","page","type-page","status-publish","hentry"],"acf":[],"jetpack_sharing_enabled":true,"_links":{"self":[{"href":"https:\/\/www.myphillylawyer.com\/es\/wp-json\/wp\/v2\/pages\/14046","targetHints":{"allow":["GET"]}}],"collection":[{"href":"https:\/\/www.myphillylawyer.com\/es\/wp-json\/wp\/v2\/pages"}],"about":[{"href":"https:\/\/www.myphillylawyer.com\/es\/wp-json\/wp\/v2\/types\/page"}],"author":[{"embeddable":true,"href":"https:\/\/www.myphillylawyer.com\/es\/wp-json\/wp\/v2\/users\/14"}],"replies":[{"embeddable":true,"href":"https:\/\/www.myphillylawyer.com\/es\/wp-json\/wp\/v2\/comments?post=14046"}],"version-history":[{"count":3,"href":"https:\/\/www.myphillylawyer.com\/es\/wp-json\/wp\/v2\/pages\/14046\/revisions"}],"predecessor-version":[{"id":14146,"href":"https:\/\/www.myphillylawyer.com\/es\/wp-json\/wp\/v2\/pages\/14046\/revisions\/14146"}],"up":[{"embeddable":true,"href":"https:\/\/www.myphillylawyer.com\/es\/wp-json\/wp\/v2\/pages\/247"}],"wp:attachment":[{"href":"https:\/\/www.myphillylawyer.com\/es\/wp-json\/wp\/v2\/media?parent=14046"}],"curies":[{"name":"wp","href":"https:\/\/api.w.org\/{rel}","templated":true}]}}