{"id":14047,"date":"2025-10-17T10:36:23","date_gmt":"2025-10-17T15:36:23","guid":{"rendered":"https:\/\/www.myphillylawyer.com\/?page_id=14047"},"modified":"2025-10-17T11:48:36","modified_gmt":"2025-10-17T16:48:36","slug":"accidentes-de-camiones-sobrecargados-y-mal-cargados-en-filadelfia","status":"publish","type":"page","link":"https:\/\/www.myphillylawyer.com\/es\/areas-de-practica\/accidentes-de-trafico-2\/accidentes-de-camion\/accidentes-de-camiones-sobrecargados-y-mal-cargados-en-filadelfia\/","title":{"rendered":"Accidentes de camiones con sobrecarga y carga inadecuada en Philadelphia"},"content":{"rendered":"<h1 class=\"wp-block-heading\" id=\"overloaded-and-improperly-loaded-truck-accidents\">Accidentes de camiones con sobrecarga y carga inadecuada en Philadelphia<\/h1>\n\n\n\n<p>Los accidentes de cami\u00f3n pueden convertir un d\u00eda normal en un calvario que cambie tu vida. El tama\u00f1o y el peso de los camiones comerciales hacen que cualquier accidente pueda provocar lesiones catastr\u00f3ficas. Cuando los camiones est\u00e1n sobrecargados o mal cargados, los riesgos en las carreteras de Philadelphia aumentan a\u00fan m\u00e1s. Conocer sus opciones legales y entender las causas puede ayudarle si usted o un ser querido sufre un accidente de este tipo.<\/p>\n\n\n\n<p>Si se encuentra ante las secuelas de un accidente de cami\u00f3n, una&nbsp;<a href=\"https:\/\/www.myphillylawyer.com\/es\/areas-de-practica\/accidentes-de-trafico-2\/accidentes-de-camion\/\" target=\"_blank\" rel=\"noreferrer noopener\">Philadelphia abogado accidente cami\u00f3n<\/a>&nbsp;puede ayudarle a obtener la compensaci\u00f3n que necesita para seguir adelante. A continuaci\u00f3n, desglosamos los aspectos clave de los accidentes de cami\u00f3n con sobrecarga y carga inadecuada, sus derechos y los pasos a seguir despu\u00e9s de un accidente.<\/p>\n\n\n\n<div class=\"wp-block-rank-math-toc-block\" id=\"rank-math-toc\"><h2>\u00cdndice<\/h2><nav><ul><li><a href=\"#overloaded-and-improperly-loaded-truck-accidents\">Accidentes de camiones con sobrecarga y carga inadecuada en Philadelphia<\/a><ul><li><a href=\"#the-dangers-of-overloaded-and-improperly-loaded-trucks\">Los peligros de los camiones sobrecargados y mal cargados<\/a><\/li><li><a href=\"#common-causes-of-overloaded-and-improperly-loaded-truck-accidents\">Causas comunes de accidentes de camiones con sobrecarga o carga inadecuada<\/a><\/li><li><a href=\"#types-of-injuries-caused-by-improperly-loaded-trucks\">Tipos de lesiones causadas por camiones mal cargados<\/a><\/li><li><a href=\"#who-can-be-held-responsible-for-a-truck-loading-accident\">\u00bfQui\u00e9n puede ser considerado responsable de un accidente de carga de cami\u00f3n?<\/a><\/li><li><a href=\"#what-to-do-after-an-overloaded-truck-accident-in-philadelphia\">Qu\u00e9 hacer despu\u00e9s de un accidente de cami\u00f3n sobrecargado en Philadelphia<\/a><\/li><li><a href=\"#frequently-asked-questions\">Preguntas frecuentes sobre accidentes de camiones con sobrecarga y carga inadecuada<\/a><\/li><li><a href=\"#other-resources-about-truck-accident-types-and-causes\">Otros tipos y causas de accidentes de cami\u00f3n Recursos<\/a><\/li><\/ul><\/li><\/ul><\/nav><\/div>\n\n\n\n<h2 class=\"wp-block-heading\" id=\"the-dangers-of-overloaded-and-improperly-loaded-trucks\">Los peligros de los camiones sobrecargados y mal cargados<\/h2>\n\n\n\n<p>Es f\u00e1cil pasar por alto la importancia de una carga adecuada, pero desempe\u00f1a un papel fundamental en la seguridad vial. Cuando las empresas de transporte o los conductores toman atajos, ponen en peligro a todo el mundo. Los camiones sobrecargados transportan m\u00e1s peso del previsto. Los camiones mal cargados llevan una carga que no est\u00e1 sujeta, equilibrada o distribuida correctamente. Ambas situaciones pueden conducir al desastre.<\/p>\n\n\n\n<p>\u00bfPor qu\u00e9 es tan peligroso? Demasiado peso puede provocar reventones de neum\u00e1ticos, fallos de frenos y vuelcos. Si la carga no est\u00e1 equilibrada, puede desplazarse durante un giro brusco o una frenada repentina, haciendo que el conductor pierda el control. Un solo pal\u00e9 o barril suelto puede convertir una carretera en una zona de peligro para los coches que circulan detr\u00e1s del cami\u00f3n. Y lo que es peor, los camiones sobrecargados necesitan m\u00e1s tiempo y distancia para detenerse. Eso significa que un peque\u00f1o error puede convertirse en mortal en un instante.<\/p>\n\n\n\n<p>Las leyes federales y estatales establecen l\u00edmites estrictos para las cargas de los camiones, pero siguen produci\u00e9ndose infracciones. A&nbsp;<a href=\"https:\/\/www.myphillylawyer.com\/es\/areas-de-practica\/accidentes-de-trafico-2\/accidentes-de-camion\/\" target=\"_blank\" rel=\"noreferrer noopener\">abogado de accidentes de cami\u00f3n en Philadelphia<\/a>&nbsp;puede investigar si la carga inadecuada o la sobrecarga influyeron en el accidente. Demostrarlo puede ser la diferencia entre una reclamaci\u00f3n denegada al seguro y una indemnizaci\u00f3n completa por sus lesiones.<\/p>\n\n\n\n<h2 class=\"wp-block-heading\" id=\"common-causes-of-overloaded-and-improperly-loaded-truck-accidents\">Causas comunes de accidentes de camiones con sobrecarga o carga inadecuada<\/h2>\n\n\n\n<p>Son muchos los factores que provocan estos accidentes, pero la mayor\u00eda se reducen a negligencias. A veces, las empresas de transporte presionan a los conductores para que carguen m\u00e1s de lo permitido para ahorrar tiempo o dinero. Otras veces, los trabajadores que cargan el cami\u00f3n tienen prisa e ignoran los protocolos de seguridad. Esto es lo que suele fallar:<\/p>\n\n\n\n<ul class=\"wp-block-list\">\n<li>Superaci\u00f3n de los l\u00edmites legales de peso para una entrega m\u00e1s r\u00e1pida<\/li>\n\n\n\n<li>No asegurar la carga con las correas, barras o redes adecuadas.<\/li>\n\n\n\n<li>Colocar objetos pesados encima de otros m\u00e1s ligeros<\/li>\n\n\n\n<li>Distribuci\u00f3n desigual del peso, lo que hace que el cami\u00f3n sea inestable.<\/li>\n\n\n\n<li>No comprobar la carga despu\u00e9s de las paradas o durante los viajes largos<\/li>\n<\/ul>\n\n\n\n<p>Puede que los conductores no se den cuenta de que la carga se ha desplazado, o puede que tengan miedo de hablar sobre problemas de seguridad. Sea cual sea el motivo, el resultado final es el mismo: un cami\u00f3n inseguro en la carretera.<\/p>\n\n\n\n<p>Para las v\u00edctimas, es fundamental trabajar con un&nbsp;<a href=\"https:\/\/www.myphillylawyer.com\/es\/zonas-atendidas\/arboleda-de-sauces\/abogados-de-accidentes-de-camiones\/\" target=\"_blank\" rel=\"noreferrer noopener\">abogado de lesiones de camiones<\/a>&nbsp;que sepa c\u00f3mo descubrir las causas reales. Esto incluye revisar los registros de carga, los tickets de peso e incluso las grabaciones de las c\u00e1maras cuando est\u00e9n disponibles. Una investigaci\u00f3n exhaustiva puede revelar qui\u00e9n es el responsable, desde el conductor hasta la empresa de transporte o incluso terceros cargadores.<\/p>\n\n\n\n<h2 class=\"wp-block-heading\" id=\"types-of-injuries-caused-by-improperly-loaded-trucks\">Tipos de lesiones causadas por camiones mal cargados<\/h2>\n\n\n\n<p>Los accidentes con camiones sobrecargados o mal cargados suelen provocar lesiones graves. El peso y la fuerza de estos veh\u00edculos pueden provocar choques en cadena de varios veh\u00edculos, accidentes por alcance o vuelcos. Algunas de las lesiones m\u00e1s comunes son:<\/p>\n\n\n\n<ul class=\"wp-block-list\">\n<li>Lesiones cerebrales traum\u00e1ticas<\/li>\n\n\n\n<li>Da\u00f1os en la m\u00e9dula espinal y par\u00e1lisis<\/li>\n\n\n\n<li>Fracturas \u00f3seas y amputaciones<\/li>\n\n\n\n<li>Da\u00f1os en \u00f3rganos internos<\/li>\n\n\n\n<li>Quemaduras por incendios o derrames de cargas peligrosas<\/li>\n<\/ul>\n\n\n\n<p>Las v\u00edctimas pueden enfrentarse a meses o a\u00f1os de tratamiento m\u00e9dico, rehabilitaci\u00f3n y p\u00e9rdida de ingresos. El trauma emocional a\u00f1ade otra capa, especialmente para quienes presencian o sobreviven a colisiones horribles. Estas lesiones no s\u00f3lo afectan a la persona herida, sino tambi\u00e9n a sus familiares y seres queridos.<\/p>\n\n\n\n<p>Si sufre lesiones como consecuencia de un accidente de cami\u00f3n, un&nbsp;<a href=\"https:\/\/www.myphillylawyer.com\/es\/\" target=\"_blank\" rel=\"noreferrer noopener\">abogado de lesiones personales<\/a>&nbsp;puede ayudarle a perseguir los fondos que necesita para las facturas m\u00e9dicas, salarios perdidos, y el dolor y el sufrimiento. No acepte un acuerdo r\u00e1pido del seguro antes de conocer sus derechos.<\/p>\n\n\n\n<h2 class=\"wp-block-heading\" id=\"who-can-be-held-responsible-for-a-truck-loading-accident\">\u00bfQui\u00e9n puede ser considerado responsable de un accidente de carga de cami\u00f3n?<\/h2>\n\n\n\n<p>Determinar la responsabilidad en un accidente de cami\u00f3n no suele ser sencillo. Varias partes pueden compartir la responsabilidad, incluyendo:<\/p>\n\n\n\n<ul class=\"wp-block-list\">\n<li>La empresa de transporte que foment\u00f3 o permiti\u00f3 la sobrecarga<\/li>\n\n\n\n<li>El conductor que no comprob\u00f3 la carga<\/li>\n\n\n\n<li>Empresas de carga de terceros<\/li>\n\n\n\n<li>Equipos de mantenimiento que ignoraron problemas mec\u00e1nicos relacionados con la sobrecarga<\/li>\n<\/ul>\n\n\n\n<p>Las pruebas son fundamentales en estos casos. Los informes policiales, las declaraciones de testigos, los registros de inspecci\u00f3n y los datos del dispositivo de registro electr\u00f3nico del cami\u00f3n ayudan a construir un caso s\u00f3lido. Un experto&nbsp;<a href=\"https:\/\/www.myphillylawyer.com\/es\/zonas-atendidas\/wayne\/abogados-de-accidentes-de-camiones-2\/\" target=\"_blank\" rel=\"noreferrer noopener\">abogado de accidente de cami\u00f3n<\/a>&nbsp;indagar\u00e1 en estos detalles, a menudo trabajando con expertos en reconstrucci\u00f3n de accidentes para demostrar lo que realmente ocurri\u00f3.<\/p>\n\n\n\n<p>En algunos casos, los fabricantes de amarres o equipos de seguridad defectuosos tambi\u00e9n pueden tener parte de culpa. La ley de Pennsylvania permite a las v\u00edctimas de lesiones buscar compensaci\u00f3n de cualquier persona cuyas acciones contribuyeron al accidente. Es por eso que es importante consultar a un abogado que ha manejado complejas reclamaciones de accidentes de camiones en Philadelphia.<\/p>\n\n\n\n<h2 class=\"wp-block-heading\" id=\"what-to-do-after-an-overloaded-truck-accident-in-philadelphia\">Qu\u00e9 hacer despu\u00e9s de un accidente de cami\u00f3n sobrecargado en Philadelphia<\/h2>\n\n\n\n<p>Los momentos posteriores a un accidente de cami\u00f3n pueden ser ca\u00f3ticos. Tomar las medidas adecuadas puede proteger su salud y su derecho a una indemnizaci\u00f3n. Esto es lo que debe hacer:<\/p>\n\n\n\n<ol class=\"wp-block-list\">\n<li>Llama inmediatamente al 911, aunque las lesiones parezcan leves.<\/li>\n\n\n\n<li>Busque atenci\u00f3n m\u00e9dica y siga todas las instrucciones de sus m\u00e9dicos.<\/li>\n\n\n\n<li>Si es posible, haz fotos del lugar del accidente, del cami\u00f3n y de la carga que se haya derramado o desplazado.<\/li>\n\n\n\n<li>Obtenga informaci\u00f3n de contacto de los testigos y del conductor del cami\u00f3n.<\/li>\n\n\n\n<li>No d\u00e9 declaraciones detalladas a las compa\u00f1\u00edas de seguros antes de hablar con un\u00a0<a href=\"https:\/\/www.myphillylawyer.com\/es\/\" target=\"_blank\" rel=\"noreferrer noopener\">Philadelphia abogado de lesiones personales<\/a>.<\/li>\n\n\n\n<li>Guarde toda la documentaci\u00f3n, como informes policiales y facturas m\u00e9dicas.<\/li>\n<\/ol>\n\n\n\n<p>Los plazos se aplican a estos casos en Pensilvania, por lo que actuar con rapidez es clave. A&nbsp;<a href=\"https:\/\/www.myphillylawyer.com\/es\/zonas-atendidas\/upper-darby\/abogados-de-accidentes-de-camiones-2\/\" target=\"_blank\" rel=\"noreferrer noopener\">abogado de lesiones de camiones<\/a>&nbsp;puede ocuparse del proceso legal mientras usted se centra en curarse.<\/p>\n\n\n\n<h2 class=\"wp-block-heading\" id=\"frequently-asked-questions\">Preguntas frecuentes sobre accidentes de camiones con sobrecarga y carga inadecuada<\/h2>\n\n\n\n<p><strong>\u00bfCu\u00e1les son los signos de que un cami\u00f3n se ha cargado incorrectamente tras un accidente?<\/strong><\/p>\n\n\n\n<p>La evidencia de un cami\u00f3n mal cargado puede incluir carga esparcida por la carretera, cargas desplazadas dentro del remolque o da\u00f1os en los sistemas de sujeci\u00f3n de la carga del cami\u00f3n. A veces, declaraciones de testigos o fotos en la escena del accidente muestran carga colgando del cami\u00f3n o derram\u00e1ndose sobre otros veh\u00edculos. Su equipo legal puede trabajar con expertos para analizar estos detalles y demostrar la carga inadecuada.<\/p>\n\n\n\n<p><strong>\u00bfPuedo demandar a la compa\u00f1\u00eda de camiones por lesiones derivadas de un accidente de cami\u00f3n sobrecargado?<\/strong><\/p>\n\n\n\n<p>S\u00ed, puede reclamar una indemnizaci\u00f3n a la empresa de transporte si sus acciones o negligencias provocaron el accidente. Esto incluye situaciones en las que la empresa presion\u00f3 a los conductores para que sobrecargaran, no form\u00f3 a los empleados para que cargaran con seguridad o ignor\u00f3 las normas de seguridad. A&nbsp;<a href=\"https:\/\/www.myphillylawyer.com\/es\/zonas-atendidas\/norristown\/abogados-de-accidentes-de-camiones-2\/\" target=\"_blank\" rel=\"noreferrer noopener\">abogado de accidentes de cami\u00f3n<\/a>&nbsp;puede ayudarle a construir un caso y exigirles responsabilidades.<\/p>\n\n\n\n<p><strong>\u00bfC\u00f3mo puede un abogado de accidente de cami\u00f3n en Philadelphia ayudar despu\u00e9s de un accidente?<\/strong><\/p>\n\n\n\n<p>A&nbsp;<a href=\"https:\/\/www.myphillylawyer.com\/es\/areas-de-practica\/accidentes-de-trafico-2\/accidentes-de-camion\/\" target=\"_blank\" rel=\"noreferrer noopener\">abogado de accidentes de cami\u00f3n en Philadelphia<\/a>&nbsp;investiga el accidente, re\u00fane pruebas y trata con las compa\u00f1\u00edas de seguros en su nombre. Ayudan a determinar qui\u00e9n tiene la culpa, calcular sus da\u00f1os, y luchar por la compensaci\u00f3n m\u00e1xima, ya sea a trav\u00e9s de un acuerdo o en el juicio.<\/p>\n\n\n\n<p><strong>\u00bfHay un l\u00edmite de tiempo para presentar una demanda despu\u00e9s de un accidente de cami\u00f3n en Pennsylvania?<\/strong><\/p>\n\n\n\n<p>S\u00ed, la ley de Pensilvania generalmente le da dos a\u00f1os a partir de la fecha del accidente para presentar una demanda por lesiones personales. Hay excepciones, sin embargo, por lo que es importante consultar a un&nbsp;<a href=\"https:\/\/www.myphillylawyer.com\/es\/zonas-atendidas\/jenkintown\/abogados-de-accidentes-de-camiones-2\/\" target=\"_blank\" rel=\"noreferrer noopener\">abogado de lesiones de camiones<\/a>&nbsp;lo antes posible para evitar perder su derecho a reclamar da\u00f1os y perjuicios.<\/p>\n\n\n\n<h2 class=\"wp-block-heading\" id=\"other-resources-about-truck-accident-types-and-causes\">Otros tipos y causas de accidentes de cami\u00f3n Recursos<\/h2>\n\n\n\n<ul class=\"wp-block-list\">\n<li><a href=\"https:\/\/www.myphillylawyer.com\/es\/areas-de-practica\/accidentes-de-trafico-2\/accidentes-de-camion\/colisiones-traseras-con-camiones-en-pennsylvania\/\">Colisiones por alcance con camiones en Pensilvania<\/a><\/li>\n\n\n\n<li><a href=\"https:\/\/www.myphillylawyer.com\/es\/areas-de-practica\/accidentes-de-trafico-2\/accidentes-de-camion\/jackknife-accidentes-de-camiones-riesgos-y-derechos-legales-en-filadelfia\/\">Accidentes de camiones con navaja: Riesgos y derechos legales en Philadelphia<\/a><\/li>\n\n\n\n<li><a href=\"https:\/\/www.myphillylawyer.com\/es\/areas-de-practica\/accidentes-de-trafico-2\/accidentes-de-camion\/accidentes-de-camiones-de-materiales-peligrosos\/\">Accidentes de camiones de materiales peligrosos en Philadelphia<\/a><\/li>\n\n\n\n<li><a href=\"https:\/\/www.myphillylawyer.com\/es\/areas-de-practica\/accidentes-de-trafico-2\/accidentes-de-camion\/accidentes-de-camiones-relacionados-con-el-tiempo-en-filadelfia\/\">Accidentes de cami\u00f3n por causas meteorol\u00f3gicas en Philadelphia<\/a><\/li>\n\n\n\n<li><strong>Accidentes de camiones con sobrecarga y carga inadecuada en Philadelphia<\/strong><\/li>\n\n\n\n<li><a href=\"https:\/\/www.myphillylawyer.com\/es\/areas-de-practica\/accidentes-de-trafico-2\/accidentes-de-camion\/accidentes-de-conductores-de-camiones-fatigados-en-filadelfia\/\">Accidentes de conductores de camiones fatigados en Philadelphia<\/a><\/li>\n\n\n\n<li><a href=\"https:\/\/www.myphillylawyer.com\/es\/areas-de-practica\/accidentes-de-trafico-2\/accidentes-de-camion\/accidentes-de-camiones-por-alcance-y-empotramiento-en-filadelfia\/\">Colisiones por alcance y empotramiento de camiones en Philadelphia<\/a><\/li>\n\n\n\n<li><a href=\"https:\/\/www.myphillylawyer.com\/es\/areas-de-practica\/accidentes-de-trafico-2\/accidentes-de-camion\/punto-ciego-no-accidentes-de-camiones-zona-en-filadelfia\/\">Accidentes de Cami\u00f3n en Punto Ciego\/No-Zona en Philadelphia<\/a><\/li>\n\n\n\n<li><a href=\"https:\/\/www.myphillylawyer.com\/es\/areas-de-practica\/accidentes-de-trafico-2\/accidentes-de-camion\/accidentes-de-conduccion-distraida-de-camiones-en-filadelfia\/\">Accidentes por distracciones al volante en Philadelphia<\/a><\/li>\n<\/ul>\n\n\n\n<p><\/p>","protected":false},"excerpt":{"rendered":"<p>Accidentes de camiones sobrecargados y mal cargados en Philadelphia Los accidentes de camiones pueden convertir un d\u00eda normal en un calvario que cambie la vida. El gran tama\u00f1o y peso de los camiones comerciales significa que cualquier accidente puede provocar lesiones catastr\u00f3ficas. Cuando los camiones est\u00e1n sobrecargados o mal cargados, los riesgos en las carreteras de Philadelphia aumentan a\u00fan m\u00e1s. Conocer sus opciones legales y...<\/p>","protected":false},"author":14,"featured_media":0,"parent":247,"menu_order":0,"comment_status":"closed","ping_status":"closed","template":"","meta":{"_acf_changed":false,"footnotes":""},"class_list":["post-14047","page","type-page","status-publish","hentry"],"acf":[],"jetpack_sharing_enabled":true,"_links":{"self":[{"href":"https:\/\/www.myphillylawyer.com\/es\/wp-json\/wp\/v2\/pages\/14047","targetHints":{"allow":["GET"]}}],"collection":[{"href":"https:\/\/www.myphillylawyer.com\/es\/wp-json\/wp\/v2\/pages"}],"about":[{"href":"https:\/\/www.myphillylawyer.com\/es\/wp-json\/wp\/v2\/types\/page"}],"author":[{"embeddable":true,"href":"https:\/\/www.myphillylawyer.com\/es\/wp-json\/wp\/v2\/users\/14"}],"replies":[{"embeddable":true,"href":"https:\/\/www.myphillylawyer.com\/es\/wp-json\/wp\/v2\/comments?post=14047"}],"version-history":[{"count":3,"href":"https:\/\/www.myphillylawyer.com\/es\/wp-json\/wp\/v2\/pages\/14047\/revisions"}],"predecessor-version":[{"id":14100,"href":"https:\/\/www.myphillylawyer.com\/es\/wp-json\/wp\/v2\/pages\/14047\/revisions\/14100"}],"up":[{"embeddable":true,"href":"https:\/\/www.myphillylawyer.com\/es\/wp-json\/wp\/v2\/pages\/247"}],"wp:attachment":[{"href":"https:\/\/www.myphillylawyer.com\/es\/wp-json\/wp\/v2\/media?parent=14047"}],"curies":[{"name":"wp","href":"https:\/\/api.w.org\/{rel}","templated":true}]}}