{"id":14054,"date":"2025-10-17T11:29:27","date_gmt":"2025-10-17T16:29:27","guid":{"rendered":"https:\/\/www.myphillylawyer.com\/?page_id=14054"},"modified":"2025-10-17T12:53:57","modified_gmt":"2025-10-17T17:53:57","slug":"paso-a-paso-como-funciona-una-reclamacion-por-accidente-de-camion-en-filadelfia","status":"publish","type":"page","link":"https:\/\/www.myphillylawyer.com\/es\/areas-de-practica\/accidentes-de-trafico-2\/accidentes-de-camion\/paso-a-paso-como-funciona-una-reclamacion-por-accidente-de-camion-en-filadelfia\/","title":{"rendered":"Paso a paso: c\u00f3mo funciona una reclamaci\u00f3n por accidente de cami\u00f3n en Philadelphia"},"content":{"rendered":"<h1 class=\"wp-block-heading\" id=\"step-by-step-how-a-truck-accident-claim-works-in-philadelphia\">Paso a paso: c\u00f3mo funciona una reclamaci\u00f3n por accidente de cami\u00f3n en Philadelphia<\/h1>\n\n\n\n<p>Si usted o un ser querido ha sido atropellado por un cami\u00f3n grande en Philadelphia, las secuelas pueden ser abrumadoras. Las facturas m\u00e9dicas se acumulan, su coche puede estar destrozado y los peritos del seguro empiezan a llamar. \u00bfPor d\u00f3nde empezar? Saber c\u00f3mo funciona una reclamaci\u00f3n por accidente de cami\u00f3n en Philadelphia puede hacer que el proceso sea menos estresante y ayudarle a proteger sus derechos. He aqu\u00ed una sencilla gu\u00eda paso a paso, escrita para personas reales, no para abogados.<\/p>\n\n\n\n<div class=\"wp-block-rank-math-toc-block\" id=\"rank-math-toc\"><h2>\u00cdndice<\/h2><nav><ul><li><a href=\"#step-by-step-how-a-truck-accident-claim-works-in-philadelphia\">Paso a paso: c\u00f3mo funciona una reclamaci\u00f3n por accidente de cami\u00f3n en Philadelphia<\/a><ul><li><a href=\"#immediate-steps-after-a-truck-accident-in-philadelphia\">Medidas inmediatas tras un accidente de cami\u00f3n en Philadelphia<\/a><\/li><li><a href=\"#investigating-your-truck-accident-claim\">Investigaci\u00f3n de su reclamaci\u00f3n por accidente de cami\u00f3n<\/a><\/li><li><a href=\"#filing-your-claim-and-dealing-with-insurance-companies\">Presentar una reclamaci\u00f3n y tratar con las compa\u00f1\u00edas de seguros<\/a><\/li><li><a href=\"#going-to-court-the-litigation-process\">Acudir a los tribunales: El proceso contencioso<\/a><\/li><li><a href=\"#what-compensation-can-you-recover-after-a-truck-accident\">\u00bfQu\u00e9 indemnizaci\u00f3n puede recibir tras un accidente de cami\u00f3n?<\/a><\/li><li><a href=\"#frequently-asked-questions-about-truck-accident-claims-in-philadelphia\">Preguntas frecuentes sobre siniestros de camiones en Philadelphia<\/a><\/li><li><a href=\"#other-resources-about-the-legal-process-evidence-in-truck-accident-claims\">Otros recursos sobre el proceso legal y las pruebas en las reclamaciones por accidentes de cami\u00f3n<\/a><\/li><\/ul><\/li><\/ul><\/nav><\/div>\n\n\n\n<h2 class=\"wp-block-heading\" id=\"immediate-steps-after-a-truck-accident-in-philadelphia\">Medidas inmediatas tras un accidente de cami\u00f3n en Philadelphia<\/h2>\n\n\n\n<p>Inmediatamente despu\u00e9s de un accidente de cami\u00f3n, sus acciones pueden dar forma a todo su caso. La seguridad es lo primero. Comprueba si hay heridos y llama al 911, aunque las lesiones parezcan leves. La polic\u00eda debe hacer un informe, que es una prueba vital para su reclamaci\u00f3n. Si puedes, haz fotos del lugar del accidente, de los veh\u00edculos, del estado de la carretera y de las lesiones. Estas im\u00e1genes podr\u00edan demostrar qui\u00e9n tuvo la culpa.<\/p>\n\n\n\n<p>Habla con los testigos y obt\u00e9n sus nombres y datos de contacto. Sus historias pueden respaldar tu versi\u00f3n de lo ocurrido. Evita hablar de la culpa en el lugar de los hechos. Lo que digas puede ser utilizado en tu contra m\u00e1s adelante. Acude al m\u00e9dico aunque te encuentres bien. Algunas lesiones aparecen horas o d\u00edas despu\u00e9s. Los informes m\u00e9dicos relacionan tus lesiones directamente con el accidente.<\/p>\n\n\n\n<p>Notifique el accidente a su compa\u00f1\u00eda de seguros, pero at\u00e9ngase a los hechos. No hagas conjeturas ni ofrezcas opiniones. Cuando las compa\u00f1\u00edas de camiones o sus aseguradoras se pongan en contacto contigo, ten cuidado. Pueden intentar que llegue r\u00e1pidamente a un acuerdo por menos de lo que vale su reclamaci\u00f3n. En ese caso, ponte en contacto con un&nbsp;<a href=\"https:\/\/www.myphillylawyer.com\/es\/areas-de-practica\/accidentes-de-trafico-2\/accidentes-de-camion\/\" target=\"_blank\" rel=\"noreferrer noopener\">Philadelphia abogado accidente cami\u00f3n<\/a>&nbsp;puede marcar la diferencia.<\/p>\n\n\n\n<h2 class=\"wp-block-heading\" id=\"investigating-your-truck-accident-claim\">Investigaci\u00f3n de su reclamaci\u00f3n por accidente de cami\u00f3n<\/h2>\n\n\n\n<p>Una vez dados esos primeros pasos, comienza una investigaci\u00f3n exhaustiva. Los accidentes de cami\u00f3n son m\u00e1s complejos que los accidentes de coche normales. A menudo hay varias partes implicadas: el conductor del cami\u00f3n, la empresa de transporte, los proveedores de seguros y, a veces, incluso la empresa que carg\u00f3 la mercanc\u00eda.<\/p>\n\n\n\n<p>Su&nbsp;<a href=\"https:\/\/www.myphillylawyer.com\/es\/areas-de-practica\/accidentes-de-trafico-2\/accidentes-de-camion\/\" target=\"_blank\" rel=\"noreferrer noopener\">abogado de accidentes de cami\u00f3n en Philadelphia<\/a>&nbsp;recoger\u00e1 y revisar\u00e1 las pruebas clave. Entre ellas pueden figurar el atestado policial, su historial m\u00e9dico, fotos y declaraciones de testigos. Pero hay m\u00e1s. Las empresas de transporte est\u00e1n obligadas por ley a mantener cosas como los registros del conductor, registros de mantenimiento, y los datos de la \"caja negra\" del cami\u00f3n. Estos datos pueden demostrar si el conductor conduc\u00eda con exceso de velocidad, si trabajaba muchas horas o si el cami\u00f3n no se manten\u00eda correctamente.<\/p>\n\n\n\n<p>Los abogados tambi\u00e9n pueden contratar a expertos en reconstrucci\u00f3n de accidentes y examinar las grabaciones de las c\u00e1maras de tr\u00e1fico. El objetivo es demostrar c\u00f3mo ocurri\u00f3 el accidente y qui\u00e9n es el responsable. Si esperas demasiado, pueden desaparecer pruebas importantes. Por eso es inteligente ponerse en contacto con un&nbsp;<a href=\"https:\/\/www.myphillylawyer.com\/es\/zonas-atendidas\/arboleda-de-sauces\/abogados-de-accidentes-de-camiones\/\" target=\"_blank\" rel=\"noreferrer noopener\">abogado de accidentes de cami\u00f3n<\/a>&nbsp;lo antes posible.<\/p>\n\n\n\n<h2 class=\"wp-block-heading\" id=\"filing-your-claim-and-dealing-with-insurance-companies\">Presentar una reclamaci\u00f3n y tratar con las compa\u00f1\u00edas de seguros<\/h2>\n\n\n\n<p>A continuaci\u00f3n viene el proceso de reclamaci\u00f3n al seguro, que puede resultar confuso. Pensilvania utiliza una regla de negligencia comparativa modificada. Esto significa que usted puede recuperar los da\u00f1os, incluso si usted es en parte culpable, siempre y cuando usted es menos de 51% responsable. Sin embargo, su indemnizaci\u00f3n disminuye en funci\u00f3n de su parte de culpa.<\/p>\n\n\n\n<p>Su&nbsp;<a href=\"https:\/\/www.myphillylawyer.com\/es\/zonas-atendidas\/wayne\/abogados-de-accidentes-de-camiones-2\/\" target=\"_blank\" rel=\"noreferrer noopener\">abogado de accidente de cami\u00f3n<\/a>&nbsp;enviar\u00e1 una carta de reclamaci\u00f3n a las aseguradoras de las partes culpables. En esta carta se describen tus lesiones, las pruebas de culpabilidad y la cantidad de dinero que necesitas para cubrir tus p\u00e9rdidas. La compa\u00f1\u00eda de seguros revisar\u00e1 su reclamaci\u00f3n y a menudo har\u00e1 una primera oferta baja. Es una t\u00e1ctica normal. No acepte el primer cheque sin consultar a su abogado.<\/p>\n\n\n\n<p>Las negociaciones pueden durar semanas o meses. Su abogado se encarga de estas conversaciones para que usted pueda centrarse en curarse. Si no se llega a un acuerdo justo, el caso puede pasar a los tribunales. Pero la mayor\u00eda de las demandas se resuelven extrajudicialmente con la ayuda de un abogado experimentado.&nbsp;<a href=\"https:\/\/www.myphillylawyer.com\/es\/zonas-atendidas\/upper-darby\/abogados-de-accidentes-de-camiones-2\/\" target=\"_blank\" rel=\"noreferrer noopener\">abogado de lesiones de camiones<\/a>.<\/p>\n\n\n\n<h2 class=\"wp-block-heading\" id=\"going-to-court-the-litigation-process\">Acudir a los tribunales: El proceso contencioso<\/h2>\n\n\n\n<p>Si las conversaciones para llegar a un acuerdo se estancan, su abogado presentar\u00e1 una demanda. En el Philadelphia, el proceso formal empieza cuando tu abogado presenta una demanda ante el tribunal. La empresa de camiones y los dem\u00e1s demandados responden. Ambas partes comparten pruebas en una etapa llamada \"descubrimiento\". Esto puede incluir deposiciones (declaraciones juradas), historiales m\u00e9dicos e informes periciales.<\/p>\n\n\n\n<p>Los litigios pueden parecer intimidantes, pero contar con una s\u00f3lida&nbsp;<a href=\"https:\/\/www.myphillylawyer.com\/es\/zonas-atendidas\/norristown\/abogados-de-accidentes-de-camiones-2\/\" target=\"_blank\" rel=\"noreferrer noopener\">abogado de lesiones de camiones<\/a>&nbsp;de su lado lo hace manejable. El tribunal puede ordenar una mediaci\u00f3n para intentar resolver el caso antes del juicio. Si la mediaci\u00f3n no funciona, la demanda va a juicio. Un juez o jurado decide qui\u00e9n tiene la culpa y cu\u00e1nto dinero le corresponde a usted.<\/p>\n\n\n\n<p>En el tribunal, su equipo legal presenta pruebas que demuestran la negligencia del camionero o de la empresa. Esto podr\u00eda incluir el incumplimiento de las normas federales de seguridad, la falta de mantenimiento del cami\u00f3n o la contrataci\u00f3n de conductores no cualificados. El trabajo de tu abogado es demostrar que la otra parte es m\u00e1s responsable que t\u00fa, para que recibas la indemnizaci\u00f3n m\u00e1xima que permite la ley.<\/p>\n\n\n\n<h2 class=\"wp-block-heading\" id=\"what-compensation-can-you-recover-after-a-truck-accident\">\u00bfQu\u00e9 indemnizaci\u00f3n puede recibir tras un accidente de cami\u00f3n?<\/h2>\n\n\n\n<p>Los accidentes de cami\u00f3n suelen causar lesiones graves, lo que implica elevadas facturas m\u00e9dicas y p\u00e9rdida de salarios. Puede reclamar tanto da\u00f1os econ\u00f3micos como no econ\u00f3micos. Los da\u00f1os econ\u00f3micos incluyen facturas m\u00e9dicas, costes de tratamientos futuros, p\u00e9rdida de ingresos y da\u00f1os a la propiedad. Los da\u00f1os no econ\u00f3micos incluyen el dolor y el sufrimiento, la angustia emocional y la p\u00e9rdida del disfrute de la vida.<\/p>\n\n\n\n<p>A veces, los da\u00f1os punitivos se conceden si las acciones de la empresa de transporte fueron especialmente imprudente, como permitir que un conductor ebrio al volante. La ley de Pensilvania suele limitar la indemnizaci\u00f3n por da\u00f1os y perjuicios en los casos contra veh\u00edculos estatales, pero las empresas de transporte privadas no tienen el mismo l\u00edmite.<\/p>\n\n\n\n<p>Calcular su reclamaci\u00f3n implica revisar todas las formas en que el accidente ha cambiado su vida. Un experto&nbsp;<a href=\"https:\/\/www.myphillylawyer.com\/es\/zonas-atendidas\/jenkintown\/abogados-de-accidentes-de-camiones-2\/\" target=\"_blank\" rel=\"noreferrer noopener\">abogado de accidentes de cami\u00f3n<\/a>&nbsp;trabaja con m\u00e9dicos, economistas y otros expertos para asegurarse de que no se pasa nada por alto. El objetivo es devolverte, en la medida de lo posible, a la posici\u00f3n en la que estabas antes del accidente.<\/p>\n\n\n\n<h2 class=\"wp-block-heading\" id=\"frequently-asked-questions-about-truck-accident-claims-in-philadelphia\">Preguntas frecuentes sobre siniestros de camiones en Philadelphia<\/h2>\n\n\n\n<p><strong>\u00bfDe cu\u00e1nto tiempo dispongo para presentar una demanda por accidente de cami\u00f3n en Philadelphia?<\/strong><br>En la mayor\u00eda de los casos, usted debe presentar una reclamaci\u00f3n dentro de dos a\u00f1os a partir de la fecha del accidente. Esta es la ley de prescripci\u00f3n de Pennsylvania para reclamaciones por lesiones personales. Si se le pasa este plazo, podr\u00eda perder su derecho a recibir una indemnizaci\u00f3n. P\u00f3ngase en contacto con un&nbsp;<a href=\"https:\/\/www.myphillylawyer.com\/es\/\" target=\"_blank\" rel=\"noreferrer noopener\">abogado de lesiones personales<\/a>&nbsp;inmediatamente para proteger sus derechos.<\/p>\n\n\n\n<p><strong>\u00bfEn qu\u00e9 se diferencian los accidentes de cami\u00f3n de los de coche?<\/strong><br>Los casos de accidentes de cami\u00f3n implican m\u00e1s pruebas, m\u00e1s partes y leyes m\u00e1s complejas. Se aplican las normas federales y estatales de camiones, y las lesiones son a menudo m\u00e1s graves. Necesitar\u00e1 un&nbsp;<a href=\"https:\/\/www.myphillylawyer.com\/es\/\" target=\"_blank\" rel=\"noreferrer noopener\">Philadelphia abogado de lesiones personales<\/a>&nbsp;que comprenda estos factores \u00fanicos y tenga experiencia en el manejo de las t\u00e1cticas de las empresas de transporte por carretera.<\/p>\n\n\n\n<p><strong>\u00bfCu\u00e1nto cuesta contratar a un abogado de accidentes de cami\u00f3n en Philadelphia?<\/strong><br>M\u00e1s&nbsp;<a href=\"https:\/\/www.myphillylawyer.com\/es\/zonas-atendidas\/conshohocken\/abogados-de-accidentes-de-camiones\/\" target=\"_blank\" rel=\"noreferrer noopener\">abogados de accidentes de camiones<\/a>&nbsp;trabajan con honorarios condicionales. Eso significa que usted no paga nada por adelantado. Su abogado s\u00f3lo cobra si usted gana el caso o llega a un acuerdo. Esto hace que la ayuda legal est\u00e9 disponible para todos, independientemente de su situaci\u00f3n financiera.<\/p>\n\n\n\n<p><strong>\u00bfY si tengo parte de culpa en el accidente?<\/strong><br>A\u00fan puede recibir una indemnizaci\u00f3n si la culpa fue suya en un grado inferior al 51%. Sin embargo, su indemnizaci\u00f3n se reducir\u00e1 en funci\u00f3n de su porcentaje de culpa. Por ejemplo, si tiene 20% de culpa, su indemnizaci\u00f3n se reducir\u00e1 en 20%. Su&nbsp;<a href=\"https:\/\/www.myphillylawyer.com\/es\/areas-de-practica\/accidentes-de-trafico-2\/accidentes-de-camion\/\" target=\"_blank\" rel=\"noreferrer noopener\">Philadelphia abogado accidente cami\u00f3n<\/a>&nbsp;luchar\u00e1 por mantener su parte de responsabilidad lo m\u00e1s baja posible.<\/p>\n\n\n\n<h2 class=\"wp-block-heading\" id=\"other-resources-about-the-legal-process-evidence-in-truck-accident-claims\">Otros recursos sobre el proceso legal y las pruebas en las reclamaciones por accidentes de cami\u00f3n<\/h2>\n\n\n\n<ul class=\"wp-block-list\">\n<li><strong>Paso a paso: c\u00f3mo funciona una reclamaci\u00f3n por accidente de cami\u00f3n en Philadelphia<\/strong><\/li>\n\n\n\n<li><a href=\"https:\/\/www.myphillylawyer.com\/es\/areas-de-practica\/accidentes-de-trafico-2\/accidentes-de-camion\/calendario-de-litigios-por-accidentes-de-camiones-en-filadelfia\/\">Calendario de litigios por accidentes de camiones Philadelphia<\/a><\/li>\n\n\n\n<li><a href=\"https:\/\/www.myphillylawyer.com\/es\/areas-de-practica\/accidentes-de-trafico-2\/accidentes-de-camion\/como-tratar-con-los-peritos-de-seguros-tras-un-accidente-de-camion-en-filadelfia\/\">C\u00f3mo tratar con los peritos de seguros despu\u00e9s de un accidente de cami\u00f3n en Philadelphia<\/a><\/li>\n\n\n\n<li><a href=\"https:\/\/www.myphillylawyer.com\/es\/areas-de-practica\/accidentes-de-trafico-2\/accidentes-de-camion\/defensas-comunes-que-las-companias-de-camiones-usan-en-casos-de-accidentes-de-camiones-en-filadelfia\/\">Defensas comunes que las empresas de transporte utilizan en casos de accidentes de camiones Philadelphia<\/a><\/li>\n\n\n\n<li><a href=\"https:\/\/www.myphillylawyer.com\/es\/areas-de-practica\/accidentes-de-trafico-2\/accidentes-de-camion\/papel-de-los-expertos-en-reconstruccion-de-accidentes-en-filadelfia\/\">Papel de los expertos en reconstrucci\u00f3n de accidentes en Philadelphia<\/a><\/li>\n\n\n\n<li><a href=\"https:\/\/www.myphillylawyer.com\/es\/areas-de-practica\/accidentes-de-trafico-2\/accidentes-de-camion\/como-afectan-los-informes-policiales-a-los-casos-de-accidentes-de-camion\/\">C\u00f3mo influyen los informes policiales en los casos de accidente de cami\u00f3n Philadelphia<\/a><\/li>\n\n\n\n<li><a href=\"https:\/\/www.myphillylawyer.com\/es\/areas-de-practica\/accidentes-de-trafico-2\/accidentes-de-camion\/citacion-de-registros-de-conductores-y-registros-de-mantenimiento\/\">Citaci\u00f3n de registros de conductores y registros de mantenimiento despu\u00e9s de un accidente de cami\u00f3n Philadelphia<\/a><\/li>\n\n\n\n<li><a href=\"https:\/\/www.myphillylawyer.com\/es\/areas-de-practica\/accidentes-de-trafico-2\/accidentes-de-camion\/como-obtener-los-registros-de-la-compania-de-camiones-despues-de-un-accidente-en-filadelfia\/\">C\u00f3mo obtener los registros de la compa\u00f1\u00eda de camiones despu\u00e9s de un accidente Philadelphia<\/a><\/li>\n\n\n\n<li><a href=\"https:\/\/www.myphillylawyer.com\/es\/areas-de-practica\/accidentes-de-trafico-2\/accidentes-de-camion\/importancia-del-registrador-de-datos-de-eventos-de-la-caja-negra-de-los-camiones\/\">Importancia de la caja negra del cami\u00f3n en Philadelphia<\/a><\/li>\n\n\n\n<li><a href=\"https:\/\/www.myphillylawyer.com\/es\/areas-de-practica\/accidentes-de-trafico-2\/accidentes-de-camion\/que-pruebas-son-cruciales-tras-un-accidente-de-camion\/\">\u00bfQu\u00e9 pruebas son cruciales despu\u00e9s de un accidente de cami\u00f3n Philadelphia?<\/a><\/li>\n<\/ul>","protected":false},"excerpt":{"rendered":"<p>Paso a paso: C\u00f3mo funciona una reclamaci\u00f3n por accidente de cami\u00f3n en Philadelphia Si usted o un ser querido ha sido atropellado por un cami\u00f3n grande en Philadelphia, las secuelas pueden ser abrumadoras. Las facturas m\u00e9dicas se acumulan, su coche puede estar destrozado y los peritos del seguro empiezan a llamar. \u00bfPor d\u00f3nde empezar? Saber c\u00f3mo funciona una reclamaci\u00f3n por accidente de cami\u00f3n...<\/p>","protected":false},"author":14,"featured_media":0,"parent":247,"menu_order":0,"comment_status":"closed","ping_status":"closed","template":"","meta":{"_acf_changed":false,"footnotes":""},"class_list":["post-14054","page","type-page","status-publish","hentry"],"acf":[],"jetpack_sharing_enabled":true,"_links":{"self":[{"href":"https:\/\/www.myphillylawyer.com\/es\/wp-json\/wp\/v2\/pages\/14054","targetHints":{"allow":["GET"]}}],"collection":[{"href":"https:\/\/www.myphillylawyer.com\/es\/wp-json\/wp\/v2\/pages"}],"about":[{"href":"https:\/\/www.myphillylawyer.com\/es\/wp-json\/wp\/v2\/types\/page"}],"author":[{"embeddable":true,"href":"https:\/\/www.myphillylawyer.com\/es\/wp-json\/wp\/v2\/users\/14"}],"replies":[{"embeddable":true,"href":"https:\/\/www.myphillylawyer.com\/es\/wp-json\/wp\/v2\/comments?post=14054"}],"version-history":[{"count":4,"href":"https:\/\/www.myphillylawyer.com\/es\/wp-json\/wp\/v2\/pages\/14054\/revisions"}],"predecessor-version":[{"id":14137,"href":"https:\/\/www.myphillylawyer.com\/es\/wp-json\/wp\/v2\/pages\/14054\/revisions\/14137"}],"up":[{"embeddable":true,"href":"https:\/\/www.myphillylawyer.com\/es\/wp-json\/wp\/v2\/pages\/247"}],"wp:attachment":[{"href":"https:\/\/www.myphillylawyer.com\/es\/wp-json\/wp\/v2\/media?parent=14054"}],"curies":[{"name":"wp","href":"https:\/\/api.w.org\/{rel}","templated":true}]}}