{"id":14057,"date":"2025-10-17T12:32:56","date_gmt":"2025-10-17T17:32:56","guid":{"rendered":"https:\/\/www.myphillylawyer.com\/?page_id=14057"},"modified":"2025-10-17T12:54:48","modified_gmt":"2025-10-17T17:54:48","slug":"como-obtener-los-registros-de-la-compania-de-camiones-despues-de-un-accidente-en-filadelfia","status":"publish","type":"page","link":"https:\/\/www.myphillylawyer.com\/es\/areas-de-practica\/accidentes-de-trafico-2\/accidentes-de-camion\/como-obtener-los-registros-de-la-compania-de-camiones-despues-de-un-accidente-en-filadelfia\/","title":{"rendered":"C\u00f3mo obtener los registros de la compa\u00f1\u00eda de camiones despu\u00e9s de un accidente Philadelphia"},"content":{"rendered":"<h1 class=\"wp-block-heading\" id=\"how-to-obtain-trucking-company-records-after-a-crash\">C\u00f3mo obtener los registros de la compa\u00f1\u00eda de camiones despu\u00e9s de un accidente Philadelphia<\/h1>\n\n\n\n<p>Si usted ha estado en un accidente de cami\u00f3n en Philadelphia, saber c\u00f3mo obtener registros de la compa\u00f1\u00eda de camiones es un paso crucial en la construcci\u00f3n de su caso. Las empresas de transporte mantienen muchos registros relacionados con sus veh\u00edculos, conductores y operaciones. Estos documentos pueden ayudar a probar la negligencia y mostrar c\u00f3mo ocurri\u00f3 el accidente. Si usted quiere la mejor oportunidad de ganar su reclamo, la comprensi\u00f3n del proceso y tener la ayuda adecuada hace toda la diferencia. Vamos a desglosar lo que usted necesita saber acerca de c\u00f3mo obtener estos registros despu\u00e9s de un accidente.<\/p>\n\n\n\n<div class=\"wp-block-rank-math-toc-block\" id=\"rank-math-toc\"><h2>\u00cdndice<\/h2><nav><ul><li><a href=\"#how-to-obtain-trucking-company-records-after-a-crash\">C\u00f3mo obtener los registros de la compa\u00f1\u00eda de camiones despu\u00e9s de un accidente Philadelphia<\/a><ul><li><a href=\"#why-trucking-company-records-matter-after-a-crash\">Por qu\u00e9 son importantes los registros de la empresa de transporte tras un accidente<\/a><\/li><li><a href=\"#steps-to-secure-trucking-company-records\">Pasos para asegurar los registros de una empresa de transporte<\/a><\/li><li><a href=\"#key-types-of-trucking-company-records-to-request\">Principales tipos de registros de empresas de transporte que debe solicitar<\/a><\/li><li><a href=\"#the-role-of-your-attorney-in-getting-records\">El papel de su abogado en la obtenci\u00f3n de registros<\/a><\/li><li><a href=\"#what-to-do-if-trucking-company-records-are-missing-or-destroyed\">Qu\u00e9 hacer si los registros de la empresa de transporte faltan o se destruyen<\/a><\/li><li><a href=\"#frequently-asked-questions-about-obtaining-trucking-company-records-after-a-truck-accident-in-philadelphia\">Preguntas frecuentes sobre la obtenci\u00f3n de registros de la compa\u00f1\u00eda de camiones despu\u00e9s de un accidente de cami\u00f3n en Philadelphia<\/a><\/li><li><a href=\"#other-resources-about-the-legal-process-evidence-in-truck-accident-claims\">Otros recursos sobre el proceso legal y las pruebas en las reclamaciones por accidentes de cami\u00f3n<\/a><\/li><\/ul><\/li><\/ul><\/nav><\/div>\n\n\n\n<h2 class=\"wp-block-heading\" id=\"why-trucking-company-records-matter-after-a-crash\">Por qu\u00e9 son importantes los registros de la empresa de transporte tras un accidente<\/h2>\n\n\n\n<p>Los registros de la compa\u00f1\u00eda de camiones son la clave para desentra\u00f1ar la verdad detr\u00e1s de muchos accidentes de camiones. Estos registros muestran detalles que podr\u00edan no ser obvios en el lugar de los hechos o en el informe policial. Por ejemplo, los libros de registro pueden revelar si un conductor trabaj\u00f3 demasiadas horas, que es una causa com\u00fan de accidentes de camiones relacionados con la fatiga. Los registros de mantenimiento pueden revelar si una empresa omiti\u00f3 reparaciones importantes. Los registros de contrataci\u00f3n y formaci\u00f3n pueden demostrar que la empresa puso en la carretera a un conductor no cualificado.<\/p>\n\n\n\n<p>Si usted o un ser querido ha sido herido en un accidente de cami\u00f3n, estos detalles se convierten en la columna vertebral de su demanda legal. Las compa\u00f1\u00edas de seguros y las empresas de camiones rara vez entregan estas pruebas sin luchar. Es por eso que trabajar con un&nbsp;<a href=\"https:\/\/www.myphillylawyer.com\/es\/areas-de-practica\/accidentes-de-trafico-2\/accidentes-de-camion\/\" target=\"_blank\" rel=\"noreferrer noopener\">Philadelphia abogado accidente cami\u00f3n<\/a>&nbsp;es tan importante. Saben qu\u00e9 registros buscar y c\u00f3mo exigirlos legalmente.<\/p>\n\n\n\n<h2 class=\"wp-block-heading\" id=\"steps-to-secure-trucking-company-records\">Pasos para asegurar los registros de una empresa de transporte<\/h2>\n\n\n\n<p>Despu\u00e9s de un accidente de cami\u00f3n en Philadelphia, su primer objetivo debe ser su salud y seguridad. Una vez que se cumplan las necesidades inmediatas, los pasos para obtener registros de la compa\u00f1\u00eda de camiones incluyen:<\/p>\n\n\n\n<ol class=\"wp-block-list\">\n<li><strong>Contactar con un abogado de accidentes de cami\u00f3n:<\/strong>\u00a0Inmediatamente despu\u00e9s del accidente, acuda a un\u00a0<a href=\"https:\/\/www.myphillylawyer.com\/es\/areas-de-practica\/accidentes-de-trafico-2\/accidentes-de-camion\/\" target=\"_blank\" rel=\"noreferrer noopener\">abogado de accidentes de cami\u00f3n en Philadelphia<\/a>. Pueden enviar lo que se llama una \"carta de expoliaci\u00f3n\" a la compa\u00f1\u00eda de camiones. Esta carta exige legalmente a la empresa que conserve todas las pruebas relacionadas con tu accidente.<\/li>\n\n\n\n<li><strong>Presentar una demanda (si es necesario):<\/strong>\u00a0Si la empresa se niega a entregar los documentos, es posible que tu abogado tenga que presentar una demanda. Esto les permite utilizar herramientas legales como las citaciones para obligar a la empresa a entregar pruebas.<\/li>\n\n\n\n<li><strong>Solicitud de registros espec\u00edficos:<\/strong>\u00a0Su equipo jur\u00eddico le pedir\u00e1 los diarios de conducci\u00f3n, los informes de inspecci\u00f3n, los datos del GPS, las grabaciones de la c\u00e1mara del salpicadero, los resultados de las pruebas de drogas y alcohol, los registros de mantenimiento y mucho m\u00e1s.<\/li>\n\n\n\n<li><strong>Seguimiento y revisi\u00f3n de las pruebas:<\/strong>\u00a0Una vez recibidos los registros, tu abogado los revisa en busca de indicios de incumplimiento de las normas o negligencia. Si la empresa de transporte se niega a proporcionarlos, podr\u00eda enfrentarse a sanciones en los tribunales.<\/li>\n<\/ol>\n\n\n\n<p>Recuerde que el tiempo no est\u00e1 de su parte. Las empresas de transporte est\u00e1n autorizadas a destruir ciertos registros despu\u00e9s de un per\u00edodo determinado. Llame a un&nbsp;<a href=\"https:\/\/www.myphillylawyer.com\/es\/zonas-atendidas\/conshohocken\/abogados-de-accidentes-de-camiones\/\" target=\"_blank\" rel=\"noreferrer noopener\">abogado de accidentes de cami\u00f3n<\/a>&nbsp;lo antes posible para empezar.<\/p>\n\n\n\n<h2 class=\"wp-block-heading\" id=\"key-types-of-trucking-company-records-to-request\">Principales tipos de registros de empresas de transporte que debe solicitar<\/h2>\n\n\n\n<p>No todos los documentos tienen el mismo valor en una reclamaci\u00f3n por accidente de cami\u00f3n. Estos son los documentos m\u00e1s importantes&nbsp;<a href=\"https:\/\/www.myphillylawyer.com\/es\/zonas-atendidas\/wayne\/abogados-de-accidentes-de-camiones-2\/\" target=\"_blank\" rel=\"noreferrer noopener\">abogado de lesiones de camiones<\/a>&nbsp;probablemente solicitar\u00e1:<\/p>\n\n\n\n<ul class=\"wp-block-list\">\n<li><strong>Libros de registro de conductores:<\/strong>\u00a0Demostrar si el conductor cumpli\u00f3 las normas sobre horas de servicio.<\/li>\n\n\n\n<li><strong>Registros de mantenimiento:<\/strong>\u00a0Revelar si el cami\u00f3n estaba revisado y era seguro.<\/li>\n\n\n\n<li><strong>Expedientes de contrataci\u00f3n y formaci\u00f3n:<\/strong>\u00a0Exponer a los conductores no cualificados o con una formaci\u00f3n deficiente.<\/li>\n\n\n\n<li><strong>Datos del registrador de datos de sucesos (caja negra):<\/strong>\u00a0Registra la velocidad, el frenado y otros datos de conducci\u00f3n en el momento del accidente.<\/li>\n\n\n\n<li><strong>Hojas de ruta y calendarios de entrega:<\/strong>\u00a0Ayudan a demostrar si el conductor estaba bajo presi\u00f3n para acelerar o saltarse los descansos.<\/li>\n\n\n\n<li><strong>Resultados de las pruebas de drogas y alcohol:<\/strong>\u00a0La ley federal exige la realizaci\u00f3n de pruebas tras un accidente grave.<\/li>\n\n\n\n<li><strong>Expedientes disciplinarios:<\/strong>\u00a0Puede mostrar un patr\u00f3n de comportamiento arriesgado o inseguro.<\/li>\n<\/ul>\n\n\n\n<p>Su abogado sabr\u00e1 qu\u00e9 registros son m\u00e1s \u00fatiles para su reclamaci\u00f3n y c\u00f3mo solicitarlos. Si no est\u00e1 seguro de por d\u00f3nde empezar, un&nbsp;<a href=\"https:\/\/www.myphillylawyer.com\/es\/\" target=\"_blank\" rel=\"noreferrer noopener\">Philadelphia abogado de lesiones personales<\/a>&nbsp;puede guiarte.<\/p>\n\n\n\n<h2 class=\"wp-block-heading\" id=\"the-role-of-your-attorney-in-getting-records\">El papel de su abogado en la obtenci\u00f3n de registros<\/h2>\n\n\n\n<p>Tratar con empresas de transporte por carretera no es f\u00e1cil. A menudo tienen grandes equipos jur\u00eddicos y compa\u00f1\u00edas de seguros que trabajan para limitar lo que pagan. A&nbsp;<a href=\"https:\/\/www.myphillylawyer.com\/es\/zonas-atendidas\/norristown\/abogados-de-accidentes-de-camiones-2\/\" target=\"_blank\" rel=\"noreferrer noopener\">abogado de accidente de cami\u00f3n<\/a>&nbsp;act\u00faa como su abogado desde el primer d\u00eda. Ellos saben c\u00f3mo escribir cartas de demanda fuertes, presentar mociones judiciales, y el uso de citaciones para conseguir lo que necesita.<\/p>\n\n\n\n<p>En muchos casos, las empresas de transporte por carretera se retrasar\u00e1 o negar las solicitudes de registros. Un abogado entiende los trucos que utilizan estas empresas para eludir su responsabilidad. Si la empresa intenta destruir los registros, su abogado puede pedir al tribunal que los sancione. Esto puede incluso ayudar a su caso en el juicio.<\/p>\n\n\n\n<p>Su abogado de accidentes tambi\u00e9n trabaja con expertos que pueden analizar los registros en busca de indicios de infracciones. Por ejemplo, un mec\u00e1nico puede encontrar pruebas de reparaciones atrasadas, mientras que un experto en seguridad de camiones puede detectar problemas en los registros del conductor. Este nivel de apoyo es casi imposible de conseguir por su cuenta.<\/p>\n\n\n\n<h2 class=\"wp-block-heading\" id=\"what-to-do-if-trucking-company-records-are-missing-or-destroyed\">Qu\u00e9 hacer si los registros de la empresa de transporte faltan o se destruyen<\/h2>\n\n\n\n<p>A veces, las empresas de transporte borran o pierden registros. Las leyes federales y estatales les obligan a mantener ciertos documentos, pero no para siempre. Si los registros cr\u00edticos faltan despu\u00e9s de su accidente, esto en realidad podr\u00eda trabajar en su favor.<\/p>\n\n\n\n<p>A los tribunales no les gusta que las empresas destruyan pruebas. Si su&nbsp;<a href=\"https:\/\/www.myphillylawyer.com\/es\/zonas-atendidas\/arboleda-de-sauces\/abogados-de-accidentes-de-camiones\/\" target=\"_blank\" rel=\"noreferrer noopener\">abogados de lesiones de camiones<\/a>&nbsp;puede demostrar que la empresa se deshizo de documentos importantes a prop\u00f3sito, el juez puede dar instrucciones especiales al jurado. Esto se llama \"instrucci\u00f3n de expoliaci\u00f3n\" y puede ayudarle a ganar el caso. Pero para obtener esta protecci\u00f3n, hay que actuar con rapidez despu\u00e9s de un accidente, por lo que es esencial hablar pronto con un abogado.<\/p>\n\n\n\n<p>Su abogado tambi\u00e9n buscar\u00e1 otras formas de probar su caso. Por ejemplo, si faltan los libros de registro, podr\u00edan utilizar registros de tel\u00e9fonos m\u00f3viles, datos de GPS o declaraciones de testigos. Incluso si la empresa destruye algunos registros, a menudo hay otras fuentes de pruebas que pueden ayudar.<\/p>\n\n\n\n<h2 class=\"wp-block-heading\" id=\"frequently-asked-questions-about-obtaining-trucking-company-records-after-a-truck-accident-in-philadelphia\">Preguntas frecuentes sobre la obtenci\u00f3n de registros de la compa\u00f1\u00eda de camiones despu\u00e9s de un accidente de cami\u00f3n en Philadelphia<\/h2>\n\n\n\n<p><strong>\u00bfCu\u00e1ndo debo solicitar los registros de la empresa de transporte despu\u00e9s de un accidente de cami\u00f3n en Philadelphia?<\/strong><\/p>\n\n\n\n<p>Usted debe solicitar estos registros tan pronto como sea posible despu\u00e9s de un accidente. Las empresas de transporte s\u00f3lo est\u00e1n obligadas a mantener algunos registros durante un corto per\u00edodo de tiempo, a veces s\u00f3lo seis meses. Esperar demasiado puede significar que documentos importantes se pierdan para siempre. P\u00f3ngase en contacto con un&nbsp;<a href=\"https:\/\/www.myphillylawyer.com\/es\/areas-de-practica\/accidentes-de-trafico-2\/accidentes-de-camion\/\" target=\"_blank\" rel=\"noreferrer noopener\">Philadelphia abogado accidente cami\u00f3n<\/a>&nbsp;de inmediato garantiza que no se escape nada valioso.<\/p>\n\n\n\n<p><strong>\u00bfY si la empresa de transporte se niega a entregar los registros?<\/strong><\/p>\n\n\n\n<p>Si una empresa de transporte no proporciona registros, su&nbsp;<a href=\"https:\/\/www.myphillylawyer.com\/es\/areas-de-practica\/accidentes-de-trafico-2\/accidentes-de-camion\/\" target=\"_blank\" rel=\"noreferrer noopener\">abogado de accidentes de cami\u00f3n en Philadelphia<\/a>&nbsp;puede recurrir a acciones legales para forzar el cumplimiento. Esto puede incluir \u00f3rdenes judiciales o citaciones. Si la empresa sigue sin cumplir, el tribunal puede sancionarla o incluso fallar a tu favor.<\/p>\n\n\n\n<p><strong>\u00bfQu\u00e9 tipo de registros pueden ayudar a mi caso de accidente de cami\u00f3n?<\/strong><\/p>\n\n\n\n<p>Los registros que muestran las horas del conductor, el historial de mantenimiento del cami\u00f3n, los expedientes de contrataci\u00f3n y formaci\u00f3n, los resultados de las pruebas de drogas y alcohol y los datos de la caja negra son fundamentales. Estos documentos pueden revelar fatiga del conductor, mal estado del veh\u00edculo o infracciones de las normas de seguridad, todo lo cual respalda su demanda por lesiones personales.<\/p>\n\n\n\n<p><strong>\u00bfPuedo obtener los registros de la empresa de transporte sin un abogado?<\/strong><\/p>\n\n\n\n<p>Conseguir registros por su cuenta es muy dif\u00edcil. Las empresas de transporte son mucho m\u00e1s propensas a responder cuando un&nbsp;<a href=\"https:\/\/www.myphillylawyer.com\/es\/zonas-atendidas\/upper-darby\/abogados-de-accidentes-de-camiones-2\/\" target=\"_blank\" rel=\"noreferrer noopener\">abogado de accidentes de cami\u00f3n<\/a>&nbsp;est\u00e1 implicado. Los abogados conocen los pasos legales que hay que dar y pueden actuar con rapidez para preservar las pruebas antes de que desaparezcan. Si quiere proteger sus derechos, lo mejor es contar con un profesional del Derecho.<\/p>\n\n\n\n<h2 class=\"wp-block-heading\" id=\"other-resources-about-the-legal-process-evidence-in-truck-accident-claims\">Otros recursos sobre el proceso legal y las pruebas en las reclamaciones por accidentes de cami\u00f3n<\/h2>\n\n\n\n<ul class=\"wp-block-list\">\n<li><a href=\"https:\/\/www.myphillylawyer.com\/es\/areas-de-practica\/accidentes-de-trafico-2\/accidentes-de-camion\/paso-a-paso-como-funciona-una-reclamacion-por-accidente-de-camion-en-filadelfia\/\">Paso a paso: c\u00f3mo funciona una reclamaci\u00f3n por accidente de cami\u00f3n en Philadelphia<\/a><\/li>\n\n\n\n<li><a href=\"https:\/\/www.myphillylawyer.com\/es\/areas-de-practica\/accidentes-de-trafico-2\/accidentes-de-camion\/calendario-de-litigios-por-accidentes-de-camiones-en-filadelfia\/\">Calendario de litigios por accidentes de camiones Philadelphia<\/a><\/li>\n\n\n\n<li><a href=\"https:\/\/www.myphillylawyer.com\/es\/areas-de-practica\/accidentes-de-trafico-2\/accidentes-de-camion\/como-tratar-con-los-peritos-de-seguros-tras-un-accidente-de-camion-en-filadelfia\/\">C\u00f3mo tratar con los peritos de seguros despu\u00e9s de un accidente de cami\u00f3n en Philadelphia<\/a><\/li>\n\n\n\n<li><a href=\"https:\/\/www.myphillylawyer.com\/es\/areas-de-practica\/accidentes-de-trafico-2\/accidentes-de-camion\/defensas-comunes-que-las-companias-de-camiones-usan-en-casos-de-accidentes-de-camiones-en-filadelfia\/\">Defensas comunes que las empresas de transporte utilizan en casos de accidentes de camiones Philadelphia<\/a><\/li>\n\n\n\n<li><a href=\"https:\/\/www.myphillylawyer.com\/es\/areas-de-practica\/accidentes-de-trafico-2\/accidentes-de-camion\/papel-de-los-expertos-en-reconstruccion-de-accidentes-en-filadelfia\/\">Papel de los expertos en reconstrucci\u00f3n de accidentes en Philadelphia<\/a><\/li>\n\n\n\n<li><a href=\"https:\/\/www.myphillylawyer.com\/es\/areas-de-practica\/accidentes-de-trafico-2\/accidentes-de-camion\/como-afectan-los-informes-policiales-a-los-casos-de-accidentes-de-camion\/\">C\u00f3mo influyen los informes policiales en los casos de accidente de cami\u00f3n Philadelphia<\/a><\/li>\n\n\n\n<li><a href=\"https:\/\/www.myphillylawyer.com\/es\/areas-de-practica\/accidentes-de-trafico-2\/accidentes-de-camion\/citacion-de-registros-de-conductores-y-registros-de-mantenimiento\/\">Citaci\u00f3n de registros de conductores y registros de mantenimiento despu\u00e9s de un accidente de cami\u00f3n Philadelphia<\/a><\/li>\n\n\n\n<li><strong>C\u00f3mo obtener los registros de la compa\u00f1\u00eda de camiones despu\u00e9s de un accidente Philadelphia<\/strong><\/li>\n\n\n\n<li><a href=\"https:\/\/www.myphillylawyer.com\/es\/areas-de-practica\/accidentes-de-trafico-2\/accidentes-de-camion\/importancia-del-registrador-de-datos-de-eventos-de-la-caja-negra-de-los-camiones\/\">Importancia de la caja negra del cami\u00f3n en Philadelphia<\/a><\/li>\n\n\n\n<li><a href=\"https:\/\/www.myphillylawyer.com\/es\/areas-de-practica\/accidentes-de-trafico-2\/accidentes-de-camion\/que-pruebas-son-cruciales-tras-un-accidente-de-camion\/\">\u00bfQu\u00e9 pruebas son cruciales despu\u00e9s de un accidente de cami\u00f3n Philadelphia?<\/a><\/li>\n<\/ul>","protected":false},"excerpt":{"rendered":"<p>C\u00f3mo obtener los registros de la compa\u00f1\u00eda de camiones despu\u00e9s de un accidente Philadelphia Si usted ha estado en un accidente de cami\u00f3n en Philadelphia, saber c\u00f3mo obtener los registros de la compa\u00f1\u00eda de camiones es un paso crucial en la construcci\u00f3n de su caso. Las empresas de transporte mantienen muchos registros relacionados con sus veh\u00edculos, conductores y operaciones. Estos documentos pueden ayudar a probar la negligencia y mostrar c\u00f3mo...<\/p>","protected":false},"author":14,"featured_media":0,"parent":247,"menu_order":0,"comment_status":"closed","ping_status":"closed","template":"","meta":{"_acf_changed":false,"footnotes":""},"class_list":["post-14057","page","type-page","status-publish","hentry"],"acf":[],"jetpack_sharing_enabled":true,"_links":{"self":[{"href":"https:\/\/www.myphillylawyer.com\/es\/wp-json\/wp\/v2\/pages\/14057","targetHints":{"allow":["GET"]}}],"collection":[{"href":"https:\/\/www.myphillylawyer.com\/es\/wp-json\/wp\/v2\/pages"}],"about":[{"href":"https:\/\/www.myphillylawyer.com\/es\/wp-json\/wp\/v2\/types\/page"}],"author":[{"embeddable":true,"href":"https:\/\/www.myphillylawyer.com\/es\/wp-json\/wp\/v2\/users\/14"}],"replies":[{"embeddable":true,"href":"https:\/\/www.myphillylawyer.com\/es\/wp-json\/wp\/v2\/comments?post=14057"}],"version-history":[{"count":3,"href":"https:\/\/www.myphillylawyer.com\/es\/wp-json\/wp\/v2\/pages\/14057\/revisions"}],"predecessor-version":[{"id":14140,"href":"https:\/\/www.myphillylawyer.com\/es\/wp-json\/wp\/v2\/pages\/14057\/revisions\/14140"}],"up":[{"embeddable":true,"href":"https:\/\/www.myphillylawyer.com\/es\/wp-json\/wp\/v2\/pages\/247"}],"wp:attachment":[{"href":"https:\/\/www.myphillylawyer.com\/es\/wp-json\/wp\/v2\/media?parent=14057"}],"curies":[{"name":"wp","href":"https:\/\/api.w.org\/{rel}","templated":true}]}}