{"id":14149,"date":"2025-10-17T13:07:46","date_gmt":"2025-10-17T18:07:46","guid":{"rendered":"https:\/\/www.myphillylawyer.com\/?page_id=14149"},"modified":"2025-10-17T13:47:00","modified_gmt":"2025-10-17T18:47:00","slug":"lesiones-medulares-y-paralisis-tras-accidentes-de-camion-en-filadelfia","status":"publish","type":"page","link":"https:\/\/www.myphillylawyer.com\/es\/areas-de-practica\/accidentes-de-trafico-2\/accidentes-de-camion\/lesiones-medulares-y-paralisis-tras-accidentes-de-camion-en-filadelfia\/","title":{"rendered":"Lesiones medulares y par\u00e1lisis tras accidentes de cami\u00f3n Philadelphia"},"content":{"rendered":"<h1 class=\"wp-block-heading\" id=\"spinal-cord-and-paralysis-injuries-after-philadelphia-truck-accidents\">Lesiones medulares y par\u00e1lisis tras accidentes de cami\u00f3n Philadelphia<\/h1>\n\n\n\n<p>Los accidentes de cami\u00f3n en Philadelphia pueden poner la vida patas arriba. Cuando un accidente involucra a un gran cami\u00f3n comercial, el da\u00f1o es a menudo grave. El cuerpo humano no es rival para una cabeza tractora o un cami\u00f3n de reparto. Uno de los tipos de lesiones m\u00e1s graves que pueden producirse es una lesi\u00f3n de la m\u00e9dula espinal, que puede provocar par\u00e1lisis. Si usted o un ser querido sufre un traumatismo de este tipo, debe conocer sus derechos y sus opciones de recuperaci\u00f3n econ\u00f3mica. A&nbsp;<a href=\"https:\/\/www.myphillylawyer.com\/es\/areas-de-practica\/accidentes-de-trafico-2\/accidentes-de-camion\/\" target=\"_blank\" rel=\"noreferrer noopener\">Philadelphia abogado accidente cami\u00f3n<\/a>&nbsp;entiende c\u00f3mo estas lesiones pueden cambiar la vida y est\u00e1 listo para ayudarle a buscar justicia.<\/p>\n\n\n\n<div class=\"wp-block-rank-math-toc-block\" id=\"rank-math-toc\"><h2>\u00cdndice<\/h2><nav><ul><li><a href=\"#spinal-cord-and-paralysis-injuries-after-philadelphia-truck-accidents\">Lesiones medulares y par\u00e1lisis tras accidentes de cami\u00f3n Philadelphia<\/a><ul><li><a href=\"#the-impact-of-truck-accidents-on-the-spine\">El impacto de los accidentes de cami\u00f3n en la columna vertebral<\/a><\/li><li><a href=\"#what-causes-spinal-cord-injuries-in-truck-crashes\">\u00bfCu\u00e1les son las causas de las lesiones medulares en los accidentes de cami\u00f3n?<\/a><\/li><li><a href=\"#how-a-philadelphia-truck-accident-lawyer-can-help\">C\u00f3mo puede ayudar un abogado de accidentes de cami\u00f3n Philadelphia<\/a><\/li><li><a href=\"#the-long-term-costs-of-spinal-cord-injuries\">Costes a largo plazo de las lesiones medulares<\/a><\/li><li><a href=\"#your-legal-rights-after-a-truck-accident-in-philadelphia\">Sus derechos legales despu\u00e9s de un accidente de cami\u00f3n en Philadelphia<\/a><\/li><li><a href=\"#frequently-asked-questions-about-spinal-cord-and-paralysis-injuries-after-philadelphia-truck-accidents\">Preguntas frecuentes sobre lesiones medulares y par\u00e1lisis tras accidentes de cami\u00f3n Philadelphia<\/a><\/li><li><a href=\"#other-resources-about-injuries-medical-impact-after-a-truck-accident\">Otros recursos acerca de las lesiones y el impacto m\u00e9dico despu\u00e9s de un accidente de cami\u00f3n<\/a><\/li><\/ul><\/li><\/ul><\/nav><\/div>\n\n\n\n<h2 class=\"wp-block-heading\" id=\"the-impact-of-truck-accidents-on-the-spine\">El impacto de los accidentes de cami\u00f3n en la columna vertebral<\/h2>\n\n\n\n<p>Los accidentes de cami\u00f3n suelen causar muchos m\u00e1s da\u00f1os que los accidentes de coche normales. El tama\u00f1o y el peso de los camiones hacen que incluso las colisiones a baja velocidad sean peligrosas. La fuerza con la que un cami\u00f3n golpea a un coche o a un peat\u00f3n puede aplastar huesos, desgarrar m\u00fasculos y, lo que es m\u00e1s grave, lesionar la m\u00e9dula espinal.<\/p>\n\n\n\n<p>Una lesi\u00f3n medular suele significar que una parte del cuerpo pierde movimiento o sensibilidad. Estas lesiones pueden producirse en cuesti\u00f3n de segundos y cambiarlo todo. Por ejemplo, un cami\u00f3n de reparto que se salta una se\u00f1al de stop en Center City puede provocar un choque por alcance y lanzar al conductor contra su asiento con tanta fuerza que se fracture las v\u00e9rtebras. A veces, una v\u00edctima puede no sentir los efectos completos de inmediato, pero con el paso de las horas, pierde la sensibilidad o el control de sus extremidades.<\/p>\n\n\n\n<p>La par\u00e1lisis puede ser total o parcial. Puede afectar s\u00f3lo a las piernas (paraplejia) o a ambos brazos y piernas (tetraplejia). Estas lesiones suelen requerir cirug\u00eda, fisioterapia y cuidados m\u00e9dicos a largo plazo. Algunas personas pueden necesitar sillas de ruedas o modificaciones en el hogar. Los costes pueden ascender r\u00e1pidamente a cientos de miles de d\u00f3lares.<\/p>\n\n\n\n<h2 class=\"wp-block-heading\" id=\"what-causes-spinal-cord-injuries-in-truck-crashes\">\u00bfCu\u00e1les son las causas de las lesiones medulares en los accidentes de cami\u00f3n?<\/h2>\n\n\n\n<p>Muchos factores en un accidente de cami\u00f3n pueden provocar lesiones medulares. En el Philadelphia, los accidentes de cami\u00f3n pueden implicar exceso de velocidad, conducci\u00f3n distra\u00edda, cambios de carril indebidos o camiones que no ceden el paso. A veces, las empresas hacen recortes en el mantenimiento o los conductores sobrepasan los l\u00edmites legales de horas al volante.<\/p>\n\n\n\n<p>Cuando un accidente arroja a alguien de su coche o aplasta su veh\u00edculo, la columna vertebral absorbe enormes cantidades de fuerza. Esto puede dislocar v\u00e9rtebras, aplastar discos o incluso seccionar la m\u00e9dula espinal. Aunque los dispositivos de protecci\u00f3n, como los cinturones de seguridad y los airbags, funcionan, no siempre pueden evitar lesiones graves de espalda o cuello cuando hay camiones implicados.<\/p>\n\n\n\n<p>Tambi\u00e9n es frecuente que las v\u00edctimas sufran varias lesiones a la vez. Las hemorragias internas, las lesiones en la cabeza y los huesos rotos pueden complicar la atenci\u00f3n inmediata. Si usted o alguien que conoce resulta herido en un accidente de cami\u00f3n, es vital obtener ayuda m\u00e9dica de inmediato. El siguiente paso debe ser ponerse en contacto con un&nbsp;<a href=\"https:\/\/www.myphillylawyer.com\/es\/areas-de-practica\/accidentes-de-trafico-2\/accidentes-de-camion\/\" target=\"_blank\" rel=\"noreferrer noopener\">abogado de accidentes de cami\u00f3n en Philadelphia<\/a>&nbsp;proteger sus derechos legales.<\/p>\n\n\n\n<h2 class=\"wp-block-heading\" id=\"how-a-philadelphia-truck-accident-lawyer-can-help\">C\u00f3mo puede ayudar un abogado de accidentes de cami\u00f3n Philadelphia<\/h2>\n\n\n\n<p>Los casos de accidentes de cami\u00f3n son diferentes de otros accidentes de coche. Las compa\u00f1\u00edas de camiones tienen ajustadores de seguros y abogados que se mueven r\u00e1pidamente para proteger sus intereses. Como v\u00edctima, usted necesita a alguien de su lado que conozca las reglas y las t\u00e1cticas que la otra parte podr\u00eda utilizar. A&nbsp;<a href=\"https:\/\/www.myphillylawyer.com\/es\/\" target=\"_blank\" rel=\"noreferrer noopener\">Philadelphia abogado de lesiones personales<\/a>&nbsp;puede recopilar pruebas, revisar informes policiales, hablar con testigos y obtener registros de las empresas de transporte por carretera, como libros de registro y archivos de mantenimiento.<\/p>\n\n\n\n<p>Su abogado tambi\u00e9n se encarga de las comunicaciones con las aseguradoras. Las compa\u00f1\u00edas de seguros pueden intentar que usted llegue a un acuerdo por menos de lo que se merece. Podr\u00edan argumentar que sus lesiones ya exist\u00edan antes del accidente o culparle a usted de causarlo. Un abogado experto&nbsp;<a href=\"https:\/\/www.myphillylawyer.com\/es\/zonas-atendidas\/bensalem\/abogados-de-accidentes-de-camiones-2\/\" target=\"_blank\" rel=\"noreferrer noopener\">abogado de lesiones de camiones<\/a>&nbsp;luchar\u00e1 por una indemnizaci\u00f3n completa, incluyendo las facturas m\u00e9dicas pasadas y futuras, los salarios perdidos, el dolor y el sufrimiento, y cualquier cuidado vitalicio necesario.<\/p>\n\n\n\n<p>Estos casos tambi\u00e9n tienen plazos estrictos. La ley de Pensilvania limita el tiempo que tiene para presentar una reclamaci\u00f3n. No espere. Cuanto antes hable con un&nbsp;<a href=\"https:\/\/www.myphillylawyer.com\/es\/zonas-atendidas\/conshohocken\/abogados-de-accidentes-de-camiones\/\" target=\"_blank\" rel=\"noreferrer noopener\">abogado de accidentes de cami\u00f3n<\/a>m\u00e1s posibilidades tendr\u00e1 de proteger sus derechos y su futuro financiero.<\/p>\n\n\n\n<h2 class=\"wp-block-heading\" id=\"the-long-term-costs-of-spinal-cord-injuries\">Costes a largo plazo de las lesiones medulares<\/h2>\n\n\n\n<p>Vivir con una lesi\u00f3n medular o una par\u00e1lisis plantea retos que van mucho m\u00e1s all\u00e1 de la primera estancia en el hospital. Muchas v\u00edctimas necesitan fisioterapia, dispositivos de asistencia, reformas en el hogar y, a veces, cuidados de por vida. Los gastos m\u00e9dicos pueden prolongarse durante a\u00f1os, y muchas personas no pueden volver a su trabajo anterior.<\/p>\n\n\n\n<p>A&nbsp;<a href=\"https:\/\/www.myphillylawyer.com\/es\/zonas-atendidas\/jenkintown\/abogados-de-accidentes-de-camiones-2\/\" target=\"_blank\" rel=\"noreferrer noopener\">abogado de accidente de cami\u00f3n<\/a>&nbsp;puede trabajar con expertos m\u00e9dicos para calcular los costes futuros. Pueden tener en cuenta el tratamiento en curso, la medicaci\u00f3n, las ayudas sanitarias a domicilio y la p\u00e9rdida de capacidad para obtener ingresos. Si un miembro de la familia debe dejar de trabajar para convertirse en cuidador, estos da\u00f1os tambi\u00e9n pueden incluirse en su reclamaci\u00f3n.<\/p>\n\n\n\n<p>No se trata s\u00f3lo de facturas m\u00e9dicas. Las v\u00edctimas suelen sufrir angustia emocional, ansiedad y depresi\u00f3n. Las familias pueden necesitar asesoramiento para afrontar los cambios. Pedir una indemnizaci\u00f3n completa ayuda a cubrir tanto las p\u00e9rdidas econ\u00f3micas como las emocionales.<\/p>\n\n\n\n<h2 class=\"wp-block-heading\" id=\"your-legal-rights-after-a-truck-accident-in-philadelphia\">Sus derechos legales despu\u00e9s de un accidente de cami\u00f3n en Philadelphia<\/h2>\n\n\n\n<p>La ley de Pennsylvania permite a las v\u00edctimas de accidentes de camiones recuperar los da\u00f1os de las personas y empresas responsables. Si un conductor de cami\u00f3n, empresa de transporte por carretera, u otra parte caus\u00f3 su lesi\u00f3n, usted puede buscar dinero por sus p\u00e9rdidas. Usted no tiene que enfrentar estos desaf\u00edos solo.<\/p>\n\n\n\n<p>Tanto si ha sufrido una lesi\u00f3n medular, una par\u00e1lisis u otro da\u00f1o grave, un&nbsp;<a href=\"https:\/\/www.myphillylawyer.com\/es\/zonas-atendidas\/norristown\/abogados-de-accidentes-de-camiones-2\/\" target=\"_blank\" rel=\"noreferrer noopener\">abogado de accidente de cami\u00f3n<\/a>&nbsp;puede guiarle a lo largo del proceso. Revisar\u00e1n tu caso, te explicar\u00e1n tus opciones y luchar\u00e1n por la indemnizaci\u00f3n que mereces.<\/p>\n\n\n\n<p>Usted tiene derecho a exigir responsabilidades a los conductores y empresas negligentes. Las empresas de transporte tienen la obligaci\u00f3n de formar a los conductores, mantener los veh\u00edculos y seguir las normas de seguridad. Cuando fallan y alguien resulta herido, la ley est\u00e1 de tu lado.<\/p>\n\n\n\n<h2 class=\"wp-block-heading\" id=\"frequently-asked-questions-about-spinal-cord-and-paralysis-injuries-after-philadelphia-truck-accidents\">Preguntas frecuentes sobre lesiones medulares y par\u00e1lisis tras accidentes de cami\u00f3n Philadelphia<\/h2>\n\n\n\n<p><strong>\u00bfQu\u00e9 debo hacer si he sufrido una lesi\u00f3n medular en un accidente de cami\u00f3n Philadelphia?<\/strong><br>Busca atenci\u00f3n m\u00e9dica de inmediato. Aunque al principio te encuentres bien, las lesiones medulares pueden empeorar con el tiempo. Despu\u00e9s de recibir tratamiento, ponte en contacto con un&nbsp;<a href=\"https:\/\/www.myphillylawyer.com\/es\/areas-de-practica\/accidentes-de-trafico-2\/accidentes-de-camion\/\" target=\"_blank\" rel=\"noreferrer noopener\">Philadelphia abogado accidente cami\u00f3n<\/a>. Pueden ayudarle a conocer sus derechos, empezar a reunir pruebas y tratar con las compa\u00f1\u00edas de seguros.<\/p>\n\n\n\n<p><strong>\u00bfCu\u00e1nto vale mi caso de lesi\u00f3n medular tras un accidente de cami\u00f3n en Philadelphia?<\/strong><br>El valor depende de sus gastos m\u00e9dicos, salarios perdidos, c\u00f3mo la lesi\u00f3n afecta a su vida, y el nivel de culpa de la compa\u00f1\u00eda de camiones. Un abogado&nbsp;<a href=\"https:\/\/www.myphillylawyer.com\/es\/zonas-atendidas\/upper-darby\/abogados-de-accidentes-de-camiones-2\/\" target=\"_blank\" rel=\"noreferrer noopener\">abogado de accidente de cami\u00f3n<\/a>&nbsp;puede revisar su caso, consultar con expertos m\u00e9dicos y ayudarle a buscar la m\u00e1xima indemnizaci\u00f3n posible.<\/p>\n\n\n\n<p><strong>\u00bfPuedo demandar a la empresa de transporte por mi lesi\u00f3n por par\u00e1lisis?<\/strong><br>S\u00ed, si la empresa o su conductor fueron negligentes. Esto podr\u00eda incluir cosas como un mantenimiento deficiente, obligar a los conductores a trabajar demasiadas horas o contratar a conductores no cualificados. Un conductor cualificado&nbsp;<a href=\"https:\/\/www.myphillylawyer.com\/es\/zonas-atendidas\/wayne\/abogados-de-accidentes-de-camiones-2\/\" target=\"_blank\" rel=\"noreferrer noopener\">abogado de lesiones de camiones<\/a>&nbsp;investigar\u00e1 para encontrar a todos los responsables y presentar demandas contra ellos.<\/p>\n\n\n\n<p><strong>\u00bfQu\u00e9 pasa si la compa\u00f1\u00eda de seguros me ofrece un acuerdo r\u00e1pido despu\u00e9s de mi accidente de cami\u00f3n?<\/strong><br>Tenga cuidado. Las compa\u00f1\u00edas de seguros suelen ofrecer acuerdos r\u00e1pidos que no cubren todas tus necesidades, sobre todo en caso de lesiones graves como la par\u00e1lisis. Antes de firmar nada, hable con un&nbsp;<a href=\"https:\/\/www.myphillylawyer.com\/es\/\" target=\"_blank\" rel=\"noreferrer noopener\">Philadelphia abogado de lesiones personales<\/a>&nbsp;que puede asegurarse de que reciba toda la indemnizaci\u00f3n a la que tiene derecho.<\/p>\n\n\n\n<h2 class=\"wp-block-heading\" id=\"other-resources-about-injuries-medical-impact-after-a-truck-accident\">Otros recursos acerca de las lesiones y el impacto m\u00e9dico despu\u00e9s de un accidente de cami\u00f3n<\/h2>\n\n\n\n<ul class=\"wp-block-list\">\n<li><a href=\"https:\/\/www.myphillylawyer.com\/es\/areas-de-practica\/accidentes-de-trafico-2\/accidentes-de-camion\/perdida-de-ingresos-y-capacidad-de-ganancia-despues-de-un-accidente-de-camion-en-filadelfia\/\">P\u00e9rdida de ingresos y capacidad de ganancia tras un accidente de cami\u00f3n en Philadelphia<\/a><\/li>\n\n\n\n<li><a href=\"https:\/\/www.myphillylawyer.com\/es\/areas-de-practica\/accidentes-de-trafico-2\/accidentes-de-camion\/rehabilitacion-y-recuperacion-a-largo-plazo-tras-un-accidente-de-camion-en-filadelfia\/\">Rehabilitaci\u00f3n y recuperaci\u00f3n a largo plazo tras un accidente de cami\u00f3n Philadelphia<\/a><\/li>\n\n\n\n<li><a href=\"https:\/\/www.myphillylawyer.com\/es\/areas-de-practica\/accidentes-de-trafico-2\/accidentes-de-camion\/trastorno-de-estres-postraumatico-y-angustia-emocional-tras-un-accidente-de-camion-en-filadelfia\/\">TEPT y angustia emocional tras un accidente de cami\u00f3n Philadelphia<\/a><\/li>\n\n\n\n<li><a href=\"https:\/\/www.myphillylawyer.com\/es\/areas-de-practica\/accidentes-de-trafico-2\/accidentes-de-camion\/lesiones-por-quemaduras-de-accidentes-de-camiones-en-filadelfia\/\">Quemaduras por accidente de cami\u00f3n en Philadelphia<\/a><\/li>\n\n\n\n<li><a href=\"https:\/\/www.myphillylawyer.com\/es\/areas-de-practica\/accidentes-de-trafico-2\/accidentes-de-camion\/demandas-por-homicidio-culposo-en-accidentes-de-camiones-de-filadelfia\/\">Reclamaciones por homicidio culposo en accidentes de camiones Philadelphia<\/a><\/li>\n\n\n\n<li><a href=\"https:\/\/www.myphillylawyer.com\/es\/areas-de-practica\/accidentes-de-trafico-2\/accidentes-de-camion\/trauma-psicologico-tras-un-accidente-de-camion-en-filadelfia\/\">Trauma psicol\u00f3gico tras un accidente de cami\u00f3n en Philadelphia<\/a><\/li>\n\n\n\n<li><a href=\"https:\/\/www.myphillylawyer.com\/es\/areas-de-practica\/accidentes-de-trafico-2\/accidentes-de-camion\/lesiones-ortopedicas-graves-por-accidentes-de-camion-en-filadelfia\/\">Lesiones ortop\u00e9dicas graves por accidentes de cami\u00f3n Philadelphia<\/a><\/li>\n\n\n\n<li><strong>Lesiones medulares y par\u00e1lisis tras accidentes de cami\u00f3n Philadelphia<\/strong><\/li>\n\n\n\n<li><a href=\"https:\/\/www.myphillylawyer.com\/es\/areas-de-practica\/accidentes-de-trafico-2\/accidentes-de-camion\/lesiones-comunes-en-accidentes-de-camiones-en-filadelfia\/\">Lesiones comunes en accidentes de cami\u00f3n en Philadelphia<\/a><\/li>\n\n\n\n<li><a href=\"https:\/\/www.myphillylawyer.com\/es\/areas-de-practica\/accidentes-de-trafico-2\/accidentes-de-camion\/lesiones-cerebrales-traumaticas-por-accidentes-de-camion-en-filadelfia\/\">Da\u00f1o cerebral traum\u00e1tico por accidente de cami\u00f3n en Philadelphia<\/a><\/li>\n<\/ul>","protected":false},"excerpt":{"rendered":"<p>Lesiones de m\u00e9dula espinal y par\u00e1lisis tras accidentes de cami\u00f3n en Philadelphia Los accidentes de cami\u00f3n en Philadelphia pueden poner la vida patas arriba. Cuando un accidente involucra a un gran cami\u00f3n comercial, el da\u00f1o es a menudo grave. El cuerpo humano no es rival para una cabeza tractora o un cami\u00f3n de reparto. Uno de los tipos de lesiones m\u00e1s graves que pueden ocurrir es...<\/p>","protected":false},"author":14,"featured_media":0,"parent":247,"menu_order":0,"comment_status":"closed","ping_status":"closed","template":"","meta":{"_acf_changed":false,"footnotes":""},"class_list":["post-14149","page","type-page","status-publish","hentry"],"acf":[],"jetpack_sharing_enabled":true,"_links":{"self":[{"href":"https:\/\/www.myphillylawyer.com\/es\/wp-json\/wp\/v2\/pages\/14149","targetHints":{"allow":["GET"]}}],"collection":[{"href":"https:\/\/www.myphillylawyer.com\/es\/wp-json\/wp\/v2\/pages"}],"about":[{"href":"https:\/\/www.myphillylawyer.com\/es\/wp-json\/wp\/v2\/types\/page"}],"author":[{"embeddable":true,"href":"https:\/\/www.myphillylawyer.com\/es\/wp-json\/wp\/v2\/users\/14"}],"replies":[{"embeddable":true,"href":"https:\/\/www.myphillylawyer.com\/es\/wp-json\/wp\/v2\/comments?post=14149"}],"version-history":[{"count":4,"href":"https:\/\/www.myphillylawyer.com\/es\/wp-json\/wp\/v2\/pages\/14149\/revisions"}],"predecessor-version":[{"id":14206,"href":"https:\/\/www.myphillylawyer.com\/es\/wp-json\/wp\/v2\/pages\/14149\/revisions\/14206"}],"up":[{"embeddable":true,"href":"https:\/\/www.myphillylawyer.com\/es\/wp-json\/wp\/v2\/pages\/247"}],"wp:attachment":[{"href":"https:\/\/www.myphillylawyer.com\/es\/wp-json\/wp\/v2\/media?parent=14149"}],"curies":[{"name":"wp","href":"https:\/\/api.w.org\/{rel}","templated":true}]}}