{"id":14151,"date":"2025-10-17T13:07:51","date_gmt":"2025-10-17T18:07:51","guid":{"rendered":"https:\/\/www.myphillylawyer.com\/?page_id=14151"},"modified":"2025-10-17T13:47:38","modified_gmt":"2025-10-17T18:47:38","slug":"trauma-psicologico-tras-un-accidente-de-camion-en-filadelfia","status":"publish","type":"page","link":"https:\/\/www.myphillylawyer.com\/es\/areas-de-practica\/accidentes-de-trafico-2\/accidentes-de-camion\/trauma-psicologico-tras-un-accidente-de-camion-en-filadelfia\/","title":{"rendered":"Trauma psicol\u00f3gico tras un accidente de cami\u00f3n en Philadelphia"},"content":{"rendered":"<h1 class=\"wp-block-heading\" id=\"psychological-trauma-after-a-truck-crash-in-philadelphia\">Trauma psicol\u00f3gico tras un accidente de cami\u00f3n en Philadelphia<\/h1>\n\n\n\n<p>Cuando se produce un accidente de cami\u00f3n en el Philadelphia, la mayor\u00eda de la gente se centra en las lesiones visibles: huesos rotos, cortes y magulladuras. Pero el impacto suele ser mucho m\u00e1s profundo. El trauma psicol\u00f3gico es una lesi\u00f3n oculta que puede condicionar su vida durante meses o incluso a\u00f1os. Si usted o un ser querido ha sufrido un accidente con un cami\u00f3n grande, es importante saber c\u00f3mo puede afectarle este trauma y qu\u00e9 pasos dar a continuaci\u00f3n. Esta p\u00e1gina le guiar\u00e1 a trav\u00e9s de los signos de da\u00f1o psicol\u00f3gico, c\u00f3mo puede afectar a su vida cotidiana, y por qu\u00e9 la b\u00fasqueda de ayuda-incluyendo el apoyo de un cualificado&nbsp;<a href=\"https:\/\/www.myphillylawyer.com\/es\/areas-de-practica\/accidentes-de-trafico-2\/accidentes-de-camion\/\" target=\"_blank\" rel=\"noreferrer noopener\">Philadelphia abogado accidente cami\u00f3n<\/a>-es tan importante.<\/p>\n\n\n\n<div class=\"wp-block-rank-math-toc-block\" id=\"rank-math-toc\"><h2>\u00cdndice<\/h2><nav><ul><li><a href=\"#psychological-trauma-after-a-truck-crash-in-philadelphia\">Trauma psicol\u00f3gico tras un accidente de cami\u00f3n en Philadelphia<\/a><ul><li><a href=\"#understanding-the-psychological-impact-of-truck-accidents\">Comprender el impacto psicol\u00f3gico de los accidentes de cami\u00f3n<\/a><\/li><li><a href=\"#why-psychological-injuries-deserve-serious-attention\">Por qu\u00e9 las lesiones psicol\u00f3gicas merecen una atenci\u00f3n seria<\/a><\/li><li><a href=\"#common-signs-and-symptoms-of-psychological-trauma\">Signos y s\u00edntomas comunes del trauma psicol\u00f3gico<\/a><\/li><li><a href=\"#how-a-philadelphia-truck-accident-lawyer-can-help\">C\u00f3mo puede ayudar un abogado de accidentes de cami\u00f3n Philadelphia<\/a><\/li><li><a href=\"#taking-steps-to-recover-after-psychological-trauma\">C\u00f3mo recuperarse de un trauma psicol\u00f3gico<\/a><\/li><li><a href=\"#frequently-asked-questions-about-psychological-trauma-after-a-truck-accident-in-philadelphia\">Preguntas frecuentes sobre el trauma psicol\u00f3gico tras un accidente de cami\u00f3n en Philadelphia<\/a><\/li><li><a href=\"#other-resources-about-injuries-medical-impact-after-a-truck-accident\">Otros recursos acerca de las lesiones y el impacto m\u00e9dico despu\u00e9s de un accidente de cami\u00f3n<\/a><\/li><\/ul><\/li><\/ul><\/nav><\/div>\n\n\n\n<h2 class=\"wp-block-heading\" id=\"understanding-the-psychological-impact-of-truck-accidents\">Comprender el impacto psicol\u00f3gico de los accidentes de cami\u00f3n<\/h2>\n\n\n\n<p>Los accidentes de cami\u00f3n no son como los t\u00edpicos accidentes de coche. Los camiones son m\u00e1s grandes, m\u00e1s pesados y m\u00e1s propensos a causar da\u00f1os devastadores. La conmoci\u00f3n del suceso puede persistir mucho tiempo despu\u00e9s de que se haya despejado el lugar del accidente. Las v\u00edctimas a menudo repiten el accidente en sus mentes, experimentando recuerdos, pesadillas y miedo continuo. Este tipo de respuesta al estr\u00e9s es normal, pero puede llegar a ser abrumadora.<\/p>\n\n\n\n<p>Las personas pueden notar que se sienten nerviosas cerca de carreteras muy transitadas o ruidos fuertes. Tareas sencillas como conducir o montar en coche pueden provocar ansiedad. Los problemas de sue\u00f1o son frecuentes. Algunas personas desarrollan un trastorno de estr\u00e9s postraum\u00e1tico (TEPT), una enfermedad grave con s\u00edntomas como ataques de p\u00e1nico, cambios de humor y embotamiento emocional. Los ni\u00f1os pueden volverse retra\u00eddos o comportarse de forma inusual.<\/p>\n\n\n\n<p>Es crucial reconocer que un trauma psicol\u00f3gico es tan real como una lesi\u00f3n f\u00edsica. Puede que no sea visible, pero puede afectar a su salud, su trabajo, sus relaciones y su futuro. Si nota signos de trauma tras un accidente de cami\u00f3n, no los ignore. Obtener ayuda a tiempo puede marcar una gran diferencia.<\/p>\n\n\n\n<h2 class=\"wp-block-heading\" id=\"why-psychological-injuries-deserve-serious-attention\">Por qu\u00e9 las lesiones psicol\u00f3gicas merecen una atenci\u00f3n seria<\/h2>\n\n\n\n<p>Despu\u00e9s de un accidente de cami\u00f3n, puede que le digan que \"aguante\" o que \"siga adelante\". Pero ignorar los traumas psicol\u00f3gicos puede acarrear problemas mayores en el futuro. Estas lesiones invisibles pueden ser tan incapacitantes como las f\u00edsicas. La depresi\u00f3n, la ansiedad y el TEPT pueden impedirle volver al trabajo, causarle problemas en sus relaciones e influir en su calidad de vida en general.<\/p>\n\n\n\n<p>Un experto&nbsp;<a href=\"https:\/\/www.myphillylawyer.com\/es\/zonas-atendidas\/upper-darby\/abogados-de-accidentes-de-camiones-2\/\" target=\"_blank\" rel=\"noreferrer noopener\">abogado de accidentes de cami\u00f3n<\/a>&nbsp;entender\u00e1 que las lesiones psicol\u00f3gicas son reclamaciones v\u00e1lidas seg\u00fan la ley de Pensilvania. Su dolor y sufrimiento importan. Los abogados con experiencia saben c\u00f3mo reunir pruebas m\u00e9dicas, opiniones de expertos y declaraciones de testigos para mostrar el verdadero impacto del trauma. Esto puede ayudarle a obtener la indemnizaci\u00f3n que merece por terapia, medicaci\u00f3n, salarios perdidos y disminuci\u00f3n de la calidad de vida.<\/p>\n\n\n\n<p>Si usted est\u00e1 luchando despu\u00e9s de un accidente, usted no est\u00e1 solo. Muchas v\u00edctimas de accidentes de cami\u00f3n en Philadelphia se enfrentan a los mismos retos. Busque el apoyo de familiares, amigos y profesionales. Y no olvide hablar con un&nbsp;<a href=\"https:\/\/www.myphillylawyer.com\/es\/areas-de-practica\/accidentes-de-trafico-2\/accidentes-de-camion\/\" target=\"_blank\" rel=\"noreferrer noopener\">abogado de accidentes de cami\u00f3n en Philadelphia<\/a>&nbsp;que puede luchar por sus derechos.<\/p>\n\n\n\n<h2 class=\"wp-block-heading\" id=\"common-signs-and-symptoms-of-psychological-trauma\">Signos y s\u00edntomas comunes del trauma psicol\u00f3gico<\/h2>\n\n\n\n<p>No siempre es f\u00e1cil detectar un trauma psicol\u00f3gico. La gente lo experimenta de maneras \u00fanicas, pero algunos signos son comunes despu\u00e9s de un accidente de cami\u00f3n. Usted puede notar:<\/p>\n\n\n\n<ul class=\"wp-block-list\">\n<li>Problemas para dormir o pesadillas frecuentes<\/li>\n\n\n\n<li>Revivir el accidente, ya sea en sue\u00f1os o en pensamientos durante el d\u00eda.<\/li>\n\n\n\n<li>Sentirse nervioso, ansioso o \"al l\u00edmite\" todo el tiempo.<\/li>\n\n\n\n<li>Perder el inter\u00e9s por actividades que antes disfrutaba<\/li>\n\n\n\n<li>Alejarse de los amigos y la familia<\/li>\n\n\n\n<li>Sentirse triste, desesperanzado o enfadado sin un motivo claro.<\/li>\n\n\n\n<li>Dificultad para concentrarse o recordar cosas<\/li>\n\n\n\n<li>Ataques de p\u00e1nico, taquicardia o dificultad para respirar cuando se recuerda el accidente.<\/li>\n<\/ul>\n\n\n\n<p>Los ni\u00f1os pueden presentar distintos s\u00edntomas tras un accidente de cami\u00f3n. Pueden volverse pegajosos, tener rabietas o negarse a hablar de lo ocurrido. Los adolescentes pueden comportarse mal en el colegio, alejarse de sus amigos o bajar sus notas.<\/p>\n\n\n\n<p>Si usted o un ser querido muestra alguno de estos signos despu\u00e9s de un accidente de cami\u00f3n, es hora de buscar ayuda. Empiece por hablar con su m\u00e9dico o con un consejero licenciado. La curaci\u00f3n psicol\u00f3gica lleva tiempo, pero con el apoyo adecuado, la recuperaci\u00f3n es posible.<\/p>\n\n\n\n<h2 class=\"wp-block-heading\" id=\"how-a-philadelphia-truck-accident-lawyer-can-help\">C\u00f3mo puede ayudar un abogado de accidentes de cami\u00f3n Philadelphia<\/h2>\n\n\n\n<p>Quiz\u00e1 se pregunte: \"\u00bfC\u00f3mo puede un&nbsp;<a href=\"https:\/\/www.myphillylawyer.com\/es\/zonas-atendidas\/jenkintown\/abogados-de-accidentes-de-camiones-2\/\" target=\"_blank\" rel=\"noreferrer noopener\">abogado de accidentes de cami\u00f3n<\/a>&nbsp;ayuda con los traumas psicol\u00f3gicos\"? La respuesta es: de muchas maneras. Los profesionales del Derecho hacen algo m\u00e1s que archivar papeleo. Escuchan su historia y se aseguran de que todos los aspectos de su sufrimiento, incluida la angustia mental y emocional, formen parte de su reclamaci\u00f3n.<\/p>\n\n\n\n<p>A&nbsp;<a href=\"https:\/\/www.myphillylawyer.com\/es\/zonas-atendidas\/wayne\/abogados-de-accidentes-de-camiones-2\/\" target=\"_blank\" rel=\"noreferrer noopener\">abogado de accidente de cami\u00f3n<\/a>&nbsp;reunir\u00e1 pruebas de su trauma, desde notas de terapia hasta historiales m\u00e9dicos. Pueden consultar a expertos en salud mental que puedan hablar del impacto en su vida diaria. Su abogado puede calcular una indemnizaci\u00f3n justa por el tratamiento, los salarios perdidos y el modo en que el trauma ha perturbado su vida.<\/p>\n\n\n\n<p>Las compa\u00f1\u00edas de seguros a menudo intentan restar importancia a las lesiones psicol\u00f3gicas. Un equipo legal fuerte le har\u00e1 frente, asegur\u00e1ndose de que su voz sea escuchada. Merece una indemnizaci\u00f3n justa por todo lo que ha perdido, no s\u00f3lo su salud f\u00edsica, sino tambi\u00e9n su tranquilidad. No intente afrontar este proceso usted solo. Pida ayuda a un&nbsp;<a href=\"https:\/\/www.myphillylawyer.com\/es\/zonas-atendidas\/norristown\/abogados-de-accidentes-de-camiones-2\/\" target=\"_blank\" rel=\"noreferrer noopener\">abogado de lesiones de camiones<\/a>&nbsp;que conoce las leyes de Pensilvania y luchar\u00e1 por su futuro.<\/p>\n\n\n\n<h2 class=\"wp-block-heading\" id=\"taking-steps-to-recover-after-psychological-trauma\">C\u00f3mo recuperarse de un trauma psicol\u00f3gico<\/h2>\n\n\n\n<p>Curarse de un trauma psicol\u00f3gico es un viaje. Puedes tomar medidas de inmediato para cuidar de tu salud mental. Empieza por ponerte en contacto con tus seres queridos de confianza. Hablar de tus sentimientos te ayudar\u00e1 a romper el c\u00edrculo del miedo y el aislamiento.<\/p>\n\n\n\n<p>Tambi\u00e9n es una buena idea acudir a un profesional de la salud mental que entienda el trauma. La terapia -ya sea individual o de grupo- puede ense\u00f1ar habilidades de afrontamiento y proporcionar un espacio seguro para hablar. A veces, la medicaci\u00f3n puede ayudar a controlar la ansiedad o la depresi\u00f3n. Lleve un diario de sus s\u00edntomas y progresos. Esto puede ayudar tanto a su recuperaci\u00f3n como a su caso legal.<\/p>\n\n\n\n<p>Recuerda que no est\u00e1s solo en esto. Si te encuentras con obst\u00e1culos para obtener la ayuda que necesitas debido al coste, habla con tu&nbsp;<a href=\"https:\/\/www.myphillylawyer.com\/es\/\" target=\"_blank\" rel=\"noreferrer noopener\">abogado de lesiones personales<\/a>. Muchos acuerdos o veredictos incluyen indemnizaciones por terapias y cuidados m\u00e9dicos continuados. Si no est\u00e1 seguro de d\u00f3nde acudir, su equipo jur\u00eddico puede ponerle en contacto con los recursos locales.<\/p>\n\n\n\n<p>Por \u00faltimo, date tiempo. La curaci\u00f3n de un trauma no es r\u00e1pida, pero con apoyo y atenci\u00f3n puedes recuperar tu vida.<\/p>\n\n\n\n<h2 class=\"wp-block-heading\" id=\"frequently-asked-questions-about-psychological-trauma-after-a-truck-accident-in-philadelphia\">Preguntas frecuentes sobre el trauma psicol\u00f3gico tras un accidente de cami\u00f3n en Philadelphia<\/h2>\n\n\n\n<p><strong>\u00bfQu\u00e9 tipos de lesiones psicol\u00f3gicas pueden derivarse de un accidente de cami\u00f3n en Philadelphia?<\/strong><br>Entre las lesiones psicol\u00f3gicas m\u00e1s comunes se encuentran el trastorno por estr\u00e9s agudo, el trastorno por estr\u00e9s postraum\u00e1tico (TEPT), la ansiedad, la depresi\u00f3n y las fobias relacionadas con la conducci\u00f3n o el uso de veh\u00edculos. Estos trastornos pueden dificultar la vida cotidiana y durar mucho tiempo despu\u00e9s de la curaci\u00f3n de las lesiones f\u00edsicas.<\/p>\n\n\n\n<p><strong>\u00bfPuedo incluir un trauma psicol\u00f3gico en mi reclamaci\u00f3n legal tras un accidente de cami\u00f3n?<\/strong><br>S\u00ed, usted puede. Pensilvania permite la indemnizaci\u00f3n por angustia emocional, dolor y sufrimiento, y la angustia mental relacionada con un accidente de cami\u00f3n. A&nbsp;<a href=\"https:\/\/www.myphillylawyer.com\/es\/\" target=\"_blank\" rel=\"noreferrer noopener\">Philadelphia abogado de lesiones personales<\/a>&nbsp;puede ayudarle a documentar y reclamar estas p\u00e9rdidas.<\/p>\n\n\n\n<p><strong>\u00bfC\u00f3mo prueba un abogado de accidentes de cami\u00f3n el trauma psicol\u00f3gico en una demanda?<\/strong><br>A&nbsp;<a href=\"https:\/\/www.myphillylawyer.com\/es\/areas-de-practica\/accidentes-de-trafico-2\/accidentes-de-camion\/\" target=\"_blank\" rel=\"noreferrer noopener\">abogado de accidentes de cami\u00f3n en Philadelphia<\/a>&nbsp;re\u00fane pruebas como historiales terap\u00e9uticos, testimonios de expertos profesionales de la salud mental y declaraciones personales suyas y de sus seres queridos. As\u00ed se construye un caso s\u00f3lido que refleja el verdadero impacto de su trauma.<\/p>\n\n\n\n<p><strong>\u00bfQu\u00e9 debo hacer si creo que tengo un trauma psicol\u00f3gico tras un accidente de cami\u00f3n?<\/strong><br>Busca ayuda lo antes posible. Habla con un m\u00e9dico o consejero para obtener un diagn\u00f3stico y un tratamiento adecuados. Lleva un registro de tus s\u00edntomas y tratamiento. Acude a un&nbsp;<a href=\"https:\/\/www.myphillylawyer.com\/es\/zonas-atendidas\/bensalem\/abogados-de-accidentes-de-camiones-2\/\" target=\"_blank\" rel=\"noreferrer noopener\">abogado de lesiones de camiones<\/a>&nbsp;que incluir\u00e1 sus lesiones psicol\u00f3gicas en su reclamaci\u00f3n y le ayudar\u00e1 a obtener el apoyo que necesita.<\/p>\n\n\n\n<h2 class=\"wp-block-heading\" id=\"other-resources-about-injuries-medical-impact-after-a-truck-accident\">Otros recursos acerca de las lesiones y el impacto m\u00e9dico despu\u00e9s de un accidente de cami\u00f3n<\/h2>\n\n\n\n<ul class=\"wp-block-list\">\n<li><a href=\"https:\/\/www.myphillylawyer.com\/es\/areas-de-practica\/accidentes-de-trafico-2\/accidentes-de-camion\/perdida-de-ingresos-y-capacidad-de-ganancia-despues-de-un-accidente-de-camion-en-filadelfia\/\">P\u00e9rdida de ingresos y capacidad de ganancia tras un accidente de cami\u00f3n en Philadelphia<\/a><\/li>\n\n\n\n<li><a href=\"https:\/\/www.myphillylawyer.com\/es\/areas-de-practica\/accidentes-de-trafico-2\/accidentes-de-camion\/rehabilitacion-y-recuperacion-a-largo-plazo-tras-un-accidente-de-camion-en-filadelfia\/\">Rehabilitaci\u00f3n y recuperaci\u00f3n a largo plazo tras un accidente de cami\u00f3n Philadelphia<\/a><\/li>\n\n\n\n<li><a href=\"https:\/\/www.myphillylawyer.com\/es\/areas-de-practica\/accidentes-de-trafico-2\/accidentes-de-camion\/trastorno-de-estres-postraumatico-y-angustia-emocional-tras-un-accidente-de-camion-en-filadelfia\/\">TEPT y angustia emocional tras un accidente de cami\u00f3n Philadelphia<\/a><\/li>\n\n\n\n<li><a href=\"https:\/\/www.myphillylawyer.com\/es\/areas-de-practica\/accidentes-de-trafico-2\/accidentes-de-camion\/lesiones-por-quemaduras-de-accidentes-de-camiones-en-filadelfia\/\">Quemaduras por accidente de cami\u00f3n en Philadelphia<\/a><\/li>\n\n\n\n<li><a href=\"https:\/\/www.myphillylawyer.com\/es\/areas-de-practica\/accidentes-de-trafico-2\/accidentes-de-camion\/demandas-por-homicidio-culposo-en-accidentes-de-camiones-de-filadelfia\/\">Reclamaciones por homicidio culposo en accidentes de camiones Philadelphia<\/a><\/li>\n\n\n\n<li><strong>Trauma psicol\u00f3gico tras un accidente de cami\u00f3n en Philadelphia<\/strong><\/li>\n\n\n\n<li><a href=\"https:\/\/www.myphillylawyer.com\/es\/areas-de-practica\/accidentes-de-trafico-2\/accidentes-de-camion\/lesiones-ortopedicas-graves-por-accidentes-de-camion-en-filadelfia\/\">Lesiones ortop\u00e9dicas graves por accidentes de cami\u00f3n Philadelphia<\/a><\/li>\n\n\n\n<li><a href=\"https:\/\/www.myphillylawyer.com\/es\/areas-de-practica\/accidentes-de-trafico-2\/accidentes-de-camion\/lesiones-medulares-y-paralisis-tras-accidentes-de-camion-en-filadelfia\/\">Lesiones medulares y par\u00e1lisis tras accidentes de cami\u00f3n Philadelphia<\/a><\/li>\n\n\n\n<li><a href=\"https:\/\/www.myphillylawyer.com\/es\/areas-de-practica\/accidentes-de-trafico-2\/accidentes-de-camion\/lesiones-comunes-en-accidentes-de-camiones-en-filadelfia\/\">Lesiones comunes en accidentes de cami\u00f3n en Philadelphia<\/a><\/li>\n\n\n\n<li><a href=\"https:\/\/www.myphillylawyer.com\/es\/areas-de-practica\/accidentes-de-trafico-2\/accidentes-de-camion\/lesiones-cerebrales-traumaticas-por-accidentes-de-camion-en-filadelfia\/\">Da\u00f1o cerebral traum\u00e1tico por accidente de cami\u00f3n en Philadelphia<\/a><\/li>\n<\/ul>","protected":false},"excerpt":{"rendered":"<p>Trauma psicol\u00f3gico tras un accidente de cami\u00f3n en Philadelphia Cuando se produce un accidente de cami\u00f3n en Philadelphia, la mayor\u00eda de la gente se centra en las lesiones visibles: huesos rotos, cortes y contusiones. Pero el impacto suele ser mucho m\u00e1s profundo. El trauma psicol\u00f3gico es una lesi\u00f3n oculta que puede marcar su vida durante meses o incluso a\u00f1os. Si usted o un ser querido ha...<\/p>","protected":false},"author":14,"featured_media":0,"parent":247,"menu_order":0,"comment_status":"closed","ping_status":"closed","template":"","meta":{"_acf_changed":false,"footnotes":""},"class_list":["post-14151","page","type-page","status-publish","hentry"],"acf":[],"jetpack_sharing_enabled":true,"_links":{"self":[{"href":"https:\/\/www.myphillylawyer.com\/es\/wp-json\/wp\/v2\/pages\/14151","targetHints":{"allow":["GET"]}}],"collection":[{"href":"https:\/\/www.myphillylawyer.com\/es\/wp-json\/wp\/v2\/pages"}],"about":[{"href":"https:\/\/www.myphillylawyer.com\/es\/wp-json\/wp\/v2\/types\/page"}],"author":[{"embeddable":true,"href":"https:\/\/www.myphillylawyer.com\/es\/wp-json\/wp\/v2\/users\/14"}],"replies":[{"embeddable":true,"href":"https:\/\/www.myphillylawyer.com\/es\/wp-json\/wp\/v2\/comments?post=14151"}],"version-history":[{"count":3,"href":"https:\/\/www.myphillylawyer.com\/es\/wp-json\/wp\/v2\/pages\/14151\/revisions"}],"predecessor-version":[{"id":14208,"href":"https:\/\/www.myphillylawyer.com\/es\/wp-json\/wp\/v2\/pages\/14151\/revisions\/14208"}],"up":[{"embeddable":true,"href":"https:\/\/www.myphillylawyer.com\/es\/wp-json\/wp\/v2\/pages\/247"}],"wp:attachment":[{"href":"https:\/\/www.myphillylawyer.com\/es\/wp-json\/wp\/v2\/media?parent=14151"}],"curies":[{"name":"wp","href":"https:\/\/api.w.org\/{rel}","templated":true}]}}