{"id":14152,"date":"2025-10-17T13:07:53","date_gmt":"2025-10-17T18:07:53","guid":{"rendered":"https:\/\/www.myphillylawyer.com\/?page_id=14152"},"modified":"2025-10-17T13:47:54","modified_gmt":"2025-10-17T18:47:54","slug":"demandas-por-homicidio-culposo-en-accidentes-de-camiones-de-filadelfia","status":"publish","type":"page","link":"https:\/\/www.myphillylawyer.com\/es\/areas-de-practica\/accidentes-de-trafico-2\/accidentes-de-camion\/demandas-por-homicidio-culposo-en-accidentes-de-camiones-de-filadelfia\/","title":{"rendered":"Reclamaciones por homicidio culposo en accidentes de camiones Philadelphia"},"content":{"rendered":"<h1 class=\"wp-block-heading\" id=\"wrongful-death-claims-in-philadelphia-truck-accidents\">Reclamaciones por homicidio culposo en accidentes de camiones Philadelphia<\/h1>\n\n\n\n<p>Perder a un ser querido en un accidente de cami\u00f3n es una experiencia devastadora. Las familias se enfrentan no s\u00f3lo al dolor emocional, sino tambi\u00e9n a desaf\u00edos financieros y legales. Muchas personas en Philadelphia no saben qu\u00e9 pasos dar si un familiar muere por la negligencia de un camionero. Presentar una demanda por homicidio culposo puede ayudar a los supervivientes a recuperar los da\u00f1os y hacer que las partes responsables rindan cuentas. Si se encuentra en esta situaci\u00f3n, p\u00f3ngase en contacto con un abogado experto.&nbsp;<a href=\"https:\/\/www.myphillylawyer.com\/es\/areas-de-practica\/accidentes-de-trafico-2\/accidentes-de-camion\/\" target=\"_blank\" rel=\"noreferrer noopener\">Philadelphia abogado accidente cami\u00f3n<\/a>&nbsp;puede hacer que el proceso sea menos abrumador.<\/p>\n\n\n\n<p>La muerte por negligencia ocurre cuando alguien muere debido a las acciones descuidadas, imprudentes o intencionales de otra persona o empresa. Los accidentes de camiones, que involucran veh\u00edculos masivos y regulaciones complicadas, a menudo conducen a lesiones graves y muertes. Las secuelas pueden afectar a las familias durante a\u00f1os. La ley Philadelphia permite a determinados familiares solicitar una indemnizaci\u00f3n para cubrir las facturas m\u00e9dicas, los gastos funerarios, la p\u00e9rdida de ingresos, etc.<\/p>\n\n\n\n<p>Si no est\u00e1 seguro de tener una demanda por homicidio culposo despu\u00e9s de un accidente de cami\u00f3n, siga leyendo para conocer sus derechos, el proceso legal y c\u00f3mo obtener el apoyo que necesita.<\/p>\n\n\n\n<div class=\"wp-block-rank-math-toc-block\" id=\"rank-math-toc\"><h2>\u00cdndice<\/h2><nav><ul><li><a href=\"#wrongful-death-claims-in-philadelphia-truck-accidents\">Reclamaciones por homicidio culposo en accidentes de camiones Philadelphia<\/a><ul><li><a href=\"#who-can-file-a-wrongful-death-claim-after-a-truck-accident-in-philadelphia\">\u00bfQui\u00e9n puede presentar una demanda por homicidio culposo tras un accidente de cami\u00f3n en Philadelphia?<\/a><\/li><li><a href=\"#damages-available-in-philadelphia-truck-accident-wrongful-death-claims\">Indemnizaci\u00f3n de da\u00f1os y perjuicios en las demandas por homicidio imprudente en accidente de cami\u00f3n Philadelphia<\/a><\/li><li><a href=\"#proving-fault-in-a-philadelphia-truck-accident-wrongful-death-case\">Prueba de la culpa en un caso de homicidio culposo por accidente de cami\u00f3n Philadelphia<\/a><\/li><li><a href=\"#the-importance-of-acting-quickly-statutes-of-limitations-and-evidence-preservation\">La importancia de actuar con rapidez: Prescripci\u00f3n y conservaci\u00f3n de pruebas<\/a><\/li><li><a href=\"#how-a-philadelphia-truck-accident-lawyer-can-help-your-family\">C\u00f3mo un abogado de accidente de cami\u00f3n Philadelphia puede ayudar a su familia<\/a><\/li><li><a href=\"#frequently-asked-questions-about-wrongful-death-claims-in-philadelphia-truck-accidents\">Preguntas frecuentes sobre las demandas por homicidio culposo en accidentes de camiones Philadelphia<\/a><\/li><li><a href=\"#other-resources-about-injuries-medical-impact-after-a-truck-accident\">Otros recursos acerca de las lesiones y el impacto m\u00e9dico despu\u00e9s de un accidente de cami\u00f3n<\/a><\/li><\/ul><\/li><\/ul><\/nav><\/div>\n\n\n\n<h2 class=\"wp-block-heading\" id=\"who-can-file-a-wrongful-death-claim-after-a-truck-accident-in-philadelphia\">\u00bfQui\u00e9n puede presentar una demanda por homicidio culposo tras un accidente de cami\u00f3n en Philadelphia?<\/h2>\n\n\n\n<p>No todo el mundo puede presentar una demanda por homicidio culposo en Pensilvania. La ley otorga este derecho a personas concretas, normalmente familiares cercanos. En la mayor\u00eda de los casos, el representante personal del patrimonio de la persona fallecida presenta la demanda en beneficio de los familiares supervivientes.<\/p>\n\n\n\n<p>Las partes elegibles incluyen:<\/p>\n\n\n\n<ul class=\"wp-block-list\">\n<li>El c\u00f3nyuge del fallecido<\/li>\n\n\n\n<li>Hijos del fallecido (biol\u00f3gicos o adoptivos)<\/li>\n\n\n\n<li>Padres del fallecido<\/li>\n<\/ul>\n\n\n\n<p>Si ninguna de estas personas inicia una acci\u00f3n por homicidio culposo en el plazo de seis meses, otros beneficiarios o el representante personal pueden emprender acciones legales. Estas normas existen para garantizar que las personas adecuadas sean indemnizadas por su p\u00e9rdida.<\/p>\n\n\n\n<p>Las demandas por homicidio culposo son complejas. Las compa\u00f1\u00edas de camiones, los peritos de seguros y los equipos jur\u00eddicos suelen intentar minimizar los pagos. A&nbsp;<a href=\"https:\/\/www.myphillylawyer.com\/es\/areas-de-practica\/accidentes-de-trafico-2\/accidentes-de-camion\/\" target=\"_blank\" rel=\"noreferrer noopener\">abogado de accidentes de cami\u00f3n en Philadelphia<\/a>&nbsp;puede ayudar a las familias a comprender qui\u00e9n re\u00fane los requisitos para recibir una indemnizaci\u00f3n por da\u00f1os y perjuicios y la mejor manera de construir un caso s\u00f3lido. Contar con un defensor de confianza le ayuda a evitar errores y plazos que podr\u00edan poner en peligro su derecho a una indemnizaci\u00f3n.<\/p>\n\n\n\n<h2 class=\"wp-block-heading\" id=\"damages-available-in-philadelphia-truck-accident-wrongful-death-claims\">Indemnizaci\u00f3n de da\u00f1os y perjuicios en las demandas por homicidio imprudente en accidente de cami\u00f3n Philadelphia<\/h2>\n\n\n\n<p>Si usted gana un caso de homicidio culposo, el tribunal puede conceder varios tipos de da\u00f1os y perjuicios. Cada caso es \u00fanico, pero la ley de Pensilvania permite a las familias recuperar tanto las p\u00e9rdidas financieras como el dolor emocional.<\/p>\n\n\n\n<p>Los da\u00f1os comunes en las demandas por muerte por negligencia en accidente de cami\u00f3n Philadelphia incluyen:<\/p>\n\n\n\n<ul class=\"wp-block-list\">\n<li>Gastos m\u00e9dicos relacionados con la lesi\u00f3n o enfermedad final<\/li>\n\n\n\n<li>Gastos de sepelio y entierro<\/li>\n\n\n\n<li>P\u00e9rdida de salarios y prestaciones que habr\u00eda percibido el fallecido<\/li>\n\n\n\n<li>P\u00e9rdida de compa\u00f1\u00eda y orientaci\u00f3n<\/li>\n\n\n\n<li>Dolor y sufrimiento emocional para los seres queridos supervivientes<\/li>\n<\/ul>\n\n\n\n<p>Los accidentes de cami\u00f3n pueden destruir la sensaci\u00f3n de seguridad de una familia de la noche a la ma\u00f1ana. Recuperar los da\u00f1os puede ayudar a pagar las facturas diarias y los gastos futuros, especialmente si la persona que muri\u00f3 era el principal sost\u00e9n de la familia. Es importante recordar que las compa\u00f1\u00edas de seguros tienen como objetivo pagar lo menos posible. Trabajar con un&nbsp;<a href=\"https:\/\/www.myphillylawyer.com\/es\/zonas-atendidas\/wayne\/abogados-de-accidentes-de-camiones-2\/\" target=\"_blank\" rel=\"noreferrer noopener\">abogado de accidente de cami\u00f3n<\/a>&nbsp;significa que tendr\u00e1 a alguien que luche por su bienestar financiero.<\/p>\n\n\n\n<h2 class=\"wp-block-heading\" id=\"proving-fault-in-a-philadelphia-truck-accident-wrongful-death-case\">Prueba de la culpa en un caso de homicidio culposo por accidente de cami\u00f3n Philadelphia<\/h2>\n\n\n\n<p>Ganar una demanda por homicidio culposo significa demostrar que la negligencia o el comportamiento imprudente de alguien caus\u00f3 el accidente mortal. Esto no siempre es sencillo. Las empresas de transporte suelen tener equipos trabajando para defenderse. Tambi\u00e9n puede haber m\u00faltiples partes implicadas, incluyendo el conductor del cami\u00f3n, la empresa de transporte por carretera, la empresa que carg\u00f3 la carga, o incluso el fabricante de piezas defectuosas.<\/p>\n\n\n\n<p>Para demostrar la culpa, su&nbsp;<a href=\"https:\/\/www.myphillylawyer.com\/es\/zonas-atendidas\/upper-darby\/abogados-de-accidentes-de-camiones-2\/\" target=\"_blank\" rel=\"noreferrer noopener\">abogado de lesiones de camiones<\/a>&nbsp;reunir\u00e1 pruebas como:<\/p>\n\n\n\n<ul class=\"wp-block-list\">\n<li>Informes policiales de accidentes<\/li>\n\n\n\n<li>Registros de conductores de camiones y registros de empleo<\/li>\n\n\n\n<li>Registros de mantenimiento e inspecci\u00f3n del cami\u00f3n<\/li>\n\n\n\n<li>Datos de la caja negra del veh\u00edculo<\/li>\n\n\n\n<li>Declaraciones de testigos presenciales<\/li>\n\n\n\n<li>Fotos y v\u00eddeos del lugar de los hechos<\/li>\n\n\n\n<li>Testimonio pericial sobre c\u00f3mo ocurri\u00f3 el accidente<\/li>\n<\/ul>\n\n\n\n<p>Un abogado experto sabe c\u00f3mo investigar a fondo y utilizar las pruebas para demostrar exactamente c\u00f3mo la otra parte no actu\u00f3 con seguridad. Ya se trate de conducci\u00f3n distra\u00edda, exceso de velocidad, mantenimiento deficiente, o violaci\u00f3n de las regulaciones federales de camiones, probar la responsabilidad es esencial para un caso exitoso.<\/p>\n\n\n\n<h2 class=\"wp-block-heading\" id=\"the-importance-of-acting-quickly-statutes-of-limitations-and-evidence-preservation\">La importancia de actuar con rapidez: Prescripci\u00f3n y conservaci\u00f3n de pruebas<\/h2>\n\n\n\n<p>El tiempo es cr\u00edtico en los casos de homicidio culposo. En Pennsylvania, el plazo de prescripci\u00f3n para presentar una demanda por homicidio culposo es generalmente de dos a\u00f1os a partir de la fecha de la muerte. Si se le pasa este plazo, puede perder su derecho a recuperar los da\u00f1os, no importa lo fuerte que su caso es.<\/p>\n\n\n\n<p>Adem\u00e1s de cumplir el plazo legal, es conveniente actuar con rapidez por otros motivos. Las pruebas pueden desaparecer r\u00e1pidamente despu\u00e9s de un accidente de cami\u00f3n. La memoria de los testigos se desvanece, las empresas pueden perder registros y los veh\u00edculos a menudo son reparados o destruidos. Ponerse en contacto con un&nbsp;<a href=\"https:\/\/www.myphillylawyer.com\/es\/zonas-atendidas\/norristown\/abogados-de-accidentes-de-camiones-2\/\" target=\"_blank\" rel=\"noreferrer noopener\">abogado de lesiones de camiones<\/a>&nbsp;poco despu\u00e9s del accidente ayuda a preservar las pruebas cr\u00edticas y construir el caso m\u00e1s fuerte posible.<\/p>\n\n\n\n<p>Una actuaci\u00f3n r\u00e1pida tambi\u00e9n permite a su abogado negociar con las compa\u00f1\u00edas de seguros y proteger sus intereses mientras usted se centra en curarse.<\/p>\n\n\n\n<h2 class=\"wp-block-heading\" id=\"how-a-philadelphia-truck-accident-lawyer-can-help-your-family\">C\u00f3mo un abogado de accidente de cami\u00f3n Philadelphia puede ayudar a su familia<\/h2>\n\n\n\n<p>Las demandas por homicidio culposo son emocionalmente agotadoras y jur\u00eddicamente complejas. A&nbsp;<a href=\"https:\/\/www.myphillylawyer.com\/es\/\" target=\"_blank\" rel=\"noreferrer noopener\">Philadelphia abogado de lesiones personales<\/a>&nbsp;con experiencia en reclamaciones de accidentes de camiones sabe c\u00f3mo manejar las grandes compa\u00f1\u00edas de camiones y sus proveedores de seguros. Su abogado lo har\u00e1:<\/p>\n\n\n\n<ul class=\"wp-block-list\">\n<li>Investigar a fondo el accidente<\/li>\n\n\n\n<li>Identificar a todas las partes responsables<\/li>\n\n\n\n<li>Gestionar el papeleo y los expedientes judiciales<\/li>\n\n\n\n<li>Negociar con las compa\u00f1\u00edas de seguros en su nombre<\/li>\n\n\n\n<li>Prepararse para el juicio si no se llega a un acuerdo justo<\/li>\n<\/ul>\n\n\n\n<p>No tiene por qu\u00e9 pasar por esto solo. Contar con un profesional a su lado alivia el estr\u00e9s y le da la mejor oportunidad de recuperar la indemnizaci\u00f3n que su familia merece. Si necesita ayuda, p\u00f3ngase en contacto con un&nbsp;<a href=\"https:\/\/www.myphillylawyer.com\/es\/zonas-atendidas\/jenkintown\/abogados-de-accidentes-de-camiones-2\/\" target=\"_blank\" rel=\"noreferrer noopener\">abogado de accidentes de cami\u00f3n<\/a>&nbsp;para una consulta.<\/p>\n\n\n\n<h2 class=\"wp-block-heading\" id=\"frequently-asked-questions-about-wrongful-death-claims-in-philadelphia-truck-accidents\">Preguntas frecuentes sobre las demandas por homicidio culposo en accidentes de camiones Philadelphia<\/h2>\n\n\n\n<p><strong>\u00bfQu\u00e9 se considera homicidio culposo en un accidente de cami\u00f3n Philadelphia?<\/strong><br>Una muerte por negligencia ocurre cuando alguien muere debido a las acciones descuidadas o imprudentes de otra persona. En los casos de accidentes de camiones, esto a menudo significa que el conductor del cami\u00f3n, empresa de transporte por carretera, u otra parte no sigui\u00f3 las reglas de seguridad o actu\u00f3 de manera irresponsable, lo que lleva a un accidente fatal.<\/p>\n\n\n\n<p><strong>\u00bfQui\u00e9n puede demandar por homicidio culposo tras un accidente de cami\u00f3n en Philadelphia?<\/strong><br>Seg\u00fan la legislaci\u00f3n de Pensilvania, el representante personal de la herencia del difunto presenta la demanda en beneficio del c\u00f3nyuge, los hijos o los padres. Si no act\u00faan en el plazo de seis meses, otros beneficiarios pueden presentarla.<\/p>\n\n\n\n<p><strong>\u00bfCu\u00e1nto tiempo tengo para presentar una demanda por muerte injusta despu\u00e9s de un accidente de cami\u00f3n en Pennsylvania?<\/strong><br>Por lo general, tiene dos a\u00f1os a partir de la fecha de la muerte de su ser querido para presentar una demanda por homicidio culposo. Si se le pasa este plazo, es probable que no pueda recuperar los da\u00f1os.<\/p>\n\n\n\n<p><strong>\u00bfPor qu\u00e9 deber\u00eda contratar a un abogado de accidentes de cami\u00f3n para una demanda por homicidio culposo?<\/strong><br>A&nbsp;<a href=\"https:\/\/www.myphillylawyer.com\/es\/zonas-atendidas\/conshohocken\/abogados-de-accidentes-de-camiones\/\" target=\"_blank\" rel=\"noreferrer noopener\">abogado de accidente de cami\u00f3n<\/a>&nbsp;tiene la experiencia para investigar el accidente, reunir y preservar pruebas, tratar con las compa\u00f1\u00edas de camiones, y luchar por la seguridad financiera de su familia. Se centran en el proceso legal para que pueda centrarse en la curaci\u00f3n.<\/p>\n\n\n\n<h2 class=\"wp-block-heading\" id=\"other-resources-about-injuries-medical-impact-after-a-truck-accident\">Otros recursos acerca de las lesiones y el impacto m\u00e9dico despu\u00e9s de un accidente de cami\u00f3n<\/h2>\n\n\n\n<ul class=\"wp-block-list\">\n<li><a href=\"https:\/\/www.myphillylawyer.com\/es\/areas-de-practica\/accidentes-de-trafico-2\/accidentes-de-camion\/perdida-de-ingresos-y-capacidad-de-ganancia-despues-de-un-accidente-de-camion-en-filadelfia\/\">P\u00e9rdida de ingresos y capacidad de ganancia tras un accidente de cami\u00f3n en Philadelphia<\/a><\/li>\n\n\n\n<li><a href=\"https:\/\/www.myphillylawyer.com\/es\/areas-de-practica\/accidentes-de-trafico-2\/accidentes-de-camion\/rehabilitacion-y-recuperacion-a-largo-plazo-tras-un-accidente-de-camion-en-filadelfia\/\">Rehabilitaci\u00f3n y recuperaci\u00f3n a largo plazo tras un accidente de cami\u00f3n Philadelphia<\/a><\/li>\n\n\n\n<li><a href=\"https:\/\/www.myphillylawyer.com\/es\/areas-de-practica\/accidentes-de-trafico-2\/accidentes-de-camion\/trastorno-de-estres-postraumatico-y-angustia-emocional-tras-un-accidente-de-camion-en-filadelfia\/\">TEPT y angustia emocional tras un accidente de cami\u00f3n Philadelphia<\/a><\/li>\n\n\n\n<li><a href=\"https:\/\/www.myphillylawyer.com\/es\/areas-de-practica\/accidentes-de-trafico-2\/accidentes-de-camion\/lesiones-por-quemaduras-de-accidentes-de-camiones-en-filadelfia\/\">Quemaduras por accidente de cami\u00f3n en Philadelphia<\/a><\/li>\n\n\n\n<li><strong>Reclamaciones por homicidio culposo en accidentes de camiones Philadelphia<\/strong><\/li>\n\n\n\n<li><a href=\"https:\/\/www.myphillylawyer.com\/es\/areas-de-practica\/accidentes-de-trafico-2\/accidentes-de-camion\/trauma-psicologico-tras-un-accidente-de-camion-en-filadelfia\/\">Trauma psicol\u00f3gico tras un accidente de cami\u00f3n en Philadelphia<\/a><\/li>\n\n\n\n<li><a href=\"https:\/\/www.myphillylawyer.com\/es\/areas-de-practica\/accidentes-de-trafico-2\/accidentes-de-camion\/lesiones-ortopedicas-graves-por-accidentes-de-camion-en-filadelfia\/\">Lesiones ortop\u00e9dicas graves por accidentes de cami\u00f3n Philadelphia<\/a><\/li>\n\n\n\n<li><a href=\"https:\/\/www.myphillylawyer.com\/es\/areas-de-practica\/accidentes-de-trafico-2\/accidentes-de-camion\/lesiones-medulares-y-paralisis-tras-accidentes-de-camion-en-filadelfia\/\">Lesiones medulares y par\u00e1lisis tras accidentes de cami\u00f3n Philadelphia<\/a><\/li>\n\n\n\n<li><a href=\"https:\/\/www.myphillylawyer.com\/es\/areas-de-practica\/accidentes-de-trafico-2\/accidentes-de-camion\/lesiones-comunes-en-accidentes-de-camiones-en-filadelfia\/\">Lesiones comunes en accidentes de cami\u00f3n en Philadelphia<\/a><\/li>\n\n\n\n<li><a href=\"https:\/\/www.myphillylawyer.com\/es\/areas-de-practica\/accidentes-de-trafico-2\/accidentes-de-camion\/lesiones-cerebrales-traumaticas-por-accidentes-de-camion-en-filadelfia\/\">Da\u00f1o cerebral traum\u00e1tico por accidente de cami\u00f3n en Philadelphia<\/a><\/li>\n<\/ul>","protected":false},"excerpt":{"rendered":"<p>Reclamaciones por homicidio culposo en accidentes de cami\u00f3n Philadelphia Perder a un ser querido en un accidente de cami\u00f3n es una experiencia devastadora. Las familias se enfrentan no s\u00f3lo al dolor emocional, sino tambi\u00e9n a desaf\u00edos financieros y legales. Muchas personas en Philadelphia no saben qu\u00e9 pasos tomar si un miembro de la familia muere debido a la negligencia de un conductor de cami\u00f3n. Presentar una demanda...<\/p>","protected":false},"author":14,"featured_media":0,"parent":247,"menu_order":0,"comment_status":"closed","ping_status":"closed","template":"","meta":{"_acf_changed":false,"footnotes":""},"class_list":["post-14152","page","type-page","status-publish","hentry"],"acf":[],"jetpack_sharing_enabled":true,"_links":{"self":[{"href":"https:\/\/www.myphillylawyer.com\/es\/wp-json\/wp\/v2\/pages\/14152","targetHints":{"allow":["GET"]}}],"collection":[{"href":"https:\/\/www.myphillylawyer.com\/es\/wp-json\/wp\/v2\/pages"}],"about":[{"href":"https:\/\/www.myphillylawyer.com\/es\/wp-json\/wp\/v2\/types\/page"}],"author":[{"embeddable":true,"href":"https:\/\/www.myphillylawyer.com\/es\/wp-json\/wp\/v2\/users\/14"}],"replies":[{"embeddable":true,"href":"https:\/\/www.myphillylawyer.com\/es\/wp-json\/wp\/v2\/comments?post=14152"}],"version-history":[{"count":3,"href":"https:\/\/www.myphillylawyer.com\/es\/wp-json\/wp\/v2\/pages\/14152\/revisions"}],"predecessor-version":[{"id":14209,"href":"https:\/\/www.myphillylawyer.com\/es\/wp-json\/wp\/v2\/pages\/14152\/revisions\/14209"}],"up":[{"embeddable":true,"href":"https:\/\/www.myphillylawyer.com\/es\/wp-json\/wp\/v2\/pages\/247"}],"wp:attachment":[{"href":"https:\/\/www.myphillylawyer.com\/es\/wp-json\/wp\/v2\/media?parent=14152"}],"curies":[{"name":"wp","href":"https:\/\/api.w.org\/{rel}","templated":true}]}}