{"id":14215,"date":"2025-10-20T10:27:39","date_gmt":"2025-10-20T15:27:39","guid":{"rendered":"https:\/\/www.myphillylawyer.com\/?page_id=14215"},"modified":"2025-10-20T11:01:42","modified_gmt":"2025-10-20T16:01:42","slug":"quien-puede-ser-demandado-despues-de-un-accidente-de-camion-en-filadelfia","status":"publish","type":"page","link":"https:\/\/www.myphillylawyer.com\/es\/areas-de-practica\/accidentes-de-trafico-2\/accidentes-de-camion\/quien-puede-ser-demandado-despues-de-un-accidente-de-camion-en-filadelfia\/","title":{"rendered":"\u00bfQui\u00e9n puede ser demandado despu\u00e9s de un accidente de cami\u00f3n en Philadelphia?"},"content":{"rendered":"<h1 class=\"wp-block-heading\" id=\"who-can-be-sued-after-a-truck-accident-in-philadelphia\">\u00bfQui\u00e9n puede ser demandado despu\u00e9s de un accidente de cami\u00f3n en Philadelphia?<\/h1>\n\n\n\n<p>Si usted ha sido herido en un accidente de cami\u00f3n, es probable que est\u00e9 lidiando con el dolor, el estr\u00e9s, y un mont\u00f3n de preguntas acerca de sus pr\u00f3ximos pasos. Una de las preguntas m\u00e1s comunes es: \"\u00bfA qui\u00e9n puedo demandar realmente despu\u00e9s de un accidente de cami\u00f3n en Philadelphia?\" La respuesta no siempre es sencilla porque la responsabilidad puede apuntar a algo m\u00e1s que al conductor del cami\u00f3n. Para asegurarse de obtener la indemnizaci\u00f3n que merece, es importante conocer las diferentes partes que podr\u00edan ser responsables. Trabajar con un experto\u00a0<a href=\"https:\/\/www.myphillylawyer.com\/es\/areas-de-practica\/accidentes-de-trafico-2\/accidentes-de-camion\/\" target=\"_blank\" rel=\"noreferrer noopener\">Philadelphia abogado accidente cami\u00f3n<\/a>\u00a0es su mejor apuesta para proteger sus derechos y dar sentido a sus opciones legales.<\/p>\n\n\n\n<div class=\"wp-block-rank-math-toc-block\" id=\"rank-math-toc\"><h2>\u00cdndice<\/h2><nav><ul><li><a href=\"#who-can-be-sued-after-a-truck-accident-in-philadelphia\">\u00bfQui\u00e9n puede ser demandado despu\u00e9s de un accidente de cami\u00f3n en Philadelphia?<\/a><ul><li><a href=\"#truck-drivers-the-first-point-of-responsibility\">Conductores de camiones: El primer punto de responsabilidad<\/a><\/li><li><a href=\"#trucking-companies-frequently-liable-for-their-drivers\">Empresas de transporte: Frecuentemente responsables de sus conductores<\/a><\/li><li><a href=\"#truck-owners-maintenance-providers-and-cargo-loaders\">Propietarios de camiones, proveedores de mantenimiento y cargadores de mercanc\u00edas<\/a><\/li><li><a href=\"#manufacturers-of-faulty-truck-parts\">Fabricantes de piezas defectuosas para camiones<\/a><\/li><li><a href=\"#government-entities-and-other-drivers\">Entidades gubernamentales y otros impulsores<\/a><\/li><li><a href=\"#frequently-asked-questions-about-who-can-be-sued-after-a-truck-accident-in-philadelphia\">Preguntas frecuentes sobre qui\u00e9n puede ser demandado tras un accidente de cami\u00f3n en Philadelphia<\/a><\/li><li><a href=\"#other-resources-about-parties-liability-in-pennsylvania-truck-accidents\">Otros recursos sobre las partes y la responsabilidad en Pennsylvania accidentes de camiones<\/a><\/li><\/ul><\/li><\/ul><\/nav><\/div>\n\n\n\n<h2 class=\"wp-block-heading\" id=\"truck-drivers-the-first-point-of-responsibility\">Conductores de camiones: El primer punto de responsabilidad<\/h2>\n\n\n\n<p>En casi todas las reclamaciones por accidentes de cami\u00f3n, el conductor del cami\u00f3n es la primera parte que se examina. Si el conductor iba a exceso de velocidad, distra\u00eddo, cansado, bajo la influencia, o simplemente descuidado, puede ser considerado responsable del accidente. La ley de Pennsylvania requiere que los conductores sigan reglas estrictas sobre el descanso, las horas de conducci\u00f3n, y las pr\u00e1cticas seguras. Cuando los conductores rompen estas reglas, ponen a todos en la carretera en riesgo. Por ejemplo, un conductor de cami\u00f3n que se queda dormido al volante porque se salt\u00f3 su descanso podr\u00eda causar f\u00e1cilmente un accidente grave en la I-95 o la autopista Schuylkill.<\/p>\n\n\n\n<p>Pero demandar directamente al conductor no siempre es su \u00fanica opci\u00f3n, ni siquiera la mejor, sobre todo si el conductor trabajaba para una empresa en el momento del accidente. La mayor\u00eda de los conductores no tienen recursos econ\u00f3micos para cubrir los altos costes de una lesi\u00f3n grave, por lo que su&nbsp;<a href=\"https:\/\/www.myphillylawyer.com\/es\/areas-de-practica\/accidentes-de-trafico-2\/accidentes-de-camion\/\" target=\"_blank\" rel=\"noreferrer noopener\">abogado de accidentes de cami\u00f3n en Philadelphia<\/a>&nbsp;buscar\u00e1 otras partes responsables que puedan indemnizarle adecuadamente por sus p\u00e9rdidas.<\/p>\n\n\n\n<h2 class=\"wp-block-heading\" id=\"trucking-companies-frequently-liable-for-their-drivers\">Empresas de transporte: Frecuentemente responsables de sus conductores<\/h2>\n\n\n\n<p>Las empresas de transporte tienen la obligaci\u00f3n legal de contratar a conductores cualificados, formarlos adecuadamente y asegurarse de que sus camiones son seguros. Si la empresa se salt\u00f3 la comprobaci\u00f3n de antecedentes, no form\u00f3 al conductor o le oblig\u00f3 a superar los l\u00edmites horarios, puede ser considerada responsable del accidente. Las empresas tambi\u00e9n son responsables de las acciones de sus conductores en el trabajo. Esto se denomina \"responsabilidad indirecta\", y significa que la empresa puede ser demandada aunque sus directivos no hayan participado directamente en el accidente.<\/p>\n\n\n\n<p>A&nbsp;<a href=\"https:\/\/www.myphillylawyer.com\/es\/zonas-atendidas\/bensalem\/abogados-de-accidentes-de-camiones-2\/\" target=\"_blank\" rel=\"noreferrer noopener\">abogado de accidentes de cami\u00f3n<\/a>&nbsp;sabe c\u00f3mo investigar los registros de seguridad de una empresa de transporte por carretera, los horarios de los conductores, y los registros de mantenimiento para encontrar violaci\u00f3nes. Por ejemplo, si una empresa ignor\u00f3 los frenos desgastados o no arregl\u00f3 problemas conocidos con su flota, esa negligencia puede hacerlos directamente responsables de sus lesiones. Por eso es vital consultar con un abogado especializado.&nbsp;<a href=\"https:\/\/www.myphillylawyer.com\/es\/\" target=\"_blank\" rel=\"noreferrer noopener\">abogado de lesiones personales<\/a>&nbsp;que entienda el sector del transporte por carretera y pueda desvelar todo el panorama.<\/p>\n\n\n\n<h2 class=\"wp-block-heading\" id=\"truck-owners-maintenance-providers-and-cargo-loaders\">Propietarios de camiones, proveedores de mantenimiento y cargadores de mercanc\u00edas<\/h2>\n\n\n\n<p>Es habitual en el mundo del transporte por carretera que el cami\u00f3n, el remolque y la carga sean propiedad o est\u00e9n gestionados por empresas diferentes. Si un mal mantenimiento provoc\u00f3 el revent\u00f3n de un neum\u00e1tico o un fallo de los frenos, se puede demandar al taller o a la empresa responsable del mantenimiento del cami\u00f3n. Del mismo modo, si el remolque se carg\u00f3 incorrectamente y eso provoc\u00f3 el accidente, la empresa de carga podr\u00eda ser declarada culpable.<\/p>\n\n\n\n<p>Supongamos que un cami\u00f3n vuelca en Broad Street porque la carga se ha desplazado al girar. Una investigaci\u00f3n podr\u00eda revelar que la carga se carg\u00f3 de forma desigual o no estaba bien sujeta. En ese caso, un&nbsp;<a href=\"https:\/\/www.myphillylawyer.com\/es\/zonas-atendidas\/conshohocken\/abogados-de-accidentes-de-camiones\/\" target=\"_blank\" rel=\"noreferrer noopener\">abogado de accidente de cami\u00f3n<\/a>&nbsp;podr\u00eda responsabilizar a la empresa de carga de tus lesiones. Estos casos pueden complicarse porque es posible que tengas que ir detr\u00e1s de m\u00e1s de una empresa para conseguir la indemnizaci\u00f3n que mereces.<\/p>\n\n\n\n<h2 class=\"wp-block-heading\" id=\"manufacturers-of-faulty-truck-parts\">Fabricantes de piezas defectuosas para camiones<\/h2>\n\n\n\n<p>A veces, un accidente de cami\u00f3n est\u00e1 causado por un mal funcionamiento del equipo, como frenos, sistemas de direcci\u00f3n o neum\u00e1ticos defectuosos. Si una pieza defectuosa contribuy\u00f3 al accidente, la empresa que fabric\u00f3 o suministr\u00f3 esa pieza puede ser considerada responsable en una demanda de responsabilidad por productos defectuosos. Por ejemplo, si un neum\u00e1tico revent\u00f3 a pesar de que era bastante nuevo y estaba en buen estado, es posible demandar al fabricante por fabricar un producto peligroso.<\/p>\n\n\n\n<p>Estos casos suelen requerir una investigaci\u00f3n en profundidad y pruebas s\u00f3lidas. A&nbsp;<a href=\"https:\/\/www.myphillylawyer.com\/es\/zonas-atendidas\/jenkintown\/abogados-de-accidentes-de-camiones-2\/\" target=\"_blank\" rel=\"noreferrer noopener\">abogado de lesiones de camiones<\/a>&nbsp;puede traer reconstructores de accidentes e ingenieros para demostrar exactamente c\u00f3mo una pieza defectuosa contribuy\u00f3 a sus lesiones. Esta es otra raz\u00f3n por la que usted necesita un equipo legal con experiencia en el manejo de todos los aspectos de las reclamaciones de accidentes de camiones.<\/p>\n\n\n\n<h2 class=\"wp-block-heading\" id=\"government-entities-and-other-drivers\">Entidades gubernamentales y otros impulsores<\/h2>\n\n\n\n<p>No todos los accidentes de cami\u00f3n est\u00e1n causados por el camionero o su empresa. El mal estado de las carreteras, la falta de se\u00f1ales o las se\u00f1ales de tr\u00e1fico defectuosas tambi\u00e9n pueden provocar accidentes. En estos casos, se podr\u00eda demandar a una administraci\u00f3n local o estatal por no mantener unas carreteras seguras. Hay normas y plazos especiales para estas demandas, por lo que debe actuar con rapidez y ponerse en contacto con un abogado.&nbsp;<a href=\"https:\/\/www.myphillylawyer.com\/es\/\" target=\"_blank\" rel=\"noreferrer noopener\">Philadelphia abogado de lesiones personales<\/a>.<\/p>\n\n\n\n<p>A veces, otro conductor provoca el accidente al detenerse repentinamente, cortar el paso al cami\u00f3n o actuar de forma imprudente. En los accidentes de varios veh\u00edculos, m\u00e1s de una parte puede compartir la responsabilidad. Un experto&nbsp;<a href=\"https:\/\/www.myphillylawyer.com\/es\/zonas-atendidas\/norristown\/abogados-de-accidentes-de-camiones-2\/\" target=\"_blank\" rel=\"noreferrer noopener\">abogado de accidente de cami\u00f3n<\/a>&nbsp;investigar\u00e1 las grabaciones de las c\u00e1maras de tr\u00e1fico, las declaraciones de los testigos y los informes policiales para asegurarse de que todos los responsables rindan cuentas.<\/p>\n\n\n\n<h2 class=\"wp-block-heading\" id=\"frequently-asked-questions-about-who-can-be-sued-after-a-truck-accident-in-philadelphia\">Preguntas frecuentes sobre qui\u00e9n puede ser demandado tras un accidente de cami\u00f3n en Philadelphia<\/h2>\n\n\n\n<p><strong>\u00bfCon qui\u00e9n debo ponerme en contacto en primer lugar si he resultado herido en un accidente de cami\u00f3n en Philadelphia?<\/strong><br>Si has sufrido lesiones, busca atenci\u00f3n m\u00e9dica inmediatamente. Una vez que est\u00e9s a salvo, ponte en contacto con un&nbsp;<a href=\"https:\/\/www.myphillylawyer.com\/es\/areas-de-practica\/accidentes-de-trafico-2\/accidentes-de-camion\/\" target=\"_blank\" rel=\"noreferrer noopener\">Philadelphia abogado accidente cami\u00f3n<\/a>. Cuanto antes llame, m\u00e1s r\u00e1pido podr\u00e1 su abogado reunir pruebas y empezar a construir su caso.<\/p>\n\n\n\n<p><strong>\u00bfPuedo demandar a m\u00e1s de una persona o empresa tras un accidente de cami\u00f3n?<\/strong><br>S\u00ed, es com\u00fan que varias partes compartan la culpa en un accidente de cami\u00f3n. Usted puede presentar reclamaciones contra el conductor, su empleador, el propietario del cami\u00f3n, los proveedores de mantenimiento, o incluso agencias gubernamentales si sus acciones contribuyeron a sus lesiones. Un abogado con experiencia&nbsp;<a href=\"https:\/\/www.myphillylawyer.com\/es\/zonas-atendidas\/wayne\/abogados-de-accidentes-de-camiones-2\/\" target=\"_blank\" rel=\"noreferrer noopener\">abogado de accidentes de cami\u00f3n<\/a>&nbsp;puede ayudarle a identificar a todos los responsables.<\/p>\n\n\n\n<p><strong>\u00bfY si la empresa de transporte dice que el conductor es un contratista independiente?<\/strong><br>Las empresas suelen alegar que los conductores son contratistas independientes para eludir su responsabilidad. Pero los tribunales se fijan en el grado de control que tiene la empresa sobre el trabajo del conductor. Si la empresa fija los horarios, controla las rutas o es propietaria del cami\u00f3n, puede ser responsable. Hable con un&nbsp;<a href=\"https:\/\/www.myphillylawyer.com\/es\/zonas-atendidas\/upper-darby\/abogados-de-accidentes-de-camiones-2\/\" target=\"_blank\" rel=\"noreferrer noopener\">abogado de accidente de cami\u00f3n<\/a>&nbsp;que pueda investigar la relaci\u00f3n y luchar por sus derechos.<\/p>\n\n\n\n<p><strong>\u00bfNecesito realmente un abogado para mi caso?<\/strong><br>Los casos de accidentes de cami\u00f3n son complejos. Las compa\u00f1\u00edas de seguros y las empresas de camiones tienen equipos que trabajan para pagar lo menos posible. A&nbsp;<a href=\"https:\/\/www.myphillylawyer.com\/es\/\" target=\"_blank\" rel=\"noreferrer noopener\">Philadelphia abogado de lesiones personales<\/a>&nbsp;conoce las leyes, los plazos y los trucos que utilizan estas compa\u00f1\u00edas. Obtener ayuda legal puede marcar la diferencia entre un acuerdo bajo y una indemnizaci\u00f3n completa por sus lesiones, p\u00e9rdidas y dolor.<\/p>\n\n\n\n<h2 class=\"wp-block-heading\" id=\"other-resources-about-parties-liability-in-pennsylvania-truck-accidents\">Otros recursos sobre las partes y la responsabilidad en Pennsylvania accidentes de camiones<\/h2>\n\n\n\n<ul class=\"wp-block-list\">\n<li><a href=\"https:\/\/www.myphillylawyer.com\/es\/areas-de-practica\/accidentes-de-trafico-2\/accidentes-de-camion\/impacto-de-las-leyes-federales-de-transporte-por-carretera-del-estado-de-pennsylvania-sobre-la-responsabilidad\/\">Impacto de las Leyes Federales y Estatales de Pennsylvania sobre Responsabilidad Civil<\/a><\/li>\n\n\n\n<li><a href=\"https:\/\/www.myphillylawyer.com\/es\/areas-de-practica\/accidentes-de-trafico-2\/accidentes-de-camion\/limites-y-topes-de-danos-en-filadelfia\/\">L\u00edmites y topes de da\u00f1os y perjuicios en Philadelphia<\/a><\/li>\n\n\n\n<li><a href=\"https:\/\/www.myphillylawyer.com\/es\/areas-de-practica\/accidentes-de-trafico-2\/accidentes-de-camion\/negligencia-comparativa-en-accidentes-de-camiones-en-pennsylvania\/\">Negligencia Comparativa en Accidentes de Cami\u00f3n en Pennsylvania<\/a><\/li>\n\n\n\n<li><a href=\"https:\/\/www.myphillylawyer.com\/es\/areas-de-practica\/accidentes-de-trafico-2\/accidentes-de-camion\/empleador-vs-contratista-independiente-cuestiones-despues-de-filadelfia-accidente-de-camion\/\">Cuestiones de empleador frente a contratista independiente tras el accidente del cami\u00f3n Philadelphia<\/a><\/li>\n\n\n\n<li><a href=\"https:\/\/www.myphillylawyer.com\/es\/areas-de-practica\/accidentes-de-trafico-2\/accidentes-de-camion\/responsabilidad-del-gobierno-por-defectos-viales-en-filadelfia\/\">Responsabilidad de las administraciones p\u00fablicas por los defectos de la calzada en Philadelphia<\/a><\/li>\n\n\n\n<li><a href=\"https:\/\/www.myphillylawyer.com\/es\/areas-de-practica\/accidentes-de-trafico-2\/accidentes-de-camion\/responsabilidad-por-productos-defectuosos-piezas-de-camiones-en-filadelfia\/\">Responsabilidad del producto por piezas defectuosas de camiones en Philadelphia<\/a><\/li>\n\n\n\n<li><a href=\"https:\/\/www.myphillylawyer.com\/es\/areas-de-practica\/accidentes-de-trafico-2\/accidentes-de-camion\/responsabilidad-de-las-empresas-de-mantenimiento-a-terceros-en-filadelfia\/\">Responsabilidad de terceras empresas de mantenimiento en Philadelphia<\/a><\/li>\n\n\n\n<li><a href=\"https:\/\/www.myphillylawyer.com\/es\/areas-de-practica\/accidentes-de-trafico-2\/accidentes-de-camion\/responsabilidad-del-agente-y-del-expedidor-en-filadelfia\/\">Responsabilidad de intermediarios y expedidores en Philadelphia<\/a><\/li>\n\n\n\n<li><a href=\"https:\/\/www.myphillylawyer.com\/es\/areas-de-practica\/accidentes-de-trafico-2\/accidentes-de-camion\/responsabilidad-indirecta-empresas-de-transporte-contra-los-conductores-en-filadelfia\/\">Responsabilidad vicaria: Las empresas de transporte frente a los conductores en Philadelphia<\/a><\/li>\n\n\n\n<li><strong>\u00bfQui\u00e9n puede ser demandado despu\u00e9s de un accidente de cami\u00f3n en Philadelphia?<\/strong><\/li>\n<\/ul>","protected":false},"excerpt":{"rendered":"<p>\u00bfA qui\u00e9n se puede demandar despu\u00e9s de un accidente de cami\u00f3n en Philadelphia? Si ha resultado lesionado en un accidente de cami\u00f3n, probablemente est\u00e9 lidiando con el dolor, el estr\u00e9s y muchas preguntas sobre los pasos a seguir. Una de las preguntas m\u00e1s comunes es: \u201c\u00bfA qui\u00e9n puedo demandar despu\u00e9s de un accidente de cami\u00f3n en Philadelphia?\u201d. La respuesta no siempre es...<\/p>","protected":false},"author":14,"featured_media":0,"parent":247,"menu_order":0,"comment_status":"closed","ping_status":"closed","template":"","meta":{"_acf_changed":false,"footnotes":""},"class_list":["post-14215","page","type-page","status-publish","hentry"],"acf":[],"jetpack_sharing_enabled":true,"_links":{"self":[{"href":"https:\/\/www.myphillylawyer.com\/es\/wp-json\/wp\/v2\/pages\/14215","targetHints":{"allow":["GET"]}}],"collection":[{"href":"https:\/\/www.myphillylawyer.com\/es\/wp-json\/wp\/v2\/pages"}],"about":[{"href":"https:\/\/www.myphillylawyer.com\/es\/wp-json\/wp\/v2\/types\/page"}],"author":[{"embeddable":true,"href":"https:\/\/www.myphillylawyer.com\/es\/wp-json\/wp\/v2\/users\/14"}],"replies":[{"embeddable":true,"href":"https:\/\/www.myphillylawyer.com\/es\/wp-json\/wp\/v2\/comments?post=14215"}],"version-history":[{"count":4,"href":"https:\/\/www.myphillylawyer.com\/es\/wp-json\/wp\/v2\/pages\/14215\/revisions"}],"predecessor-version":[{"id":14263,"href":"https:\/\/www.myphillylawyer.com\/es\/wp-json\/wp\/v2\/pages\/14215\/revisions\/14263"}],"up":[{"embeddable":true,"href":"https:\/\/www.myphillylawyer.com\/es\/wp-json\/wp\/v2\/pages\/247"}],"wp:attachment":[{"href":"https:\/\/www.myphillylawyer.com\/es\/wp-json\/wp\/v2\/media?parent=14215"}],"curies":[{"name":"wp","href":"https:\/\/api.w.org\/{rel}","templated":true}]}}