{"id":14223,"date":"2025-10-20T10:37:55","date_gmt":"2025-10-20T15:37:55","guid":{"rendered":"https:\/\/www.myphillylawyer.com\/?page_id=14223"},"modified":"2025-10-20T11:02:32","modified_gmt":"2025-10-20T16:02:32","slug":"responsabilidad-de-las-empresas-de-mantenimiento-a-terceros-en-filadelfia","status":"publish","type":"page","link":"https:\/\/www.myphillylawyer.com\/es\/areas-de-practica\/accidentes-de-trafico-2\/accidentes-de-camion\/responsabilidad-de-las-empresas-de-mantenimiento-a-terceros-en-filadelfia\/","title":{"rendered":"Responsabilidad de terceras empresas de mantenimiento en Philadelphia"},"content":{"rendered":"<h1 class=\"wp-block-heading\" id=\"liability-of-third-party-maintenance-companies-in-philadelphia\">Responsabilidad de terceras empresas de mantenimiento en Philadelphia<\/h1>\n\n\n\n<p>Cuando se produce un accidente de cami\u00f3n en las carreteras Philadelphia, la mayor\u00eda de la gente s\u00f3lo piensa en el conductor o en la empresa de transporte. Pero \u00bfsab\u00eda usted que las empresas de mantenimiento de terceros tambi\u00e9n pueden ser consideradas responsables? Estas empresas desempe\u00f1an un papel clave en la seguridad de los camiones en la carretera. Si toman atajos o cometen errores, sus acciones pueden provocar accidentes graves. La comprensi\u00f3n de c\u00f3mo funciona la responsabilidad ayuda si usted o un ser querido ha sido herido en un accidente de cami\u00f3n y necesita un&nbsp;<a href=\"https:\/\/www.myphillylawyer.com\/es\/areas-de-practica\/accidentes-de-trafico-2\/accidentes-de-camion\/\" target=\"_blank\" rel=\"noreferrer noopener\">Philadelphia abogado accidente cami\u00f3n<\/a>.<\/p>\n\n\n\n<div class=\"wp-block-rank-math-toc-block\" id=\"rank-math-toc\"><h2>\u00cdndice<\/h2><nav><ul><li><a href=\"#liability-of-third-party-maintenance-companies-in-philadelphia\">Responsabilidad de terceras empresas de mantenimiento en Philadelphia<\/a><ul><li><a href=\"#what-is-a-third-party-maintenance-company-and-why-does-it-matter\">\u00bfQu\u00e9 es una empresa de mantenimiento externa y por qu\u00e9 es importante?<\/a><\/li><li><a href=\"#common-ways-maintenance-failures-cause-truck-accidents\">Maneras comunes en que los fallos de mantenimiento causan accidentes de camiones<\/a><\/li><li><a href=\"#legal-standards-for-proving-maintenance-company-liability\">Normas legales para probar la responsabilidad de la empresa de mantenimiento<\/a><\/li><li><a href=\"#how-maintenance-company-liability-affects-your-truck-accident-claim\">C\u00f3mo afecta la responsabilidad de la empresa de mantenimiento a su reclamaci\u00f3n por accidente de cami\u00f3n<\/a><\/li><li><a href=\"#how-my-philly-lawyer-can-help-after-a-truck-accident-involving-maintenance-negligence\">C\u00f3mo MyPhillyLawyer puede ayudar despu\u00e9s de un accidente de cami\u00f3n que implica negligencia de mantenimiento<\/a><\/li><li><a href=\"#frequently-asked-questions-about-liability-of-third-party-maintenance-companies-in-philadelphia\">Preguntas frecuentes sobre la responsabilidad de empresas de mantenimiento ajenas en Philadelphia<\/a><\/li><li><a href=\"#other-resources-about-parties-liability-in-pennsylvania-truck-accidents\">Otros recursos sobre las partes y la responsabilidad en Pennsylvania accidentes de camiones<\/a><\/li><\/ul><\/li><\/ul><\/nav><\/div>\n\n\n\n<h2 class=\"wp-block-heading\" id=\"what-is-a-third-party-maintenance-company-and-why-does-it-matter\">\u00bfQu\u00e9 es una empresa de mantenimiento externa y por qu\u00e9 es importante?<\/h2>\n\n\n\n<p>Las empresas de transporte suelen contratar a empresas de mantenimiento externas para que inspeccionen, reparen y mantengan sus veh\u00edculos. Estas empresas externas se encargan de tareas como la revisi\u00f3n de frenos, la sustituci\u00f3n de neum\u00e1ticos y las inspecciones rutinarias. Cuando no hacen su trabajo con seguridad, todos los que circulan por la carretera corren peligro. En Philly, las carreteras con mucho tr\u00e1fico y las estrechas calles de las ciudades hacen que el mantenimiento regular de los camiones sea a\u00fan m\u00e1s importante.<\/p>\n\n\n\n<p>Imag\u00ednese que los frenos de un cami\u00f3n fallan en la I-76. Si los registros demuestran que una empresa de mantenimiento ignor\u00f3 el desgaste de las pastillas de freno, pueden ser demandados. Si los registros muestran que una empresa de mantenimiento ignor\u00f3 las pastillas de freno desgastadas, pueden ser llevados a un juicio. La ley de Pensilvania permite a las v\u00edctimas reclamar da\u00f1os y perjuicios a estas empresas si su negligencia provoc\u00f3 el accidente. Esto significa m\u00e1s opciones de compensaci\u00f3n, y hace que cada parte responsable rinda cuentas.<\/p>\n\n\n\n<h2 class=\"wp-block-heading\" id=\"common-ways-maintenance-failures-cause-truck-accidents\">Maneras comunes en que los fallos de mantenimiento causan accidentes de camiones<\/h2>\n\n\n\n<p>Los errores de mantenimiento pueden adoptar muchas formas. A veces, los t\u00e9cnicos pasan por alto problemas evidentes. Otras veces, utilizan piezas defectuosas o se precipitan en las inspecciones. He aqu\u00ed algunos ejemplos comunes que suelen aparecer en los casos de accidente de cami\u00f3n Philadelphia:<\/p>\n\n\n\n<ul class=\"wp-block-list\">\n<li><strong>Fallos en los frenos:<\/strong>\u00a0Los frenos desgastados o mal instalados son una de las principales causas de accidentes de camiones. Una simple omisi\u00f3n en el mantenimiento puede provocar colisiones m\u00faltiples.<\/li>\n\n\n\n<li><strong>Reventones de neum\u00e1ticos:<\/strong>\u00a0Los neum\u00e1ticos viejos o poco inflados pueden reventar y descontrolar un cami\u00f3n pesado.<\/li>\n\n\n\n<li><strong>Problemas de alumbrado y se\u00f1alizaci\u00f3n:<\/strong>\u00a0Las luces o intermitentes rotos dificultan que otros conductores puedan predecir el pr\u00f3ximo movimiento de un cami\u00f3n, especialmente de noche.<\/li>\n\n\n\n<li><strong>Problemas de direcci\u00f3n y suspensi\u00f3n:<\/strong>\u00a0Sin comprobaciones peri\u00f3dicas, la direcci\u00f3n puede aflojarse y el cami\u00f3n puede desviarse hacia otros carriles.<\/li>\n<\/ul>\n\n\n\n<p>Cuando trabaje con un&nbsp;<a href=\"https:\/\/www.myphillylawyer.com\/es\/zonas-atendidas\/arboleda-de-sauces\/abogados-de-accidentes-de-camiones\/\" target=\"_blank\" rel=\"noreferrer noopener\">abogado de accidentes de cami\u00f3n<\/a>Si una empresa de mantenimiento es culpable, puede ser considerada responsable de sus lesiones y p\u00e9rdidas. Si la culpa es de una empresa de mantenimiento ajena, puede ser considerada responsable de tus lesiones y p\u00e9rdidas.<\/p>\n\n\n\n<h2 class=\"wp-block-heading\" id=\"legal-standards-for-proving-maintenance-company-liability\">Normas legales para probar la responsabilidad de la empresa de mantenimiento<\/h2>\n\n\n\n<p>Para ganar un caso contra una empresa de mantenimiento de terceros, su abogado debe demostrar que la empresa fue negligente. Esto significa demostrar que la empresa ten\u00eda el deber de mantener el cami\u00f3n seguro, no cumpli\u00f3 con ese deber, y que este fracaso caus\u00f3 el accidente. En Pennsylvania, los registros detallados de mantenimiento son requeridos por la ley. Estos registros pueden revelar inspecciones omitidas, mec\u00e1nicos no cualificados, o llamadas a revisi\u00f3n no realizadas.<\/p>\n\n\n\n<p>Por ejemplo, su&nbsp;<a href=\"https:\/\/www.myphillylawyer.com\/es\/areas-de-practica\/accidentes-de-trafico-2\/accidentes-de-camion\/\" target=\"_blank\" rel=\"noreferrer noopener\">abogado de accidentes de cami\u00f3n en Philadelphia<\/a>&nbsp;podr\u00eda descubrir que una empresa de mantenimiento s\u00f3lo revis\u00f3 los frenos visualmente, ignorando una conocida llamada a revisi\u00f3n del fabricante. O tal vez contrataron a personal sin la formaci\u00f3n adecuada. Si estos problemas provocaron el accidente, la empresa de mantenimiento puede ser condenada a pagar da\u00f1os y perjuicios, ayud\u00e1ndote a cubrir facturas m\u00e9dicas, salarios perdidos y dolor y sufrimiento.<\/p>\n\n\n\n<p>Las empresas de camiones y sus aseguradoras a menudo intentan desviar la culpa de los proveedores de mantenimiento. Un experto&nbsp;<a href=\"https:\/\/www.myphillylawyer.com\/es\/zonas-atendidas\/wayne\/abogados-de-accidentes-de-camiones-2\/\" target=\"_blank\" rel=\"noreferrer noopener\">abogado de accidentes de cami\u00f3n<\/a>&nbsp;sabe c\u00f3mo rebatir estos argumentos y construir un caso s\u00f3lido, utilizando tanto conocimientos t\u00e9cnicos como jur\u00eddicos.<\/p>\n\n\n\n<h2 class=\"wp-block-heading\" id=\"how-maintenance-company-liability-affects-your-truck-accident-claim\">C\u00f3mo afecta la responsabilidad de la empresa de mantenimiento a su reclamaci\u00f3n por accidente de cami\u00f3n<\/h2>\n\n\n\n<p>Interponer una demanda contra una empresa de mantenimiento ajena suele implicar tratar con varias compa\u00f1\u00edas de seguros y abogados defensores. Estos casos pueden ser dif\u00edciles, con cada parte tratando de evitar la culpa. Si un accidente de cami\u00f3n en una calle Philadelphia est\u00e1 relacionado con un mantenimiento deficiente, su reclamaci\u00f3n puede incluir no s\u00f3lo a la empresa de camiones, sino tambi\u00e9n a la empresa de mantenimiento, los fabricantes o los proveedores de piezas.<\/p>\n\n\n\n<p>\u00bfPor qu\u00e9 es importante para su acuerdo? M\u00e1s acusados a menudo significan una mayor probabilidad de una indemnizaci\u00f3n justa, ya que m\u00e1s p\u00f3lizas de seguros est\u00e1n en juego. Adem\u00e1s, responsabilizar a todas las partes ayuda a prevenir futuros accidentes. A&nbsp;<a href=\"https:\/\/www.myphillylawyer.com\/es\/zonas-atendidas\/upper-darby\/abogados-de-accidentes-de-camiones-2\/\" target=\"_blank\" rel=\"noreferrer noopener\">abogado de lesiones de camiones<\/a>&nbsp;sabe c\u00f3mo identificar a cada parte responsable y asegurarse de que usted obtenga la recuperaci\u00f3n que se merece.<\/p>\n\n\n\n<p>Al elegir un&nbsp;<a href=\"https:\/\/www.myphillylawyer.com\/es\/\" target=\"_blank\" rel=\"noreferrer noopener\">Philadelphia abogado de lesiones personales<\/a>Busque un equipo que sepa c\u00f3mo gestionar estos casos con varias partes. Deben saber c\u00f3mo reunir pruebas fundamentales y negociar con las aseguradoras que intentar\u00e1n limitar los pagos. Su salud, sus finanzas y sus derechos son demasiado importantes para dejarlos al azar.<\/p>\n\n\n\n<h2 class=\"wp-block-heading\" id=\"how-my-philly-lawyer-can-help-after-a-truck-accident-involving-maintenance-negligence\">C\u00f3mo MyPhillyLawyer puede ayudar despu\u00e9s de un accidente de cami\u00f3n que implica negligencia de mantenimiento<\/h2>\n\n\n\n<p>Si ha resultado herido en un accidente de cami\u00f3n en Philadelphia, no intente ir por libre. Los casos en los que est\u00e1n implicadas empresas de mantenimiento de terceros son complejos. Necesita un&nbsp;<a href=\"https:\/\/www.myphillylawyer.com\/es\/zonas-atendidas\/norristown\/abogados-de-accidentes-de-camiones-2\/\" target=\"_blank\" rel=\"noreferrer noopener\">abogado de accidente de cami\u00f3n<\/a>&nbsp;que luchar\u00e1 por usted desde el primer d\u00eda. En MyPhillyLawyer, indagamos en los detalles, rastreamos los registros de mantenimiento y trabajamos con profesionales del sector para demostrar qu\u00e9 fall\u00f3.<\/p>\n\n\n\n<p>Sabemos c\u00f3mo tratar con empresas de transporte, aseguradoras y empresas externas de mantenimiento. Nuestro equipo trabaja para conseguir pruebas antes de que desaparezcan y se enfrenta a cualquiera que intente eludir su responsabilidad. Trabajamos sobre una base de contingencia, por lo que nunca paga a menos que ganemos su caso.<\/p>\n\n\n\n<p>Cuando usted elige MyPhillyLawyer, se obtiene una atenci\u00f3n personalizada y un equipo que le trata con respeto. Conocemos el impacto que un accidente de cami\u00f3n puede tener en su vida, desde estancias en el hospital hasta faltas al trabajo y el estr\u00e9s emocional de la recuperaci\u00f3n. Perm\u00edtanos manejar la lucha legal para que pueda centrarse en la curaci\u00f3n.<\/p>\n\n\n\n<h2 class=\"wp-block-heading\" id=\"frequently-asked-questions-about-liability-of-third-party-maintenance-companies-in-philadelphia\">Preguntas frecuentes sobre la responsabilidad de empresas de mantenimiento ajenas en Philadelphia<\/h2>\n\n\n\n<p><strong>\u00bfC\u00f3mo puedo saber si una empresa de mantenimiento es responsable de mi accidente de cami\u00f3n en Philadelphia?<\/strong><br>Una cualificada&nbsp;<a href=\"https:\/\/www.myphillylawyer.com\/es\/zonas-atendidas\/jenkintown\/abogados-de-accidentes-de-camiones-2\/\" target=\"_blank\" rel=\"noreferrer noopener\">abogado de accidentes de cami\u00f3n<\/a>&nbsp;puede investigar su caso, revisar los registros de mantenimiento y determinar si una empresa externa desempe\u00f1\u00f3 alg\u00fan papel. La responsabilidad de las empresas de mantenimiento suele aparecer en los registros de inspecci\u00f3n o en las entrevistas con los mec\u00e1nicos.<\/p>\n\n\n\n<p><strong>\u00bfQu\u00e9 indemnizaci\u00f3n puedo obtener si se declara culpable a una empresa de mantenimiento ajena?<\/strong><br>Si la responsable es una empresa de mantenimiento, usted puede reclamar da\u00f1os y perjuicios por facturas m\u00e9dicas, p\u00e9rdida de ingresos, dolor y sufrimiento, etc. Su&nbsp;<a href=\"https:\/\/www.myphillylawyer.com\/es\/\" target=\"_blank\" rel=\"noreferrer noopener\">abogado de lesiones personales<\/a>&nbsp;perseguir\u00e1 todas las fuentes de recuperaci\u00f3n, incluidas todas las compa\u00f1\u00edas de seguros responsables.<\/p>\n\n\n\n<p><strong>\u00bfLas empresas de mantenimiento est\u00e1n cubiertas por el seguro en caso de accidente de cami\u00f3n en Philadelphia?<\/strong><br>S\u00ed, la mayor\u00eda de las empresas de mantenimiento acreditadas tienen un seguro de responsabilidad civil para este tipo de situaciones. A&nbsp;<a href=\"https:\/\/www.myphillylawyer.com\/es\/zonas-atendidas\/conshohocken\/abogados-de-accidentes-de-camiones\/\" target=\"_blank\" rel=\"noreferrer noopener\">abogado de lesiones de camiones<\/a>&nbsp;identificar\u00e1 todas las p\u00f3lizas de seguro disponibles para maximizar su indemnizaci\u00f3n.<\/p>\n\n\n\n<p><strong>\u00bfPuedo demandar al mismo tiempo a la empresa de camiones y a la de mantenimiento?<\/strong><br>Absolutamente. La ley de Pennsylvania le permite presentar una demanda contra todas las partes cuya negligencia caus\u00f3 sus lesiones. Un experto&nbsp;<a href=\"https:\/\/www.myphillylawyer.com\/es\/areas-de-practica\/accidentes-de-trafico-2\/accidentes-de-camion\/\" target=\"_blank\" rel=\"noreferrer noopener\">Philadelphia abogado accidente cami\u00f3n<\/a>&nbsp;se asegurar\u00e1 de que todas las partes responsables rindan cuentas por los da\u00f1os sufridos.<\/p>\n\n\n\n<h2 class=\"wp-block-heading\" id=\"other-resources-about-parties-liability-in-pennsylvania-truck-accidents\">Otros recursos sobre las partes y la responsabilidad en Pennsylvania accidentes de camiones<\/h2>\n\n\n\n<ul class=\"wp-block-list\">\n<li><a href=\"https:\/\/www.myphillylawyer.com\/es\/areas-de-practica\/accidentes-de-trafico-2\/accidentes-de-camion\/impacto-de-las-leyes-federales-de-transporte-por-carretera-del-estado-de-pennsylvania-sobre-la-responsabilidad\/\">Impacto de las Leyes Federales y Estatales de Pennsylvania sobre Responsabilidad Civil<\/a><\/li>\n\n\n\n<li><a href=\"https:\/\/www.myphillylawyer.com\/es\/areas-de-practica\/accidentes-de-trafico-2\/accidentes-de-camion\/limites-y-topes-de-danos-en-filadelfia\/\">L\u00edmites y topes de da\u00f1os y perjuicios en Philadelphia<\/a><\/li>\n\n\n\n<li><a href=\"https:\/\/www.myphillylawyer.com\/es\/areas-de-practica\/accidentes-de-trafico-2\/accidentes-de-camion\/negligencia-comparativa-en-accidentes-de-camiones-en-pennsylvania\/\">Negligencia Comparativa en Accidentes de Cami\u00f3n en Pennsylvania<\/a><\/li>\n\n\n\n<li><a href=\"https:\/\/www.myphillylawyer.com\/es\/areas-de-practica\/accidentes-de-trafico-2\/accidentes-de-camion\/empleador-vs-contratista-independiente-cuestiones-despues-de-filadelfia-accidente-de-camion\/\">Cuestiones de empleador frente a contratista independiente tras el accidente del cami\u00f3n Philadelphia<\/a><\/li>\n\n\n\n<li><a href=\"https:\/\/www.myphillylawyer.com\/es\/areas-de-practica\/accidentes-de-trafico-2\/accidentes-de-camion\/responsabilidad-del-gobierno-por-defectos-viales-en-filadelfia\/\">Responsabilidad de las administraciones p\u00fablicas por los defectos de la calzada en Philadelphia<\/a><\/li>\n\n\n\n<li><a href=\"https:\/\/www.myphillylawyer.com\/es\/areas-de-practica\/accidentes-de-trafico-2\/accidentes-de-camion\/responsabilidad-por-productos-defectuosos-piezas-de-camiones-en-filadelfia\/\">Responsabilidad del producto por piezas defectuosas de camiones en Philadelphia<\/a><\/li>\n\n\n\n<li><strong>Responsabilidad de terceras empresas de mantenimiento en Philadelphia<\/strong><\/li>\n\n\n\n<li><a href=\"https:\/\/www.myphillylawyer.com\/es\/areas-de-practica\/accidentes-de-trafico-2\/accidentes-de-camion\/responsabilidad-del-agente-y-del-expedidor-en-filadelfia\/\">Responsabilidad de intermediarios y expedidores en Philadelphia<\/a><\/li>\n\n\n\n<li><a href=\"https:\/\/www.myphillylawyer.com\/es\/areas-de-practica\/accidentes-de-trafico-2\/accidentes-de-camion\/responsabilidad-indirecta-empresas-de-transporte-contra-los-conductores-en-filadelfia\/\">Responsabilidad vicaria: Las empresas de transporte frente a los conductores en Philadelphia<\/a><\/li>\n\n\n\n<li><a href=\"https:\/\/www.myphillylawyer.com\/es\/areas-de-practica\/accidentes-de-trafico-2\/accidentes-de-camion\/quien-puede-ser-demandado-despues-de-un-accidente-de-camion-en-filadelfia\/\">\u00bfQui\u00e9n puede ser demandado despu\u00e9s de un accidente de cami\u00f3n en Philadelphia?<\/a><\/li>\n<\/ul>","protected":false},"excerpt":{"rendered":"<p>Responsabilidad de las empresas de mantenimiento externas en Philadelphia Cuando se produce un accidente de cami\u00f3n en las carreteras Philadelphia, la mayor\u00eda de la gente solo piensa en el conductor o en la empresa de transporte. Pero, \u00bfsab\u00eda que las empresas de mantenimiento externas tambi\u00e9n pueden ser consideradas responsables? Estas empresas desempe\u00f1an un papel fundamental en la seguridad de los camiones en la carretera. Si recortan...<\/p>","protected":false},"author":14,"featured_media":0,"parent":247,"menu_order":0,"comment_status":"closed","ping_status":"closed","template":"","meta":{"_acf_changed":false,"footnotes":""},"class_list":["post-14223","page","type-page","status-publish","hentry"],"acf":[],"jetpack_sharing_enabled":true,"_links":{"self":[{"href":"https:\/\/www.myphillylawyer.com\/es\/wp-json\/wp\/v2\/pages\/14223","targetHints":{"allow":["GET"]}}],"collection":[{"href":"https:\/\/www.myphillylawyer.com\/es\/wp-json\/wp\/v2\/pages"}],"about":[{"href":"https:\/\/www.myphillylawyer.com\/es\/wp-json\/wp\/v2\/types\/page"}],"author":[{"embeddable":true,"href":"https:\/\/www.myphillylawyer.com\/es\/wp-json\/wp\/v2\/users\/14"}],"replies":[{"embeddable":true,"href":"https:\/\/www.myphillylawyer.com\/es\/wp-json\/wp\/v2\/comments?post=14223"}],"version-history":[{"count":3,"href":"https:\/\/www.myphillylawyer.com\/es\/wp-json\/wp\/v2\/pages\/14223\/revisions"}],"predecessor-version":[{"id":14266,"href":"https:\/\/www.myphillylawyer.com\/es\/wp-json\/wp\/v2\/pages\/14223\/revisions\/14266"}],"up":[{"embeddable":true,"href":"https:\/\/www.myphillylawyer.com\/es\/wp-json\/wp\/v2\/pages\/247"}],"wp:attachment":[{"href":"https:\/\/www.myphillylawyer.com\/es\/wp-json\/wp\/v2\/media?parent=14223"}],"curies":[{"name":"wp","href":"https:\/\/api.w.org\/{rel}","templated":true}]}}