{"id":14226,"date":"2025-10-20T10:41:48","date_gmt":"2025-10-20T15:41:48","guid":{"rendered":"https:\/\/www.myphillylawyer.com\/?page_id=14226"},"modified":"2025-10-20T11:02:51","modified_gmt":"2025-10-20T16:02:51","slug":"responsabilidad-por-productos-defectuosos-piezas-de-camiones-en-filadelfia","status":"publish","type":"page","link":"https:\/\/www.myphillylawyer.com\/es\/areas-de-practica\/accidentes-de-trafico-2\/accidentes-de-camion\/responsabilidad-por-productos-defectuosos-piezas-de-camiones-en-filadelfia\/","title":{"rendered":"Responsabilidad del producto por piezas defectuosas de camiones en Philadelphia"},"content":{"rendered":"<h1 class=\"wp-block-heading\" id=\"product-liability-for-defective-truck-parts-in-philadelphia\">Responsabilidad del producto por piezas defectuosas de camiones en Philadelphia<\/h1>\n\n\n\n<p>Los accidentes de cami\u00f3n en Philadelphia pueden ser devastadores, dejando a las v\u00edctimas con lesiones graves, facturas m\u00e9dicas e incertidumbre sobre el futuro. Cuando estos accidentes ocurren debido a piezas defectuosas de camiones, la situaci\u00f3n legal se vuelve m\u00e1s compleja. La ley de responsabilidad por productos defectuosos responsabiliza a fabricantes y vendedores si una pieza defectuosa causa da\u00f1os. Si usted o un ser querido sufrieron lesiones debido a un componente defectuoso de un cami\u00f3n, un abogado cualificado puede ayudarle.&nbsp;<a href=\"https:\/\/www.myphillylawyer.com\/es\/areas-de-practica\/accidentes-de-trafico-2\/accidentes-de-camion\/\" target=\"_blank\" rel=\"noreferrer noopener\">Philadelphia abogado accidente cami\u00f3n<\/a>&nbsp;puede ayudarle a proteger sus derechos y obtener una indemnizaci\u00f3n justa.<\/p>\n\n\n\n<div class=\"wp-block-rank-math-toc-block\" id=\"rank-math-toc\"><h2>\u00cdndice<\/h2><nav><ul><li><a href=\"#product-liability-for-defective-truck-parts-in-philadelphia\">Responsabilidad del producto por piezas defectuosas de camiones en Philadelphia<\/a><ul><li><a href=\"#what-is-product-liability-in-truck-accidents\">\u00bfQu\u00e9 es la responsabilidad por productos defectuosos en los accidentes de cami\u00f3n?<\/a><\/li><li><a href=\"#common-types-of-defective-truck-parts\">Tipos comunes de piezas defectuosas de camiones<\/a><\/li><li><a href=\"#proving-fault-in-defective-truck-part-cases\">Prueba de la culpa en casos de piezas defectuosas de camiones<\/a><\/li><li><a href=\"#who-is-liable-for-defective-truck-parts\">\u00bfQui\u00e9n es responsable de las piezas defectuosas de los camiones?<\/a><\/li><li><a href=\"#damages-available-in-defective-truck-part-lawsuits\">Indemnizaci\u00f3n por da\u00f1os y perjuicios en demandas por piezas defectuosas de camiones<\/a><\/li><li><a href=\"#frequently-asked-questions-about-product-liability-for-defective-truck-parts-in-philadelphia\">Preguntas frecuentes sobre la responsabilidad del producto por piezas defectuosas de camiones en Philadelphia<\/a><\/li><li><a href=\"#other-resources-about-parties-liability-in-pennsylvania-truck-accidents\">Otros recursos sobre las partes y la responsabilidad en Pennsylvania accidentes de camiones<\/a><\/li><\/ul><\/li><\/ul><\/nav><\/div>\n\n\n\n<h2 class=\"wp-block-heading\" id=\"what-is-product-liability-in-truck-accidents\">\u00bfQu\u00e9 es la responsabilidad por productos defectuosos en los accidentes de cami\u00f3n?<\/h2>\n\n\n\n<p>Responsabilidad por productos defectuosos significa responsabilizar a las empresas cuando sus productos causan lesiones. En el contexto de los accidentes de camiones, esto se centra en piezas como frenos, neum\u00e1ticos, componentes de la direcci\u00f3n, sistemas de iluminaci\u00f3n e incluso sistemas de retenci\u00f3n de la carga. Si alguna de estas piezas falla debido a un defecto oculto o a un dise\u00f1o inseguro, el fabricante, el distribuidor o incluso el mec\u00e1nico que la instal\u00f3 pueden ser considerados responsables.<\/p>\n\n\n\n<p>Supongamos que los frenos de un cami\u00f3n fallan de repente en la I-95, provocando un choque m\u00faltiple. Si los investigadores descubren que las pastillas de freno eran defectuosas y propensas al desgaste prematuro, la empresa que las fabric\u00f3 puede ser responsable. Esto significa que las v\u00edctimas no s\u00f3lo pueden reclamar una indemnizaci\u00f3n al conductor o a la empresa de transporte. Las reclamaciones tambi\u00e9n pueden dirigirse a la cadena de empresas que manipul\u00f3 la pieza defectuosa. Por eso es fundamental trabajar con un abogado experimentado.&nbsp;<a href=\"https:\/\/www.myphillylawyer.com\/es\/areas-de-practica\/accidentes-de-trafico-2\/accidentes-de-camion\/\" target=\"_blank\" rel=\"noreferrer noopener\">abogado de accidentes de cami\u00f3n en Philadelphia<\/a>&nbsp;que pueda investigar a fondo todos los \u00e1ngulos.<\/p>\n\n\n\n<h2 class=\"wp-block-heading\" id=\"common-types-of-defective-truck-parts\">Tipos comunes de piezas defectuosas de camiones<\/h2>\n\n\n\n<p>Los grandes camiones se componen de miles de piezas, y cualquiera de ellas puede fallar. Pero algunas piezas tienen m\u00e1s probabilidades de ser las culpables de un accidente grave. Los componentes defectuosos m\u00e1s comunes son:<\/p>\n\n\n\n<ul class=\"wp-block-list\">\n<li><strong>Frenos<\/strong>: Los camiones necesitan potencia de frenado. Los conductos de freno, las pastillas o los sistemas ABS defectuosos pueden provocar accidentes por salida de la v\u00eda.<\/li>\n\n\n\n<li><strong>Neum\u00e1ticos<\/strong>: Los neum\u00e1ticos mal fabricados o retirados del mercado pueden reventar y provocar vuelcos o p\u00e9rdida de control.<\/li>\n\n\n\n<li><strong>Sistemas de direcci\u00f3n<\/strong>: Un defecto en la columna de direcci\u00f3n o en la direcci\u00f3n asistida puede hacer imposible que el conductor evite una colisi\u00f3n.<\/li>\n\n\n\n<li><strong>Luces y se\u00f1ales<\/strong>: Las luces de freno o los intermitentes que no funcionan reducen el tiempo de reacci\u00f3n de los dem\u00e1s conductores.<\/li>\n\n\n\n<li><strong>Dispositivos de acoplamiento<\/strong>: Los enganches d\u00e9biles o defectuosos pueden dejar que los remolques se suelten, creando el caos en las carreteras.<\/li>\n<\/ul>\n\n\n\n<p>Cuando se produce un accidente, las compa\u00f1\u00edas de seguros y los investigadores buscan pruebas de fallos en las piezas. Las v\u00edctimas deben actuar con rapidez para conservar el cami\u00f3n y sus componentes para su inspecci\u00f3n. A&nbsp;<a href=\"https:\/\/www.myphillylawyer.com\/es\/zonas-atendidas\/jenkintown\/abogados-de-accidentes-de-camiones-2\/\" target=\"_blank\" rel=\"noreferrer noopener\">abogado de accidentes de cami\u00f3n<\/a>&nbsp;con experiencia en responsabilidad por productos defectuosos sabe c\u00f3mo involucrar a los expertos y empezar a construir un caso s\u00f3lido desde el primer d\u00eda.<\/p>\n\n\n\n<h2 class=\"wp-block-heading\" id=\"proving-fault-in-defective-truck-part-cases\">Prueba de la culpa en casos de piezas defectuosas de camiones<\/h2>\n\n\n\n<p>A diferencia de los accidentes de tr\u00e1fico normales, en los que el error del conductor es el principal objetivo, los casos de responsabilidad por productos defectuosos requieren pruebas de que una pieza era defectuosa y caus\u00f3 directamente el accidente. Hay tres tipos principales de defectos de producto:<\/p>\n\n\n\n<ul class=\"wp-block-list\">\n<li><strong>Defectos de dise\u00f1o<\/strong>: La pieza estaba mal dise\u00f1ada desde el principio, lo que hac\u00eda que todas las versiones fueran peligrosas.<\/li>\n\n\n\n<li><strong>Defectos de fabricaci\u00f3n<\/strong>: La pieza estaba bien en teor\u00eda, pero algo fall\u00f3 durante la producci\u00f3n o el montaje.<\/li>\n\n\n\n<li><strong>Defectos de comercializaci\u00f3n<\/strong>: La empresa no proporcion\u00f3 advertencias ni instrucciones adecuadas para un uso seguro.<\/li>\n<\/ul>\n\n\n\n<p>Para ganar una demanda, tiene que demostrar que la pieza era irrazonablemente peligrosa, que se utiliz\u00f3 seg\u00fan lo previsto y que el defecto provoc\u00f3 su lesi\u00f3n. Para ello, a menudo hay que recopilar registros de mantenimiento, informes de ingenieros, retiradas de seguridad y pruebas de reconstrucci\u00f3n de accidentes. Los datos de la caja negra del cami\u00f3n tambi\u00e9n pueden revelar datos clave sobre velocidad, frenado y fallos del sistema. Expertos&nbsp;<a href=\"https:\/\/www.myphillylawyer.com\/es\/zonas-atendidas\/norristown\/abogados-de-accidentes-de-camiones-2\/\" target=\"_blank\" rel=\"noreferrer noopener\">abogados de accidentes de camiones<\/a>&nbsp;aprovechar estas pruebas para exigir responsabilidades a quien corresponda.<\/p>\n\n\n\n<h2 class=\"wp-block-heading\" id=\"who-is-liable-for-defective-truck-parts\">\u00bfQui\u00e9n es responsable de las piezas defectuosas de los camiones?<\/h2>\n\n\n\n<p>La responsabilidad por una pieza de cami\u00f3n defectuosa en Philadelphia puede extenderse a muchas empresas, no s\u00f3lo al fabricante de la pieza. Las partes potencialmente responsables pueden ser:<\/p>\n\n\n\n<ul class=\"wp-block-list\">\n<li><strong>El fabricante<\/strong>: La empresa que dise\u00f1\u00f3 o fabric\u00f3 la pieza defectuosa.<\/li>\n\n\n\n<li><strong>Distribuidores y minoristas<\/strong>: Empresas de la cadena de suministro que vendieron la pieza.<\/li>\n\n\n\n<li><strong>Propietarios o empresas de camiones<\/strong>: Si ignoraron las llamadas a revisi\u00f3n o no mantuvieron el cami\u00f3n adecuadamente.<\/li>\n\n\n\n<li><strong>Talleres de reparaci\u00f3n o mec\u00e1nicos<\/strong>: Si una instalaci\u00f3n defectuosa o una reparaci\u00f3n chapucera provocaron el accidente.<\/li>\n<\/ul>\n\n\n\n<p>Por ejemplo, si a una empresa de transporte se le notific\u00f3 una retirada de neum\u00e1ticos defectuosos pero sigui\u00f3 utiliz\u00e1ndolos, puede compartir la responsabilidad. Tal vez un mec\u00e1nico instal\u00f3 pastillas de freno equivocadas o un distribuidor de piezas vendi\u00f3 un componente falsificado. Estos casos son complejos y a menudo implican a varios acusados. Trabajar con un&nbsp;<a href=\"https:\/\/www.myphillylawyer.com\/es\/\" target=\"_blank\" rel=\"noreferrer noopener\">Philadelphia abogado de lesiones personales<\/a>&nbsp;con experiencia en accidentes de camiones asegura que cada parte responsable sea identificada e incluida en su reclamaci\u00f3n.<\/p>\n\n\n\n<h2 class=\"wp-block-heading\" id=\"damages-available-in-defective-truck-part-lawsuits\">Indemnizaci\u00f3n por da\u00f1os y perjuicios en demandas por piezas defectuosas de camiones<\/h2>\n\n\n\n<p>Las v\u00edctimas de accidentes de cami\u00f3n causados por piezas defectuosas pueden reclamar una indemnizaci\u00f3n por una serie de p\u00e9rdidas. Los da\u00f1os comunes incluyen:<\/p>\n\n\n\n<ul class=\"wp-block-list\">\n<li><strong>Facturas m\u00e9dicas<\/strong>: Atenci\u00f3n de urgencia, cirug\u00edas, rehabilitaci\u00f3n y tratamiento futuro.<\/li>\n\n\n\n<li><strong>Salarios perdidos<\/strong>: P\u00e9rdida de ingresos mientras se recupera y p\u00e9rdida de capacidad de ganancia si no puede volver a trabajar.<\/li>\n\n\n\n<li><strong>Dolor y sufrimiento<\/strong>: El dolor f\u00edsico y la angustia emocional que soportas.<\/li>\n\n\n\n<li><strong>Da\u00f1os materiales<\/strong>: Reparaci\u00f3n o sustituci\u00f3n de su veh\u00edculo y otros bienes da\u00f1ados.<\/li>\n\n\n\n<li><strong>Muerte por negligencia<\/strong>: Las familias pueden solicitar una indemnizaci\u00f3n por los gastos funerarios y la p\u00e9rdida de un ser querido.<\/li>\n<\/ul>\n\n\n\n<p>La legislaci\u00f3n de Pensilvania establece ciertos l\u00edmites en algunos casos, especialmente cuando est\u00e1n implicadas entidades gubernamentales. Pero un&nbsp;<a href=\"https:\/\/www.myphillylawyer.com\/es\/zonas-atendidas\/upper-darby\/abogados-de-accidentes-de-camiones-2\/\" target=\"_blank\" rel=\"noreferrer noopener\">abogado de lesiones de camiones<\/a>&nbsp;puede ayudarle a entender qu\u00e9 da\u00f1os y perjuicios est\u00e1n disponibles en su situaci\u00f3n espec\u00edfica y asegurarse de que no est\u00e1 dejando dinero sobre la mesa.<\/p>\n\n\n\n<h2 class=\"wp-block-heading\" id=\"frequently-asked-questions-about-product-liability-for-defective-truck-parts-in-philadelphia\">Preguntas frecuentes sobre la responsabilidad del producto por piezas defectuosas de camiones en Philadelphia<\/h2>\n\n\n\n<p><strong>\u00bfQu\u00e9 debo hacer si sospecho que un accidente de cami\u00f3n ha sido causado por una pieza defectuosa?<\/strong><br>En primer lugar, busca atenci\u00f3n m\u00e9dica inmediata y denuncia el accidente a la polic\u00eda. Si puedes, haz fotos del lugar del accidente y del cami\u00f3n, especialmente de los da\u00f1os visibles o de la pieza que crees que ha fallado. No dejes que la empresa de transporte repare o destruya el veh\u00edculo antes de una inspecci\u00f3n independiente. Ponte en contacto con un&nbsp;<a href=\"https:\/\/www.myphillylawyer.com\/es\/areas-de-practica\/accidentes-de-trafico-2\/accidentes-de-camion\/\" target=\"_blank\" rel=\"noreferrer noopener\">Philadelphia abogado accidente cami\u00f3n<\/a>&nbsp;lo antes posible para proteger sus derechos y preservar las pruebas.<\/p>\n\n\n\n<p><strong>\u00bfPuedo reclamar una indemnizaci\u00f3n si el conductor del cami\u00f3n no tuvo la culpa, pero fall\u00f3 una pieza?<\/strong><br>S\u00ed. Las leyes de responsabilidad civil por productos defectuosos le permiten reclamar una indemnizaci\u00f3n directamente al fabricante, distribuidor u otra parte de la cadena de producci\u00f3n y suministro de la pieza defectuosa. Incluso si el conductor no hizo nada malo, los responsables de poner un producto peligroso en la carretera pueden ser considerados responsables. Es importante trabajar con un&nbsp;<a href=\"https:\/\/www.myphillylawyer.com\/es\/areas-de-practica\/accidentes-de-trafico-2\/accidentes-de-camion\/\" target=\"_blank\" rel=\"noreferrer noopener\">abogado de accidentes de cami\u00f3n en Philadelphia<\/a>&nbsp;que entiende tanto de lesiones personales como de reclamaciones de responsabilidad por productos defectuosos.<\/p>\n\n\n\n<p><strong>\u00bfDe cu\u00e1nto tiempo dispongo para presentar una reclamaci\u00f3n de responsabilidad por productos defectuosos tras un accidente de cami\u00f3n en Philadelphia?<\/strong><br>La ley de Pensilvania generalmente le da dos a\u00f1os a partir de la fecha del accidente para presentar una demanda por lesiones personales. Sin embargo, los casos relacionados con productos defectuosos pueden ser m\u00e1s complejos, y a veces se aplican excepciones. No espere para hablar con un&nbsp;<a href=\"https:\/\/www.myphillylawyer.com\/es\/zonas-atendidas\/bensalem\/abogados-de-accidentes-de-camiones-2\/\" target=\"_blank\" rel=\"noreferrer noopener\">abogado de lesiones de camiones<\/a>&nbsp;que puede evaluar su caso y ayudarle a cumplir todos los plazos.<\/p>\n\n\n\n<p><strong>\u00bfPor qu\u00e9 necesito un abogado de accidentes de cami\u00f3n para una reclamaci\u00f3n de responsabilidad por productos defectuosos?<\/strong><br>Los casos de piezas defectuosas de camiones requieren conocimientos t\u00e9cnicos, testigos expertos y una investigaci\u00f3n agresiva. Los fabricantes y las compa\u00f1\u00edas de seguros tienen equipos trabajando para proteger sus intereses. Contar con un&nbsp;<a href=\"https:\/\/www.myphillylawyer.com\/es\/zonas-atendidas\/arboleda-de-sauces\/abogados-de-accidentes-de-camiones\/\" target=\"_blank\" rel=\"noreferrer noopener\">abogado de accidentes de cami\u00f3n<\/a>&nbsp;de su lado nivela el campo de juego, maximiza sus posibilidades de recuperaci\u00f3n, y le permite centrarse en la curaci\u00f3n, mientras que su equipo legal se encarga del resto.<\/p>\n\n\n\n<h2 class=\"wp-block-heading\" id=\"other-resources-about-parties-liability-in-pennsylvania-truck-accidents\">Otros recursos sobre las partes y la responsabilidad en Pennsylvania accidentes de camiones<\/h2>\n\n\n\n<ul class=\"wp-block-list\">\n<li><a href=\"https:\/\/www.myphillylawyer.com\/es\/areas-de-practica\/accidentes-de-trafico-2\/accidentes-de-camion\/impacto-de-las-leyes-federales-de-transporte-por-carretera-del-estado-de-pennsylvania-sobre-la-responsabilidad\/\">Impacto de las Leyes Federales y Estatales de Pennsylvania sobre Responsabilidad Civil<\/a><\/li>\n\n\n\n<li><a href=\"https:\/\/www.myphillylawyer.com\/es\/areas-de-practica\/accidentes-de-trafico-2\/accidentes-de-camion\/limites-y-topes-de-danos-en-filadelfia\/\">L\u00edmites y topes de da\u00f1os y perjuicios en Philadelphia<\/a><\/li>\n\n\n\n<li><a href=\"https:\/\/www.myphillylawyer.com\/es\/areas-de-practica\/accidentes-de-trafico-2\/accidentes-de-camion\/negligencia-comparativa-en-accidentes-de-camiones-en-pennsylvania\/\">Negligencia Comparativa en Accidentes de Cami\u00f3n en Pennsylvania<\/a><\/li>\n\n\n\n<li><a href=\"https:\/\/www.myphillylawyer.com\/es\/areas-de-practica\/accidentes-de-trafico-2\/accidentes-de-camion\/empleador-vs-contratista-independiente-cuestiones-despues-de-filadelfia-accidente-de-camion\/\">Cuestiones de empleador frente a contratista independiente tras el accidente del cami\u00f3n Philadelphia<\/a><\/li>\n\n\n\n<li><a href=\"https:\/\/www.myphillylawyer.com\/es\/areas-de-practica\/accidentes-de-trafico-2\/accidentes-de-camion\/responsabilidad-del-gobierno-por-defectos-viales-en-filadelfia\/\">Responsabilidad de las administraciones p\u00fablicas por los defectos de la calzada en Philadelphia<\/a><\/li>\n\n\n\n<li><strong>Responsabilidad del producto por piezas defectuosas de camiones en Philadelphia<\/strong><\/li>\n\n\n\n<li><a href=\"https:\/\/www.myphillylawyer.com\/es\/areas-de-practica\/accidentes-de-trafico-2\/accidentes-de-camion\/responsabilidad-de-las-empresas-de-mantenimiento-a-terceros-en-filadelfia\/\">Responsabilidad de terceras empresas de mantenimiento en Philadelphia<\/a><\/li>\n\n\n\n<li><a href=\"https:\/\/www.myphillylawyer.com\/es\/areas-de-practica\/accidentes-de-trafico-2\/accidentes-de-camion\/responsabilidad-del-agente-y-del-expedidor-en-filadelfia\/\">Responsabilidad de intermediarios y expedidores en Philadelphia<\/a><\/li>\n\n\n\n<li><a href=\"https:\/\/www.myphillylawyer.com\/es\/areas-de-practica\/accidentes-de-trafico-2\/accidentes-de-camion\/responsabilidad-indirecta-empresas-de-transporte-contra-los-conductores-en-filadelfia\/\">Responsabilidad vicaria: Las empresas de transporte frente a los conductores en Philadelphia<\/a><\/li>\n\n\n\n<li><a href=\"https:\/\/www.myphillylawyer.com\/es\/areas-de-practica\/accidentes-de-trafico-2\/accidentes-de-camion\/quien-puede-ser-demandado-despues-de-un-accidente-de-camion-en-filadelfia\/\">\u00bfQui\u00e9n puede ser demandado despu\u00e9s de un accidente de cami\u00f3n en Philadelphia?<\/a><\/li>\n<\/ul>","protected":false},"excerpt":{"rendered":"<p>Responsabilidad del producto por piezas defectuosas de camiones en Philadelphia Los accidentes de camiones en Philadelphia pueden ser devastadores, dejando a las v\u00edctimas con lesiones graves, facturas m\u00e9dicas e incertidumbre sobre el futuro. Cuando estos accidentes ocurren debido a piezas de camiones defectuosas, la situaci\u00f3n legal se vuelve m\u00e1s compleja. La ley de responsabilidad del producto responsabiliza a los fabricantes y vendedores si una pieza defectuosa causa...<\/p>","protected":false},"author":14,"featured_media":0,"parent":247,"menu_order":0,"comment_status":"closed","ping_status":"closed","template":"","meta":{"_acf_changed":false,"footnotes":""},"class_list":["post-14226","page","type-page","status-publish","hentry"],"acf":[],"jetpack_sharing_enabled":true,"_links":{"self":[{"href":"https:\/\/www.myphillylawyer.com\/es\/wp-json\/wp\/v2\/pages\/14226","targetHints":{"allow":["GET"]}}],"collection":[{"href":"https:\/\/www.myphillylawyer.com\/es\/wp-json\/wp\/v2\/pages"}],"about":[{"href":"https:\/\/www.myphillylawyer.com\/es\/wp-json\/wp\/v2\/types\/page"}],"author":[{"embeddable":true,"href":"https:\/\/www.myphillylawyer.com\/es\/wp-json\/wp\/v2\/users\/14"}],"replies":[{"embeddable":true,"href":"https:\/\/www.myphillylawyer.com\/es\/wp-json\/wp\/v2\/comments?post=14226"}],"version-history":[{"count":3,"href":"https:\/\/www.myphillylawyer.com\/es\/wp-json\/wp\/v2\/pages\/14226\/revisions"}],"predecessor-version":[{"id":14267,"href":"https:\/\/www.myphillylawyer.com\/es\/wp-json\/wp\/v2\/pages\/14226\/revisions\/14267"}],"up":[{"embeddable":true,"href":"https:\/\/www.myphillylawyer.com\/es\/wp-json\/wp\/v2\/pages\/247"}],"wp:attachment":[{"href":"https:\/\/www.myphillylawyer.com\/es\/wp-json\/wp\/v2\/media?parent=14226"}],"curies":[{"name":"wp","href":"https:\/\/api.w.org\/{rel}","templated":true}]}}