{"id":14231,"date":"2025-10-20T10:52:12","date_gmt":"2025-10-20T15:52:12","guid":{"rendered":"https:\/\/www.myphillylawyer.com\/?page_id=14231"},"modified":"2025-10-20T11:04:06","modified_gmt":"2025-10-20T16:04:06","slug":"negligencia-comparativa-en-accidentes-de-camiones-en-pennsylvania","status":"publish","type":"page","link":"https:\/\/www.myphillylawyer.com\/es\/areas-de-practica\/accidentes-de-trafico-2\/accidentes-de-camion\/negligencia-comparativa-en-accidentes-de-camiones-en-pennsylvania\/","title":{"rendered":"Negligencia Comparativa en Accidentes de Cami\u00f3n en Pennsylvania"},"content":{"rendered":"<h1 class=\"wp-block-heading\" id=\"comparative-negligence-in-pennsylvania-truck-accidents\">Negligencia Comparativa en Accidentes de Cami\u00f3n en Pennsylvania<\/h1>\n\n\n\n<p>Los accidentes de camiones pueden dar la vuelta a la vida en un instante. Cuando camiones de 18 ruedas, camiones de reparto u otros veh\u00edculos comerciales chocan con coches o peatones, las lesiones suelen ser graves. Despu\u00e9s de un accidente, muchas personas en Philadelphia se preguntan qui\u00e9n tiene la culpa y si pueden recuperar los da\u00f1os si comparten parte de la culpa por el accidente. Aqu\u00ed es donde entra en juego la negligencia comparativa. Este concepto legal es crucial en los casos de accidentes de camiones de Pennsylvania y puede afectar en gran medida la cantidad de compensaci\u00f3n que usted recibe. Si no est\u00e1 seguro de c\u00f3mo estas normas afectan a su reclamaci\u00f3n, p\u00f3ngase en contacto con un Philadelphia&nbsp;<a href=\"https:\/\/www.myphillylawyer.com\/es\/areas-de-practica\/accidentes-de-trafico-2\/accidentes-de-camion\/\" target=\"_blank\" rel=\"noreferrer noopener\">abogado de accidentes de cami\u00f3n<\/a>&nbsp;puede marcar la diferencia.<\/p>\n\n\n\n<div class=\"wp-block-rank-math-toc-block\" id=\"rank-math-toc\"><h2>\u00cdndice<\/h2><nav><ul><li><a href=\"#comparative-negligence-in-pennsylvania-truck-accidents\">Negligencia Comparativa en Accidentes de Cami\u00f3n en Pennsylvania<\/a><ul><li><a href=\"#what-is-comparative-negligence\">\u00bfQu\u00e9 es la negligencia comparativa?<\/a><\/li><li><a href=\"#how-comparative-negligence-impacts-truck-accident-claims\">C\u00f3mo afecta la negligencia comparativa a las reclamaciones por accidentes de cami\u00f3n<\/a><\/li><li><a href=\"#common-causes-of-shared-fault-in-truck-accidents\">Causas comunes de culpa compartida en accidentes de cami\u00f3n<\/a><\/li><li><a href=\"#how-to-protect-your-rights-after-a-truck-accident\">C\u00f3mo proteger sus derechos tras un accidente de cami\u00f3n<\/a><\/li><li><a href=\"#why-legal-representation-matters-in-comparative-negligence-cases\">Por qu\u00e9 es importante la representaci\u00f3n legal en los casos de negligencia comparativa<\/a><\/li><li><a href=\"#frequently-asked-questions-about-comparative-negligence-in-pennsylvania-truck-accidents\">Preguntas frecuentes acerca de la negligencia comparativa en Pennsylvania accidentes de camiones<\/a><\/li><li><a href=\"#other-resources-about-parties-liability-in-pennsylvania-truck-accidents\">Otros recursos sobre las partes y la responsabilidad en Pennsylvania accidentes de camiones<\/a><\/li><\/ul><\/li><\/ul><\/nav><\/div>\n\n\n\n<h2 class=\"wp-block-heading\" id=\"what-is-comparative-negligence\">\u00bfQu\u00e9 es la negligencia comparativa?<\/h2>\n\n\n\n<p>La negligencia comparativa es una norma jur\u00eddica utilizada en Pennsylvania para determinar el nivel de responsabilidad de cada parte en un accidente. En lugar de un sistema en el que una parte tiene toda la culpa, la negligencia comparativa considera las acciones de todos los involucrados. Por ejemplo, tal vez el conductor del cami\u00f3n iba a exceso de velocidad, pero usted tambi\u00e9n estaba distra\u00eddo con su tel\u00e9fono. En esta situaci\u00f3n, ambas partes comparten un porcentaje de la culpa.<\/p>\n\n\n\n<p>Pennsylvania utiliza un \"51 por ciento\" modificado sistema de negligencia comparativa. Si se encuentra que usted es 51 por ciento o m\u00e1s culpable del accidente, no puede recuperar ning\u00fan da\u00f1o. Si usted es el 50 por ciento o menos culpable, todav\u00eda puede obtener una indemnizaci\u00f3n, pero se reducir\u00e1 en su porcentaje de culpa. As\u00ed, si usted es responsable en un 20 por ciento, recibir\u00e1 el 80 por ciento del total de los da\u00f1os.<\/p>\n\n\n\n<p>Este sistema busca la equidad. Reconoce que la vida no es blanca o negra. Los accidentes suelen implicar errores por ambas partes. Para las v\u00edctimas de accidentes de cami\u00f3n en Philadelphia, entender esta regla puede ayudarle a establecer expectativas realistas sobre su reclamaci\u00f3n y posible indemnizaci\u00f3n.<\/p>\n\n\n\n<h2 class=\"wp-block-heading\" id=\"how-comparative-negligence-impacts-truck-accident-claims\">C\u00f3mo afecta la negligencia comparativa a las reclamaciones por accidentes de cami\u00f3n<\/h2>\n\n\n\n<p>Muchas personas asumen que si jugaron alg\u00fan papel en un accidente, no pueden obtener compensaci\u00f3n. Afortunadamente, eso no es cierto en Pennsylvania. Pero, la cantidad que puede recuperar depende en gran medida de la culpa que se le asigna a usted.<\/p>\n\n\n\n<p>Veamos un ejemplo. Supongamos que conduces un Philadelphia y chocas con un semirremolque. La investigaci\u00f3n concluye que el conductor del cami\u00f3n tuvo un 70% de culpa por saltarse un sem\u00e1foro en rojo, pero t\u00fa tuviste un 30% por no llevar puesto el cintur\u00f3n de seguridad. Si los da\u00f1os totales ascienden a $100.000, usted podr\u00eda cobrar $70.000. Pero si la culpa fuera tuya en un 51%, no recibir\u00edas nada.<\/p>\n\n\n\n<p>Las compa\u00f1\u00edas de seguros a menudo intentan echar toda la culpa posible a las v\u00edctimas de accidentes. Saben que cuanto m\u00e1s demuestren que usted tuvo la culpa, menos tendr\u00e1n que pagar. Es por eso que trabajar con un experto&nbsp;<a href=\"https:\/\/www.myphillylawyer.com\/es\/areas-de-practica\/accidentes-de-trafico-2\/accidentes-de-camion\/\" target=\"_blank\" rel=\"noreferrer noopener\">abogado de accidentes de cami\u00f3n en Philadelphia<\/a>&nbsp;es tan importante. Ellos pueden investigar el accidente, reunir pruebas y luchar contra la culpa injusta.<\/p>\n\n\n\n<h2 class=\"wp-block-heading\" id=\"common-causes-of-shared-fault-in-truck-accidents\">Causas comunes de culpa compartida en accidentes de cami\u00f3n<\/h2>\n\n\n\n<p>En los accidentes de cami\u00f3n, varias situaciones pueden conducir a la culpa compartida. Tal vez el conductor del cami\u00f3n estaba fatigado o conduc\u00eda agresivamente, pero el otro conductor iba a exceso de velocidad o no se\u00f1al\u00f3 un giro. Los accidentes de peatones pueden involucrar a alguien que cruza fuera de un paso de peatones, mientras que el cami\u00f3n est\u00e1 acelerando a trav\u00e9s de una intersecci\u00f3n.<\/p>\n\n\n\n<p>Otros ejemplos frecuentes son:<\/p>\n\n\n\n<ul class=\"wp-block-list\">\n<li>No respetar las se\u00f1ales de tr\u00e1fico<\/li>\n\n\n\n<li>Conducci\u00f3n distra\u00edda, como enviar mensajes de texto o hablar por tel\u00e9fono.<\/li>\n\n\n\n<li>Malas condiciones de la carretera en las que ambas partes no actuaron con la debida precauci\u00f3n.<\/li>\n\n\n\n<li>Cambio de carril inadecuado por parte del conductor del cami\u00f3n o de otro conductor.<\/li>\n<\/ul>\n\n\n\n<p>Cada accidente es \u00fanico. Los peque\u00f1os errores pueden sumar, y el sistema de negligencia comparativa de Pensilvania eval\u00faa todas las acciones que conducen al accidente. Si no est\u00e1 seguro de c\u00f3mo su comportamiento puede afectar su reclamo, consulte a un&nbsp;<a href=\"https:\/\/www.myphillylawyer.com\/es\/\" target=\"_blank\" rel=\"noreferrer noopener\">Philadelphia abogado de lesiones personales<\/a>&nbsp;por su perspicacia.<\/p>\n\n\n\n<h2 class=\"wp-block-heading\" id=\"how-to-protect-your-rights-after-a-truck-accident\">C\u00f3mo proteger sus derechos tras un accidente de cami\u00f3n<\/h2>\n\n\n\n<p>Lo que haga despu\u00e9s de un accidente de cami\u00f3n en Philadelphia puede afectar en gran medida a su caso. En primer lugar, siempre busque atenci\u00f3n m\u00e9dica, incluso si usted piensa que sus lesiones son menores. A continuaci\u00f3n, intente reunir pruebas. Tome fotos de la escena, de sus lesiones y de los veh\u00edculos implicados. Si hay testigos, consiga su informaci\u00f3n de contacto.<\/p>\n\n\n\n<p>Tenga cuidado al hablar con los peritos de seguros. Pueden parecer amables, pero a menudo buscan declaraciones que utilizar en su contra. No admita nunca la culpa y evite especular sobre lo ocurrido. En su lugar, explique los hechos con la mayor claridad posible.<\/p>\n\n\n\n<p>Y lo que es m\u00e1s importante, p\u00f3ngase en contacto con un&nbsp;<a href=\"https:\/\/www.myphillylawyer.com\/es\/zonas-atendidas\/bensalem\/abogados-de-accidentes-de-camiones-2\/\" target=\"_blank\" rel=\"noreferrer noopener\">abogado de accidentes de cami\u00f3n<\/a>&nbsp;lo antes posible. Cuanto antes obtenga ayuda legal, mayores ser\u00e1n sus posibilidades de conservar pruebas y construir un caso s\u00f3lido. Un abogado puede encargarse de las comunicaciones con las aseguradoras, recopilar documentos importantes y trabajar para reducir la culpa que se le atribuye.<\/p>\n\n\n\n<h2 class=\"wp-block-heading\" id=\"why-legal-representation-matters-in-comparative-negligence-cases\">Por qu\u00e9 es importante la representaci\u00f3n legal en los casos de negligencia comparativa<\/h2>\n\n\n\n<p>Los accidentes de cami\u00f3n suelen dar lugar a disputas sobre la culpa. Las compa\u00f1\u00edas de seguros pueden tratar de minimizar sus pagos culpando a las v\u00edctimas. Demostrar su porcentaje de culpa puede llegar a ser complicado, especialmente con m\u00faltiples veh\u00edculos, historias contradictorias, o escenas de accidentes poco claras. Es por eso que es tan importante contar con un experimentado&nbsp;<a href=\"https:\/\/www.myphillylawyer.com\/es\/zonas-atendidas\/conshohocken\/abogados-de-accidentes-de-camiones\/\" target=\"_blank\" rel=\"noreferrer noopener\">abogado de accidente de cami\u00f3n<\/a>&nbsp;luchando por ti.<\/p>\n\n\n\n<p>Un buen abogado investigar\u00e1 el accidente a fondo, posiblemente contratando a expertos en reconstrucci\u00f3n de accidentes o recopilando im\u00e1genes de c\u00e1maras de tr\u00e1fico. Tambi\u00e9n sabr\u00e1 c\u00f3mo contrarrestar las t\u00e1cticas habituales de las aseguradoras y negociar un acuerdo justo. En algunos casos, incluso pueden llevar su caso a juicio si eso es lo que se necesita para garantizar la justicia.<\/p>\n\n\n\n<p>Los casos de accidentes de camiones rara vez son simples, y un error en la asignaci\u00f3n de la culpa puede costarle miles de d\u00f3lares. Si usted quiere la mejor oportunidad en una recuperaci\u00f3n completa, no tome en las compa\u00f1\u00edas de camiones o ajustadores de seguros solo. Obtenga ayuda de un&nbsp;<a href=\"https:\/\/www.myphillylawyer.com\/es\/zonas-atendidas\/jenkintown\/abogados-de-accidentes-de-camiones-2\/\" target=\"_blank\" rel=\"noreferrer noopener\">abogado de lesiones de camiones<\/a>&nbsp;que entienda las normas de negligencia comparativa de Pensilvania.<\/p>\n\n\n\n<h2 class=\"wp-block-heading\" id=\"frequently-asked-questions-about-comparative-negligence-in-pennsylvania-truck-accidents\">Preguntas frecuentes acerca de la negligencia comparativa en Pennsylvania accidentes de camiones<\/h2>\n\n\n\n<p><strong>\u00bfQu\u00e9 pasa si tuve parte de culpa en mi accidente de cami\u00f3n Philadelphia?<\/strong><br>A\u00fan puede recibir una indemnizaci\u00f3n por da\u00f1os y perjuicios si su parte de culpa es del 50% o menos. La cantidad que reciba se reducir\u00e1 en funci\u00f3n de su porcentaje de responsabilidad. Por ejemplo, si la culpa es suya en un 30%, puede cobrar el 70% de la indemnizaci\u00f3n. Si tiene m\u00e1s del 51 por ciento de culpa, no puede cobrar da\u00f1os y perjuicios. P\u00f3ngase en contacto con un&nbsp;<a href=\"https:\/\/www.myphillylawyer.com\/es\/areas-de-practica\/accidentes-de-trafico-2\/accidentes-de-camion\/\" target=\"_blank\" rel=\"noreferrer noopener\">abogado de accidentes de cami\u00f3n en Philadelphia<\/a>&nbsp;para hablar de su caso concreto.<\/p>\n\n\n\n<p><strong>\u00bfDebo hablar con la compa\u00f1\u00eda de seguros sobre el accidente?<\/strong><br>Debe tener cuidado al hablar con los peritos de seguros. Pueden intentar que admita una culpa parcial o que acepte una indemnizaci\u00f3n baja. Lo mejor es dejar que su&nbsp;<a href=\"https:\/\/www.myphillylawyer.com\/es\/\" target=\"_blank\" rel=\"noreferrer noopener\">Philadelphia abogado de lesiones personales<\/a>&nbsp;gestionar estas conversaciones para proteger sus derechos.<\/p>\n\n\n\n<p><strong>\u00bfC\u00f3mo puede ayudar un abogado de accidentes de cami\u00f3n en las demandas por negligencia comparativa?<\/strong><br>A&nbsp;<a href=\"https:\/\/www.myphillylawyer.com\/es\/zonas-atendidas\/norristown\/abogados-de-accidentes-de-camiones-2\/\" target=\"_blank\" rel=\"noreferrer noopener\">abogado de accidentes de cami\u00f3n<\/a>&nbsp;puede reunir pruebas, impugnar el porcentaje de culpa que se le asigna, negociar con las compa\u00f1\u00edas de seguros, y si es necesario, llevar su caso a los tribunales. Su objetivo es maximizar su compensaci\u00f3n y asegurarse de que usted es tratado justamente bajo la ley de Pennsylvania.<\/p>\n\n\n\n<p><strong>\u00bfHay un l\u00edmite de tiempo para presentar una demanda por accidente de cami\u00f3n en Pensilvania?<\/strong><br>S\u00ed, Pennsylvania generalmente requiere que las demandas por lesiones personales, incluyendo accidentes de camiones, se presenten dentro de los dos a\u00f1os siguientes a la fecha del accidente. Hay algunas excepciones, por lo que es inteligente ponerse en contacto con un&nbsp;<a href=\"https:\/\/www.myphillylawyer.com\/es\/zonas-atendidas\/upper-darby\/abogados-de-accidentes-de-camiones-2\/\" target=\"_blank\" rel=\"noreferrer noopener\">abogado de lesiones de camiones<\/a>&nbsp;de inmediato para evitar perder la oportunidad de recuperar los da\u00f1os.<\/p>\n\n\n\n<h2 class=\"wp-block-heading\" id=\"other-resources-about-parties-liability-in-pennsylvania-truck-accidents\">Otros recursos sobre las partes y la responsabilidad en Pennsylvania accidentes de camiones<\/h2>\n\n\n\n<ul class=\"wp-block-list\">\n<li><a href=\"https:\/\/www.myphillylawyer.com\/es\/areas-de-practica\/accidentes-de-trafico-2\/accidentes-de-camion\/impacto-de-las-leyes-federales-de-transporte-por-carretera-del-estado-de-pennsylvania-sobre-la-responsabilidad\/\">Impacto de las Leyes Federales y Estatales de Pennsylvania sobre Responsabilidad Civil<\/a><\/li>\n\n\n\n<li><a href=\"https:\/\/www.myphillylawyer.com\/es\/areas-de-practica\/accidentes-de-trafico-2\/accidentes-de-camion\/limites-y-topes-de-danos-en-filadelfia\/\">L\u00edmites y topes de da\u00f1os y perjuicios en Philadelphia<\/a><\/li>\n\n\n\n<li><strong>Negligencia Comparativa en Accidentes de Cami\u00f3n en Pennsylvania<\/strong><\/li>\n\n\n\n<li><a href=\"https:\/\/www.myphillylawyer.com\/es\/areas-de-practica\/accidentes-de-trafico-2\/accidentes-de-camion\/empleador-vs-contratista-independiente-cuestiones-despues-de-filadelfia-accidente-de-camion\/\">Cuestiones de empleador frente a contratista independiente tras el accidente del cami\u00f3n Philadelphia<\/a><\/li>\n\n\n\n<li><a href=\"https:\/\/www.myphillylawyer.com\/es\/areas-de-practica\/accidentes-de-trafico-2\/accidentes-de-camion\/responsabilidad-del-gobierno-por-defectos-viales-en-filadelfia\/\">Responsabilidad de las administraciones p\u00fablicas por los defectos de la calzada en Philadelphia<\/a><\/li>\n\n\n\n<li><a href=\"https:\/\/www.myphillylawyer.com\/es\/areas-de-practica\/accidentes-de-trafico-2\/accidentes-de-camion\/responsabilidad-por-productos-defectuosos-piezas-de-camiones-en-filadelfia\/\">Responsabilidad del producto por piezas defectuosas de camiones en Philadelphia<\/a><\/li>\n\n\n\n<li><a href=\"https:\/\/www.myphillylawyer.com\/es\/areas-de-practica\/accidentes-de-trafico-2\/accidentes-de-camion\/responsabilidad-de-las-empresas-de-mantenimiento-a-terceros-en-filadelfia\/\">Responsabilidad de terceras empresas de mantenimiento en Philadelphia<\/a><\/li>\n\n\n\n<li><a href=\"https:\/\/www.myphillylawyer.com\/es\/areas-de-practica\/accidentes-de-trafico-2\/accidentes-de-camion\/responsabilidad-del-agente-y-del-expedidor-en-filadelfia\/\">Responsabilidad de intermediarios y expedidores en Philadelphia<\/a><\/li>\n\n\n\n<li><a href=\"https:\/\/www.myphillylawyer.com\/es\/areas-de-practica\/accidentes-de-trafico-2\/accidentes-de-camion\/responsabilidad-indirecta-empresas-de-transporte-contra-los-conductores-en-filadelfia\/\">Responsabilidad vicaria: Las empresas de transporte frente a los conductores en Philadelphia<\/a><\/li>\n\n\n\n<li><a href=\"https:\/\/www.myphillylawyer.com\/es\/areas-de-practica\/accidentes-de-trafico-2\/accidentes-de-camion\/quien-puede-ser-demandado-despues-de-un-accidente-de-camion-en-filadelfia\/\">\u00bfQui\u00e9n puede ser demandado despu\u00e9s de un accidente de cami\u00f3n en Philadelphia?<\/a><\/li>\n<\/ul>","protected":false},"excerpt":{"rendered":"<p>Negligencia Comparativa en Accidentes de Camiones en Pennsylvania Los accidentes de camiones pueden poner la vida patas arriba en un instante. Cuando los camiones de 18 ruedas, camiones de reparto, u otros veh\u00edculos comerciales chocan con coches o peatones, las lesiones son a menudo graves. Despu\u00e9s de un accidente, muchas personas en Philadelphia se preguntan qui\u00e9n tiene la culpa y si pueden recuperar los da\u00f1os si compart\u00edan algunos...<\/p>","protected":false},"author":14,"featured_media":0,"parent":247,"menu_order":0,"comment_status":"closed","ping_status":"closed","template":"","meta":{"_acf_changed":false,"footnotes":""},"class_list":["post-14231","page","type-page","status-publish","hentry"],"acf":[],"jetpack_sharing_enabled":true,"_links":{"self":[{"href":"https:\/\/www.myphillylawyer.com\/es\/wp-json\/wp\/v2\/pages\/14231","targetHints":{"allow":["GET"]}}],"collection":[{"href":"https:\/\/www.myphillylawyer.com\/es\/wp-json\/wp\/v2\/pages"}],"about":[{"href":"https:\/\/www.myphillylawyer.com\/es\/wp-json\/wp\/v2\/types\/page"}],"author":[{"embeddable":true,"href":"https:\/\/www.myphillylawyer.com\/es\/wp-json\/wp\/v2\/users\/14"}],"replies":[{"embeddable":true,"href":"https:\/\/www.myphillylawyer.com\/es\/wp-json\/wp\/v2\/comments?post=14231"}],"version-history":[{"count":2,"href":"https:\/\/www.myphillylawyer.com\/es\/wp-json\/wp\/v2\/pages\/14231\/revisions"}],"predecessor-version":[{"id":14270,"href":"https:\/\/www.myphillylawyer.com\/es\/wp-json\/wp\/v2\/pages\/14231\/revisions\/14270"}],"up":[{"embeddable":true,"href":"https:\/\/www.myphillylawyer.com\/es\/wp-json\/wp\/v2\/pages\/247"}],"wp:attachment":[{"href":"https:\/\/www.myphillylawyer.com\/es\/wp-json\/wp\/v2\/media?parent=14231"}],"curies":[{"name":"wp","href":"https:\/\/api.w.org\/{rel}","templated":true}]}}