{"id":14233,"date":"2025-10-20T10:59:14","date_gmt":"2025-10-20T15:59:14","guid":{"rendered":"https:\/\/www.myphillylawyer.com\/?page_id=14233"},"modified":"2025-10-20T11:04:37","modified_gmt":"2025-10-20T16:04:37","slug":"impacto-de-las-leyes-federales-de-transporte-por-carretera-del-estado-de-pennsylvania-sobre-la-responsabilidad","status":"publish","type":"page","link":"https:\/\/www.myphillylawyer.com\/es\/areas-de-practica\/accidentes-de-trafico-2\/accidentes-de-camion\/impacto-de-las-leyes-federales-de-transporte-por-carretera-del-estado-de-pennsylvania-sobre-la-responsabilidad\/","title":{"rendered":"Impacto de las Leyes Federales y Estatales de Pennsylvania sobre Responsabilidad Civil"},"content":{"rendered":"<h1 class=\"wp-block-heading\" id=\"impact-of-pennsylvania-state-federal-trucking-laws-on-liability\">Impacto de las Leyes Federales y Estatales de Pennsylvania sobre Responsabilidad Civil<\/h1>\n\n\n\n<p>Si usted o un ser querido ha estado en un accidente de cami\u00f3n en Philadelphia, la red de leyes de camiones estatales y federales puede afectar su reclamo de muchas maneras. Saber c\u00f3mo estas leyes afectan a la responsabilidad es fundamental para cualquier persona que busque una compensaci\u00f3n justa. Este art\u00edculo le guiar\u00e1 a trav\u00e9s de las principales cuestiones, las normas legales, y las formas en que un&nbsp;<a href=\"https:\/\/www.myphillylawyer.com\/es\/areas-de-practica\/accidentes-de-trafico-2\/accidentes-de-camion\/\" target=\"_blank\" rel=\"noreferrer noopener\">Philadelphia abogado accidente cami\u00f3n<\/a>&nbsp;puede ayudar. Desglosemos los puntos clave que toda v\u00edctima de accidente debe conocer.<\/p>\n\n\n\n<div class=\"wp-block-rank-math-toc-block\" id=\"rank-math-toc\"><h2>\u00cdndice<\/h2><nav><ul><li><a href=\"#impact-of-pennsylvania-state-federal-trucking-laws-on-liability\">Impacto de las Leyes Federales y Estatales de Pennsylvania sobre Responsabilidad Civil<\/a><ul><li><a href=\"#pennsylvania-trucking-laws-that-affect-liability\">Pennsylvania leyes de camiones que afectan a la responsabilidad<\/a><\/li><li><a href=\"#federal-trucking-regulations-and-their-role-in-determining-fault\">La normativa federal sobre camiones y su papel en la determinaci\u00f3n de la culpa<\/a><\/li><li><a href=\"#proving-negligence-after-a-truck-accident\">Probar la negligencia tras un accidente de cami\u00f3n<\/a><\/li><li><a href=\"#common-challenges-in-truck-accident-cases\">Desaf\u00edos comunes en casos de accidentes de cami\u00f3n<\/a><\/li><li><a href=\"#why-hiring-a-truck-accident-attorney-is-essential\">Por qu\u00e9 es esencial contratar a un abogado de accidentes de cami\u00f3n<\/a><\/li><li><a href=\"#frequently-asked-questions-about-the-impact-of-pennsylvania-state-federal-trucking-laws-on-liability\">Preguntas frecuentes sobre el impacto de las leyes estatales y federales de Pennsylvania de camiones sobre la responsabilidad civil<\/a><\/li><li><a href=\"#other-resources-about-parties-liability-in-pennsylvania-truck-accidents\">Otros recursos sobre las partes y la responsabilidad en Pennsylvania accidentes de camiones<\/a><\/li><\/ul><\/li><\/ul><\/nav><\/div>\n\n\n\n<h2 class=\"wp-block-heading\" id=\"pennsylvania-trucking-laws-that-affect-liability\">Pennsylvania leyes de camiones que afectan a la responsabilidad<\/h2>\n\n\n\n<p>Pensilvania tiene leyes estatales que establecen requisitos para los conductores de camiones y las empresas. Estas leyes controlan c\u00f3mo operan los camiones en nuestras carreteras. Por ejemplo, la ley estatal requiere que los conductores comerciales tengan una Licencia de Conducir Comercial (CDL) v\u00e1lida y ordena inspecciones regulares del veh\u00edculo. Estas leyes existen para mantener seguros a todos los conductores.<\/p>\n\n\n\n<p>Un punto importante es que Pennsylvania sigue una regla de negligencia comparativa en casos de lesiones personales. Si usted es en parte culpable del accidente, su compensaci\u00f3n puede ser reducida por su parte de culpa. Pero si usted es m\u00e1s que 50% responsable, usted no puede recuperar los da\u00f1os. Por eso es vital tener un&nbsp;<a href=\"https:\/\/www.myphillylawyer.com\/es\/\" target=\"_blank\" rel=\"noreferrer noopener\">Philadelphia abogado de lesiones personales<\/a>&nbsp;investigar y construir su caso.<\/p>\n\n\n\n<p>Adem\u00e1s de las leyes de tr\u00e1fico est\u00e1ndar, Pennsylvania tiene l\u00edmites sobre cu\u00e1ntas horas los conductores de camiones pueden estar detr\u00e1s de la rueda, y lo que las empresas de transporte por carretera deben mantener registros. El incumplimiento de estos requisitos puede ser prueba de negligencia en una demanda. Si un conductor de cami\u00f3n estaba demasiado cansado, carec\u00eda de la formaci\u00f3n adecuada, o si la empresa se salt\u00f3 los controles de seguridad, estos hechos pueden hacerlos legalmente responsables de sus lesiones.<\/p>\n\n\n\n<h2 class=\"wp-block-heading\" id=\"federal-trucking-regulations-and-their-role-in-determining-fault\">La normativa federal sobre camiones y su papel en la determinaci\u00f3n de la culpa<\/h2>\n\n\n\n<p>Los camioneros y las empresas del Philadelphia no s\u00f3lo siguen las normas estatales. Tambi\u00e9n deben cumplir las normas federales establecidas por la Administraci\u00f3n Federal de Seguridad de Autotransportes (FMCSA). Estas normas se aplican a los camiones que cruzan fronteras estatales o transportan determinados tipos de carga.<\/p>\n\n\n\n<p>La ley federal cubre temas como las calificaciones del conductor, las pruebas de drogas y alcohol, las horas de servicio y las normas de mantenimiento. Si un camionero o su empresa hace caso omiso de estas normas, pueden enfrentarse a fuertes sanciones, y su infracci\u00f3n puede utilizarse como prueba de negligencia en tu caso.<\/p>\n\n\n\n<p>Por ejemplo, las normas federales establecen que los conductores no pueden estar de servicio m\u00e1s de 14 horas al d\u00eda y deben hacer descansos regulares. Si un camionero sobrepasa estos l\u00edmites y provoca un accidente, es un claro indicio de culpa. La FMCSA tambi\u00e9n exige a las empresas que lleven registros de los conductores, de su mantenimiento y de las pruebas de drogas a las que se someten los empleados. Una buena&nbsp;<a href=\"https:\/\/www.myphillylawyer.com\/es\/areas-de-practica\/accidentes-de-trafico-2\/accidentes-de-camion\/\" target=\"_blank\" rel=\"noreferrer noopener\">abogado de accidentes de cami\u00f3n en Philadelphia<\/a>&nbsp;sabr\u00e1 c\u00f3mo obtener estas pruebas y utilizarlas para construir su demanda.<\/p>\n\n\n\n<h2 class=\"wp-block-heading\" id=\"proving-negligence-after-a-truck-accident\">Probar la negligencia tras un accidente de cami\u00f3n<\/h2>\n\n\n\n<p>Para ganar una demanda por accidente de cami\u00f3n en Pensilvania, usted necesita demostrar que alguien fue negligente y que sus acciones causaron sus lesiones. Negligencia significa no actuar con cuidado razonable dadas las circunstancias. En el contexto de un accidente de cami\u00f3n, podr\u00eda significar un conductor que ignor\u00f3 las normas de horas de servicio, una empresa que no mantuvo su flota, o un gerente que contrat\u00f3 a un conductor no calificado.<\/p>\n\n\n\n<p>La recopilaci\u00f3n de pruebas es fundamental. Los informes policiales, los registros del conductor del cami\u00f3n, los registros de mantenimiento, las grabaciones de la c\u00e1mara del salpicadero y las declaraciones de los testigos desempe\u00f1an un papel importante. En muchos casos&nbsp;<a href=\"https:\/\/www.myphillylawyer.com\/es\/zonas-atendidas\/bensalem\/abogados-de-accidentes-de-camiones-2\/\" target=\"_blank\" rel=\"noreferrer noopener\">abogado de accidentes de cami\u00f3n<\/a>&nbsp;tambi\u00e9n trabajar\u00e1 con expertos en reconstrucci\u00f3n de accidentes para mostrar exactamente c\u00f3mo ocurri\u00f3 el accidente.<\/p>\n\n\n\n<p>Las leyes de negligencia comparativa en Pensilvania significan que la compa\u00f1\u00eda de seguros tratar\u00e1 de culparle en parte por el accidente. Un abogado experimentado se defender\u00e1, utilizando argumentos legales y pruebas para limitar su parte de culpa y maximizar su recuperaci\u00f3n.<\/p>\n\n\n\n<h2 class=\"wp-block-heading\" id=\"common-challenges-in-truck-accident-cases\">Desaf\u00edos comunes en casos de accidentes de cami\u00f3n<\/h2>\n\n\n\n<p>Los casos de accidentes de cami\u00f3n son casi siempre m\u00e1s complejos que los accidentes de coche normales. A menudo hay m\u00faltiples partes involucradas, incluyendo el conductor del cami\u00f3n, la empresa de transporte por carretera, el propietario del cami\u00f3n, cargadores, e incluso los fabricantes. Cada uno puede ser considerado responsable en funci\u00f3n de los hechos.<\/p>\n\n\n\n<p>Otro reto es tratar con las grandes compa\u00f1\u00edas de seguros. Las empresas de transporte suelen tener aseguradoras poderosas cuyo trabajo es pagar lo menos posible. Pueden denegar tu reclamaci\u00f3n u ofrecerte una indemnizaci\u00f3n baja. Ah\u00ed es donde un&nbsp;<a href=\"https:\/\/www.myphillylawyer.com\/es\/zonas-atendidas\/conshohocken\/abogados-de-accidentes-de-camiones\/\" target=\"_blank\" rel=\"noreferrer noopener\">abogado de lesiones de camiones<\/a>&nbsp;marca la diferencia. Su abogado puede negociar, reunir pruebas y, si es necesario, presentar una demanda en su nombre.<\/p>\n\n\n\n<p>Los camiones comerciales deben seguir estrictas regulaciones, y las violaciones pueden escalar su caso a uno que implique da\u00f1os punitivos. Esto significa m\u00e1s dinero para usted si la empresa actu\u00f3 imprudentemente. Por ejemplo, si una empresa oblig\u00f3 a sus conductores a violar la ley o ignor\u00f3 los retiros de seguridad, su&nbsp;<a href=\"https:\/\/www.myphillylawyer.com\/es\/areas-de-practica\/accidentes-de-trafico-2\/accidentes-de-camion\/\" target=\"_blank\" rel=\"noreferrer noopener\">Philadelphia abogado accidente cami\u00f3n<\/a>&nbsp;puede utilizar estas pruebas para exigirles toda la responsabilidad.<\/p>\n\n\n\n<h2 class=\"wp-block-heading\" id=\"why-hiring-a-truck-accident-attorney-is-essential\">Por qu\u00e9 es esencial contratar a un abogado de accidentes de cami\u00f3n<\/h2>\n\n\n\n<p>Las secuelas de un accidente de cami\u00f3n pueden ser abrumadoras. Puede enfrentarse a largas estancias en el hospital, bajas laborales y traumas emocionales. Las facturas m\u00e9dicas se acumulan, y el estr\u00e9s de tratar con las aseguradoras y el papeleo legal no hace sino aumentar la carga.<\/p>\n\n\n\n<p>A&nbsp;<a href=\"https:\/\/www.myphillylawyer.com\/es\/areas-de-practica\/accidentes-de-trafico-2\/accidentes-de-camion\/\" target=\"_blank\" rel=\"noreferrer noopener\">abogado de accidentes de cami\u00f3n en Philadelphia<\/a>&nbsp;entiende tanto Pennsylvania y reglamentos federales de transporte por carretera. Ellos saben c\u00f3mo detectar violaci\u00f3nes y c\u00f3mo utilizarlos para fortalecer su caso. Su abogado se encargar\u00e1 de las negociaciones, preparar su caso para el juicio si es necesario, y le guiar\u00e1 en cada paso.<\/p>\n\n\n\n<p>No deje que las compa\u00f1\u00edas de seguros se aprovechen de su situaci\u00f3n. P\u00f3ngase en contacto con un&nbsp;<a href=\"https:\/\/www.myphillylawyer.com\/es\/zonas-atendidas\/jenkintown\/abogados-de-accidentes-de-camiones-2\/\" target=\"_blank\" rel=\"noreferrer noopener\">abogado de lesiones de camiones<\/a>&nbsp;poco despu\u00e9s de un accidente. La ley limita el tiempo que tienes para presentar una reclamaci\u00f3n, por lo que actuar con rapidez protege tus derechos.<\/p>\n\n\n\n<h2 class=\"wp-block-heading\" id=\"frequently-asked-questions-about-the-impact-of-pennsylvania-state-federal-trucking-laws-on-liability\">Preguntas frecuentes sobre el impacto de las leyes estatales y federales de Pennsylvania de camiones sobre la responsabilidad civil<\/h2>\n\n\n\n<p><strong>\u00bfQu\u00e9 ocurre si el camionero infringi\u00f3 tanto las normas estatales como las federales?<\/strong><br>Si el conductor del cami\u00f3n viol\u00f3 las leyes estatales y federales de transporte por carretera, que fortalece su caso. Estas violaciones pueden demostrar que el conductor o la empresa fue negligente. Su&nbsp;<a href=\"https:\/\/www.myphillylawyer.com\/es\/zonas-atendidas\/norristown\/abogados-de-accidentes-de-camiones-2\/\" target=\"_blank\" rel=\"noreferrer noopener\">abogado de accidentes de cami\u00f3n<\/a>&nbsp;reunir\u00e1 pruebas y utilizar\u00e1 estas infracciones para demostrar la culpa y aumentar sus posibilidades de obtener una indemnizaci\u00f3n justa.<\/p>\n\n\n\n<p><strong>\u00bfPuedo reclamar da\u00f1os y perjuicios si he tenido parte de culpa en un accidente de cami\u00f3n en Philadelphia?<\/strong><br>S\u00ed, bajo la ley de negligencia comparativa de Pennsylvania, usted puede recuperar los da\u00f1os, siempre y cuando usted era menos de 51% responsable del accidente. Su premio ser\u00e1 reducido por su porcentaje de culpa. Un abogado&nbsp;<a href=\"https:\/\/www.myphillylawyer.com\/es\/zonas-atendidas\/upper-darby\/abogados-de-accidentes-de-camiones-2\/\" target=\"_blank\" rel=\"noreferrer noopener\">abogado de lesiones de camiones<\/a>&nbsp;puede ayudar a minimizar su parte de responsabilidad.<\/p>\n\n\n\n<p><strong>\u00bfQui\u00e9n puede ser considerado responsable en un accidente de cami\u00f3n en Pensilvania?<\/strong><br>M\u00faltiples partes pueden ser responsables, incluyendo el conductor del cami\u00f3n, la empresa de transporte, el propietario del veh\u00edculo, la empresa de transporte, o incluso un fabricante de piezas. A&nbsp;<a href=\"https:\/\/www.myphillylawyer.com\/es\/areas-de-practica\/accidentes-de-trafico-2\/accidentes-de-camion\/\" target=\"_blank\" rel=\"noreferrer noopener\">Philadelphia abogado de accidentes de cami\u00f3n<\/a>&nbsp;investigar\u00e1 todos los \u00e1ngulos para identificar a todas las partes culpables y maximizar su recuperaci\u00f3n.<\/p>\n\n\n\n<p><strong>\u00bfCon qu\u00e9 rapidez debo ponerme en contacto con un abogado tras un accidente de cami\u00f3n?<\/strong><br>Lo antes posible. Las pruebas pueden desaparecer r\u00e1pidamente y existen plazos estrictos para presentar una reclamaci\u00f3n. P\u00f3ngase en contacto con un&nbsp;<a href=\"https:\/\/www.myphillylawyer.com\/es\/zonas-atendidas\/wayne\/abogados-de-accidentes-de-camiones-2\/\" target=\"_blank\" rel=\"noreferrer noopener\">abogado de accidentes de cami\u00f3n<\/a>&nbsp;de inmediato ayuda a proteger sus derechos y le da la mejor oportunidad en un caso fuerte.<\/p>\n\n\n\n<h2 class=\"wp-block-heading\" id=\"other-resources-about-parties-liability-in-pennsylvania-truck-accidents\">Otros recursos sobre las partes y la responsabilidad en Pennsylvania accidentes de camiones<\/h2>\n\n\n\n<ul class=\"wp-block-list\">\n<li><strong>Impacto de las Leyes Federales y Estatales de Pennsylvania sobre Responsabilidad Civil<\/strong><\/li>\n\n\n\n<li><a href=\"https:\/\/www.myphillylawyer.com\/es\/areas-de-practica\/accidentes-de-trafico-2\/accidentes-de-camion\/limites-y-topes-de-danos-en-filadelfia\/\">L\u00edmites y topes de da\u00f1os y perjuicios en Philadelphia<\/a><\/li>\n\n\n\n<li><a href=\"https:\/\/www.myphillylawyer.com\/es\/areas-de-practica\/accidentes-de-trafico-2\/accidentes-de-camion\/negligencia-comparativa-en-accidentes-de-camiones-en-pennsylvania\/\">Negligencia Comparativa en Accidentes de Cami\u00f3n en Pennsylvania<\/a><\/li>\n\n\n\n<li><a href=\"https:\/\/www.myphillylawyer.com\/es\/areas-de-practica\/accidentes-de-trafico-2\/accidentes-de-camion\/empleador-vs-contratista-independiente-cuestiones-despues-de-filadelfia-accidente-de-camion\/\">Cuestiones de empleador frente a contratista independiente tras el accidente del cami\u00f3n Philadelphia<\/a><\/li>\n\n\n\n<li><a href=\"https:\/\/www.myphillylawyer.com\/es\/areas-de-practica\/accidentes-de-trafico-2\/accidentes-de-camion\/responsabilidad-del-gobierno-por-defectos-viales-en-filadelfia\/\">Responsabilidad de las administraciones p\u00fablicas por los defectos de la calzada en Philadelphia<\/a><\/li>\n\n\n\n<li><a href=\"https:\/\/www.myphillylawyer.com\/es\/areas-de-practica\/accidentes-de-trafico-2\/accidentes-de-camion\/responsabilidad-por-productos-defectuosos-piezas-de-camiones-en-filadelfia\/\">Responsabilidad del producto por piezas defectuosas de camiones en Philadelphia<\/a><\/li>\n\n\n\n<li><a href=\"https:\/\/www.myphillylawyer.com\/es\/areas-de-practica\/accidentes-de-trafico-2\/accidentes-de-camion\/responsabilidad-de-las-empresas-de-mantenimiento-a-terceros-en-filadelfia\/\">Responsabilidad de terceras empresas de mantenimiento en Philadelphia<\/a><\/li>\n\n\n\n<li><a href=\"https:\/\/www.myphillylawyer.com\/es\/areas-de-practica\/accidentes-de-trafico-2\/accidentes-de-camion\/responsabilidad-del-agente-y-del-expedidor-en-filadelfia\/\">Responsabilidad de intermediarios y expedidores en Philadelphia<\/a><\/li>\n\n\n\n<li><a href=\"https:\/\/www.myphillylawyer.com\/es\/areas-de-practica\/accidentes-de-trafico-2\/accidentes-de-camion\/responsabilidad-indirecta-empresas-de-transporte-contra-los-conductores-en-filadelfia\/\">Responsabilidad vicaria: Las empresas de transporte frente a los conductores en Philadelphia<\/a><\/li>\n\n\n\n<li><a href=\"https:\/\/www.myphillylawyer.com\/es\/areas-de-practica\/accidentes-de-trafico-2\/accidentes-de-camion\/quien-puede-ser-demandado-despues-de-un-accidente-de-camion-en-filadelfia\/\">\u00bfQui\u00e9n puede ser demandado despu\u00e9s de un accidente de cami\u00f3n en Philadelphia?<\/a><\/li>\n<\/ul>","protected":false},"excerpt":{"rendered":"<p>Si usted o un ser querido ha estado en un accidente de cami\u00f3n en Philadelphia, la red de leyes de camiones estatales y federales pueden afectar su reclamo de muchas maneras. Saber c\u00f3mo estas leyes afectan a la responsabilidad es fundamental para cualquier persona que busque una compensaci\u00f3n justa. Este art\u00edculo...<\/p>","protected":false},"author":14,"featured_media":0,"parent":247,"menu_order":0,"comment_status":"closed","ping_status":"closed","template":"","meta":{"_acf_changed":false,"jetpack_post_was_ever_published":false,"footnotes":""},"class_list":["post-14233","page","type-page","status-publish","hentry"],"acf":[],"jetpack_sharing_enabled":true,"_links":{"self":[{"href":"https:\/\/www.myphillylawyer.com\/es\/wp-json\/wp\/v2\/pages\/14233","targetHints":{"allow":["GET"]}}],"collection":[{"href":"https:\/\/www.myphillylawyer.com\/es\/wp-json\/wp\/v2\/pages"}],"about":[{"href":"https:\/\/www.myphillylawyer.com\/es\/wp-json\/wp\/v2\/types\/page"}],"author":[{"embeddable":true,"href":"https:\/\/www.myphillylawyer.com\/es\/wp-json\/wp\/v2\/users\/14"}],"replies":[{"embeddable":true,"href":"https:\/\/www.myphillylawyer.com\/es\/wp-json\/wp\/v2\/comments?post=14233"}],"version-history":[{"count":2,"href":"https:\/\/www.myphillylawyer.com\/es\/wp-json\/wp\/v2\/pages\/14233\/revisions"}],"predecessor-version":[{"id":14272,"href":"https:\/\/www.myphillylawyer.com\/es\/wp-json\/wp\/v2\/pages\/14233\/revisions\/14272"}],"up":[{"embeddable":true,"href":"https:\/\/www.myphillylawyer.com\/es\/wp-json\/wp\/v2\/pages\/247"}],"wp:attachment":[{"href":"https:\/\/www.myphillylawyer.com\/es\/wp-json\/wp\/v2\/media?parent=14233"}],"curies":[{"name":"wp","href":"https:\/\/api.w.org\/{rel}","templated":true}]}}