{"id":14274,"date":"2025-10-20T11:18:40","date_gmt":"2025-10-20T16:18:40","guid":{"rendered":"https:\/\/www.myphillylawyer.com\/?page_id=14274"},"modified":"2025-10-20T11:55:11","modified_gmt":"2025-10-20T16:55:11","slug":"como-proteger-sus-derechos-legales-tras-un-accidente","status":"publish","type":"page","link":"https:\/\/www.myphillylawyer.com\/es\/areas-de-practica\/accidentes-de-trafico-2\/accidentes-de-camion\/como-proteger-sus-derechos-legales-tras-un-accidente\/","title":{"rendered":"C\u00f3mo proteger sus derechos legales tras un accidente"},"content":{"rendered":"<h1 class=\"wp-block-heading\" id=\"how-to-protect-your-legal-rights-after-a-crash\">C\u00f3mo proteger sus derechos legales tras un accidente<\/h1>\n\n\n\n<p>Los accidentes de cami\u00f3n en Philadelphia pueden poner su vida patas arriba. Las secuelas suelen ser ca\u00f3ticas, estresantes y confusas. Conocer sus derechos y protegerse es clave para obtener la indemnizaci\u00f3n que se merece. Si resulta herido en un accidente con un cami\u00f3n de gran tonelaje, tomar las medidas adecuadas puede marcar la diferencia. Tanto si necesita un&nbsp;<a href=\"https:\/\/www.myphillylawyer.com\/es\/areas-de-practica\/accidentes-de-trafico-2\/accidentes-de-camion\/\" target=\"_blank\" rel=\"noreferrer noopener\">Philadelphia abogado accidente cami\u00f3n<\/a>&nbsp;o est\u00e1 buscando asesoramiento para su pr\u00f3ximo movimiento, esta gu\u00eda le ayudar\u00e1 a entender c\u00f3mo proteger sus derechos legales despu\u00e9s de un accidente de cami\u00f3n en Philadelphia.<\/p>\n\n\n\n<div class=\"wp-block-rank-math-toc-block\" id=\"rank-math-toc\"><h2>\u00cdndice<\/h2><nav><ul><li><a href=\"#how-to-protect-your-legal-rights-after-a-crash\">C\u00f3mo proteger sus derechos legales tras un accidente<\/a><ul><li><a href=\"#seek-medical-attention-and-document-everything\">Busque atenci\u00f3n m\u00e9dica y docum\u00e9ntelo todo<\/a><\/li><li><a href=\"#dont-speak-to-insurance-adjusters-without-legal-advice\">No hable con peritos de seguros sin asesoramiento jur\u00eddico<\/a><\/li><li><a href=\"#preserve-evidence-and-keep-good-records\">Preservar las pruebas y mantener buenos registros<\/a><\/li><li><a href=\"#know-pennsylvanias-laws-and-deadlines\">Conozca las leyes y plazos de Pensilvania<\/a><\/li><li><a href=\"#contact-a-truck-accident-lawyer-for-help\">P\u00f3ngase en contacto con un abogado de accidentes de camiones para obtener ayuda<\/a><\/li><li><a href=\"#frequently-asked-questions-about-how-to-protect-your-legal-rights-after-a-truck-accident-in-philadelphia\">Preguntas frecuentes sobre c\u00f3mo proteger sus derechos legales despu\u00e9s de un accidente de cami\u00f3n en Philadelphia<\/a><\/li><li><a href=\"#other-resources-about-legal-rights-damages-and-resources-for-victims\">Otros recursos sobre derechos legales, da\u00f1os y perjuicios y recursos para las v\u00edctimas<\/a><\/li><\/ul><\/li><\/ul><\/nav><\/div>\n\n\n\n<h2 class=\"wp-block-heading\" id=\"seek-medical-attention-and-document-everything\">Busque atenci\u00f3n m\u00e9dica y docum\u00e9ntelo todo<\/h2>\n\n\n\n<p>Despu\u00e9s de un accidente de cami\u00f3n, su salud es lo primero. Aunque te encuentres bien, algunas lesiones tardan en manifestarse. Llame al 911 o consulte a un m\u00e9dico de inmediato. Los expedientes m\u00e9dicos son vitales-prueban que usted fue da\u00f1ado y ayudan a determinar el valor de su demanda.<\/p>\n\n\n\n<p>No le reste importancia a su dolor ni le diga a nadie que se encuentra bien en el lugar del accidente. Las compa\u00f1\u00edas de seguros y las empresas de transporte buscar\u00e1n cualquier motivo para rechazar tu reclamaci\u00f3n. Ir al m\u00e9dico protege tu salud y tus derechos. Estos informes son una prueba fehaciente de que tus lesiones est\u00e1n relacionadas con el accidente.<\/p>\n\n\n\n<p>Haz fotos y v\u00eddeos del lugar del accidente, de tu coche, del cami\u00f3n y de los heridos. Si puedes, recoge tambi\u00e9n los nombres de los testigos y la informaci\u00f3n de contacto. Cuanta m\u00e1s informaci\u00f3n tengas, m\u00e1s posibilidades tendr\u00e1s de que tu&nbsp;<a href=\"https:\/\/www.myphillylawyer.com\/es\/areas-de-practica\/accidentes-de-trafico-2\/accidentes-de-camion\/\" target=\"_blank\" rel=\"noreferrer noopener\">abogado de accidentes de cami\u00f3n en Philadelphia<\/a>&nbsp;tiene que probar su caso. Pida siempre una copia del informe policial, ya que contiene detalles cr\u00edticos como el tiempo, las condiciones de la carretera y las observaciones del agente.<\/p>\n\n\n\n<h2 class=\"wp-block-heading\" id=\"dont-speak-to-insurance-adjusters-without-legal-advice\">No hable con peritos de seguros sin asesoramiento jur\u00eddico<\/h2>\n\n\n\n<p>Poco despu\u00e9s de su accidente, es probable que reciba una llamada de un perito del seguro. Puede que se muestren amables y le pidan una declaraci\u00f3n grabada. No se deje enga\u00f1ar: las compa\u00f1\u00edas de seguros quieren pagar lo menos posible. Todo lo que diga puede ser tergiversado y utilizado en su contra m\u00e1s adelante.<\/p>\n\n\n\n<p>No tienes que declarar inmediatamente. Diles educadamente que no est\u00e1s preparado para hablar. Antes de hablar de tus lesiones o de los detalles del accidente, habla con un&nbsp;<a href=\"https:\/\/www.myphillylawyer.com\/es\/zonas-atendidas\/arboleda-de-sauces\/abogados-de-accidentes-de-camiones\/\" target=\"_blank\" rel=\"noreferrer noopener\">abogado de accidentes de cami\u00f3n<\/a>. Un abogado puede ocuparse de las llamadas y el papeleo por usted, asegur\u00e1ndose de que sus palabras est\u00e9n protegidas.<\/p>\n\n\n\n<p>Nunca firme ning\u00fan documento ni acepte un acuerdo sin asesoramiento jur\u00eddico. Las ofertas iniciales suelen ser muy inferiores a lo que usted merece. Puede necesitar cuidados durante meses o incluso a\u00f1os. Un abogado&nbsp;<a href=\"https:\/\/www.myphillylawyer.com\/es\/\" target=\"_blank\" rel=\"noreferrer noopener\">Philadelphia abogado de lesiones personales<\/a>&nbsp;luchar\u00e1 por un acuerdo que cubra todas sus necesidades, no s\u00f3lo las facturas inmediatas.<\/p>\n\n\n\n<h2 class=\"wp-block-heading\" id=\"preserve-evidence-and-keep-good-records\">Preservar las pruebas y mantener buenos registros<\/h2>\n\n\n\n<p>Las pruebas pueden desaparecer r\u00e1pidamente tras un accidente de cami\u00f3n. Las marcas de derrape se desvanecen y los veh\u00edculos se reparan. Para proteger sus derechos, guarde todo lo relacionado con su accidente y lesiones. Conserve las facturas m\u00e9dicas, los presupuestos de reparaci\u00f3n, los recibos de farmacia y los talones de pago que muestren los salarios perdidos.<\/p>\n\n\n\n<p>Escribe tu versi\u00f3n de lo ocurrido tan pronto como puedas. Incluye la fecha, la hora, el tiempo y cualquier detalle que recuerdes. Si hablaste con testigos, anota lo que te dijeron. Lleva un diario del dolor en el que registres los s\u00edntomas, las visitas al m\u00e9dico y c\u00f3mo afectan las lesiones a tu vida diaria. Este registro le ayudar\u00e1 a&nbsp;<a href=\"https:\/\/www.myphillylawyer.com\/es\/zonas-atendidas\/conshohocken\/abogados-de-accidentes-de-camiones\/\" target=\"_blank\" rel=\"noreferrer noopener\">abogado de lesiones de camiones<\/a>&nbsp;muestre el impacto que el accidente ha tenido en usted.<\/p>\n\n\n\n<p>La empresa de transporte puede tener datos de la caja negra del cami\u00f3n, registros de mantenimiento y registros del conductor. Su abogado puede enviar una carta exigiendo que se conserven estos elementos. Este paso es crucial: una vez que los registros se pierden o se alteran, pueden desaparecer para siempre. Con pruebas s\u00f3lidas, su reclamaci\u00f3n tiene muchas m\u00e1s posibilidades en los tribunales o en la mesa de negociaciones.<\/p>\n\n\n\n<h2 class=\"wp-block-heading\" id=\"know-pennsylvanias-laws-and-deadlines\">Conozca las leyes y plazos de Pensilvania<\/h2>\n\n\n\n<p>La ley de Pensilvania tiene normas estrictas sobre qui\u00e9n puede demandar, qu\u00e9 da\u00f1os puede recuperar y cu\u00e1nto tiempo tiene para presentar una reclamaci\u00f3n. Si se le pasa el plazo, podr\u00eda perder para siempre su derecho a reclamar una indemnizaci\u00f3n. En la mayor\u00eda de los casos, s\u00f3lo tiene dos a\u00f1os a partir de la fecha del accidente para presentar una demanda.<\/p>\n\n\n\n<p>Si se trata de un veh\u00edculo del Estado o de otra situaci\u00f3n especial, las normas pueden ser diferentes. Es f\u00e1cil perderse en los detalles legales, especialmente cuando est\u00e1s herido y abrumado. Trabajar con un&nbsp;<a href=\"https:\/\/www.myphillylawyer.com\/es\/zonas-atendidas\/upper-darby\/abogados-de-accidentes-de-camiones-2\/\" target=\"_blank\" rel=\"noreferrer noopener\">abogado de accidente de cami\u00f3n<\/a>&nbsp;te asegura que sigues cada paso y no te pierdes nada.<\/p>\n\n\n\n<p>Pensilvania tambi\u00e9n tiene leyes de \"negligencia comparativa\". Si usted es encontrado en parte culpable, su recuperaci\u00f3n puede ser reducida por su porcentaje de culpa. Esa es otra raz\u00f3n para tener cuidado con lo que dices y dejar que tu abogado hable. Un abogado experto&nbsp;<a href=\"https:\/\/www.myphillylawyer.com\/es\/zonas-atendidas\/bensalem\/abogados-de-accidentes-de-camiones-2\/\" target=\"_blank\" rel=\"noreferrer noopener\">abogado de lesiones de camiones<\/a>&nbsp;puede construir su caso y luchar contra los intentos de culparle injustamente.<\/p>\n\n\n\n<h2 class=\"wp-block-heading\" id=\"contact-a-truck-accident-lawyer-for-help\">P\u00f3ngase en contacto con un abogado de accidentes de camiones para obtener ayuda<\/h2>\n\n\n\n<p>Los accidentes de cami\u00f3n son complejos. Las compa\u00f1\u00edas de camiones tienen equipos de abogados, y se mueven r\u00e1pido para proteger sus intereses. Usted no debe enfrentarse a ellos solo. Cuando usted trabaja con un&nbsp;<a href=\"https:\/\/www.myphillylawyer.com\/es\/areas-de-practica\/accidentes-de-trafico-2\/accidentes-de-camion\/\" target=\"_blank\" rel=\"noreferrer noopener\">Philadelphia abogado accidente cami\u00f3n<\/a>tienes a alguien a tu lado cuyo \u00fanico trabajo es velar por ti.<\/p>\n\n\n\n<p>Un abogado investigar\u00e1 su accidente, reunir\u00e1 pruebas clave y se encargar\u00e1 de toda la comunicaci\u00f3n con las aseguradoras y las empresas de transporte. Ellos pueden ayudarle a recuperar las facturas m\u00e9dicas, salarios perdidos, dolor y sufrimiento, y otros da\u00f1os. Si el caso no se puede resolver, su abogado se preparar\u00e1 para ir a juicio y luchar por sus derechos.<\/p>\n\n\n\n<p>Contar con un&nbsp;<a href=\"https:\/\/www.myphillylawyer.com\/es\/\" target=\"_blank\" rel=\"noreferrer noopener\">abogado de lesiones personales<\/a>&nbsp;nivela el campo de juego. T\u00fa te centras en curarte, mientras ellos se ocupan de las batallas legales. No espere: las pruebas importantes y los plazos pueden vencerse r\u00e1pidamente. Cuanto antes solicite una revisi\u00f3n del caso, m\u00e1s opciones tendr\u00e1.<\/p>\n\n\n\n<h2 class=\"wp-block-heading\" id=\"frequently-asked-questions-about-how-to-protect-your-legal-rights-after-a-truck-accident-in-philadelphia\">Preguntas frecuentes sobre c\u00f3mo proteger sus derechos legales despu\u00e9s de un accidente de cami\u00f3n en Philadelphia<\/h2>\n\n\n\n<p><strong>\u00bfQu\u00e9 debo hacer inmediatamente despu\u00e9s de un accidente de cami\u00f3n en Philadelphia?<\/strong><br>En primer lugar, comprueba si t\u00fa y los dem\u00e1s est\u00e1is heridos y llama al 911 si alguien est\u00e1 herido. Ponte a salvo si puedes, pero no abandones el lugar. Intercambia informaci\u00f3n con todos los conductores y obt\u00e9n los datos de contacto de los testigos. Haz fotos de los veh\u00edculos, del lugar del accidente y de tus lesiones. Busca ayuda m\u00e9dica lo antes posible, incluso para s\u00edntomas leves, y solicita una copia del informe policial.<\/p>\n\n\n\n<p><strong>\u00bfCu\u00e1ndo debo ponerme en contacto con un abogado de accidentes de cami\u00f3n en Philadelphia?<\/strong><br>Lo mejor es llamar a un&nbsp;<a href=\"https:\/\/www.myphillylawyer.com\/es\/zonas-atendidas\/norristown\/abogados-de-accidentes-de-camiones-2\/\" target=\"_blank\" rel=\"noreferrer noopener\">abogado de accidentes de cami\u00f3n en Philadelphia<\/a>&nbsp;lo antes posible despu\u00e9s del accidente. Un abogado puede guiarle a trav\u00e9s del proceso legal, proteger sus derechos y gestionar toda la comunicaci\u00f3n con las aseguradoras. Una ayuda legal temprana aumenta sus posibilidades de obtener la indemnizaci\u00f3n que merece.<\/p>\n\n\n\n<p><strong>\u00bfC\u00f3mo puede ayudarme en mi caso un abogado especializado en accidentes de cami\u00f3n?<\/strong><br>A&nbsp;<a href=\"https:\/\/www.myphillylawyer.com\/es\/zonas-atendidas\/jenkintown\/abogados-de-accidentes-de-camiones-2\/\" target=\"_blank\" rel=\"noreferrer noopener\">abogado de accidentes de cami\u00f3n<\/a>&nbsp;investigar\u00e1 su accidente, reunir\u00e1 pruebas y negociar\u00e1 con las compa\u00f1\u00edas de seguros. Se encargan del papeleo, luchan por tus intereses y se aseguran de que no se te pasen los plazos legales. Con su ayuda, usted puede centrarse en la recuperaci\u00f3n, mientras que persiguen el valor total de su reclamo.<\/p>\n\n\n\n<p><strong>\u00bfQu\u00e9 da\u00f1os puedo recuperar tras un accidente de cami\u00f3n en Philadelphia?<\/strong><br>Usted puede recuperar una indemnizaci\u00f3n por facturas m\u00e9dicas, salarios perdidos, da\u00f1os a la propiedad, dolor y sufrimiento, y mucho m\u00e1s. Si un ser querido falleci\u00f3, usted puede tener derecho a una indemnizaci\u00f3n por homicidio culposo. La cuant\u00eda depende de sus lesiones, los gastos m\u00e9dicos y lo mucho que el accidente haya afectado a su vida. A&nbsp;<a href=\"https:\/\/www.myphillylawyer.com\/es\/\" target=\"_blank\" rel=\"noreferrer noopener\">Philadelphia abogado de lesiones personales<\/a>&nbsp;puede explicarle sus opciones y estimar el valor de su caso.<\/p>\n\n\n\n<h2 class=\"wp-block-heading\" id=\"other-resources-about-legal-rights-damages-and-resources-for-victims\">Otros recursos sobre derechos legales, da\u00f1os y perjuicios y recursos para las v\u00edctimas<\/h2>\n\n\n\n<ul class=\"wp-block-list\">\n<li><a href=\"https:\/\/www.myphillylawyer.com\/es\/areas-de-practica\/accidentes-de-trafico-2\/accidentes-de-camion\/que-esperar-en-una-consulta-gratuita-con-un-abogado-de-accidentes-de-camion\/\">Qu\u00e9 esperar en una consulta gratuita con un abogado de accidentes de cami\u00f3n<\/a><\/li>\n\n\n\n<li><a href=\"https:\/\/www.myphillylawyer.com\/es\/areas-de-practica\/accidentes-de-trafico-2\/accidentes-de-camion\/grupos-de-apoyo-y-defensa-de-las-victimas\/\">Grupos de apoyo y defensa de las v\u00edctimas<\/a><\/li>\n\n\n\n<li><a href=\"https:\/\/www.myphillylawyer.com\/es\/areas-de-practica\/accidentes-de-trafico-2\/accidentes-de-camion\/recursos-gratuitos-para-victimas-de-accidentes-de-camion-en-filadelfia\/\">Recursos gratuitos para las v\u00edctimas de accidentes de camiones en Philadelphia<\/a><\/li>\n\n\n\n<li><a href=\"https:\/\/www.myphillylawyer.com\/es\/areas-de-practica\/accidentes-de-trafico-2\/accidentes-de-camion\/philadelphia-accidente-de-camion-estatuto-de-limitaciones\/\">Philadelphia Prescripci\u00f3n de los accidentes de cami\u00f3n<\/a><\/li>\n\n\n\n<li><a href=\"https:\/\/www.myphillylawyer.com\/es\/areas-de-practica\/accidentes-de-trafico-2\/accidentes-de-camion\/presentar-una-reclamacion-al-seguro-frente-a-presentar-una-demanda\/\">Reclamaci\u00f3n al seguro o demanda judicial<\/a><\/li>\n\n\n\n<li><a href=\"https:\/\/www.myphillylawyer.com\/es\/areas-de-practica\/accidentes-de-trafico-2\/accidentes-de-camion\/como-se-calcula-la-indemnizacion-en-los-siniestros-de-camiones\/\">C\u00f3mo se calcula la indemnizaci\u00f3n en los siniestros de camiones<\/a><\/li>\n\n\n\n<li><a href=\"https:\/\/www.myphillylawyer.com\/es\/areas-de-practica\/accidentes-de-trafico-2\/accidentes-de-camion\/que-hacer-inmediatamente-despues-de-un-accidente-de-camion-en-philadelphia\/\">Qu\u00e9 hacer inmediatamente despu\u00e9s de un accidente de cami\u00f3n Philadelphia<\/a><\/li>\n\n\n\n<li><a href=\"https:\/\/www.myphillylawyer.com\/es\/areas-de-practica\/accidentes-de-trafico-2\/accidentes-de-camion\/tipos-de-danos-disponibles-en-una-demanda-por-accidente-de-camion\/\">Tipos de da\u00f1os disponibles en una demanda por accidente de cami\u00f3n<\/a><\/li>\n\n\n\n<li><strong>C\u00f3mo proteger sus derechos legales tras un accidente<\/strong><\/li>\n<\/ul>","protected":false},"excerpt":{"rendered":"<p>C\u00f3mo proteger sus derechos legales despu\u00e9s de un accidente Los accidentes de camiones en Philadelphia pueden cambiar su vida por completo. Las secuelas suelen ser ca\u00f3ticas, estresantes y confusas. Conocer sus derechos y protegerse es fundamental para obtener la indemnizaci\u00f3n que se merece. Si resulta lesionado en un accidente con un cami\u00f3n de gran tonelaje, tomar las medidas adecuadas...<\/p>","protected":false},"author":14,"featured_media":0,"parent":247,"menu_order":0,"comment_status":"closed","ping_status":"closed","template":"","meta":{"_acf_changed":false,"footnotes":""},"class_list":["post-14274","page","type-page","status-publish","hentry"],"acf":[],"jetpack_sharing_enabled":true,"_links":{"self":[{"href":"https:\/\/www.myphillylawyer.com\/es\/wp-json\/wp\/v2\/pages\/14274","targetHints":{"allow":["GET"]}}],"collection":[{"href":"https:\/\/www.myphillylawyer.com\/es\/wp-json\/wp\/v2\/pages"}],"about":[{"href":"https:\/\/www.myphillylawyer.com\/es\/wp-json\/wp\/v2\/types\/page"}],"author":[{"embeddable":true,"href":"https:\/\/www.myphillylawyer.com\/es\/wp-json\/wp\/v2\/users\/14"}],"replies":[{"embeddable":true,"href":"https:\/\/www.myphillylawyer.com\/es\/wp-json\/wp\/v2\/comments?post=14274"}],"version-history":[{"count":3,"href":"https:\/\/www.myphillylawyer.com\/es\/wp-json\/wp\/v2\/pages\/14274\/revisions"}],"predecessor-version":[{"id":14311,"href":"https:\/\/www.myphillylawyer.com\/es\/wp-json\/wp\/v2\/pages\/14274\/revisions\/14311"}],"up":[{"embeddable":true,"href":"https:\/\/www.myphillylawyer.com\/es\/wp-json\/wp\/v2\/pages\/247"}],"wp:attachment":[{"href":"https:\/\/www.myphillylawyer.com\/es\/wp-json\/wp\/v2\/media?parent=14274"}],"curies":[{"name":"wp","href":"https:\/\/api.w.org\/{rel}","templated":true}]}}