{"id":14275,"date":"2025-10-20T11:22:23","date_gmt":"2025-10-20T16:22:23","guid":{"rendered":"https:\/\/www.myphillylawyer.com\/?page_id=14275"},"modified":"2025-10-20T11:55:29","modified_gmt":"2025-10-20T16:55:29","slug":"tipos-de-danos-disponibles-en-una-demanda-por-accidente-de-camion","status":"publish","type":"page","link":"https:\/\/www.myphillylawyer.com\/es\/areas-de-practica\/accidentes-de-trafico-2\/accidentes-de-camion\/tipos-de-danos-disponibles-en-una-demanda-por-accidente-de-camion\/","title":{"rendered":"Tipos de da\u00f1os disponibles en una demanda por accidente de cami\u00f3n"},"content":{"rendered":"<h1 class=\"wp-block-heading\" id=\"types-of-damages-available-in-a-truck-accident-lawsuit\">Tipos de da\u00f1os disponibles en una demanda por accidente de cami\u00f3n<\/h1>\n\n\n\n<p>Cuando se produce un accidente de cami\u00f3n en el Philadelphia, las secuelas pueden ser abrumadoras. Las v\u00edctimas a menudo se enfrentan a lesiones graves, p\u00e9rdida de salarios y trauma emocional. Averiguar a qu\u00e9 da\u00f1os tiene derecho puede ser confuso. Por eso es vital entender los tipos de da\u00f1os que puede solicitar en una demanda por accidente de cami\u00f3n. Conocer sus derechos le ayuda a obtener la compensaci\u00f3n que realmente merece. Si usted o un ser querido ha sido herido, un experto&nbsp;<a href=\"https:\/\/www.myphillylawyer.com\/es\/areas-de-practica\/accidentes-de-trafico-2\/accidentes-de-camion\/\" target=\"_blank\" rel=\"noreferrer noopener\">Philadelphia abogado accidente cami\u00f3n<\/a>&nbsp;puede apoyarle en cada paso del camino.<\/p>\n\n\n\n<div class=\"wp-block-rank-math-toc-block\" id=\"rank-math-toc\"><h2>\u00cdndice<\/h2><nav><ul><li><a href=\"#types-of-damages-available-in-a-truck-accident-lawsuit\">Tipos de da\u00f1os disponibles en una demanda por accidente de cami\u00f3n<\/a><ul><li><a href=\"#economic-damages-the-financial-impact-of-a-truck-accident\">Da\u00f1os econ\u00f3micos: El impacto financiero de un accidente de cami\u00f3n<\/a><\/li><li><a href=\"#non-economic-damages-pain-suffering-and-emotional-trauma\">Da\u00f1os no econ\u00f3micos: Dolor, sufrimiento y trauma emocional<\/a><\/li><li><a href=\"#punitive-damages-holding-wrongdoers-accountable\">Da\u00f1os punitivos: Responsabilizar a los infractores<\/a><\/li><li><a href=\"#wrongful-death-damages-support-for-grieving-families\">Indemnizaci\u00f3n por muerte por negligencia: Apoyo a las familias en duelo<\/a><\/li><li><a href=\"#special-and-unique-damages-what-else-can-you-recover\">Da\u00f1os especiales y \u00fanicos: \u00bfQu\u00e9 m\u00e1s puede reclamar?<\/a><\/li><li><a href=\"#frequently-asked-questions-about-types-of-damages-in-a-truck-accident-lawsuit\">Preguntas frecuentes sobre los tipos de da\u00f1os en una demanda por accidente de cami\u00f3n<\/a><\/li><li><a href=\"#other-resources-about-legal-rights-damages-and-resources-for-victims\">Otros recursos sobre derechos legales, da\u00f1os y perjuicios y recursos para las v\u00edctimas<\/a><\/li><\/ul><\/li><\/ul><\/nav><\/div>\n\n\n\n<h2 class=\"wp-block-heading\" id=\"economic-damages-the-financial-impact-of-a-truck-accident\">Da\u00f1os econ\u00f3micos: El impacto financiero de un accidente de cami\u00f3n<\/h2>\n\n\n\n<p>Los da\u00f1os econ\u00f3micos son el tipo de indemnizaci\u00f3n m\u00e1s directo. Estos da\u00f1os cubren los costes financieros directos resultantes del accidente. Si ha resultado herido en un accidente de cami\u00f3n, las facturas m\u00e9dicas pueden acumularse r\u00e1pidamente. Las visitas a urgencias, las intervenciones quir\u00fargicas, la rehabilitaci\u00f3n y los medicamentos suelen costar miles de d\u00f3lares. A veces, es posible que necesite atenci\u00f3n continua, que puede ser costosa con el tiempo.<\/p>\n\n\n\n<p>Los salarios perdidos son otra parte fundamental de los da\u00f1os econ\u00f3micos. Las lesiones graves pueden mantenerle alejado del trabajo durante semanas o incluso meses. Si no puede desempe\u00f1ar su trabajo, la presi\u00f3n financiera es a\u00fan mayor. Los da\u00f1os econ\u00f3micos le reembolsan todos los ingresos que ha dejado de percibir y pueden cubrir la p\u00e9rdida del potencial de ingresos futuros si no puede volver a su trabajo anterior.<\/p>\n\n\n\n<p>Tambi\u00e9n puedes reclamar da\u00f1os materiales. Si su coche ha sufrido da\u00f1os totales o graves, se incluyen los gastos de reparaci\u00f3n o sustituci\u00f3n. Otros gastos de bolsillo, como el transporte o los dispositivos m\u00e9dicos, tambi\u00e9n pueden formar parte de su reclamaci\u00f3n. Su abogado de accidentes de cami\u00f3n en Philadelphia le ayudar\u00e1 a reunir documentos y recibos para demostrar cada d\u00f3lar perdido.<\/p>\n\n\n\n<h2 class=\"wp-block-heading\" id=\"non-economic-damages-pain-suffering-and-emotional-trauma\">Da\u00f1os no econ\u00f3micos: Dolor, sufrimiento y trauma emocional<\/h2>\n\n\n\n<p>No todas las p\u00e9rdidas derivadas de un accidente de cami\u00f3n son econ\u00f3micas. Los da\u00f1os no econ\u00f3micos abordan el dolor f\u00edsico y el sufrimiento emocional que experimenta despu\u00e9s del accidente. Estos da\u00f1os reconocen las formas en que su vida ha cambiado que no est\u00e1n vinculados a una factura o recibo.<\/p>\n\n\n\n<p>El da\u00f1o moral cubre el malestar f\u00edsico y la angustia emocional causados por sus lesiones. Tal vez tenga dificultades para dormir, sufra dolores constantes o sienta ansiedad cada vez que se sube a un coche. Estos problemas son reales y merecen una indemnizaci\u00f3n. La p\u00e9rdida del disfrute de la vida es otra parte clave. Si ya no puede participar en aficiones, deportes o actividades familiares, puede solicitar una indemnizaci\u00f3n por estas p\u00e9rdidas.<\/p>\n\n\n\n<p>Los traumas emocionales suelen perdurar mucho despu\u00e9s de que cicatricen las heridas f\u00edsicas. Los accidentes de cami\u00f3n pueden dejar secuelas mentales duraderas, como miedo, depresi\u00f3n o estr\u00e9s postraum\u00e1tico. Los tribunales del Philadelphia reconocen estas dificultades y permiten a las v\u00edctimas reclamar da\u00f1os no econ\u00f3micos para ayudarles a recuperarse.<\/p>\n\n\n\n<p>La reclamaci\u00f3n de estos da\u00f1os puede ser compleja. Tiene que demostrar c\u00f3mo le cambi\u00f3 la vida el accidente. Su&nbsp;<a href=\"https:\/\/www.myphillylawyer.com\/es\/zonas-atendidas\/upper-darby\/abogados-de-accidentes-de-camiones-2\/\" target=\"_blank\" rel=\"noreferrer noopener\">abogado de accidentes de cami\u00f3n<\/a>&nbsp;trabaja con m\u00e9dicos, terapeutas y su familia para construir el caso m\u00e1s s\u00f3lido.<\/p>\n\n\n\n<h2 class=\"wp-block-heading\" id=\"punitive-damages-holding-wrongdoers-accountable\">Da\u00f1os punitivos: Responsabilizar a los infractores<\/h2>\n\n\n\n<p>La mayor\u00eda de las indemnizaciones en casos de accidentes de cami\u00f3n est\u00e1n destinadas a compensar a las v\u00edctimas. Pero a veces, las acciones de la parte culpable son tan imprudentes o intencionales que el tribunal decide castigarlos. Ah\u00ed es donde entran en juego las indemnizaciones punitivas.<\/p>\n\n\n\n<p>Los da\u00f1os punitivos no se conceden en todos los casos. Se aplican cuando un camionero o una empresa de transporte por carretera actu\u00f3 con negligencia grave o temeraria indiferencia por la seguridad. Por ejemplo, si una empresa obliga a los conductores a saltarse las pausas de descanso, falsifica los libros de registro o ignora problemas evidentes de seguridad del veh\u00edculo, estas acciones pueden llegar al nivel en el que los da\u00f1os punitivos est\u00e1n justificados.<\/p>\n\n\n\n<p>El objetivo es enviar un mensaje. Las indemnizaciones punitivas disuaden a otros de tomar las mismas decisiones peligrosas. Tambi\u00e9n dan a las v\u00edctimas una sensaci\u00f3n a\u00f1adida de justicia cuando una empresa antepone los beneficios a la seguridad de las personas. Si cree que su accidente se debi\u00f3 a una negligencia grave, hable con un abogado.&nbsp;<a href=\"https:\/\/www.myphillylawyer.com\/es\/zonas-atendidas\/conshohocken\/abogados-de-accidentes-de-camiones\/\" target=\"_blank\" rel=\"noreferrer noopener\">abogado de accidente de cami\u00f3n<\/a>&nbsp;en Philadelphia para ver si los da\u00f1os punitivos podr\u00edan aplicarse en su caso.<\/p>\n\n\n\n<h2 class=\"wp-block-heading\" id=\"wrongful-death-damages-support-for-grieving-families\">Indemnizaci\u00f3n por muerte por negligencia: Apoyo a las familias en duelo<\/h2>\n\n\n\n<p>Tristemente, algunos accidentes de cami\u00f3n en Philadelphia resultan en muertes. Cuando un ser querido se pierde, las familias se quedan con algo m\u00e1s que el coraz\u00f3n roto-que pueden enfrentar gastos inesperados y la p\u00e9rdida de apoyo financiero. La ley de Pennsylvania permite a ciertos miembros de la familia a presentar una demanda por muerte injusta para buscar da\u00f1os y perjuicios en nombre de la persona fallecida.<\/p>\n\n\n\n<p>Las indemnizaciones por muerte por negligencia pueden incluir gastos funerarios y de entierro, gastos m\u00e9dicos relacionados con la lesi\u00f3n final e indemnizaci\u00f3n por la p\u00e9rdida de ingresos que el ser querido habr\u00eda proporcionado. Las familias tambi\u00e9n pueden solicitar una indemnizaci\u00f3n por la p\u00e9rdida de compa\u00f1\u00eda, orientaci\u00f3n y apoyo emocional.<\/p>\n\n\n\n<p>Estos casos son complejos y a menudo implican a m\u00faltiples partes, incluidas empresas de transporte por carretera, compa\u00f1\u00edas de seguros e incluso fabricantes de veh\u00edculos. Un abogado&nbsp;<a href=\"https:\/\/www.myphillylawyer.com\/es\/zonas-atendidas\/jenkintown\/abogados-de-accidentes-de-camiones-2\/\" target=\"_blank\" rel=\"noreferrer noopener\">abogado de lesiones de camiones<\/a>&nbsp;puede ayudar a las familias a comprender sus derechos y garantizar que reciban la m\u00e1xima indemnizaci\u00f3n que permita la ley.<\/p>\n\n\n\n<h2 class=\"wp-block-heading\" id=\"special-and-unique-damages-what-else-can-you-recover\">Da\u00f1os especiales y \u00fanicos: \u00bfQu\u00e9 m\u00e1s puede reclamar?<\/h2>\n\n\n\n<p>Cada accidente de cami\u00f3n es \u00fanico y, a veces, se pueden reclamar da\u00f1os adicionales basados en los hechos espec\u00edficos del caso. Por ejemplo, si el accidente le caus\u00f3 una incapacidad permanente o de larga duraci\u00f3n, puede tener derecho a una indemnizaci\u00f3n por modificaciones en el hogar, dispositivos de movilidad o atenci\u00f3n domiciliaria.<\/p>\n\n\n\n<p>En raras ocasiones, los tribunales pueden permitir a las v\u00edctimas una indemnizaci\u00f3n por p\u00e9rdida de consorcio. Esto se refiere al impacto que la lesi\u00f3n tiene en su relaci\u00f3n con su c\u00f3nyuge o familia. Si sus lesiones le impiden compartir afecto, compa\u00f1\u00eda o apoyo con sus seres queridos, pueden considerarse estos da\u00f1os.<\/p>\n\n\n\n<p>Si el accidente caus\u00f3 cicatrices o desfiguraci\u00f3n, puede concederse una indemnizaci\u00f3n adicional por los efectos psicol\u00f3gicos y los da\u00f1os a la autoestima. Los ni\u00f1os o menores que resultan heridos en un accidente de cami\u00f3n suelen tener derechos especiales en cuanto al plazo de que disponen para presentar una demanda y los da\u00f1os y perjuicios que pueden reclamar.<\/p>\n\n\n\n<p>Es importante hablar con un Philadelphia&nbsp;<a href=\"https:\/\/www.myphillylawyer.com\/es\/\" target=\"_blank\" rel=\"noreferrer noopener\">abogado de lesiones personales<\/a>&nbsp;que entiende las leyes locales y se asegurar\u00e1 de que no pase por alto ninguna indemnizaci\u00f3n que se merezca. La indemnizaci\u00f3n que reciba puede suponer una gran diferencia a la hora de seguir adelante tras un accidente grave.<\/p>\n\n\n\n<h2 class=\"wp-block-heading\" id=\"frequently-asked-questions-about-types-of-damages-in-a-truck-accident-lawsuit\">Preguntas frecuentes sobre los tipos de da\u00f1os en una demanda por accidente de cami\u00f3n<\/h2>\n\n\n\n<p><strong>\u00bfQu\u00e9 da\u00f1os y perjuicios puedo reclamar si he resultado herido en un accidente de cami\u00f3n en Philadelphia?<\/strong><br>Puede reclamar tanto da\u00f1os econ\u00f3micos como no econ\u00f3micos, incluidos gastos m\u00e9dicos, salarios perdidos, da\u00f1os materiales, dolor y sufrimiento, y angustia emocional. En algunos casos, usted tambi\u00e9n puede ser elegible para da\u00f1os punitivos si la parte culpable actu\u00f3 imprudentemente. Si un ser querido ha fallecido, es posible que pueda presentar una demanda por homicidio culposo para cubrir los gastos funerarios y la p\u00e9rdida de sustento.<\/p>\n\n\n\n<p><strong>\u00bfC\u00f3mo puedo demostrar el da\u00f1o moral tras un accidente de cami\u00f3n?<\/strong><br>El dolor y el sufrimiento se muestran a trav\u00e9s de historiales m\u00e9dicos, diarios personales, notas de terapeutas y testimonios de familiares y amigos. A&nbsp;<a href=\"https:\/\/www.myphillylawyer.com\/es\/zonas-atendidas\/bensalem\/abogados-de-accidentes-de-camiones-2\/\" target=\"_blank\" rel=\"noreferrer noopener\">abogado de accidentes de cami\u00f3n<\/a>&nbsp;puede ayudarle a reunir y presentar estas pruebas en apoyo de su demanda.<\/p>\n\n\n\n<p><strong>\u00bfPuedo reclamar da\u00f1os y perjuicios si tuve parte de culpa en el accidente de cami\u00f3n?<\/strong><br>S\u00ed, Pennsylvania sigue las reglas de negligencia comparativa. Siempre y cuando usted no tiene m\u00e1s de 50% de culpa, usted todav\u00eda puede recuperar los da\u00f1os. Su compensaci\u00f3n se reducir\u00e1 en funci\u00f3n de su porcentaje de culpa. Por ejemplo, si usted es encontrado 20% responsable, su recuperaci\u00f3n se reducir\u00e1 en esa cantidad.<\/p>\n\n\n\n<p><strong>\u00bfCu\u00e1nto tiempo tengo para presentar una demanda por accidente de cami\u00f3n en Philadelphia?<\/strong><br>Por lo general, se dispone de dos a\u00f1os a partir de la fecha del accidente para presentar una demanda en Pensilvania. Hay excepciones, especialmente si la demanda es contra una agencia gubernamental o involucra a un menor. Lo mejor es ponerse en contacto con un&nbsp;<a href=\"https:\/\/www.myphillylawyer.com\/es\/zonas-atendidas\/norristown\/abogados-de-accidentes-de-camiones-2\/\" target=\"_blank\" rel=\"noreferrer noopener\">abogado de accidente de cami\u00f3n<\/a>&nbsp;lo antes posible para que no se le pasen plazos importantes.<\/p>\n\n\n\n<h2 class=\"wp-block-heading\" id=\"other-resources-about-legal-rights-damages-and-resources-for-victims\">Otros recursos sobre derechos legales, da\u00f1os y perjuicios y recursos para las v\u00edctimas<\/h2>\n\n\n\n<ul class=\"wp-block-list\">\n<li><a href=\"https:\/\/www.myphillylawyer.com\/es\/areas-de-practica\/accidentes-de-trafico-2\/accidentes-de-camion\/que-esperar-en-una-consulta-gratuita-con-un-abogado-de-accidentes-de-camion\/\">Qu\u00e9 esperar en una consulta gratuita con un abogado de accidentes de cami\u00f3n<\/a><\/li>\n\n\n\n<li><a href=\"https:\/\/www.myphillylawyer.com\/es\/areas-de-practica\/accidentes-de-trafico-2\/accidentes-de-camion\/grupos-de-apoyo-y-defensa-de-las-victimas\/\">Grupos de apoyo y defensa de las v\u00edctimas<\/a><\/li>\n\n\n\n<li><a href=\"https:\/\/www.myphillylawyer.com\/es\/areas-de-practica\/accidentes-de-trafico-2\/accidentes-de-camion\/recursos-gratuitos-para-victimas-de-accidentes-de-camion-en-filadelfia\/\">Recursos gratuitos para las v\u00edctimas de accidentes de camiones en Philadelphia<\/a><\/li>\n\n\n\n<li><a href=\"https:\/\/www.myphillylawyer.com\/es\/areas-de-practica\/accidentes-de-trafico-2\/accidentes-de-camion\/philadelphia-accidente-de-camion-estatuto-de-limitaciones\/\">Philadelphia Prescripci\u00f3n de los accidentes de cami\u00f3n<\/a><\/li>\n\n\n\n<li><a href=\"https:\/\/www.myphillylawyer.com\/es\/areas-de-practica\/accidentes-de-trafico-2\/accidentes-de-camion\/presentar-una-reclamacion-al-seguro-frente-a-presentar-una-demanda\/\">Reclamaci\u00f3n al seguro o demanda judicial<\/a><\/li>\n\n\n\n<li><a href=\"https:\/\/www.myphillylawyer.com\/es\/areas-de-practica\/accidentes-de-trafico-2\/accidentes-de-camion\/como-se-calcula-la-indemnizacion-en-los-siniestros-de-camiones\/\">C\u00f3mo se calcula la indemnizaci\u00f3n en los siniestros de camiones<\/a><\/li>\n\n\n\n<li><a href=\"https:\/\/www.myphillylawyer.com\/es\/areas-de-practica\/accidentes-de-trafico-2\/accidentes-de-camion\/que-hacer-inmediatamente-despues-de-un-accidente-de-camion-en-philadelphia\/\">Qu\u00e9 hacer inmediatamente despu\u00e9s de un accidente de cami\u00f3n Philadelphia<\/a><\/li>\n\n\n\n<li><strong>Tipos de da\u00f1os disponibles en una demanda por accidente de cami\u00f3n<\/strong><\/li>\n\n\n\n<li><a href=\"https:\/\/www.myphillylawyer.com\/es\/areas-de-practica\/accidentes-de-trafico-2\/accidentes-de-camion\/como-proteger-sus-derechos-legales-tras-un-accidente\/\">C\u00f3mo proteger sus derechos legales tras un accidente<\/a><\/li>\n<\/ul>","protected":false},"excerpt":{"rendered":"<p>Tipos de da\u00f1os y perjuicios disponibles en una demanda por accidente de cami\u00f3n Cuando se produce un accidente de cami\u00f3n en Philadelphia, las consecuencias pueden ser abrumadoras. Las v\u00edctimas suelen sufrir lesiones graves, p\u00e9rdida de ingresos y trauma emocional. Averiguar a qu\u00e9 da\u00f1os y perjuicios tiene derecho puede resultar confuso. Por eso es fundamental comprender los tipos de da\u00f1os y perjuicios que puede reclamar en...<\/p>","protected":false},"author":14,"featured_media":0,"parent":247,"menu_order":0,"comment_status":"closed","ping_status":"closed","template":"","meta":{"_acf_changed":false,"footnotes":""},"class_list":["post-14275","page","type-page","status-publish","hentry"],"acf":[],"jetpack_sharing_enabled":true,"_links":{"self":[{"href":"https:\/\/www.myphillylawyer.com\/es\/wp-json\/wp\/v2\/pages\/14275","targetHints":{"allow":["GET"]}}],"collection":[{"href":"https:\/\/www.myphillylawyer.com\/es\/wp-json\/wp\/v2\/pages"}],"about":[{"href":"https:\/\/www.myphillylawyer.com\/es\/wp-json\/wp\/v2\/types\/page"}],"author":[{"embeddable":true,"href":"https:\/\/www.myphillylawyer.com\/es\/wp-json\/wp\/v2\/users\/14"}],"replies":[{"embeddable":true,"href":"https:\/\/www.myphillylawyer.com\/es\/wp-json\/wp\/v2\/comments?post=14275"}],"version-history":[{"count":3,"href":"https:\/\/www.myphillylawyer.com\/es\/wp-json\/wp\/v2\/pages\/14275\/revisions"}],"predecessor-version":[{"id":14312,"href":"https:\/\/www.myphillylawyer.com\/es\/wp-json\/wp\/v2\/pages\/14275\/revisions\/14312"}],"up":[{"embeddable":true,"href":"https:\/\/www.myphillylawyer.com\/es\/wp-json\/wp\/v2\/pages\/247"}],"wp:attachment":[{"href":"https:\/\/www.myphillylawyer.com\/es\/wp-json\/wp\/v2\/media?parent=14275"}],"curies":[{"name":"wp","href":"https:\/\/api.w.org\/{rel}","templated":true}]}}