{"id":14277,"date":"2025-10-20T11:39:53","date_gmt":"2025-10-20T16:39:53","guid":{"rendered":"https:\/\/www.myphillylawyer.com\/?page_id=14277"},"modified":"2025-10-20T11:56:03","modified_gmt":"2025-10-20T16:56:03","slug":"presentar-una-reclamacion-al-seguro-frente-a-presentar-una-demanda","status":"publish","type":"page","link":"https:\/\/www.myphillylawyer.com\/es\/areas-de-practica\/accidentes-de-trafico-2\/accidentes-de-camion\/presentar-una-reclamacion-al-seguro-frente-a-presentar-una-demanda\/","title":{"rendered":"Reclamaci\u00f3n al seguro o demanda judicial"},"content":{"rendered":"<h1 class=\"wp-block-heading\" id=\"filing-an-insurance-claim-vs-filing-a-lawsuit\">Reclamaci\u00f3n al seguro o demanda judicial<\/h1>\n\n\n\n<p>Si usted ha estado en un accidente de cami\u00f3n en Philadelphia, las secuelas pueden sentirse abrumadora. Usted est\u00e1 tratando con lesiones, facturas m\u00e9dicas, salarios perdidos, y el estr\u00e9s de averiguar qu\u00e9 hacer a continuaci\u00f3n. Una de las mayores dudas que se le plantean es si debe presentar una reclamaci\u00f3n al seguro o ir directamente a juicio. Cada camino tiene pros, contras y detalles \u00fanicos que debe conocer. Trabajar con un&nbsp;<a href=\"https:\/\/www.myphillylawyer.com\/es\/areas-de-practica\/accidentes-de-trafico-2\/accidentes-de-camion\/\" target=\"_blank\" rel=\"noreferrer noopener\">Philadelphia abogado accidente cami\u00f3n<\/a>&nbsp;o&nbsp;<a href=\"https:\/\/www.myphillylawyer.com\/es\/areas-de-practica\/accidentes-de-trafico-2\/accidentes-de-camion\/\" target=\"_blank\" rel=\"noreferrer noopener\">abogado de accidentes de cami\u00f3n en Philadelphia<\/a>&nbsp;puede ayudarle a seguir estos complicados pasos.<\/p>\n\n\n\n<p>Vamos a desglosar las diferencias entre presentar una reclamaci\u00f3n al seguro y presentar una demanda, para que pueda tomar la mejor decisi\u00f3n para su situaci\u00f3n.<\/p>\n\n\n\n<div class=\"wp-block-rank-math-toc-block\" id=\"rank-math-toc\"><h2>\u00cdndice<\/h2><nav><ul><li><a href=\"#filing-an-insurance-claim-vs-filing-a-lawsuit\">Reclamaci\u00f3n al seguro o demanda judicial<\/a><ul><li><a href=\"#understanding-insurance-claims-after-a-philadelphia-truck-accident\">Entender las reclamaciones de seguros despu\u00e9s de un accidente de cami\u00f3n Philadelphia<\/a><\/li><li><a href=\"#when-filing-a-lawsuit-makes-sense\">\u00bfCu\u00e1ndo tiene sentido interponer una demanda?<\/a><\/li><li><a href=\"#key-differences-between-insurance-claims-and-lawsuits\">Diferencias clave entre reclamaciones de seguros y demandas judiciales<\/a><\/li><li><a href=\"#how-a-truck-accident-lawyer-can-help\">C\u00f3mo puede ayudar un abogado de accidentes de cami\u00f3n<\/a><\/li><li><a href=\"#mistakes-to-avoid-after-a-truck-accident-in-philadelphia\">Errores a evitar tras un accidente de cami\u00f3n en Philadelphia<\/a><\/li><li><a href=\"#frequently-asked-questions-about-filing-an-insurance-claim-vs-filing-a-lawsuit-after-a-truck-accident-in-philadelphia\">Preguntas frecuentes sobre la presentaci\u00f3n de una reclamaci\u00f3n al seguro frente a la presentaci\u00f3n de una demanda despu\u00e9s de un accidente de cami\u00f3n en Philadelphia<\/a><\/li><li><a href=\"#other-resources-about-legal-rights-damages-and-resources-for-victims\">Otros recursos sobre derechos legales, da\u00f1os y perjuicios y recursos para las v\u00edctimas<\/a><\/li><\/ul><\/li><\/ul><\/nav><\/div>\n\n\n\n<h2 class=\"wp-block-heading\" id=\"understanding-insurance-claims-after-a-philadelphia-truck-accident\">Entender las reclamaciones de seguros despu\u00e9s de un accidente de cami\u00f3n Philadelphia<\/h2>\n\n\n\n<p>Cuando se produce una colisi\u00f3n con un cami\u00f3n, la mayor\u00eda de la gente empieza por presentar una reclamaci\u00f3n al seguro. Suele ser la forma m\u00e1s r\u00e1pida y sencilla de reclamar una indemnizaci\u00f3n por lesiones y da\u00f1os materiales. Env\u00edas una notificaci\u00f3n a la compa\u00f1\u00eda de seguros de la parte culpable, explicas lo sucedido y presentas pruebas como fotos, historiales m\u00e9dicos e informes policiales.<\/p>\n\n\n\n<p>Las compa\u00f1\u00edas de seguros buscan razones para pagar lo menos posible. Es habitual que te ofrezcan un acuerdo r\u00e1pido, con la esperanza de que aceptes menos de lo que mereces. La aseguradora puede discutir qui\u00e9n tuvo la culpa o restar importancia al alcance de tus lesiones. Si ya tienes problemas, puede parecer tentador aceptar la primera oferta.<\/p>\n\n\n\n<p>Pero aqu\u00ed est\u00e1 el truco: Una vez que acepte un acuerdo de seguros, no se puede volver m\u00e1s tarde y pedir m\u00e1s dinero, incluso si sus lesiones resultan ser peor de lo que pensaba. Por eso es importante hablar con un abogado.&nbsp;<a href=\"https:\/\/www.myphillylawyer.com\/es\/zonas-atendidas\/conshohocken\/abogados-de-accidentes-de-camiones\/\" target=\"_blank\" rel=\"noreferrer noopener\">abogado de accidentes de cami\u00f3n<\/a>&nbsp;antes de aceptar nada. Un buen abogado sabe c\u00f3mo hacer frente a las compa\u00f1\u00edas de seguros y puede ayudarle a comprender el valor real de su reclamaci\u00f3n.<\/p>\n\n\n\n<h2 class=\"wp-block-heading\" id=\"when-filing-a-lawsuit-makes-sense\">\u00bfCu\u00e1ndo tiene sentido interponer una demanda?<\/h2>\n\n\n\n<p>A veces, presentar una reclamaci\u00f3n al seguro no es suficiente. Si la compa\u00f1\u00eda de seguros se niega a ofrecerle una indemnizaci\u00f3n justa, rechaza su reclamaci\u00f3n o retrasa el proceso, puede que tenga que presentar una demanda. Las demandas son m\u00e1s formales y tienen lugar en los tribunales. Tambi\u00e9n llevan m\u00e1s tiempo y requieren m\u00e1s pruebas.<\/p>\n\n\n\n<p>En el Philadelphia, tienes dos a\u00f1os desde la fecha del accidente para presentar una demanda por lesiones personales. Esperar demasiado significa que podr\u00eda perder su derecho a recuperar algo. Durante un juicio, su&nbsp;<a href=\"https:\/\/www.myphillylawyer.com\/es\/zonas-atendidas\/jenkintown\/abogados-de-accidentes-de-camiones-2\/\" target=\"_blank\" rel=\"noreferrer noopener\">abogado de accidente de cami\u00f3n<\/a>&nbsp;reunir\u00e1 pruebas, entrevistar\u00e1 a testigos y trabajar\u00e1 con expertos en reconstrucci\u00f3n de accidentes si es necesario. Este proceso descubre la historia completa y demuestra exactamente c\u00f3mo el accidente cambi\u00f3 su vida.<\/p>\n\n\n\n<p>Las demandas a menudo conducen a acuerdos m\u00e1s grandes o premios del jurado, especialmente si sus lesiones son graves o la compa\u00f1\u00eda de camiones actu\u00f3 imprudentemente. A veces, la simple amenaza de presentar una demanda es suficiente para conseguir que la compa\u00f1\u00eda de seguros ofrezca un mejor acuerdo. En cualquier caso, tener una&nbsp;<a href=\"https:\/\/www.myphillylawyer.com\/es\/zonas-atendidas\/norristown\/abogados-de-accidentes-de-camiones-2\/\" target=\"_blank\" rel=\"noreferrer noopener\">abogado de lesiones de camiones<\/a>&nbsp;en tu esquina te da ventaja.<\/p>\n\n\n\n<h2 class=\"wp-block-heading\" id=\"key-differences-between-insurance-claims-and-lawsuits\">Diferencias clave entre reclamaciones de seguros y demandas judiciales<\/h2>\n\n\n\n<p>La principal diferencia entre una reclamaci\u00f3n al seguro y una demanda se reduce a qui\u00e9n toma la decisi\u00f3n final. En una reclamaci\u00f3n al seguro, el perito decide cu\u00e1nto dinero debes recibir. En una demanda, es un juez o un jurado quien decide.<\/p>\n\n\n\n<p>He aqu\u00ed algunas diferencias m\u00e1s a tener en cuenta:<\/p>\n\n\n\n<ul class=\"wp-block-list\">\n<li><strong>Cronolog\u00eda<\/strong>: Las reclamaciones al seguro suelen resolverse antes. Los pleitos pueden durar varios meses o incluso a\u00f1os.<\/li>\n\n\n\n<li><strong>Controlar<\/strong>: Usted tiene m\u00e1s control en las negociaciones con los peritos de seguros, pero menos si el caso llega a los tribunales.<\/li>\n\n\n\n<li><strong>Pruebas<\/strong>: Las demandas requieren pruebas m\u00e1s s\u00f3lidas y m\u00e1s documentaci\u00f3n que la mayor\u00eda de las reclamaciones al seguro.<\/li>\n\n\n\n<li><strong>Resultado<\/strong>: Los acuerdos extrajudiciales suelen ser m\u00e1s altos, pero no est\u00e1n garantizados. Los casos judiciales son impredecibles.<\/li>\n<\/ul>\n\n\n\n<p>Suele ser inteligente empezar con una reclamaci\u00f3n al seguro y ver c\u00f3mo evoluciona. Si se topa con obst\u00e1culos, hable con un&nbsp;<a href=\"https:\/\/www.myphillylawyer.com\/es\/zonas-atendidas\/upper-darby\/abogados-de-accidentes-de-camiones-2\/\" target=\"_blank\" rel=\"noreferrer noopener\">abogado de accidente de cami\u00f3n<\/a>&nbsp;que puede aconsejarle sobre la conveniencia de seguir adelante con la demanda.<\/p>\n\n\n\n<h2 class=\"wp-block-heading\" id=\"how-a-truck-accident-lawyer-can-help\">C\u00f3mo puede ayudar un abogado de accidentes de cami\u00f3n<\/h2>\n\n\n\n<p>Los casos de accidentes de cami\u00f3n son diferentes de los accidentes de coche normales. Los camiones son m\u00e1s grandes, causan m\u00e1s da\u00f1os y est\u00e1n sujetos a normas estatales y federales especiales. Eso significa que m\u00e1s partes podr\u00edan ser responsables, incluyendo el conductor del cami\u00f3n, la empresa de transporte por carretera, o incluso un fabricante.<\/p>\n\n\n\n<p>Un avezado&nbsp;<a href=\"https:\/\/www.myphillylawyer.com\/es\/\" target=\"_blank\" rel=\"noreferrer noopener\">Philadelphia abogado de lesiones personales<\/a>&nbsp;puede ayudarte:<\/p>\n\n\n\n<ul class=\"wp-block-list\">\n<li>Investigar el accidente revisando los registros del conductor, los registros de mantenimiento del cami\u00f3n y las grabaciones de las c\u00e1maras de tr\u00e1fico.<\/li>\n\n\n\n<li>Identificar a todas las partes responsables de sus lesiones<\/li>\n\n\n\n<li>Calcular el alcance total de sus da\u00f1os, incluidos los futuros cuidados m\u00e9dicos y la p\u00e9rdida de ingresos potenciales.<\/li>\n\n\n\n<li>Gestionar toda la comunicaci\u00f3n con las compa\u00f1\u00edas de seguros y los abogados de la parte contraria.<\/li>\n\n\n\n<li>Presentar y presentar una demanda si la compa\u00f1\u00eda de seguros se niega a jugar limpio.<\/li>\n<\/ul>\n\n\n\n<p>Los casos de accidentes de camiones pueden ser complejos y de alto riesgo. No lo haga solo. Un abogado puede hacer toda la diferencia en la cantidad que se recupere.<\/p>\n\n\n\n<h2 class=\"wp-block-heading\" id=\"mistakes-to-avoid-after-a-truck-accident-in-philadelphia\">Errores a evitar tras un accidente de cami\u00f3n en Philadelphia<\/h2>\n\n\n\n<p>Hacer los movimientos equivocados despu\u00e9s de un accidente de cami\u00f3n puede perjudicar su reclamo. Esto es lo que hay que tener en cuenta:<\/p>\n\n\n\n<ul class=\"wp-block-list\">\n<li>No admitas la culpa en el lugar de los hechos, aunque creas que puedes tener parte de culpa.<\/li>\n\n\n\n<li>No acepte un acuerdo sin hablar con un\u00a0<a href=\"https:\/\/www.myphillylawyer.com\/es\/zonas-atendidas\/wayne\/abogados-de-accidentes-de-camiones-2\/\" target=\"_blank\" rel=\"noreferrer noopener\">abogado de lesiones de camiones<\/a>.<\/li>\n\n\n\n<li>No espere demasiado para actuar. La ley de prescripci\u00f3n de Pennsylvania es estricta.<\/li>\n\n\n\n<li>No publiques nada sobre el accidente en las redes sociales. Las compa\u00f1\u00edas de seguros buscan cualquier cosa que puedan utilizar en tu contra.<\/li>\n<\/ul>\n\n\n\n<p>En lugar de eso, docum\u00e9ntalo todo, guarda todos los recibos y ponte en contacto con un abogado lo antes posible. Tu equipo jur\u00eddico proteger\u00e1 tus derechos y se asegurar\u00e1 de que recibas un trato justo.<\/p>\n\n\n\n<h2 class=\"wp-block-heading\" id=\"frequently-asked-questions-about-filing-an-insurance-claim-vs-filing-a-lawsuit-after-a-truck-accident-in-philadelphia\">Preguntas frecuentes sobre la presentaci\u00f3n de una reclamaci\u00f3n al seguro frente a la presentaci\u00f3n de una demanda despu\u00e9s de un accidente de cami\u00f3n en Philadelphia<\/h2>\n\n\n\n<p><strong>\u00bfCu\u00e1l es el primer paso que debo dar tras un accidente de cami\u00f3n en Philadelphia?<\/strong><br>Tras un accidente de cami\u00f3n, llama al 911 y solicita asistencia m\u00e9dica, aunque las lesiones parezcan leves. Documenta la escena con fotos y obt\u00e9n informaci\u00f3n de contacto de los testigos. Despu\u00e9s, ponte en contacto con un&nbsp;<a href=\"https:\/\/www.myphillylawyer.com\/es\/areas-de-practica\/accidentes-de-trafico-2\/accidentes-de-camion\/\" target=\"_blank\" rel=\"noreferrer noopener\">Philadelphia abogado accidente cami\u00f3n<\/a>&nbsp;para que le orienten antes de hablar con las compa\u00f1\u00edas de seguros.<\/p>\n\n\n\n<p><strong>\u00bfPuedo presentar a la vez una reclamaci\u00f3n al seguro y una demanda por las lesiones sufridas en mi accidente de cami\u00f3n?<\/strong><br>S\u00ed, la mayor\u00eda de los casos empiezan con una reclamaci\u00f3n al seguro. Si la compa\u00f1\u00eda de seguros no te ofrece una indemnizaci\u00f3n justa, puedes presentar una demanda. Su&nbsp;<a href=\"https:\/\/www.myphillylawyer.com\/es\/zonas-atendidas\/bensalem\/abogados-de-accidentes-de-camiones-2\/\" target=\"_blank\" rel=\"noreferrer noopener\">abogado de accidente de cami\u00f3n<\/a>&nbsp;puede ayudarle a entender cu\u00e1ndo es el momento de llevar su caso a los tribunales.<\/p>\n\n\n\n<p><strong>\u00bfDe cu\u00e1nto tiempo dispongo para presentar una demanda tras un accidente de cami\u00f3n en Philadelphia?<\/strong><br>En Pennsylvania, el estatuto de limitaciones para presentar una demanda por lesiones personales despu\u00e9s de un accidente de cami\u00f3n es de dos a\u00f1os a partir de la fecha del accidente. El incumplimiento de este plazo por lo general significa que usted pierde su derecho a recuperar los da\u00f1os.<\/p>\n\n\n\n<p><strong>\u00bfNecesito realmente un abogado si la compa\u00f1\u00eda de seguros me ofrece un acuerdo?<\/strong><br>S\u00ed, siempre debe tener un&nbsp;<a href=\"https:\/\/www.myphillylawyer.com\/es\/\" target=\"_blank\" rel=\"noreferrer noopener\">abogado de lesiones personales<\/a>&nbsp;revise cualquier oferta de acuerdo. Las compa\u00f1\u00edas de seguros pueden intentar llegar a un acuerdo r\u00e1pidamente por menos de lo que vale su reclamaci\u00f3n. Un abogado puede determinar si la oferta cubre todas sus p\u00e9rdidas y negociar un mejor resultado si es necesario.<\/p>\n\n\n\n<h2 class=\"wp-block-heading\" id=\"other-resources-about-legal-rights-damages-and-resources-for-victims\">Otros recursos sobre derechos legales, da\u00f1os y perjuicios y recursos para las v\u00edctimas<\/h2>\n\n\n\n<ul class=\"wp-block-list\">\n<li><a href=\"https:\/\/www.myphillylawyer.com\/es\/areas-de-practica\/accidentes-de-trafico-2\/accidentes-de-camion\/que-esperar-en-una-consulta-gratuita-con-un-abogado-de-accidentes-de-camion\/\">Qu\u00e9 esperar en una consulta gratuita con un abogado de accidentes de cami\u00f3n<\/a><\/li>\n\n\n\n<li><a href=\"https:\/\/www.myphillylawyer.com\/es\/areas-de-practica\/accidentes-de-trafico-2\/accidentes-de-camion\/grupos-de-apoyo-y-defensa-de-las-victimas\/\">Grupos de apoyo y defensa de las v\u00edctimas<\/a><\/li>\n\n\n\n<li><a href=\"https:\/\/www.myphillylawyer.com\/es\/areas-de-practica\/accidentes-de-trafico-2\/accidentes-de-camion\/recursos-gratuitos-para-victimas-de-accidentes-de-camion-en-filadelfia\/\">Recursos gratuitos para las v\u00edctimas de accidentes de camiones en Philadelphia<\/a><\/li>\n\n\n\n<li><a href=\"https:\/\/www.myphillylawyer.com\/es\/areas-de-practica\/accidentes-de-trafico-2\/accidentes-de-camion\/philadelphia-accidente-de-camion-estatuto-de-limitaciones\/\">Philadelphia Prescripci\u00f3n de los accidentes de cami\u00f3n<\/a><\/li>\n\n\n\n<li><strong>Reclamaci\u00f3n al seguro o demanda judicial<\/strong><\/li>\n\n\n\n<li><a href=\"https:\/\/www.myphillylawyer.com\/es\/areas-de-practica\/accidentes-de-trafico-2\/accidentes-de-camion\/como-se-calcula-la-indemnizacion-en-los-siniestros-de-camiones\/\">C\u00f3mo se calcula la indemnizaci\u00f3n en los siniestros de camiones<\/a><\/li>\n\n\n\n<li><a href=\"https:\/\/www.myphillylawyer.com\/es\/areas-de-practica\/accidentes-de-trafico-2\/accidentes-de-camion\/que-hacer-inmediatamente-despues-de-un-accidente-de-camion-en-philadelphia\/\">Qu\u00e9 hacer inmediatamente despu\u00e9s de un accidente de cami\u00f3n Philadelphia<\/a><\/li>\n\n\n\n<li><a href=\"https:\/\/www.myphillylawyer.com\/es\/areas-de-practica\/accidentes-de-trafico-2\/accidentes-de-camion\/tipos-de-danos-disponibles-en-una-demanda-por-accidente-de-camion\/\">Tipos de da\u00f1os disponibles en una demanda por accidente de cami\u00f3n<\/a><\/li>\n\n\n\n<li><a href=\"https:\/\/www.myphillylawyer.com\/es\/areas-de-practica\/accidentes-de-trafico-2\/accidentes-de-camion\/como-proteger-sus-derechos-legales-tras-un-accidente\/\">C\u00f3mo proteger sus derechos legales tras un accidente<\/a><\/li>\n<\/ul>","protected":false},"excerpt":{"rendered":"<p>Presentar una reclamaci\u00f3n al seguro frente a presentar una demanda Si ha sufrido un accidente de cami\u00f3n en Philadelphia, las consecuencias pueden resultar abrumadoras. Tiene que lidiar con lesiones, facturas m\u00e9dicas, salarios perdidos y el estr\u00e9s de decidir qu\u00e9 hacer a continuaci\u00f3n. Una de las preguntas m\u00e1s importantes a las que se enfrentar\u00e1 es si presentar una reclamaci\u00f3n al seguro o...<\/p>","protected":false},"author":14,"featured_media":0,"parent":247,"menu_order":0,"comment_status":"closed","ping_status":"closed","template":"","meta":{"_acf_changed":false,"footnotes":""},"class_list":["post-14277","page","type-page","status-publish","hentry"],"acf":[],"jetpack_sharing_enabled":true,"_links":{"self":[{"href":"https:\/\/www.myphillylawyer.com\/es\/wp-json\/wp\/v2\/pages\/14277","targetHints":{"allow":["GET"]}}],"collection":[{"href":"https:\/\/www.myphillylawyer.com\/es\/wp-json\/wp\/v2\/pages"}],"about":[{"href":"https:\/\/www.myphillylawyer.com\/es\/wp-json\/wp\/v2\/types\/page"}],"author":[{"embeddable":true,"href":"https:\/\/www.myphillylawyer.com\/es\/wp-json\/wp\/v2\/users\/14"}],"replies":[{"embeddable":true,"href":"https:\/\/www.myphillylawyer.com\/es\/wp-json\/wp\/v2\/comments?post=14277"}],"version-history":[{"count":2,"href":"https:\/\/www.myphillylawyer.com\/es\/wp-json\/wp\/v2\/pages\/14277\/revisions"}],"predecessor-version":[{"id":14314,"href":"https:\/\/www.myphillylawyer.com\/es\/wp-json\/wp\/v2\/pages\/14277\/revisions\/14314"}],"up":[{"embeddable":true,"href":"https:\/\/www.myphillylawyer.com\/es\/wp-json\/wp\/v2\/pages\/247"}],"wp:attachment":[{"href":"https:\/\/www.myphillylawyer.com\/es\/wp-json\/wp\/v2\/media?parent=14277"}],"curies":[{"name":"wp","href":"https:\/\/api.w.org\/{rel}","templated":true}]}}