{"id":14278,"date":"2025-10-20T11:44:17","date_gmt":"2025-10-20T16:44:17","guid":{"rendered":"https:\/\/www.myphillylawyer.com\/?page_id=14278"},"modified":"2025-10-20T11:56:17","modified_gmt":"2025-10-20T16:56:17","slug":"philadelphia-accidente-de-camion-estatuto-de-limitaciones","status":"publish","type":"page","link":"https:\/\/www.myphillylawyer.com\/es\/areas-de-practica\/accidentes-de-trafico-2\/accidentes-de-camion\/philadelphia-accidente-de-camion-estatuto-de-limitaciones\/","title":{"rendered":"Philadelphia Prescripci\u00f3n de los accidentes de cami\u00f3n"},"content":{"rendered":"<h1 class=\"wp-block-heading\" id=\"philadelphia-truck-accident-statute-of-limitations\">Philadelphia Prescripci\u00f3n de los accidentes de cami\u00f3n<\/h1>\n\n\n\n<p>Si usted o un ser querido ha estado involucrado en un accidente de cami\u00f3n en Philadelphia, el tiempo no est\u00e1 de su lado. La ley de Pennsylvania establece plazos estrictos, llamados estatutos de limitaciones, sobre cu\u00e1ndo puede presentar una demanda. Perder este plazo podr\u00eda significar perder su derecho a la recuperaci\u00f3n para siempre. Vamos a desglosar lo que usted necesita saber sobre el estatuto de limitaciones para los accidentes de camiones en Philadelphia, c\u00f3mo funciona, y por qu\u00e9 ponerse en contacto con un&nbsp;<a href=\"https:\/\/www.myphillylawyer.com\/es\/areas-de-practica\/accidentes-de-trafico-2\/accidentes-de-camion\/\" target=\"_blank\" rel=\"noreferrer noopener\">Philadelphia abogado accidente cami\u00f3n<\/a>&nbsp;de inmediato es muy importante.<\/p>\n\n\n\n<div class=\"wp-block-rank-math-toc-block\" id=\"rank-math-toc\"><h2>\u00cdndice<\/h2><nav><ul><li><a href=\"#philadelphia-truck-accident-statute-of-limitations\">Philadelphia Prescripci\u00f3n de los accidentes de cami\u00f3n<\/a><ul><li><a href=\"#what-is-the-statute-of-limitations-for-truck-accidents-in-philadelphia\">\u00bfCu\u00e1l es el plazo de prescripci\u00f3n de los accidentes de cami\u00f3n en Philadelphia?<\/a><\/li><li><a href=\"#why-acting-fast-matters-after-a-philadelphia-truck-accident\">Por qu\u00e9 es importante actuar con rapidez tras un accidente de cami\u00f3n Philadelphia<\/a><\/li><li><a href=\"#who-can-file-a-truck-accident-lawsuit-in-philadelphia\">\u00bfQui\u00e9n puede presentar una demanda por accidente de cami\u00f3n en Philadelphia?<\/a><\/li><li><a href=\"#what-damages-can-you-seek-after-a-truck-accident\">\u00bfQu\u00e9 da\u00f1os y perjuicios puede reclamar tras un accidente de cami\u00f3n?<\/a><\/li><li><a href=\"#how-a-philadelphia-truck-accident-lawyer-can-help-you-beat-the-deadline\">C\u00f3mo un abogado de accidentes de cami\u00f3n Philadelphia puede ayudarle a vencer el plazo<\/a><\/li><li><a href=\"#frequently-asked-questions-about-philadelphia-truck-accident-statute-of-limitations\">Preguntas frecuentes sobre la prescripci\u00f3n de accidentes de cami\u00f3n Philadelphia<\/a><\/li><li><a href=\"#other-resources-about-legal-rights-damages-and-resources-for-victims\">Otros recursos sobre derechos legales, da\u00f1os y perjuicios y recursos para las v\u00edctimas<\/a><\/li><\/ul><\/li><\/ul><\/nav><\/div>\n\n\n\n<h2 class=\"wp-block-heading\" id=\"what-is-the-statute-of-limitations-for-truck-accidents-in-philadelphia\">\u00bfCu\u00e1l es el plazo de prescripci\u00f3n de los accidentes de cami\u00f3n en Philadelphia?<\/h2>\n\n\n\n<p>El estatuto de limitaciones es la fecha l\u00edmite legal para presentar una demanda despu\u00e9s de un accidente. En Pennsylvania, este plazo es generalmente de dos a\u00f1os a partir de la fecha del accidente de cami\u00f3n. Esta regla se aplica a la mayor\u00eda de las demandas por lesiones personales, incluyendo las relacionadas con camiones comerciales, camiones semirremolque y veh\u00edculos de reparto.<\/p>\n\n\n\n<p>\u00bfPor qu\u00e9 es tan importante este plazo? Si no presenta su demanda dentro de este plazo de dos a\u00f1os, el tribunal casi siempre se negar\u00e1 a o\u00edr su caso. Las compa\u00f1\u00edas de seguros tambi\u00e9n lo saben. Es posible que dilaten y alarguen las negociaciones, esperando que a usted se le acabe el tiempo. Por eso necesita un&nbsp;<a href=\"https:\/\/www.myphillylawyer.com\/es\/areas-de-practica\/accidentes-de-trafico-2\/accidentes-de-camion\/\" target=\"_blank\" rel=\"noreferrer noopener\">abogado de accidentes de cami\u00f3n en Philadelphia<\/a>&nbsp;que entienda estas t\u00e1cticas y pueda hacer avanzar su caso con rapidez y eficacia.<\/p>\n\n\n\n<p>Hay algunas raras excepciones que pueden prorrogar u \"interrumpir\" el plazo de prescripci\u00f3n, como si la persona lesionada es menor de edad o si el demandado abandona el estado u oculta su identidad. Pero no cuente con que estas excepciones se apliquen a su caso. Lo mejor es actuar con rapidez.<\/p>\n\n\n\n<h2 class=\"wp-block-heading\" id=\"why-acting-fast-matters-after-a-philadelphia-truck-accident\">Por qu\u00e9 es importante actuar con rapidez tras un accidente de cami\u00f3n Philadelphia<\/h2>\n\n\n\n<p>Despu\u00e9s de un accidente de cami\u00f3n, usted puede estar lidiando con lesiones, facturas m\u00e9dicas y salarios perdidos. Pero el reloj comienza a correr en sus derechos legales en el momento en que ocurre el accidente. He aqu\u00ed por qu\u00e9 usted no debe esperar para ponerse en contacto con un&nbsp;<a href=\"https:\/\/www.myphillylawyer.com\/es\/\" target=\"_blank\" rel=\"noreferrer noopener\">Philadelphia abogado de lesiones personales<\/a>:<\/p>\n\n\n\n<ul class=\"wp-block-list\">\n<li><strong>Desaparecen las pruebas cr\u00edticas<\/strong>: Las marcas de derrape desaparecen, los veh\u00edculos se reparan y las grabaciones de las c\u00e1maras se borran. Una acci\u00f3n r\u00e1pida ayuda a su abogado a asegurar estas pruebas vitales antes de que se pierdan.<\/li>\n\n\n\n<li><strong>Testigo de c\u00f3mo se desvanecen los recuerdos<\/strong>: La gente olvida los detalles con el tiempo. Cuanto antes entreviste su equipo jur\u00eddico a los testigos, mejor.<\/li>\n\n\n\n<li><strong>T\u00e1cticas de las compa\u00f1\u00edas de seguros<\/strong>: Los peritos pueden intentar que llegue r\u00e1pidamente a un acuerdo, a menudo por menos de lo que se merece. Con un\u00a0<a href=\"https:\/\/www.myphillylawyer.com\/es\/zonas-atendidas\/arboleda-de-sauces\/abogados-de-accidentes-de-camiones\/\" target=\"_blank\" rel=\"noreferrer noopener\">abogado de lesiones de camiones<\/a>\u00a0de tu lado, no te enfrentar\u00e1s a ellos solo.<\/li>\n\n\n\n<li><strong>Tranquilidad<\/strong>: Saber que un equipo legal cualificado est\u00e1 de su lado le permite centrarse en su recuperaci\u00f3n.<\/li>\n<\/ul>\n\n\n\n<p>Recuerde que recopilar registros, reconstruir el accidente y construir un caso s\u00f3lido lleva tiempo. Cuanto antes se ponga en contacto con un&nbsp;<a href=\"https:\/\/www.myphillylawyer.com\/es\/areas-de-practica\/accidentes-de-trafico-2\/accidentes-de-camion\/\" target=\"_blank\" rel=\"noreferrer noopener\">Philadelphia abogado de accidentes de cami\u00f3n<\/a>m\u00e1s fuerte ser\u00e1 su caso.<\/p>\n\n\n\n<h2 class=\"wp-block-heading\" id=\"who-can-file-a-truck-accident-lawsuit-in-philadelphia\">\u00bfQui\u00e9n puede presentar una demanda por accidente de cami\u00f3n en Philadelphia?<\/h2>\n\n\n\n<p>Cualquier persona lesionada en un accidente de cami\u00f3n causado por la negligencia de otra persona tiene derecho a reclamar da\u00f1os y perjuicios. Esto incluye conductores, pasajeros, ciclistas, peatones, e incluso miembros de la familia en los casos en que un ser querido ha muerto. Si no est\u00e1 seguro, hable con un&nbsp;<a href=\"https:\/\/www.myphillylawyer.com\/es\/zonas-atendidas\/wayne\/abogados-de-accidentes-de-camiones-2\/\" target=\"_blank\" rel=\"noreferrer noopener\">abogado de accidentes de cami\u00f3n<\/a>&nbsp;para recibir orientaci\u00f3n adaptada a su situaci\u00f3n.<\/p>\n\n\n\n<p>Pensilvania es un estado de negligencia comparativa. Eso significa que incluso si usted es en parte culpable, todav\u00eda puede recuperar los da\u00f1os, aunque su compensaci\u00f3n se reducir\u00e1 en su porcentaje de culpa. Por ejemplo, si un jurado considera que usted tiene 10% de culpa y el conductor del cami\u00f3n 90%, su indemnizaci\u00f3n se reducir\u00e1 en 10%. Pero si usted tiene m\u00e1s de 50% de culpa, por lo general no puede recuperar los da\u00f1os.<\/p>\n\n\n\n<p>A&nbsp;<a href=\"https:\/\/www.myphillylawyer.com\/es\/zonas-atendidas\/upper-darby\/abogados-de-accidentes-de-camiones-2\/\" target=\"_blank\" rel=\"noreferrer noopener\">abogado de accidente de cami\u00f3n<\/a>&nbsp;puede revisar su accidente y ayudarle a entender c\u00f3mo la ley se aplica a su caso.<\/p>\n\n\n\n<h2 class=\"wp-block-heading\" id=\"what-damages-can-you-seek-after-a-truck-accident\">\u00bfQu\u00e9 da\u00f1os y perjuicios puede reclamar tras un accidente de cami\u00f3n?<\/h2>\n\n\n\n<p>Los accidentes de cami\u00f3n a menudo causan lesiones graves, que pueden dar lugar a grandes p\u00e9rdidas financieras y personales. Esto es lo que usted puede ser capaz de recuperar mediante la presentaci\u00f3n de su reclamo dentro del plazo de prescripci\u00f3n:<\/p>\n\n\n\n<ul class=\"wp-block-list\">\n<li><strong>Gastos m\u00e9dicos<\/strong>: Facturas actuales y futuras de tratamiento, cirug\u00eda, rehabilitaci\u00f3n y medicaci\u00f3n.<\/li>\n\n\n\n<li><strong>Salarios perdidos<\/strong>: Ingresos no percibidos mientras se recupera, adem\u00e1s de la p\u00e9rdida de ingresos futuros.<\/li>\n\n\n\n<li><strong>Dolor y sufrimiento<\/strong>: Indemnizaci\u00f3n por dolor f\u00edsico, angustia emocional y reducci\u00f3n de la calidad de vida.<\/li>\n\n\n\n<li><strong>Da\u00f1os materiales<\/strong>: Reparaci\u00f3n o sustituci\u00f3n de su veh\u00edculo y objetos personales.<\/li>\n\n\n\n<li><strong>Muerte por negligencia<\/strong>: Si ha perdido a un ser querido, puede reclamar da\u00f1os y perjuicios por gastos funerarios, p\u00e9rdida de sustento y p\u00e9rdida de compa\u00f1\u00eda.<\/li>\n<\/ul>\n\n\n\n<p>Calcular estos da\u00f1os es complejo. Las aseguradoras pueden ofrecer un acuerdo r\u00e1pido que no cubra todo. Contar con un&nbsp;<a href=\"https:\/\/www.myphillylawyer.com\/es\/zonas-atendidas\/norristown\/abogados-de-accidentes-de-camiones-2\/\" target=\"_blank\" rel=\"noreferrer noopener\">abogado de lesiones de camiones<\/a>&nbsp;que sabe que los tribunales de Philadelphia pueden marcar una gran diferencia a la hora de obtener una indemnizaci\u00f3n justa.<\/p>\n\n\n\n<h2 class=\"wp-block-heading\" id=\"how-a-philadelphia-truck-accident-lawyer-can-help-you-beat-the-deadline\">C\u00f3mo un abogado de accidentes de cami\u00f3n Philadelphia puede ayudarle a vencer el plazo<\/h2>\n\n\n\n<p>Navegar por el sistema legal despu\u00e9s de un accidente de cami\u00f3n es dif\u00edcil. Las compa\u00f1\u00edas de camiones y sus aseguradoras act\u00faan con rapidez, a menudo enviando investigadores a la escena en cuesti\u00f3n de horas. Usted necesita a alguien de su lado que sea igual de dedicado.<\/p>\n\n\n\n<p>A&nbsp;<a href=\"https:\/\/www.myphillylawyer.com\/es\/zonas-atendidas\/jenkintown\/abogados-de-accidentes-de-camiones-2\/\" target=\"_blank\" rel=\"noreferrer noopener\">abogado de accidentes de cami\u00f3n<\/a>&nbsp;se encargar\u00e1 de cada paso, incluyendo:<\/p>\n\n\n\n<ul class=\"wp-block-list\">\n<li><strong>Investigaci\u00f3n del accidente<\/strong>: Recopilaci\u00f3n de informes policiales, datos de la caja negra y registros de mantenimiento.<\/li>\n\n\n\n<li><strong>Identificaci\u00f3n de todas las partes responsables<\/strong>: Las empresas de transporte, los conductores, los contratistas y los fabricantes pueden compartir la responsabilidad.<\/li>\n\n\n\n<li><strong>Negociaci\u00f3n con compa\u00f1\u00edas de seguros<\/strong>: Garantizar la protecci\u00f3n de sus derechos y reclamar la indemnizaci\u00f3n que merece.<\/li>\n\n\n\n<li><strong>Presentar la demanda a tiempo<\/strong>: Cumplir los plazos de prescripci\u00f3n y otros plazos clave en los tribunales Philadelphia.<\/li>\n<\/ul>\n\n\n\n<p>No arriesgue su caso esperando demasiado. A&nbsp;<a href=\"https:\/\/www.myphillylawyer.com\/es\/zonas-atendidas\/conshohocken\/abogados-de-accidentes-de-camiones\/\" target=\"_blank\" rel=\"noreferrer noopener\">abogado de accidente de cami\u00f3n<\/a>&nbsp;con experiencia local le dar\u00e1 la mejor oportunidad de recuperarse por completo.<\/p>\n\n\n\n<h2 class=\"wp-block-heading\" id=\"frequently-asked-questions-about-philadelphia-truck-accident-statute-of-limitations\">Preguntas frecuentes sobre la prescripci\u00f3n de accidentes de cami\u00f3n Philadelphia<\/h2>\n\n\n\n<p><strong>\u00bfCu\u00e1nto tiempo tengo para presentar una demanda por accidente de cami\u00f3n en Philadelphia?<\/strong><br>Tiene dos a\u00f1os a partir de la fecha de su accidente de cami\u00f3n para presentar una demanda en el Philadelphia. El incumplimiento de este plazo suele suponer la p\u00e9rdida del derecho a solicitar una indemnizaci\u00f3n, por muy s\u00f3lido que sea su caso. Hable siempre con un&nbsp;<a href=\"https:\/\/www.myphillylawyer.com\/es\/areas-de-practica\/accidentes-de-trafico-2\/accidentes-de-camion\/\" target=\"_blank\" rel=\"noreferrer noopener\">Philadelphia abogado accidente cami\u00f3n<\/a>&nbsp;r\u00e1pidamente despu\u00e9s de su accidente.<\/p>\n\n\n\n<p><strong>\u00bfQu\u00e9 ocurre si se me pasa el plazo de prescripci\u00f3n?<\/strong><br>Si presentas la demanda una vez transcurrido el plazo de prescripci\u00f3n, es probable que el tribunal desestime tu caso. La compa\u00f1\u00eda de camiones y sus aseguradores no tendr\u00e1n ninguna obligaci\u00f3n legal de pagar. Es por eso que es fundamental trabajar con un&nbsp;<a href=\"https:\/\/www.myphillylawyer.com\/es\/areas-de-practica\/accidentes-de-trafico-2\/accidentes-de-camion\/\" target=\"_blank\" rel=\"noreferrer noopener\">abogado de accidentes de cami\u00f3n en Philadelphia<\/a>&nbsp;que pueda llevar su reclamaci\u00f3n por buen camino.<\/p>\n\n\n\n<p><strong>\u00bfPueden las excepciones ampliar el plazo de prescripci\u00f3n de un accidente de cami\u00f3n en Pensilvania?<\/strong><br>Hay excepciones limitadas, como cuando el perjudicado es menor o el demandado oculta su identidad. Cada excepci\u00f3n es rara y suele requerir una prueba legal. En lugar de confiar en las excepciones, p\u00f3ngase en contacto con un&nbsp;<a href=\"https:\/\/www.myphillylawyer.com\/es\/\" target=\"_blank\" rel=\"noreferrer noopener\">abogado de lesiones personales<\/a>&nbsp;lo antes posible para proteger su reclamaci\u00f3n.<\/p>\n\n\n\n<p><strong>\u00bfQu\u00e9 pasa si la compa\u00f1\u00eda de camiones o el conductor deja Pennsylvania despu\u00e9s del accidente?<\/strong><br>Si la parte culpable abandona el estado, su plazo para presentar la demanda puede quedar en suspenso hasta que regrese. Esta norma puede resultar complicada. A&nbsp;<a href=\"https:\/\/www.myphillylawyer.com\/es\/zonas-atendidas\/arboleda-de-sauces\/abogados-de-accidentes-de-camiones\/\" target=\"_blank\" rel=\"noreferrer noopener\">abogado de accidentes de cami\u00f3n<\/a>&nbsp;puede explicarle c\u00f3mo se aplica a su caso y asegurarse de que su demanda se presenta a tiempo.<\/p>\n\n\n\n<h2 class=\"wp-block-heading\" id=\"other-resources-about-legal-rights-damages-and-resources-for-victims\">Otros recursos sobre derechos legales, da\u00f1os y perjuicios y recursos para las v\u00edctimas<\/h2>\n\n\n\n<ul class=\"wp-block-list\">\n<li><a href=\"https:\/\/www.myphillylawyer.com\/es\/areas-de-practica\/accidentes-de-trafico-2\/accidentes-de-camion\/que-esperar-en-una-consulta-gratuita-con-un-abogado-de-accidentes-de-camion\/\">Qu\u00e9 esperar en una consulta gratuita con un abogado de accidentes de cami\u00f3n<\/a><\/li>\n\n\n\n<li><a href=\"https:\/\/www.myphillylawyer.com\/es\/areas-de-practica\/accidentes-de-trafico-2\/accidentes-de-camion\/grupos-de-apoyo-y-defensa-de-las-victimas\/\">Grupos de apoyo y defensa de las v\u00edctimas<\/a><\/li>\n\n\n\n<li><a href=\"https:\/\/www.myphillylawyer.com\/es\/areas-de-practica\/accidentes-de-trafico-2\/accidentes-de-camion\/recursos-gratuitos-para-victimas-de-accidentes-de-camion-en-filadelfia\/\">Recursos gratuitos para las v\u00edctimas de accidentes de camiones en Philadelphia<\/a><\/li>\n\n\n\n<li><strong>Philadelphia Prescripci\u00f3n de los accidentes de cami\u00f3n<\/strong><\/li>\n\n\n\n<li><a href=\"https:\/\/www.myphillylawyer.com\/es\/areas-de-practica\/accidentes-de-trafico-2\/accidentes-de-camion\/presentar-una-reclamacion-al-seguro-frente-a-presentar-una-demanda\/\">Reclamaci\u00f3n al seguro o demanda judicial<\/a><\/li>\n\n\n\n<li><a href=\"https:\/\/www.myphillylawyer.com\/es\/areas-de-practica\/accidentes-de-trafico-2\/accidentes-de-camion\/como-se-calcula-la-indemnizacion-en-los-siniestros-de-camiones\/\">C\u00f3mo se calcula la indemnizaci\u00f3n en los siniestros de camiones<\/a><\/li>\n\n\n\n<li><a href=\"https:\/\/www.myphillylawyer.com\/es\/areas-de-practica\/accidentes-de-trafico-2\/accidentes-de-camion\/que-hacer-inmediatamente-despues-de-un-accidente-de-camion-en-philadelphia\/\">Qu\u00e9 hacer inmediatamente despu\u00e9s de un accidente de cami\u00f3n Philadelphia<\/a><\/li>\n\n\n\n<li><a href=\"https:\/\/www.myphillylawyer.com\/es\/areas-de-practica\/accidentes-de-trafico-2\/accidentes-de-camion\/tipos-de-danos-disponibles-en-una-demanda-por-accidente-de-camion\/\">Tipos de da\u00f1os disponibles en una demanda por accidente de cami\u00f3n<\/a><\/li>\n\n\n\n<li><a href=\"https:\/\/www.myphillylawyer.com\/es\/areas-de-practica\/accidentes-de-trafico-2\/accidentes-de-camion\/como-proteger-sus-derechos-legales-tras-un-accidente\/\">C\u00f3mo proteger sus derechos legales tras un accidente<\/a><\/li>\n<\/ul>","protected":false},"excerpt":{"rendered":"<p>Estatuto de limitaciones para accidentes de camiones en Philadelphia Si usted o un ser querido ha estado involucrado en un accidente de cami\u00f3n en Philadelphia, el tiempo no est\u00e1 de su lado. La ley de Pensilvania establece plazos estrictos, llamados estatutos de limitaciones, para presentar una demanda. No cumplir con este plazo podr\u00eda significar perder su derecho a una indemnizaci\u00f3n para siempre. Veamos...<\/p>","protected":false},"author":14,"featured_media":0,"parent":247,"menu_order":0,"comment_status":"closed","ping_status":"closed","template":"","meta":{"_acf_changed":false,"footnotes":""},"class_list":["post-14278","page","type-page","status-publish","hentry"],"acf":[],"jetpack_sharing_enabled":true,"_links":{"self":[{"href":"https:\/\/www.myphillylawyer.com\/es\/wp-json\/wp\/v2\/pages\/14278","targetHints":{"allow":["GET"]}}],"collection":[{"href":"https:\/\/www.myphillylawyer.com\/es\/wp-json\/wp\/v2\/pages"}],"about":[{"href":"https:\/\/www.myphillylawyer.com\/es\/wp-json\/wp\/v2\/types\/page"}],"author":[{"embeddable":true,"href":"https:\/\/www.myphillylawyer.com\/es\/wp-json\/wp\/v2\/users\/14"}],"replies":[{"embeddable":true,"href":"https:\/\/www.myphillylawyer.com\/es\/wp-json\/wp\/v2\/comments?post=14278"}],"version-history":[{"count":3,"href":"https:\/\/www.myphillylawyer.com\/es\/wp-json\/wp\/v2\/pages\/14278\/revisions"}],"predecessor-version":[{"id":14315,"href":"https:\/\/www.myphillylawyer.com\/es\/wp-json\/wp\/v2\/pages\/14278\/revisions\/14315"}],"up":[{"embeddable":true,"href":"https:\/\/www.myphillylawyer.com\/es\/wp-json\/wp\/v2\/pages\/247"}],"wp:attachment":[{"href":"https:\/\/www.myphillylawyer.com\/es\/wp-json\/wp\/v2\/media?parent=14278"}],"curies":[{"name":"wp","href":"https:\/\/api.w.org\/{rel}","templated":true}]}}