{"id":14281,"date":"2025-10-20T11:47:03","date_gmt":"2025-10-20T16:47:03","guid":{"rendered":"https:\/\/www.myphillylawyer.com\/?page_id=14281"},"modified":"2025-10-20T11:56:35","modified_gmt":"2025-10-20T16:56:35","slug":"recursos-gratuitos-para-victimas-de-accidentes-de-camion-en-filadelfia","status":"publish","type":"page","link":"https:\/\/www.myphillylawyer.com\/es\/areas-de-practica\/accidentes-de-trafico-2\/accidentes-de-camion\/recursos-gratuitos-para-victimas-de-accidentes-de-camion-en-filadelfia\/","title":{"rendered":"Recursos gratuitos para las v\u00edctimas de accidentes de camiones en Philadelphia"},"content":{"rendered":"<h1 class=\"wp-block-heading\" id=\"free-resources-for-truck-accident-victims-in-philadelphia\">Recursos gratuitos para las v\u00edctimas de accidentes de camiones en Philadelphia<\/h1>\n\n\n\n<p>Si usted o un ser querido ha sufrido un accidente de cami\u00f3n en Philadelphia, puede sentirse abrumado. Las facturas m\u00e9dicas se acumulan, las compa\u00f1\u00edas de seguros no paran de llamar y es posible que no sepa a qui\u00e9n pedir ayuda. \u00bfLa buena noticia? Hay muchos recursos gratuitos disponibles en Philadelphia para ayudar a las v\u00edctimas de accidentes de cami\u00f3n y a sus familias. Desde asistencia jur\u00eddica hasta servicios comunitarios, estos recursos pueden ayudarle a iniciar el proceso de recuperaci\u00f3n y obtener el apoyo que merece. Exploremos qu\u00e9 hay disponible, c\u00f3mo acceder a ellos y c\u00f3mo un&nbsp;<a href=\"https:\/\/www.myphillylawyer.com\/es\/areas-de-practica\/accidentes-de-trafico-2\/accidentes-de-camion\/\" target=\"_blank\" rel=\"noreferrer noopener\">Philadelphia abogado accidente cami\u00f3n<\/a>&nbsp;puede ayudarle a superar este dif\u00edcil momento.<\/p>\n\n\n\n<div class=\"wp-block-rank-math-toc-block\" id=\"rank-math-toc\"><h2>\u00cdndice<\/h2><nav><ul><li><a href=\"#free-resources-for-truck-accident-victims-in-philadelphia\">Recursos gratuitos para las v\u00edctimas de accidentes de camiones en Philadelphia<\/a><ul><li><a href=\"#legal-support-and-guidance-after-a-truck-accident\">Apoyo y orientaci\u00f3n jur\u00eddica tras un accidente de cami\u00f3n<\/a><\/li><li><a href=\"#medical-resources-and-support-services\">Recursos m\u00e9dicos y servicios de apoyo<\/a><\/li><li><a href=\"#financial-assistance-and-community-aid\">Asistencia financiera y ayuda comunitaria<\/a><\/li><li><a href=\"#emotional-and-psychological-support-for-accident-victims\">Apoyo emocional y psicol\u00f3gico a las v\u00edctimas de accidentes<\/a><\/li><li><a href=\"#understanding-your-rights-as-a-truck-accident-victim\">Conozca sus derechos como v\u00edctima de un accidente de cami\u00f3n<\/a><\/li><li><a href=\"#frequently-asked-questions-about-free-resources-for-truck-accident-victims-in-philadelphia\">Preguntas frecuentes sobre recursos gratuitos para v\u00edctimas de accidentes de cami\u00f3n en Philadelphia<\/a><\/li><li><a href=\"#other-resources-about-legal-rights-damages-and-resources-for-victims\">Otros recursos sobre derechos legales, da\u00f1os y perjuicios y recursos para las v\u00edctimas<\/a><\/li><\/ul><\/li><\/ul><\/nav><\/div>\n\n\n\n<h2 class=\"wp-block-heading\" id=\"legal-support-and-guidance-after-a-truck-accident\">Apoyo y orientaci\u00f3n jur\u00eddica tras un accidente de cami\u00f3n<\/h2>\n\n\n\n<p>Una de las mayores preguntas despu\u00e9s de un accidente de cami\u00f3n es \"\u00bfQui\u00e9n me ayudar\u00e1 con mis derechos legales?\" Philadelphia ofrece varias opciones gratuitas y de bajo costo para obtener ayuda legal. Muchos abogados de accidentes de cami\u00f3n, incluidos los de&nbsp;<a href=\"https:\/\/www.myphillylawyer.com\/es\/\" target=\"_blank\" rel=\"noreferrer noopener\">MyPhillyLawyer<\/a>ofrecen consultas gratuitas para revisar su caso. Esto significa que usted puede hablar con un abogado con experiencia acerca de su accidente sin preocuparse por los costos iniciales. Durante la consulta, el abogado escuchar\u00e1 su historia, le explicar\u00e1 sus derechos y le indicar\u00e1 los posibles pasos a seguir.<\/p>\n\n\n\n<p>Tambi\u00e9n hay organizaciones como Community Legal Services of Philadelphia, que ofrecen asistencia jur\u00eddica gratuita a las personas que no pueden permitirse un abogado. Estos grupos ayudan con cosas como la presentaci\u00f3n de documentos, el trato con las compa\u00f1\u00edas de seguros, y asegurarse de que su reclamo sea presentado a tiempo. Conseguir ayuda pronto es importante porque Pensilvania tiene plazos estrictos para las reclamaciones por lesiones personales. Si espera demasiado, puede perder la oportunidad de recuperar dinero por sus lesiones y p\u00e9rdidas.<\/p>\n\n\n\n<p>Aunque no est\u00e9 seguro de si necesita un&nbsp;<a href=\"https:\/\/www.myphillylawyer.com\/es\/areas-de-practica\/accidentes-de-trafico-2\/accidentes-de-camion\/\" target=\"_blank\" rel=\"noreferrer noopener\">abogado de accidentes de cami\u00f3n en Philadelphia<\/a>Una consulta gratuita puede ayudarle a tomar una decisi\u00f3n informada. El abogado adecuado puede explicarle leyes complicadas con palabras sencillas y ayudarle a evitar errores comunes que podr\u00edan perjudicar su caso.<\/p>\n\n\n\n<h2 class=\"wp-block-heading\" id=\"medical-resources-and-support-services\">Recursos m\u00e9dicos y servicios de apoyo<\/h2>\n\n\n\n<p>Muchas v\u00edctimas de accidentes de cami\u00f3n necesitan atenci\u00f3n m\u00e9dica de inmediato. Philadelphia tiene varios hospitales y centros de atenci\u00f3n de urgencia que proporcionan tratamiento de emergencia, pero la atenci\u00f3n de seguimiento puede ser costosa r\u00e1pidamente. Si se enfrenta a facturas m\u00e9dicas elevadas o no tiene seguro, no est\u00e1 solo. Hay opciones para ayudarle a obtener la atenci\u00f3n que necesita.<\/p>\n\n\n\n<p>Las cl\u00ednicas locales, como las gestionadas por el departamento de salud de la ciudad o grupos sin \u00e1nimo de lucro, ofrecen servicios m\u00e9dicos gratuitos o de bajo coste. Algunas cl\u00ednicas tienen programas para v\u00edctimas de accidentes, que cubren fisioterapia o asesoramiento en salud mental. Tambi\u00e9n puedes ponerte en contacto con organizaciones como el Programa de Recuperaci\u00f3n de Traumatismos de Penn Medicine, que ayuda a las v\u00edctimas de accidentes a afrontar la recuperaci\u00f3n m\u00e9dica y emocional.<\/p>\n\n\n\n<p>Adem\u00e1s, muchos hospitales Philadelphia tienen trabajadores sociales o defensores del paciente en plantilla. Estos profesionales pueden ayudarle a solicitar prestaciones p\u00fablicas, elaborar planes de pago o ponerle en contacto con recursos comunitarios. Si trabaja con un&nbsp;<a href=\"https:\/\/www.myphillylawyer.com\/es\/\" target=\"_blank\" rel=\"noreferrer noopener\">Philadelphia abogado de lesiones personales<\/a>Tambi\u00e9n pueden ayudarle a encontrar m\u00e9dicos que le traten ahora y esperen a recibir el pago hasta que se resuelva su caso.<\/p>\n\n\n\n<h2 class=\"wp-block-heading\" id=\"financial-assistance-and-community-aid\">Asistencia financiera y ayuda comunitaria<\/h2>\n\n\n\n<p>Los costes tras un accidente de cami\u00f3n pueden ser enormes: facturas m\u00e9dicas, p\u00e9rdida de salarios, reparaciones del coche y mucho m\u00e1s. En Philadelphia, hay varias organizaciones que ofrecen ayuda financiera de emergencia para las v\u00edctimas de accidentes que se enfrentan a dificultades. El Departamento de Servicios Humanos de Pensilvania puede proporcionar ayuda con las facturas m\u00e9dicas o los gastos de manutenci\u00f3n si sus lesiones le impiden trabajar.<\/p>\n\n\n\n<p>Existen bancos de alimentos y programas de ayuda a la vivienda para quienes necesitan ayuda con las necesidades b\u00e1sicas. Organizaciones como la Corporaci\u00f3n Philadelphia para el Envejecimiento o los Servicios Sociales Cat\u00f3licos ofrecen apoyo a las familias que luchan por pagar las facturas debido a un accidente.<\/p>\n\n\n\n<p>Si su accidente involucr\u00f3 a un veh\u00edculo comercial, su&nbsp;<a href=\"https:\/\/www.myphillylawyer.com\/es\/zonas-atendidas\/arboleda-de-sauces\/abogados-de-accidentes-de-camiones\/\" target=\"_blank\" rel=\"noreferrer noopener\">abogado de accidentes de cami\u00f3n<\/a>&nbsp;tambi\u00e9n puede ayudarle a identificar todas las posibles fuentes de indemnizaci\u00f3n. Esto podr\u00eda incluir las reclamaciones de seguros, compensaci\u00f3n de trabajadores, o demandas contra la compa\u00f1\u00eda de camiones. A veces, las v\u00edctimas se sorprenden al saber que tienen derecho a m\u00e1s ayuda de la que pensaban.<\/p>\n\n\n\n<h2 class=\"wp-block-heading\" id=\"emotional-and-psychological-support-for-accident-victims\">Apoyo emocional y psicol\u00f3gico a las v\u00edctimas de accidentes<\/h2>\n\n\n\n<p>Recuperarse de un accidente de cami\u00f3n no consiste s\u00f3lo en curar los huesos rotos, sino tambi\u00e9n en recuperarse emocionalmente. Muchas personas luchan contra la ansiedad, la depresi\u00f3n o incluso el estr\u00e9s postraum\u00e1tico despu\u00e9s de un accidente grave. Si se siente abrumado, sepa que hay ayuda disponible.<\/p>\n\n\n\n<p>El Philadelphia cuenta con varias l\u00edneas directas y centros de asesoramiento que ofrecen apoyo gratuito a las v\u00edctimas de accidentes. El Departamento de Salud Conductual de la ciudad ofrece asesoramiento gratuito en caso de crisis, y grupos locales como Minding Your Mind o la Alianza Nacional de Enfermedades Mentales (NAMI) ofrecen educaci\u00f3n y recursos sobre salud mental.<\/p>\n\n\n\n<p>Los grupos de apoyo tambi\u00e9n pueden marcar una gran diferencia. Conocer a otras personas que han pasado por experiencias similares puede ayudarte a sentirte menos solo y darte consejos pr\u00e1cticos para superar los retos del d\u00eda a d\u00eda. Si trabaja con un&nbsp;<a href=\"https:\/\/www.myphillylawyer.com\/es\/zonas-atendidas\/wayne\/abogados-de-accidentes-de-camiones-2\/\" target=\"_blank\" rel=\"noreferrer noopener\">abogado de lesiones de camiones<\/a>Preg\u00fantales por los recursos locales: suelen tener listas de consejeros y grupos de apoyo de confianza.<\/p>\n\n\n\n<h2 class=\"wp-block-heading\" id=\"understanding-your-rights-as-a-truck-accident-victim\">Conozca sus derechos como v\u00edctima de un accidente de cami\u00f3n<\/h2>\n\n\n\n<p>Muchas v\u00edctimas de accidentes se preocupan por lo que pueden hacer despu\u00e9s de un accidente. \u00bfPuede demandar a la compa\u00f1\u00eda de camiones? \u00bfDebes hablar con el perito del seguro? \u00bfQu\u00e9 pasa si usted no puede trabajar? Obtener respuestas claras es clave para proteger su futuro.<\/p>\n\n\n\n<p>La ley de Pensilvania otorga a las v\u00edctimas de accidentes de cami\u00f3n el derecho a una indemnizaci\u00f3n justa. Esto incluye gastos m\u00e9dicos, salarios perdidos, dolor y sufrimiento, y m\u00e1s. Sin embargo, las compa\u00f1\u00edas de seguros a menudo tratan de pagar menos de lo que las v\u00edctimas merecen. Tener un&nbsp;<a href=\"https:\/\/www.myphillylawyer.com\/es\/zonas-atendidas\/upper-darby\/abogados-de-accidentes-de-camiones-2\/\" target=\"_blank\" rel=\"noreferrer noopener\">abogado de accidente de cami\u00f3n<\/a>&nbsp;de su lado puede ayudar a nivelar el campo de juego.<\/p>\n\n\n\n<p>Recursos gratuitos como las cl\u00ednicas de asistencia jur\u00eddica, los tel\u00e9fonos de informaci\u00f3n municipales y las gu\u00edas en l\u00ednea pueden ayudarte a conocer tus derechos. Si no est\u00e1s seguro de algo, ponte en contacto con un&nbsp;<a href=\"https:\/\/www.myphillylawyer.com\/es\/zonas-atendidas\/norristown\/abogados-de-accidentes-de-camiones-2\/\" target=\"_blank\" rel=\"noreferrer noopener\">abogado de accidente de cami\u00f3n<\/a>&nbsp;para orientarse. Muchos ofrecen gu\u00edas o listas de control gratuitas para ayudarle a hacer un seguimiento de los documentos y plazos importantes.<\/p>\n\n\n\n<p>Si aprovecha al m\u00e1ximo los recursos disponibles en el Philadelphia, podr\u00e1 centrarse en su recuperaci\u00f3n y dejar las preocupaciones legales y financieras en manos de profesionales que saben c\u00f3mo luchar por sus intereses.<\/p>\n\n\n\n<h2 class=\"wp-block-heading\" id=\"frequently-asked-questions-about-free-resources-for-truck-accident-victims-in-philadelphia\">Preguntas frecuentes sobre recursos gratuitos para v\u00edctimas de accidentes de cami\u00f3n en Philadelphia<\/h2>\n\n\n\n<p><strong>\u00bfQu\u00e9 debo hacer en primer lugar tras un accidente de cami\u00f3n en Philadelphia?<\/strong><br>Lo primero que debes hacer es buscar atenci\u00f3n m\u00e9dica, aunque te encuentres bien. Llama a la polic\u00eda para informar del accidente y pide una copia del atestado. Recopila toda la informaci\u00f3n posible del lugar del accidente. Despu\u00e9s, considera la posibilidad de ponerte en contacto con un&nbsp;<a href=\"https:\/\/www.myphillylawyer.com\/es\/areas-de-practica\/accidentes-de-trafico-2\/accidentes-de-camion\/\" target=\"_blank\" rel=\"noreferrer noopener\">Philadelphia abogado accidente cami\u00f3n<\/a>&nbsp;para una consulta gratuita sobre sus derechos y opciones.<\/p>\n\n\n\n<p><strong>\u00bfExisten organizaciones que puedan ayudarme a pagar las facturas m\u00e9dicas tras un accidente de cami\u00f3n?<\/strong><br>S\u00ed. Muchas cl\u00ednicas y hospitales locales en Philadelphia tienen programas de asistencia financiera. El Departamento de Servicios Humanos de Pensilvania puede ayudarle con los gastos m\u00e9dicos si tiene dificultades econ\u00f3micas. A&nbsp;<a href=\"https:\/\/www.myphillylawyer.com\/es\/zonas-atendidas\/jenkintown\/abogados-de-accidentes-de-camiones-2\/\" target=\"_blank\" rel=\"noreferrer noopener\">abogado de lesiones de camiones<\/a>&nbsp;tambi\u00e9n puede ayudarle a encontrar m\u00e9dicos que esperen a recibir el pago hasta que se resuelva su caso.<\/p>\n\n\n\n<p><strong>\u00bfC\u00f3mo puede ayudarme gratuitamente un abogado de accidentes de cami\u00f3n en Philadelphia?<\/strong><br>M\u00e1s&nbsp;<a href=\"https:\/\/www.myphillylawyer.com\/es\/zonas-atendidas\/conshohocken\/abogados-de-accidentes-de-camiones\/\" target=\"_blank\" rel=\"noreferrer noopener\">abogados de accidentes de camiones<\/a>&nbsp;ofrecen consultas iniciales gratuitas. Revisar\u00e1n su caso, le ayudar\u00e1n a entender sus derechos y le explicar\u00e1n qu\u00e9 puede esperar. Si los contratas, suelen trabajar con honorarios condicionales, lo que significa que no pagas nada a menos que ganen tu caso.<\/p>\n\n\n\n<p><strong>\u00bfD\u00f3nde puedo encontrar apoyo emocional tras un accidente de cami\u00f3n en Philadelphia?<\/strong><br>Puedes ponerte en contacto con el Departamento de Salud Mental de la ciudad para recibir asesoramiento gratuito en caso de crisis. Los grupos de apoyo y las organizaciones de salud mental ofrecen sesiones de asesoramiento gratuitas o a precios reducidos. Tu&nbsp;<a href=\"https:\/\/www.myphillylawyer.com\/es\/\" target=\"_blank\" rel=\"noreferrer noopener\">Philadelphia abogado de lesiones personales<\/a>&nbsp;tambi\u00e9n puede indicarle recursos locales de apoyo emocional y psicol\u00f3gico.<\/p>\n\n\n\n<h2 class=\"wp-block-heading\" id=\"other-resources-about-legal-rights-damages-and-resources-for-victims\">Otros recursos sobre derechos legales, da\u00f1os y perjuicios y recursos para las v\u00edctimas<\/h2>\n\n\n\n<ul class=\"wp-block-list\">\n<li><a href=\"https:\/\/www.myphillylawyer.com\/es\/areas-de-practica\/accidentes-de-trafico-2\/accidentes-de-camion\/que-esperar-en-una-consulta-gratuita-con-un-abogado-de-accidentes-de-camion\/\">Qu\u00e9 esperar en una consulta gratuita con un abogado de accidentes de cami\u00f3n<\/a><\/li>\n\n\n\n<li><a href=\"https:\/\/www.myphillylawyer.com\/es\/areas-de-practica\/accidentes-de-trafico-2\/accidentes-de-camion\/grupos-de-apoyo-y-defensa-de-las-victimas\/\">Grupos de apoyo y defensa de las v\u00edctimas<\/a><\/li>\n\n\n\n<li><strong>Recursos gratuitos para las v\u00edctimas de accidentes de camiones en Philadelphia<\/strong><\/li>\n\n\n\n<li><a href=\"https:\/\/www.myphillylawyer.com\/es\/areas-de-practica\/accidentes-de-trafico-2\/accidentes-de-camion\/philadelphia-accidente-de-camion-estatuto-de-limitaciones\/\">Philadelphia Prescripci\u00f3n de los accidentes de cami\u00f3n<\/a><\/li>\n\n\n\n<li><a href=\"https:\/\/www.myphillylawyer.com\/es\/areas-de-practica\/accidentes-de-trafico-2\/accidentes-de-camion\/presentar-una-reclamacion-al-seguro-frente-a-presentar-una-demanda\/\">Reclamaci\u00f3n al seguro o demanda judicial<\/a><\/li>\n\n\n\n<li><a href=\"https:\/\/www.myphillylawyer.com\/es\/areas-de-practica\/accidentes-de-trafico-2\/accidentes-de-camion\/como-se-calcula-la-indemnizacion-en-los-siniestros-de-camiones\/\">C\u00f3mo se calcula la indemnizaci\u00f3n en los siniestros de camiones<\/a><\/li>\n\n\n\n<li><a href=\"https:\/\/www.myphillylawyer.com\/es\/areas-de-practica\/accidentes-de-trafico-2\/accidentes-de-camion\/que-hacer-inmediatamente-despues-de-un-accidente-de-camion-en-philadelphia\/\">Qu\u00e9 hacer inmediatamente despu\u00e9s de un accidente de cami\u00f3n Philadelphia<\/a><\/li>\n\n\n\n<li><a href=\"https:\/\/www.myphillylawyer.com\/es\/areas-de-practica\/accidentes-de-trafico-2\/accidentes-de-camion\/tipos-de-danos-disponibles-en-una-demanda-por-accidente-de-camion\/\">Tipos de da\u00f1os disponibles en una demanda por accidente de cami\u00f3n<\/a><\/li>\n\n\n\n<li><a href=\"https:\/\/www.myphillylawyer.com\/es\/areas-de-practica\/accidentes-de-trafico-2\/accidentes-de-camion\/como-proteger-sus-derechos-legales-tras-un-accidente\/\">C\u00f3mo proteger sus derechos legales tras un accidente<\/a><\/li>\n<\/ul>","protected":false},"excerpt":{"rendered":"<p>Recursos gratuitos para v\u00edctimas de accidentes de camiones en Philadelphia Si usted o un ser querido ha sufrido un accidente de cami\u00f3n en Philadelphia, es posible que se sienta abrumado. Las facturas m\u00e9dicas se acumulan, las compa\u00f1\u00edas de seguros llaman sin cesar y es posible que no sepa a qui\u00e9n acudir en busca de ayuda. \u00bfLa buena noticia? Hay muchos recursos gratuitos disponibles en...<\/p>","protected":false},"author":14,"featured_media":0,"parent":247,"menu_order":0,"comment_status":"closed","ping_status":"closed","template":"","meta":{"_acf_changed":false,"footnotes":""},"class_list":["post-14281","page","type-page","status-publish","hentry"],"acf":[],"jetpack_sharing_enabled":true,"_links":{"self":[{"href":"https:\/\/www.myphillylawyer.com\/es\/wp-json\/wp\/v2\/pages\/14281","targetHints":{"allow":["GET"]}}],"collection":[{"href":"https:\/\/www.myphillylawyer.com\/es\/wp-json\/wp\/v2\/pages"}],"about":[{"href":"https:\/\/www.myphillylawyer.com\/es\/wp-json\/wp\/v2\/types\/page"}],"author":[{"embeddable":true,"href":"https:\/\/www.myphillylawyer.com\/es\/wp-json\/wp\/v2\/users\/14"}],"replies":[{"embeddable":true,"href":"https:\/\/www.myphillylawyer.com\/es\/wp-json\/wp\/v2\/comments?post=14281"}],"version-history":[{"count":2,"href":"https:\/\/www.myphillylawyer.com\/es\/wp-json\/wp\/v2\/pages\/14281\/revisions"}],"predecessor-version":[{"id":14316,"href":"https:\/\/www.myphillylawyer.com\/es\/wp-json\/wp\/v2\/pages\/14281\/revisions\/14316"}],"up":[{"embeddable":true,"href":"https:\/\/www.myphillylawyer.com\/es\/wp-json\/wp\/v2\/pages\/247"}],"wp:attachment":[{"href":"https:\/\/www.myphillylawyer.com\/es\/wp-json\/wp\/v2\/media?parent=14281"}],"curies":[{"name":"wp","href":"https:\/\/api.w.org\/{rel}","templated":true}]}}