{"id":14282,"date":"2025-10-20T11:49:29","date_gmt":"2025-10-20T16:49:29","guid":{"rendered":"https:\/\/www.myphillylawyer.com\/?page_id=14282"},"modified":"2025-10-20T11:56:51","modified_gmt":"2025-10-20T16:56:51","slug":"grupos-de-apoyo-y-defensa-de-las-victimas","status":"publish","type":"page","link":"https:\/\/www.myphillylawyer.com\/es\/areas-de-practica\/accidentes-de-trafico-2\/accidentes-de-camion\/grupos-de-apoyo-y-defensa-de-las-victimas\/","title":{"rendered":"Grupos de apoyo y defensa de las v\u00edctimas"},"content":{"rendered":"<h1 class=\"wp-block-heading\" id=\"victim-support-and-advocacy-groups\">Grupos de apoyo y defensa de las v\u00edctimas<\/h1>\n\n\n\n<p>Los accidentes de cami\u00f3n a menudo dejan a los supervivientes con algo m\u00e1s que lesiones f\u00edsicas. Las secuelas pueden ser abrumadoras: choque emocional, facturas crecientes e incertidumbre sobre el futuro. Si usted o un ser querido se ha visto implicado en un accidente de cami\u00f3n, no tiene por qu\u00e9 afrontarlo solo. Los grupos de apoyo y defensa del Philadelphia est\u00e1n preparados para estar a su lado. Estas organizaciones ayudan a las v\u00edctimas a entender sus derechos, conectarse con los recursos, y recuperar el control a trav\u00e9s de la comunidad y la orientaci\u00f3n.<\/p>\n\n\n\n<div class=\"wp-block-rank-math-toc-block\" id=\"rank-math-toc\"><h2>\u00cdndice<\/h2><nav><ul><li><a href=\"#victim-support-and-advocacy-groups\">Grupos de apoyo y defensa de las v\u00edctimas<\/a><ul><li><a href=\"#how-support-groups-help-truck-accident-victims\">C\u00f3mo ayudan los grupos de apoyo a las v\u00edctimas de accidentes de cami\u00f3n<\/a><\/li><li><a href=\"#advocacy-organizations-fighting-for-victims-rights\">Organizaciones de defensa de los derechos: Lucha por los derechos de las v\u00edctimas<\/a><\/li><li><a href=\"#connecting-with-local-philadelphia-support-groups\">Conexi\u00f3n con grupos de apoyo locales Philadelphia<\/a><\/li><li><a href=\"#specialized-assistance-for-families-and-loved-ones\">Asistencia especializada para familias y seres queridos<\/a><\/li><li><a href=\"#legal-advocacy-and-guidance-in-the-recovery-process\">Defensa jur\u00eddica y orientaci\u00f3n en el proceso de recuperaci\u00f3n<\/a><\/li><li><a href=\"#frequently-asked-questions-about-victim-support-and-advocacy-groups-for-truck-accident-victims\">Preguntas frecuentes sobre los grupos de apoyo y defensa de las v\u00edctimas de accidentes de cami\u00f3n<\/a><\/li><li><a href=\"#other-resources-about-legal-rights-damages-and-resources-for-victims\">Otros recursos sobre derechos legales, da\u00f1os y perjuicios y recursos para las v\u00edctimas<\/a><\/li><\/ul><\/li><\/ul><\/nav><\/div>\n\n\n\n<h2 class=\"wp-block-heading\" id=\"how-support-groups-help-truck-accident-victims\">C\u00f3mo ayudan los grupos de apoyo a las v\u00edctimas de accidentes de cami\u00f3n<\/h2>\n\n\n\n<p>Los grupos de apoyo desempe\u00f1an un papel importante en la recuperaci\u00f3n tras un accidente de cami\u00f3n. Muchas personas que se ponen en contacto con un&nbsp;<a href=\"https:\/\/www.myphillylawyer.com\/es\/areas-de-practica\/accidentes-de-trafico-2\/accidentes-de-camion\/\" target=\"_blank\" rel=\"noreferrer noopener\">Philadelphia abogado accidente cami\u00f3n<\/a>&nbsp;tambi\u00e9n buscan apoyo pr\u00e1ctico y emocional. Estos grupos ofrecen un lugar seguro donde los supervivientes pueden compartir sus historias y luchas con otras personas que realmente les comprenden.<\/p>\n\n\n\n<p>Los grupos de apoyo suelen celebrar reuniones, tanto en persona como en l\u00ednea, para que cualquiera pueda participar cuando se sienta c\u00f3modo. Los miembros hablan de sus dificultades, como el dolor, las reclamaciones al seguro o el estr\u00e9s y la ansiedad. Otros miembros del grupo escuchan u ofrecen consejos basados en su propia experiencia. Esto crea un sentimiento de comunidad y pertenencia que puede acelerar la curaci\u00f3n emocional.<\/p>\n\n\n\n<p>Muchos grupos de apoyo colaboran con asesores o terapeutas locales que pueden orientar a quienes sufren traumas o depresi\u00f3n. Algunos cuentan con defensores legales para responder a preguntas b\u00e1sicas sobre lo que se puede esperar de un juicio.&nbsp;<a href=\"https:\/\/www.myphillylawyer.com\/es\/areas-de-practica\/accidentes-de-trafico-2\/accidentes-de-camion\/\" target=\"_blank\" rel=\"noreferrer noopener\">abogado de accidentes de cami\u00f3n en Philadelphia<\/a>. Estos servicios capacitan a las v\u00edctimas para expresar sus necesidades y tomar decisiones informadas sobre sus pr\u00f3ximos pasos.<\/p>\n\n\n\n<h2 class=\"wp-block-heading\" id=\"advocacy-organizations-fighting-for-victims-rights\">Organizaciones de defensa de los derechos: Lucha por los derechos de las v\u00edctimas<\/h2>\n\n\n\n<p>Los grupos de defensa de las v\u00edctimas hacen mucho m\u00e1s que ofrecer consuelo: luchan por el cambio. Estas organizaciones trabajan a nivel local y estatal para mejorar las leyes, aumentar la concienciaci\u00f3n sobre la seguridad de los camiones y proteger los derechos de los supervivientes de accidentes. Contribuyen a que se escuche la voz de las v\u00edctimas, incluso despu\u00e9s de que desaparezcan los titulares.<\/p>\n\n\n\n<p>Philadelphia cuenta con varios grupos de defensa centrados en la seguridad vial y la prevenci\u00f3n de lesiones. Imparten formaci\u00f3n sobre temas como la conducci\u00f3n segura, los peligros de los camioneros distra\u00eddos y qu\u00e9 hacer despu\u00e9s de un accidente. Algunos grupos tambi\u00e9n organizan concentraciones de apoyo, campa\u00f1as de concienciaci\u00f3n p\u00fablica y talleres sobre c\u00f3mo entender las p\u00f3lizas de seguros.<\/p>\n\n\n\n<p>Las organizaciones de defensa de los derechos suelen ayudar a las v\u00edctimas a encontrar el abogado adecuado.&nbsp;<a href=\"https:\/\/www.myphillylawyer.com\/es\/zonas-atendidas\/jenkintown\/abogados-de-accidentes-de-camiones-2\/\" target=\"_blank\" rel=\"noreferrer noopener\">abogados de lesiones de camiones<\/a>&nbsp;o recursos jur\u00eddicos. Pueden ofrecer servicios de derivaci\u00f3n o poner en contacto a las personas con abogados especializados en accidentes de cami\u00f3n y lesiones personales. Esto garantiza que los supervivientes tengan a alguien que defienda sus derechos frente a las poderosas compa\u00f1\u00edas de camiones o los peritos de seguros.<\/p>\n\n\n\n<h2 class=\"wp-block-heading\" id=\"connecting-with-local-philadelphia-support-groups\">Conexi\u00f3n con grupos de apoyo locales Philadelphia<\/h2>\n\n\n\n<p>Encontrar ayuda cerca de casa marca la diferencia. Los supervivientes de la ciudad y sus alrededores pueden ponerse en contacto con grupos de apoyo locales especializados en accidentes de cami\u00f3n y lesiones graves. Estos grupos se re\u00fanen en centros comunitarios, iglesias, hospitales e incluso virtualmente. Siempre se centran en la curaci\u00f3n, no s\u00f3lo f\u00edsica, sino tambi\u00e9n emocional y econ\u00f3mica.<\/p>\n\n\n\n<p>Algunas organizaciones comunitarias se asocian con&nbsp;<a href=\"https:\/\/www.myphillylawyer.com\/es\/\" target=\"_blank\" rel=\"noreferrer noopener\">abogados de da\u00f1os personales<\/a>&nbsp;para sesiones informativas, en las que explican c\u00f3mo presentar una demanda y qu\u00e9 esperar durante el proceso legal. Estas reuniones dan a las v\u00edctimas la oportunidad de hacer preguntas en un ambiente sin presiones.<\/p>\n\n\n\n<p>Si busca un grupo, intente ponerse en contacto con los hospitales o centros de rehabilitaci\u00f3n de la zona: suelen tener listas de recursos de apoyo. Las iglesias y los organismos sin \u00e1nimo de lucro del Philadelphia tambi\u00e9n son buenos lugares donde buscar. Incluso puede preguntar a su&nbsp;<a href=\"https:\/\/www.myphillylawyer.com\/es\/zonas-atendidas\/norristown\/abogados-de-accidentes-de-camiones-2\/\" target=\"_blank\" rel=\"noreferrer noopener\">abogado de accidente de cami\u00f3n<\/a>&nbsp;si conocen alguna organizaci\u00f3n de confianza para supervivientes de accidentes de cami\u00f3n.<\/p>\n\n\n\n<h2 class=\"wp-block-heading\" id=\"specialized-assistance-for-families-and-loved-ones\">Asistencia especializada para familias y seres queridos<\/h2>\n\n\n\n<p>Los accidentes de cami\u00f3n no s\u00f3lo afectan a la persona lesionada, sino que pueden sacudir a familias enteras. Por eso muchos grupos de defensa y apoyo ofrecen servicios especiales para c\u00f3nyuges, hijos y amigos \u00edntimos de las v\u00edctimas. Estos servicios incluyen asesoramiento, tutor\u00eda entre iguales y talleres sobre temas como la gesti\u00f3n de facturas m\u00e9dicas o c\u00f3mo hablar con los ni\u00f1os sobre el trauma.<\/p>\n\n\n\n<p>Los familiares suelen necesitar apoyo pr\u00e1ctico, sobre todo si el lesionado es el principal proveedor. Algunos grupos colaboran con organismos locales para organizar ayudas econ\u00f3micas, transporte o servicios de atenci\u00f3n domiciliaria. Otros organizan sesiones de asesoramiento en duelo para quienes se enfrentan a una p\u00e9rdida.<\/p>\n\n\n\n<p>Si es usted un familiar en busca de orientaci\u00f3n, estas organizaciones pueden ponerle en contacto con un&nbsp;<a href=\"https:\/\/www.myphillylawyer.com\/es\/zonas-atendidas\/upper-darby\/abogados-de-accidentes-de-camiones-2\/\" target=\"_blank\" rel=\"noreferrer noopener\">abogado de accidentes de cami\u00f3n<\/a>&nbsp;que entienda por lo que est\u00e1 pasando su ser querido. Pueden explicarte tus derechos como cuidador y ayudarte a acceder a las prestaciones o indemnizaciones que puedan corresponderte.<\/p>\n\n\n\n<h2 class=\"wp-block-heading\" id=\"legal-advocacy-and-guidance-in-the-recovery-process\">Defensa jur\u00eddica y orientaci\u00f3n en el proceso de recuperaci\u00f3n<\/h2>\n\n\n\n<p>Las secuelas legales de un accidente de cami\u00f3n pueden ser tan duras como la recuperaci\u00f3n f\u00edsica. Muchas v\u00edctimas y sus familias no est\u00e1n seguros de c\u00f3mo iniciar una reclamaci\u00f3n, cu\u00e1nto tiempo tienen para presentarla o cu\u00e1les son realmente sus derechos. Los grupos de apoyo y defensa suelen colaborar estrechamente con&nbsp;<a href=\"https:\/\/www.myphillylawyer.com\/es\/zonas-atendidas\/arboleda-de-sauces\/abogados-de-accidentes-de-camiones\/\" target=\"_blank\" rel=\"noreferrer noopener\">abogados de lesiones de camiones<\/a>&nbsp;para que los supervivientes reciban respuestas honestas y directas.<\/p>\n\n\n\n<p>Estas organizaciones organizan a menudo cl\u00ednicas o talleres jur\u00eddicos, donde puedes reunirte con abogados de forma gratuita o a bajo coste. Ayudan a explicar los pasos legales importantes, desde la recopilaci\u00f3n de pruebas hasta la negociaci\u00f3n con las compa\u00f1\u00edas de seguros. Muchos grupos tambi\u00e9n se mantienen en contacto con sus miembros a lo largo del caso, ofreci\u00e9ndoles \u00e1nimos y ayuda pr\u00e1ctica para seguir adelante.<\/p>\n\n\n\n<p>Si se pone en contacto con un&nbsp;<a href=\"https:\/\/www.myphillylawyer.com\/es\/zonas-atendidas\/bensalem\/abogados-de-accidentes-de-camiones-2\/\" target=\"_blank\" rel=\"noreferrer noopener\">abogado de lesiones de camiones<\/a>As\u00ed, usted puede centrarse en su recuperaci\u00f3n mientras ellos se ocupan del papeleo, los plazos y las negociaciones. Los grupos de apoyo y defensa de las v\u00edctimas est\u00e1n aqu\u00ed para guiarte en cada paso, asegur\u00e1ndose de que no te sientas perdido o solo durante un momento dif\u00edcil.<\/p>\n\n\n\n<h2 class=\"wp-block-heading\" id=\"frequently-asked-questions-about-victim-support-and-advocacy-groups-for-truck-accident-victims\">Preguntas frecuentes sobre los grupos de apoyo y defensa de las v\u00edctimas de accidentes de cami\u00f3n<\/h2>\n\n\n\n<p><strong>\u00bfQu\u00e9 tipos de servicios ofrecen los grupos de apoyo a las v\u00edctimas del Philadelphia tras un accidente de cami\u00f3n?<\/strong><br>Los grupos de apoyo suelen ofrecer asesoramiento emocional, reuniones de apoyo entre iguales, informaci\u00f3n jur\u00eddica y referencias a personas de confianza.&nbsp;<a href=\"https:\/\/www.myphillylawyer.com\/es\/zonas-atendidas\/wayne\/abogados-de-accidentes-de-camiones-2\/\" target=\"_blank\" rel=\"noreferrer noopener\">abogados de accidentes de camiones<\/a>. Tambi\u00e9n ayudan con orientaci\u00f3n sobre seguros, recursos financieros y a poner en contacto a las familias con la ayuda comunitaria.<\/p>\n\n\n\n<p><strong>\u00bfC\u00f3mo puedo encontrar un grupo de apoyo local tras un accidente de cami\u00f3n en Philadelphia?<\/strong><br>Empiece por preguntar al trabajador social del hospital, al consejero o a su&nbsp;<a href=\"https:\/\/www.myphillylawyer.com\/es\/\" target=\"_blank\" rel=\"noreferrer noopener\">Philadelphia abogado de lesiones personales<\/a>. Tambi\u00e9n puede informarse sobre horarios y lugares de reuni\u00f3n de grupos en organizaciones sin \u00e1nimo de lucro, iglesias o centros de rehabilitaci\u00f3n locales. Muchas organizaciones tambi\u00e9n ofrecen opciones virtuales.<\/p>\n\n\n\n<p><strong>\u00bfPueden los grupos de apoyo y defensa ayudarme con mi caso legal tras un accidente de cami\u00f3n?<\/strong><br>S\u00ed, muchos grupos de defensa ponen en contacto a las v\u00edctimas con personas experimentadas.&nbsp;<a href=\"https:\/\/www.myphillylawyer.com\/es\/areas-de-practica\/accidentes-de-trafico-2\/accidentes-de-camion\/\" target=\"_blank\" rel=\"noreferrer noopener\">abogados de accidentes de cami\u00f3n en Philadelphia<\/a>. Pueden responder a preguntas b\u00e1sicas sobre sus derechos, ayudarle a entender el proceso de reclamaci\u00f3n y remitirle a abogados que lleven casos de accidentes de cami\u00f3n.<\/p>\n\n\n\n<p><strong>\u00bfPor qu\u00e9 deber\u00eda hablar con un abogado especializado en accidentes de cami\u00f3n despu\u00e9s de unirme a un grupo de apoyo?<\/strong><br>A&nbsp;<a href=\"https:\/\/www.myphillylawyer.com\/es\/zonas-atendidas\/jenkintown\/abogados-de-accidentes-de-camiones-2\/\" target=\"_blank\" rel=\"noreferrer noopener\">abogado de accidentes de cami\u00f3n<\/a>&nbsp;puede proteger sus derechos legales, tramitar su reclamaci\u00f3n y asegurarse de que las compa\u00f1\u00edas de seguros no se aprovechan de usted. Los grupos de apoyo ofrecen ayuda emocional, mientras que el asesoramiento jur\u00eddico garantiza su recuperaci\u00f3n econ\u00f3mica y la justicia. Ambos son importantes para una recuperaci\u00f3n completa tras un accidente grave.<\/p>\n\n\n\n<h2 class=\"wp-block-heading\" id=\"other-resources-about-legal-rights-damages-and-resources-for-victims\">Otros recursos sobre derechos legales, da\u00f1os y perjuicios y recursos para las v\u00edctimas<\/h2>\n\n\n\n<ul class=\"wp-block-list\">\n<li><a href=\"https:\/\/www.myphillylawyer.com\/es\/areas-de-practica\/accidentes-de-trafico-2\/accidentes-de-camion\/que-esperar-en-una-consulta-gratuita-con-un-abogado-de-accidentes-de-camion\/\">Qu\u00e9 esperar en una consulta gratuita con un abogado de accidentes de cami\u00f3n<\/a><\/li>\n\n\n\n<li><strong>Grupos de apoyo y defensa de las v\u00edctimas<\/strong><\/li>\n\n\n\n<li><a href=\"https:\/\/www.myphillylawyer.com\/es\/areas-de-practica\/accidentes-de-trafico-2\/accidentes-de-camion\/recursos-gratuitos-para-victimas-de-accidentes-de-camion-en-filadelfia\/\">Recursos gratuitos para las v\u00edctimas de accidentes de camiones en Philadelphia<\/a><\/li>\n\n\n\n<li><a href=\"https:\/\/www.myphillylawyer.com\/es\/areas-de-practica\/accidentes-de-trafico-2\/accidentes-de-camion\/philadelphia-accidente-de-camion-estatuto-de-limitaciones\/\">Philadelphia Prescripci\u00f3n de los accidentes de cami\u00f3n<\/a><\/li>\n\n\n\n<li><a href=\"https:\/\/www.myphillylawyer.com\/es\/areas-de-practica\/accidentes-de-trafico-2\/accidentes-de-camion\/presentar-una-reclamacion-al-seguro-frente-a-presentar-una-demanda\/\">Reclamaci\u00f3n al seguro o demanda judicial<\/a><\/li>\n\n\n\n<li><a href=\"https:\/\/www.myphillylawyer.com\/es\/areas-de-practica\/accidentes-de-trafico-2\/accidentes-de-camion\/como-se-calcula-la-indemnizacion-en-los-siniestros-de-camiones\/\">C\u00f3mo se calcula la indemnizaci\u00f3n en los siniestros de camiones<\/a><\/li>\n\n\n\n<li><a href=\"https:\/\/www.myphillylawyer.com\/es\/areas-de-practica\/accidentes-de-trafico-2\/accidentes-de-camion\/que-hacer-inmediatamente-despues-de-un-accidente-de-camion-en-philadelphia\/\">Qu\u00e9 hacer inmediatamente despu\u00e9s de un accidente de cami\u00f3n Philadelphia<\/a><\/li>\n\n\n\n<li><a href=\"https:\/\/www.myphillylawyer.com\/es\/areas-de-practica\/accidentes-de-trafico-2\/accidentes-de-camion\/tipos-de-danos-disponibles-en-una-demanda-por-accidente-de-camion\/\">Tipos de da\u00f1os disponibles en una demanda por accidente de cami\u00f3n<\/a><\/li>\n\n\n\n<li><a href=\"https:\/\/www.myphillylawyer.com\/es\/areas-de-practica\/accidentes-de-trafico-2\/accidentes-de-camion\/como-proteger-sus-derechos-legales-tras-un-accidente\/\">C\u00f3mo proteger sus derechos legales tras un accidente<\/a><\/li>\n<\/ul>","protected":false},"excerpt":{"rendered":"<p>Grupos de apoyo y defensa de las v\u00edctimas Los accidentes de camiones a menudo dejan a los sobrevivientes con algo m\u00e1s que lesiones f\u00edsicas. Las secuelas pueden ser abrumadoras: hay conmoci\u00f3n emocional, facturas que se acumulan e incertidumbre sobre lo que suceder\u00e1 despu\u00e9s. Si usted o un ser querido ha estado involucrado en un accidente de cami\u00f3n, no tiene por qu\u00e9 enfrentarlo solo. Los grupos de apoyo y defensa...<\/p>","protected":false},"author":14,"featured_media":0,"parent":247,"menu_order":0,"comment_status":"closed","ping_status":"closed","template":"","meta":{"_acf_changed":false,"jetpack_post_was_ever_published":false,"footnotes":""},"class_list":["post-14282","page","type-page","status-publish","hentry"],"acf":[],"jetpack_sharing_enabled":true,"_links":{"self":[{"href":"https:\/\/www.myphillylawyer.com\/es\/wp-json\/wp\/v2\/pages\/14282","targetHints":{"allow":["GET"]}}],"collection":[{"href":"https:\/\/www.myphillylawyer.com\/es\/wp-json\/wp\/v2\/pages"}],"about":[{"href":"https:\/\/www.myphillylawyer.com\/es\/wp-json\/wp\/v2\/types\/page"}],"author":[{"embeddable":true,"href":"https:\/\/www.myphillylawyer.com\/es\/wp-json\/wp\/v2\/users\/14"}],"replies":[{"embeddable":true,"href":"https:\/\/www.myphillylawyer.com\/es\/wp-json\/wp\/v2\/comments?post=14282"}],"version-history":[{"count":3,"href":"https:\/\/www.myphillylawyer.com\/es\/wp-json\/wp\/v2\/pages\/14282\/revisions"}],"predecessor-version":[{"id":14317,"href":"https:\/\/www.myphillylawyer.com\/es\/wp-json\/wp\/v2\/pages\/14282\/revisions\/14317"}],"up":[{"embeddable":true,"href":"https:\/\/www.myphillylawyer.com\/es\/wp-json\/wp\/v2\/pages\/247"}],"wp:attachment":[{"href":"https:\/\/www.myphillylawyer.com\/es\/wp-json\/wp\/v2\/media?parent=14282"}],"curies":[{"name":"wp","href":"https:\/\/api.w.org\/{rel}","templated":true}]}}