{"id":14344,"date":"2025-10-23T09:53:55","date_gmt":"2025-10-23T14:53:55","guid":{"rendered":"https:\/\/www.myphillylawyer.com\/?page_id=14344"},"modified":"2025-10-23T09:57:17","modified_gmt":"2025-10-23T14:57:17","slug":"como-documentar-las-pruebas-tras-un-accidente-por-resbalon-y-caida","status":"publish","type":"page","link":"https:\/\/www.myphillylawyer.com\/es\/areas-de-practica\/danos-personales\/responsabilidad-de-las-instalaciones\/resbalones-y-caidas\/como-documentar-las-pruebas-tras-un-accidente-por-resbalon-y-caida\/","title":{"rendered":"C\u00f3mo documentar pruebas tras un accidente por resbal\u00f3n y ca\u00edda"},"content":{"rendered":"<h1 class=\"wp-block-heading\" id=\"how-to-document-evidence-after-a-slip-and-fall-accident\">C\u00f3mo documentar pruebas tras un accidente por resbal\u00f3n y ca\u00edda<\/h1>\n\n\n\n<p>Los accidentes por resbalones y ca\u00eddas pueden convertir un d\u00eda normal en una lucha con dolor, confusi\u00f3n y muchas preguntas sobre qu\u00e9 hacer a continuaci\u00f3n. Si usted ha sido herido en un resbal\u00f3n y ca\u00edda en Philadelphia, saber c\u00f3mo documentar la evidencia es crucial. Los registros claros y las pruebas detalladas pueden ser decisivos para su reclamaci\u00f3n. Esta gu\u00eda le explica los pasos que debe dar despu\u00e9s de una ca\u00edda, para que est\u00e9 preparado para proteger sus derechos y obtener la ayuda que necesita de un abogado.&nbsp;<a href=\"https:\/\/www.myphillylawyer.com\/es\/areas-de-practica\/danos-personales\/responsabilidad-de-las-instalaciones\/resbalones-y-caidas\/\" target=\"_blank\" rel=\"noreferrer noopener\">Philadelphia resbal\u00f3n y ca\u00edda abogado<\/a>.<\/p>\n\n\n\n<div class=\"wp-block-rank-math-toc-block\" id=\"rank-math-toc\"><h2>\u00cdndice<\/h2><nav><ul><li><a href=\"#how-to-document-evidence-after-a-slip-and-fall-accident\">C\u00f3mo documentar pruebas tras un accidente por resbal\u00f3n y ca\u00edda<\/a><ul><li><a href=\"#why-documenting-evidence-matters-in-a-slip-and-fall-case\">Por qu\u00e9 es importante documentar las pruebas en un caso de resbal\u00f3n y ca\u00edda<\/a><\/li><li><a href=\"#what-to-do-immediately-after-a-slip-and-fall-accident\">Qu\u00e9 hacer inmediatamente despu\u00e9s de un accidente por resbal\u00f3n y ca\u00edda<\/a><\/li><li><a href=\"#key-evidence-to-gather-for-your-slip-and-fall-claim\">Pruebas clave que debe reunir para su reclamaci\u00f3n por resbal\u00f3n y ca\u00edda<\/a><\/li><li><a href=\"#common-mistakes-to-avoid-when-documenting-a-slip-and-fall-accident\">Errores comunes que deben evitarse al documentar un accidente por resbal\u00f3n y ca\u00edda<\/a><\/li><li><a href=\"#how-a-slip-and-fall-attorney-can-use-your-evidence\">C\u00f3mo puede utilizar sus pruebas un abogado especializado en resbalones y ca\u00eddas<\/a><\/li><li><a href=\"#frequently-asked-questions-about-documenting-evidence-after-a-slip-and-fall-accident\">Preguntas frecuentes sobre la documentaci\u00f3n de pruebas tras un accidente por resbal\u00f3n y ca\u00edda<\/a><\/li><li><a href=\"#other-resources-about-slip-and-fall-accident-fundamentals\">Otros recursos sobre los fundamentos de los accidentes por resbalones y ca\u00eddas<\/a><\/li><\/ul><\/li><\/ul><\/nav><\/div>\n\n\n\n<h2 class=\"wp-block-heading\" id=\"why-documenting-evidence-matters-in-a-slip-and-fall-case\">Por qu\u00e9 es importante documentar las pruebas en un caso de resbal\u00f3n y ca\u00edda<\/h2>\n\n\n\n<p>Cuando presente una reclamaci\u00f3n, las compa\u00f1\u00edas de seguros y los propietarios querr\u00e1n pruebas. Pueden intentar negar tus lesiones o culparte del accidente. Las pruebas son su mejor aliado. Cuantos m\u00e1s detalles puedas mostrar, m\u00e1s dif\u00edcil les resultar\u00e1 a los dem\u00e1s rebatir tu versi\u00f3n de los hechos.<\/p>\n\n\n\n<p>Pi\u00e9nselo de esta manera: \u00bfLe prestar\u00edas tu coche a alguien sin ver su carn\u00e9 de conducir? Probablemente no. Lo mismo ocurre con una reclamaci\u00f3n por resbal\u00f3n y ca\u00edda: una prueba s\u00f3lida le da credibilidad. Tambi\u00e9n ayuda a su&nbsp;<a href=\"https:\/\/www.myphillylawyer.com\/es\/areas-de-practica\/danos-personales\/responsabilidad-de-las-instalaciones\/resbalones-y-caidas\/\" target=\"_blank\" rel=\"noreferrer noopener\">abogado de resbalones y ca\u00eddas en Philadelphia<\/a>&nbsp;construir un caso s\u00f3lido en su nombre.<\/p>\n\n\n\n<p>Las pruebas pueden incluir fotos, historiales m\u00e9dicos, declaraciones de testigos e incluso sus propias notas. Estas pruebas ofrecen una imagen clara de lo que ocurri\u00f3 y de c\u00f3mo te afect\u00f3. Si no re\u00fane esta informaci\u00f3n, ser\u00e1 su palabra contra la de ellos, y es un riesgo que no querr\u00e1 correr.<\/p>\n\n\n\n<h2 class=\"wp-block-heading\" id=\"what-to-do-immediately-after-a-slip-and-fall-accident\">Qu\u00e9 hacer inmediatamente despu\u00e9s de un accidente por resbal\u00f3n y ca\u00edda<\/h2>\n\n\n\n<p>Tu primera prioridad es tu salud. Si est\u00e1s gravemente herido, llama al 911 o pide ayuda a alguien cercano. Una vez que est\u00e9s a salvo y estable, empieza a documentar la escena. Esto es lo que tienes que hacer:<\/p>\n\n\n\n<ol class=\"wp-block-list\">\n<li><strong>Haz fotos:<\/strong>\u00a0Utiliza tu tel\u00e9fono o p\u00eddele a alguien que haga fotos del lugar donde te ca\u00edste, de la causa de la ca\u00edda (como un suelo mojado o un escal\u00f3n roto) y de cualquier otra cosa que muestre lo sucedido. Haz fotos desde varios \u00e1ngulos e incluye primeros planos y vistas amplias.<\/li>\n\n\n\n<li><strong>Informe del accidente:<\/strong>\u00a0Informa inmediatamente al propietario o al encargado del local. Si est\u00e1s en una tienda, restaurante u otro lugar p\u00fablico, pide que rellenen un informe del incidente. Consigue una copia si puedes.<\/li>\n\n\n\n<li><strong>Recopilar informaci\u00f3n de contacto:<\/strong>\u00a0Si alguien vio tu ca\u00edda o las condiciones que la provocaron, p\u00eddele su nombre y n\u00famero de tel\u00e9fono. Los testigos pueden ayudar a confirmar tu historia m\u00e1s adelante.<\/li>\n\n\n\n<li><strong>Preservar las pruebas f\u00edsicas:<\/strong>\u00a0Si te resbalaste con una bebida derramada o tropezaste con una alfombra suelta, intenta obtener una muestra o al menos una foto. No tires los zapatos o la ropa que llevabas: tambi\u00e9n podr\u00edan contener pruebas.<\/li>\n\n\n\n<li><strong>Anote los detalles:<\/strong>\u00a0Tan pronto como sea posible, anota todo lo que recuerdes. \u00bfD\u00f3nde estabas? \u00bfA qu\u00e9 hora ocurri\u00f3? \u00bfC\u00f3mo eran el tiempo y la luz? Los recuerdos se desvanecen, pero las notas perduran.<\/li>\n<\/ol>\n\n\n\n<p>Tomar estas medidas de inmediato le ayudar\u00e1 a tener una base s\u00f3lida para su reclamaci\u00f3n. Su&nbsp;<a href=\"https:\/\/www.myphillylawyer.com\/es\/\" target=\"_blank\" rel=\"noreferrer noopener\">Philadelphia abogado de lesiones personales<\/a>&nbsp;te lo agradecer\u00e1.<\/p>\n\n\n\n<h2 class=\"wp-block-heading\" id=\"key-evidence-to-gather-for-your-slip-and-fall-claim\">Pruebas clave que debe reunir para su reclamaci\u00f3n por resbal\u00f3n y ca\u00edda<\/h2>\n\n\n\n<p>Saber qu\u00e9 tipo de pruebas necesita es la mitad de la batalla. A continuaci\u00f3n te explicamos los elementos m\u00e1s importantes que debes reunir:<\/p>\n\n\n\n<p><strong>Fotograf\u00edas y v\u00eddeo:<\/strong>&nbsp;Suelen ser las pruebas m\u00e1s convincentes. Capta el lugar exacto donde te ca\u00edste, cualquier peligro (como hielo, agua o escombros) y las se\u00f1ales de advertencia, o la falta de ellas. Si hay una c\u00e1mara de seguridad cerca, pide al propietario que conserve las im\u00e1genes.<\/p>\n\n\n\n<p><strong>Historiales m\u00e9dicos:<\/strong>&nbsp;Acude al m\u00e9dico lo antes posible, aunque tus lesiones parezcan leves. Tu salud es lo primero, y necesitar\u00e1s un historial m\u00e9dico que demuestre que las lesiones se debieron a la ca\u00edda. Conserva todas las notas del m\u00e9dico, radiograf\u00edas, recetas y recibos.<\/p>\n\n\n\n<p><strong>Informes de incidentes:<\/strong>&nbsp;Si presentaste un informe al administrador de la propiedad, obt\u00e9n una copia. Este documento demuestra que usted inform\u00f3 del accidente y cu\u00e1ndo.<\/p>\n\n\n\n<p><strong>Declaraciones de testigos:<\/strong>&nbsp;Pida a los testigos que escriban lo que vieron o que est\u00e9n dispuestos a hablar con su&nbsp;<a href=\"https:\/\/www.myphillylawyer.com\/es\/zonas-atendidas\/bensalem\/resbalon-y-caida-abogado\/\" target=\"_blank\" rel=\"noreferrer noopener\">resbal\u00f3n y ca\u00edda abogado de lesiones<\/a>&nbsp;despu\u00e9s. Su testimonio puede hacer que su reclamaci\u00f3n sea mucho m\u00e1s s\u00f3lida.<\/p>\n\n\n\n<p><strong>Notas personales:<\/strong>&nbsp;Escribe un diario sobre tus lesiones, los niveles de dolor, las visitas al m\u00e9dico y c\u00f3mo el accidente ha afectado a tu vida. Los jurados y los peritos de seguros prestan atenci\u00f3n a estos detalles de la vida real.<\/p>\n\n\n\n<p>Reunir estas pruebas es importante tanto si presenta una reclamaci\u00f3n a una compa\u00f1\u00eda de seguros como si trabaja con un&nbsp;<a href=\"https:\/\/www.myphillylawyer.com\/es\/zonas-atendidas\/jenkintown\/resbalon-y-caida-abogado\/\" target=\"_blank\" rel=\"noreferrer noopener\">resbal\u00f3n y ca\u00edda abogado<\/a>&nbsp;emprender acciones legales.<\/p>\n\n\n\n<h2 class=\"wp-block-heading\" id=\"common-mistakes-to-avoid-when-documenting-a-slip-and-fall-accident\">Errores comunes que deben evitarse al documentar un accidente por resbal\u00f3n y ca\u00edda<\/h2>\n\n\n\n<p>Es f\u00e1cil cometer errores en el caos posterior a una ca\u00edda. Pero algunos errores pueden debilitar su caso. Estos son los errores m\u00e1s comunes a tener en cuenta:<\/p>\n\n\n\n<p><strong>No buscar ayuda m\u00e9dica de inmediato:<\/strong>&nbsp;Esperar demasiado para ir al m\u00e9dico puede hacer que parezca que tus lesiones no son graves o que no han sido causadas por el accidente. Aunque al principio te encuentres bien, ve al m\u00e9dico.<\/p>\n\n\n\n<p><strong>No hacer fotos r\u00e1pidamente:<\/strong>&nbsp;Los peligros pueden desaparecer r\u00e1pidamente. Los suelos mojados se secan, los derrames se limpian y los objetos rotos se arreglan. Haz fotos antes de que nada cambie.<\/p>\n\n\n\n<p><strong>No informar de la ca\u00edda:<\/strong>&nbsp;Algunas personas se sienten avergonzadas o esperan que su dolor desaparezca, por lo que no le cuentan a nadie su accidente. Eso es un error. Denunciar la ca\u00edda crea un registro en el que puedes confiar m\u00e1s adelante.<\/p>\n\n\n\n<p><strong>Hablar del accidente en las redes sociales:<\/strong>&nbsp;Las compa\u00f1\u00edas de seguros y los abogados defensores pueden consultar tus mensajes. Evita hablar p\u00fablicamente del accidente o de tus lesiones.<\/p>\n\n\n\n<p><strong>Tirar las pruebas:<\/strong>&nbsp;No tires la ropa ni los zapatos que llevabas. Pueden contener pistas importantes, como manchas o rozaduras.<\/p>\n\n\n\n<p>Evitar estos errores puede ayudar a su&nbsp;<a href=\"https:\/\/www.myphillylawyer.com\/es\/zonas-atendidas\/wayne\/resbalon-y-caida-abogado\/\" target=\"_blank\" rel=\"noreferrer noopener\">resbal\u00f3n y ca\u00edda abogado<\/a>&nbsp;presentarle un caso claro y convincente.<\/p>\n\n\n\n<h2 class=\"wp-block-heading\" id=\"how-a-slip-and-fall-attorney-can-use-your-evidence\">C\u00f3mo puede utilizar sus pruebas un abogado especializado en resbalones y ca\u00eddas<\/h2>\n\n\n\n<p>A&nbsp;<a href=\"https:\/\/www.myphillylawyer.com\/es\/zonas-atendidas\/arboleda-de-sauces\/resbalon-y-caida-abogado\/\" target=\"_blank\" rel=\"noreferrer noopener\">resbal\u00f3n y ca\u00edda abogado de lesiones<\/a>&nbsp;en Philadelphia utilizar\u00e1 las pruebas que usted re\u00fana para demostrar c\u00f3mo y por qu\u00e9 ocurri\u00f3 su accidente, y qui\u00e9n es el responsable. A continuaci\u00f3n te explicamos c\u00f3mo tu abogado puede poner en pr\u00e1ctica tu documentaci\u00f3n:<\/p>\n\n\n\n<p><strong>Probar la negligencia:<\/strong>&nbsp;Su abogado debe demostrar que el propietario conoc\u00eda el peligro (o deber\u00eda haberlo conocido) y no lo arregl\u00f3. Las fotos, los informes de incidentes y las declaraciones de testigos ayudan a contar esta historia.<\/p>\n\n\n\n<p><strong>Demostraci\u00f3n de da\u00f1os y perjuicios:<\/strong>&nbsp;Los historiales m\u00e9dicos y las notas personales documentan sus lesiones y el impacto en su vida. Esta informaci\u00f3n es clave para obtener una indemnizaci\u00f3n justa.<\/p>\n\n\n\n<p><strong>Negociar con las aseguradoras:<\/strong>&nbsp;Las compa\u00f1\u00edas de seguros suelen intentar minimizar las reclamaciones. Tus pruebas organizadas hacen que les resulte m\u00e1s dif\u00edcil oponerse.<\/p>\n\n\n\n<p><strong>Presentar una demanda si es necesario:<\/strong>&nbsp;Si fracasan las negociaciones, su abogado especializado en resbalones y ca\u00eddas puede utilizar sus pruebas ante un tribunal. Un juez o un jurado querr\u00e1n ver pruebas claras de lo ocurrido y de c\u00f3mo te has visto perjudicado.<\/p>\n\n\n\n<p>Contar con un experto&nbsp;<a href=\"https:\/\/www.myphillylawyer.com\/es\/zonas-atendidas\/bensalem\/resbalon-y-caida-abogado\/\" target=\"_blank\" rel=\"noreferrer noopener\">resbal\u00f3n y ca\u00edda abogado<\/a>&nbsp;a su lado garantiza que sus pruebas se utilicen eficazmente. Ellos saben c\u00f3mo construir un caso fuerte y luchar por sus derechos en cada paso del camino.<\/p>\n\n\n\n<h2 class=\"wp-block-heading\" id=\"frequently-asked-questions-about-documenting-evidence-after-a-slip-and-fall-accident\">Preguntas frecuentes sobre la documentaci\u00f3n de pruebas tras un accidente por resbal\u00f3n y ca\u00edda<\/h2>\n\n\n\n<p><strong>\u00bfQu\u00e9 debo hacer en primer lugar tras un accidente por resbal\u00f3n y ca\u00edda en Philadelphia?<\/strong><br>Tu seguridad es lo primero. Obtenga ayuda m\u00e9dica si es necesario, luego tome fotos de la escena, informe del accidente al due\u00f1o de la propiedad y recopile informaci\u00f3n de contacto de los testigos. Estos pasos inmediatos pueden proteger sus derechos y ayudar a su caso.<\/p>\n\n\n\n<p><strong>\u00bfC\u00f3mo puede un abogado especializado en resbalones y ca\u00eddas Philadelphia ayudarme con mi reclamaci\u00f3n?<\/strong><br>A&nbsp;<a href=\"https:\/\/www.myphillylawyer.com\/es\/areas-de-practica\/danos-personales\/responsabilidad-de-las-instalaciones\/resbalones-y-caidas\/\" target=\"_blank\" rel=\"noreferrer noopener\">Philadelphia resbal\u00f3n y ca\u00edda abogado<\/a>&nbsp;puede revisar sus pruebas, investigar el accidente, gestionar las negociaciones con las compa\u00f1\u00edas de seguros y representarle ante los tribunales si es necesario. Su orientaci\u00f3n aumenta tus posibilidades de \u00e9xito en la reclamaci\u00f3n.<\/p>\n\n\n\n<p><strong>\u00bfPor qu\u00e9 es importante conservar el calzado y la ropa despu\u00e9s de un resbal\u00f3n y una ca\u00edda?<\/strong><br>Los zapatos y la ropa pueden tener pruebas como manchas, desgarros o restos que muestren c\u00f3mo ocurri\u00f3 el accidente. No los laves ni los tires.&nbsp;<a href=\"https:\/\/www.myphillylawyer.com\/es\/zonas-atendidas\/arboleda-de-sauces\/resbalon-y-caida-abogado\/\" target=\"_blank\" rel=\"noreferrer noopener\">resbal\u00f3n y ca\u00edda abogado de lesiones<\/a>&nbsp;puede utilizarlas como prueba.<\/p>\n\n\n\n<p><strong>\u00bfPuedo presentar una reclamaci\u00f3n aunque no haya hecho fotos inmediatamente?<\/strong><br>S\u00ed, a\u00fan puede presentar una reclamaci\u00f3n. Aunque las fotos ayudan, sus historiales m\u00e9dicos, declaraciones de testigos y notas personales tambi\u00e9n son importantes. Comente su situaci\u00f3n con un&nbsp;<a href=\"https:\/\/www.myphillylawyer.com\/es\/\" target=\"_blank\" rel=\"noreferrer noopener\">abogado de lesiones personales<\/a>&nbsp;para ver qu\u00e9 otras pruebas podr\u00edan apoyar su caso.<\/p>\n\n\n\n<h2 class=\"wp-block-heading\" id=\"other-resources-about-slip-and-fall-accident-fundamentals\">Otros recursos sobre los fundamentos de los accidentes por resbalones y ca\u00eddas<\/h2>\n\n\n\n<ul class=\"wp-block-list\">\n<li><a href=\"https:\/\/www.myphillylawyer.com\/es\/areas-de-practica\/danos-personales\/responsabilidad-de-las-instalaciones\/resbalones-y-caidas\/prescripcion-de-las-reclamaciones-por-resbalones-y-caidas-en-pa\/\">Prescripci\u00f3n de las reclamaciones por resbalones y ca\u00eddas en PA<\/a><\/li>\n\n\n\n<li><strong>C\u00f3mo documentar pruebas tras un accidente por resbal\u00f3n y ca\u00edda<\/strong><\/li>\n\n\n\n<li><a href=\"https:\/\/www.myphillylawyer.com\/es\/areas-de-practica\/danos-personales\/responsabilidad-de-las-instalaciones\/resbalones-y-caidas\/tipos-de-lesiones-derivadas-de-accidentes-por-resbalones-y-caidas\/\">Tipos de lesiones derivadas de accidentes por resbalones y ca\u00eddas<\/a><\/li>\n\n\n\n<li><a href=\"https:\/\/www.myphillylawyer.com\/es\/areas-de-practica\/danos-personales\/responsabilidad-de-las-instalaciones\/resbalones-y-caidas\/causas-comunes-de-accidentes-por-resbalones-y-caidas-en-filadelfia\/\">Causas comunes de accidentes por resbalones y ca\u00eddas en Philadelphia<\/a><\/li>\n\n\n\n<li><a href=\"https:\/\/www.myphillylawyer.com\/es\/areas-de-practica\/danos-personales\/responsabilidad-de-las-instalaciones\/resbalones-y-caidas\/que-constituye-un-accidente-de-resbalon-y-caida-en-pennsylvania\/\">\u00bfQu\u00e9 constituye un accidente de resbal\u00f3n y ca\u00edda en Pennsylvania?<\/a><\/li>\n<\/ul>","protected":false},"excerpt":{"rendered":"<p>C\u00f3mo documentar pruebas despu\u00e9s de un accidente por resbal\u00f3n y ca\u00edda Los accidentes por resbal\u00f3n y ca\u00edda pueden convertir un d\u00eda normal en una lucha con dolor, confusi\u00f3n y muchas preguntas sobre qu\u00e9 hacer a continuaci\u00f3n. Si usted ha sido herido en un resbal\u00f3n y ca\u00edda en Philadelphia, saber c\u00f3mo documentar la evidencia es crucial. Registros claros y...<\/p>","protected":false},"author":14,"featured_media":0,"parent":7406,"menu_order":0,"comment_status":"closed","ping_status":"closed","template":"","meta":{"_acf_changed":false,"footnotes":""},"class_list":["post-14344","page","type-page","status-publish","hentry"],"acf":[],"jetpack_sharing_enabled":true,"_links":{"self":[{"href":"https:\/\/www.myphillylawyer.com\/es\/wp-json\/wp\/v2\/pages\/14344","targetHints":{"allow":["GET"]}}],"collection":[{"href":"https:\/\/www.myphillylawyer.com\/es\/wp-json\/wp\/v2\/pages"}],"about":[{"href":"https:\/\/www.myphillylawyer.com\/es\/wp-json\/wp\/v2\/types\/page"}],"author":[{"embeddable":true,"href":"https:\/\/www.myphillylawyer.com\/es\/wp-json\/wp\/v2\/users\/14"}],"replies":[{"embeddable":true,"href":"https:\/\/www.myphillylawyer.com\/es\/wp-json\/wp\/v2\/comments?post=14344"}],"version-history":[{"count":3,"href":"https:\/\/www.myphillylawyer.com\/es\/wp-json\/wp\/v2\/pages\/14344\/revisions"}],"predecessor-version":[{"id":14390,"href":"https:\/\/www.myphillylawyer.com\/es\/wp-json\/wp\/v2\/pages\/14344\/revisions\/14390"}],"up":[{"embeddable":true,"href":"https:\/\/www.myphillylawyer.com\/es\/wp-json\/wp\/v2\/pages\/7406"}],"wp:attachment":[{"href":"https:\/\/www.myphillylawyer.com\/es\/wp-json\/wp\/v2\/media?parent=14344"}],"curies":[{"name":"wp","href":"https:\/\/api.w.org\/{rel}","templated":true}]}}