{"id":14353,"date":"2025-10-23T10:07:11","date_gmt":"2025-10-23T15:07:11","guid":{"rendered":"https:\/\/www.myphillylawyer.com\/?page_id=14353"},"modified":"2025-10-23T10:12:22","modified_gmt":"2025-10-23T15:12:22","slug":"negligencia-comparativa-en-reclamaciones-por-resbalones-y-caidas-en-pa","status":"publish","type":"page","link":"https:\/\/www.myphillylawyer.com\/es\/areas-de-practica\/danos-personales\/responsabilidad-de-las-instalaciones\/resbalones-y-caidas\/negligencia-comparativa-en-reclamaciones-por-resbalones-y-caidas-en-pa\/","title":{"rendered":"Negligencia Comparativa en Reclamaciones por Resbalones y Ca\u00eddas en PA"},"content":{"rendered":"<h1 class=\"wp-block-heading\" id=\"comparative-negligence-in-pa-slip-and-fall-claims\">Negligencia Comparativa en Reclamaciones por Resbalones y Ca\u00eddas en PA<\/h1>\n\n\n\n<p>Si usted o un ser querido ha sufrido una lesi\u00f3n por resbal\u00f3n y ca\u00edda en Philadelphia, es posible que se pregunte c\u00f3mo la ley de Pensilvania afectar\u00e1 a su capacidad para recuperar los da\u00f1os. Una parte importante de la ley que hay que entender es la \"negligencia comparativa\". Este principio puede hacer o deshacer su reclamo, incluso si est\u00e1 seguro de que el due\u00f1o de la propiedad tuvo la culpa. Vamos a ver c\u00f3mo funciona la negligencia comparativa en casos de resbalones y ca\u00eddas y lo que significa para su capacidad de obtener una indemnizaci\u00f3n.<\/p>\n\n\n\n<div class=\"wp-block-rank-math-toc-block\" id=\"rank-math-toc\"><h2>\u00cdndice<\/h2><nav><ul><li><a href=\"#comparative-negligence-in-pa-slip-and-fall-claims\">Negligencia Comparativa en Reclamaciones por Resbalones y Ca\u00eddas en PA<\/a><ul><li><a href=\"#what-is-comparative-negligence\">\u00bfQu\u00e9 es la negligencia comparativa?<\/a><\/li><li><a href=\"#how-comparative-negligence-applies-to-slip-and-fall-cases\">C\u00f3mo se aplica la negligencia comparativa a los casos de resbalones y ca\u00eddas<\/a><\/li><li><a href=\"#examples-of-comparative-negligence-in-pennsylvania-slip-and-fall-claims\">Ejemplos de negligencia comparativa en reclamaciones por resbalones y ca\u00eddas en Pensilvania<\/a><\/li><li><a href=\"#the-importance-of-evidence-in-reducing-your-fault\">La importancia de las pruebas para reducir su culpa<\/a><\/li><li><a href=\"#how-a-slip-and-fall-lawyer-can-help-with-comparative-negligence-issues\">C\u00f3mo un abogado de resbalones y ca\u00eddas puede ayudar con cuestiones de negligencia comparativa<\/a><\/li><li><a href=\"#frequently-asked-questions-about-comparative-negligence-in-pa-slip-and-fall-claims\">Preguntas frecuentes acerca de la negligencia comparativa en PA resbal\u00f3n y ca\u00edda de las reclamaciones<\/a><\/li><li><a href=\"#other-resources-about-liability-legal-standards\">Otros recursos sobre responsabilidad y normas jur\u00eddicas<\/a><\/li><\/ul><\/li><\/ul><\/nav><\/div>\n\n\n\n<h2 class=\"wp-block-heading\" id=\"what-is-comparative-negligence\">\u00bfQu\u00e9 es la negligencia comparativa?<\/h2>\n\n\n\n<p>La negligencia comparativa es una norma jur\u00eddica utilizada en Pennsylvania que ayuda a determinar qui\u00e9n paga por las lesiones despu\u00e9s de un accidente, como un resbal\u00f3n y ca\u00edda. B\u00e1sicamente, examina las acciones de cada uno y decide en qu\u00e9 medida cada persona tuvo la culpa. Si usted resbal\u00f3 en un piso mojado en una tienda, por ejemplo, el tribunal podr\u00eda revisar si la tienda no puso se\u00f1ales de advertencia y si usted estaba prestando atenci\u00f3n a donde caminaba.<\/p>\n\n\n\n<p>En Pensilvania, si usted tiene parte de la culpa de su accidente, a\u00fan puede cobrar dinero por sus lesiones, pero no la cantidad total. El tribunal reducir\u00e1 su indemnizaci\u00f3n en funci\u00f3n de su porcentaje de culpa. Por ejemplo, si le declaran responsable en un 20% y sus da\u00f1os ascienden a $10.000, le corresponder\u00edan $8.000.<\/p>\n\n\n\n<p>Pero hay un l\u00edmite. Si usted tiene m\u00e1s de 50% de culpa, no puede recuperar nada. Esta norma hace que sea fundamental contar con un experto.&nbsp;<a href=\"https:\/\/www.myphillylawyer.com\/es\/areas-de-practica\/danos-personales\/responsabilidad-de-las-instalaciones\/resbalones-y-caidas\/\" target=\"_blank\" rel=\"noreferrer noopener\">Philadelphia resbal\u00f3n y ca\u00edda abogado<\/a>&nbsp;de su lado para luchar por sus derechos y mantener su porcentaje de culpa lo m\u00e1s bajo posible.<\/p>\n\n\n\n<h2 class=\"wp-block-heading\" id=\"how-comparative-negligence-applies-to-slip-and-fall-cases\">C\u00f3mo se aplica la negligencia comparativa a los casos de resbalones y ca\u00eddas<\/h2>\n\n\n\n<p>Cada accidente de resbal\u00f3n y ca\u00edda es diferente. Los hechos importan. Digamos que se resbal\u00f3 en las escaleras heladas de un edificio de apartamentos. Si el propietario nunca limpi\u00f3 el hielo o no us\u00f3 sal, eso es un golpe contra ellos. Pero si usted estaba mirando su tel\u00e9fono y no vio una clara se\u00f1al de advertencia, la culpa podr\u00eda ser compartida.<\/p>\n\n\n\n<p>El tribunal o la compa\u00f1\u00eda de seguros revisar\u00e1n pruebas como:<\/p>\n\n\n\n<ul class=\"wp-block-list\">\n<li>Im\u00e1genes o fotos de seguridad<\/li>\n\n\n\n<li>Declaraciones de testigos<\/li>\n\n\n\n<li>Registros de mantenimiento<\/li>\n\n\n\n<li>Sus propias acciones en el momento del accidente<\/li>\n<\/ul>\n\n\n\n<p>La negligencia comparativa entra en juego cuando ambas partes discuten sobre qui\u00e9n caus\u00f3 la ca\u00edda. Tal vez el propietario arregl\u00f3 el problema justo despu\u00e9s del accidente, o tal vez afirman que sus zapatos no eran seguros para el clima helado. Estos detalles marcan una gran diferencia en el resultado.<\/p>\n\n\n\n<p>Porque demostrar la culpa puede ser dif\u00edcil, trabajar con un&nbsp;<a href=\"https:\/\/www.myphillylawyer.com\/es\/\" target=\"_blank\" rel=\"noreferrer noopener\">abogado de lesiones personales<\/a>&nbsp;que entienda las leyes de propiedad Philadelphia puede ayudarle a construir un caso s\u00f3lido y a rebatir cualquier afirmaci\u00f3n de que usted tuvo la mayor parte de la culpa.<\/p>\n\n\n\n<h2 class=\"wp-block-heading\" id=\"examples-of-comparative-negligence-in-pennsylvania-slip-and-fall-claims\">Ejemplos de negligencia comparativa en reclamaciones por resbalones y ca\u00eddas en Pensilvania<\/h2>\n\n\n\n<p>Para ver c\u00f3mo funciona la negligencia comparativa en la vida real, considere estos ejemplos:<\/p>\n\n\n\n<ul class=\"wp-block-list\">\n<li><strong>Ejemplo 1:<\/strong>\u00a0Has resbalado con agua en un supermercado. El vertido se hab\u00eda producido horas antes y no hab\u00eda se\u00f1ales de advertencia. Pero ibas corriendo por el pasillo, no andando. El tribunal le considera culpable. A\u00fan puede reclamar da\u00f1os y perjuicios, pero la indemnizaci\u00f3n se reduce en 30%.<\/li>\n\n\n\n<li><strong>Ejemplo 2:<\/strong>\u00a0Te ca\u00edste sobre hielo fuera de un edificio de oficinas. El propietario hab\u00eda limpiado los caminos, pero la lluvia helada ha vuelto a aparecer. Te subiste a una valla para tomar un atajo. Como ignoraste un camino seguro, el tribunal puede decidir que eres 60% culpable. En este caso, no recibir\u00edas nada.<\/li>\n<\/ul>\n\n\n\n<p>Cada detalle cuenta. Por eso, consultar a un&nbsp;<a href=\"https:\/\/www.myphillylawyer.com\/es\/zonas-atendidas\/bensalem\/resbalon-y-caida-abogado\/\" target=\"_blank\" rel=\"noreferrer noopener\">resbal\u00f3n y ca\u00edda abogado<\/a>&nbsp;es crucial. Su abogado investigar\u00e1, reunir\u00e1 pruebas y presentar\u00e1 su versi\u00f3n con claridad para reducir al m\u00e1ximo su porcentaje de culpa.<\/p>\n\n\n\n<h2 class=\"wp-block-heading\" id=\"the-importance-of-evidence-in-reducing-your-fault\">La importancia de las pruebas para reducir su culpa<\/h2>\n\n\n\n<p>Cuando se trata de negligencia comparativa, las pruebas son fundamentales. Ya sea ante una compa\u00f1\u00eda de seguros o ante un tribunal, lo que pueda demostrar es m\u00e1s importante que lo que usted diga que ocurri\u00f3. Las fotos del lugar del accidente, las grabaciones de v\u00eddeo, los registros de mantenimiento e incluso tu ropa o calzado en el momento de la ca\u00edda pueden ser de gran ayuda.<\/p>\n\n\n\n<p>Si te has ca\u00eddo en un lugar p\u00fablico, informa inmediatamente de la lesi\u00f3n. Consigue una copia del informe del incidente. Haz fotos del lugar de los hechos, mostrando lo que caus\u00f3 la ca\u00edda. Pide a los testigos que escriban lo que vieron. Cuantas m\u00e1s pruebas tenga, m\u00e1s f\u00e1cil le resultar\u00e1 a su&nbsp;<a href=\"https:\/\/www.myphillylawyer.com\/es\/zonas-atendidas\/jenkintown\/resbalon-y-caida-abogado\/\" target=\"_blank\" rel=\"noreferrer noopener\">resbal\u00f3n y ca\u00edda abogado de lesiones<\/a>&nbsp;para luchar contra las afirmaciones de que usted tuvo la mayor parte de la culpa.<\/p>\n\n\n\n<p>Adem\u00e1s, sea claro con sus m\u00e9dicos sobre c\u00f3mo se lesion\u00f3. Tu historial m\u00e9dico puede respaldar tu versi\u00f3n de los hechos si el propietario intenta culparte.<\/p>\n\n\n\n<h2 class=\"wp-block-heading\" id=\"how-a-slip-and-fall-lawyer-can-help-with-comparative-negligence-issues\">C\u00f3mo un abogado de resbalones y ca\u00eddas puede ayudar con cuestiones de negligencia comparativa<\/h2>\n\n\n\n<p>Enfrentarse a la negligencia comparativa es complicado, especialmente cuando los peritos de seguros intentan culparle a usted de todo o casi todo. Contar con un experto&nbsp;<a href=\"https:\/\/www.myphillylawyer.com\/es\/areas-de-practica\/danos-personales\/responsabilidad-de-las-instalaciones\/resbalones-y-caidas\/\" target=\"_blank\" rel=\"noreferrer noopener\">abogado de resbalones y ca\u00eddas en Philadelphia<\/a>&nbsp;en su equipo puede marcar una gran diferencia.<\/p>\n\n\n\n<p>Un buen abogado lo har\u00e1:<\/p>\n\n\n\n<ul class=\"wp-block-list\">\n<li>Entrevistar a testigos y reunir pruebas<\/li>\n\n\n\n<li>Revisar los registros de mantenimiento y las reclamaciones anteriores<\/li>\n\n\n\n<li>Contratar peritos para inspeccionar el lugar del accidente<\/li>\n\n\n\n<li>Negociar con las compa\u00f1\u00edas de seguros y rechazar la culpa injusta<\/li>\n\n\n\n<li>Llevar su caso a los tribunales si es necesario<\/li>\n<\/ul>\n\n\n\n<p>Su abogado le explicar\u00e1 sus opciones, proteger\u00e1 sus derechos y trabajar\u00e1 para que su parte de culpa sea la menor posible. De esa manera, usted tiene la mejor oportunidad de recoger lo que se merece por sus lesiones, tiempo fuera del trabajo, y el dolor y el sufrimiento. Si tiene alguna pregunta sobre su caso, no espere m\u00e1s y p\u00f3ngase en contacto con un abogado.&nbsp;<a href=\"https:\/\/www.myphillylawyer.com\/es\/zonas-atendidas\/wayne\/resbalon-y-caida-abogado\/\" target=\"_blank\" rel=\"noreferrer noopener\">resbal\u00f3n y ca\u00edda abogado de lesiones<\/a>&nbsp;para una consulta gratuita.<\/p>\n\n\n\n<h2 class=\"wp-block-heading\" id=\"frequently-asked-questions-about-comparative-negligence-in-pa-slip-and-fall-claims\">Preguntas frecuentes acerca de la negligencia comparativa en PA resbal\u00f3n y ca\u00edda de las reclamaciones<\/h2>\n\n\n\n<p><strong>\u00bfC\u00f3mo afecta la negligencia comparativa a mi demanda por resbal\u00f3n y ca\u00edda en Philadelphia?<\/strong><br>Negligencia comparativa significa que tu indemnizaci\u00f3n puede verse reducida si tuviste parte de culpa en el accidente. Si tu responsabilidad es inferior a 51%, puedes reclamar da\u00f1os y perjuicios, pero tu indemnizaci\u00f3n se reducir\u00e1 en funci\u00f3n de tu parte de culpa. Si tienes m\u00e1s de 50% de culpa, no podr\u00e1s cobrar nada.<\/p>\n\n\n\n<p><strong>\u00bfQu\u00e9 pruebas necesito para demostrar que el propietario tuvo m\u00e1s culpa?<\/strong><br>Re\u00fana todas las pruebas posibles: fotos del lugar de los hechos, datos de contacto de los testigos, informes del incidente y su historial m\u00e9dico. A&nbsp;<a href=\"https:\/\/www.myphillylawyer.com\/es\/zonas-atendidas\/arboleda-de-sauces\/resbalon-y-caida-abogado\/\" target=\"_blank\" rel=\"noreferrer noopener\">resbal\u00f3n y ca\u00edda abogado<\/a>&nbsp;puede ayudar a reunir y organizar estas pruebas para demostrar la responsabilidad del propietario.<\/p>\n\n\n\n<p><strong>\u00bfPuedo ganar mi caso de resbal\u00f3n y ca\u00edda si tuve parte de culpa?<\/strong><br>S\u00ed, siempre que su responsabilidad no supere el 50%. Su indemnizaci\u00f3n se reducir\u00e1 en funci\u00f3n de su porcentaje de culpa. Un abogado&nbsp;<a href=\"https:\/\/www.myphillylawyer.com\/es\/\" target=\"_blank\" rel=\"noreferrer noopener\">Philadelphia abogado de lesiones personales<\/a>&nbsp;puede ayudarle a minimizar su parte de culpa y maximizar su recuperaci\u00f3n.<\/p>\n\n\n\n<p><strong>\u00bfDebo hablar con la compa\u00f1\u00eda de seguros sobre mi culpa tras un resbal\u00f3n y ca\u00edda?<\/strong><br>Tenga cuidado con lo que dice. Las compa\u00f1\u00edas de seguros suelen intentar utilizar sus palabras en su contra. Antes de declarar, hable con un&nbsp;<a href=\"https:\/\/www.myphillylawyer.com\/es\/areas-de-practica\/danos-personales\/responsabilidad-de-las-instalaciones\/resbalones-y-caidas\/\" target=\"_blank\" rel=\"noreferrer noopener\">Philadelphia resbal\u00f3n y ca\u00edda abogado<\/a>&nbsp;para obtener asesoramiento. Esto puede proteger sus derechos y ayudarle a obtener una indemnizaci\u00f3n justa.<\/p>\n\n\n\n<h2 class=\"wp-block-heading\" id=\"other-resources-about-liability-legal-standards\">Otros recursos sobre responsabilidad y normas jur\u00eddicas<\/h2>\n\n\n\n<ul class=\"wp-block-list\">\n<li><a href=\"https:\/\/www.myphillylawyer.com\/es\/areas-de-practica\/danos-personales\/responsabilidad-de-las-instalaciones\/resbalones-y-caidas\/establecer-la-notificacion-en-casos-de-resbalones-y-caidas\/\">Notificaci\u00f3n en casos de resbalones y ca\u00eddas<\/a><\/li>\n\n\n\n<li><a href=\"https:\/\/www.myphillylawyer.com\/es\/areas-de-practica\/danos-personales\/responsabilidad-de-las-instalaciones\/resbalones-y-caidas\/entender-la-responsabilidad-de-los-locales-segun-la-ley-de-pennsylvania\/\">Comprensi\u00f3n de la responsabilidad de los locales bajo la ley de Pennsylvania<\/a><\/li>\n\n\n\n<li><strong>Negligencia Comparativa en Reclamaciones por Resbalones y Ca\u00eddas en PA<\/strong><\/li>\n\n\n\n<li><a href=\"https:\/\/www.myphillylawyer.com\/es\/areas-de-practica\/danos-personales\/responsabilidad-de-las-instalaciones\/resbalones-y-caidas\/deber-de-cuidado-responsabilidades-de-los-propietarios-en-filadelfia\/\">Deber de diligencia: Responsabilidades de los propietarios en Philadelphia<\/a><\/li>\n\n\n\n<li><a href=\"https:\/\/www.myphillylawyer.com\/es\/areas-de-practica\/danos-personales\/responsabilidad-de-las-instalaciones\/resbalones-y-caidas\/probar-la-negligencia-en-casos-de-resbalones-y-caidas-en-pennsylvania\/\">C\u00f3mo probar la negligencia en casos de resbalones y ca\u00eddas en Pensilvania<\/a><\/li>\n<\/ul>","protected":false},"excerpt":{"rendered":"<p>Negligencia Comparativa en Reclamaciones por Resbalones y Ca\u00eddas en Pensilvania Si usted o un ser querido ha sufrido una lesi\u00f3n por resbal\u00f3n y ca\u00edda en Philadelphia, puede que se est\u00e9 preguntando c\u00f3mo afectar\u00e1 la ley de Pensilvania a su capacidad para recuperar los da\u00f1os. Una parte importante de la ley para entender es la \"negligencia comparativa\". Este principio puede hacer o deshacer su...<\/p>","protected":false},"author":14,"featured_media":0,"parent":7406,"menu_order":0,"comment_status":"closed","ping_status":"closed","template":"","meta":{"_acf_changed":false,"jetpack_post_was_ever_published":false,"footnotes":""},"class_list":["post-14353","page","type-page","status-publish","hentry"],"acf":[],"jetpack_sharing_enabled":true,"_links":{"self":[{"href":"https:\/\/www.myphillylawyer.com\/es\/wp-json\/wp\/v2\/pages\/14353","targetHints":{"allow":["GET"]}}],"collection":[{"href":"https:\/\/www.myphillylawyer.com\/es\/wp-json\/wp\/v2\/pages"}],"about":[{"href":"https:\/\/www.myphillylawyer.com\/es\/wp-json\/wp\/v2\/types\/page"}],"author":[{"embeddable":true,"href":"https:\/\/www.myphillylawyer.com\/es\/wp-json\/wp\/v2\/users\/14"}],"replies":[{"embeddable":true,"href":"https:\/\/www.myphillylawyer.com\/es\/wp-json\/wp\/v2\/comments?post=14353"}],"version-history":[{"count":2,"href":"https:\/\/www.myphillylawyer.com\/es\/wp-json\/wp\/v2\/pages\/14353\/revisions"}],"predecessor-version":[{"id":14407,"href":"https:\/\/www.myphillylawyer.com\/es\/wp-json\/wp\/v2\/pages\/14353\/revisions\/14407"}],"up":[{"embeddable":true,"href":"https:\/\/www.myphillylawyer.com\/es\/wp-json\/wp\/v2\/pages\/7406"}],"wp:attachment":[{"href":"https:\/\/www.myphillylawyer.com\/es\/wp-json\/wp\/v2\/media?parent=14353"}],"curies":[{"name":"wp","href":"https:\/\/api.w.org\/{rel}","templated":true}]}}