{"id":144,"date":"2016-11-01T16:53:37","date_gmt":"2016-11-01T21:53:37","guid":{"rendered":"http:\/\/myphillylawyer.adviadev.com\/?page_id=144"},"modified":"2024-05-01T11:30:53","modified_gmt":"2024-05-01T16:30:53","slug":"errores-de-anestesia-coma","status":"publish","type":"page","link":"https:\/\/www.myphillylawyer.com\/es\/areas-de-practica\/errores-quirurgicos\/errores-de-anestesia-coma\/","title":{"rendered":"Philadelphia Error de anestesia y abogado del coma"},"content":{"rendered":"<h1 class=\"wp-block-heading\">Philadelphia Error de anestesia y abogado del coma<\/h1>\n\n\n\n<h4 class=\"wp-block-heading\">Informaci\u00f3n sobre errores del anestesista<\/h4>\n\n\n\n<p>La administraci\u00f3n y el control adecuados de la anestesia durante una intervenci\u00f3n quir\u00fargica son vitales para salvar vidas. Los anestesistas y enfermeras anestesistas reciben una formaci\u00f3n especializada que les capacita para hacer frente a las complicaciones que surgen de vez en cuando. Cuando entramos en quir\u00f3fano, estamos poniendo literalmente nuestras vidas en manos de estos valiosos profesionales de la medicina.<\/p>\n\n\n\n<p>Por desgracia, las negligencias y los errores ocurren, y los resultados pueden destrozar vidas. No realizar las pruebas adecuadas puede provocar un shock anafil\u00e1ctico u otra reacci\u00f3n al\u00e9rgica, que a veces puede desembocar en coma, estado vegetativo persistente (EVP) o incluso la muerte.<\/p>\n\n\n\n<p>Si un ser querido muri\u00f3 o result\u00f3 gravemente da\u00f1ado por un m\u00e9dico o anestesista negligente, p\u00f3ngase en contacto con MyPhillyLawyer hoy mismo. Nuestro <a href=\"https:\/\/www.myphillylawyer.com\/es\/\">Philadelphia abogados negligencia m\u00e9dica<\/a> son expertos en el manejo de casos de error de anestesia. Llame al 215-227-2727.<\/p>\n\n\n\n<h4 class=\"wp-block-heading\">Causas y resultados de las negligencias en anestesia<\/h4>\n\n\n\n<p>Los errores de dosificaci\u00f3n, especialmente la sobredosis de f\u00e1rmacos anest\u00e9sicos, son la causa m\u00e1s evidente de lesiones graves o <a href=\"https:\/\/www.myphillylawyer.com\/es\/areas-de-practica\/danos-personales\/lesiones-graves\/muerte-por-negligencia\/\">muerte por negligencia<\/a> en un caso de mala praxis o negligencia anest\u00e9sica. Las notas, instrucciones y recetas mal le\u00eddas, y el hecho de no mantener una comunicaci\u00f3n clara entre los miembros de un equipo quir\u00fargico pueden causar todo tipo de errores de medicaci\u00f3n.<\/p>\n\n\n\n<p>Los procedimientos mal realizados, como la intubaci\u00f3n (a menudo realizada por el anestesista), pueden da\u00f1ar permanentemente las v\u00edas respiratorias o causar lesiones hip\u00f3xicas graves en el cerebro. Los anestesistas inexpertos tambi\u00e9n pueden causar da\u00f1os en las venas, los m\u00fasculos o la m\u00e9dula espinal al insertar un goteo intravenoso o realizar una epidural. No vigilar el equipo ni activar las alarmas tambi\u00e9n puede provocar lesiones, coma o la muerte.<\/p>\n\n\n\n<p>Aparte de un error por negligencia o incompetencia, hay otra causa importante de mala praxis en la anestesia. Es un hecho desafortunado que los anestesi\u00f3logos sufran a veces de adicci\u00f3n a las drogas, lo que les hace menos capaces de desempe\u00f1ar sus funciones. Cuando un hospital sabe que uno de los miembros de su personal tiene un problema y no act\u00faa adecuadamente para proteger a los pacientes de posibles da\u00f1os, una demanda por negligencia puede ser una forma eficaz de exigir cuentas a los responsables.<\/p>\n\n\n\n<h2 class=\"wp-block-heading\">Llame a los abogados especializados en errores de anestesia Philly que luchar\u00e1n por usted. Llame al 215-227-2727.<\/h2>\n\n\n\n<p>En MyPhillyLawyer tomaremos todas las medidas necesarias para descubrir la causa de su sufrimiento y hacer que los responsables respondan de su negligencia. A menudo trabajamos con expertos m\u00e9dicos y otros especialistas que pueden testificar a su favor, fortaleciendo su reclamaci\u00f3n. Puede contar con nosotros para que le proporcionemos la representaci\u00f3n agresiva que necesita para obtener una indemnizaci\u00f3n completa y justa.<\/p>\n\n\n\n<p>Para programar una consulta inicial gratuita con un abogado con experiencia en casos de negligencia en anestesia, <a href=\"\/es\/pongase-en-contacto-con\/\">contacte con nuestras oficinas<\/a> en Philadelphia hoy mismo. Estamos orgullosos de estar del lado de las v\u00edctimas de negligencia de anestesia en toda Pennsylvania.<\/p>","protected":false},"excerpt":{"rendered":"<p>Philadelphia Error de anestesia y coma Abogado Informaci\u00f3n sobre errores del anestesista La administraci\u00f3n y supervisi\u00f3n adecuadas de la anestesia durante una intervenci\u00f3n quir\u00fargica es una parte vital para salvar vidas. Los anestesi\u00f3logos y las enfermeras anestesistas reciben una formaci\u00f3n especializada que les capacita para hacer frente a las complicaciones que surgen de vez en cuando. Cuando entramos en quir\u00f3fano, estamos poniendo literalmente...<\/p>","protected":false},"author":9,"featured_media":11009,"parent":142,"menu_order":0,"comment_status":"closed","ping_status":"closed","template":"","meta":{"_acf_changed":false,"jetpack_post_was_ever_published":false,"footnotes":""},"class_list":["post-144","page","type-page","status-publish","has-post-thumbnail","hentry"],"acf":[],"jetpack_sharing_enabled":true,"_links":{"self":[{"href":"https:\/\/www.myphillylawyer.com\/es\/wp-json\/wp\/v2\/pages\/144","targetHints":{"allow":["GET"]}}],"collection":[{"href":"https:\/\/www.myphillylawyer.com\/es\/wp-json\/wp\/v2\/pages"}],"about":[{"href":"https:\/\/www.myphillylawyer.com\/es\/wp-json\/wp\/v2\/types\/page"}],"author":[{"embeddable":true,"href":"https:\/\/www.myphillylawyer.com\/es\/wp-json\/wp\/v2\/users\/9"}],"replies":[{"embeddable":true,"href":"https:\/\/www.myphillylawyer.com\/es\/wp-json\/wp\/v2\/comments?post=144"}],"version-history":[{"count":5,"href":"https:\/\/www.myphillylawyer.com\/es\/wp-json\/wp\/v2\/pages\/144\/revisions"}],"predecessor-version":[{"id":11729,"href":"https:\/\/www.myphillylawyer.com\/es\/wp-json\/wp\/v2\/pages\/144\/revisions\/11729"}],"up":[{"embeddable":true,"href":"https:\/\/www.myphillylawyer.com\/es\/wp-json\/wp\/v2\/pages\/142"}],"wp:featuredmedia":[{"embeddable":true,"href":"https:\/\/www.myphillylawyer.com\/es\/wp-json\/wp\/v2\/media\/11009"}],"wp:attachment":[{"href":"https:\/\/www.myphillylawyer.com\/es\/wp-json\/wp\/v2\/media?parent=144"}],"curies":[{"name":"wp","href":"https:\/\/api.w.org\/{rel}","templated":true}]}}