{"id":14465,"date":"2025-10-23T12:20:05","date_gmt":"2025-10-23T17:20:05","guid":{"rendered":"https:\/\/www.myphillylawyer.com\/?page_id=14465"},"modified":"2025-10-23T12:32:49","modified_gmt":"2025-10-23T17:32:49","slug":"calculo-de-los-danos-morales-en-las-demandas-por-resbalones-y-caidas","status":"publish","type":"page","link":"https:\/\/www.myphillylawyer.com\/es\/areas-de-practica\/danos-personales\/responsabilidad-de-las-instalaciones\/resbalones-y-caidas\/calculo-de-los-danos-morales-en-las-demandas-por-resbalones-y-caidas\/","title":{"rendered":"C\u00e1lculo de da\u00f1os y perjuicios en demandas por resbalones y ca\u00eddas"},"content":{"rendered":"<h1 class=\"wp-block-heading\" id=\"calculating-pain-and-suffering-damages-in-slip-and-fall-lawsuits\">C\u00e1lculo de da\u00f1os y perjuicios en demandas por resbalones y ca\u00eddas<\/h1>\n\n\n\n<p>El dolor y el sufrimiento se refieren a los da\u00f1os no econ\u00f3micos que usted experimenta despu\u00e9s de un resbal\u00f3n y ca\u00edda. Incluye el dolor f\u00edsico causado por lesiones como fracturas \u00f3seas, esguinces o traumatismos craneoencef\u00e1licos. Pero tambi\u00e9n cubre los efectos emocionales, como ansiedad, depresi\u00f3n o verg\u00fcenza causados por sus lesiones. Por ejemplo, si se rompi\u00f3 una pierna en una ca\u00edda y ahora no puede llevar a sus hijos al colegio o practicar su deporte favorito, esa p\u00e9rdida de disfrute forma parte de su dolor y sufrimiento.<\/p>\n\n\n\n<p>La ley en Pensilvania reconoce tanto el dolor y el sufrimiento actual como el futuro. Esto significa que usted puede pedir da\u00f1os y perjuicios por c\u00f3mo se siente ahora y por los problemas en curso que pueda enfrentar. Si su lesi\u00f3n es permanente y usted tendr\u00e1 dolor o malestar durante a\u00f1os, que puede aumentar su compensaci\u00f3n. Un abogado&nbsp;<a href=\"https:\/\/www.myphillylawyer.com\/es\/zonas-atendidas\/bensalem\/resbalon-y-caida-abogado\/\" target=\"_blank\" rel=\"noreferrer noopener\">resbal\u00f3n y ca\u00edda abogado<\/a>&nbsp;puede ayudarle a demostrar el verdadero alcance de su sufrimiento, a menudo utilizando historiales m\u00e9dicos, diarios personales, declaraciones de testigos y testimonios de expertos.<\/p>\n\n\n\n<div class=\"wp-block-rank-math-toc-block\" id=\"rank-math-toc\"><h2>\u00cdndice<\/h2><nav><ul><li><a href=\"#calculating-pain-and-suffering-damages-in-slip-and-fall-lawsuits\">C\u00e1lculo de da\u00f1os y perjuicios en demandas por resbalones y ca\u00eddas<\/a><ul><li><a href=\"#how-do-courts-and-insurance-companies-calculate-pain-and-suffering\">\u00bfC\u00f3mo calculan el da\u00f1o moral los tribunales y las compa\u00f1\u00edas de seguros?<\/a><\/li><li><a href=\"#factors-that-affect-the-value-of-pain-and-suffering-damages\">Factores que influyen en el valor de la indemnizaci\u00f3n por da\u00f1o moral<\/a><\/li><li><a href=\"#the-role-of-insurance-companies-and-the-importance-of-legal-help\">El papel de las compa\u00f1\u00edas de seguros y la importancia de la asistencia jur\u00eddica<\/a><\/li><li><a href=\"#frequently-asked-questions-about-calculating-pain-and-suffering-damages-in-slip-and-fall-lawsuits\">Preguntas frecuentes sobre el c\u00e1lculo de da\u00f1os y perjuicios en demandas por resbalones y ca\u00eddas<\/a><\/li><li><a href=\"#other-resources-about-compensation-damages\">Otros recursos sobre indemnizaci\u00f3n y da\u00f1os y perjuicios<\/a><\/li><\/ul><\/li><\/ul><\/nav><\/div>\n\n\n\n<h2 class=\"wp-block-heading\" id=\"how-do-courts-and-insurance-companies-calculate-pain-and-suffering\">\u00bfC\u00f3mo calculan el da\u00f1o moral los tribunales y las compa\u00f1\u00edas de seguros?<\/h2>\n\n\n\n<p>No existe una f\u00f3rmula estricta para calcular el valor en d\u00f3lares del dolor y el sufrimiento en un caso de resbal\u00f3n y ca\u00edda. Los tribunales y los peritos de seguros suelen utilizar dos m\u00e9todos comunes: el m\u00e9todo del multiplicador y el m\u00e9todo de las dietas.<\/p>\n\n\n\n<p>El m\u00e9todo del multiplicador toma sus da\u00f1os econ\u00f3micos reales (como facturas m\u00e9dicas y salarios perdidos) y los multiplica por un n\u00famero, normalmente entre 1,5 y 5. Cuanto m\u00e1s graves y duraderas sean sus lesiones, mayor ser\u00e1 el multiplicador. Cuanto m\u00e1s graves y duraderas sean las lesiones, mayor ser\u00e1 el multiplicador. El m\u00e9todo per diem asigna una cantidad diaria a tu dolor y la multiplica por el n\u00famero de d\u00edas que has sufrido.<\/p>\n\n\n\n<p>Por ejemplo, si tienes $10.000 en facturas m\u00e9dicas por una fractura de cadera y tu dolor dura tres meses, un perito podr\u00eda aplicar un multiplicador de 3, estimando el da\u00f1o moral en $30.000. O podr\u00eda utilizar el m\u00e9todo de las dietas y asignar $200 por d\u00eda durante 90 d\u00edas por un total de $18.000. O podr\u00eda utilizar el m\u00e9todo de las dietas y asignar $200 al d\u00eda durante 90 d\u00edas, lo que totalizar\u00eda $18.000. Por supuesto, cada caso es diferente. Por supuesto, cada caso es diferente, y un&nbsp;<a href=\"https:\/\/www.myphillylawyer.com\/es\/zonas-atendidas\/jenkintown\/resbalon-y-caida-abogado\/\" target=\"_blank\" rel=\"noreferrer noopener\">resbal\u00f3n y ca\u00edda abogado<\/a>&nbsp;reunir\u00e1 pruebas que respalden el mayor valor posible para su reclamaci\u00f3n.<\/p>\n\n\n\n<h2 class=\"wp-block-heading\" id=\"factors-that-affect-the-value-of-pain-and-suffering-damages\">Factores que influyen en el valor de la indemnizaci\u00f3n por da\u00f1o moral<\/h2>\n\n\n\n<p>Hay muchos factores que influyen en la cantidad que puede recibir por da\u00f1os morales en una demanda por resbal\u00f3n y ca\u00edda. Algunos de los factores m\u00e1s importantes incluyen:<\/p>\n\n\n\n<ul class=\"wp-block-list\">\n<li><strong>Gravedad de la lesi\u00f3n:<\/strong>\u00a0Las lesiones m\u00e1s graves con efectos duraderos suelen dar lugar a indemnizaciones m\u00e1s elevadas.<\/li>\n\n\n\n<li><strong>Duraci\u00f3n de la recuperaci\u00f3n:<\/strong>\u00a0Si necesita meses de rehabilitaci\u00f3n o cirug\u00eda, es probable que la indemnizaci\u00f3n por da\u00f1os y perjuicios sea mayor que en el caso de esguinces o contusiones leves.<\/li>\n\n\n\n<li><strong>Impacto en la vida cotidiana:<\/strong>\u00a0Si su lesi\u00f3n le impide trabajar, cuidar de su familia o disfrutar de sus aficiones, esto se suma a su reclamaci\u00f3n.<\/li>\n\n\n\n<li><strong>Trauma emocional y psicol\u00f3gico:<\/strong>\u00a0La ansiedad, la depresi\u00f3n o el trastorno de estr\u00e9s postraum\u00e1tico tras el accidente pueden estar incluidos.<\/li>\n\n\n\n<li><strong>Pruebas m\u00e9dicas:<\/strong>\u00a0Los historiales detallados de m\u00e9dicos y terapeutas ayudan a demostrar su dolor.<\/li>\n\n\n\n<li><strong>Credibilidad:<\/strong>\u00a0Las declaraciones sinceras y coherentes suyas y de sus allegados refuerzan su caso.<\/li>\n<\/ul>\n\n\n\n<p>Cada historia es \u00fanica. Por eso trabajar con un&nbsp;<a href=\"https:\/\/www.myphillylawyer.com\/es\/zonas-atendidas\/wayne\/resbalon-y-caida-abogado\/\" target=\"_blank\" rel=\"noreferrer noopener\">resbal\u00f3n y ca\u00edda abogado de lesiones<\/a>&nbsp;saben c\u00f3mo construir un caso s\u00f3lido basado en sus circunstancias espec\u00edficas.<\/p>\n\n\n\n<h2 class=\"wp-block-heading\" id=\"the-role-of-insurance-companies-and-the-importance-of-legal-help\">El papel de las compa\u00f1\u00edas de seguros y la importancia de la asistencia jur\u00eddica<\/h2>\n\n\n\n<p>Las compa\u00f1\u00edas de seguros tratan de resolver las reclamaciones por resbalones y ca\u00eddas r\u00e1pidamente y, a menudo, por menos de lo que usted se merece. Los peritos pueden restar importancia a su dolor o argumentar que sus lesiones no son tan graves como usted afirma. Tambi\u00e9n pueden utilizar sus propias palabras en su contra si usted da una declaraci\u00f3n grabada. Aqu\u00ed es donde tener un&nbsp;<a href=\"https:\/\/www.myphillylawyer.com\/es\/zonas-atendidas\/arboleda-de-sauces\/resbalon-y-caida-abogado\/\" target=\"_blank\" rel=\"noreferrer noopener\">resbal\u00f3n y ca\u00edda abogado de lesiones<\/a>&nbsp;de su lado es vital.<\/p>\n\n\n\n<p>Un abogado puede hablar con la compa\u00f1\u00eda de seguros por usted, reunir todas las pruebas necesarias y asegurarse de que su dolor y sufrimiento est\u00e1n plenamente documentados. Si la aseguradora no le ofrece una indemnizaci\u00f3n justa, su abogado puede llevar su caso a los tribunales y mostrar a un jurado el impacto real que su lesi\u00f3n ha tenido en su vida. Con un profesional del Derecho que le gu\u00ede, es m\u00e1s probable que obtenga una indemnizaci\u00f3n que cubra realmente su dolor, tanto ahora como en el futuro.<\/p>\n\n\n\n<h2 class=\"wp-block-heading\" id=\"frequently-asked-questions-about-calculating-pain-and-suffering-damages-in-slip-and-fall-lawsuits\">Preguntas frecuentes sobre el c\u00e1lculo de da\u00f1os y perjuicios en demandas por resbalones y ca\u00eddas<\/h2>\n\n\n\n<p><strong>\u00bfC\u00f3mo se prueban los da\u00f1os morales en un caso de resbal\u00f3n y ca\u00edda Philadelphia?<\/strong><br>Para demostrar el dolor y el sufrimiento, necesita algo m\u00e1s que su palabra. Los historiales m\u00e9dicos que muestren sus lesiones, las fotos de su recuperaci\u00f3n, los diarios que describan su dolor y las declaraciones de amigos o familiares son de gran ayuda. A&nbsp;<a href=\"https:\/\/www.myphillylawyer.com\/es\/\" target=\"_blank\" rel=\"noreferrer noopener\">Philadelphia abogado de lesiones personales<\/a>&nbsp;puede ayudar a reunir estos materiales y presentarlos con claridad.<\/p>\n\n\n\n<p><strong>\u00bfPuedo reclamar da\u00f1os morales si mis lesiones son leves?<\/strong><br>S\u00ed, puede reclamar da\u00f1os morales por cualquier lesi\u00f3n, pero la cuant\u00eda puede ser menor en el caso de lesiones leves. Cuanto m\u00e1s te perturbe la vida la lesi\u00f3n o m\u00e1s te dure el dolor, mayor ser\u00e1 la indemnizaci\u00f3n.<\/p>\n\n\n\n<p><strong>\u00bfLimita Pennsylvania cu\u00e1nto puedo recuperar por el dolor y el sufrimiento?<\/strong><br>En la mayor\u00eda de las demandas por resbalones y ca\u00eddas contra propietarios privados, no hay l\u00edmite para la indemnizaci\u00f3n por da\u00f1os y perjuicios. Sin embargo, si la ca\u00edda se produjo en una propiedad p\u00fablica o en un organismo p\u00fablico, pueden aplicarse l\u00edmites espec\u00edficos. Un abogado&nbsp;<a href=\"https:\/\/www.myphillylawyer.com\/es\/areas-de-practica\/danos-personales\/responsabilidad-de-las-instalaciones\/resbalones-y-caidas\/\" target=\"_blank\" rel=\"noreferrer noopener\">Philadelphia resbal\u00f3n y ca\u00edda abogado<\/a>&nbsp;conocer\u00e1 las normas aplicables a su caso.<\/p>\n\n\n\n<p><strong>\u00bfPor qu\u00e9 deber\u00eda contratar a un abogado de resbalones y ca\u00eddas en Philadelphia para mi caso?<\/strong><br>Un abogado local conoce la ley de Pensilvania y c\u00f3mo los tribunales locales manejan las reclamaciones por resbalones y ca\u00eddas. Ellos pueden ayudarle a evitar errores, luchar contra las t\u00e1cticas de la compa\u00f1\u00eda de seguros, y maximizar su recuperaci\u00f3n. Para proteger sus derechos y construir un caso fuerte, llegar a un&nbsp;<a href=\"https:\/\/www.myphillylawyer.com\/es\/areas-de-practica\/danos-personales\/responsabilidad-de-las-instalaciones\/resbalones-y-caidas\/\" target=\"_blank\" rel=\"noreferrer noopener\">abogado de resbalones y ca\u00eddas en Philadelphia<\/a>&nbsp;lo antes posible tras el accidente.<\/p>\n\n\n\n<h2 class=\"wp-block-heading\" id=\"other-resources-about-compensation-damages\">Otros recursos sobre indemnizaci\u00f3n y da\u00f1os y perjuicios<\/h2>\n\n\n\n<ul class=\"wp-block-list\">\n<li><a href=\"https:\/\/www.myphillylawyer.com\/es\/areas-de-practica\/danos-personales\/responsabilidad-de-las-instalaciones\/resbalones-y-caidas\/danos-punitivos-cuando-se-conceden-en-pa\/\">Da\u00f1os punitivos: \u00bfCu\u00e1ndo se conceden en PA?<\/a><\/li>\n\n\n\n<li><a href=\"https:\/\/www.myphillylawyer.com\/es\/areas-de-practica\/danos-personales\/responsabilidad-de-las-instalaciones\/resbalones-y-caidas\/facturas-medicas-y-cuidados-a-largo-plazo\/\">Facturas m\u00e9dicas y cuidados de larga duraci\u00f3n<\/a><\/li>\n\n\n\n<li><a href=\"https:\/\/www.myphillylawyer.com\/es\/areas-de-practica\/danos-personales\/responsabilidad-de-las-instalaciones\/resbalones-y-caidas\/perdida-de-salario-y-de-capacidad-laboral-tras-una-caida\/\">P\u00e9rdida de salario y de capacidad laboral tras una ca\u00edda<\/a><\/li>\n\n\n\n<li><strong>C\u00e1lculo de da\u00f1os y perjuicios en demandas por resbalones y ca\u00eddas<\/strong><\/li>\n\n\n\n<li><a href=\"https:\/\/www.myphillylawyer.com\/es\/areas-de-practica\/danos-personales\/responsabilidad-de-las-instalaciones\/resbalones-y-caidas\/tipos-de-indemnizacion-disponibles-en-casos-de-resbalones-y-caidas\/\">Tipos de indemnizaci\u00f3n disponibles en casos de resbalones y ca\u00eddas<\/a><\/li>\n<\/ul>","protected":false},"excerpt":{"rendered":"<p>C\u00e1lculo de los da\u00f1os por dolor y sufrimiento en demandas por resbalones y ca\u00eddas El dolor y el sufrimiento se refieren a los da\u00f1os no econ\u00f3micos que se experimentan despu\u00e9s de un resbal\u00f3n y una ca\u00edda. Esto incluye el dolor f\u00edsico causado por lesiones como fracturas \u00f3seas, esguinces o traumatismos craneales. Pero tambi\u00e9n abarca los efectos emocionales, como la ansiedad, la depresi\u00f3n o la verg\u00fcenza causadas por las lesiones. Para...<\/p>","protected":false},"author":14,"featured_media":0,"parent":7406,"menu_order":0,"comment_status":"closed","ping_status":"closed","template":"","meta":{"_acf_changed":false,"jetpack_post_was_ever_published":false,"footnotes":""},"class_list":["post-14465","page","type-page","status-publish","hentry"],"acf":[],"jetpack_sharing_enabled":true,"_links":{"self":[{"href":"https:\/\/www.myphillylawyer.com\/es\/wp-json\/wp\/v2\/pages\/14465","targetHints":{"allow":["GET"]}}],"collection":[{"href":"https:\/\/www.myphillylawyer.com\/es\/wp-json\/wp\/v2\/pages"}],"about":[{"href":"https:\/\/www.myphillylawyer.com\/es\/wp-json\/wp\/v2\/types\/page"}],"author":[{"embeddable":true,"href":"https:\/\/www.myphillylawyer.com\/es\/wp-json\/wp\/v2\/users\/14"}],"replies":[{"embeddable":true,"href":"https:\/\/www.myphillylawyer.com\/es\/wp-json\/wp\/v2\/comments?post=14465"}],"version-history":[{"count":2,"href":"https:\/\/www.myphillylawyer.com\/es\/wp-json\/wp\/v2\/pages\/14465\/revisions"}],"predecessor-version":[{"id":14509,"href":"https:\/\/www.myphillylawyer.com\/es\/wp-json\/wp\/v2\/pages\/14465\/revisions\/14509"}],"up":[{"embeddable":true,"href":"https:\/\/www.myphillylawyer.com\/es\/wp-json\/wp\/v2\/pages\/7406"}],"wp:attachment":[{"href":"https:\/\/www.myphillylawyer.com\/es\/wp-json\/wp\/v2\/media?parent=14465"}],"curies":[{"name":"wp","href":"https:\/\/api.w.org\/{rel}","templated":true}]}}