{"id":14468,"date":"2025-10-23T12:24:17","date_gmt":"2025-10-23T17:24:17","guid":{"rendered":"https:\/\/www.myphillylawyer.com\/?page_id=14468"},"modified":"2025-10-23T12:33:08","modified_gmt":"2025-10-23T17:33:08","slug":"perdida-de-salario-y-de-capacidad-laboral-tras-una-caida","status":"publish","type":"page","link":"https:\/\/www.myphillylawyer.com\/es\/areas-de-practica\/danos-personales\/responsabilidad-de-las-instalaciones\/resbalones-y-caidas\/perdida-de-salario-y-de-capacidad-laboral-tras-una-caida\/","title":{"rendered":"P\u00e9rdida de salario y de capacidad laboral tras una ca\u00edda"},"content":{"rendered":"<h1 class=\"wp-block-heading\" id=\"lost-wages-and-earning-capacity-after-a-fall-injury\">P\u00e9rdida de salario y de capacidad laboral tras una ca\u00edda<\/h1>\n\n\n\n<p>Los accidentes por resbalones y ca\u00eddas pueden poner su vida patas arriba. En un momento est\u00e1s haciendo tu d\u00eda, y al siguiente, puedes estar tirado en el suelo con dolor, preocup\u00e1ndote por tu salud, tu trabajo y tu futuro. Para muchas personas lesionadas en una ca\u00edda, el impacto financiero es tan estresante como el dolor f\u00edsico. Los salarios perdidos y la p\u00e9rdida de capacidad de ganancia pueden hacer que la recuperaci\u00f3n parezca imposible. Si se ha lesionado en un resbal\u00f3n y ca\u00edda en Philadelphia, conocer sus derechos es el primer paso para recuperar su vida.<\/p>\n\n\n\n<div class=\"wp-block-rank-math-toc-block\" id=\"rank-math-toc\"><h2>\u00cdndice<\/h2><nav><ul><li><a href=\"#lost-wages-and-earning-capacity-after-a-fall-injury\">P\u00e9rdida de salario y de capacidad laboral tras una ca\u00edda<\/a><ul><li><a href=\"#what-are-lost-wages-after-a-slip-and-fall\">\u00bfQu\u00e9 son los salarios perdidos despu\u00e9s de un resbal\u00f3n y ca\u00edda?<\/a><\/li><li><a href=\"#how-lost-earning-capacity-differs-from-lost-wages\">Diferencia entre p\u00e9rdida de capacidad salarial y p\u00e9rdida de salario<\/a><\/li><li><a href=\"#proving-your-claim-for-lost-wages-and-earning-capacity\">Prueba de la p\u00e9rdida de salario y de capacidad laboral<\/a><\/li><li><a href=\"#why-you-need-a-slip-and-fall-attorney-for-lost-wage-claims\">Por qu\u00e9 necesita un abogado de resbalones y ca\u00eddas para las reclamaciones de salarios perdidos<\/a><\/li><li><a href=\"#common-challenges-in-slip-and-fall-lost-wage-claims\">Desaf\u00edos comunes en las reclamaciones por p\u00e9rdida de salario por resbal\u00f3n y ca\u00edda<\/a><\/li><li><a href=\"#frequently-asked-questions-about-lost-wages-and-earning-capacity-after-a-slip-and-fall-in-philadelphia\">Preguntas frecuentes sobre los salarios perdidos y la capacidad de ganancia despu\u00e9s de un resbal\u00f3n y ca\u00edda en Philadelphia<\/a><\/li><li><a href=\"#other-resources-about-compensation-damages\">Otros recursos sobre indemnizaci\u00f3n y da\u00f1os y perjuicios<\/a><\/li><\/ul><\/li><\/ul><\/nav><\/div>\n\n\n\n<h2 class=\"wp-block-heading\" id=\"what-are-lost-wages-after-a-slip-and-fall\">\u00bfQu\u00e9 son los salarios perdidos despu\u00e9s de un resbal\u00f3n y ca\u00edda?<\/h2>\n\n\n\n<p>Los salarios perdidos son exactamente lo que parecen: el dinero que deja de percibir porque su lesi\u00f3n le impide trabajar. Tras un resbal\u00f3n o una ca\u00edda, es posible que necesites d\u00edas, semanas o incluso meses de baja para curarte. Para algunos, las lesiones son tan graves que no pueden volver a trabajar. Los salarios perdidos pueden incluir su salario regular, horas extras, bonificaciones e incluso tiempo libre pagado que tiene que utilizar mientras se recupera.<\/p>\n\n\n\n<p>Supongamos que eres un obrero de la construcci\u00f3n que resbala en el suelo mojado de una tienda de comestibles Philadelphia. Te rompes una pierna y no puedes volver a tu trabajo en dos meses. Durante ese tiempo, dejas de percibir tu salario normal y las horas extraordinarias. Todo esto puede calcularse como salarios perdidos. A&nbsp;<a href=\"https:\/\/www.myphillylawyer.com\/es\/areas-de-practica\/danos-personales\/responsabilidad-de-las-instalaciones\/resbalones-y-caidas\/\" target=\"_blank\" rel=\"noreferrer noopener\">Philadelphia resbal\u00f3n y ca\u00edda abogado<\/a>&nbsp;puede ayudarle a reunir las pruebas que necesita, como talones de pago, declaraciones de la renta y declaraciones de la empresa, para demostrar el impacto total de su ausencia del trabajo.<\/p>\n\n\n\n<h2 class=\"wp-block-heading\" id=\"how-lost-earning-capacity-differs-from-lost-wages\">Diferencia entre p\u00e9rdida de capacidad salarial y p\u00e9rdida de salario<\/h2>\n\n\n\n<p>La p\u00e9rdida de ingresos es distinta de la p\u00e9rdida de salario. Mientras que el lucro cesante se refiere a lo que ya ha perdido, la p\u00e9rdida de capacidad de ganancia se refiere a su futuro. Si su ca\u00edda le deja lesiones permanentes que afectan a su capacidad para ganarse la vida, puede reclamar una indemnizaci\u00f3n por esa p\u00e9rdida. Esto es especialmente importante para las personas que sufren discapacidades o restricciones a largo plazo.<\/p>\n\n\n\n<p>Por ejemplo, imaginemos a una enfermera que resbala y se cae, lesion\u00e1ndose la espalda. Tras meses de tratamiento, su m\u00e9dico le dice que ya no puede levantar pacientes con seguridad. Puede que tenga que cambiar a un trabajo de oficina peor pagado. La diferencia entre lo que habr\u00eda ganado como enfermera y lo que puede ganar ahora es su capacidad de ganancia perdida. A&nbsp;<a href=\"https:\/\/www.myphillylawyer.com\/es\/zonas-atendidas\/wayne\/resbalon-y-caida-abogado\/\" target=\"_blank\" rel=\"noreferrer noopener\">resbal\u00f3n y ca\u00edda abogado de lesiones<\/a>&nbsp;trabaja con expertos m\u00e9dicos y econ\u00f3micos para estimar estas p\u00e9rdidas, asegur\u00e1ndose de que las compa\u00f1\u00edas de seguros no le defrauden.<\/p>\n\n\n\n<h2 class=\"wp-block-heading\" id=\"proving-your-claim-for-lost-wages-and-earning-capacity\">Prueba de la p\u00e9rdida de salario y de capacidad laboral<\/h2>\n\n\n\n<p>Conseguir una indemnizaci\u00f3n justa por los salarios y la capacidad de ganancia perdidos tras un resbal\u00f3n y ca\u00edda en Philadelphia requiere pruebas s\u00f3lidas. Las compa\u00f1\u00edas de seguros y los propietarios pueden intentar minimizar su reclamaci\u00f3n, por lo que necesitar\u00e1 registros detallados. Empiece por guardar copias de todos los historiales m\u00e9dicos, las notas del m\u00e9dico sobre sus restricciones laborales y la comunicaci\u00f3n con su empleador sobre el tiempo perdido.<\/p>\n\n\n\n<p>A&nbsp;<a href=\"https:\/\/www.myphillylawyer.com\/es\/areas-de-practica\/danos-personales\/responsabilidad-de-las-instalaciones\/resbalones-y-caidas\/\" target=\"_blank\" rel=\"noreferrer noopener\">abogado de resbalones y ca\u00eddas en Philadelphia<\/a>&nbsp;puede recopilar talones de pago, declaraciones de impuestos y documentaci\u00f3n sobre primas o comisiones. Si su trabajo implica propinas u horarios irregulares, su abogado puede utilizar promedios anteriores para demostrar lo que est\u00e1 perdiendo. Para demostrar la p\u00e9rdida de capacidad de ganancia, su abogado puede recurrir a un economista o experto profesional que le explique c\u00f3mo afecta su lesi\u00f3n a sus perspectivas laborales y a su futuro salario. Tambi\u00e9n pueden abordar cuestiones como ascensos, aumentos de sueldo o prestaciones que podr\u00eda haber recibido de no ser por su lesi\u00f3n.<\/p>\n\n\n\n<h2 class=\"wp-block-heading\" id=\"why-you-need-a-slip-and-fall-attorney-for-lost-wage-claims\">Por qu\u00e9 necesita un abogado de resbalones y ca\u00eddas para las reclamaciones de salarios perdidos<\/h2>\n\n\n\n<p>Gestionar por su cuenta una reclamaci\u00f3n por p\u00e9rdida de salario tras un resbal\u00f3n o ca\u00edda grave no es f\u00e1cil. Los empleadores y las aseguradoras pueden discutir su necesidad de tiempo libre o argumentar que sus lesiones no son tan graves como usted dice. Los peritos de las aseguradoras a menudo responden con dureza, buscando cualquier raz\u00f3n para pagar menos. Por eso, contar con un&nbsp;<a href=\"https:\/\/www.myphillylawyer.com\/es\/zonas-atendidas\/jenkintown\/resbalon-y-caida-abogado\/\" target=\"_blank\" rel=\"noreferrer noopener\">resbal\u00f3n y ca\u00edda abogado<\/a>&nbsp;luchar por ti es tan importante.<\/p>\n\n\n\n<p>Su abogado sabr\u00e1 c\u00f3mo enfrentarse a estas t\u00e1cticas. Se asegurar\u00e1 de que su reclamaci\u00f3n cubra no s\u00f3lo el salario no percibido, sino todas las dem\u00e1s p\u00e9rdidas sufridas. Tambi\u00e9n puede ayudarle a evitar errores comunes, como incumplir los plazos o no documentar correctamente sus lesiones. Y lo que es m\u00e1s importante&nbsp;<a href=\"https:\/\/www.myphillylawyer.com\/es\/\" target=\"_blank\" rel=\"noreferrer noopener\">abogado de lesiones personales<\/a>&nbsp;negociar\u00e1 agresivamente por un acuerdo justo o llevar\u00e1 su caso a los tribunales si eso es lo que se necesita para conseguir lo que se merece.<\/p>\n\n\n\n<h2 class=\"wp-block-heading\" id=\"common-challenges-in-slip-and-fall-lost-wage-claims\">Desaf\u00edos comunes en las reclamaciones por p\u00e9rdida de salario por resbal\u00f3n y ca\u00edda<\/h2>\n\n\n\n<p>Incluso cuando sus lesiones son evidentes, los propietarios y sus aseguradoras pueden tratar de argumentar que algo m\u00e1s caus\u00f3 su p\u00e9rdida de salario o la reducci\u00f3n de su capacidad de ganancia. Podr\u00edan decir que usted padec\u00eda una enfermedad preexistente o que podr\u00eda haber realizado un trabajo de oficina en su lugar. En algunos casos, alegar\u00e1n que la ca\u00edda se debi\u00f3 a un descuido suyo.<\/p>\n\n\n\n<p>Una cualificada&nbsp;<a href=\"https:\/\/www.myphillylawyer.com\/es\/zonas-atendidas\/arboleda-de-sauces\/resbalon-y-caida-abogado\/\" target=\"_blank\" rel=\"noreferrer noopener\">resbal\u00f3n y ca\u00edda abogado de lesiones<\/a>&nbsp;puede anticipar estos argumentos y reunir las pruebas adecuadas para rebatirlos. Por ejemplo, si su trabajo requer\u00eda levantar objetos pesados antes del accidente, los informes m\u00e9dicos y las opiniones de expertos pueden demostrar por qu\u00e9 no puede volver a ese trabajo ahora. Su abogado tambi\u00e9n puede demostrar cu\u00e1nto ganaba y cu\u00e1les eran sus perspectivas profesionales antes de la ca\u00edda.<\/p>\n\n\n\n<p>Philadelphia los tribunales se toman en serio estos casos, pero requieren pruebas contundentes. Por eso es tan importante trabajar con un bufete de abogados que conozca las leyes locales y tenga experiencia en reclamaciones por resbalones y ca\u00eddas.<\/p>\n\n\n\n<h2 class=\"wp-block-heading\" id=\"frequently-asked-questions-about-lost-wages-and-earning-capacity-after-a-slip-and-fall-in-philadelphia\">Preguntas frecuentes sobre los salarios perdidos y la capacidad de ganancia despu\u00e9s de un resbal\u00f3n y ca\u00edda en Philadelphia<\/h2>\n\n\n\n<p><strong>\u00bfC\u00f3mo puedo demostrar los salarios perdidos tras un accidente por resbal\u00f3n y ca\u00edda en Philadelphia?<\/strong><br>Puedes demostrar la p\u00e9rdida de salario aportando talones de pago, declaraciones de la renta y una declaraci\u00f3n de tu empresa que confirme los d\u00edas que has perdido debido al accidente. Tambi\u00e9n son importantes los historiales m\u00e9dicos que demuestren su lesi\u00f3n y los plazos de recuperaci\u00f3n. A&nbsp;<a href=\"https:\/\/www.myphillylawyer.com\/es\/areas-de-practica\/danos-personales\/responsabilidad-de-las-instalaciones\/resbalones-y-caidas\/\" target=\"_blank\" rel=\"noreferrer noopener\">Philadelphia resbal\u00f3n y ca\u00edda abogado<\/a>&nbsp;puede ayudarle a organizar esta informaci\u00f3n y presentarla de forma que las aseguradoras no puedan ignorarla.<\/p>\n\n\n\n<p><strong>\u00bfPuedo ser indemnizado por el lucro cesante futuro tras un resbal\u00f3n y una ca\u00edda?<\/strong><br>S\u00ed, si sus lesiones le causan problemas permanentes o de larga duraci\u00f3n que limitan su capacidad para trabajar, puede solicitar una indemnizaci\u00f3n por p\u00e9rdida de ingresos. Los tribunales tendr\u00e1n en cuenta su historial laboral, su edad, sus aptitudes y la gravedad de su lesi\u00f3n. A&nbsp;<a href=\"https:\/\/www.myphillylawyer.com\/es\/zonas-atendidas\/bensalem\/resbalon-y-caida-abogado\/\" target=\"_blank\" rel=\"noreferrer noopener\">resbal\u00f3n y ca\u00edda abogado<\/a>&nbsp;puede trabajar con expertos para calcular sus p\u00e9rdidas futuras y luchar por una indemnizaci\u00f3n justa.<\/p>\n\n\n\n<p><strong>\u00bfQu\u00e9 ocurre si mi empresa me dice que puedo hacer \"trabajos ligeros\" despu\u00e9s de lesionarme?<\/strong><br>Si tu empleador te ofrece un trabajo \"ligero\", menos remunerado o con menos horas de trabajo, puedes reclamar la diferencia como salario perdido. La ley reconoce que no debes verte obligado a aceptar un recorte salarial porque la imprudencia de otra persona haya causado tu lesi\u00f3n. A&nbsp;<a href=\"https:\/\/www.myphillylawyer.com\/es\/zonas-atendidas\/jenkintown\/resbalon-y-caida-abogado\/\" target=\"_blank\" rel=\"noreferrer noopener\">resbal\u00f3n y ca\u00edda abogado<\/a>&nbsp;puede ayudarle a que le reconozcan esas p\u00e9rdidas.<\/p>\n\n\n\n<p><strong>\u00bfDe cu\u00e1nto tiempo dispongo para presentar una reclamaci\u00f3n por p\u00e9rdida de salario tras un resbal\u00f3n y ca\u00edda Philadelphia?<\/strong><br>En Pensilvania, normalmente tiene dos a\u00f1os a partir de la fecha de su accidente de resbal\u00f3n y ca\u00edda para presentar una demanda por lesiones personales. Sin embargo, lo mejor es ponerse en contacto con un&nbsp;<a href=\"https:\/\/www.myphillylawyer.com\/es\/\" target=\"_blank\" rel=\"noreferrer noopener\">Philadelphia abogado de lesiones personales<\/a>&nbsp;lo antes posible. Esperar puede dificultar la obtenci\u00f3n de pruebas y debilitar su caso.<\/p>\n\n\n\n<h2 class=\"wp-block-heading\" id=\"other-resources-about-compensation-damages\">Otros recursos sobre indemnizaci\u00f3n y da\u00f1os y perjuicios<\/h2>\n\n\n\n<ul class=\"wp-block-list\">\n<li><a href=\"https:\/\/www.myphillylawyer.com\/es\/areas-de-practica\/danos-personales\/responsabilidad-de-las-instalaciones\/resbalones-y-caidas\/danos-punitivos-cuando-se-conceden-en-pa\/\">Da\u00f1os punitivos: \u00bfCu\u00e1ndo se conceden en PA?<\/a><\/li>\n\n\n\n<li><a href=\"https:\/\/www.myphillylawyer.com\/es\/areas-de-practica\/danos-personales\/responsabilidad-de-las-instalaciones\/resbalones-y-caidas\/facturas-medicas-y-cuidados-a-largo-plazo\/\">Facturas m\u00e9dicas y cuidados de larga duraci\u00f3n<\/a><\/li>\n\n\n\n<li><strong>P\u00e9rdida de salario y de capacidad laboral tras una ca\u00edda<\/strong><\/li>\n\n\n\n<li><a href=\"https:\/\/www.myphillylawyer.com\/es\/areas-de-practica\/danos-personales\/responsabilidad-de-las-instalaciones\/resbalones-y-caidas\/calculo-de-los-danos-morales-en-las-demandas-por-resbalones-y-caidas\/\">C\u00e1lculo de da\u00f1os y perjuicios en demandas por resbalones y ca\u00eddas<\/a><\/li>\n\n\n\n<li><a href=\"https:\/\/www.myphillylawyer.com\/es\/areas-de-practica\/danos-personales\/responsabilidad-de-las-instalaciones\/resbalones-y-caidas\/tipos-de-indemnizacion-disponibles-en-casos-de-resbalones-y-caidas\/\">Tipos de indemnizaci\u00f3n disponibles en casos de resbalones y ca\u00eddas<\/a><\/li>\n<\/ul>","protected":false},"excerpt":{"rendered":"<p>Los accidentes por resbalones y ca\u00eddas pueden poner su vida patas arriba. En un momento usted est\u00e1 haciendo su d\u00eda, y al siguiente, usted puede estar tendido en el suelo en el dolor, la preocupaci\u00f3n por su salud, su trabajo y su futuro. Para muchas personas lesionadas en una ca\u00edda, la...<\/p>","protected":false},"author":14,"featured_media":0,"parent":7406,"menu_order":0,"comment_status":"closed","ping_status":"closed","template":"","meta":{"_acf_changed":false,"jetpack_post_was_ever_published":false,"footnotes":""},"class_list":["post-14468","page","type-page","status-publish","hentry"],"acf":[],"jetpack_sharing_enabled":true,"_links":{"self":[{"href":"https:\/\/www.myphillylawyer.com\/es\/wp-json\/wp\/v2\/pages\/14468","targetHints":{"allow":["GET"]}}],"collection":[{"href":"https:\/\/www.myphillylawyer.com\/es\/wp-json\/wp\/v2\/pages"}],"about":[{"href":"https:\/\/www.myphillylawyer.com\/es\/wp-json\/wp\/v2\/types\/page"}],"author":[{"embeddable":true,"href":"https:\/\/www.myphillylawyer.com\/es\/wp-json\/wp\/v2\/users\/14"}],"replies":[{"embeddable":true,"href":"https:\/\/www.myphillylawyer.com\/es\/wp-json\/wp\/v2\/comments?post=14468"}],"version-history":[{"count":3,"href":"https:\/\/www.myphillylawyer.com\/es\/wp-json\/wp\/v2\/pages\/14468\/revisions"}],"predecessor-version":[{"id":14510,"href":"https:\/\/www.myphillylawyer.com\/es\/wp-json\/wp\/v2\/pages\/14468\/revisions\/14510"}],"up":[{"embeddable":true,"href":"https:\/\/www.myphillylawyer.com\/es\/wp-json\/wp\/v2\/pages\/7406"}],"wp:attachment":[{"href":"https:\/\/www.myphillylawyer.com\/es\/wp-json\/wp\/v2\/media?parent=14468"}],"curies":[{"name":"wp","href":"https:\/\/api.w.org\/{rel}","templated":true}]}}