{"id":14542,"date":"2025-12-02T09:22:42","date_gmt":"2025-12-02T14:22:42","guid":{"rendered":"https:\/\/www.myphillylawyer.com\/?page_id=14542"},"modified":"2025-12-02T10:24:01","modified_gmt":"2025-12-02T15:24:01","slug":"demandas-por-paralisis-del-plexo-braquial","status":"publish","type":"page","link":"https:\/\/www.myphillylawyer.com\/es\/areas-de-practica\/lesiones-de-nacimiento\/demandas-por-paralisis-del-plexo-braquial\/","title":{"rendered":"Demandas por par\u00e1lisis de Erb y plexo braquial"},"content":{"rendered":"<h1 class=\"wp-block-heading\" id=\"erbs-palsy-brachial-plexus-lawsuits\">Demandas por par\u00e1lisis de Erb y plexo braquial<\/h1>\n\n\n\n<p>Cuando los padres dan la bienvenida a un nuevo beb\u00e9, esperan un comienzo saludable. Por desgracia, algunos reci\u00e9n nacidos en Philadelphia se enfrentan a problemas desde el principio. Una de las m\u00e1s preocupantes es la par\u00e1lisis de Erb, un tipo de lesi\u00f3n del plexo braquial que suele producirse durante el parto. Si cree que su hijo sufri\u00f3 una lesi\u00f3n cong\u00e9nita evitable, puede tener derecho a solicitar una indemnizaci\u00f3n. Exploremos qu\u00e9 es la par\u00e1lisis de Erb, c\u00f3mo puede ocurrir, sus opciones legales y por qu\u00e9 trabajar con un abogado experto en lesiones de nacimiento puede marcar la diferencia.<\/p>\n\n\n\n<div class=\"wp-block-rank-math-toc-block\" id=\"rank-math-toc\"><h2>\u00cdndice<\/h2><nav><ul><li><a href=\"#erbs-palsy-brachial-plexus-lawsuits\">Demandas por par\u00e1lisis de Erb y plexo braquial<\/a><ul><li><a href=\"#what-is-erbs-palsy-and-how-does-it-happen\">\u00bfQu\u00e9 es la par\u00e1lisis de Erb y c\u00f3mo se produce?<\/a><\/li><li><a href=\"#signs-and-symptoms-of-erbs-palsy-in-newborns\">Signos y s\u00edntomas de la par\u00e1lisis de Erb en reci\u00e9n nacidos<\/a><\/li><li><a href=\"#when-is-medical-negligence-to-blame\">\u00bfCu\u00e1ndo es culpable la negligencia m\u00e9dica?<\/a><\/li><li><a href=\"#how-a-birth-injury-lawsuit-can-help-your-family\">C\u00f3mo puede ayudar a su familia una demanda por lesiones de nacimiento<\/a><\/li><li><a href=\"#why-choose-my-philly-lawyer-for-your-erbs-palsy-case\">\u00bfPor qu\u00e9 elegir MyPhillyLawyer para su caso de par\u00e1lisis de Erb?<\/a><\/li><li><a href=\"#fa-qs-about-erbs-palsy-brachial-plexus-lawsuits\">Preguntas frecuentes sobre las demandas por par\u00e1lisis de Erb y plexo braquial<\/a><\/li><li><a href=\"#birth-injury-types-medical-conditions\">Otros tipos de lesiones al nacer y recursos para afecciones m\u00e9dicas<\/a><\/li><\/ul><\/li><\/ul><\/nav><\/div>\n\n\n\n<h2 class=\"wp-block-heading\" id=\"what-is-erbs-palsy-and-how-does-it-happen\">\u00bfQu\u00e9 es la par\u00e1lisis de Erb y c\u00f3mo se produce?<\/h2>\n\n\n\n<p>La par\u00e1lisis de Erb es una afecci\u00f3n causada por da\u00f1os en el plexo braquial, una red de nervios cerca del cuello que controla el movimiento y la sensibilidad del hombro, el brazo y la mano. Cuando estos nervios se estiran o desgarran durante el parto, pueden provocar debilidad, p\u00e9rdida de sensibilidad o incluso par\u00e1lisis en el brazo afectado. La mayor\u00eda de los casos se producen cuando se tira demasiado fuerte de los hombros del beb\u00e9 durante el parto o cuando la cabeza y el cuello del beb\u00e9 son forzados hacia un lado al pasar los hombros por el canal del parto.<\/p>\n\n\n\n<p>Los m\u00e9dicos y enfermeras est\u00e1n formados para reconocer los factores de riesgo de las lesiones del plexo braquial. Por ejemplo, un gran peso al nacer, las posiciones de nalgas o un parto largo y dif\u00edcil pueden aumentar el riesgo. A veces, el uso de f\u00f3rceps o ventosa puede aumentar las probabilidades de lesi\u00f3n si no se hace correctamente. Aunque no todas las lesiones son evitables, muchas podr\u00edan prevenirse con los cuidados adecuados. Si el personal m\u00e9dico no utiliza las t\u00e9cnicas de parto aceptadas o no responde r\u00e1pidamente a las complicaciones, sus acciones pueden considerarse negligencia.<\/p>\n\n\n\n<h2 class=\"wp-block-heading\" id=\"signs-and-symptoms-of-erbs-palsy-in-newborns\">Signos y s\u00edntomas de la par\u00e1lisis de Erb en reci\u00e9n nacidos<\/h2>\n\n\n\n<p>Los padres suelen ser los primeros en darse cuenta de que algo no va bien. Entre los signos m\u00e1s comunes de par\u00e1lisis de Erb en un beb\u00e9 se encuentran la cojera del brazo, la falta de movimiento en el hombro o el codo, o la curvatura hacia dentro de la mano afectada. A veces, los beb\u00e9s muestran una disminuci\u00f3n de la fuerza de prensi\u00f3n en el lado lesionado. En los casos m\u00e1s graves, todo el brazo puede parecer paralizado o tener poca sensibilidad. Estos s\u00edntomas suelen notarse poco despu\u00e9s del nacimiento.<\/p>\n\n\n\n<p>Los m\u00e9dicos pueden realizar pruebas como ex\u00e1menes f\u00edsicos, estudios de los nervios o pruebas de imagen para confirmar el diagn\u00f3stico. La intervenci\u00f3n precoz es crucial. La fisioterapia, y a veces la cirug\u00eda, pueden ayudar, pero la recuperaci\u00f3n var\u00eda. En algunos ni\u00f1os, la funci\u00f3n mejora con el tiempo. Para otros, los efectos pueden durar toda la vida, afectando no s\u00f3lo al movimiento, sino tambi\u00e9n a la autoestima y a futuras oportunidades laborales.<\/p>\n\n\n\n<h2 class=\"wp-block-heading\" id=\"when-is-medical-negligence-to-blame\">\u00bfCu\u00e1ndo es culpable la negligencia m\u00e9dica?<\/h2>\n\n\n\n<p>No todos los casos de par\u00e1lisis de Erb se deben a un error m\u00e9dico, pero muchos s\u00ed. En el Philadelphia, si un m\u00e9dico, una enfermera o un hospital no cumplen las normas de atenci\u00f3n durante el parto y su hijo resulta lesionado como consecuencia de ello, usted puede tener motivos para interponer una demanda. Algunos ejemplos son no reconocer los signos de sufrimiento fetal, esperar demasiado para pedir una ces\u00e1rea, utilizar inadecuadamente los instrumentos de parto o no responder a un parto dif\u00edcil.<\/p>\n\n\n\n<p>Demostrar negligencia en un caso de lesiones en el parto no es f\u00e1cil. La ley de Pensilvania exige demostrar que un profesional sanitario razonable habr\u00eda actuado de forma diferente en la misma situaci\u00f3n. A menudo se necesitan registros m\u00e9dicos, testimonios de expertos y declaraciones de testigos. Es por eso que la asociaci\u00f3n con un&nbsp;<a href=\"https:\/\/www.myphillylawyer.com\/es\/areas-de-practica\/lesiones-de-nacimiento\/\" target=\"_blank\" rel=\"noreferrer noopener\">Philadelphia abogado de lesiones de nacimiento<\/a>&nbsp;es tan importante. Conocen las cuestiones m\u00e9dicas y jur\u00eddicas que pueden surgir en estos casos complejos y pueden ayudarle a reunir las pruebas necesarias para presentar una demanda s\u00f3lida.<\/p>\n\n\n\n<h2 class=\"wp-block-heading\" id=\"how-a-birth-injury-lawsuit-can-help-your-family\">C\u00f3mo puede ayudar a su familia una demanda por lesiones de nacimiento<\/h2>\n\n\n\n<p>Interponer una demanda puede ayudar a cubrir los gastos a los que se enfrenta su familia tras una lesi\u00f3n del plexo braquial. Las facturas m\u00e9dicas, la terapia, los tratamientos futuros y los equipos especiales se acumulan r\u00e1pidamente. Si la lesi\u00f3n de su hijo provoca una discapacidad permanente, puede necesitar cuidados de por vida o incluso modificaciones en su hogar. La indemnizaci\u00f3n de una demanda tambi\u00e9n puede cubrir los salarios perdidos si uno de los padres tiene que dejar de trabajar para cuidar de su hijo.<\/p>\n\n\n\n<p>M\u00e1s all\u00e1 del dinero, una demanda puede hacer que las partes responsables rindan cuentas. Puede ayudar a prevenir lesiones similares en el futuro, animando a hospitales y m\u00e9dicos a seguir pr\u00e1cticas m\u00e1s seguras. En algunos casos, se indemniza a los padres por su propia angustia emocional. Cada situaci\u00f3n es \u00fanica, as\u00ed que lo mejor es discutir sus opciones con un abogado experto.&nbsp;<a href=\"https:\/\/www.myphillylawyer.com\/es\/areas-de-practica\/lesiones-de-nacimiento\/\" target=\"_blank\" rel=\"noreferrer noopener\">abogado de lesiones de nacimiento<\/a>&nbsp;en Philadelphia que conoce los tribunales locales y lo que esperan los jurados.<\/p>\n\n\n\n<h2 class=\"wp-block-heading\" id=\"why-choose-my-philly-lawyer-for-your-erbs-palsy-case\">\u00bfPor qu\u00e9 elegir MyPhillyLawyer para su caso de par\u00e1lisis de Erb?<\/h2>\n\n\n\n<p>No todos los bufetes de abogados llevan casos de lesiones de nacimiento, y pocos tienen la experiencia necesaria para reclamaciones m\u00e9dicas complejas. MyPhillyLawyer destaca por ser una opci\u00f3n de confianza para las familias en Philadelphia. Nuestro equipo cree que todos los ni\u00f1os merecen un comienzo justo y todos los padres merecen respuestas. Conocemos el dolor y la frustraci\u00f3n que supone enterarse de que la lesi\u00f3n de su hijo podr\u00eda haberse evitado.<\/p>\n\n\n\n<p>Nuestros abogados investigan a fondo los historiales m\u00e9dicos, trabajan con expertos m\u00e9dicos de prestigio y luchan por el futuro de su hijo. Nos encargamos de toda la comunicaci\u00f3n con el hospital y las compa\u00f1\u00edas de seguros para que usted pueda centrarse en su familia. Con nuestra promesa de no pagar honorarios, usted no paga nada a menos que ganemos su caso. Si su hijo sufri\u00f3 par\u00e1lisis de Erb u otra lesi\u00f3n de nacimiento, no espere. P\u00f3ngase en contacto con un&nbsp;<a href=\"https:\/\/www.myphillylawyer.com\/es\/areas-de-practica\/lesiones-de-nacimiento\/\" target=\"_blank\" rel=\"noreferrer noopener\">Philly abogado de lesiones de nacimiento<\/a>&nbsp;en el MyPhillyLawyer para una consulta gratuita.<\/p>\n\n\n\n<h2 class=\"wp-block-heading\" id=\"fa-qs-about-erbs-palsy-brachial-plexus-lawsuits\">Preguntas frecuentes sobre las demandas por par\u00e1lisis de Erb y plexo braquial<\/h2>\n\n\n\n<p><strong>\u00bfCu\u00e1l es el plazo de prescripci\u00f3n de una demanda por par\u00e1lisis de Erb en Pensilvania?<\/strong><\/p>\n\n\n\n<p>Por lo general, los padres disponen de dos a\u00f1os a partir de la fecha en que descubrieron, o deber\u00edan haber descubierto, la lesi\u00f3n para presentar una demanda en nombre de un menor. Sin embargo, la legislaci\u00f3n de Pensilvania concede a los menores un plazo adicional. Un ni\u00f1o que haya sufrido una lesi\u00f3n en el parto tiene hasta que cumpla 20 a\u00f1os para presentar una demanda, ya que el plazo de prescripci\u00f3n \"caduca\" durante su minor\u00eda de edad. Es mejor actuar con rapidez, ya que las pruebas pueden perderse con el tiempo.<\/p>\n\n\n\n<p><strong>\u00bfPuede mi familia recuperar los gastos m\u00e9dicos futuros en una demanda por lesiones en el parto?<\/strong><\/p>\n\n\n\n<p>S\u00ed, si la par\u00e1lisis de Erb de su hijo conlleva necesidades a largo plazo, puede solicitar una indemnizaci\u00f3n por futuros cuidados m\u00e9dicos, terapias, dispositivos de asistencia y gastos relacionados. Su abogado trabajar\u00e1 con expertos m\u00e9dicos y econ\u00f3micos para estimar estos costes, de modo que su acuerdo o indemnizaci\u00f3n tenga en cuenta las necesidades de por vida de su hijo.<\/p>\n\n\n\n<p><strong>\u00bfNecesito un abogado para presentar una demanda por par\u00e1lisis de Erb en Philadelphia?<\/strong><\/p>\n\n\n\n<p>Aunque t\u00e9cnicamente puedes presentar una demanda por tu cuenta, los casos de lesiones en el parto son complejos y hacerlo por tu cuenta es arriesgado. Los hospitales y sus compa\u00f1\u00edas de seguros tienen equipos legales que trabajan para limitar los pagos. A&nbsp;<a href=\"https:\/\/www.myphillylawyer.com\/es\/\" target=\"_blank\" rel=\"noreferrer noopener\">Philadelphia abogado de lesiones personales<\/a>&nbsp;con experiencia en lesiones en el parto nivela el terreno de juego, re\u00fane las pruebas adecuadas y lucha por una indemnizaci\u00f3n completa.<\/p>\n\n\n\n<p><strong>\u00bfY si mi hijo tiene par\u00e1lisis cerebral en vez de par\u00e1lisis de Erb?<\/strong><\/p>\n\n\n\n<p>Ambas son lesiones de nacimiento, pero tienen causas y s\u00edntomas diferentes. La par\u00e1lisis cerebral afecta al movimiento y al tono muscular debido a una lesi\u00f3n cerebral, mientras que la par\u00e1lisis de Erb est\u00e1 relacionada con los nervios. Si sospecha de negligencia m\u00e9dica en un caso de par\u00e1lisis cerebral, un&nbsp;<a href=\"https:\/\/www.myphillylawyer.com\/es\/areas-de-practica\/lesiones-de-nacimiento\/paralisis-cerebral\/\" target=\"_blank\" rel=\"noreferrer noopener\">abogado par\u00e1lisis cerebral<\/a>&nbsp;en MyPhillyLawyer puede revisar su caso y explicarle sus derechos legales.<\/p>\n\n\n\n<h2 class=\"wp-block-heading\" id=\"birth-injury-types-medical-conditions\"><strong>Otros tipos de lesiones de nacimiento y afecciones m\u00e9dicas<\/strong> Recursos<\/h2>\n\n\n\n<ul class=\"wp-block-list\">\n<li><a href=\"https:\/\/www.myphillylawyer.com\/es\/areas-de-practica\/lesiones-de-nacimiento\/encefalopatia-isquemica-hipoxica-hie-en-recien-nacidos\/\">Encefalopat\u00eda hip\u00f3xico-isqu\u00e9mica (HIE) en reci\u00e9n nacidos<\/a><\/li>\n\n\n\n<li><a href=\"https:\/\/www.myphillylawyer.com\/es\/areas-de-practica\/lesiones-de-nacimiento\/lesiones-de-la-medula-espinal-durante-el-parto-y-el-alumbramiento\/\">Lesiones medulares durante el parto<\/a><\/li>\n\n\n\n<li><a href=\"https:\/\/www.myphillylawyer.com\/es\/areas-de-practica\/lesiones-de-nacimiento\/lesiones-por-privacion-de-oxigeno-y-asfixia-perinatal\/\">Asfixia perinatal y lesiones por privaci\u00f3n de ox\u00edgeno<\/a><\/li>\n\n\n\n<li><a href=\"https:\/\/www.myphillylawyer.com\/es\/areas-de-practica\/lesiones-de-nacimiento\/explicacion-del-caput-succedaneum-cefalohematoma\/\">Explicaci\u00f3n del caput succedaneum y el cefalohematoma<\/a><\/li>\n\n\n\n<li><a href=\"https:\/\/www.myphillylawyer.com\/es\/areas-de-practica\/lesiones-de-nacimiento\/dano-cerebral-relacionado-con-el-nacimiento-y-deficiencias-cognitivas\/\">Da\u00f1os cerebrales y trastornos cognitivos relacionados con el nacimiento<\/a><\/li>\n\n\n\n<li><a href=\"https:\/\/www.myphillylawyer.com\/es\/areas-de-practica\/lesiones-de-nacimiento\/fracturas-y-lesiones-ortopedicas-al-nacer\/\">Fracturas y lesiones ortop\u00e9dicas al nacer<\/a><\/li>\n\n\n\n<li><a href=\"https:\/\/www.myphillylawyer.com\/es\/areas-de-practica\/lesiones-de-nacimiento\/paralisis-facial-por-traumatismo-durante-el-parto\/\">Par\u00e1lisis facial por traumatismo al nacer<\/a><\/li>\n\n\n\n<li><a href=\"https:\/\/www.myphillylawyer.com\/es\/areas-de-practica\/lesiones-de-nacimiento\/casos-de-lesiones-nerviosas-por-distocia-de-hombros\/\">Casos de distocia de hombro y lesiones nerviosas<\/a><\/li>\n\n\n\n<li><strong>Demandas por par\u00e1lisis de Erb y plexo braquial<\/strong><\/li>\n\n\n\n<li><a href=\"https:\/\/www.myphillylawyer.com\/es\/areas-de-practica\/lesiones-de-nacimiento\/comprender-las-demandas-por-lesiones-cerebrales-congenitas-en-filadelfia\/\">Comprender las demandas por lesiones de nacimiento por par\u00e1lisis cerebral en Philadelphia<\/a><\/li>\n<\/ul>","protected":false},"excerpt":{"rendered":"<p>Demandas por par\u00e1lisis de Erb y plexo braquial Cuando los padres dan la bienvenida a un nuevo beb\u00e9, esperan que tenga un comienzo saludable. Lamentablemente, algunos reci\u00e9n nacidos en Philadelphia se enfrentan a retos desde el principio. Entre los m\u00e1s preocupantes se encuentra la par\u00e1lisis de Erb, un tipo de lesi\u00f3n del plexo braquial que suele producirse durante el parto. Si cree que su hijo ha sufrido una...<\/p>","protected":false},"author":14,"featured_media":0,"parent":27,"menu_order":0,"comment_status":"closed","ping_status":"closed","template":"","meta":{"_acf_changed":false,"jetpack_post_was_ever_published":false,"footnotes":""},"class_list":["post-14542","page","type-page","status-publish","hentry"],"acf":[],"jetpack_sharing_enabled":true,"_links":{"self":[{"href":"https:\/\/www.myphillylawyer.com\/es\/wp-json\/wp\/v2\/pages\/14542","targetHints":{"allow":["GET"]}}],"collection":[{"href":"https:\/\/www.myphillylawyer.com\/es\/wp-json\/wp\/v2\/pages"}],"about":[{"href":"https:\/\/www.myphillylawyer.com\/es\/wp-json\/wp\/v2\/types\/page"}],"author":[{"embeddable":true,"href":"https:\/\/www.myphillylawyer.com\/es\/wp-json\/wp\/v2\/users\/14"}],"replies":[{"embeddable":true,"href":"https:\/\/www.myphillylawyer.com\/es\/wp-json\/wp\/v2\/comments?post=14542"}],"version-history":[{"count":5,"href":"https:\/\/www.myphillylawyer.com\/es\/wp-json\/wp\/v2\/pages\/14542\/revisions"}],"predecessor-version":[{"id":14623,"href":"https:\/\/www.myphillylawyer.com\/es\/wp-json\/wp\/v2\/pages\/14542\/revisions\/14623"}],"up":[{"embeddable":true,"href":"https:\/\/www.myphillylawyer.com\/es\/wp-json\/wp\/v2\/pages\/27"}],"wp:attachment":[{"href":"https:\/\/www.myphillylawyer.com\/es\/wp-json\/wp\/v2\/media?parent=14542"}],"curies":[{"name":"wp","href":"https:\/\/api.w.org\/{rel}","templated":true}]}}