{"id":14544,"date":"2025-12-02T09:23:22","date_gmt":"2025-12-02T14:23:22","guid":{"rendered":"https:\/\/www.myphillylawyer.com\/?page_id=14544"},"modified":"2025-12-02T10:23:40","modified_gmt":"2025-12-02T15:23:40","slug":"casos-de-lesiones-nerviosas-por-distocia-de-hombros","status":"publish","type":"page","link":"https:\/\/www.myphillylawyer.com\/es\/areas-de-practica\/lesiones-de-nacimiento\/casos-de-lesiones-nerviosas-por-distocia-de-hombros\/","title":{"rendered":"Casos de distocia de hombro y lesiones nerviosas"},"content":{"rendered":"<h1 class=\"wp-block-heading\" id=\"shoulder-dystocia-nerve-injury-cases\">Casos de distocia de hombro y lesiones nerviosas<\/h1>\n\n\n\n<p>Traer un hijo al mundo deber\u00eda ser un momento de felicidad y esperanza para las familias. Sin embargo, a veces se producen complicaciones durante el parto que pueden cambiar la vida de una familia para siempre. La distocia de hombros es una de esas emergencias que pueden provocar lesiones nerviosas graves a los reci\u00e9n nacidos. Si su hijo o un ser querido ha sufrido una lesi\u00f3n durante el parto en Philadelphia, es importante que conozca sus derechos y las opciones que tiene para buscar justicia. Un abogado de confianza&nbsp;<strong>abogado de lesiones de nacimiento<\/strong>&nbsp;puede ayudar a guiar a su familia en estos momentos dif\u00edciles.<\/p>\n\n\n\n<p>La distocia de hombros se produce cuando el hombro del beb\u00e9 se atasca detr\u00e1s del hueso p\u00e9lvico de la madre durante el parto. Esto puede provocar lesiones nerviosas, fracturas \u00f3seas e incluso falta de ox\u00edgeno si no se trata con rapidez y cuidado. La lesi\u00f3n nerviosa m\u00e1s com\u00fan derivada de la distocia de hombros se denomina lesi\u00f3n del plexo braquial, que puede causar debilidad, p\u00e9rdida de movimiento o incluso par\u00e1lisis permanente en el brazo del beb\u00e9.<\/p>\n\n\n\n<p>Los doctores y enfermeros deben actuar con rapidez y utilizar m\u00e9todos probados para liberar al beb\u00e9 de forma segura. Cuando se cometen errores, como tirar con demasiada fuerza o no reconocer el problema a tiempo, pueden producirse lesiones de por vida. Ah\u00ed es donde entra en juego un abogado especializado en lesiones durante el parto de Philadelphia. Ayudan a las familias a obtener respuestas sobre lo que sali\u00f3 mal y luchan por la atenci\u00f3n, el apoyo y la compensaci\u00f3n que los ni\u00f1os merecen.<\/p>\n\n\n\n<div class=\"wp-block-rank-math-toc-block\" id=\"rank-math-toc\"><h2>\u00cdndice<\/h2><nav><ul><li><a href=\"#shoulder-dystocia-nerve-injury-cases\">Casos de distocia de hombro y lesiones nerviosas<\/a><ul><li><a href=\"#how-shoulder-dystocia-causes-nerve-injury\">C\u00f3mo la distocia de hombros causa lesiones nerviosas<\/a><\/li><li><a href=\"#the-lasting-impact-of-birth-nerve-injuries\">El impacto duradero de las lesiones nerviosas durante el parto<\/a><\/li><li><a href=\"#what-to-expect-when-you-call-a-birth-injury-lawyer\">Qu\u00e9 esperar cuando llama a un abogado especializado en lesiones durante el parto<\/a><\/li><li><a href=\"#time-limits-for-taking-legal-action-in-pennsylvania\">Plazos para emprender acciones legales en Pensilvania<\/a><\/li><li><a href=\"#fa-qs-about-shoulder-dystocia-and-nerve-injury-from-birth-injury-in-philadelphia\">Preguntas frecuentes sobre la distocia de hombros y las lesiones nerviosas causadas por lesiones durante el parto en Philadelphia<\/a><\/li><li><a href=\"#birth-injury-types-medical-conditions\">Otros tipos de lesiones al nacer y recursos para afecciones m\u00e9dicas<\/a><\/li><\/ul><\/li><\/ul><\/nav><\/div>\n\n\n\n<h2 class=\"wp-block-heading\" id=\"how-shoulder-dystocia-causes-nerve-injury\">C\u00f3mo la distocia de hombros causa lesiones nerviosas<\/h2>\n\n\n\n<p>La distocia de hombros es una complicaci\u00f3n poco frecuente pero peligrosa en el parto. Se desarrolla de forma repentina, a menudo sin previo aviso. Una vez que sale la cabeza, el hombro del beb\u00e9 queda atrapado detr\u00e1s del hueso p\u00fabico de la madre. Si no se trata de inmediato y con la t\u00e9cnica adecuada, los m\u00e9dicos pueden aplicar demasiada fuerza o utilizar \u00e1ngulos inc\u00f3modos, lo que puede estirar o desgarrar los nervios del cuello y los hombros del beb\u00e9. Estos nervios forman el plexo braquial, que controla el movimiento de los brazos y las manos.<\/p>\n\n\n\n<p>Algunas causas comunes de la distocia de hombros incluyen beb\u00e9s m\u00e1s grandes que el promedio, diabetes en la mam\u00e1 o un parto largo y dif\u00edcil. Pero a veces, la distocia de hombros puede ocurrir incluso cuando no hay se\u00f1ales de advertencia claras. Cuando esto sucede, el equipo m\u00e9dico debe estar preparado con las habilidades y los conocimientos adecuados para actuar r\u00e1pidamente.<\/p>\n\n\n\n<p>Las lesiones del plexo braquial pueden ser de diferentes tipos. Algunos beb\u00e9s se recuperan en unas semanas, mientras que otros se enfrentan a retos para toda la vida. La par\u00e1lisis de Erb es un tipo muy conocido, que a menudo se caracteriza por debilidad o p\u00e9rdida de movimiento en la parte superior del brazo. En casos graves, los nervios se desprenden de la m\u00e9dula espinal, lo que provoca una par\u00e1lisis total del brazo. Esto puede suponer a\u00f1os de terapia, cirug\u00edas y cuidados especiales. Si a su hijo le han diagnosticado una lesi\u00f3n de nacimiento como esta, p\u00f3ngase en contacto con un abogado especializado en lesiones de nacimiento de Philly para explorar sus opciones legales.<\/p>\n\n\n\n<h2 class=\"wp-block-heading\" id=\"the-lasting-impact-of-birth-nerve-injuries\">El impacto duradero de las lesiones nerviosas durante el parto<\/h2>\n\n\n\n<p>Las lesiones nerviosas causadas por la distocia de hombros no solo afectan a los primeros d\u00edas o semanas de vida del beb\u00e9. Su impacto puede durar toda la vida. En algunos ni\u00f1os, la fisioterapia puede ayudarles a recuperar la fuerza y la movilidad. Otros pueden necesitar cirug\u00eda o sufrir discapacidades permanentes que afecten a actividades cotidianas como vestirse, alimentarse o jugar con sus amigos.<\/p>\n\n\n\n<p>La tensi\u00f3n emocional y financiera que sufren las familias puede ser abrumadora. Es posible que los padres tengan que faltar al trabajo para acudir a citas m\u00e9dicas. Quiz\u00e1s necesiten equipo especial para su hijo. Los ni\u00f1os podr\u00edan necesitar un Programa de Educaci\u00f3n Individualizada (IEP) en la escuela. Todos estos cambios pueden acumularse r\u00e1pidamente. Por eso es tan importante trabajar con un&nbsp;<strong>Philadelphia abogado de lesiones de nacimiento<\/strong>&nbsp;que entiende estos casos y sabe c\u00f3mo exigir una indemnizaci\u00f3n completa por todo lo que su familia necesita, ahora y en el futuro.<\/p>\n\n\n\n<p>Los doctores deben advertir a las familias sobre los riesgos si la madre tiene diabetes, est\u00e1 embarazada de un beb\u00e9 grande o ha tenido distocia de hombros en un parto anterior. Pero incluso si no hubiera factores de riesgo, los equipos m\u00e9dicos deben estar preparados para actuar. Si no lo hacen y su hijo sufre da\u00f1os, un abogado especializado en lesiones durante el parto puede ayudarle a que rindan cuentas.<\/p>\n\n\n\n<h2 class=\"wp-block-heading\" id=\"what-to-expect-when-you-call-a-birth-injury-lawyer\">Qu\u00e9 esperar cuando llama a un abogado especializado en lesiones durante el parto<\/h2>\n\n\n\n<p>Si cree que la lesi\u00f3n nerviosa de su hijo fue causada por errores antes, durante o despu\u00e9s del parto, lo mejor es buscar ayuda legal. Cuando se ponga en contacto con un abogado especializado en lesiones durante el parto de Philadelphia, comenzar\u00e1 con una consulta gratuita. El abogado escuchar\u00e1 su historia, revisar\u00e1 los registros m\u00e9dicos y le explicar\u00e1 sus opciones.<\/p>\n\n\n\n<p>No es necesario que sepa exactamente qu\u00e9 sucedi\u00f3. El trabajo del abogado es recopilar los hechos, colaborar con profesionales m\u00e9dicos y determinar si la lesi\u00f3n se podr\u00eda haber evitado. Si hay caso, su abogado presentar\u00e1 una demanda y luchar\u00e1 por obtener una indemnizaci\u00f3n que cubra los gastos m\u00e9dicos, la terapia, los ingresos perdidos y el dolor que han sufrido su hijo y su familia.<\/p>\n\n\n\n<p>Su abogado se encargar\u00e1 del papeleo y hablar\u00e1 con el hospital, los m\u00e9dicos y las compa\u00f1\u00edas de seguros, para que usted pueda centrarse en ayudar a su hijo a recuperarse. Si las lesiones de su hijo son graves, es posible que desee hablar con un&nbsp;<strong>abogado par\u00e1lisis cerebral<\/strong>&nbsp;Adem\u00e1s, ya que estos casos pueden ser complejos y requieren conocimientos especiales.<\/p>\n\n\n\n<h2 class=\"wp-block-heading\" id=\"time-limits-for-taking-legal-action-in-pennsylvania\">Plazos para emprender acciones legales en Pensilvania<\/h2>\n\n\n\n<p>La ley de Pensilvania concede a las familias un plazo determinado para presentar una demanda tras una lesi\u00f3n durante el parto. Esto se denomina plazo de prescripci\u00f3n. En la mayor\u00eda de los casos de lesiones personales, dispone de dos a\u00f1os desde el momento en que descubre la lesi\u00f3n. Sin embargo, en el caso de los menores, el plazo no comienza a correr hasta que el ni\u00f1o cumple 18 a\u00f1os, lo que les da hasta los 20 a\u00f1os para presentar la demanda en la mayor\u00eda de los casos. Existen normas especiales para los casos que involucran a hospitales p\u00fablicos o cl\u00ednicas gubernamentales.<\/p>\n\n\n\n<p>Tambi\u00e9n hay plazos estrictos para notificar a los hospitales p\u00fablicos, que en ocasiones son de tan solo seis meses. Por eso es tan importante ponerse en contacto con un&nbsp;<strong>Philadelphia abogado de lesiones personales<\/strong>&nbsp;Tan pronto como sospeche que algo sali\u00f3 mal durante el parto de su hijo. No cumplir con el plazo podr\u00eda significar perder la oportunidad de buscar justicia y apoyo para su hijo.<\/p>\n\n\n\n<h2 class=\"wp-block-heading\" id=\"fa-qs-about-shoulder-dystocia-and-nerve-injury-from-birth-injury-in-philadelphia\">Preguntas frecuentes sobre la distocia de hombros y las lesiones nerviosas causadas por lesiones durante el parto en Philadelphia<\/h2>\n\n\n\n<p><strong>\u00bfCu\u00e1les son los signos de una lesi\u00f3n nerviosa relacionada con el parto en mi beb\u00e9?<\/strong><br>Algunos signos incluyen debilidad en un brazo, un brazo fl\u00e1cido o paralizado, falta de movimiento en el hombro, dificultad para agarrar objetos con la mano o diferencia en los reflejos entre ambos brazos. Si nota estos signos, informe a su m\u00e9dico de inmediato y solicite una evaluaci\u00f3n.<\/p>\n\n\n\n<p><strong>\u00bfC\u00f3mo puedo saber si la lesi\u00f3n de mi hijo fue causada por negligencia m\u00e9dica?<\/strong><br>No siempre lo sabr\u00e1s de inmediato. Si sospechas que ha habido un error en el parto, un abogado especializado en lesiones durante el parto puede ayudarte a revisar tus registros m\u00e9dicos y consultar a expertos m\u00e9dicos. Comprobar\u00e1n si se sigui\u00f3 el est\u00e1ndar de atenci\u00f3n y si la lesi\u00f3n se podr\u00eda haber evitado.<\/p>\n\n\n\n<p><strong>\u00bfQu\u00e9 compensaci\u00f3n puede recibir mi familia si un abogado especializado en lesiones durante el parto gana mi caso?<\/strong><br>La indemnizaci\u00f3n puede cubrir gastos m\u00e9dicos, terapia, equipo especial, ingresos futuros perdidos y da\u00f1os y perjuicios. En casos graves, tambi\u00e9n puede incluir fondos para cuidados de por vida, apoyo educativo y modificaciones en el hogar para ayudar a su hijo a vivir lo m\u00e1s plenamente posible.<\/p>\n\n\n\n<p><strong>\u00bfCu\u00e1nto cuesta contratar a un abogado especializado en lesiones durante el parto en Philadelphia?<\/strong><br>La mayor\u00eda de los abogados especializados en lesiones durante el parto manejan estos casos con honorarios contingentes. Eso significa que no pagas nada por adelantado. El abogado solo cobra si ganas el caso o llegas a un acuerdo. Esto permite a las familias obtener la ayuda que necesitan sin preocuparse por grandes gastos legales.<\/p>\n\n\n\n<h2 class=\"wp-block-heading\" id=\"birth-injury-types-medical-conditions\"><strong>Otros tipos de lesiones de nacimiento y afecciones m\u00e9dicas<\/strong> Recursos<\/h2>\n\n\n\n<ul class=\"wp-block-list\">\n<li><a href=\"https:\/\/www.myphillylawyer.com\/es\/areas-de-practica\/lesiones-de-nacimiento\/encefalopatia-isquemica-hipoxica-hie-en-recien-nacidos\/\">Encefalopat\u00eda hip\u00f3xico-isqu\u00e9mica (HIE) en reci\u00e9n nacidos<\/a><\/li>\n\n\n\n<li><a href=\"https:\/\/www.myphillylawyer.com\/es\/areas-de-practica\/lesiones-de-nacimiento\/lesiones-de-la-medula-espinal-durante-el-parto-y-el-alumbramiento\/\">Lesiones medulares durante el parto<\/a><\/li>\n\n\n\n<li><a href=\"https:\/\/www.myphillylawyer.com\/es\/areas-de-practica\/lesiones-de-nacimiento\/lesiones-por-privacion-de-oxigeno-y-asfixia-perinatal\/\">Asfixia perinatal y lesiones por privaci\u00f3n de ox\u00edgeno<\/a><\/li>\n\n\n\n<li><a href=\"https:\/\/www.myphillylawyer.com\/es\/areas-de-practica\/lesiones-de-nacimiento\/explicacion-del-caput-succedaneum-cefalohematoma\/\">Explicaci\u00f3n del caput succedaneum y el cefalohematoma<\/a><\/li>\n\n\n\n<li><a href=\"https:\/\/www.myphillylawyer.com\/es\/areas-de-practica\/lesiones-de-nacimiento\/dano-cerebral-relacionado-con-el-nacimiento-y-deficiencias-cognitivas\/\">Da\u00f1os cerebrales y trastornos cognitivos relacionados con el nacimiento<\/a><\/li>\n\n\n\n<li><a href=\"https:\/\/www.myphillylawyer.com\/es\/areas-de-practica\/lesiones-de-nacimiento\/fracturas-y-lesiones-ortopedicas-al-nacer\/\">Fracturas y lesiones ortop\u00e9dicas al nacer<\/a><\/li>\n\n\n\n<li><a href=\"https:\/\/www.myphillylawyer.com\/es\/areas-de-practica\/lesiones-de-nacimiento\/paralisis-facial-por-traumatismo-durante-el-parto\/\">Par\u00e1lisis facial por traumatismo al nacer<\/a><\/li>\n\n\n\n<li><strong>Casos de distocia de hombro y lesiones nerviosas<\/strong><\/li>\n\n\n\n<li><a href=\"https:\/\/www.myphillylawyer.com\/es\/areas-de-practica\/lesiones-de-nacimiento\/demandas-por-paralisis-del-plexo-braquial\/\">Demandas por par\u00e1lisis de Erb y plexo braquial<\/a><\/li>\n\n\n\n<li><a href=\"https:\/\/www.myphillylawyer.com\/es\/areas-de-practica\/lesiones-de-nacimiento\/comprender-las-demandas-por-lesiones-cerebrales-congenitas-en-filadelfia\/\">Comprender las demandas por lesiones de nacimiento por par\u00e1lisis cerebral en Philadelphia<\/a><\/li>\n<\/ul>","protected":false},"excerpt":{"rendered":"<p>Casos de distocia de hombros y lesiones nerviosas Traer un hijo al mundo deber\u00eda ser un momento de felicidad y esperanza para las familias. Sin embargo, a veces se producen complicaciones durante el parto que pueden cambiar la vida de una familia para siempre. La distocia de hombros es una de esas emergencias que pueden provocar lesiones nerviosas graves en los reci\u00e9n nacidos. Si su hijo o...<\/p>","protected":false},"author":14,"featured_media":0,"parent":27,"menu_order":0,"comment_status":"closed","ping_status":"closed","template":"","meta":{"_acf_changed":false,"jetpack_post_was_ever_published":false,"footnotes":""},"class_list":["post-14544","page","type-page","status-publish","hentry"],"acf":[],"jetpack_sharing_enabled":true,"_links":{"self":[{"href":"https:\/\/www.myphillylawyer.com\/es\/wp-json\/wp\/v2\/pages\/14544","targetHints":{"allow":["GET"]}}],"collection":[{"href":"https:\/\/www.myphillylawyer.com\/es\/wp-json\/wp\/v2\/pages"}],"about":[{"href":"https:\/\/www.myphillylawyer.com\/es\/wp-json\/wp\/v2\/types\/page"}],"author":[{"embeddable":true,"href":"https:\/\/www.myphillylawyer.com\/es\/wp-json\/wp\/v2\/users\/14"}],"replies":[{"embeddable":true,"href":"https:\/\/www.myphillylawyer.com\/es\/wp-json\/wp\/v2\/comments?post=14544"}],"version-history":[{"count":5,"href":"https:\/\/www.myphillylawyer.com\/es\/wp-json\/wp\/v2\/pages\/14544\/revisions"}],"predecessor-version":[{"id":14622,"href":"https:\/\/www.myphillylawyer.com\/es\/wp-json\/wp\/v2\/pages\/14544\/revisions\/14622"}],"up":[{"embeddable":true,"href":"https:\/\/www.myphillylawyer.com\/es\/wp-json\/wp\/v2\/pages\/27"}],"wp:attachment":[{"href":"https:\/\/www.myphillylawyer.com\/es\/wp-json\/wp\/v2\/media?parent=14544"}],"curies":[{"name":"wp","href":"https:\/\/api.w.org\/{rel}","templated":true}]}}