{"id":14553,"date":"2025-12-02T09:29:42","date_gmt":"2025-12-02T14:29:42","guid":{"rendered":"https:\/\/www.myphillylawyer.com\/?page_id=14553"},"modified":"2025-12-02T10:22:31","modified_gmt":"2025-12-02T15:22:31","slug":"dano-cerebral-relacionado-con-el-nacimiento-y-deficiencias-cognitivas","status":"publish","type":"page","link":"https:\/\/www.myphillylawyer.com\/es\/areas-de-practica\/lesiones-de-nacimiento\/dano-cerebral-relacionado-con-el-nacimiento-y-deficiencias-cognitivas\/","title":{"rendered":"Da\u00f1os cerebrales y trastornos cognitivos relacionados con el nacimiento"},"content":{"rendered":"<h1 class=\"wp-block-heading\">Da\u00f1os cerebrales y trastornos cognitivos relacionados con el nacimiento<\/h1>\n\n\n\n<p>El da\u00f1o cerebral relacionado con el parto puede cambiar la vida de un ni\u00f1o para siempre. Cuando el cerebro de un reci\u00e9n nacido sufre una lesi\u00f3n durante el parto, las consecuencias pueden ser devastadoras. Algunos ni\u00f1os se enfrentan a retos de por vida, como discapacidades cognitivas y retrasos en el desarrollo. Las familias pueden necesitar amplios recursos para ayudar a sus hijos a adaptarse y prosperar. Si cree que un error o una negligencia causaron la lesi\u00f3n cerebral de su hijo, un&nbsp;<a href=\"https:\/\/www.myphillylawyer.com\/es\/areas-de-practica\/lesiones-de-nacimiento\/\" target=\"_blank\" rel=\"noreferrer noopener\">Philadelphia abogado de lesiones de nacimiento<\/a>&nbsp;puede ayudarle a comprender sus derechos legales.<\/p>\n\n\n\n<p>Los equipos m\u00e9dicos deben monitorear cuidadosamente tanto a la madre como al beb\u00e9 durante todo el parto y el alumbramiento. Cuando se producen problemas como la falta de ox\u00edgeno (hipoxia), el uso inadecuado de los instrumentos de parto o infecciones no diagnosticadas, los beb\u00e9s pueden sufrir lesiones cerebrales graves. Es posible que estas lesiones no se manifiesten de inmediato, pero con el tiempo, los padres pueden notar que su hijo no alcanza los hitos t\u00edpicos del desarrollo. Por eso es tan importante la intervenci\u00f3n temprana y por eso es importante contar con apoyo legal si sospecha que se ha producido una lesi\u00f3n durante el parto.<\/p>\n\n\n\n<h2 class=\"wp-block-heading\">Causas comunes de da\u00f1o cerebral relacionado con el parto<\/h2>\n\n\n\n<p>Hay varias formas en que el cerebro de un beb\u00e9 puede sufrir da\u00f1os durante el parto. Las causas m\u00e1s comunes incluyen la falta de ox\u00edgeno, traumatismos durante el parto e infecciones no tratadas. Por ejemplo, si el cord\u00f3n umbilical del beb\u00e9 se comprime, el flujo de sangre y ox\u00edgeno puede reducirse. Esto puede provocar una encefalopat\u00eda hip\u00f3xico-isqu\u00e9mica (HIE), una afecci\u00f3n grave con efectos duraderos. Otros riesgos incluyen el uso incorrecto de f\u00f3rceps o extractores de vac\u00edo, que pueden causar lesiones f\u00edsicas en el cerebro.<\/p>\n\n\n\n<p>Los proveedores m\u00e9dicos tienen el deber de reconocer y abordar estos riesgos. Si no realizan una ces\u00e1rea de emergencia cuando es necesario o ignoran los signos de sufrimiento fetal, las consecuencias pueden ser tr\u00e1gicas. A veces, infecciones como la meningitis no se diagnostican o tratan con la suficiente rapidez, lo que provoca inflamaci\u00f3n y lesiones cerebrales. En muchas situaciones, una actuaci\u00f3n r\u00e1pida puede prevenir o reducir el da\u00f1o. Si cree que ha habido negligencia m\u00e9dica, un&nbsp;<a href=\"https:\/\/www.myphillylawyer.com\/es\/areas-de-practica\/lesiones-de-nacimiento\/\" target=\"_blank\" rel=\"noreferrer noopener\">Philly abogado de lesiones de nacimiento<\/a>&nbsp;puede revisar su caso y ayudarle a buscar respuestas.<\/p>\n\n\n\n<h2 class=\"wp-block-heading\">Reconocer los trastornos cognitivos despu\u00e9s de una lesi\u00f3n durante el parto<\/h2>\n\n\n\n<p>Las deficiencias cognitivas causadas por da\u00f1os cerebrales relacionados con el nacimiento pueden manifestarse de muchas formas. Algunos ni\u00f1os pueden tener dificultades para aprender, hablar o recordar cosas. Otros pueden tener problemas para concentrarse o resolver problemas. Estos problemas pueden tardar meses o incluso a\u00f1os en manifestarse claramente. Por ejemplo, los s\u00edntomas pueden incluir retrasos en sentarse, gatear o caminar. A medida que el ni\u00f1o crece, pueden aparecer dificultades de aprendizaje o problemas de atenci\u00f3n.<\/p>\n\n\n\n<p>Los padres suelen ser los primeros en notar estos retrasos. Si su hijo no alcanza los hitos del desarrollo o parece tener dificultades para aprender, hable con su pediatra. La detecci\u00f3n y la intervenci\u00f3n tempranas pueden marcar una gran diferencia. En casos graves, los ni\u00f1os pueden ser diagnosticados con afecciones como par\u00e1lisis cerebral, discapacidad intelectual o epilepsia. Si a su hijo le han diagnosticado una lesi\u00f3n relacionada con el parto, es posible que desee ponerse en contacto con un&nbsp;<a href=\"https:\/\/www.myphillylawyer.com\/es\/areas-de-practica\/lesiones-de-nacimiento\/paralisis-cerebral\/\" target=\"_blank\" rel=\"noreferrer noopener\">abogado par\u00e1lisis cerebral<\/a>&nbsp;para discutir sus opciones legales.<\/p>\n\n\n\n<h2 class=\"wp-block-heading\">Efectos a largo plazo y apoyo a las familias<\/h2>\n\n\n\n<p>Los efectos del da\u00f1o cerebral al nacer pueden durar toda la vida. Algunos ni\u00f1os necesitan ayuda con tareas b\u00e1sicas, mientras que otros requieren terapia y apoyo continuos en la escuela. Los tratamientos pueden incluir fisioterapia, terapia ocupacional, terapia del habla y servicios de educaci\u00f3n especial. El costo de la atenci\u00f3n puede aumentar r\u00e1pidamente, lo que supone una carga financiera para las familias.<\/p>\n\n\n\n<p>Navegar por los sistemas de salud y escolares puede resultar abrumador. Muchos padres tambi\u00e9n luchan emocionalmente, preocupados por el futuro de sus hijos. Si los errores m\u00e9dicos provocaron lesiones a su hijo, trabajar con un&nbsp;<a href=\"https:\/\/www.myphillylawyer.com\/es\/\" target=\"_blank\" rel=\"noreferrer noopener\">Philadelphia abogado de lesiones personales<\/a>&nbsp;puede ayudarle a solicitar una indemnizaci\u00f3n por gastos m\u00e9dicos, terapia y otras necesidades. Este apoyo puede garantizar que su hijo tenga acceso a los recursos necesarios para alcanzar su m\u00e1ximo potencial.<\/p>\n\n\n\n<h2 class=\"wp-block-heading\">C\u00f3mo un abogado especializado en lesiones durante el parto puede ayudar a su familia<\/h2>\n\n\n\n<p>Cuando un ni\u00f1o sufre da\u00f1o cerebral debido a una lesi\u00f3n durante el parto, las familias merecen respuestas y apoyo. A&nbsp;<a href=\"https:\/\/www.myphillylawyer.com\/es\/areas-de-practica\/lesiones-de-nacimiento\/\" target=\"_blank\" rel=\"noreferrer noopener\">Philadelphia abogado de lesiones de nacimiento<\/a>&nbsp;investigar\u00e1 su historial m\u00e9dico, consultar\u00e1 con especialistas en pediatr\u00eda y neurolog\u00eda, y determinar\u00e1 si hubo negligencia. Le explicar\u00e1n sus derechos legales, le guiar\u00e1n a lo largo del proceso de reclamaci\u00f3n y luchar\u00e1n por obtener una indemnizaci\u00f3n justa.<\/p>\n\n\n\n<p>La indemnizaci\u00f3n obtenida en un caso exitoso puede cubrir los gastos m\u00e9dicos, la atenci\u00f3n futura, el equipo de adaptaci\u00f3n, el asesoramiento, la educaci\u00f3n especial y mucho m\u00e1s. Las acciones legales tambi\u00e9n fomentan pr\u00e1cticas m\u00e1s seguras en hospitales y cl\u00ednicas. Si no sabe por d\u00f3nde empezar, lo m\u00e1s inteligente es ponerse en contacto con un abogado especializado en casos de lesiones durante el parto.<\/p>\n\n\n\n<h2 class=\"wp-block-heading\">Preguntas frecuentes sobre el da\u00f1o cerebral relacionado con el nacimiento y los trastornos cognitivos<\/h2>\n\n\n\n<p><strong>\u00bfCu\u00e1les son los signos comunes de da\u00f1o cerebral en un reci\u00e9n nacido?<\/strong><br>Los signos pueden incluir convulsiones, reflejos d\u00e9biles o ausentes, tono muscular deficiente, dificultades para alimentarse y retrasos en el movimiento o el habla. A medida que su hijo crezca, es posible que note problemas de aprendizaje o de comportamiento.<\/p>\n\n\n\n<p><strong>\u00bfCu\u00e1nto tiempo tengo para presentar una demanda por lesiones cerebrales relacionadas con el parto en Pensilvania?<\/strong><br>La ley de Pensilvania generalmente otorga a los padres dos a\u00f1os para presentar una demanda. Sin embargo, cuando la persona lesionada es menor de edad, el plazo no comienza a correr hasta que el ni\u00f1o cumple 18 a\u00f1os. Debe hablar con un&nbsp;<a href=\"https:\/\/www.myphillylawyer.com\/es\/areas-de-practica\/lesiones-de-nacimiento\/\" target=\"_blank\" rel=\"noreferrer noopener\">Philly abogado de lesiones de nacimiento<\/a>&nbsp;lo antes posible para proteger sus derechos.<\/p>\n\n\n\n<p><strong>\u00bfQu\u00e9 tipos de indemnizaci\u00f3n existen para las reclamaciones por lesiones durante el parto?<\/strong><br>Las familias pueden solicitar una indemnizaci\u00f3n por gastos m\u00e9dicos, terapia, equipo especializado, apoyo educativo, da\u00f1os y perjuicios y, en ocasiones, por la p\u00e9rdida de ingresos futuros del ni\u00f1o. Un abogado con experiencia le ayudar\u00e1 a identificar todas las posibles fuentes de indemnizaci\u00f3n.<\/p>\n\n\n\n<p><strong>\u00bfDebo contratar a un abogado si el hospital afirma que la lesi\u00f3n de mi hijo fue inevitable?<\/strong><br>S\u00ed. Los hospitales y sus aseguradoras suelen negar su responsabilidad. A&nbsp;<a href=\"https:\/\/www.myphillylawyer.com\/es\/\" target=\"_blank\" rel=\"noreferrer noopener\">Philadelphia abogado de lesiones personales<\/a>&nbsp;puede revisar los hechos y consultar con expertos m\u00e9dicos para determinar si la negligencia contribuy\u00f3 a la lesi\u00f3n de su hijo. El apoyo legal puede dar respuestas a su familia y ayudar a garantizar los recursos que su hijo necesita.<\/p>\n\n\n\n<h2 class=\"wp-block-heading\" id=\"birth-injury-types-medical-conditions\"><strong>Otros tipos de lesiones de nacimiento y afecciones m\u00e9dicas<\/strong> Recursos<\/h2>\n\n\n\n<ul class=\"wp-block-list\">\n<li><a href=\"https:\/\/www.myphillylawyer.com\/es\/areas-de-practica\/lesiones-de-nacimiento\/encefalopatia-isquemica-hipoxica-hie-en-recien-nacidos\/\">Encefalopat\u00eda hip\u00f3xico-isqu\u00e9mica (HIE) en reci\u00e9n nacidos<\/a><\/li>\n\n\n\n<li><a href=\"https:\/\/www.myphillylawyer.com\/es\/areas-de-practica\/lesiones-de-nacimiento\/lesiones-de-la-medula-espinal-durante-el-parto-y-el-alumbramiento\/\">Lesiones medulares durante el parto<\/a><\/li>\n\n\n\n<li><a href=\"https:\/\/www.myphillylawyer.com\/es\/areas-de-practica\/lesiones-de-nacimiento\/lesiones-por-privacion-de-oxigeno-y-asfixia-perinatal\/\">Asfixia perinatal y lesiones por privaci\u00f3n de ox\u00edgeno<\/a><\/li>\n\n\n\n<li><a href=\"https:\/\/www.myphillylawyer.com\/es\/areas-de-practica\/lesiones-de-nacimiento\/explicacion-del-caput-succedaneum-cefalohematoma\/\">Explicaci\u00f3n del caput succedaneum y el cefalohematoma<\/a><\/li>\n\n\n\n<li><strong>Da\u00f1os cerebrales y trastornos cognitivos relacionados con el nacimiento<\/strong><\/li>\n\n\n\n<li><a href=\"https:\/\/www.myphillylawyer.com\/es\/areas-de-practica\/lesiones-de-nacimiento\/fracturas-y-lesiones-ortopedicas-al-nacer\/\">Fracturas y lesiones ortop\u00e9dicas al nacer<\/a><\/li>\n\n\n\n<li><a href=\"https:\/\/www.myphillylawyer.com\/es\/areas-de-practica\/lesiones-de-nacimiento\/paralisis-facial-por-traumatismo-durante-el-parto\/\">Par\u00e1lisis facial por traumatismo al nacer<\/a><\/li>\n\n\n\n<li><a href=\"https:\/\/www.myphillylawyer.com\/es\/areas-de-practica\/lesiones-de-nacimiento\/casos-de-lesiones-nerviosas-por-distocia-de-hombros\/\">Casos de distocia de hombro y lesiones nerviosas<\/a><\/li>\n\n\n\n<li><a href=\"https:\/\/www.myphillylawyer.com\/es\/areas-de-practica\/lesiones-de-nacimiento\/demandas-por-paralisis-del-plexo-braquial\/\">Demandas por par\u00e1lisis de Erb y plexo braquial<\/a><\/li>\n\n\n\n<li><a href=\"https:\/\/www.myphillylawyer.com\/es\/areas-de-practica\/lesiones-de-nacimiento\/comprender-las-demandas-por-lesiones-cerebrales-congenitas-en-filadelfia\/\">Comprender las demandas por lesiones de nacimiento por par\u00e1lisis cerebral en Philadelphia<\/a><\/li>\n<\/ul>","protected":false},"excerpt":{"rendered":"<p>Da\u00f1o cerebral relacionado con el nacimiento y discapacidades cognitivas El da\u00f1o cerebral relacionado con el nacimiento puede cambiar la vida de un ni\u00f1o para siempre. Cuando el cerebro de un reci\u00e9n nacido sufre una lesi\u00f3n durante el parto, las consecuencias pueden ser devastadoras. Algunos ni\u00f1os se enfrentan a retos de por vida, como discapacidades cognitivas y retrasos en el desarrollo. Las familias pueden necesitar amplios recursos para ayudar a sus hijos a adaptarse y prosperar. Si...<\/p>","protected":false},"author":14,"featured_media":0,"parent":27,"menu_order":0,"comment_status":"closed","ping_status":"closed","template":"","meta":{"_acf_changed":false,"jetpack_post_was_ever_published":false,"footnotes":""},"class_list":["post-14553","page","type-page","status-publish","hentry"],"acf":[],"jetpack_sharing_enabled":true,"_links":{"self":[{"href":"https:\/\/www.myphillylawyer.com\/es\/wp-json\/wp\/v2\/pages\/14553","targetHints":{"allow":["GET"]}}],"collection":[{"href":"https:\/\/www.myphillylawyer.com\/es\/wp-json\/wp\/v2\/pages"}],"about":[{"href":"https:\/\/www.myphillylawyer.com\/es\/wp-json\/wp\/v2\/types\/page"}],"author":[{"embeddable":true,"href":"https:\/\/www.myphillylawyer.com\/es\/wp-json\/wp\/v2\/users\/14"}],"replies":[{"embeddable":true,"href":"https:\/\/www.myphillylawyer.com\/es\/wp-json\/wp\/v2\/comments?post=14553"}],"version-history":[{"count":4,"href":"https:\/\/www.myphillylawyer.com\/es\/wp-json\/wp\/v2\/pages\/14553\/revisions"}],"predecessor-version":[{"id":14618,"href":"https:\/\/www.myphillylawyer.com\/es\/wp-json\/wp\/v2\/pages\/14553\/revisions\/14618"}],"up":[{"embeddable":true,"href":"https:\/\/www.myphillylawyer.com\/es\/wp-json\/wp\/v2\/pages\/27"}],"wp:attachment":[{"href":"https:\/\/www.myphillylawyer.com\/es\/wp-json\/wp\/v2\/media?parent=14553"}],"curies":[{"name":"wp","href":"https:\/\/api.w.org\/{rel}","templated":true}]}}