{"id":14554,"date":"2025-12-02T09:29:56","date_gmt":"2025-12-02T14:29:56","guid":{"rendered":"https:\/\/www.myphillylawyer.com\/?page_id=14554"},"modified":"2025-12-02T10:22:21","modified_gmt":"2025-12-02T15:22:21","slug":"explicacion-del-caput-succedaneum-cefalohematoma","status":"publish","type":"page","link":"https:\/\/www.myphillylawyer.com\/es\/areas-de-practica\/lesiones-de-nacimiento\/explicacion-del-caput-succedaneum-cefalohematoma\/","title":{"rendered":"Explicaci\u00f3n del caput succedaneum y el cefalohematoma"},"content":{"rendered":"<h1 class=\"wp-block-heading\" id=\"caput-succedaneum-cephalohematoma-explained\">Explicaci\u00f3n del caput succedaneum y el cefalohematoma<\/h1>\n\n\n\n<p>El caput succedaneum y el cefalohematoma son dos tipos de inflamaciones del cuero cabelludo que pueden aparecer en los reci\u00e9n nacidos durante o despu\u00e9s del parto. Aunque ambas afecciones implican inflamaci\u00f3n en la cabeza del beb\u00e9, tienen diferencias y consecuencias espec\u00edficas. Como padre, ver cualquier inflamaci\u00f3n en su reci\u00e9n nacido puede ser alarmante. Sin embargo, comprender qu\u00e9 significan estos t\u00e9rminos, sus causas y las mejores formas de cuidar a su hijo puede ayudarle a aliviar sus preocupaciones. Si sospecha que la afecci\u00f3n de su hijo se debe a t\u00e9cnicas de parto inadecuadas o negligencia m\u00e9dica, un&nbsp;<a href=\"https:\/\/www.myphillylawyer.com\/es\/areas-de-practica\/lesiones-de-nacimiento\/\" target=\"_blank\" rel=\"noreferrer noopener\">Philadelphia abogado de lesiones de nacimiento<\/a>&nbsp;puede ayudarle a revisar su caso y asesorarle sobre los siguientes pasos a seguir.<\/p>\n\n\n\n<div class=\"wp-block-rank-math-toc-block\" id=\"rank-math-toc\"><h2>\u00cdndice<\/h2><nav><ul><li><a href=\"#caput-succedaneum-cephalohematoma-explained\">Explicaci\u00f3n del caput succedaneum y el cefalohematoma<\/a><ul><li><a href=\"#what-is-caput-succedaneum\">\u00bfQu\u00e9 es el caput succedaneum?<\/a><\/li><li><a href=\"#understanding-cephalohematoma\">Comprender el cefalohematoma<\/a><\/li><li><a href=\"#how-are-caput-succedaneum-and-cephalohematoma-diagnosed\">\u00bfC\u00f3mo se diagnostican el caput succedaneum y el cefalohematoma?<\/a><\/li><li><a href=\"#treatment-and-when-to-seek-legal-help\">Tratamiento y cu\u00e1ndo buscar ayuda legal<\/a><\/li><li><a href=\"#fa-qs-about-caput-succedaneum-cephalohematoma-explained\">Preguntas frecuentes sobre el caput succedaneum y el cefalohematoma explicadas<\/a><\/li><li><a href=\"#birth-injury-types-medical-conditions\">Otros tipos de lesiones al nacer y recursos para afecciones m\u00e9dicas<\/a><\/li><\/ul><\/li><\/ul><\/nav><\/div>\n\n\n\n<h2 class=\"wp-block-heading\" id=\"what-is-caput-succedaneum\">\u00bfQu\u00e9 es el caput succedaneum?<\/h2>\n\n\n\n<p>El caput succedaneum es una zona blanda e hinchada en el cuero cabelludo de un reci\u00e9n nacido. A menudo aparece justo despu\u00e9s del nacimiento. Esta hinchaz\u00f3n es causada por la presi\u00f3n durante el parto, generalmente cuando la cabeza del beb\u00e9 pasa por el canal de parto. La presi\u00f3n puede hacer que se acumule l\u00edquido debajo de la piel del cuero cabelludo, lo que provoca hinchaz\u00f3n y, en ocasiones, moretones.<\/p>\n\n\n\n<p>El caput succedaneum es m\u00e1s com\u00fan en beb\u00e9s nacidos por parto vaginal, especialmente cuando el parto es prolongado o cuando se utilizan extractores de vac\u00edo. La inflamaci\u00f3n suele cruzar la l\u00ednea media del cuero cabelludo y es suave al tacto. Aunque parece preocupante, el caput succedaneum suele ser inofensivo y desaparece por s\u00ed solo en unos d\u00edas. Por lo general, no se necesita tratamiento, pero los pap\u00e1s deben vigilar la zona para detectar cualquier cambio o signo de infecci\u00f3n.<\/p>\n\n\n\n<p>Aunque el caput succedaneum suele ser benigno, es importante que los m\u00e9dicos sepan distinguir entre esta afecci\u00f3n y lesiones m\u00e1s graves. Si observa hinchaz\u00f3n excesiva, enrojecimiento o si su beb\u00e9 parece inc\u00f3modo, p\u00f3ngase en contacto con su pediatra para que le tranquilice.<\/p>\n\n\n\n<h2 class=\"wp-block-heading\" id=\"understanding-cephalohematoma\">Comprender el cefalohematoma<\/h2>\n\n\n\n<p>El cefalohematoma es una acumulaci\u00f3n de sangre entre el hueso del cr\u00e1neo del beb\u00e9 y la fina membrana que lo recubre. A diferencia del caput succedaneum, esta inflamaci\u00f3n no cruza las l\u00edneas de sutura del cr\u00e1neo. Los cefalohematomas pueden aparecer horas despu\u00e9s del nacimiento y aumentar de tama\u00f1o durante los primeros d\u00edas. Suelen estar relacionados con partos dif\u00edciles, especialmente si se han utilizado f\u00f3rceps o extractores de vac\u00edo para ayudar en el parto.<\/p>\n\n\n\n<p>Estas inflamaciones son m\u00e1s firmes que el caput succedaneum y pueden tardar semanas o incluso meses en desaparecer. Aunque los cefalohematomas suelen reducirse con el tiempo sin necesidad de intervenci\u00f3n, existe riesgo de complicaciones. Entre ellas se incluyen la ictericia (debido a la descomposici\u00f3n de los gl\u00f3bulos rojos en la sangre acumulada), infecciones o, en raras ocasiones, anemia. La mayor\u00eda de los beb\u00e9s se recuperan por completo, pero es importante que los m\u00e9dicos supervisen el cefalohematoma mientras se cura.<\/p>\n\n\n\n<p>Si cree que el uso de instrumentos de parto o errores m\u00e9dicos contribuyeron al cefalohematoma de su hijo, comun\u00edquese con un&nbsp;<a href=\"https:\/\/www.myphillylawyer.com\/es\/areas-de-practica\/lesiones-de-nacimiento\/\" target=\"_blank\" rel=\"noreferrer noopener\">Philly abogado de lesiones de nacimiento<\/a>&nbsp;para discutir sus opciones.<\/p>\n\n\n\n<h2 class=\"wp-block-heading\" id=\"how-are-caput-succedaneum-and-cephalohematoma-diagnosed\">\u00bfC\u00f3mo se diagnostican el caput succedaneum y el cefalohematoma?<\/h2>\n\n\n\n<p>Los m\u00e9dicos suelen diagnosticar el caput succedaneum y el cefalohematoma examinando la cabeza del beb\u00e9 y revisando los detalles del parto. El caput succedaneum se identifica por una inflamaci\u00f3n suave e hinchada que a menudo cubre un \u00e1rea m\u00e1s amplia y cruza el centro del cuero cabelludo. El cefalohematoma, por el contrario, es m\u00e1s firme, se nota m\u00e1s definido y se limita a un lado de la cabeza o a un hueso.<\/p>\n\n\n\n<p>Por lo general, no se necesitan pruebas de imagen, a menos que el m\u00e9dico sospeche que hay una fractura de cr\u00e1neo u otras complicaciones. Ambas afecciones son visibles en el cuero cabelludo y, por lo general, no afectan al cerebro ni al desarrollo del beb\u00e9. Sin embargo, es importante realizar un diagn\u00f3stico adecuado, ya que un diagn\u00f3stico err\u00f3neo puede provocar preocupaciones innecesarias o pasar por alto complicaciones. Si la inflamaci\u00f3n de su hijo se pas\u00f3 por alto o no se trat\u00f3 con el cuidado suficiente, un&nbsp;<a href=\"https:\/\/www.myphillylawyer.com\/es\/\" target=\"_blank\" rel=\"noreferrer noopener\">Philadelphia abogado de lesiones personales<\/a>&nbsp;puede ayudarle a conocer sus derechos legales.<\/p>\n\n\n\n<h2 class=\"wp-block-heading\" id=\"treatment-and-when-to-seek-legal-help\">Tratamiento y cu\u00e1ndo buscar ayuda legal<\/h2>\n\n\n\n<p>El caput succedaneum rara vez necesita tratamiento. La inflamaci\u00f3n desaparece por s\u00ed sola en unos pocos d\u00edas. El cefalohematoma, aunque tambi\u00e9n suele ser inofensivo, puede tardar semanas o meses en desaparecer. Los m\u00e9dicos estar\u00e1n atentos a posibles complicaciones como ictericia, infecci\u00f3n o anemia. En casos excepcionales, un cefalohematoma puede requerir intervenci\u00f3n m\u00e9dica, especialmente si se infecta o es muy grande.<\/p>\n\n\n\n<p>Los padres deben vigilar la inflamaci\u00f3n y ponerse en contacto con el m\u00e9dico si observan enrojecimiento, calor, pus o si el beb\u00e9 parece inquieto o tiene problemas para alimentarse. A veces, las lesiones durante el parto son un signo de t\u00e9cnicas de parto inadecuadas. Si cree que la lesi\u00f3n en el cuero cabelludo de su hijo se debe a una negligencia m\u00e9dica, no dude en hablar con un&nbsp;<a href=\"https:\/\/www.myphillylawyer.com\/es\/areas-de-practica\/lesiones-de-nacimiento\/\" target=\"_blank\" rel=\"noreferrer noopener\">Philadelphia abogado de lesiones de nacimiento<\/a>. Los expertos legales pueden ayudar a su familia a obtener justicia y acceder a recursos para cualquier efecto a largo plazo.<\/p>\n\n\n\n<h2 class=\"wp-block-heading\" id=\"fa-qs-about-caput-succedaneum-cephalohematoma-explained\">Preguntas frecuentes sobre el caput succedaneum y el cefalohematoma explicadas<\/h2>\n\n\n\n<p><strong>\u00bfCu\u00e1les son las principales diferencias entre el caput succedaneum y el cefalohematoma?<\/strong><br>El caput succedaneum es una inflamaci\u00f3n con l\u00edquido justo debajo del cuero cabelludo y a menudo cruza la l\u00ednea media, mientras que el cefalohematoma es una acumulaci\u00f3n de sangre que permanece dentro de una zona \u00f3sea y no cruza las l\u00edneas de sutura.<\/p>\n\n\n\n<p><strong>\u00bfDebo preocuparme si mi reci\u00e9n nacido tiene alguna de estas afecciones?<\/strong><br>La mayor\u00eda de los casos de caput succedaneum y cefalohematoma se curan sin problemas duraderos. Aun as\u00ed, debe mantenerse en contacto con su m\u00e9dico, especialmente si observa signos de infecci\u00f3n o si la inflamaci\u00f3n no mejora.<\/p>\n\n\n\n<p><strong>\u00bfPueden estas lesiones ser causadas por errores durante el parto?<\/strong><br>S\u00ed, ambas afecciones pueden ser consecuencia de partos dif\u00edciles o asistidos, especialmente cuando se utilizan f\u00f3rceps o extractores de vac\u00edo. Si sospecha que ha recibido una atenci\u00f3n inadecuada, p\u00f3ngase en contacto con un&nbsp;<a href=\"https:\/\/www.myphillylawyer.com\/es\/areas-de-practica\/lesiones-de-nacimiento\/\" target=\"_blank\" rel=\"noreferrer noopener\">Philly abogado de lesiones de nacimiento<\/a>&nbsp;para revisar su situaci\u00f3n.<\/p>\n\n\n\n<p><strong>\u00bfQu\u00e9 debo hacer si mi hijo presenta complicaciones derivadas de una lesi\u00f3n en el cuero cabelludo al nacer?<\/strong><br>Comun\u00edquese con su pediatra de inmediato para hablar sobre cualquier inquietud. Si considera que la lesi\u00f3n no se trat\u00f3 adecuadamente o fue resultado de negligencia, un&nbsp;<a href=\"https:\/\/www.myphillylawyer.com\/es\/\" target=\"_blank\" rel=\"noreferrer noopener\">Philadelphia abogado de lesiones personales<\/a>&nbsp;puede orientarle sobre las opciones de compensaci\u00f3n y apoyo disponibles.<\/p>\n\n\n\n<h2 class=\"wp-block-heading\" id=\"birth-injury-types-medical-conditions\"><strong>Otros tipos de lesiones de nacimiento y afecciones m\u00e9dicas<\/strong> Recursos<\/h2>\n\n\n\n<ul class=\"wp-block-list\">\n<li><a href=\"https:\/\/www.myphillylawyer.com\/es\/areas-de-practica\/lesiones-de-nacimiento\/encefalopatia-isquemica-hipoxica-hie-en-recien-nacidos\/\">Encefalopat\u00eda hip\u00f3xico-isqu\u00e9mica (HIE) en reci\u00e9n nacidos<\/a><\/li>\n\n\n\n<li><a href=\"https:\/\/www.myphillylawyer.com\/es\/areas-de-practica\/lesiones-de-nacimiento\/lesiones-de-la-medula-espinal-durante-el-parto-y-el-alumbramiento\/\">Lesiones medulares durante el parto<\/a><\/li>\n\n\n\n<li><a href=\"https:\/\/www.myphillylawyer.com\/es\/areas-de-practica\/lesiones-de-nacimiento\/lesiones-por-privacion-de-oxigeno-y-asfixia-perinatal\/\">Asfixia perinatal y lesiones por privaci\u00f3n de ox\u00edgeno<\/a><\/li>\n\n\n\n<li><strong>Explicaci\u00f3n del caput succedaneum y el cefalohematoma<\/strong><\/li>\n\n\n\n<li><a href=\"https:\/\/www.myphillylawyer.com\/es\/areas-de-practica\/lesiones-de-nacimiento\/dano-cerebral-relacionado-con-el-nacimiento-y-deficiencias-cognitivas\/\">Da\u00f1os cerebrales y trastornos cognitivos relacionados con el nacimiento<\/a><\/li>\n\n\n\n<li><a href=\"https:\/\/www.myphillylawyer.com\/es\/areas-de-practica\/lesiones-de-nacimiento\/fracturas-y-lesiones-ortopedicas-al-nacer\/\">Fracturas y lesiones ortop\u00e9dicas al nacer<\/a><\/li>\n\n\n\n<li><a href=\"https:\/\/www.myphillylawyer.com\/es\/areas-de-practica\/lesiones-de-nacimiento\/paralisis-facial-por-traumatismo-durante-el-parto\/\">Par\u00e1lisis facial por traumatismo al nacer<\/a><\/li>\n\n\n\n<li><a href=\"https:\/\/www.myphillylawyer.com\/es\/areas-de-practica\/lesiones-de-nacimiento\/casos-de-lesiones-nerviosas-por-distocia-de-hombros\/\">Casos de distocia de hombro y lesiones nerviosas<\/a><\/li>\n\n\n\n<li><a href=\"https:\/\/www.myphillylawyer.com\/es\/areas-de-practica\/lesiones-de-nacimiento\/demandas-por-paralisis-del-plexo-braquial\/\">Demandas por par\u00e1lisis de Erb y plexo braquial<\/a><\/li>\n\n\n\n<li><a href=\"https:\/\/www.myphillylawyer.com\/es\/areas-de-practica\/lesiones-de-nacimiento\/comprender-las-demandas-por-lesiones-cerebrales-congenitas-en-filadelfia\/\">Comprender las demandas por lesiones de nacimiento por par\u00e1lisis cerebral en Philadelphia<\/a><\/li>\n<\/ul>","protected":false},"excerpt":{"rendered":"<p>Explicaci\u00f3n del caput succedaneum y el cefalohematoma El caput succedaneum y el cefalohematoma son dos tipos de hinchazones del cuero cabelludo que pueden aparecer en los reci\u00e9n nacidos durante o despu\u00e9s del parto. Aunque ambas afecciones implican hinchaz\u00f3n en la cabeza del beb\u00e9, tienen diferencias y consecuencias espec\u00edficas. Como padre, ver cualquier hinchaz\u00f3n en su reci\u00e9n nacido puede ser alarmante. Pero comprender qu\u00e9 son estas...<\/p>","protected":false},"author":14,"featured_media":0,"parent":27,"menu_order":0,"comment_status":"closed","ping_status":"closed","template":"","meta":{"_acf_changed":false,"jetpack_post_was_ever_published":false,"footnotes":""},"class_list":["post-14554","page","type-page","status-publish","hentry"],"acf":[],"jetpack_sharing_enabled":true,"_links":{"self":[{"href":"https:\/\/www.myphillylawyer.com\/es\/wp-json\/wp\/v2\/pages\/14554","targetHints":{"allow":["GET"]}}],"collection":[{"href":"https:\/\/www.myphillylawyer.com\/es\/wp-json\/wp\/v2\/pages"}],"about":[{"href":"https:\/\/www.myphillylawyer.com\/es\/wp-json\/wp\/v2\/types\/page"}],"author":[{"embeddable":true,"href":"https:\/\/www.myphillylawyer.com\/es\/wp-json\/wp\/v2\/users\/14"}],"replies":[{"embeddable":true,"href":"https:\/\/www.myphillylawyer.com\/es\/wp-json\/wp\/v2\/comments?post=14554"}],"version-history":[{"count":4,"href":"https:\/\/www.myphillylawyer.com\/es\/wp-json\/wp\/v2\/pages\/14554\/revisions"}],"predecessor-version":[{"id":14617,"href":"https:\/\/www.myphillylawyer.com\/es\/wp-json\/wp\/v2\/pages\/14554\/revisions\/14617"}],"up":[{"embeddable":true,"href":"https:\/\/www.myphillylawyer.com\/es\/wp-json\/wp\/v2\/pages\/27"}],"wp:attachment":[{"href":"https:\/\/www.myphillylawyer.com\/es\/wp-json\/wp\/v2\/media?parent=14554"}],"curies":[{"name":"wp","href":"https:\/\/api.w.org\/{rel}","templated":true}]}}