{"id":14556,"date":"2025-12-02T09:30:25","date_gmt":"2025-12-02T14:30:25","guid":{"rendered":"https:\/\/www.myphillylawyer.com\/?page_id=14556"},"modified":"2025-12-02T10:21:37","modified_gmt":"2025-12-02T15:21:37","slug":"lesiones-de-la-medula-espinal-durante-el-parto-y-el-alumbramiento","status":"publish","type":"page","link":"https:\/\/www.myphillylawyer.com\/es\/areas-de-practica\/lesiones-de-nacimiento\/lesiones-de-la-medula-espinal-durante-el-parto-y-el-alumbramiento\/","title":{"rendered":"Lesiones medulares durante el parto"},"content":{"rendered":"<h1 class=\"wp-block-heading\" id=\"spinal-cord-injuries-during-labor-and-delivery\">Lesiones medulares durante el parto<\/h1>\n\n\n\n<p>Las lesiones de la m\u00e9dula espinal durante el parto y el alumbramiento son poco frecuentes, pero pueden tener efectos graves y permanentes en el reci\u00e9n nacido. Estas lesiones suelen implicar da\u00f1os en los nervios o las v\u00e9rtebras de la columna vertebral del beb\u00e9, lo que provoca problemas de movimiento, sensibilidad o funci\u00f3n org\u00e1nica. En ocasiones, estas lesiones son inevitables, pero en otros casos se deben a errores m\u00e9dicos o a t\u00e9cnicas de parto inadecuadas. Si sospecha que su beb\u00e9 sufri\u00f3 una lesi\u00f3n en la m\u00e9dula espinal durante el parto, colabore con un&nbsp;<a href=\"https:\/\/www.myphillylawyer.com\/es\/areas-de-practica\/lesiones-de-nacimiento\/\" target=\"_blank\" rel=\"noreferrer noopener\">Philadelphia abogado de lesiones de nacimiento<\/a>&nbsp;puede ayudar a su familia a obtener respuestas y apoyo.<\/p>\n\n\n\n<p>La m\u00e9dula espinal es muy delicada, especialmente en los reci\u00e9n nacidos. Pueden producirse lesiones si se ejerce demasiada fuerza durante el parto, sobre todo cuando los m\u00e9dicos intentan extraer a un beb\u00e9 que est\u00e1 atascado o en posici\u00f3n pod\u00e1lica. El uso inadecuado de instrumentos como f\u00f3rceps o extractores de vac\u00edo, o no reconocer cu\u00e1ndo es necesaria una ces\u00e1rea, puede aumentar el riesgo. Reconocer los signos de una lesi\u00f3n en la m\u00e9dula espinal de forma temprana es fundamental para iniciar el tratamiento adecuado y planificar la atenci\u00f3n futura de su hijo.<\/p>\n\n\n\n<div class=\"wp-block-rank-math-toc-block\" id=\"rank-math-toc\"><h2>\u00cdndice<\/h2><nav><ul><li><a href=\"#spinal-cord-injuries-during-labor-and-delivery\">Lesiones medulares durante el parto<\/a><ul><li><a href=\"#causes-and-risk-factors-for-spinal-cord-injuries-at-birth\">Causas y factores de riesgo de lesiones medulares al nacer<\/a><\/li><li><a href=\"#signs-and-symptoms-of-newborn-spinal-cord-injuries\">Signos y s\u00edntomas de lesiones en la m\u00e9dula espinal en reci\u00e9n nacidos<\/a><\/li><li><a href=\"#treatment-and-long-term-outlook-for-spinal-cord-birth-injuries\">Tratamiento y pron\u00f3stico a largo plazo de las lesiones medulares cong\u00e9nitas<\/a><\/li><li><a href=\"#how-a-birth-injury-lawyer-can-help-after-a-spinal-cord-injury\">C\u00f3mo puede ayudar un abogado especializado en lesiones durante el parto despu\u00e9s de una lesi\u00f3n en la m\u00e9dula espinal<\/a><\/li><li><a href=\"#fa-qs-about-spinal-cord-injuries-during-labor-and-delivery\">Preguntas frecuentes sobre las lesiones de la m\u00e9dula espinal durante el trabajo de parto y el parto<\/a><\/li><li><a href=\"#birth-injury-types-medical-conditions\">Otros tipos de lesiones al nacer y recursos para afecciones m\u00e9dicas<\/a><\/li><\/ul><\/li><\/ul><\/nav><\/div>\n\n\n\n<h2 class=\"wp-block-heading\" id=\"causes-and-risk-factors-for-spinal-cord-injuries-at-birth\">Causas y factores de riesgo de lesiones medulares al nacer<\/h2>\n\n\n\n<p>Hay varios factores que pueden aumentar el riesgo de lesiones en la m\u00e9dula espinal durante el parto. Los partos de nalgas, en los que los pies o las nalgas del beb\u00e9 salen primero, son m\u00e1s propensos a causar tensi\u00f3n en la columna vertebral. Un parto largo o complicado aumenta el riesgo, especialmente cuando los m\u00e9dicos tiran o giran en exceso. El uso de f\u00f3rceps o ventosas tambi\u00e9n puede aumentar el peligro si no se manejan correctamente.<\/p>\n\n\n\n<p>En algunos casos, ciertas afecciones m\u00e9dicas subyacentes en el beb\u00e9, como defectos espinales o trastornos \u00f3seos, pueden hacer que la columna vertebral sea m\u00e1s vulnerable a las lesiones. Sin embargo, muchas de estas lesiones se deben al incumplimiento de las pr\u00e1cticas de parto seguras. Si el personal del hospital pasa por alto las se\u00f1ales de alerta, no act\u00faa con la suficiente rapidez o utiliza una fuerza excesiva, se pueden producir da\u00f1os en la m\u00e9dula espinal. Si cree que un error m\u00e9dico ha influido en la lesi\u00f3n de su hijo, un&nbsp;<a href=\"https:\/\/www.myphillylawyer.com\/es\/areas-de-practica\/lesiones-de-nacimiento\/\" target=\"_blank\" rel=\"noreferrer noopener\">Philly abogado de lesiones de nacimiento<\/a>&nbsp;puede revisar sus expedientes y ayudarle a comprender sus opciones legales.<\/p>\n\n\n\n<h2 class=\"wp-block-heading\" id=\"signs-and-symptoms-of-newborn-spinal-cord-injuries\">Signos y s\u00edntomas de lesiones en la m\u00e9dula espinal en reci\u00e9n nacidos<\/h2>\n\n\n\n<p>Las lesiones de la m\u00e9dula espinal pueden aparecer inmediatamente despu\u00e9s del nacimiento o manifestarse durante los primeros d\u00edas o semanas. Algunos de los signos m\u00e1s comunes son debilidad o flacidez en brazos y piernas, problemas respiratorios o ausencia de movimientos y reflejos normales. Los beb\u00e9s tambi\u00e9n pueden tener dificultades para alimentarse o mostrar signos de dolor cuando se les toca en determinadas zonas.<\/p>\n\n\n\n<p>En casos graves, puede producirse una par\u00e1lisis total o parcial por debajo del nivel de la lesi\u00f3n. A veces, los padres pueden notar una rigidez o flacidez inusual en su hijo. Si su reci\u00e9n nacido no mueve los brazos o las piernas como se esperaba o parece demasiado d\u00e9bil, consulte inmediatamente a su m\u00e9dico sobre posibles lesiones en la m\u00e9dula espinal. Es importante realizar un diagn\u00f3stico precoz, y un&nbsp;<a href=\"https:\/\/www.myphillylawyer.com\/es\/\" target=\"_blank\" rel=\"noreferrer noopener\">Philadelphia abogado de lesiones personales<\/a>&nbsp;puede ayudarle si le preocupa que la lesi\u00f3n de su hijo no se haya detectado o se haya tratado de forma incorrecta.<\/p>\n\n\n\n<h2 class=\"wp-block-heading\" id=\"treatment-and-long-term-outlook-for-spinal-cord-birth-injuries\">Tratamiento y pron\u00f3stico a largo plazo de las lesiones medulares cong\u00e9nitas<\/h2>\n\n\n\n<p>El tratamiento para las lesiones de la m\u00e9dula espinal depende de la gravedad del da\u00f1o y de su ubicaci\u00f3n. Las lesiones leves pueden mejorar con fisioterapia y un seguimiento cuidadoso. Las lesiones m\u00e1s graves requieren un equipo de especialistas, que incluye m\u00e9dicos, fisioterapeutas y, en ocasiones, cirujanos. El objetivo es ayudar a su hijo a alcanzar las mejores capacidades f\u00edsicas posibles, evitar complicaciones y apoyar su desarrollo.<\/p>\n\n\n\n<p>Los efectos a largo plazo pueden variar desde una debilidad leve hasta discapacidades significativas y permanentes, como par\u00e1lisis o p\u00e9rdida del control de los \u00f3rganos. Los ni\u00f1os con lesiones en la m\u00e9dula espinal suelen necesitar terapia continua, dispositivos de adaptaci\u00f3n y servicios de educaci\u00f3n especial. Los costos m\u00e9dicos y el estr\u00e9s emocional pueden ser abrumadores para las familias. Si la lesi\u00f3n de su hijo fue resultado de negligencia m\u00e9dica, solicite una indemnizaci\u00f3n con la ayuda de un&nbsp;<a href=\"https:\/\/www.myphillylawyer.com\/es\/areas-de-practica\/lesiones-de-nacimiento\/\" target=\"_blank\" rel=\"noreferrer noopener\">Philadelphia abogado de lesiones de nacimiento<\/a>&nbsp;puede ayudar a su familia a obtener los recursos que su hijo necesita.<\/p>\n\n\n\n<h2 class=\"wp-block-heading\" id=\"how-a-birth-injury-lawyer-can-help-after-a-spinal-cord-injury\">C\u00f3mo puede ayudar un abogado especializado en lesiones durante el parto despu\u00e9s de una lesi\u00f3n en la m\u00e9dula espinal<\/h2>\n\n\n\n<p>Las lesiones medulares al nacer son traum\u00e1ticas para cualquier familia. Cuando un error evitable provoca la lesi\u00f3n, usted merece respuestas y apoyo. Un abogado experto recopilar\u00e1 los registros m\u00e9dicos, consultar\u00e1 con expertos e investigar\u00e1 si su m\u00e9dico, hospital o equipo de parto incumplieron los est\u00e1ndares de atenci\u00f3n aceptados. Le guiar\u00e1n a lo largo del proceso de presentaci\u00f3n de una reclamaci\u00f3n y le ayudar\u00e1n a solicitar apoyo financiero para gastos m\u00e9dicos, terapia, equipamiento e incluso da\u00f1os y perjuicios.<\/p>\n\n\n\n<p>Si la lesi\u00f3n medular de su hijo ha dado lugar a un diagn\u00f3stico como par\u00e1lisis cerebral, un&nbsp;<a href=\"https:\/\/www.myphillylawyer.com\/es\/areas-de-practica\/lesiones-de-nacimiento\/paralisis-cerebral\/\" target=\"_blank\" rel=\"noreferrer noopener\">abogado par\u00e1lisis cerebral<\/a>&nbsp;puede ayudarle a abordar las necesidades adicionales que conlleva esta afecci\u00f3n. El apoyo legal adecuado puede marcar una gran diferencia para el futuro de su hijo y dar tranquilidad a su familia.<\/p>\n\n\n\n<h2 class=\"wp-block-heading\" id=\"fa-qs-about-spinal-cord-injuries-during-labor-and-delivery\">Preguntas frecuentes sobre las lesiones de la m\u00e9dula espinal durante el trabajo de parto y el parto<\/h2>\n\n\n\n<p><strong>\u00bfC\u00f3mo puedo saber si mi reci\u00e9n nacido tiene una lesi\u00f3n en la m\u00e9dula espinal?<\/strong><br>Los signos comunes incluyen debilidad o flacidez en las extremidades, falta de movimiento o dificultad para respirar. Si nota estos s\u00edntomas, pida a su m\u00e9dico que le examine inmediatamente para descartar lesiones en la m\u00e9dula espinal.<\/p>\n\n\n\n<p><strong>\u00bfQu\u00e9 causa las lesiones de la m\u00e9dula espinal en los reci\u00e9n nacidos?<\/strong><br>Estas lesiones suelen producirse cuando se ejerce demasiada fuerza durante el parto, especialmente en partos de nalgas, partos dif\u00edciles o por un uso incorrecto de los instrumentos de parto. En ocasiones, ciertos problemas m\u00e9dicos subyacentes pueden hacer que la m\u00e9dula espinal sea m\u00e1s vulnerable.<\/p>\n\n\n\n<p><strong>\u00bfPuede mi familia presentar una demanda si el error de un m\u00e9dico caus\u00f3 la lesi\u00f3n espinal de mi hijo?<\/strong><br>S\u00ed, si un error m\u00e9dico o una negligencia causaron la lesi\u00f3n, es posible que pueda solicitar una indemnizaci\u00f3n por los cuidados de su hijo. Consulte a un&nbsp;<a href=\"https:\/\/www.myphillylawyer.com\/es\/areas-de-practica\/lesiones-de-nacimiento\/\" target=\"_blank\" rel=\"noreferrer noopener\">Philly abogado de lesiones de nacimiento<\/a>&nbsp;para conocer sus opciones legales.<\/p>\n\n\n\n<p><strong>\u00bfQu\u00e9 apoyo o compensaci\u00f3n hay disponible para las familias despu\u00e9s de una lesi\u00f3n medular en el parto?<\/strong><br>La indemnizaci\u00f3n puede cubrir gastos m\u00e9dicos, terapia, equipamiento, modificaciones en el hogar y mucho m\u00e1s. P\u00f3ngase en contacto con un&nbsp;<a href=\"https:\/\/www.myphillylawyer.com\/es\/\" target=\"_blank\" rel=\"noreferrer noopener\">Philadelphia abogado de lesiones personales<\/a>&nbsp;puede ayudarle a obtener la ayuda financiera que su familia necesita para proporcionar la mejor atenci\u00f3n posible a su hijo.<\/p>\n\n\n\n<h2 class=\"wp-block-heading\" id=\"birth-injury-types-medical-conditions\"><strong>Otros tipos de lesiones de nacimiento y afecciones m\u00e9dicas<\/strong> Recursos<\/h2>\n\n\n\n<ul class=\"wp-block-list\">\n<li><a href=\"https:\/\/www.myphillylawyer.com\/es\/areas-de-practica\/lesiones-de-nacimiento\/encefalopatia-isquemica-hipoxica-hie-en-recien-nacidos\/\">Encefalopat\u00eda hip\u00f3xico-isqu\u00e9mica (HIE) en reci\u00e9n nacidos<\/a><\/li>\n\n\n\n<li><strong>Lesiones medulares durante el parto<\/strong><\/li>\n\n\n\n<li><a href=\"https:\/\/www.myphillylawyer.com\/es\/areas-de-practica\/lesiones-de-nacimiento\/lesiones-por-privacion-de-oxigeno-y-asfixia-perinatal\/\">Asfixia perinatal y lesiones por privaci\u00f3n de ox\u00edgeno<\/a><\/li>\n\n\n\n<li><a href=\"https:\/\/www.myphillylawyer.com\/es\/areas-de-practica\/lesiones-de-nacimiento\/explicacion-del-caput-succedaneum-cefalohematoma\/\">Explicaci\u00f3n del caput succedaneum y el cefalohematoma<\/a><\/li>\n\n\n\n<li><a href=\"https:\/\/www.myphillylawyer.com\/es\/areas-de-practica\/lesiones-de-nacimiento\/dano-cerebral-relacionado-con-el-nacimiento-y-deficiencias-cognitivas\/\">Da\u00f1os cerebrales y trastornos cognitivos relacionados con el nacimiento<\/a><\/li>\n\n\n\n<li><a href=\"https:\/\/www.myphillylawyer.com\/es\/areas-de-practica\/lesiones-de-nacimiento\/fracturas-y-lesiones-ortopedicas-al-nacer\/\">Fracturas y lesiones ortop\u00e9dicas al nacer<\/a><\/li>\n\n\n\n<li><a href=\"https:\/\/www.myphillylawyer.com\/es\/areas-de-practica\/lesiones-de-nacimiento\/paralisis-facial-por-traumatismo-durante-el-parto\/\">Par\u00e1lisis facial por traumatismo al nacer<\/a><\/li>\n\n\n\n<li><a href=\"https:\/\/www.myphillylawyer.com\/es\/areas-de-practica\/lesiones-de-nacimiento\/casos-de-lesiones-nerviosas-por-distocia-de-hombros\/\">Casos de distocia de hombro y lesiones nerviosas<\/a><\/li>\n\n\n\n<li><a href=\"https:\/\/www.myphillylawyer.com\/es\/areas-de-practica\/lesiones-de-nacimiento\/demandas-por-paralisis-del-plexo-braquial\/\">Demandas por par\u00e1lisis de Erb y plexo braquial<\/a><\/li>\n\n\n\n<li><a href=\"https:\/\/www.myphillylawyer.com\/es\/areas-de-practica\/lesiones-de-nacimiento\/comprender-las-demandas-por-lesiones-cerebrales-congenitas-en-filadelfia\/\">Comprender las demandas por lesiones de nacimiento por par\u00e1lisis cerebral en Philadelphia<\/a><\/li>\n<\/ul>","protected":false},"excerpt":{"rendered":"<p>Lesiones de la m\u00e9dula espinal durante el parto y el alumbramiento Las lesiones de la m\u00e9dula espinal durante el parto y el alumbramiento son poco frecuentes, pero pueden tener efectos graves y permanentes en el reci\u00e9n nacido. Estas lesiones suelen implicar da\u00f1os en los nervios o las v\u00e9rtebras de la columna vertebral del beb\u00e9, lo que provoca problemas de movimiento, sensibilidad o funcionamiento de los \u00f3rganos. En ocasiones, estas lesiones son inevitables...<\/p>","protected":false},"author":14,"featured_media":0,"parent":27,"menu_order":0,"comment_status":"closed","ping_status":"closed","template":"","meta":{"_acf_changed":false,"jetpack_post_was_ever_published":false,"footnotes":""},"class_list":["post-14556","page","type-page","status-publish","hentry"],"acf":[],"jetpack_sharing_enabled":true,"_links":{"self":[{"href":"https:\/\/www.myphillylawyer.com\/es\/wp-json\/wp\/v2\/pages\/14556","targetHints":{"allow":["GET"]}}],"collection":[{"href":"https:\/\/www.myphillylawyer.com\/es\/wp-json\/wp\/v2\/pages"}],"about":[{"href":"https:\/\/www.myphillylawyer.com\/es\/wp-json\/wp\/v2\/types\/page"}],"author":[{"embeddable":true,"href":"https:\/\/www.myphillylawyer.com\/es\/wp-json\/wp\/v2\/users\/14"}],"replies":[{"embeddable":true,"href":"https:\/\/www.myphillylawyer.com\/es\/wp-json\/wp\/v2\/comments?post=14556"}],"version-history":[{"count":4,"href":"https:\/\/www.myphillylawyer.com\/es\/wp-json\/wp\/v2\/pages\/14556\/revisions"}],"predecessor-version":[{"id":14615,"href":"https:\/\/www.myphillylawyer.com\/es\/wp-json\/wp\/v2\/pages\/14556\/revisions\/14615"}],"up":[{"embeddable":true,"href":"https:\/\/www.myphillylawyer.com\/es\/wp-json\/wp\/v2\/pages\/27"}],"wp:attachment":[{"href":"https:\/\/www.myphillylawyer.com\/es\/wp-json\/wp\/v2\/media?parent=14556"}],"curies":[{"name":"wp","href":"https:\/\/api.w.org\/{rel}","templated":true}]}}