{"id":14677,"date":"2025-12-02T12:41:10","date_gmt":"2025-12-02T17:41:10","guid":{"rendered":"https:\/\/www.myphillylawyer.com\/?page_id=14677"},"modified":"2025-12-02T12:56:12","modified_gmt":"2025-12-02T17:56:12","slug":"falta-de-diagnostico-de-infecciones-maternas","status":"publish","type":"page","link":"https:\/\/www.myphillylawyer.com\/es\/areas-de-practica\/lesiones-de-nacimiento\/falta-de-diagnostico-de-infecciones-maternas\/","title":{"rendered":"Falta de diagn\u00f3stico de las infecciones maternas"},"content":{"rendered":"<h1 class=\"wp-block-heading\" id=\"failure-to-diagnose-maternal-infections\">Falta de diagn\u00f3stico de las infecciones maternas<\/h1>\n\n\n\n<p>Cuando una familia espera con ilusi\u00f3n la llegada de un nuevo beb\u00e9, lo \u00faltimo que espera es que se produzcan da\u00f1os por errores m\u00e9dicos evitables. Sin embargo, el fracaso en el diagn\u00f3stico de infecciones maternas es una de las principales causas de lesiones durante el parto en Philadelphia y en todo el pa\u00eds. Estos diagn\u00f3sticos err\u00f3neos pueden convertir un momento feliz en una experiencia traum\u00e1tica que altera la vida tanto de la madre como del ni\u00f1o. Si usted o su hijo han sufrido da\u00f1os debido a un descuido de un profesional sanitario, un&nbsp;<a href=\"https:\/\/www.myphillylawyer.com\/es\/areas-de-practica\/lesiones-de-nacimiento\/\" target=\"_blank\" rel=\"noreferrer noopener\">Philadelphia abogado de lesiones de nacimiento<\/a>&nbsp;puede ayudarle a comprender sus opciones legales y a buscar justicia.<\/p>\n\n\n\n<div class=\"wp-block-rank-math-toc-block\" id=\"rank-math-toc\"><h2>\u00cdndice<\/h2><nav><ul><li><a href=\"#failure-to-diagnose-maternal-infections\">Falta de diagn\u00f3stico de las infecciones maternas<\/a><ul><li><a href=\"#what-is-a-maternal-infection-and-why-diagnosis-matters\">\u00bfQu\u00e9 es una infecci\u00f3n materna y por qu\u00e9 es importante el diagn\u00f3stico?<\/a><\/li><li><a href=\"#how-failure-to-diagnose-infections-leads-to-birth-injuries\">C\u00f3mo el fracaso en el diagn\u00f3stico de infecciones provoca lesiones durante el parto<\/a><\/li><li><a href=\"#signs-that-an-infection-was-missed\">Se\u00f1ales de que se pas\u00f3 por alto una infecci\u00f3n<\/a><\/li><li><a href=\"#how-a-birth-injury-lawyer-can-help-after-a-missed-infection\">C\u00f3mo puede ayudar un abogado especializado en lesiones durante el parto tras una infecci\u00f3n no detectada<\/a><\/li><li><a href=\"#preventing-future-birth-injuries-from-missed-infections\">Prevenci\u00f3n de futuras lesiones en el parto por infecciones no detectadas<\/a><\/li><li><a href=\"#fa-qs-about-failure-to-diagnose-maternal-infections-and-birth-injuries-in-philadelphia\">Preguntas frecuentes sobre el diagn\u00f3stico err\u00f3neo de infecciones maternas y lesiones durante el parto en Philadelphia<\/a><\/li><li><a href=\"#other-resources-about-causes-risk-factors-for-birth-injuries\">Otros recursos sobre las causas y los factores de riesgo de las lesiones durante el parto<\/a><\/li><\/ul><\/li><\/ul><\/nav><\/div>\n\n\n\n<h2 class=\"wp-block-heading\" id=\"what-is-a-maternal-infection-and-why-diagnosis-matters\">\u00bfQu\u00e9 es una infecci\u00f3n materna y por qu\u00e9 es importante el diagn\u00f3stico?<\/h2>\n\n\n\n<p>Las infecciones maternas son enfermedades detectadas durante el embarazo, el trabajo de parto o el parto que pueden afectar la salud tanto de la madre como del beb\u00e9. Algunos ejemplos comunes son las infecciones del tracto urinario, la corioamnionitis, el estreptococo del grupo B, el citomegalovirus, la rub\u00e9ola y el virus del herpes simple. Muchas de estas infecciones pueden tratarse f\u00e1cilmente si se detectan a tiempo. Sin embargo, si el m\u00e9dico o la enfermera no detectan los s\u00edntomas o ignoran las quejas, la infecci\u00f3n puede transmitirse al feto, caus\u00e1ndole en ocasiones da\u00f1os permanentes.<\/p>\n\n\n\n<p>No diagnosticar estas infecciones puede provocar complicaciones graves, como parto prematuro, da\u00f1o cerebral, par\u00e1lisis cerebral o incluso la muerte del beb\u00e9. Un diagn\u00f3stico r\u00e1pido y preciso, junto con el tratamiento adecuado, puede prevenir la mayor\u00eda de estas consecuencias. Los equipos m\u00e9dicos tienen la obligaci\u00f3n de comprobar si hay infecci\u00f3n, especialmente si la madre presenta fiebre, dolor u otros signos de alerta. Cuando los proveedores pasan por alto estos s\u00edntomas, las consecuencias pueden ser devastadoras.<\/p>\n\n\n\n<h2 class=\"wp-block-heading\" id=\"how-failure-to-diagnose-infections-leads-to-birth-injuries\">C\u00f3mo el fracaso en el diagn\u00f3stico de infecciones provoca lesiones durante el parto<\/h2>\n\n\n\n<p>Una infecci\u00f3n materna no detectada puede desencadenar una reacci\u00f3n en cadena durante el embarazo o el parto. Por ejemplo, el estreptococo del grupo B es una bacteria com\u00fan que vive en el canal del parto. Si no se detecta y se trata con antibi\u00f3ticos durante el parto, puede transmitirse al beb\u00e9 y causar sepsis, meningitis o neumon\u00eda. Otras infecciones, como el herpes simple, pueden provocar lesiones cerebrales graves si no se controla y se trata adecuadamente el estado de la madre.<\/p>\n\n\n\n<p>Las consecuencias de una infecci\u00f3n no detectada pueden incluir:<\/p>\n\n\n\n<ul class=\"wp-block-list\">\n<li>Da\u00f1o cerebral, que conduce a afecciones como la par\u00e1lisis cerebral.<\/li>\n\n\n\n<li>Sepsis o envenenamiento de la sangre en el reci\u00e9n nacido<\/li>\n\n\n\n<li>P\u00e9rdida de la audici\u00f3n o la visi\u00f3n<\/li>\n\n\n\n<li>Necesidad de parto de emergencia o cuidados intensivos neonatales<\/li>\n\n\n\n<li>Discapacidades a largo plazo o retrasos en el desarrollo<\/li>\n<\/ul>\n\n\n\n<p>Estas lesiones suelen requerir cuidados continuos, terapia y gastos m\u00e9dicos. A&nbsp;<a href=\"https:\/\/www.myphillylawyer.com\/es\/areas-de-practica\/lesiones-de-nacimiento\/\" target=\"_blank\" rel=\"noreferrer noopener\">Philly abogado de lesiones de nacimiento<\/a>&nbsp;puede ayudar a las familias a exigir responsabilidades a los proveedores de servicios m\u00e9dicos por sus errores y obtener una indemnizaci\u00f3n por estas necesidades permanentes.<\/p>\n\n\n\n<h2 class=\"wp-block-heading\" id=\"signs-that-an-infection-was-missed\">Se\u00f1ales de que se pas\u00f3 por alto una infecci\u00f3n<\/h2>\n\n\n\n<p>Es posible que los padres no sepan de inmediato que el equipo m\u00e9dico no detect\u00f3 una infecci\u00f3n materna. Algunos signos aparecen al nacer, mientras que otros se desarrollan con el tiempo. Esto es lo que las familias deben tener en cuenta:<\/p>\n\n\n\n<ul class=\"wp-block-list\">\n<li>La madre tuvo fiebre, escalofr\u00edos, dolor o secreciones extra\u00f1as durante el embarazo o el parto, y no se le realizaron las pruebas ni se le administr\u00f3 el tratamiento adecuados.<\/li>\n\n\n\n<li>El beb\u00e9 naci\u00f3 prematuramente sin una explicaci\u00f3n clara.<\/li>\n\n\n\n<li>El reci\u00e9n nacido desarroll\u00f3 problemas respiratorios, convulsiones, letargo inusual o problemas de alimentaci\u00f3n poco despu\u00e9s del nacimiento.<\/li>\n\n\n\n<li>A su hijo se le diagnostica da\u00f1o cerebral, p\u00e9rdida auditiva o par\u00e1lisis cerebral sin una causa clara.<\/li>\n<\/ul>\n\n\n\n<p>Si observa alguna de estas se\u00f1ales de alerta, consulte a un m\u00e9dico.&nbsp;<a href=\"https:\/\/www.myphillylawyer.com\/es\/\" target=\"_blank\" rel=\"noreferrer noopener\">Philadelphia abogado de lesiones personales<\/a>&nbsp;con experiencia en casos de lesiones durante el parto. Un abogado experto puede revisar sus registros m\u00e9dicos, consultar con profesionales m\u00e9dicos y determinar si su equipo m\u00e9dico actu\u00f3 de manera adecuada.<\/p>\n\n\n\n<h2 class=\"wp-block-heading\" id=\"how-a-birth-injury-lawyer-can-help-after-a-missed-infection\">C\u00f3mo puede ayudar un abogado especializado en lesiones durante el parto tras una infecci\u00f3n no detectada<\/h2>\n\n\n\n<p>Emprender acciones legales tras un error en el diagn\u00f3stico de una infecci\u00f3n materna puede parecer abrumador, pero no tiene por qu\u00e9 pasar por ello solo. A&nbsp;<a href=\"https:\/\/www.myphillylawyer.com\/es\/areas-de-practica\/lesiones-de-nacimiento\/\" target=\"_blank\" rel=\"noreferrer noopener\">abogado de lesiones de nacimiento<\/a>&nbsp;pueden guiarte a lo largo del proceso. As\u00ed es como pueden ayudarte:<\/p>\n\n\n\n<ul class=\"wp-block-list\">\n<li>Revise su expediente m\u00e9dico para ver si el proveedor sigui\u00f3 los procedimientos adecuados.<\/li>\n\n\n\n<li>Consulte con profesionales m\u00e9dicos para determinar si la infecci\u00f3n era detectable y prevenible.<\/li>\n\n\n\n<li>Calcule los costos de por vida de la atenci\u00f3n, la terapia, la educaci\u00f3n especial y la p\u00e9rdida de ingresos potenciales para su hijo.<\/li>\n\n\n\n<li>Presenta una reclamaci\u00f3n o demanda para que las partes responsables rindan cuentas.<\/li>\n\n\n\n<li>Negociar con las compa\u00f1\u00edas de seguros y los hospitales para obtener la indemnizaci\u00f3n que su familia merece.<\/li>\n<\/ul>\n\n\n\n<p>El abogado adecuado puede marcar una diferencia significativa. Luchar\u00e1 por la seguridad financiera de su familia y le ayudar\u00e1 a garantizar que disponga de los recursos necesarios para atender las necesidades espec\u00edficas de su hijo.<\/p>\n\n\n\n<h2 class=\"wp-block-heading\" id=\"preventing-future-birth-injuries-from-missed-infections\">Prevenci\u00f3n de futuras lesiones en el parto por infecciones no detectadas<\/h2>\n\n\n\n<p>Los hospitales y las cl\u00ednicas pueden prevenir muchas lesiones durante el parto siguiendo protocolos estrictos de detecci\u00f3n de infecciones. Las mujeres embarazadas deben someterse a chequeos peri\u00f3dicos y recibir instrucciones claras sobre los signos de alerta. Los proveedores de servicios de salud deben actuar r\u00e1pidamente ante la aparici\u00f3n de s\u00edntomas y realizar las pruebas recomendadas, entre ellas:<\/p>\n\n\n\n<ul class=\"wp-block-list\">\n<li>An\u00e1lisis rutinarios de orina y sangre.<\/li>\n\n\n\n<li>Prueba de estreptococo del grupo B en el tercer trimestre<\/li>\n\n\n\n<li>Control de fiebre, dolor anormal o secreci\u00f3n.<\/li>\n\n\n\n<li>Atenci\u00f3n inmediata a cualquier informe de enfermedad o infecci\u00f3n durante el embarazo.<\/li>\n<\/ul>\n\n\n\n<p>Si considera que sus inquietudes fueron ignoradas o que no se le realizaron las pruebas adecuadas, tiene derecho a buscar respuestas. No tema hacer preguntas u obtener una segunda opini\u00f3n. Si se produjo alg\u00fan da\u00f1o, un&nbsp;<a href=\"https:\/\/www.myphillylawyer.com\/es\/areas-de-practica\/lesiones-de-nacimiento\/paralisis-cerebral\/\" target=\"_blank\" rel=\"noreferrer noopener\">abogado par\u00e1lisis cerebral<\/a>&nbsp;Un abogado especializado en lesiones durante el parto puede ayudarle a comprender si su caso implica negligencia m\u00e9dica.<\/p>\n\n\n\n<h2 class=\"wp-block-heading\" id=\"fa-qs-about-failure-to-diagnose-maternal-infections-and-birth-injuries-in-philadelphia\">Preguntas frecuentes sobre el diagn\u00f3stico err\u00f3neo de infecciones maternas y lesiones durante el parto en Philadelphia<\/h2>\n\n\n\n<p><strong>\u00bfQu\u00e9 indemnizaci\u00f3n puede recibir una familia por una lesi\u00f3n durante el parto causada por una infecci\u00f3n materna no detectada?<\/strong><br>Las familias pueden obtener una indemnizaci\u00f3n por los gastos m\u00e9dicos, la terapia y la rehabilitaci\u00f3n, los cuidados futuros, la educaci\u00f3n especial, el dolor y el sufrimiento, y la p\u00e9rdida de ingresos futuros. Cada caso es \u00fanico, y un&nbsp;<a href=\"https:\/\/www.myphillylawyer.com\/es\/areas-de-practica\/lesiones-de-nacimiento\/\" target=\"_blank\" rel=\"noreferrer noopener\">Philadelphia abogado de lesiones de nacimiento<\/a>&nbsp;puede calcular el valor total de su reclamaci\u00f3n en funci\u00f3n de las necesidades de su hijo.<\/p>\n\n\n\n<p><strong>\u00bfCu\u00e1nto tiempo tengo para presentar una demanda por lesiones durante el parto en Pensilvania?<\/strong><br>En la mayor\u00eda de los casos, la ley de Pensilvania permite presentar una demanda en un plazo de dos a\u00f1os a partir de la fecha en que se tuvo conocimiento o se deber\u00eda haber tenido conocimiento de la lesi\u00f3n. En el caso de los ni\u00f1os, el plazo puede ampliarse hasta que cumplan 20 a\u00f1os. Sin embargo, actuar con rapidez ayuda a preservar las pruebas y refuerza su caso.<\/p>\n\n\n\n<p><strong>\u00bfTengo que demostrar que las acciones del m\u00e9dico causaron directamente la lesi\u00f3n de mi hijo?<\/strong><br>S\u00ed, para demostrar negligencia m\u00e9dica hay que demostrar que el m\u00e9dico ten\u00eda una obligaci\u00f3n hacia usted, que no cumpli\u00f3 con el est\u00e1ndar de atenci\u00f3n y que este incumplimiento caus\u00f3 directamente un da\u00f1o. Un abogado con experiencia&nbsp;<a href=\"https:\/\/www.myphillylawyer.com\/es\/areas-de-practica\/lesiones-de-nacimiento\/\" target=\"_blank\" rel=\"noreferrer noopener\">Philly abogado de lesiones de nacimiento<\/a>&nbsp;puede recopilar testimonios de expertos y pruebas para construir su caso.<\/p>\n\n\n\n<p><strong>\u00bfPuedo presentar una reclamaci\u00f3n si a mi hijo le diagnosticaron par\u00e1lisis cerebral despu\u00e9s de una infecci\u00f3n no detectada?<\/strong><br>S\u00ed. Si una infecci\u00f3n no detectada provoc\u00f3 una lesi\u00f3n cerebral o par\u00e1lisis cerebral, puede presentar una reclamaci\u00f3n. A&nbsp;<a href=\"https:\/\/www.myphillylawyer.com\/es\/areas-de-practica\/lesiones-de-nacimiento\/paralisis-cerebral\/\" target=\"_blank\" rel=\"noreferrer noopener\">abogado par\u00e1lisis cerebral<\/a>&nbsp;puede ayudar a determinar la responsabilidad y trabajar para obtener una indemnizaci\u00f3n por las necesidades a largo plazo de su hijo.<\/p>\n\n\n\n<h2 class=\"wp-block-heading\" id=\"other-resources-about-causes-risk-factors-for-birth-injuries\">Otros recursos sobre las causas y los factores de riesgo de las lesiones durante el parto<\/h2>\n\n\n\n<ul class=\"wp-block-list\">\n<li><a href=\"https:\/\/www.myphillylawyer.com\/es\/areas-de-practica\/lesiones-de-nacimiento\/negligencia-por-no-monitorear-la-frecuencia-cardiaca-fetal\/\">Negligencia por no vigilar la frecuencia cardiaca fetal<\/a><\/li>\n\n\n\n<li><strong>Falta de diagn\u00f3stico de las infecciones maternas<\/strong><\/li>\n\n\n\n<li><a href=\"https:\/\/www.myphillylawyer.com\/es\/areas-de-practica\/lesiones-de-nacimiento\/parto-prematuro-y-negligencia-neonatal\/\">Nacimiento prematuro y negligencia neonatal<\/a><\/li>\n\n\n\n<li><a href=\"https:\/\/www.myphillylawyer.com\/es\/areas-de-practica\/lesiones-de-nacimiento\/uso-inadecuado-de-forceps-o-extractor-de-vacio\/\">Uso incorrecto de las pinzas o del aspirador<\/a><\/li>\n\n\n\n<li><a href=\"https:\/\/www.myphillylawyer.com\/es\/areas-de-practica\/lesiones-de-nacimiento\/riesgos-de-lesiones-por-parto-por-cesarea-tardia\/\">Ces\u00e1rea diferida y riesgos de lesiones en el parto<\/a><\/li>\n\n\n\n<li><a href=\"https:\/\/www.myphillylawyer.com\/es\/areas-de-practica\/lesiones-de-nacimiento\/complicaciones-del-cordon-umbilical-y-derechos-legales\/\">Complicaciones del cord\u00f3n umbilical y derechos legales<\/a><\/li>\n\n\n\n<li><a href=\"https:\/\/www.myphillylawyer.com\/es\/areas-de-practica\/lesiones-de-nacimiento\/demandas-por-negligencia-medica-por-desprendimiento-de-placenta-o-placenta-previa\/\">Demandas por negligencia en desprendimiento de placenta o previa<\/a><\/li>\n\n\n\n<li><a href=\"https:\/\/www.myphillylawyer.com\/es\/areas-de-practica\/lesiones-de-nacimiento\/responsabilidad-por-lesiones-durante-el-parto-relacionadas-con-la-diabetes-gestacional\/\">Diabetes gestacional y responsabilidad por lesiones en el parto<\/a><\/li>\n\n\n\n<li><a href=\"https:\/\/www.myphillylawyer.com\/es\/areas-de-practica\/lesiones-de-nacimiento\/uso-indebido-de-oxitocina-y-resultados-del-parto\/\">Abuso de la pitocina\/oxitocina y resultados del parto<\/a><\/li>\n\n\n\n<li><a href=\"https:\/\/www.myphillylawyer.com\/es\/areas-de-practica\/lesiones-de-nacimiento\/negligencia-medica-que-provoca-lesiones-durante-el-parto\/\">Negligencias m\u00e9dicas que provocan lesiones al nacer<\/a><\/li>\n<\/ul>","protected":false},"excerpt":{"rendered":"<p>Fallo en el diagn\u00f3stico de infecciones maternas Cuando una familia espera con ilusi\u00f3n la llegada de un nuevo beb\u00e9, lo \u00faltimo que espera es que se produzcan da\u00f1os por errores m\u00e9dicos evitables. Sin embargo, el fallo en el diagn\u00f3stico de infecciones maternas es una de las principales causas de lesiones durante el parto en Philadelphia y en todo el pa\u00eds. Estos diagn\u00f3sticos err\u00f3neos pueden convertir un...<\/p>","protected":false},"author":14,"featured_media":0,"parent":27,"menu_order":0,"comment_status":"closed","ping_status":"closed","template":"","meta":{"_acf_changed":false,"jetpack_post_was_ever_published":false,"footnotes":""},"class_list":["post-14677","page","type-page","status-publish","hentry"],"acf":[],"jetpack_sharing_enabled":true,"_links":{"self":[{"href":"https:\/\/www.myphillylawyer.com\/es\/wp-json\/wp\/v2\/pages\/14677","targetHints":{"allow":["GET"]}}],"collection":[{"href":"https:\/\/www.myphillylawyer.com\/es\/wp-json\/wp\/v2\/pages"}],"about":[{"href":"https:\/\/www.myphillylawyer.com\/es\/wp-json\/wp\/v2\/types\/page"}],"author":[{"embeddable":true,"href":"https:\/\/www.myphillylawyer.com\/es\/wp-json\/wp\/v2\/users\/14"}],"replies":[{"embeddable":true,"href":"https:\/\/www.myphillylawyer.com\/es\/wp-json\/wp\/v2\/comments?post=14677"}],"version-history":[{"count":3,"href":"https:\/\/www.myphillylawyer.com\/es\/wp-json\/wp\/v2\/pages\/14677\/revisions"}],"predecessor-version":[{"id":14716,"href":"https:\/\/www.myphillylawyer.com\/es\/wp-json\/wp\/v2\/pages\/14677\/revisions\/14716"}],"up":[{"embeddable":true,"href":"https:\/\/www.myphillylawyer.com\/es\/wp-json\/wp\/v2\/pages\/27"}],"wp:attachment":[{"href":"https:\/\/www.myphillylawyer.com\/es\/wp-json\/wp\/v2\/media?parent=14677"}],"curies":[{"name":"wp","href":"https:\/\/api.w.org\/{rel}","templated":true}]}}