{"id":14679,"date":"2025-12-02T11:58:40","date_gmt":"2025-12-02T16:58:40","guid":{"rendered":"https:\/\/www.myphillylawyer.com\/?page_id=14679"},"modified":"2025-12-02T12:56:18","modified_gmt":"2025-12-02T17:56:18","slug":"uso-indebido-de-oxitocina-y-resultados-del-parto","status":"publish","type":"page","link":"https:\/\/www.myphillylawyer.com\/es\/areas-de-practica\/lesiones-de-nacimiento\/uso-indebido-de-oxitocina-y-resultados-del-parto\/","title":{"rendered":"Abuso de la pitocina\/oxitocina y resultados del parto"},"content":{"rendered":"<h1 class=\"wp-block-heading\" id=\"pitocin-oxytocin-misuse-and-birth-outcomes\">Abuso de la pitocina\/oxitocina y resultados del parto<\/h1>\n\n\n\n<p>La pitocina y la oxitocina son herramientas poderosas durante el trabajo de parto y el parto. Los m\u00e9dicos utilizan estos medicamentos para iniciar o acelerar el trabajo de parto. Cuando se utilizan correctamente, ayudan a las madres y a los beb\u00e9s a mantenerse seguros durante el parto. Sin embargo, si se utilizan de forma incorrecta, las consecuencias pueden ser graves. Los errores pueden provocar lesiones durante el parto, lo que pone en riesgo tanto a la madre como al ni\u00f1o.<\/p>\n\n\n\n<p>La oxitocina es una hormona natural, pero la pitocina es la versi\u00f3n sint\u00e9tica que utilizan los m\u00e9dicos en los hospitales. Cuando se administran en dosis elevadas o sin una estrecha supervisi\u00f3n, estos medicamentos pueden estimular en exceso el \u00fatero. Esto puede provocar contracciones demasiado fuertes o demasiado r\u00e1pidas. Estas condiciones ponen al beb\u00e9 en riesgo de sufrir falta de ox\u00edgeno. Y cuando un beb\u00e9 no recibe suficiente ox\u00edgeno, pueden surgir graves problemas de salud.<\/p>\n\n\n\n<p>Las familias que se enfrentan a lesiones durante el parto a menudo se sienten confundidas y abrumadas. No es f\u00e1cil determinar si los errores m\u00e9dicos tuvieron algo que ver. Por eso puede ser \u00fatil hablar con un abogado especializado en lesiones durante el parto de Philadelphia. Los profesionales del derecho pueden investigar lo que ocurri\u00f3 y explicarle sus opciones. Si un m\u00e9dico utiliz\u00f3 incorrectamente Pitocin u oxitocina, es posible que tenga derecho a una indemnizaci\u00f3n.<\/p>\n\n\n\n<div class=\"wp-block-rank-math-toc-block\" id=\"rank-math-toc\"><h2>\u00cdndice<\/h2><nav><ul><li><a href=\"#pitocin-oxytocin-misuse-and-birth-outcomes\">Abuso de la pitocina\/oxitocina y resultados del parto<\/a><ul><li><a href=\"#common-risks-linked-to-pitocin-oxytocin-misuse\">Riesgos comunes relacionados con el uso indebido de Pitocin\/Oxitocina<\/a><\/li><li><a href=\"#signs-that-pitocin-or-oxytocin-may-have-been-misused\">Se\u00f1ales de que se ha hecho un uso indebido de Pitocin u Oxitocina<\/a><\/li><li><a href=\"#how-a-birth-injury-lawyer-can-help-families-in-philadelphia\">C\u00f3mo un abogado especializado en lesiones durante el parto puede ayudar a las familias en Philadelphia<\/a><\/li><li><a href=\"#preventing-pitocin-and-oxytocin-misuse-what-should-hospitals-do\">Prevenci\u00f3n del uso indebido de Pitocin y Oxitocina: \u00bfqu\u00e9 deben hacer los hospitales?<\/a><\/li><li><a href=\"#fa-qs-about-pitocin-oxytocin-misuse-and-birth-injury-in-philadelphia\">Preguntas frecuentes sobre el uso indebido de Pitocin\/Oxitocina y las lesiones durante el parto en Philadelphia<\/a><\/li><li><a href=\"#other-resources-about-causes-risk-factors-for-birth-injuries\">Otros recursos sobre las causas y los factores de riesgo de las lesiones durante el parto<\/a><\/li><\/ul><\/li><\/ul><\/nav><\/div>\n\n\n\n<h2 class=\"wp-block-heading\" id=\"common-risks-linked-to-pitocin-oxytocin-misuse\">Riesgos comunes relacionados con el uso indebido de Pitocin\/Oxitocina<\/h2>\n\n\n\n<p>El uso indebido de Pitocin u oxitocina no solo provoca contracciones inc\u00f3modas. Los riesgos son mucho m\u00e1s graves. Los hospitales solo deben utilizar estos medicamentos cuando sea m\u00e9dicamente necesario y bajo estrecha supervisi\u00f3n. A veces, los proveedores no siguen las pautas de seguridad. Cuando eso ocurre, tanto los beb\u00e9s como las madres se enfrentan a peligros adicionales.<\/p>\n\n\n\n<p>En el caso de los beb\u00e9s, la principal preocupaci\u00f3n es la reducci\u00f3n del ox\u00edgeno. Las contracciones fuertes y r\u00e1pidas pueden comprimir el cord\u00f3n umbilical o limitar el flujo sangu\u00edneo. Esto provoca sufrimiento fetal, lesiones cerebrales o incluso par\u00e1lisis cerebral. En algunos casos, los beb\u00e9s pueden sufrir distocia de hombros, fracturas \u00f3seas o convulsiones. Estas consecuencias pueden tener efectos de por vida, lo que requiere cuidados y apoyo continuos.<\/p>\n\n\n\n<p>Las madres tambi\u00e9n corren riesgo. El uso excesivo de estos medicamentos puede provocar rotura uterina, hemorragias graves o infecciones. Algunas mujeres pueden necesitar una ces\u00e1rea de emergencia o incluso una histerectom\u00eda. El impacto emocional puede ser tan grande como las lesiones f\u00edsicas.<\/p>\n\n\n\n<p>Si usted o su hijo sufrieron da\u00f1os durante el parto y sospecha que se ha producido un uso indebido de medicamentos, no espere m\u00e1s y p\u00f3ngase en contacto con un&nbsp;<a href=\"https:\/\/www.myphillylawyer.com\/es\/\" target=\"_blank\" rel=\"noreferrer noopener\">Philadelphia abogado de lesiones personales<\/a>. Un abogado con experiencia sabe c\u00f3mo revisar los expedientes m\u00e9dicos y detectar indicios de negligencia. Este apoyo puede marcar una gran diferencia a la hora de buscar justicia para su familia.<\/p>\n\n\n\n<h2 class=\"wp-block-heading\" id=\"signs-that-pitocin-or-oxytocin-may-have-been-misused\">Se\u00f1ales de que se ha hecho un uso indebido de Pitocin u Oxitocina<\/h2>\n\n\n\n<p>No todas las complicaciones durante el parto indican un uso incorrecto de estos medicamentos, pero hay se\u00f1ales de alerta que las familias pueden observar. Si experiment\u00f3 contracciones extremadamente dolorosas e incesantes, eso es una se\u00f1al de alerta. Los profesionales de la salud siempre deben ajustar la dosis o suspender la medicaci\u00f3n si las contracciones se vuelven demasiado frecuentes o intensas.<\/p>\n\n\n\n<p>Otra se\u00f1al de alerta es si su beb\u00e9 mostr\u00f3 signos de sufrimiento en el monitor. Esto podr\u00eda incluir un latido card\u00edaco lento o irregular durante el parto. Si los m\u00e9dicos no respondieron o retrasaron la ces\u00e1rea a pesar de que el beb\u00e9 estaba en peligro, eso podr\u00eda ser evidencia de negligencia.<\/p>\n\n\n\n<p>Lesiones inexplicables despu\u00e9s del parto, como un beb\u00e9 que necesita asistencia respiratoria de emergencia, convulsiones o un diagn\u00f3stico de&nbsp;<a href=\"https:\/\/www.myphillylawyer.com\/es\/areas-de-practica\/lesiones-de-nacimiento\/paralisis-cerebral\/\" target=\"_blank\" rel=\"noreferrer noopener\">par\u00e1lisis cerebral<\/a>, tambi\u00e9n puede indicar problemas durante el parto. Lo mismo ocurre si la madre sufre una hemorragia grave o una ruptura uterina. Estos no son resultados \u201cnormales\u201d y merecen una atenci\u00f3n especial.<\/p>\n\n\n\n<p>Es importante recordar que no es necesario tener todas las respuestas. A&nbsp;<a href=\"https:\/\/www.myphillylawyer.com\/es\/areas-de-practica\/lesiones-de-nacimiento\/\" target=\"_blank\" rel=\"noreferrer noopener\">Philly abogado de lesiones de nacimiento<\/a>&nbsp;puede solicitar sus registros y trabajar con expertos m\u00e9dicos para averiguar qu\u00e9 sucedi\u00f3. Si se sospecha un uso indebido de Pitocin u oxitocina, puede solicitar una indemnizaci\u00f3n por los gastos m\u00e9dicos, la atenci\u00f3n continua y otros conceptos.<\/p>\n\n\n\n<h2 class=\"wp-block-heading\" id=\"how-a-birth-injury-lawyer-can-help-families-in-philadelphia\">C\u00f3mo un abogado especializado en lesiones durante el parto puede ayudar a las familias en Philadelphia<\/h2>\n\n\n\n<p>Cuando las familias se enfrentan a las consecuencias de una lesi\u00f3n durante el parto, es f\u00e1cil sentirse perdido. Las facturas m\u00e9dicas se acumulan y la incertidumbre sobre el futuro de su hijo puede resultar abrumadora. Aqu\u00ed es donde un&nbsp;<a href=\"https:\/\/www.myphillylawyer.com\/es\/areas-de-practica\/lesiones-de-nacimiento\/\" target=\"_blank\" rel=\"noreferrer noopener\">abogado de lesiones de nacimiento<\/a>&nbsp;se convierte en un aliado importante.<\/p>\n\n\n\n<p>Un abogado comienza por recopilar y revisar sus registros m\u00e9dicos. Busca indicios de que no se siguieron los protocolos adecuados. Esto puede incluir no monitorear las contracciones, ignorar las se\u00f1ales de alerta o no responder r\u00e1pidamente al sufrimiento fetal. Los abogados trabajan con profesionales m\u00e9dicos de confianza que pueden explicar lo que deber\u00eda haber ocurrido.<\/p>\n\n\n\n<p>Si hay pruebas de negligencia, su abogado puede presentar una demanda en su nombre. Este proceso legal responsabiliza a los hospitales, m\u00e9dicos o enfermeras cuando sus errores causan da\u00f1os. La indemnizaci\u00f3n obtenida en un caso exitoso puede cubrir terapias, equipo m\u00e9dico y los costos de la educaci\u00f3n o atenci\u00f3n especializada que su hijo pueda necesitar.<\/p>\n\n\n\n<p>No tiene por qu\u00e9 pasar por esta dura experiencia solo. Los profesionales del \u00e1mbito jur\u00eddico conocen los hospitales locales, comprenden las leyes de negligencia m\u00e9dica de Pensilvania y pueden brindarle apoyo personal durante estos momentos dif\u00edciles. Si tiene alguna pregunta o cree que puede tener un caso, comun\u00edquese hoy mismo con MyPhillyLawyer.<\/p>\n\n\n\n<h2 class=\"wp-block-heading\" id=\"preventing-pitocin-and-oxytocin-misuse-what-should-hospitals-do\">Prevenci\u00f3n del uso indebido de Pitocin y Oxitocina: \u00bfqu\u00e9 deben hacer los hospitales?<\/h2>\n\n\n\n<p>Los hospitales y los m\u00e9dicos tienen el deber de velar por la seguridad de las madres y los beb\u00e9s. Esto significa sopesar cuidadosamente los riesgos y beneficios antes de utilizar Pitocin u oxitocina. Las directrices m\u00e9dicas son claras: estos medicamentos solo deben utilizarse cuando sea m\u00e9dicamente necesario y bajo estrecha supervisi\u00f3n.<\/p>\n\n\n\n<p>Las enfermeras y los m\u00e9dicos deben vigilar las contracciones de la madre y la frecuencia card\u00edaca del beb\u00e9, y ajustar la medicaci\u00f3n seg\u00fan sea necesario. Si las contracciones se vuelven demasiado fuertes o demasiado frecuentes, se debe reducir o suspender la medicaci\u00f3n. Siempre debe haber equipo de emergencia y personal capacitado listos en caso de que surjan complicaciones.<\/p>\n\n\n\n<p>Los hospitales tambi\u00e9n deben informar al personal y a los pacientes sobre los riesgos. El consentimiento informado es fundamental. Cuando las familias saben qu\u00e9 esperar, pueden hacer preguntas y tomar decisiones informadas durante el parto. Si un proveedor no explica los riesgos o ignora los protocolos de seguridad, esto puede ser un indicio de negligencia.<\/p>\n\n\n\n<p>Las familias tienen derecho a recibir una atenci\u00f3n segura y respetuosa durante el parto. Si cree que el personal del hospital no ha cumplido con estas normas, un abogado especializado en lesiones durante el parto puede ayudarle a investigar lo sucedido y a exigir responsabilidades a las partes implicadas.<\/p>\n\n\n\n<h2 class=\"wp-block-heading\" id=\"fa-qs-about-pitocin-oxytocin-misuse-and-birth-injury-in-philadelphia\">Preguntas frecuentes sobre el uso indebido de Pitocin\/Oxitocina y las lesiones durante el parto en Philadelphia<\/h2>\n\n\n\n<p><strong>\u00bfCu\u00e1les son las lesiones comunes en el parto relacionadas con el uso indebido de Pitocin u oxitocina?<\/strong><\/p>\n\n\n\n<p>El uso indebido de Pitocin y oxitocina puede causar varios tipos de lesiones durante el parto. Las m\u00e1s comunes son las lesiones por falta de ox\u00edgeno, incluyendo da\u00f1o cerebral y par\u00e1lisis cerebral. Los beb\u00e9s tambi\u00e9n pueden sufrir distocia de hombros, fracturas \u00f3seas o convulsiones. Para las madres, los riesgos incluyen hemorragias graves, rotura uterina e infecciones.<\/p>\n\n\n\n<p><strong>\u00bfC\u00f3mo puedo saber si la lesi\u00f3n de mi beb\u00e9 fue causada por el uso indebido de medicamentos durante el parto?<\/strong><\/p>\n\n\n\n<p>Si experiment\u00f3 contracciones extremadamente r\u00e1pidas o intensas, o si el beb\u00e9 mostr\u00f3 signos de sufrimiento en el monitor card\u00edaco, es posible que se haya producido un uso indebido de medicamentos. Los signos despu\u00e9s del nacimiento, como la necesidad de asistencia respiratoria de emergencia, convulsiones o un diagn\u00f3stico de par\u00e1lisis cerebral, pueden indicar un problema durante el parto. Un abogado especializado en lesiones durante el parto puede revisar sus registros y ayudarle a encontrar respuestas.<\/p>\n\n\n\n<p><strong>\u00bfExiste un plazo l\u00edmite para presentar una demanda por lesiones durante el parto en Pensilvania?<\/strong><\/p>\n\n\n\n<p>S\u00ed. En Pensilvania, el plazo de prescripci\u00f3n para la mayor\u00eda de las demandas por negligencia m\u00e9dica o lesiones durante el parto es de dos a\u00f1os a partir de la fecha en que se tuvo conocimiento de la lesi\u00f3n. Sin embargo, se aplican normas especiales para los ni\u00f1os, que les conceden m\u00e1s tiempo. Lo mejor es hablar con un abogado lo antes posible para proteger sus derechos.<\/p>\n\n\n\n<p><strong>\u00bfQu\u00e9 compensaci\u00f3n puede recibir mi familia si se gana una demanda por lesiones durante el parto?<\/strong><\/p>\n\n\n\n<p>La indemnizaci\u00f3n puede incluir el pago de facturas m\u00e9dicas pasadas y futuras, terapia, equipo, ingresos perdidos, dolor y sufrimiento y, en casos graves, los costos de cuidados de por vida. Cada caso es \u00fanico, por lo que un&nbsp;<a href=\"https:\/\/www.myphillylawyer.com\/es\/areas-de-practica\/lesiones-de-nacimiento\/\" target=\"_blank\" rel=\"noreferrer noopener\">abogado de lesiones de nacimiento<\/a>&nbsp;le ayudar\u00e1 a comprender qu\u00e9 da\u00f1os se aplican a su situaci\u00f3n y luchar\u00e1 por obtener la cantidad total que le corresponde.<\/p>\n\n\n\n<h2 class=\"wp-block-heading\" id=\"other-resources-about-causes-risk-factors-for-birth-injuries\">Otros recursos sobre las causas y los factores de riesgo de las lesiones durante el parto<\/h2>\n\n\n\n<ul class=\"wp-block-list\">\n<li><a href=\"https:\/\/www.myphillylawyer.com\/es\/areas-de-practica\/lesiones-de-nacimiento\/negligencia-por-no-monitorear-la-frecuencia-cardiaca-fetal\/\">Negligencia por no vigilar la frecuencia cardiaca fetal<\/a><\/li>\n\n\n\n<li><a href=\"https:\/\/www.myphillylawyer.com\/es\/areas-de-practica\/lesiones-de-nacimiento\/falta-de-diagnostico-de-infecciones-maternas\/\">Falta de diagn\u00f3stico de las infecciones maternas<\/a><\/li>\n\n\n\n<li><a href=\"https:\/\/www.myphillylawyer.com\/es\/areas-de-practica\/lesiones-de-nacimiento\/parto-prematuro-y-negligencia-neonatal\/\">Nacimiento prematuro y negligencia neonatal<\/a><\/li>\n\n\n\n<li><a href=\"https:\/\/www.myphillylawyer.com\/es\/areas-de-practica\/lesiones-de-nacimiento\/uso-inadecuado-de-forceps-o-extractor-de-vacio\/\">Uso incorrecto de las pinzas o del aspirador<\/a><\/li>\n\n\n\n<li><a href=\"https:\/\/www.myphillylawyer.com\/es\/areas-de-practica\/lesiones-de-nacimiento\/riesgos-de-lesiones-por-parto-por-cesarea-tardia\/\">Ces\u00e1rea diferida y riesgos de lesiones en el parto<\/a><\/li>\n\n\n\n<li><a href=\"https:\/\/www.myphillylawyer.com\/es\/areas-de-practica\/lesiones-de-nacimiento\/complicaciones-del-cordon-umbilical-y-derechos-legales\/\">Complicaciones del cord\u00f3n umbilical y derechos legales<\/a><\/li>\n\n\n\n<li><a href=\"https:\/\/www.myphillylawyer.com\/es\/areas-de-practica\/lesiones-de-nacimiento\/demandas-por-negligencia-medica-por-desprendimiento-de-placenta-o-placenta-previa\/\">Demandas por negligencia en desprendimiento de placenta o previa<\/a><\/li>\n\n\n\n<li><a href=\"https:\/\/www.myphillylawyer.com\/es\/areas-de-practica\/lesiones-de-nacimiento\/responsabilidad-por-lesiones-durante-el-parto-relacionadas-con-la-diabetes-gestacional\/\">Diabetes gestacional y responsabilidad por lesiones en el parto<\/a><\/li>\n\n\n\n<li><strong>Abuso de la pitocina\/oxitocina y resultados del parto<\/strong><\/li>\n\n\n\n<li><a href=\"https:\/\/www.myphillylawyer.com\/es\/areas-de-practica\/lesiones-de-nacimiento\/negligencia-medica-que-provoca-lesiones-durante-el-parto\/\">Negligencias m\u00e9dicas que provocan lesiones al nacer<\/a><\/li>\n<\/ul>","protected":false},"excerpt":{"rendered":"<p>Uso indebido de Pitocin\/Oxitocina y resultados del parto Pitocin y oxitocina son herramientas poderosas durante el trabajo de parto y el parto. Los m\u00e9dicos utilizan estos medicamentos para iniciar o acelerar el trabajo de parto. Cuando se utilizan correctamente, ayudan a las madres y a los beb\u00e9s a mantenerse seguros durante el parto. Pero si se utilizan de forma indebida, las consecuencias pueden ser graves. Los errores pueden provocar lesiones durante el parto, lo que pone...<\/p>","protected":false},"author":14,"featured_media":0,"parent":27,"menu_order":0,"comment_status":"closed","ping_status":"closed","template":"","meta":{"_acf_changed":false,"footnotes":""},"class_list":["post-14679","page","type-page","status-publish","hentry"],"acf":[],"jetpack_sharing_enabled":true,"_links":{"self":[{"href":"https:\/\/www.myphillylawyer.com\/es\/wp-json\/wp\/v2\/pages\/14679","targetHints":{"allow":["GET"]}}],"collection":[{"href":"https:\/\/www.myphillylawyer.com\/es\/wp-json\/wp\/v2\/pages"}],"about":[{"href":"https:\/\/www.myphillylawyer.com\/es\/wp-json\/wp\/v2\/types\/page"}],"author":[{"embeddable":true,"href":"https:\/\/www.myphillylawyer.com\/es\/wp-json\/wp\/v2\/users\/14"}],"replies":[{"embeddable":true,"href":"https:\/\/www.myphillylawyer.com\/es\/wp-json\/wp\/v2\/comments?post=14679"}],"version-history":[{"count":3,"href":"https:\/\/www.myphillylawyer.com\/es\/wp-json\/wp\/v2\/pages\/14679\/revisions"}],"predecessor-version":[{"id":14719,"href":"https:\/\/www.myphillylawyer.com\/es\/wp-json\/wp\/v2\/pages\/14679\/revisions\/14719"}],"up":[{"embeddable":true,"href":"https:\/\/www.myphillylawyer.com\/es\/wp-json\/wp\/v2\/pages\/27"}],"wp:attachment":[{"href":"https:\/\/www.myphillylawyer.com\/es\/wp-json\/wp\/v2\/media?parent=14679"}],"curies":[{"name":"wp","href":"https:\/\/api.w.org\/{rel}","templated":true}]}}