{"id":14727,"date":"2025-12-02T13:16:17","date_gmt":"2025-12-02T18:16:17","guid":{"rendered":"https:\/\/www.myphillylawyer.com\/?page_id=14727"},"modified":"2025-12-02T13:53:20","modified_gmt":"2025-12-02T18:53:20","slug":"que-esperar-en-un-caso-de-lesiones-durante-el-parto-cronologia","status":"publish","type":"page","link":"https:\/\/www.myphillylawyer.com\/es\/areas-de-practica\/lesiones-de-nacimiento\/que-esperar-en-un-caso-de-lesiones-durante-el-parto-cronologia\/","title":{"rendered":"Cronolog\u00eda de un caso de lesiones en el parto"},"content":{"rendered":"<h1 class=\"wp-block-heading\" id=\"what-to-expect-in-a-birth-injury-case-timeline\">Cronolog\u00eda de un caso de lesiones en el parto<\/h1>\n\n\n\n<p>Cuando su hijo sufre una lesi\u00f3n durante el parto en Philadelphia, los meses siguientes pueden resultar abrumadores. Es posible que se pregunte qu\u00e9 suceder\u00e1 despu\u00e9s, cu\u00e1les son sus derechos y cu\u00e1nto tiempo puede tardar su caso. Trabajar con un abogado con experiencia en lesiones durante el parto puede ayudarle a guiarle a trav\u00e9s de cada etapa. Analicemos los pasos t\u00edpicos en un caso de lesiones durante el parto, para que sepa qu\u00e9 esperar.<\/p>\n\n\n\n<div class=\"wp-block-rank-math-toc-block\" id=\"rank-math-toc\"><h2>\u00cdndice<\/h2><nav><ul><li><a href=\"#what-to-expect-in-a-birth-injury-case-timeline\">Cronolog\u00eda de un caso de lesiones en el parto<\/a><ul><li><a href=\"#initial-investigation-and-consultation\">Investigaci\u00f3n inicial y consulta<\/a><\/li><li><a href=\"#gathering-medical-records-and-expert-review\">Recopilaci\u00f3n de expedientes m\u00e9dicos y revisi\u00f3n por expertos<\/a><\/li><li><a href=\"#filing-the-lawsuit-and-discovery\">Presentaci\u00f3n de la demanda y descubrimiento de pruebas<\/a><\/li><li><a href=\"#settlement-talks-and-mediation\">Negociaciones para llegar a un acuerdo y mediaci\u00f3n<\/a><\/li><li><a href=\"#trial-and-resolution\">Juicio y resoluci\u00f3n<\/a><\/li><li><a href=\"#fa-qs-about-what-to-expect-in-a-birth-injury-case-timeline\">Preguntas frecuentes sobre qu\u00e9 esperar en un caso de lesiones durante el parto Cronolog\u00eda<\/a><\/li><li><a href=\"#other-resources-about-legal-process-compensation\">Otros recursos sobre proceso judicial e indemnizaci\u00f3n<\/a><\/li><\/ul><\/li><\/ul><\/nav><\/div>\n\n\n\n<h2 class=\"wp-block-heading\" id=\"initial-investigation-and-consultation\">Investigaci\u00f3n inicial y consulta<\/h2>\n\n\n\n<p>El primer paso es reunirse con un abogado calificado en lesiones durante el parto de Philadelphia. En esta consulta, compartir\u00e1 lo que sucedi\u00f3 antes, durante y despu\u00e9s del nacimiento de su hijo. Traiga todos los registros m\u00e9dicos que tenga, incluidos los registros prenatales, las notas del trabajo de parto y el parto, y las historias cl\u00ednicas de su hijo. El abogado revisar\u00e1 su historia y buscar\u00e1 se\u00f1ales de alerta, como atenci\u00f3n retrasada, diagn\u00f3sticos err\u00f3neos o uso inadecuado de los instrumentos de parto.<\/p>\n\n\n\n<p>Esta revisi\u00f3n inicial es crucial. Un abogado con experiencia a menudo consultar\u00e1 con profesionales m\u00e9dicos para ver si pudo haber habido negligencia. Si creen que la lesi\u00f3n de su hijo se pudo haber evitado, le explicar\u00e1n sus opciones legales y c\u00f3mo funciona un caso de lesiones durante el parto. Tambi\u00e9n le hablar\u00e1n sobre los honorarios, los plazos y lo que usted puede hacer para ayudar a que su caso avance.<\/p>\n\n\n\n<p>Es normal tener preguntas en esta etapa. Su abogado debe responderlas todas y hacer que se sienta c\u00f3modo. Recuerde, no solo est\u00e1 contratando a alguien para que presente documentos, sino que est\u00e1 ganando un defensor que comprende lo devastadora que puede ser una lesi\u00f3n de nacimiento.<\/p>\n\n\n\n<h2 class=\"wp-block-heading\" id=\"gathering-medical-records-and-expert-review\">Recopilaci\u00f3n de expedientes m\u00e9dicos y revisi\u00f3n por expertos<\/h2>\n\n\n\n<p>Una vez que aceptes seguir adelante, tu abogado especializado en lesiones durante el parto recopilar\u00e1 todos los registros m\u00e9dicos pertinentes. Esto puede llevar tiempo, ya que los hospitales y cl\u00ednicas deben procesar las solicitudes y, en ocasiones, requieren una autorizaci\u00f3n por escrito. Tu equipo legal tambi\u00e9n consultar\u00e1 con expertos m\u00e9dicos independientes, incluidos m\u00e9dicos, enfermeros o especialistas en campos como la neonatolog\u00eda o la obstetricia.<\/p>\n\n\n\n<p>Estos expertos revisan los detalles de su parto y la atenci\u00f3n que recibi\u00f3 su reci\u00e9n nacido. Comparan esas acciones con el est\u00e1ndar de atenci\u00f3n en Philadelphia. \u00bfActu\u00f3 el equipo de atenci\u00f3n como lo har\u00eda cualquier proveedor razonable? \u00bfIgnoraron las se\u00f1ales de alerta o cometieron errores evitables? Los expertos son fundamentales para construir un caso s\u00f3lido, ya que su testimonio a menudo decide si se puede demostrar la negligencia.<\/p>\n\n\n\n<p>Este paso puede tardar varios meses. Es importante no apresurarse, ya que una revisi\u00f3n exhaustiva ayuda a que su caso tenga \u00e9xito. Durante este periodo, su abogado le mantendr\u00e1 informado y es posible que le pida m\u00e1s detalles o documentos seg\u00fan sea necesario.<\/p>\n\n\n\n<h2 class=\"wp-block-heading\" id=\"filing-the-lawsuit-and-discovery\">Presentaci\u00f3n de la demanda y descubrimiento de pruebas<\/h2>\n\n\n\n<p>Una vez que se hayan reunido suficientes pruebas y los expertos respalden su reclamaci\u00f3n, su abogado presentar\u00e1 una demanda en su nombre. Se trata de un documento formal que se presenta ante el tribunal y se notifica al hospital o al proveedor de servicios m\u00e9dicos demandado.<\/p>\n\n\n\n<p>Despu\u00e9s de presentar la demanda, el caso entra en un proceso llamado descubrimiento. Ambas partes intercambian informaci\u00f3n, como listas de testigos, informes de expertos y declaraciones. Es posible que usted y su familia tengan que responder preguntas sobre la lesi\u00f3n de su hijo, las necesidades de atenci\u00f3n continua y c\u00f3mo la lesi\u00f3n ha afectado sus vidas.<\/p>\n\n\n\n<p>Durante la fase de presentaci\u00f3n de pruebas, su abogado especializado en lesiones durante el parto tambi\u00e9n puede tomar declaraci\u00f3n a los m\u00e9dicos, enfermeras u otro personal involucrado en su parto. Esta fase es muy detallada y puede durar desde varios meses hasta m\u00e1s de un a\u00f1o. El objetivo es que ambas partes comprendan la solidez de los argumentos de la otra y fomenten discusiones honestas sobre el acuerdo.<\/p>\n\n\n\n<h2 class=\"wp-block-heading\" id=\"settlement-talks-and-mediation\">Negociaciones para llegar a un acuerdo y mediaci\u00f3n<\/h2>\n\n\n\n<p>Muchos casos de lesiones durante el parto se resuelven fuera de los tribunales. Las negociaciones para llegar a un acuerdo pueden comenzar en cualquier momento, pero suelen tener lugar despu\u00e9s de la fase de presentaci\u00f3n de pruebas, cuando ambas partes tienen una idea clara de los hechos. Su abogado negociar\u00e1 con la otra parte para garantizar la indemnizaci\u00f3n por los gastos m\u00e9dicos de su hijo, la atenci\u00f3n continua, el dolor y el sufrimiento, y otros da\u00f1os y perjuicios.<\/p>\n\n\n\n<p>La mediaci\u00f3n es un paso habitual en el proceso de resoluci\u00f3n. En la mediaci\u00f3n, un tercero neutral ayuda a ambas partes a dialogar sobre sus diferencias y a buscar puntos en com\u00fan. A veces, la mediaci\u00f3n conduce a una oferta justa; otras veces, no.<\/p>\n\n\n\n<p>Su abogado siempre le asesorar\u00e1 sobre si una oferta de acuerdo es justa y adecuada para las necesidades presentes y futuras de su hijo. Sin embargo, la decisi\u00f3n final es suya. Nunca se le obligar\u00e1 a aceptar una oferta que no considere adecuada.<\/p>\n\n\n\n<h2 class=\"wp-block-heading\" id=\"trial-and-resolution\">Juicio y resoluci\u00f3n<\/h2>\n\n\n\n<p>Si las partes no llegan a un acuerdo, el caso se lleva a juicio. Los juicios por lesiones durante el parto en Philadelphia pueden durar varios d\u00edas o semanas, dependiendo de la complejidad del caso. Ambas partes presentan sus pruebas, testimonios de expertos y argumentos. Un juez o un jurado decide si el proveedor de servicios m\u00e9dicos fue negligente y, en caso afirmativo, cu\u00e1nto dinero se debe indemnizar.<\/p>\n\n\n\n<p>Los juicios pueden ser emocionalmente agotadores, pero su&nbsp;<a href=\"https:\/\/www.myphillylawyer.com\/es\/areas-de-practica\/lesiones-de-nacimiento\/\" target=\"_blank\" rel=\"noreferrer noopener\">abogado de lesiones de nacimiento<\/a>&nbsp;estar\u00e1 a su lado en cada paso del camino. Le preparar\u00e1n para lo que puede esperar, se encargar\u00e1n de los contrainterrogatorios y luchar\u00e1n por los intereses de su hijo.<\/p>\n\n\n\n<p>Si gana el juicio, el tribunal decidir\u00e1 la indemnizaci\u00f3n por da\u00f1os y perjuicios. Si alguna de las partes no est\u00e1 de acuerdo con el resultado, puede apelar, lo que puede prolongar a\u00fan m\u00e1s el proceso. Sin embargo, muchos casos se resuelven antes de llegar a este punto. Durante todo el proceso, la funci\u00f3n de su abogado es mantenerlo informado, preparado y apoyarlo.<\/p>\n\n\n\n<h2 class=\"wp-block-heading\" id=\"fa-qs-about-what-to-expect-in-a-birth-injury-case-timeline\">Preguntas frecuentes sobre qu\u00e9 esperar en un caso de lesiones durante el parto Cronolog\u00eda<\/h2>\n\n\n\n<p><strong>\u00bfCu\u00e1nto tiempo suele durar un caso de lesiones durante el parto en Philadelphia?<\/strong><\/p>\n\n\n\n<p>Un caso de lesiones durante el parto puede durar desde varios meses hasta algunos a\u00f1os. Recopilar los registros m\u00e9dicos, las opiniones de los expertos y el proceso de descubrimiento lleva tiempo. La mayor\u00eda de los casos se resuelven antes del juicio, pero si un caso llega a los tribunales, el plazo puede prolongarse. Su&nbsp;<a href=\"https:\/\/www.myphillylawyer.com\/es\/areas-de-practica\/lesiones-de-nacimiento\/\" target=\"_blank\" rel=\"noreferrer noopener\">Philly abogado de lesiones de nacimiento<\/a>&nbsp;Le mantendremos informado en cada etapa.<\/p>\n\n\n\n<p><strong>\u00bfQu\u00e9 indemnizaci\u00f3n puedo esperar en una demanda por lesiones durante el parto?<\/strong><\/p>\n\n\n\n<p>La indemnizaci\u00f3n en un caso de lesiones durante el parto puede cubrir los gastos m\u00e9dicos actuales y futuros, la terapia, el equipo de adaptaci\u00f3n, la p\u00e9rdida de capacidad de ingresos, el dolor y el sufrimiento, entre otros. Si su hijo padece una afecci\u00f3n como par\u00e1lisis cerebral, un&nbsp;<a href=\"https:\/\/www.myphillylawyer.com\/es\/areas-de-practica\/lesiones-de-nacimiento\/paralisis-cerebral\/\" target=\"_blank\" rel=\"noreferrer noopener\">abogado par\u00e1lisis cerebral<\/a>&nbsp;puede ayudar a estimar el alcance total de las necesidades.<\/p>\n\n\n\n<p><strong>\u00bfTendr\u00e9 que ir a juicio si presento una demanda por lesiones durante el parto?<\/strong><\/p>\n\n\n\n<p>No todos los casos llegan a juicio. Muchos se resuelven mediante negociaciones para llegar a un acuerdo o mediaci\u00f3n. Su&nbsp;<a href=\"https:\/\/www.myphillylawyer.com\/es\/areas-de-practica\/lesiones-de-nacimiento\/\" target=\"_blank\" rel=\"noreferrer noopener\">Philadelphia abogado de lesiones de nacimiento<\/a>&nbsp;trabajar\u00e1 para alcanzar un resultado justo sin necesidad de ir a juicio, pero estar\u00e1 dispuesto a litigar en los tribunales si fuera necesario.<\/p>\n\n\n\n<p><strong>\u00bfC\u00f3mo elijo al abogado adecuado para el caso de lesiones durante el parto de mi hijo?<\/strong><\/p>\n\n\n\n<p>Elija un&nbsp;<a href=\"https:\/\/www.myphillylawyer.com\/es\/\" target=\"_blank\" rel=\"noreferrer noopener\">Philadelphia abogado de lesiones personales<\/a>&nbsp;con experiencia en casos de lesiones durante el parto. Pregunte por su trayectoria, su enfoque a la hora de trabajar con las familias y c\u00f3mo le mantendr\u00e1n informado. Un buen abogado ofrece compasi\u00f3n, una comunicaci\u00f3n clara y un firme compromiso con la defensa de los derechos de su hijo.<\/p>\n\n\n\n<h2 class=\"wp-block-heading\" id=\"other-resources-about-legal-process-compensation\">Otros recursos sobre proceso judicial e indemnizaci\u00f3n<\/h2>\n\n\n\n<ul class=\"wp-block-list\">\n<li><a href=\"https:\/\/www.myphillylawyer.com\/es\/areas-de-practica\/lesiones-de-nacimiento\/apelacion-de-un-veredicto-o-acuerdo-por-lesiones-en-el-parto\/\">Apelaci\u00f3n de un veredicto o acuerdo por lesiones de nacimiento<\/a><\/li>\n\n\n\n<li><a href=\"https:\/\/www.myphillylawyer.com\/es\/areas-de-practica\/lesiones-de-nacimiento\/derechos-familiares-tras-una-lesion-durante-el-parto\/\">Derechos de la familia tras una lesi\u00f3n de nacimiento<\/a><\/li>\n\n\n\n<li><a href=\"https:\/\/www.myphillylawyer.com\/es\/areas-de-practica\/lesiones-de-nacimiento\/que-pruebas-se-necesitan-para-presentar-una-demanda-por-lesiones-durante-el-parto\/\">\u00bfQu\u00e9 pruebas se necesitan para una demanda por lesiones de nacimiento?<\/a><\/li>\n\n\n\n<li><a href=\"https:\/\/www.myphillylawyer.com\/es\/areas-de-practica\/lesiones-de-nacimiento\/comprender-el-seguro-de-responsabilidad-civil-profesional-medica\/\">Entender el seguro de negligencia m\u00e9dica<\/a><\/li>\n\n\n\n<li><a href=\"https:\/\/www.myphillylawyer.com\/es\/areas-de-practica\/lesiones-de-nacimiento\/testigos-expertos-en-litigios-por-lesiones-durante-el-parto\/\">Peritos en litigios por lesiones en el parto<\/a><\/li>\n\n\n\n<li><a href=\"https:\/\/www.myphillylawyer.com\/es\/areas-de-practica\/lesiones-de-nacimiento\/veredictos-del-jurado-de-filadelfia-y-acuerdos-en-casos-de-lesiones-durante-el-parto\/\">Philadelphia Veredictos y acuerdos del jurado en casos de lesiones al nacer<\/a><\/li>\n\n\n\n<li><a href=\"https:\/\/www.myphillylawyer.com\/es\/areas-de-practica\/lesiones-de-nacimiento\/estatuto-de-limitaciones-para-lesiones-durante-el-parto-en-pensilvania\/\">Estatuto de Limitaciones para Lesiones de Nacimiento en PA<\/a><\/li>\n\n\n\n<li><a href=\"https:\/\/www.myphillylawyer.com\/es\/areas-de-practica\/lesiones-de-nacimiento\/como-se-calcula-la-indemnizacion-por-lesiones-durante-el-parto\/\">C\u00f3mo se calcula la indemnizaci\u00f3n por lesiones al nacer<\/a><\/li>\n\n\n\n<li><strong>Cronolog\u00eda de un caso de lesiones en el parto<\/strong><\/li>\n\n\n\n<li><a href=\"https:\/\/www.myphillylawyer.com\/es\/areas-de-practica\/lesiones-de-nacimiento\/presentar-una-demanda-por-lesiones-durante-el-parto-en-filadelfia\/\">Presentar una demanda por lesiones de nacimiento en Philadelphia<\/a><\/li>\n<\/ul>","protected":false},"excerpt":{"rendered":"<p>Qu\u00e9 esperar en un caso de lesiones durante el parto: cronolog\u00eda Cuando su hijo sufre una lesi\u00f3n durante el parto en Philadelphia, los meses siguientes pueden resultar abrumadores. Es posible que se pregunte qu\u00e9 suceder\u00e1 a continuaci\u00f3n, cu\u00e1les son sus derechos y cu\u00e1nto tiempo puede durar su caso. Trabajar con un abogado con experiencia en lesiones durante el parto puede ayudarle a orientarse en cada...<\/p>","protected":false},"author":14,"featured_media":0,"parent":27,"menu_order":0,"comment_status":"closed","ping_status":"closed","template":"","meta":{"_acf_changed":false,"footnotes":""},"class_list":["post-14727","page","type-page","status-publish","hentry"],"acf":[],"jetpack_sharing_enabled":true,"_links":{"self":[{"href":"https:\/\/www.myphillylawyer.com\/es\/wp-json\/wp\/v2\/pages\/14727","targetHints":{"allow":["GET"]}}],"collection":[{"href":"https:\/\/www.myphillylawyer.com\/es\/wp-json\/wp\/v2\/pages"}],"about":[{"href":"https:\/\/www.myphillylawyer.com\/es\/wp-json\/wp\/v2\/types\/page"}],"author":[{"embeddable":true,"href":"https:\/\/www.myphillylawyer.com\/es\/wp-json\/wp\/v2\/users\/14"}],"replies":[{"embeddable":true,"href":"https:\/\/www.myphillylawyer.com\/es\/wp-json\/wp\/v2\/comments?post=14727"}],"version-history":[{"count":5,"href":"https:\/\/www.myphillylawyer.com\/es\/wp-json\/wp\/v2\/pages\/14727\/revisions"}],"predecessor-version":[{"id":14789,"href":"https:\/\/www.myphillylawyer.com\/es\/wp-json\/wp\/v2\/pages\/14727\/revisions\/14789"}],"up":[{"embeddable":true,"href":"https:\/\/www.myphillylawyer.com\/es\/wp-json\/wp\/v2\/pages\/27"}],"wp:attachment":[{"href":"https:\/\/www.myphillylawyer.com\/es\/wp-json\/wp\/v2\/media?parent=14727"}],"curies":[{"name":"wp","href":"https:\/\/api.w.org\/{rel}","templated":true}]}}